{"id":18666,"date":"2020-09-19T22:56:02","date_gmt":"2020-09-19T15:56:02","guid":{"rendered":"https:\/\/www.blackturtledive.com\/pottery-pinnacle\/"},"modified":"2026-05-05T21:24:44","modified_gmt":"2026-05-05T14:24:44","slug":"pottery-pinnacle","status":"publish","type":"page","link":"https:\/\/www.blackturtledive.com\/de\/koh-tao-dive-sites\/pottery-pinnacle\/","title":{"rendered":"Pottery Pinnacle"},"content":{"rendered":"<div class=\"wpb-content-wrapper\"><p>[vc_row][vc_column][vc_column_text css=&#8220;&#8220;]Pottery Pinnacle ist eine flache Granitformation direkt vor Jansom Bay und dient als ruhiger, artenreicher Tauchplatz f\u00fcr Nachmittags\u2011Tauchg\u00e4nge und Unterwasserfotografie.<\/p>\n<p>Mit einer Maximaltiefe von 12 Metern ist der Pinnakel mit Seeanemonen bedeckt und bietet gesch\u00fctzte Lebensr\u00e4ume f\u00fcr Skorpionfische, Mur\u00e4nen und verschiedene Nacktschnecken\u2011Arten.<\/p>\n<p>Die N\u00e4he zum Hauptsteg macht ihn zu einem ausgezeichneten Ort f\u00fcr Scuba\u2011Reviews und Nachttauchg\u00e4nge und erm\u00f6glicht einen kompakten Einblick in die Riff\u00f6kologie von Koh Tao in nur einer Sitzung.<\/p>\n<h3><span style=\"color: #28d4ff;\">Erfahren Sie mehr \u00fcber die Tauchpl\u00e4tze Pottery Pinnacle &amp; Three Rocks auf Koh Tao<\/span><\/h3>\n<p>Die Tauchpl\u00e4tze Pottery Pinnacle &amp; Three Rocks auf <a href=\"https:\/\/www.blackturtledive.com\/koh-tao\/\">Koh Tao<\/a> liegen im s\u00fcdlichen Bereich der Mae Haad-Bucht und bieten <a href=\"https:\/\/www.blackturtledive.com\/padi-diving-courses\/\">Tauchern<\/a> vielf\u00e4ltiges <a href=\"https:\/\/www.blackturtledive.com\/koh-tao-marine-life\/\">Meeresleben<\/a> in einer flachen Bucht.<\/p>\n<ul>\n<li>Lage: Mae Haad Bay <em>(500 Meter au\u00dferhalb der Jansom-Bucht, 800 Meter vom Mae Haad-Strand)<\/em><\/li>\n<li>Tiefe: 3\u201312 Meter<\/li>\n<li>Art des Tauchplatzes: Felsenpinnacles<\/li>\n<li>Schwierigkeitsgrad: <a href=\"https:\/\/www.blackturtledive.com\/padi-diving-courses\/open-water-course\/\">Open Water<\/a> diver<\/li>\n<li>Bedingungen: Die Sicht kann schlecht sein<\/li>\n<li>Durchschnittliche Sichtweite: 2-10 Meter<\/li>\n<\/ul>\n<div  data-ep-a=\"fadeIn\"  id=\"_ytid_87851\"  width=\"640\" height=\"360\"  data-origwidth=\"640\" data-origheight=\"360\"  data-relstop=\"1\" data-facadesrc=\"https:\/\/www.youtube.com\/embed\/y6QFnOhiUJs?enablejsapi=1&origin=https:\/\/www.blackturtledive.com&autoplay=0&cc_load_policy=0&cc_lang_pref=&iv_load_policy=1&loop=0&rel=0&fs=1&playsinline=0&autohide=2&theme=dark&color=red&controls=1&disablekb=0&\" class=\"__youtube_prefs__ epyt-facade  no-lazyload\" data-epautoplay=\"1\" ><img decoding=\"async\" data-spai-excluded=\"true\" class=\"epyt-facade-poster skip-lazy\" loading=\"lazy\"  alt=\"Pottery Pinnacle &amp; Three Rocks Dive Sites Koh Tao in Thailand\"  src=\"https:\/\/i.ytimg.com\/vi\/y6QFnOhiUJs\/maxresdefault.jpg\"  \/><button class=\"epyt-facade-play\" aria-label=\"Play\"><svg data-no-lazy=\"1\" height=\"100%\" version=\"1.1\" viewBox=\"0 0 68 48\" width=\"100%\"><path class=\"ytp-large-play-button-bg\" d=\"M66.52,7.74c-0.78-2.93-2.49-5.41-5.42-6.19C55.79,.13,34,0,34,0S12.21,.13,6.9,1.55 C3.97,2.33,2.27,4.81,1.48,7.74C0.06,13.05,0,24,0,24s0.06,10.95,1.48,16.26c0.78,2.93,2.49,5.41,5.42,6.19 C12.21,47.87,34,48,34,48s21.79-0.13,27.1-1.55c2.93-0.78,4.64-3.26,5.42-6.19C67.94,34.95,68,24,68,24S67.94,13.05,66.52,7.74z\" fill=\"#f00\"><\/path><path d=\"M 45,24 27,14 27,34\" fill=\"#fff\"><\/path><\/svg><\/button><\/div><span itemprop=\"video\" itemscope itemtype=\"http:\/\/schema.org\/VideoObject\"><meta itemprop=\"embedUrl\" content=\"https:\/\/www.youtube.com\/embed\/y6QFnOhiUJs\"><meta itemprop=\"name\" content=\"Pottery Pinnacle &amp; Three Rocks Dive Sites Koh Tao in Thailand\"><meta itemprop=\"description\" content=\"Pottery Pinnacle &amp; Three Rocks dive sites on Koh Tao are located on the southern part of Mae Haad bay and provide scuba divers with diverse marine life in a shallow bay. Location: Mae Haad Bay (500 metres outside Jansom bay 800 metres from Mae Haad beach) Depth: 3 \u2013 12 metres Type of site: Rock Pinnacles Level: Open Water diver Conditions: Visibility can be poor Average Visibility: 2-10 metres A relatively small and often overlooked dive site, Pottery Pinnacle is located 200 metres outside Jansom bay and approximately 800 metres from Mae Haad (south) beach. Check out more dive sites: https:\/\/www.blackturtledive.com\/koh-tao-dive-sites\/pottery-pinnacle\/ Footage: \ud83d\ude4f\ud83c\udffb. \ud83c\udfac Wet Lens Images (https:\/\/www.youtube.com\/channel\/UCVB6Hza4P2ct7SgAo7I9n7g)\"><meta itemprop=\"thumbnailUrl\" content=\"https:\/\/i.ytimg.com\/vi\/y6QFnOhiUJs\/0.jpg\"><meta itemprop=\"duration\" content=\"PT58S\"><meta itemprop=\"uploadDate\" content=\"2021-01-28T14:07:52Z\"><\/span>\n<h3>Koh Tao \u2013 Pottery Pinnacle Tauchplatz<\/h3>\n<p>Ein relativ kleiner und oft \u00fcbersehener Tauchplatz, Pottery Pinnacle liegt 200 Meter au\u00dferhalb der Jansom-Bucht und etwa 800 Meter vom Mae Haad (S\u00fcd) Strand entfernt.<\/p>\n<p>Pottery Pinnacle ist bei Nacht Tauchern beliebt wegen ihrer N\u00e4he zum Pier und der m\u00f6glichen Pr\u00e4senz von Biolumineszenz.<\/p>\n<p>Pottery Pinnacle besteht aus einer Reihe kleiner Felsen Pinnacles knapp unter der Oberfl\u00e4che, \u00fcberwiegend bewachsen mit Hartkorallen, Seeigeln und marmorierten Seegurken.<\/p>\n<figure id=\"attachment_3782\" aria-describedby=\"caption-attachment-3782\" style=\"width: 1100px\" class=\"wp-caption alignnone\"><img decoding=\"async\" class=\"size-full wp-image-3782\" src=\"https:\/\/www.blackturtledive.com\/wp-content\/uploads\/2021\/01\/blackturtledive.com-Pottery-pinnacle-dive-site-koh-tao-christmas-tree-worms.jpg\" alt=\"Tauchplatz Pottery Pinnacle Koh Tao\" width=\"1100\" height=\"619\" srcset=\"https:\/\/www.blackturtledive.com\/wp-content\/uploads\/2021\/01\/blackturtledive.com-Pottery-pinnacle-dive-site-koh-tao-christmas-tree-worms.jpg 1100w, https:\/\/www.blackturtledive.com\/wp-content\/uploads\/2021\/01\/blackturtledive.com-Pottery-pinnacle-dive-site-koh-tao-christmas-tree-worms-300x169.jpg 300w, https:\/\/www.blackturtledive.com\/wp-content\/uploads\/2021\/01\/blackturtledive.com-Pottery-pinnacle-dive-site-koh-tao-christmas-tree-worms-1024x576.jpg 1024w, https:\/\/www.blackturtledive.com\/wp-content\/uploads\/2021\/01\/blackturtledive.com-Pottery-pinnacle-dive-site-koh-tao-christmas-tree-worms-768x432.jpg 768w, https:\/\/www.blackturtledive.com\/wp-content\/uploads\/2021\/01\/blackturtledive.com-Pottery-pinnacle-dive-site-koh-tao-christmas-tree-worms-150x84.jpg 150w\" sizes=\"(max-width: 1100px) 100vw, 1100px\" \/><figcaption id=\"caption-attachment-3782\" class=\"wp-caption-text\">Tauchplatz Pottery Pinnacle Koh Tao<\/figcaption><\/figure>\n<h3><span style=\"color: #28d4ff;\">Vielf\u00e4ltiges Meeresleben am Pottery Pinnacle<\/span><\/h3>\n<p>Obwohl es nur ein kleiner Tauchplatz ist, beherbergt Pottery ein interessantes und vielf\u00e4ltiges Meeresleben und ist ideal f\u00fcr kleine Gruppen zertifizierter Taucher oder Advanced-Taucher bei Nachttauchg\u00e4ngen.<\/p>\n<p>Zu den Highlights am <span style=\"color: #28d4ff;\">Pottery Pinnacle geh\u00f6ren Stachelrochen<\/span> mit bekannten Bewohnern wie Jenkins&#8211;Stachelrochen und <a href=\"https:\/\/www.blackturtledive.com\/koh-tao-marine-life\/blue-spotted-ribbontail-ray\/\">Blaupunkt-Band F\u00e4chern<\/a>, die sich oft unter den vielen Fels\u00fcberh\u00e4ngen verstecken.<\/p>\n<p>Gro\u00dfe Sternaugen-Kugelfische verbergen sich ebenfalls am Pottery \u2013 schauen Sie in alle Ritzen und Spalten nach diesen scheuen, aber sch\u00f6nen Fischen.<\/p>\n<p>Sie werden Blue-Lined und Hexagon-Zackenbarsche sehen, zusammen mit Banner Fischen, Masked and Gold-Spotted Rabbit Fischen in gro\u00dfer Zahl.<\/p>\n<figure id=\"attachment_3784\" aria-describedby=\"caption-attachment-3784\" style=\"width: 1100px\" class=\"wp-caption alignnone\"><img decoding=\"async\" class=\"size-full wp-image-3784\" src=\"https:\/\/www.blackturtledive.com\/wp-content\/uploads\/2021\/01\/blackturtledive.com-Pottery-pinnacle-dive-site-koh-tao-parrot-fish.jpg\" alt=\"Tauchplatz Pottery Pinnacle Koh Tao - Meeresleben\" width=\"1100\" height=\"619\" srcset=\"https:\/\/www.blackturtledive.com\/wp-content\/uploads\/2021\/01\/blackturtledive.com-Pottery-pinnacle-dive-site-koh-tao-parrot-fish.jpg 1100w, https:\/\/www.blackturtledive.com\/wp-content\/uploads\/2021\/01\/blackturtledive.com-Pottery-pinnacle-dive-site-koh-tao-parrot-fish-300x169.jpg 300w, https:\/\/www.blackturtledive.com\/wp-content\/uploads\/2021\/01\/blackturtledive.com-Pottery-pinnacle-dive-site-koh-tao-parrot-fish-1024x576.jpg 1024w, https:\/\/www.blackturtledive.com\/wp-content\/uploads\/2021\/01\/blackturtledive.com-Pottery-pinnacle-dive-site-koh-tao-parrot-fish-768x432.jpg 768w, https:\/\/www.blackturtledive.com\/wp-content\/uploads\/2021\/01\/blackturtledive.com-Pottery-pinnacle-dive-site-koh-tao-parrot-fish-150x84.jpg 150w\" sizes=\"(max-width: 1100px) 100vw, 1100px\" \/><figcaption id=\"caption-attachment-3784\" class=\"wp-caption-text\">Tauchplatz Pottery Pinnacle Koh Tao &#8211; Meeresleben<\/figcaption><\/figure>\n<h3>Indian Walkman &amp; Kopff\u00fc\u00dfer<\/h3>\n<p>Bei Nacht beobachtet man h\u00e4ufig Indian Walkman, die sich langsam \u00fcber den Grund bewegen; zudem h\u00f6rt und sieht man diverse Krebse und Garnelen, darunter Einsiedlerkrebse und <a href=\"https:\/\/www.blackturtledive.com\/koh-tao-marine-life\/cephalopods\/\">Oktopusse<\/a>.<\/p>\n<p>Eine kurze Navigation und Schwimmstrecke \u00fcber den Sand f\u00fchrt zu Three Rocks, einem noch kleineren und leichteren Tauchplatz, der von der Oberfl\u00e4che aus sichtbar ist.<\/p>\n<p>Mit einer maximalen Tiefe von etwa 8\u20139 Metern und einer Durchschnittstiefe von 5 Metern hat dieser kleine, flache Platz viel zu bieten.<\/p>\n<h3><span style=\"color: #28d4ff;\">Stachelrochen an den Pottery Pinnacles<\/span><\/h3>\n<p>Aufgrund der N\u00e4he zu Pottery Pinnacle ist es nicht \u00fcberraschend, dass dieselben Stachelrochen hier anzutreffen sind.<\/p>\n<p>Der Tauchplatz verf\u00fcgt \u00fcber gro\u00dfe Fl\u00e4chen von Hartkorallen mit einer beeindruckenden Tischkoralle sowie einer Vielzahl von Nacktschnecken und Plattw\u00fcrmern.<\/p>\n<p>Es gibt einen kleinen Swim-through; mit etwas Gl\u00fcck sehen Sie einen <span style=\"color: #28d4ff;\">Riesen-Kugelfisch<\/span> und bei Nacht-Abenteuer Tauchg\u00e4ngen an Pottery and Three Rocks achten Sie auf ein leuchtendes, fremdartig wirkendes Lebewesen: den Broadclub-Sepia (Broadclub Cuttlefish).<\/p>\n<figure id=\"attachment_3660\" aria-describedby=\"caption-attachment-3660\" style=\"width: 1100px\" class=\"wp-caption alignnone\"><img decoding=\"async\" class=\"size-full wp-image-3660\" src=\"https:\/\/www.blackturtledive.com\/wp-content\/uploads\/2021\/01\/blackturtledive.com-Pottery-pinnacle-dive-site-koh-tao-jenkins-whipray.jpg\" alt=\"Tauchplatz Pottery Pinnacle &amp; Three Rocks Koh Tao\" width=\"1100\" height=\"619\" srcset=\"https:\/\/www.blackturtledive.com\/wp-content\/uploads\/2021\/01\/blackturtledive.com-Pottery-pinnacle-dive-site-koh-tao-jenkins-whipray.jpg 1100w, https:\/\/www.blackturtledive.com\/wp-content\/uploads\/2021\/01\/blackturtledive.com-Pottery-pinnacle-dive-site-koh-tao-jenkins-whipray-300x169.jpg 300w, https:\/\/www.blackturtledive.com\/wp-content\/uploads\/2021\/01\/blackturtledive.com-Pottery-pinnacle-dive-site-koh-tao-jenkins-whipray-1024x576.jpg 1024w, https:\/\/www.blackturtledive.com\/wp-content\/uploads\/2021\/01\/blackturtledive.com-Pottery-pinnacle-dive-site-koh-tao-jenkins-whipray-768x432.jpg 768w, https:\/\/www.blackturtledive.com\/wp-content\/uploads\/2021\/01\/blackturtledive.com-Pottery-pinnacle-dive-site-koh-tao-jenkins-whipray-150x84.jpg 150w\" sizes=\"(max-width: 1100px) 100vw, 1100px\" \/><figcaption id=\"caption-attachment-3660\" class=\"wp-caption-text\">Tauchplatz Pottery Pinnacle &amp; Three Rocks Koh Tao<\/figcaption><\/figure>\n<p>&nbsp;[\/vc_column_text][\/vc_column][\/vc_row]<\/p>\n<\/div>","protected":false},"excerpt":{"rendered":"<p>Die Tauchpl\u00e4tze Pottery Felsnadel und Three Rocks befinden sich im s\u00fcdlichen Teil der Mae Haad Bucht und bieten Tauchern eine abwechslungsreiche Unterwasserlandschaft und eine vielf\u00e4ltige Meeresfauna.<\/p>\n","protected":false},"author":2,"featured_media":18297,"parent":18682,"menu_order":0,"comment_status":"closed","ping_status":"closed","template":"","meta":{"_acf_changed":false,"footnotes":""},"class_list":["post-18666","page","type-page","status-publish","has-post-thumbnail","hentry"],"acf":[],"yoast_head":"<!-- This site is optimized with the Yoast SEO Premium plugin v27.6 (Yoast SEO v27.6) - https:\/\/yoast.com\/product\/yoast-seo-premium-wordpress\/ -->\n<title>Pottery Pinnacle &amp; Three Rocks Tauchplatz | Black Turtle Dive<\/title>\n<meta name=\"description\" content=\"Die Tauchpl\u00e4tze Pottery Felsnadel und Three Rocks auf Koh Tao befinden sich im s\u00fcdlichen Teil der Mae Haad Bucht und bieten Tauchern eine vielf\u00e4ltige Meeresfauna.\" \/>\n<meta name=\"robots\" content=\"index, follow, max-snippet:-1, max-image-preview:large, max-video-preview:-1\" \/>\n<link rel=\"canonical\" href=\"https:\/\/www.blackturtledive.com\/de\/koh-tao-dive-sites\/pottery-pinnacle\/\" \/>\n<meta property=\"og:locale\" content=\"de_DE\" \/>\n<meta property=\"og:type\" content=\"article\" \/>\n<meta property=\"og:title\" content=\"Pottery Pinnacle &amp; Three Rocks Dive Site | Black Turtle Dive\" \/>\n<meta property=\"og:description\" content=\"Pottery Pinnacle &amp; Three Rocks dive sites on Koh Tao are located on the southern part of Mae Haad bay and provide scuba divers with diverse marine life\" \/>\n<meta property=\"og:url\" content=\"https:\/\/www.blackturtledive.com\/de\/koh-tao-dive-sites\/pottery-pinnacle\/\" \/>\n<meta property=\"og:site_name\" content=\"Black Turtle Dive Koh Tao\" \/>\n<meta property=\"article:publisher\" content=\"https:\/\/www.facebook.com\/blackturtledive\" \/>\n<meta property=\"article:modified_time\" content=\"2026-05-05T14:24:44+00:00\" \/>\n<meta property=\"og:image\" content=\"https:\/\/www.blackturtledive.com\/wp-content\/uploads\/2020\/11\/blackturtledive.com-best-padi-divemaster-course-koh-tao.jpg\" \/>\n\t<meta property=\"og:image:width\" content=\"1200\" \/>\n\t<meta property=\"og:image:height\" content=\"800\" \/>\n\t<meta property=\"og:image:type\" content=\"image\/jpeg\" \/>\n<meta name=\"twitter:card\" content=\"summary_large_image\" \/>\n<meta name=\"twitter:title\" content=\"Pottery Pinnacle &amp; Three Rocks Dive Site | Black Turtle Dive\" \/>\n<meta name=\"twitter:description\" content=\"Pottery Pinnacle &amp; Three Rocks dive sites on Koh Tao are located on the southern part of Mae Haad bay and provide scuba divers with diverse marine life\" \/>\n<meta name=\"twitter:image\" content=\"https:\/\/www.blackturtledive.com\/wp-content\/uploads\/2020\/11\/blackturtledive.com-best-padi-divemaster-course-koh-tao.jpg\" \/>\n<meta name=\"twitter:site\" content=\"@blackturtledive\" \/>\n<meta name=\"twitter:label1\" content=\"Gesch\u00e4tzte Lesezeit\" \/>\n\t<meta name=\"twitter:data1\" content=\"4\u00a0Minuten\" \/>\n<!-- \/ Yoast SEO Premium plugin. -->","yoast_head_json":{"title":"Pottery Pinnacle & Three Rocks Tauchplatz | Black Turtle Dive","description":"Die Tauchpl\u00e4tze Pottery Felsnadel und Three Rocks auf Koh Tao befinden sich im s\u00fcdlichen Teil der Mae Haad Bucht und bieten Tauchern eine vielf\u00e4ltige Meeresfauna.","robots":{"index":"index","follow":"follow","max-snippet":"max-snippet:-1","max-image-preview":"max-image-preview:large","max-video-preview":"max-video-preview:-1"},"canonical":"https:\/\/www.blackturtledive.com\/de\/koh-tao-dive-sites\/pottery-pinnacle\/","og_locale":"de_DE","og_type":"article","og_title":"Pottery Pinnacle & Three Rocks Dive Site | Black Turtle Dive","og_description":"Pottery Pinnacle & Three Rocks dive sites on Koh Tao are located on the southern part of Mae Haad bay and provide scuba divers with diverse marine life","og_url":"https:\/\/www.blackturtledive.com\/de\/koh-tao-dive-sites\/pottery-pinnacle\/","og_site_name":"Black Turtle Dive Koh Tao","article_publisher":"https:\/\/www.facebook.com\/blackturtledive","article_modified_time":"2026-05-05T14:24:44+00:00","og_image":[{"width":1200,"height":800,"url":"https:\/\/www.blackturtledive.com\/wp-content\/uploads\/2020\/11\/blackturtledive.com-best-padi-divemaster-course-koh-tao.jpg","type":"image\/jpeg"}],"twitter_card":"summary_large_image","twitter_title":"Pottery Pinnacle & Three Rocks Dive Site | Black Turtle Dive","twitter_description":"Pottery Pinnacle & Three Rocks dive sites on Koh Tao are located on the southern part of Mae Haad bay and provide scuba divers with diverse marine life","twitter_image":"https:\/\/www.blackturtledive.com\/wp-content\/uploads\/2020\/11\/blackturtledive.com-best-padi-divemaster-course-koh-tao.jpg","twitter_site":"@blackturtledive","twitter_misc":{"Gesch\u00e4tzte Lesezeit":"4\u00a0Minuten"},"schema":{"@context":"https:\/\/schema.org","@graph":[{"@type":"WebPage","@id":"https:\/\/www.blackturtledive.com\/de\/koh-tao-dive-sites\/pottery-pinnacle\/","url":"https:\/\/www.blackturtledive.com\/de\/koh-tao-dive-sites\/pottery-pinnacle\/","name":"Pottery Pinnacle & Three Rocks Tauchplatz | Black Turtle Dive","isPartOf":{"@id":"https:\/\/www.blackturtledive.com\/de\/#website"},"primaryImageOfPage":{"@id":"https:\/\/www.blackturtledive.com\/de\/koh-tao-dive-sites\/pottery-pinnacle\/#primaryimage"},"image":{"@id":"https:\/\/www.blackturtledive.com\/de\/koh-tao-dive-sites\/pottery-pinnacle\/#primaryimage"},"thumbnailUrl":"https:\/\/www.blackturtledive.com\/wp-content\/uploads\/2021\/01\/blackturtledive.com-Pottery-pinnacle-dive-site-koh-tao-jenkins-whipray.jpg","datePublished":"2020-09-19T15:56:02+00:00","dateModified":"2026-05-05T14:24:44+00:00","description":"Die Tauchpl\u00e4tze Pottery Felsnadel und Three Rocks auf Koh Tao befinden sich im s\u00fcdlichen Teil der Mae Haad Bucht und bieten Tauchern eine vielf\u00e4ltige Meeresfauna.","breadcrumb":{"@id":"https:\/\/www.blackturtledive.com\/de\/koh-tao-dive-sites\/pottery-pinnacle\/#breadcrumb"},"inLanguage":"de","potentialAction":[{"@type":"ReadAction","target":["https:\/\/www.blackturtledive.com\/de\/koh-tao-dive-sites\/pottery-pinnacle\/"]}]},{"@type":"ImageObject","inLanguage":"de","@id":"https:\/\/www.blackturtledive.com\/de\/koh-tao-dive-sites\/pottery-pinnacle\/#primaryimage","url":"https:\/\/www.blackturtledive.com\/wp-content\/uploads\/2021\/01\/blackturtledive.com-Pottery-pinnacle-dive-site-koh-tao-jenkins-whipray.jpg","contentUrl":"https:\/\/www.blackturtledive.com\/wp-content\/uploads\/2021\/01\/blackturtledive.com-Pottery-pinnacle-dive-site-koh-tao-jenkins-whipray.jpg","width":1100,"height":619,"caption":"Pottery Pinnacle & Three Rocks Dive Site Koh Tao"},{"@type":"BreadcrumbList","@id":"https:\/\/www.blackturtledive.com\/de\/koh-tao-dive-sites\/pottery-pinnacle\/#breadcrumb","itemListElement":[{"@type":"ListItem","position":1,"name":"Home","item":"https:\/\/www.blackturtledive.com\/de\/"},{"@type":"ListItem","position":2,"name":"Koh Tao Tauchpl\u00e4tze","item":"https:\/\/www.blackturtledive.com\/de\/koh-tao-dive-sites\/"},{"@type":"ListItem","position":3,"name":"Pottery Pinnacle"}]},{"@type":"WebSite","@id":"https:\/\/www.blackturtledive.com\/de\/#website","url":"https:\/\/www.blackturtledive.com\/de\/","name":"Black Turtle Dive Koh Tao","description":"Ocean Explorers | Marine Protectors","publisher":{"@id":"https:\/\/www.blackturtledive.com\/de\/#organization"},"alternateName":"Black Turtle Dive in Thailand","potentialAction":[{"@type":"SearchAction","target":{"@type":"EntryPoint","urlTemplate":"https:\/\/www.blackturtledive.com\/de\/?s={search_term_string}"},"query-input":{"@type":"PropertyValueSpecification","valueRequired":true,"valueName":"search_term_string"}}],"inLanguage":"de"},{"@type":"Organization","@id":"https:\/\/www.blackturtledive.com\/de\/#organization","name":"Black Turtle Dive Koh Tao","alternateName":"Black Turtle Dive","url":"https:\/\/www.blackturtledive.com\/de\/","logo":{"@type":"ImageObject","inLanguage":"de","@id":"https:\/\/www.blackturtledive.com\/de\/#\/schema\/logo\/image\/","url":"https:\/\/www.blackturtledive.com\/wp-content\/uploads\/2020\/11\/cropped-blackturtledive.com-brand-logo.png","contentUrl":"https:\/\/www.blackturtledive.com\/wp-content\/uploads\/2020\/11\/cropped-blackturtledive.com-brand-logo.png","width":400,"height":400,"caption":"Black Turtle Dive Koh Tao"},"image":{"@id":"https:\/\/www.blackturtledive.com\/de\/#\/schema\/logo\/image\/"},"sameAs":["https:\/\/www.facebook.com\/blackturtledive","https:\/\/x.com\/blackturtledive","https:\/\/www.instagram.com\/blackturtledive\/","https:\/\/www.youtube.com\/blackturtledive","https:\/\/www.linkedin.com\/company\/blackturtledive\/","https:\/\/www.tumblr.com\/blackturtledive","https:\/\/www.pinterest.com\/blackturtledive\/","https:\/\/www.tiktok.com\/@blackturtledive","https:\/\/www.reddit.com\/user\/blackturtledive\/"],"description":"Black Turtle Dive is a modern and innovative 5 Star Career Development Scuba Diving Center, passionate about the ocean and through training we want to empower you to become a competent and confident scuba diver. Our diving courses equip you with the skills, knowledge and awareness necessary to explore the ocean safely, whilst becoming a passionate advocate and protector of the marine environment. If you have never dived before or are a certified diver and want to develop your skills further, our tailored, bespoke courses and programs will inspire you to become an Ocean advocate. Our scientific based Marine Conservation Internships and training programs, offer aspiring scuba divers and marine conservationists, the best marine conservation internships on Koh Tao. We currently offer students six levels of Marine Conservation Internships at our beachside location on Koh Tao in Thailand. Check out our website for more information.","email":"info@blackturtledive.com","telephone":"089 592 2134","legalName":"Black Turtle Dive Co Ltd","foundingDate":"2020-01-01","publishingPrinciples":"https:\/\/www.blackturtledive.com\/terms\/","ownershipFundingInfo":"https:\/\/www.blackturtledive.com\/terms\/","actionableFeedbackPolicy":"https:\/\/www.blackturtledive.com\/privacy-policy\/","correctionsPolicy":"https:\/\/www.blackturtledive.com\/privacy-policy\/","ethicsPolicy":"https:\/\/www.blackturtledive.com\/privacy-policy\/","diversityPolicy":"https:\/\/www.blackturtledive.com\/privacy-policy\/"}]}},"_links":{"self":[{"href":"https:\/\/www.blackturtledive.com\/de\/wp-json\/wp\/v2\/pages\/18666","targetHints":{"allow":["GET"]}}],"collection":[{"href":"https:\/\/www.blackturtledive.com\/de\/wp-json\/wp\/v2\/pages"}],"about":[{"href":"https:\/\/www.blackturtledive.com\/de\/wp-json\/wp\/v2\/types\/page"}],"author":[{"embeddable":true,"href":"https:\/\/www.blackturtledive.com\/de\/wp-json\/wp\/v2\/users\/2"}],"replies":[{"embeddable":true,"href":"https:\/\/www.blackturtledive.com\/de\/wp-json\/wp\/v2\/comments?post=18666"}],"version-history":[{"count":1,"href":"https:\/\/www.blackturtledive.com\/de\/wp-json\/wp\/v2\/pages\/18666\/revisions"}],"predecessor-version":[{"id":70903,"href":"https:\/\/www.blackturtledive.com\/de\/wp-json\/wp\/v2\/pages\/18666\/revisions\/70903"}],"up":[{"embeddable":true,"href":"https:\/\/www.blackturtledive.com\/de\/wp-json\/wp\/v2\/pages\/18682"}],"wp:featuredmedia":[{"embeddable":true,"href":"https:\/\/www.blackturtledive.com\/de\/wp-json\/wp\/v2\/media\/18297"}],"wp:attachment":[{"href":"https:\/\/www.blackturtledive.com\/de\/wp-json\/wp\/v2\/media?parent=18666"}],"curies":[{"name":"wp","href":"https:\/\/api.w.org\/{rel}","templated":true}]}}