{"id":18667,"date":"2020-09-19T22:55:01","date_gmt":"2020-09-19T15:55:01","guid":{"rendered":"https:\/\/www.blackturtledive.com\/hin-wong-bay\/"},"modified":"2026-05-05T21:24:45","modified_gmt":"2026-05-05T14:24:45","slug":"hin-wong-bay","status":"publish","type":"page","link":"https:\/\/www.blackturtledive.com\/de\/koh-tao-dive-sites\/hin-wong-bay\/","title":{"rendered":"Hin Wong Bay"},"content":{"rendered":"<div class=\"wpb-content-wrapper\"><p>[vc_row][vc_column][vc_column_text css=&#8220;&#8220;]Hin Wong Bay ist eine gro\u00dfe, tiefwasserreiche Bucht an der Ostk\u00fcste von Koh Tao, ber\u00fchmt f\u00fcr Schw\u00e4rme aus Millionen von Fusiliers und leuchtend blaue Weichkorallen.<\/p>\n<p>Die Bucht bietet sowohl flaches Rifftauchen (5\u201312 m) f\u00fcr Anf\u00e4nger als auch Zugang zu tiefer gelegenen Felsbl\u00f6cken f\u00fcr erfahrene Taucher, die nach gr\u00f6\u00dferen pelagischen Begegnungen suchen.<\/p>\n<p>Sie ist einer der wenigen Orte auf der Insel, an denen Taucher regelm\u00e4\u00dfig gro\u00dfe Zackenbarsche und r\u00e4uberische Trevally beim Jagen in den K\u00f6derballen beobachten k\u00f6nnen, die sich nahe der felsigen K\u00fcstenlinie bilden.<\/p>\n<h3><span style=\"color: #28d4ff;\">Erfahren Sie mehr \u00fcber den Tauchplatz Hin Wong Bay auf Koh Tao<\/span><\/h3>\n<p>Der Tauchplatz in Wong Bay liegt an der Ostk\u00fcste von <a href=\"https:\/\/www.blackturtledive.com\/koh-tao\/\">Koh Tao<\/a> und bietet <a href=\"https:\/\/www.blackturtledive.com\/padi-diving-courses\/\">Tauchern<\/a> eine gro\u00dfe Vielfalt an <a href=\"https:\/\/www.blackturtledive.com\/koh-tao-marine-life\/\">Meeresleben<\/a> und Unterwasser-Erkundung M\u00f6glichkeiten.<\/p>\n<ul>\n<li>Lage: Nordostk\u00fcste von Koh Tao<\/li>\n<li>Tiefe: 2 m \u2013 20 m<\/li>\n<li>Art des Tauchplatzes: Gesch\u00fctzte Bucht<\/li>\n<li>Schwierigkeitsgrad: <a href=\"https:\/\/www.blackturtledive.com\/padi-diving-courses\/open-water-course\/\">Open Water<\/a> Diver<\/li>\n<li>Bedingungen: Die Sicht kann eingeschr\u00e4nkt sein<\/li>\n<li>Durchschnittliche Sichtweite: 2\u201310 m<\/li>\n<\/ul>\n<div  data-ep-a=\"fadeIn\"  id=\"_ytid_43026\"  width=\"640\" height=\"360\"  data-origwidth=\"640\" data-origheight=\"360\"  data-relstop=\"1\" data-facadesrc=\"https:\/\/www.youtube.com\/embed\/6sdox5G7JMM?enablejsapi=1&origin=https:\/\/www.blackturtledive.com&autoplay=0&cc_load_policy=0&cc_lang_pref=&iv_load_policy=1&loop=0&rel=0&fs=1&playsinline=0&autohide=2&theme=dark&color=red&controls=1&disablekb=0&\" class=\"__youtube_prefs__ epyt-facade  no-lazyload\" data-epautoplay=\"1\" ><img decoding=\"async\" data-spai-excluded=\"true\" class=\"epyt-facade-poster skip-lazy\" loading=\"lazy\"  alt=\"Hin Wong Bay Dive Site Koh Tao in Thailand\"  src=\"https:\/\/i.ytimg.com\/vi\/6sdox5G7JMM\/maxresdefault.jpg\"  \/><button class=\"epyt-facade-play\" aria-label=\"Play\"><svg data-no-lazy=\"1\" height=\"100%\" version=\"1.1\" viewBox=\"0 0 68 48\" width=\"100%\"><path class=\"ytp-large-play-button-bg\" d=\"M66.52,7.74c-0.78-2.93-2.49-5.41-5.42-6.19C55.79,.13,34,0,34,0S12.21,.13,6.9,1.55 C3.97,2.33,2.27,4.81,1.48,7.74C0.06,13.05,0,24,0,24s0.06,10.95,1.48,16.26c0.78,2.93,2.49,5.41,5.42,6.19 C12.21,47.87,34,48,34,48s21.79-0.13,27.1-1.55c2.93-0.78,4.64-3.26,5.42-6.19C67.94,34.95,68,24,68,24S67.94,13.05,66.52,7.74z\" fill=\"#f00\"><\/path><path d=\"M 45,24 27,14 27,34\" fill=\"#fff\"><\/path><\/svg><\/button><\/div><span itemprop=\"video\" itemscope itemtype=\"http:\/\/schema.org\/VideoObject\"><meta itemprop=\"embedUrl\" content=\"https:\/\/www.youtube.com\/embed\/6sdox5G7JMM\"><meta itemprop=\"name\" content=\"Hin Wong Bay Dive Site Koh Tao in Thailand\"><meta itemprop=\"description\" content=\"Hin Wong bay dive site on Koh Tao is located on the east coast of Koh Tao and offers scuba divers a wide range of marine life and underwater exploration. Location: North East coast of Koh Tao Depth: 2m \u2013 20 metres Type of site: Sheltered bay Level: Open Water diver Conditions: Visibility can be poor Average Visibility: 2-10 metres Hin Wong bay is a large horseshoe shaped bay with some protection and is located on the north east coast of Koh Tao. With a large area of coastline, snorkelers can literally spend hours at Hin Wong and at certain times of the year you will see significant numbers of Black Tip Reef Sharks almost every day. Check out more of our dive sites: https:\/\/www.blackturtledive.com\/koh-tao-dive-sites\/hin-wong-bay\/ Footage: \ud83d\ude4f\ud83c\udffb. \ud83c\udfac Wet Lens Images (https:\/\/www.youtube.com\/channel\/UCVB6Hza4P2ct7SgAo7I9n7g)\"><meta itemprop=\"thumbnailUrl\" content=\"https:\/\/i.ytimg.com\/vi\/6sdox5G7JMM\/0.jpg\"><meta itemprop=\"duration\" content=\"PT58S\"><meta itemprop=\"uploadDate\" content=\"2021-01-28T07:16:53Z\"><\/span>\n<h3>Entdecken Sie den Tauchplatz Hin Wong Bay auf Koh Tao.<\/h3>\n<p>In Wong Bay ist eine gro\u00dfe hufeisenf\u00f6rmige Bucht mit gutem Schutz und liegt an der Nordostk\u00fcste von Koh Tao.<\/p>\n<p>Mit einer weitl\u00e4ufigen K\u00fcstenlinie k\u00f6nnen Schnorchler hier stundenlang verbringen, und zu bestimmten Jahreszeiten sieht man fast t\u00e4glich zahlreiche <a href=\"https:\/\/www.blackturtledive.com\/koh-tao-marine-life\/black-tip-reef-shark\/\">Schwarzspitzen-Riffhaie<\/a>.<\/p>\n<p>In Wong Bay ist auch das Wasser sehr abwechslungsreich; es gibt viele Erkundungstouren und viel zu entdecken beim Tauchen.<\/p>\n<figure id=\"attachment_3726\" aria-describedby=\"caption-attachment-3726\" style=\"width: 1100px\" class=\"wp-caption alignnone\"><img decoding=\"async\" class=\"size-full wp-image-3726\" src=\"https:\/\/www.blackturtledive.com\/wp-content\/uploads\/2021\/01\/blackturtledive.com-hin-wong-bay-dive-site-koh-tao-marine-life.jpg\" alt=\"Tauchplatz Hin Wong Bay\" width=\"1100\" height=\"614\" srcset=\"https:\/\/www.blackturtledive.com\/wp-content\/uploads\/2021\/01\/blackturtledive.com-hin-wong-bay-dive-site-koh-tao-marine-life.jpg 1100w, https:\/\/www.blackturtledive.com\/wp-content\/uploads\/2021\/01\/blackturtledive.com-hin-wong-bay-dive-site-koh-tao-marine-life-300x167.jpg 300w, https:\/\/www.blackturtledive.com\/wp-content\/uploads\/2021\/01\/blackturtledive.com-hin-wong-bay-dive-site-koh-tao-marine-life-1024x572.jpg 1024w, https:\/\/www.blackturtledive.com\/wp-content\/uploads\/2021\/01\/blackturtledive.com-hin-wong-bay-dive-site-koh-tao-marine-life-768x429.jpg 768w, https:\/\/www.blackturtledive.com\/wp-content\/uploads\/2021\/01\/blackturtledive.com-hin-wong-bay-dive-site-koh-tao-marine-life-150x84.jpg 150w\" sizes=\"(max-width: 1100px) 100vw, 1100px\" \/><figcaption id=\"caption-attachment-3726\" class=\"wp-caption-text\">Tauchplatz Hin Wong Bay<\/figcaption><\/figure>\n<h3>Hin Wong Bay \u2014 Schnorcheln &amp; Tauchen<\/h3>\n<p>Die S\u00fcdseite der Bucht eignet sich am besten zum <a href=\"https:\/\/www.blackturtledive.com\/experience-programs\/snorkel-koh-tao\/\">Schnorcheln<\/a>: Tausende Fusiliers, Kaninchenfische, verschiedene <a href=\"https:\/\/www.blackturtledive.com\/koh-tao-marine-life\/parrot-fish\/\">Papageienfischarten<\/a> und Sergeant Majors sind hier anzutreffen. In der Ecke dieser Seite gibt es au\u00dferdem eine H\u00f6hle, durch die man schwimmen kann.<\/p>\n<p>Die K\u00fcste von Hin Wong besteht aus Granitbl\u00f6cken, die an einigen Stellen unter Wasser mit <a href=\"https:\/\/www.blackturtledive.com\/conservation\/marine-conservation-courses\/coral-watch-specialty\/\">Korallen verwachsen<\/a> sind; dadurch entstanden kleine Lebensr\u00e4ume und zahlreiche Meeresbewohner, w\u00e4hrend man um die Bucht schwimmt.<\/p>\n<figure id=\"attachment_3728\" aria-describedby=\"caption-attachment-3728\" style=\"width: 1100px\" class=\"wp-caption alignnone\"><img decoding=\"async\" class=\"size-full wp-image-3728\" src=\"https:\/\/www.blackturtledive.com\/wp-content\/uploads\/2021\/01\/blackturtledive.com-hin-wong-bay-dive-site-koh-tao.jpg\" alt=\"Tauchplatz Hin Wong Bay - Einsiedlerkrebs\" width=\"1100\" height=\"614\" srcset=\"https:\/\/www.blackturtledive.com\/wp-content\/uploads\/2021\/01\/blackturtledive.com-hin-wong-bay-dive-site-koh-tao.jpg 1100w, https:\/\/www.blackturtledive.com\/wp-content\/uploads\/2021\/01\/blackturtledive.com-hin-wong-bay-dive-site-koh-tao-300x167.jpg 300w, https:\/\/www.blackturtledive.com\/wp-content\/uploads\/2021\/01\/blackturtledive.com-hin-wong-bay-dive-site-koh-tao-1024x572.jpg 1024w, https:\/\/www.blackturtledive.com\/wp-content\/uploads\/2021\/01\/blackturtledive.com-hin-wong-bay-dive-site-koh-tao-768x429.jpg 768w, https:\/\/www.blackturtledive.com\/wp-content\/uploads\/2021\/01\/blackturtledive.com-hin-wong-bay-dive-site-koh-tao-150x84.jpg 150w\" sizes=\"(max-width: 1100px) 100vw, 1100px\" \/><figcaption id=\"caption-attachment-3728\" class=\"wp-caption-text\">Tauchplatz Hin Wong Bay &#8211; Einsiedlerkrebs<\/figcaption><\/figure>\n<h3><span style=\"color: #28d4ff;\">Blaugeringelter Angelfisch<\/span><\/h3>\n<p>Sie werden Kaiserfische und <a href=\"https:\/\/www.blackturtledive.com\/koh-tao-marine-life\/blue-ringed-angelfish\/\">blaugeringelte Angelfische<\/a> sehen, und je weiter Sie sich vom Ufer entfernt, desto mehr finden Sie gro\u00dfe Korallenb\u00e4nke (Bommies) voller Leben, Korallen und Schw\u00e4mme.<\/p>\n<p>An der Nordseite von Hin Wong Bay gibt es viele Risse und Spalten, in denen sich Meereslebewesen verstecken \u2014 achten Sie hier auf <a href=\"https:\/\/www.blackturtledive.com\/koh-tao-marine-life\/yellow-boxfish\/\">Gelb Box Fische<\/a>, <a href=\"https:\/\/www.blackturtledive.com\/koh-tao-marine-life\/jenkins-whip-ray\/\">Jenkins-Peitschen Rochen<\/a> und gelegentliche <a href=\"https:\/\/www.blackturtledive.com\/koh-tao-marine-life\/banded-sea-krait\/\">Meeresschlangen<\/a>.<\/p>\n<figure id=\"attachment_3210\" aria-describedby=\"caption-attachment-3210\" style=\"width: 1000px\" class=\"wp-caption alignnone\"><img decoding=\"async\" class=\"size-full wp-image-3210\" src=\"https:\/\/www.blackturtledive.com\/wp-content\/uploads\/2021\/01\/blackturtledive.com-pai-of-blue-ringed-angelfish-koh-tao.jpg\" alt=\"Blaugeringelter Angelfisch Beste Meereslebewesen Koh Tao\" width=\"1000\" height=\"667\" srcset=\"https:\/\/www.blackturtledive.com\/wp-content\/uploads\/2021\/01\/blackturtledive.com-pai-of-blue-ringed-angelfish-koh-tao.jpg 1000w, https:\/\/www.blackturtledive.com\/wp-content\/uploads\/2021\/01\/blackturtledive.com-pai-of-blue-ringed-angelfish-koh-tao-300x200.jpg 300w, https:\/\/www.blackturtledive.com\/wp-content\/uploads\/2021\/01\/blackturtledive.com-pai-of-blue-ringed-angelfish-koh-tao-768x512.jpg 768w, https:\/\/www.blackturtledive.com\/wp-content\/uploads\/2021\/01\/blackturtledive.com-pai-of-blue-ringed-angelfish-koh-tao-150x100.jpg 150w\" sizes=\"(max-width: 1000px) 100vw, 1000px\" \/><figcaption id=\"caption-attachment-3210\" class=\"wp-caption-text\">Blaugeringelter Angelfisch Beste Meereslebewesen Koh Tao<\/figcaption><\/figure>\n<p>[\/vc_column_text][\/vc_column][\/vc_row]<\/p>\n<\/div>","protected":false},"excerpt":{"rendered":"<p>Die Tauchstelle Hin Wong Bucht auf Koh Tao liegt an der Ostk\u00fcste von Koh Tao und bietet Tauchern eine gro\u00dfe Vielfalt an Meereslebewesen und Unterwassererkundungen.<\/p>\n","protected":false},"author":2,"featured_media":18287,"parent":18682,"menu_order":0,"comment_status":"closed","ping_status":"closed","template":"","meta":{"_acf_changed":false,"footnotes":""},"class_list":["post-18667","page","type-page","status-publish","has-post-thumbnail","hentry"],"acf":[],"yoast_head":"<!-- This site is optimized with the Yoast SEO Premium plugin v27.6 (Yoast SEO v27.6) - https:\/\/yoast.com\/product\/yoast-seo-premium-wordpress\/ -->\n<title>Hin Wong Bay Tauchplatz Koh Tao | Black Turtle Dive<\/title>\n<meta name=\"description\" content=\"Die Tauchstelle Hin Wong Bucht auf Koh Tao liegt an der Ostk\u00fcste von Koh Tao und bietet Tauchern eine gro\u00dfe Vielfalt an Meereslebewesen und Unterwassererkundungen.\" \/>\n<meta name=\"robots\" content=\"index, follow, max-snippet:-1, max-image-preview:large, max-video-preview:-1\" \/>\n<link rel=\"canonical\" href=\"https:\/\/www.blackturtledive.com\/de\/koh-tao-dive-sites\/hin-wong-bay\/\" \/>\n<meta property=\"og:locale\" content=\"de_DE\" \/>\n<meta property=\"og:type\" content=\"article\" \/>\n<meta property=\"og:title\" content=\"Hin Wong Bay Dive Site Koh Tao | Black Turtle Dive\" \/>\n<meta property=\"og:description\" content=\"Hin Wong bay dive site on Koh Tao is located on the east coast of Koh Tao and offers scuba divers a wide range of marine life and underwater exploration\" \/>\n<meta property=\"og:url\" content=\"https:\/\/www.blackturtledive.com\/de\/koh-tao-dive-sites\/hin-wong-bay\/\" \/>\n<meta property=\"og:site_name\" content=\"Black Turtle Dive Koh Tao\" \/>\n<meta property=\"article:publisher\" content=\"https:\/\/www.facebook.com\/blackturtledive\" \/>\n<meta property=\"article:modified_time\" content=\"2026-05-05T14:24:45+00:00\" \/>\n<meta property=\"og:image\" content=\"https:\/\/www.blackturtledive.com\/wp-content\/uploads\/2020\/11\/blackturtledive.com-best-padi-divemaster-course-koh-tao.jpg\" \/>\n\t<meta property=\"og:image:width\" content=\"1200\" \/>\n\t<meta property=\"og:image:height\" content=\"800\" \/>\n\t<meta property=\"og:image:type\" content=\"image\/jpeg\" \/>\n<meta name=\"twitter:card\" content=\"summary_large_image\" \/>\n<meta name=\"twitter:title\" content=\"Hin Wong Bay Dive Site Koh Tao | Black Turtle Dive\" \/>\n<meta name=\"twitter:description\" content=\"Hin Wong bay dive site on Koh Tao is located on the east coast of Koh Tao and offers scuba divers a wide range of marine life and underwater exploration\" \/>\n<meta name=\"twitter:image\" content=\"https:\/\/www.blackturtledive.com\/wp-content\/uploads\/2020\/11\/blackturtledive.com-best-padi-divemaster-course-koh-tao.jpg\" \/>\n<meta name=\"twitter:site\" content=\"@blackturtledive\" \/>\n<meta name=\"twitter:label1\" content=\"Gesch\u00e4tzte Lesezeit\" \/>\n\t<meta name=\"twitter:data1\" content=\"3\u00a0Minuten\" \/>\n<!-- \/ Yoast SEO Premium plugin. -->","yoast_head_json":{"title":"Hin Wong Bay Tauchplatz Koh Tao | Black Turtle Dive","description":"Die Tauchstelle Hin Wong Bucht auf Koh Tao liegt an der Ostk\u00fcste von Koh Tao und bietet Tauchern eine gro\u00dfe Vielfalt an Meereslebewesen und Unterwassererkundungen.","robots":{"index":"index","follow":"follow","max-snippet":"max-snippet:-1","max-image-preview":"max-image-preview:large","max-video-preview":"max-video-preview:-1"},"canonical":"https:\/\/www.blackturtledive.com\/de\/koh-tao-dive-sites\/hin-wong-bay\/","og_locale":"de_DE","og_type":"article","og_title":"Hin Wong Bay Dive Site Koh Tao | Black Turtle Dive","og_description":"Hin Wong bay dive site on Koh Tao is located on the east coast of Koh Tao and offers scuba divers a wide range of marine life and underwater exploration","og_url":"https:\/\/www.blackturtledive.com\/de\/koh-tao-dive-sites\/hin-wong-bay\/","og_site_name":"Black Turtle Dive Koh Tao","article_publisher":"https:\/\/www.facebook.com\/blackturtledive","article_modified_time":"2026-05-05T14:24:45+00:00","og_image":[{"width":1200,"height":800,"url":"https:\/\/www.blackturtledive.com\/wp-content\/uploads\/2020\/11\/blackturtledive.com-best-padi-divemaster-course-koh-tao.jpg","type":"image\/jpeg"}],"twitter_card":"summary_large_image","twitter_title":"Hin Wong Bay Dive Site Koh Tao | Black Turtle Dive","twitter_description":"Hin Wong bay dive site on Koh Tao is located on the east coast of Koh Tao and offers scuba divers a wide range of marine life and underwater exploration","twitter_image":"https:\/\/www.blackturtledive.com\/wp-content\/uploads\/2020\/11\/blackturtledive.com-best-padi-divemaster-course-koh-tao.jpg","twitter_site":"@blackturtledive","twitter_misc":{"Gesch\u00e4tzte Lesezeit":"3\u00a0Minuten"},"schema":{"@context":"https:\/\/schema.org","@graph":[{"@type":"WebPage","@id":"https:\/\/www.blackturtledive.com\/de\/koh-tao-dive-sites\/hin-wong-bay\/","url":"https:\/\/www.blackturtledive.com\/de\/koh-tao-dive-sites\/hin-wong-bay\/","name":"Hin Wong Bay Tauchplatz Koh Tao | Black Turtle Dive","isPartOf":{"@id":"https:\/\/www.blackturtledive.com\/de\/#website"},"primaryImageOfPage":{"@id":"https:\/\/www.blackturtledive.com\/de\/koh-tao-dive-sites\/hin-wong-bay\/#primaryimage"},"image":{"@id":"https:\/\/www.blackturtledive.com\/de\/koh-tao-dive-sites\/hin-wong-bay\/#primaryimage"},"thumbnailUrl":"https:\/\/www.blackturtledive.com\/wp-content\/uploads\/2021\/01\/blackturtledive.com-hin-wong-bay-dive-site-koh-tao-thailand.jpg","datePublished":"2020-09-19T15:55:01+00:00","dateModified":"2026-05-05T14:24:45+00:00","description":"Die Tauchstelle Hin Wong Bucht auf Koh Tao liegt an der Ostk\u00fcste von Koh Tao und bietet Tauchern eine gro\u00dfe Vielfalt an Meereslebewesen und Unterwassererkundungen.","breadcrumb":{"@id":"https:\/\/www.blackturtledive.com\/de\/koh-tao-dive-sites\/hin-wong-bay\/#breadcrumb"},"inLanguage":"de","potentialAction":[{"@type":"ReadAction","target":["https:\/\/www.blackturtledive.com\/de\/koh-tao-dive-sites\/hin-wong-bay\/"]}]},{"@type":"ImageObject","inLanguage":"de","@id":"https:\/\/www.blackturtledive.com\/de\/koh-tao-dive-sites\/hin-wong-bay\/#primaryimage","url":"https:\/\/www.blackturtledive.com\/wp-content\/uploads\/2021\/01\/blackturtledive.com-hin-wong-bay-dive-site-koh-tao-thailand.jpg","contentUrl":"https:\/\/www.blackturtledive.com\/wp-content\/uploads\/2021\/01\/blackturtledive.com-hin-wong-bay-dive-site-koh-tao-thailand.jpg","width":1100,"height":614,"caption":"Hin Wong Bay Dive Site Koh Tao"},{"@type":"BreadcrumbList","@id":"https:\/\/www.blackturtledive.com\/de\/koh-tao-dive-sites\/hin-wong-bay\/#breadcrumb","itemListElement":[{"@type":"ListItem","position":1,"name":"Home","item":"https:\/\/www.blackturtledive.com\/de\/"},{"@type":"ListItem","position":2,"name":"Koh Tao Tauchpl\u00e4tze","item":"https:\/\/www.blackturtledive.com\/de\/koh-tao-dive-sites\/"},{"@type":"ListItem","position":3,"name":"Hin Wong Bay"}]},{"@type":"WebSite","@id":"https:\/\/www.blackturtledive.com\/de\/#website","url":"https:\/\/www.blackturtledive.com\/de\/","name":"Black Turtle Dive Koh Tao","description":"Ocean Explorers | Marine Protectors","publisher":{"@id":"https:\/\/www.blackturtledive.com\/de\/#organization"},"alternateName":"Black Turtle Dive in Thailand","potentialAction":[{"@type":"SearchAction","target":{"@type":"EntryPoint","urlTemplate":"https:\/\/www.blackturtledive.com\/de\/?s={search_term_string}"},"query-input":{"@type":"PropertyValueSpecification","valueRequired":true,"valueName":"search_term_string"}}],"inLanguage":"de"},{"@type":"Organization","@id":"https:\/\/www.blackturtledive.com\/de\/#organization","name":"Black Turtle Dive Koh Tao","alternateName":"Black Turtle Dive","url":"https:\/\/www.blackturtledive.com\/de\/","logo":{"@type":"ImageObject","inLanguage":"de","@id":"https:\/\/www.blackturtledive.com\/de\/#\/schema\/logo\/image\/","url":"https:\/\/www.blackturtledive.com\/wp-content\/uploads\/2020\/11\/cropped-blackturtledive.com-brand-logo.png","contentUrl":"https:\/\/www.blackturtledive.com\/wp-content\/uploads\/2020\/11\/cropped-blackturtledive.com-brand-logo.png","width":400,"height":400,"caption":"Black Turtle Dive Koh Tao"},"image":{"@id":"https:\/\/www.blackturtledive.com\/de\/#\/schema\/logo\/image\/"},"sameAs":["https:\/\/www.facebook.com\/blackturtledive","https:\/\/x.com\/blackturtledive","https:\/\/www.instagram.com\/blackturtledive\/","https:\/\/www.youtube.com\/blackturtledive","https:\/\/www.linkedin.com\/company\/blackturtledive\/","https:\/\/www.tumblr.com\/blackturtledive","https:\/\/www.pinterest.com\/blackturtledive\/","https:\/\/www.tiktok.com\/@blackturtledive","https:\/\/www.reddit.com\/user\/blackturtledive\/"],"description":"Black Turtle Dive is a modern and innovative 5 Star Career Development Scuba Diving Center, passionate about the ocean and through training we want to empower you to become a competent and confident scuba diver. Our diving courses equip you with the skills, knowledge and awareness necessary to explore the ocean safely, whilst becoming a passionate advocate and protector of the marine environment. If you have never dived before or are a certified diver and want to develop your skills further, our tailored, bespoke courses and programs will inspire you to become an Ocean advocate. Our scientific based Marine Conservation Internships and training programs, offer aspiring scuba divers and marine conservationists, the best marine conservation internships on Koh Tao. We currently offer students six levels of Marine Conservation Internships at our beachside location on Koh Tao in Thailand. Check out our website for more information.","email":"info@blackturtledive.com","telephone":"089 592 2134","legalName":"Black Turtle Dive Co Ltd","foundingDate":"2020-01-01","publishingPrinciples":"https:\/\/www.blackturtledive.com\/terms\/","ownershipFundingInfo":"https:\/\/www.blackturtledive.com\/terms\/","actionableFeedbackPolicy":"https:\/\/www.blackturtledive.com\/privacy-policy\/","correctionsPolicy":"https:\/\/www.blackturtledive.com\/privacy-policy\/","ethicsPolicy":"https:\/\/www.blackturtledive.com\/privacy-policy\/","diversityPolicy":"https:\/\/www.blackturtledive.com\/privacy-policy\/"}]}},"_links":{"self":[{"href":"https:\/\/www.blackturtledive.com\/de\/wp-json\/wp\/v2\/pages\/18667","targetHints":{"allow":["GET"]}}],"collection":[{"href":"https:\/\/www.blackturtledive.com\/de\/wp-json\/wp\/v2\/pages"}],"about":[{"href":"https:\/\/www.blackturtledive.com\/de\/wp-json\/wp\/v2\/types\/page"}],"author":[{"embeddable":true,"href":"https:\/\/www.blackturtledive.com\/de\/wp-json\/wp\/v2\/users\/2"}],"replies":[{"embeddable":true,"href":"https:\/\/www.blackturtledive.com\/de\/wp-json\/wp\/v2\/comments?post=18667"}],"version-history":[{"count":1,"href":"https:\/\/www.blackturtledive.com\/de\/wp-json\/wp\/v2\/pages\/18667\/revisions"}],"predecessor-version":[{"id":70904,"href":"https:\/\/www.blackturtledive.com\/de\/wp-json\/wp\/v2\/pages\/18667\/revisions\/70904"}],"up":[{"embeddable":true,"href":"https:\/\/www.blackturtledive.com\/de\/wp-json\/wp\/v2\/pages\/18682"}],"wp:featuredmedia":[{"embeddable":true,"href":"https:\/\/www.blackturtledive.com\/de\/wp-json\/wp\/v2\/media\/18287"}],"wp:attachment":[{"href":"https:\/\/www.blackturtledive.com\/de\/wp-json\/wp\/v2\/media?parent=18667"}],"curies":[{"name":"wp","href":"https:\/\/api.w.org\/{rel}","templated":true}]}}