{"id":18668,"date":"2020-09-19T22:54:32","date_gmt":"2020-09-19T15:54:32","guid":{"rendered":"https:\/\/www.blackturtledive.com\/lighthouse-bay\/"},"modified":"2026-05-05T21:24:46","modified_gmt":"2026-05-05T14:24:46","slug":"lighthouse-bay","status":"publish","type":"page","link":"https:\/\/www.blackturtledive.com\/de\/koh-tao-dive-sites\/lighthouse-bay\/","title":{"rendered":"Lighthouse Bay"},"content":{"rendered":"<div class=\"wpb-content-wrapper\"><p>[vc_row][vc_column][vc_column_text css=&#8220;&#8220;]Lighthouse Bay ist ein abgelegener Tauchplatz an der nord\u00f6stlichen Spitze von Koh Tao, bekannt f\u00fcr dichte Tischkorallenformationen und bunte Weihnachtsbaumw\u00fcrmer.<\/p>\n<p>Dieser Tauchplatz ist am besten mit dem Boot erreichbar und bietet Tiefen von 4 bis 14 Metern, wodurch er eine rauere und weniger \u00fcberlaufene Alternative zum Schnorcheln und f\u00fcr Tauchanf\u00e4nger darstellt.<\/p>\n<p>Die Bucht ist ein Hotspot zur Beobachtung scheuer Meeresbewohner wie des Ornament\u2011Geisterfischs, insbesondere in den ruhigeren Monaten, wenn die Sichtweiten 20 Meter \u00fcberschreiten k\u00f6nnen.<\/p>\n<h3><span style=\"color: #28d4ff;\">Erfahren Sie mehr \u00fcber den Tauchplatz Lighthouse Bay auf Koh Tao<\/span><\/h3>\n<p>Der Tauchplatz Lighthouse Bay liegt an der Nordostk\u00fcste von <a href=\"https:\/\/www.blackturtledive.com\/koh-tao\/\">Koh Tao<\/a> in einer gesch\u00fctzten Bucht und bietet <a href=\"https:\/\/www.blackturtledive.com\/padi-diving-courses\/\">Tauchern<\/a> eine gro\u00dfe Vielfalt an <a href=\"https:\/\/www.blackturtledive.com\/koh-tao-marine-life\/\">Meeresleben<\/a> und <a href=\"https:\/\/www.blackturtledive.com\/conservation\/marine-conservation-courses\/coral-reef-conservation-diver\/\">Korallenriffen<\/a>.<\/p>\n<ul>\n<li>Lage: Nord\u00f6stliche Spitze von Koh Tao<\/li>\n<li>Tiefe: 4\u201314 Meter<\/li>\n<li>Art des Tauchplatzes: Gesch\u00fctzte Bucht<\/li>\n<li>Schwierigkeitsgrad: <a href=\"https:\/\/www.blackturtledive.com\/padi-diving-courses\/open-water-course\/\">Open Water<\/a> diver<\/li>\n<li>Bedingungen: In der Regel gut, au\u00dfer w\u00e4hrend des nord\u00f6stlichen Monsuns<\/li>\n<li>Durchschnittliche Sichtweite: 5\u201310 Meter<\/li>\n<\/ul>\n<div  data-ep-a=\"fadeIn\"  id=\"_ytid_82610\"  width=\"640\" height=\"360\"  data-origwidth=\"640\" data-origheight=\"360\"  data-relstop=\"1\" data-facadesrc=\"https:\/\/www.youtube.com\/embed\/BhKwhpXh9_E?enablejsapi=1&origin=https:\/\/www.blackturtledive.com&autoplay=0&cc_load_policy=0&cc_lang_pref=&iv_load_policy=1&loop=0&rel=0&fs=1&playsinline=0&autohide=2&theme=dark&color=red&controls=1&disablekb=0&\" class=\"__youtube_prefs__ epyt-facade  no-lazyload\" data-epautoplay=\"1\" ><img decoding=\"async\" data-spai-excluded=\"true\" class=\"epyt-facade-poster skip-lazy\" loading=\"lazy\"  alt=\"Lighthouse Bay Dive Site Koh Tao in Thailand\"  src=\"https:\/\/i.ytimg.com\/vi\/BhKwhpXh9_E\/maxresdefault.jpg\"  \/><button class=\"epyt-facade-play\" aria-label=\"Play\"><svg data-no-lazy=\"1\" height=\"100%\" version=\"1.1\" viewBox=\"0 0 68 48\" width=\"100%\"><path class=\"ytp-large-play-button-bg\" d=\"M66.52,7.74c-0.78-2.93-2.49-5.41-5.42-6.19C55.79,.13,34,0,34,0S12.21,.13,6.9,1.55 C3.97,2.33,2.27,4.81,1.48,7.74C0.06,13.05,0,24,0,24s0.06,10.95,1.48,16.26c0.78,2.93,2.49,5.41,5.42,6.19 C12.21,47.87,34,48,34,48s21.79-0.13,27.1-1.55c2.93-0.78,4.64-3.26,5.42-6.19C67.94,34.95,68,24,68,24S67.94,13.05,66.52,7.74z\" fill=\"#f00\"><\/path><path d=\"M 45,24 27,14 27,34\" fill=\"#fff\"><\/path><\/svg><\/button><\/div><span itemprop=\"video\" itemscope itemtype=\"http:\/\/schema.org\/VideoObject\"><meta itemprop=\"embedUrl\" content=\"https:\/\/www.youtube.com\/embed\/BhKwhpXh9_E\"><meta itemprop=\"name\" content=\"Lighthouse Bay Dive Site Koh Tao in Thailand\"><meta itemprop=\"description\" content=\"Lighthouse Bay dive site on Koh Tao is located on the north east coast in a sheltered bay and offers scuba divers a huge choice of marine diversity and coral reefs. Location: North eastern point of Koh Tao Depth: 4m \u2013 14 metres Type of site: Level: Open Water diver Conditions: Usually fine, unless north eastern Monsoon Average Visibility: 5-10 metres Lighthouse bay gets its name from the small Lighthouse that overlooks Gluay Teun bay and faces north out over the Gulf of Thailand towards Cambodia. Check our more of our dive sites: https:\/\/www.blackturtledive.com\/koh-tao-dive-sites\/lighthouse-bay\/ Footage: \ud83d\ude4f\ud83c\udffb. \ud83c\udfac Wet Lens Images (https:\/\/www.youtube.com\/channel\/UCVB6Hza4P2ct7SgAo7I9n7g)\"><meta itemprop=\"thumbnailUrl\" content=\"https:\/\/i.ytimg.com\/vi\/BhKwhpXh9_E\/0.jpg\"><meta itemprop=\"duration\" content=\"PT57S\"><meta itemprop=\"uploadDate\" content=\"2021-01-28T10:31:14Z\"><\/span>\n<h3>Lighthouse Bay (Gluay Teun Bay)<\/h3>\n<p>Die Lighthouse Bay verdankt ihren Namen dem kleinen Leuchtturm, der die Gluay-Teun-Bucht \u00fcberblickt und nach Norden hinaus \u00fcber den Golf von Thailand in Richtung Kambodscha zeigt.<\/p>\n<p>Der Leuchtturm wurde einst von Schiffen genutzt, die an Koh Tao vorbeif\u00fchren, lange bevor die Insel ein beliebtes Touristenziel wurde.<\/p>\n<p>Die Lighthouse Bay ist ein gro\u00dfartiger flacher Tauchplatz und ein beliebter <a href=\"https:\/\/www.blackturtledive.com\/experience-programs\/snorkel-koh-tao\/\">Schnorchelplatz<\/a>, der auf den t\u00e4glichen Schnorchelausflugprogrammen steht.<\/p>\n<h3><span style=\"color: #28d4ff;\">Malerische Lighthouse Bay<\/span><\/h3>\n<p>Diese malerische Bucht bietet oberhalb der Wasseroberfl\u00e4che atemberaubende Ausblicke mit wundersch\u00f6nem t\u00fcrkisfarbenem Wasser und einem kleinen <a href=\"https:\/\/www.blackturtledive.com\/koh-tao\/beaches\/\">Sandstrand<\/a>.<\/p>\n<p>Die Granitfelsen an der K\u00fcste gehen schnell in \u00fcppige, steife Dschungel Vegetation \u00fcber, die drei Seiten dieser relativ gesch\u00fctzten Bucht bedecken.<\/p>\n<p>Unter Wasser ist die Sicht in der Bucht \u00fcber den Gro\u00dfteil des Jahres relativ gut, mit Ausnahme der sp\u00e4teren Monate w\u00e4hrend des nord\u00f6stlichen Monsuns.<\/p>\n<figure id=\"attachment_3767\" aria-describedby=\"caption-attachment-3767\" style=\"width: 1100px\" class=\"wp-caption alignnone\"><img decoding=\"async\" class=\"size-full wp-image-3767\" src=\"https:\/\/www.blackturtledive.com\/wp-content\/uploads\/2021\/01\/blackturtledive.com-Lighthouse-Bay-dive-site-koh-tao-coral-formations.jpg\" alt=\"Tauchplatz Lighthouse Bay Koh Tao - Meeresleben\" width=\"1100\" height=\"619\" srcset=\"https:\/\/www.blackturtledive.com\/wp-content\/uploads\/2021\/01\/blackturtledive.com-Lighthouse-Bay-dive-site-koh-tao-coral-formations.jpg 1100w, https:\/\/www.blackturtledive.com\/wp-content\/uploads\/2021\/01\/blackturtledive.com-Lighthouse-Bay-dive-site-koh-tao-coral-formations-300x169.jpg 300w, https:\/\/www.blackturtledive.com\/wp-content\/uploads\/2021\/01\/blackturtledive.com-Lighthouse-Bay-dive-site-koh-tao-coral-formations-1024x576.jpg 1024w, https:\/\/www.blackturtledive.com\/wp-content\/uploads\/2021\/01\/blackturtledive.com-Lighthouse-Bay-dive-site-koh-tao-coral-formations-768x432.jpg 768w, https:\/\/www.blackturtledive.com\/wp-content\/uploads\/2021\/01\/blackturtledive.com-Lighthouse-Bay-dive-site-koh-tao-coral-formations-150x84.jpg 150w\" sizes=\"(max-width: 1100px) 100vw, 1100px\" \/><figcaption id=\"caption-attachment-3767\" class=\"wp-caption-text\">Tauchplatz Lighthouse Bay Koh Tao &#8211; Meeresleben<\/figcaption><\/figure>\n<h3>Marine Vielfalt in der Lighthouse Bay<\/h3>\n<p>Die Lighthouse Bay ist voll von Korallenformationen und bietet vielen der h\u00e4ufigen Riffbewohner auf Koh Tao ein ideales Zuhause.<\/p>\n<p>Sie k\u00f6nnen Weibels <a href=\"https:\/\/www.blackturtledive.com\/koh-tao-marine-life\/butterfly-fish\/\">Falterfisch<\/a>, Linien-Falterfisch, Schnabel Korallenfisch, verschiedene bunte <a href=\"https:\/\/www.blackturtledive.com\/koh-tao-marine-life\/parrot-fish\/\">Papageienfische<\/a>, Rotbrust-Wrasse und den Einfleck-Schnapper erwarten, sowie verschiedene Zackenbarsche, darunter den Sechseck-Zackenbarsch.<\/p>\n<p>Beim <a href=\"https:\/\/www.blackturtledive.com\/fun-diving-koh-tao\/\">Tauchen<\/a> in der Lighthouse Bay sehen Sie einige der besten Beispiele f\u00fcr Tischkorallen, die auf Koh Tao zu finden sind.<\/p>\n<p>Die Bucht ist \u00fcbers\u00e4t mit Toadstool-Weichkorallen, Fass Schw\u00e4mmen und Weihnachtsbaum W\u00fcrmern, massiven gefleckten Korallen sowie hunderten von T\u00e4uschern (Damsel fish) und Sergeant Majors, die sich in gro\u00dfen Best\u00e4nden von Geweihkorallen verstecken.<\/p>\n<figure id=\"attachment_3769\" aria-describedby=\"caption-attachment-3769\" style=\"width: 1100px\" class=\"wp-caption alignnone\"><img decoding=\"async\" class=\"size-full wp-image-3769\" src=\"https:\/\/www.blackturtledive.com\/wp-content\/uploads\/2021\/01\/blackturtledive.com-Lighthouse-Bay-dive-site-koh-tao-coral.jpg\" alt=\"Tauchplatz Lighthouse Bay Koh Tao - Korallen\" width=\"1100\" height=\"619\" srcset=\"https:\/\/www.blackturtledive.com\/wp-content\/uploads\/2021\/01\/blackturtledive.com-Lighthouse-Bay-dive-site-koh-tao-coral.jpg 1100w, https:\/\/www.blackturtledive.com\/wp-content\/uploads\/2021\/01\/blackturtledive.com-Lighthouse-Bay-dive-site-koh-tao-coral-300x169.jpg 300w, https:\/\/www.blackturtledive.com\/wp-content\/uploads\/2021\/01\/blackturtledive.com-Lighthouse-Bay-dive-site-koh-tao-coral-1024x576.jpg 1024w, https:\/\/www.blackturtledive.com\/wp-content\/uploads\/2021\/01\/blackturtledive.com-Lighthouse-Bay-dive-site-koh-tao-coral-768x432.jpg 768w, https:\/\/www.blackturtledive.com\/wp-content\/uploads\/2021\/01\/blackturtledive.com-Lighthouse-Bay-dive-site-koh-tao-coral-150x84.jpg 150w\" sizes=\"(max-width: 1100px) 100vw, 1100px\" \/><figcaption id=\"caption-attachment-3769\" class=\"wp-caption-text\">Tauchplatz Lighthouse Bay Koh Tao &#8211; Korallen<\/figcaption><\/figure>\n<h3><span style=\"color: #28d4ff;\">Gesch\u00fctzte Bucht an der Nordostk\u00fcste von Koh Tao<\/span><\/h3>\n<p>In der Lighthouse Bay gibt es zahlreiche Seeanemonen an den gro\u00dfen Felsen, die Heimat der rosa Anemonenfische sind.<\/p>\n<p>Sie werden gro\u00dfe Schulen von <a href=\"https:\/\/www.blackturtledive.com\/koh-tao-marine-life\/yellow-tail-barracuda\/\">Gelbschwanz-Barrakudas<\/a> um massive Korallen schwimmen sehen, und bei genauem Hinsehen k\u00f6nnten Sie einen Skorpionfisch entdecken, der sich in seiner Umgebung tarnt.<\/p>\n<p>Schwimmen Sie n\u00f6rdlich aus der Bucht hinaus, finden Sie einen gro\u00dfen, mit Meeresleben bedeckten Felsturm; er ist nur etwa f\u00fcnf Minuten von der Bucht entfernt. Auf dem Weg dorthin sehen Sie viele Nacktschnecken und Warzenschnecken.<\/p>\n<h3>Ausgezeichneter Ort f\u00fcr Fotografen<\/h3>\n<p>Mit etwas Gl\u00fcck sehen Sie eine <a href=\"https:\/\/www.blackturtledive.com\/conservation\/marine-conservation-courses\/sea-turtle-awareness-specialty\/\">Meeresschildkr\u00f6te<\/a>, und gelegentlich verirrt sich ein Schwarzspitzen-Riffhai so weit n\u00f6rdlich der Insel.<\/p>\n<p>Die Lighthouse Bay ist ein <a href=\"https:\/\/www.blackturtledive.com\/koh-tao-dive-sites\/\">Tauchplatz<\/a>, der auf Ihrer Liste stehen sollte, damit Sie die einzigartige Vielfalt dieser Gegend an der Nordostk\u00fcste erleben k\u00f6nnen.<\/p>\n<figure id=\"attachment_3646\" aria-describedby=\"caption-attachment-3646\" style=\"width: 1100px\" class=\"wp-caption alignnone\"><img decoding=\"async\" class=\"size-full wp-image-3646\" src=\"https:\/\/www.blackturtledive.com\/wp-content\/uploads\/2021\/01\/blackturtledive.com-Lighthouse-Bay-dive-site-koh-tao-anemone-fish.jpg\" alt=\"Tauchplatz Lighthouse Bay Koh Tao\" width=\"1100\" height=\"619\" srcset=\"https:\/\/www.blackturtledive.com\/wp-content\/uploads\/2021\/01\/blackturtledive.com-Lighthouse-Bay-dive-site-koh-tao-anemone-fish.jpg 1100w, https:\/\/www.blackturtledive.com\/wp-content\/uploads\/2021\/01\/blackturtledive.com-Lighthouse-Bay-dive-site-koh-tao-anemone-fish-300x169.jpg 300w, https:\/\/www.blackturtledive.com\/wp-content\/uploads\/2021\/01\/blackturtledive.com-Lighthouse-Bay-dive-site-koh-tao-anemone-fish-1024x576.jpg 1024w, https:\/\/www.blackturtledive.com\/wp-content\/uploads\/2021\/01\/blackturtledive.com-Lighthouse-Bay-dive-site-koh-tao-anemone-fish-768x432.jpg 768w, https:\/\/www.blackturtledive.com\/wp-content\/uploads\/2021\/01\/blackturtledive.com-Lighthouse-Bay-dive-site-koh-tao-anemone-fish-150x84.jpg 150w\" sizes=\"(max-width: 1100px) 100vw, 1100px\" \/><figcaption id=\"caption-attachment-3646\" class=\"wp-caption-text\">Tauchplatz Lighthouse Bay Koh Tao<\/figcaption><\/figure>\n<p>[\/vc_column_text][\/vc_column][\/vc_row]<\/p>\n<\/div>","protected":false},"excerpt":{"rendered":"<p>Der Tauchplatz Lighthouse Bay auf Koh Tao liegt an der Nordostk\u00fcste in einer gesch\u00fctzten Bucht und bietet Tauchern eine riesige Auswahl an Meeresarten und Korallenriffen.<\/p>\n","protected":false},"author":2,"featured_media":18293,"parent":18682,"menu_order":0,"comment_status":"closed","ping_status":"closed","template":"","meta":{"_acf_changed":false,"footnotes":""},"class_list":["post-18668","page","type-page","status-publish","has-post-thumbnail","hentry"],"acf":[],"yoast_head":"<!-- This site is optimized with the Yoast SEO Premium plugin v27.6 (Yoast SEO v27.6) - https:\/\/yoast.com\/product\/yoast-seo-premium-wordpress\/ -->\n<title>Lighthouse Bay Tauchplatz Koh Tao | Black Turtle Dive<\/title>\n<meta name=\"description\" content=\"Der Tauchplatz Lighthouse Bay auf Koh Tao liegt an der Nordostk\u00fcste in einer gesch\u00fctzten Bucht und bietet Tauchern eine riesige Auswahl an Meeresarten und Korallen.\" \/>\n<meta name=\"robots\" content=\"index, follow, max-snippet:-1, max-image-preview:large, max-video-preview:-1\" \/>\n<link rel=\"canonical\" href=\"https:\/\/www.blackturtledive.com\/de\/koh-tao-dive-sites\/lighthouse-bay\/\" \/>\n<meta property=\"og:locale\" content=\"de_DE\" \/>\n<meta property=\"og:type\" content=\"article\" \/>\n<meta property=\"og:title\" content=\"Lighthouse Bay Dive Site Koh Tao | Black Turtle Dive\" \/>\n<meta property=\"og:description\" content=\"Lighthouse Bay dive site on Koh Tao is located on the north east coast in a sheltered bay and offers scuba divers a huge choice of marine diversity and coral\" \/>\n<meta property=\"og:url\" content=\"https:\/\/www.blackturtledive.com\/de\/koh-tao-dive-sites\/lighthouse-bay\/\" \/>\n<meta property=\"og:site_name\" content=\"Black Turtle Dive Koh Tao\" \/>\n<meta property=\"article:publisher\" content=\"https:\/\/www.facebook.com\/blackturtledive\" \/>\n<meta property=\"article:modified_time\" content=\"2026-05-05T14:24:46+00:00\" \/>\n<meta property=\"og:image\" content=\"https:\/\/www.blackturtledive.com\/wp-content\/uploads\/2020\/11\/blackturtledive.com-best-padi-divemaster-course-koh-tao.jpg\" \/>\n\t<meta property=\"og:image:width\" content=\"1200\" \/>\n\t<meta property=\"og:image:height\" content=\"800\" \/>\n\t<meta property=\"og:image:type\" content=\"image\/jpeg\" \/>\n<meta name=\"twitter:card\" content=\"summary_large_image\" \/>\n<meta name=\"twitter:title\" content=\"Lighthouse Bay Dive Site Koh Tao | Black Turtle Dive\" \/>\n<meta name=\"twitter:description\" content=\"Lighthouse Bay dive site on Koh Tao is located on the north east coast in a sheltered bay and offers scuba divers a huge choice of marine diversity and coral\" \/>\n<meta name=\"twitter:image\" content=\"https:\/\/www.blackturtledive.com\/wp-content\/uploads\/2020\/11\/blackturtledive.com-best-padi-divemaster-course-koh-tao.jpg\" \/>\n<meta name=\"twitter:site\" content=\"@blackturtledive\" \/>\n<meta name=\"twitter:label1\" content=\"Gesch\u00e4tzte Lesezeit\" \/>\n\t<meta name=\"twitter:data1\" content=\"4\u00a0Minuten\" \/>\n<!-- \/ Yoast SEO Premium plugin. -->","yoast_head_json":{"title":"Lighthouse Bay Tauchplatz Koh Tao | Black Turtle Dive","description":"Der Tauchplatz Lighthouse Bay auf Koh Tao liegt an der Nordostk\u00fcste in einer gesch\u00fctzten Bucht und bietet Tauchern eine riesige Auswahl an Meeresarten und Korallen.","robots":{"index":"index","follow":"follow","max-snippet":"max-snippet:-1","max-image-preview":"max-image-preview:large","max-video-preview":"max-video-preview:-1"},"canonical":"https:\/\/www.blackturtledive.com\/de\/koh-tao-dive-sites\/lighthouse-bay\/","og_locale":"de_DE","og_type":"article","og_title":"Lighthouse Bay Dive Site Koh Tao | Black Turtle Dive","og_description":"Lighthouse Bay dive site on Koh Tao is located on the north east coast in a sheltered bay and offers scuba divers a huge choice of marine diversity and coral","og_url":"https:\/\/www.blackturtledive.com\/de\/koh-tao-dive-sites\/lighthouse-bay\/","og_site_name":"Black Turtle Dive Koh Tao","article_publisher":"https:\/\/www.facebook.com\/blackturtledive","article_modified_time":"2026-05-05T14:24:46+00:00","og_image":[{"width":1200,"height":800,"url":"https:\/\/www.blackturtledive.com\/wp-content\/uploads\/2020\/11\/blackturtledive.com-best-padi-divemaster-course-koh-tao.jpg","type":"image\/jpeg"}],"twitter_card":"summary_large_image","twitter_title":"Lighthouse Bay Dive Site Koh Tao | Black Turtle Dive","twitter_description":"Lighthouse Bay dive site on Koh Tao is located on the north east coast in a sheltered bay and offers scuba divers a huge choice of marine diversity and coral","twitter_image":"https:\/\/www.blackturtledive.com\/wp-content\/uploads\/2020\/11\/blackturtledive.com-best-padi-divemaster-course-koh-tao.jpg","twitter_site":"@blackturtledive","twitter_misc":{"Gesch\u00e4tzte Lesezeit":"4\u00a0Minuten"},"schema":{"@context":"https:\/\/schema.org","@graph":[{"@type":"WebPage","@id":"https:\/\/www.blackturtledive.com\/de\/koh-tao-dive-sites\/lighthouse-bay\/","url":"https:\/\/www.blackturtledive.com\/de\/koh-tao-dive-sites\/lighthouse-bay\/","name":"Lighthouse Bay Tauchplatz Koh Tao | Black Turtle Dive","isPartOf":{"@id":"https:\/\/www.blackturtledive.com\/de\/#website"},"primaryImageOfPage":{"@id":"https:\/\/www.blackturtledive.com\/de\/koh-tao-dive-sites\/lighthouse-bay\/#primaryimage"},"image":{"@id":"https:\/\/www.blackturtledive.com\/de\/koh-tao-dive-sites\/lighthouse-bay\/#primaryimage"},"thumbnailUrl":"https:\/\/www.blackturtledive.com\/wp-content\/uploads\/2021\/01\/blackturtledive.com-Lighthouse-Bay-dive-site-koh-tao-anemone-fish.jpg","datePublished":"2020-09-19T15:54:32+00:00","dateModified":"2026-05-05T14:24:46+00:00","description":"Der Tauchplatz Lighthouse Bay auf Koh Tao liegt an der Nordostk\u00fcste in einer gesch\u00fctzten Bucht und bietet Tauchern eine riesige Auswahl an Meeresarten und Korallen.","breadcrumb":{"@id":"https:\/\/www.blackturtledive.com\/de\/koh-tao-dive-sites\/lighthouse-bay\/#breadcrumb"},"inLanguage":"de","potentialAction":[{"@type":"ReadAction","target":["https:\/\/www.blackturtledive.com\/de\/koh-tao-dive-sites\/lighthouse-bay\/"]}]},{"@type":"ImageObject","inLanguage":"de","@id":"https:\/\/www.blackturtledive.com\/de\/koh-tao-dive-sites\/lighthouse-bay\/#primaryimage","url":"https:\/\/www.blackturtledive.com\/wp-content\/uploads\/2021\/01\/blackturtledive.com-Lighthouse-Bay-dive-site-koh-tao-anemone-fish.jpg","contentUrl":"https:\/\/www.blackturtledive.com\/wp-content\/uploads\/2021\/01\/blackturtledive.com-Lighthouse-Bay-dive-site-koh-tao-anemone-fish.jpg","width":1100,"height":619,"caption":"Lighthouse Bay Dive Site Koh Tao"},{"@type":"BreadcrumbList","@id":"https:\/\/www.blackturtledive.com\/de\/koh-tao-dive-sites\/lighthouse-bay\/#breadcrumb","itemListElement":[{"@type":"ListItem","position":1,"name":"Home","item":"https:\/\/www.blackturtledive.com\/de\/"},{"@type":"ListItem","position":2,"name":"Koh Tao Tauchpl\u00e4tze","item":"https:\/\/www.blackturtledive.com\/de\/koh-tao-dive-sites\/"},{"@type":"ListItem","position":3,"name":"Lighthouse Bay"}]},{"@type":"WebSite","@id":"https:\/\/www.blackturtledive.com\/de\/#website","url":"https:\/\/www.blackturtledive.com\/de\/","name":"Black Turtle Dive Koh Tao","description":"Ocean Explorers | Marine Protectors","publisher":{"@id":"https:\/\/www.blackturtledive.com\/de\/#organization"},"alternateName":"Black Turtle Dive in Thailand","potentialAction":[{"@type":"SearchAction","target":{"@type":"EntryPoint","urlTemplate":"https:\/\/www.blackturtledive.com\/de\/?s={search_term_string}"},"query-input":{"@type":"PropertyValueSpecification","valueRequired":true,"valueName":"search_term_string"}}],"inLanguage":"de"},{"@type":"Organization","@id":"https:\/\/www.blackturtledive.com\/de\/#organization","name":"Black Turtle Dive Koh Tao","alternateName":"Black Turtle Dive","url":"https:\/\/www.blackturtledive.com\/de\/","logo":{"@type":"ImageObject","inLanguage":"de","@id":"https:\/\/www.blackturtledive.com\/de\/#\/schema\/logo\/image\/","url":"https:\/\/www.blackturtledive.com\/wp-content\/uploads\/2020\/11\/cropped-blackturtledive.com-brand-logo.png","contentUrl":"https:\/\/www.blackturtledive.com\/wp-content\/uploads\/2020\/11\/cropped-blackturtledive.com-brand-logo.png","width":400,"height":400,"caption":"Black Turtle Dive Koh Tao"},"image":{"@id":"https:\/\/www.blackturtledive.com\/de\/#\/schema\/logo\/image\/"},"sameAs":["https:\/\/www.facebook.com\/blackturtledive","https:\/\/x.com\/blackturtledive","https:\/\/www.instagram.com\/blackturtledive\/","https:\/\/www.youtube.com\/blackturtledive","https:\/\/www.linkedin.com\/company\/blackturtledive\/","https:\/\/www.tumblr.com\/blackturtledive","https:\/\/www.pinterest.com\/blackturtledive\/","https:\/\/www.tiktok.com\/@blackturtledive","https:\/\/www.reddit.com\/user\/blackturtledive\/"],"description":"Black Turtle Dive is a modern and innovative 5 Star Career Development Scuba Diving Center, passionate about the ocean and through training we want to empower you to become a competent and confident scuba diver. Our diving courses equip you with the skills, knowledge and awareness necessary to explore the ocean safely, whilst becoming a passionate advocate and protector of the marine environment. If you have never dived before or are a certified diver and want to develop your skills further, our tailored, bespoke courses and programs will inspire you to become an Ocean advocate. Our scientific based Marine Conservation Internships and training programs, offer aspiring scuba divers and marine conservationists, the best marine conservation internships on Koh Tao. We currently offer students six levels of Marine Conservation Internships at our beachside location on Koh Tao in Thailand. Check out our website for more information.","email":"info@blackturtledive.com","telephone":"089 592 2134","legalName":"Black Turtle Dive Co Ltd","foundingDate":"2020-01-01","publishingPrinciples":"https:\/\/www.blackturtledive.com\/terms\/","ownershipFundingInfo":"https:\/\/www.blackturtledive.com\/terms\/","actionableFeedbackPolicy":"https:\/\/www.blackturtledive.com\/privacy-policy\/","correctionsPolicy":"https:\/\/www.blackturtledive.com\/privacy-policy\/","ethicsPolicy":"https:\/\/www.blackturtledive.com\/privacy-policy\/","diversityPolicy":"https:\/\/www.blackturtledive.com\/privacy-policy\/"}]}},"_links":{"self":[{"href":"https:\/\/www.blackturtledive.com\/de\/wp-json\/wp\/v2\/pages\/18668","targetHints":{"allow":["GET"]}}],"collection":[{"href":"https:\/\/www.blackturtledive.com\/de\/wp-json\/wp\/v2\/pages"}],"about":[{"href":"https:\/\/www.blackturtledive.com\/de\/wp-json\/wp\/v2\/types\/page"}],"author":[{"embeddable":true,"href":"https:\/\/www.blackturtledive.com\/de\/wp-json\/wp\/v2\/users\/2"}],"replies":[{"embeddable":true,"href":"https:\/\/www.blackturtledive.com\/de\/wp-json\/wp\/v2\/comments?post=18668"}],"version-history":[{"count":1,"href":"https:\/\/www.blackturtledive.com\/de\/wp-json\/wp\/v2\/pages\/18668\/revisions"}],"predecessor-version":[{"id":70905,"href":"https:\/\/www.blackturtledive.com\/de\/wp-json\/wp\/v2\/pages\/18668\/revisions\/70905"}],"up":[{"embeddable":true,"href":"https:\/\/www.blackturtledive.com\/de\/wp-json\/wp\/v2\/pages\/18682"}],"wp:featuredmedia":[{"embeddable":true,"href":"https:\/\/www.blackturtledive.com\/de\/wp-json\/wp\/v2\/media\/18293"}],"wp:attachment":[{"href":"https:\/\/www.blackturtledive.com\/de\/wp-json\/wp\/v2\/media?parent=18668"}],"curies":[{"name":"wp","href":"https:\/\/api.w.org\/{rel}","templated":true}]}}