{"id":18669,"date":"2020-09-19T22:53:50","date_gmt":"2020-09-19T15:53:50","guid":{"rendered":"https:\/\/www.blackturtledive.com\/aow-leuk\/"},"modified":"2026-05-05T21:24:47","modified_gmt":"2026-05-05T14:24:47","slug":"aow-leuk","status":"publish","type":"page","link":"https:\/\/www.blackturtledive.com\/de\/koh-tao-dive-sites\/aow-leuk\/","title":{"rendered":"Aow Leuk"},"content":{"rendered":"<div class=\"wpb-content-wrapper\"><p>[vc_row][vc_column][vc_column_text css=&#8220;&#8220;]Aow Leuk ist eine malerische Bucht im S\u00fcdosten der Insel, gekennzeichnet durch klares Wasser und ein vielf\u00e4ltiges Riff, das der K\u00fcstenlinie bis zu einer maximalen Tiefe von 15 Metern folgt.<\/p>\n<p>Die Stelle ist zuverl\u00e4ssig f\u00fcr das Beobachten von Schwarzspitzen-Riffhaien in flachen Bereichen und Seepferdchen in sandigen Abschnitten und deshalb beliebt f\u00fcr gem\u00e4chliche Makro\u2011 und Krittersuchen\u2011Tauchg\u00e4nge sowie Unterwasserfotografie.<\/p>\n<p>Aufgrund ihres gesch\u00fctzten Charakters w\u00e4hrend der Westmonsun\u2011Saison ist Aow Leuk ein ganzj\u00e4hrig wichtiger Ausbildungstauchplatz, an dem regelm\u00e4\u00dfig hohe Konzentrationen juveniler Riff-Fische anzutreffen sind.<\/p>\n<h3><span style=\"color: #28d4ff;\">Erfahren Sie mehr \u00fcber den Tauchplatz Aow Leuk auf Koh Tao<\/span><\/h3>\n<p>Der Tauchplatz Aow Leuk liegt an der S\u00fcdostk\u00fcste von <a href=\"https:\/\/www.blackturtledive.com\/koh-tao\/\">Koh Tao<\/a> und ist ein sehr beliebter, flacher <a href=\"https:\/\/www.blackturtledive.com\/padi-diving-courses\/\">Tauchplatz<\/a> f\u00fcr <a href=\"https:\/\/www.blackturtledive.com\/fun-diving-koh-tao\/\">Freizeittaucher<\/a> und Tauchkurse.<\/p>\n<ul>\n<li>Lage: S\u00fcdost-Koh Tao<\/li>\n<li>Tiefe: Max. 15 m, Min. 0 m \u2013 Durchschnitt 8 m<\/li>\n<li>Art des Tauchplatzes: Flaches Riff<\/li>\n<li>Schwierigkeitsgrad: Open Water Diver<\/li>\n<li>Bedingungen: In der Regel gut<\/li>\n<li>Durchschnittliche Sichtweite: 5\u201310 m<\/li>\n<\/ul>\n<p>Aow Leuk ist eine gro\u00dfe Bucht an der S\u00fcdostseite von Koh Tao und bietet vom Wasser aus sch\u00f6ne Ausblicke auf <a href=\"https:\/\/www.blackturtledive.com\/koh-tao-dive-sites\/shark-island\/\">Shark Island<\/a>, Koh Phangan, Koh Samui und den Ang Thong National Marine Park.<\/p>\n<p>Aow Leuk geh\u00f6rt zu den sch\u00f6nsten Buchten von Koh Tao und ist ein beliebter Ort f\u00fcr <a href=\"https:\/\/www.blackturtledive.com\/experience-programs\/\">Schnorchler<\/a> und Taucher.<\/p>\n<p>Der Tauchplatz Aow Leuk ist ideal, um das <a href=\"https:\/\/www.blackturtledive.com\/padi-diving-courses\/open-water-course\/\">Tauchen zu erlernen<\/a>, und bietet Tauchern eine Vielfalt an <a href=\"https:\/\/www.blackturtledive.com\/koh-tao-marine-life\/\">Meeresleben<\/a> sowie Mischungen aus Hart- und Weichkorallen zwischen Granitbl\u00f6cken.<\/p>\n<div  data-ep-a=\"fadeIn\"  id=\"_ytid_77031\"  width=\"640\" height=\"360\"  data-origwidth=\"640\" data-origheight=\"360\"  data-relstop=\"1\" data-facadesrc=\"https:\/\/www.youtube.com\/embed\/02rccKg5SfA?enablejsapi=1&origin=https:\/\/www.blackturtledive.com&autoplay=0&cc_load_policy=0&cc_lang_pref=&iv_load_policy=1&loop=0&rel=0&fs=1&playsinline=0&autohide=2&theme=dark&color=red&controls=1&disablekb=0&\" class=\"__youtube_prefs__ epyt-facade  no-lazyload\" data-epautoplay=\"1\" ><img decoding=\"async\" data-spai-excluded=\"true\" class=\"epyt-facade-poster skip-lazy\" loading=\"lazy\"  alt=\"Aow Leuk Dive Site Koh Tao Thailand\"  src=\"https:\/\/i.ytimg.com\/vi\/02rccKg5SfA\/maxresdefault.jpg\"  \/><button class=\"epyt-facade-play\" aria-label=\"Play\"><svg data-no-lazy=\"1\" height=\"100%\" version=\"1.1\" viewBox=\"0 0 68 48\" width=\"100%\"><path class=\"ytp-large-play-button-bg\" d=\"M66.52,7.74c-0.78-2.93-2.49-5.41-5.42-6.19C55.79,.13,34,0,34,0S12.21,.13,6.9,1.55 C3.97,2.33,2.27,4.81,1.48,7.74C0.06,13.05,0,24,0,24s0.06,10.95,1.48,16.26c0.78,2.93,2.49,5.41,5.42,6.19 C12.21,47.87,34,48,34,48s21.79-0.13,27.1-1.55c2.93-0.78,4.64-3.26,5.42-6.19C67.94,34.95,68,24,68,24S67.94,13.05,66.52,7.74z\" fill=\"#f00\"><\/path><path d=\"M 45,24 27,14 27,34\" fill=\"#fff\"><\/path><\/svg><\/button><\/div><span itemprop=\"video\" itemscope itemtype=\"http:\/\/schema.org\/VideoObject\"><meta itemprop=\"embedUrl\" content=\"https:\/\/www.youtube.com\/embed\/02rccKg5SfA\"><meta itemprop=\"name\" content=\"Aow Leuk Dive Site Koh Tao Thailand\"><meta itemprop=\"description\" content=\"Aow Leuk dive site is located on the south-east coast of Koh Tao and is a very popular shallow scuba diving location for fun divers and diving courses. Location: South-East Koh Tao Depth: Max 15m, Min 0m \u2013 Average 8m Type of site: Shallow reef dive Level: Open Water diver Conditions: Usually Good Average Visibility: 5-10m Aow Leuk is a large bay and is located on the south east side of Koh Tao and offers beautiful views of Shark Island, Koh Phangan, Koh Samui and Ang Thong National Marine Park from the surface. Check out our dive sites: https:\/\/www.blackturtledive.com\/koh-tao-dive-sites\/aow-leuk\/ Footage: \ud83d\ude4f\ud83c\udffb. \ud83c\udfac Wet Lens Images (https:\/\/www.youtube.com\/channel\/UCVB6Hza4P2ct7SgAo7I9n7g)\"><meta itemprop=\"thumbnailUrl\" content=\"https:\/\/i.ytimg.com\/vi\/02rccKg5SfA\/0.jpg\"><meta itemprop=\"duration\" content=\"PT58S\"><meta itemprop=\"uploadDate\" content=\"2021-01-28T05:26:04Z\"><\/span>\n<h3>Lernen Sie, in Aow Leuk tauchen zu gehen<\/h3>\n<p>Der Tauchplatz bietet viel zu sehen, einschlie\u00dflich einer <a href=\"https:\/\/www.blackturtledive.com\/koh-tao-marine-life\/green-sea-turtle\/\">Meeresschildkr\u00f6te<\/a>, und h\u00e4lt selbst erfahrene Taucher viele Stunden unter Wasser.<\/p>\n<p>Aow Leuk l\u00e4sst sich in zwei Tauchg\u00e4nge aufteilen: einen entlang der Nordseite der Bucht zum Aow Leuk Point und einen an der S\u00fcdseite namens Hin Ngam.<\/p>\n<p>Die Bucht hat eine maximale Tiefe von 15 Metern und eine durchschnittliche Tiefe von etwa 8 Metern. Zwischen den beiden Tauchpl\u00e4tzen befindet sich ein sandiger Boden, der sich perfekt f\u00fcr Ausbildung Tauchg\u00e4nge eignet.<\/p>\n<p>Beide dieser <a href=\"https:\/\/www.blackturtledive.com\/koh-tao-dive-sites\/\">Tauchpl\u00e4tze<\/a> sind mit Hart- und Weichkorallen bedeckt, die an den gro\u00dfen Felsen und Bl\u00f6cken der K\u00fcstenlinie haften.<\/p>\n<h3><span style=\"color: #28d4ff;\">F\u00fclle an Meereslebewesen<\/span><\/h3>\n<p>Sie sehen gro\u00dfe Felsen- und Steinkorallen sowie zahlreiche Weihnachtsbaumw\u00fcrmer, die in den K\u00f6pfen massiver Korallen eingebettet sind.<\/p>\n<p>An Aow Leuk gibt es au\u00dferdem viele Geweihkoralle (Staghorn), Gehirn, Korallen und Tischkorallen sowie sch\u00f6ne Pilz- und Toadstool-Weichkorallen.<\/p>\n<p>Diese Korallen bieten einen hervorragenden Unterschlupf f\u00fcr juvenile <a href=\"https:\/\/www.blackturtledive.com\/koh-tao-marine-life\/yellow-boxfish\/\">Gelbe Box -Fische<\/a>, junge Sweetlips und <a href=\"https:\/\/www.blackturtledive.com\/koh-tao-marine-life\/blue-spotted-ribbontail-ray\/\">Blaupunkt-Stachelrochen<\/a>.<\/p>\n<figure id=\"attachment_3576\" aria-describedby=\"caption-attachment-3576\" style=\"width: 1100px\" class=\"wp-caption alignnone\"><img decoding=\"async\" class=\"size-full wp-image-3576\" src=\"https:\/\/www.blackturtledive.com\/wp-content\/uploads\/2021\/01\/blackturtledive.com-aow-leuk-dive-site-koh-tao-marine-life.jpg\" alt=\"Tauchplatz Aow Leuk\" width=\"1100\" height=\"619\" srcset=\"https:\/\/www.blackturtledive.com\/wp-content\/uploads\/2021\/01\/blackturtledive.com-aow-leuk-dive-site-koh-tao-marine-life.jpg 1100w, https:\/\/www.blackturtledive.com\/wp-content\/uploads\/2021\/01\/blackturtledive.com-aow-leuk-dive-site-koh-tao-marine-life-300x169.jpg 300w, https:\/\/www.blackturtledive.com\/wp-content\/uploads\/2021\/01\/blackturtledive.com-aow-leuk-dive-site-koh-tao-marine-life-1024x576.jpg 1024w, https:\/\/www.blackturtledive.com\/wp-content\/uploads\/2021\/01\/blackturtledive.com-aow-leuk-dive-site-koh-tao-marine-life-768x432.jpg 768w, https:\/\/www.blackturtledive.com\/wp-content\/uploads\/2021\/01\/blackturtledive.com-aow-leuk-dive-site-koh-tao-marine-life-150x84.jpg 150w\" sizes=\"(max-width: 1100px) 100vw, 1100px\" \/><figcaption id=\"caption-attachment-3576\" class=\"wp-caption-text\">Tauchplatz Aow Leuk<\/figcaption><\/figure>\n<h3>Blaupunkt-Stachelrochen<\/h3>\n<p>Mit scharfem Auge k\u00f6nnen Sie eventuell einen <a href=\"https:\/\/www.blackturtledive.com\/koh-tao-marine-life\/bearded-scorpion-fish\/\">bart tragenden Skorpionfisch<\/a> (r\u00f6tlich&#8211;braun), der sich perfekt an Felsen und Korallen anpasst, entdecken.<\/p>\n<p>Sie werden Schnurrbart-Ziegen , Fische sehen, die im Sand w\u00fchlen, und insbesondere in den flachen Bereichen die Pfauen-Sole, die sich gegen den Sand tarnen.<\/p>\n<p>Es gibt zahlreiche Riesenmuscheln und Indische Polster Sterne, und auch Dornenkronen (Acanthaster) sind vereinzelt zu finden.<\/p>\n<p>Wenn Sie Gl\u00fcck haben \u2014 oder beim Schnorcheln in Aow Leuk \u2014 k\u00f6nnen Sie junge <a href=\"https:\/\/www.blackturtledive.com\/koh-tao-marine-life\/black-tip-reef-shark\/\">Schwarzspitzen-Riffhaie<\/a> beobachten, die nach kleinen Wei\u00dfen, Gruntern und anderen kleinen Knochenfischen jagen.<\/p>\n<h3><span style=\"color: #28d4ff;\">Meeresschildkr\u00f6ten am Tauchplatz Aow Leuk<\/span><\/h3>\n<p>Beim Tauchen in Aow Leuk sehen Sie eine Vielzahl mariner Lebewesen, da der <a href=\"https:\/\/www.blackturtledive.com\/blog\/10-interesting-facts-about-koh-tao-dive-sites\/\">Tauchplatz Vielfalt bietet<\/a> in einer flachen Bucht.<\/p>\n<p><a href=\"https:\/\/www.blackturtledive.com\/koh-tao-marine-life\/yellow-tail-barracuda\/\">Gelbschwanz-Barrakudas<\/a> sind an den R\u00e4ndern der Korallen bei Hin Ngam zu sehen, und rosa Anemonenfische stecken ihre K\u00f6pfe aus den sch\u00fctzenden Teppichanemonen, die an den Felsen und Bl\u00f6cken verankert sind.<\/p>\n<p>Das Meeresleben in Aow Leuk ist reichlich vorhanden: Sergeant Majors, Kaninchenfische, Eichh\u00f6rnchen, Fische und Doktorfische gehen ihrem Tagesgesch\u00e4ft nach, ebenso zahlreiche <a href=\"https:\/\/www.blackturtledive.com\/koh-tao-marine-life\/parrot-fish\/\">Papageienfische<\/a>, die an den Korallen knabbern.<\/p>\n<p>Verschiedene Garnelen- und Seenadel Sorten sowie Igelfische und <a href=\"https:\/\/www.blackturtledive.com\/koh-tao-marine-life\/white-eyed-moray-eel\/\">Wei\u00dfaugen-Angelrochen (Mor\u00e4nen)<\/a> sind rund um Hin Ngam zu beobachten.<\/p>\n<figure id=\"attachment_3578\" aria-describedby=\"caption-attachment-3578\" style=\"width: 1000px\" class=\"wp-caption alignnone\"><img decoding=\"async\" class=\"size-full wp-image-3578\" src=\"https:\/\/www.blackturtledive.com\/wp-content\/uploads\/2021\/01\/blackturtledive.com-aow-leuk-dive-site-koh-tao.jpg\" alt=\"Tauchplatz Aow Leuk - Bereich k\u00fcnstlicher Tauchplatz\" width=\"1000\" height=\"563\" srcset=\"https:\/\/www.blackturtledive.com\/wp-content\/uploads\/2021\/01\/blackturtledive.com-aow-leuk-dive-site-koh-tao.jpg 1000w, https:\/\/www.blackturtledive.com\/wp-content\/uploads\/2021\/01\/blackturtledive.com-aow-leuk-dive-site-koh-tao-300x169.jpg 300w, https:\/\/www.blackturtledive.com\/wp-content\/uploads\/2021\/01\/blackturtledive.com-aow-leuk-dive-site-koh-tao-768x432.jpg 768w, https:\/\/www.blackturtledive.com\/wp-content\/uploads\/2021\/01\/blackturtledive.com-aow-leuk-dive-site-koh-tao-150x84.jpg 150w\" sizes=\"(max-width: 1000px) 100vw, 1000px\" \/><figcaption id=\"caption-attachment-3578\" class=\"wp-caption-text\">Tauchplatz Aow Leuk &#8211; Bereich k\u00fcnstlicher Tauchplatz<\/figcaption><\/figure>\n<h3>K\u00fcnstlicher Tauchplatz bei Aow Leuk<\/h3>\n<p>Entlang der K\u00fcste nach S\u00fcdosten erstreckt sich der Tauchplatz bis zu einer maximalen Tiefe von etwa 14 Metern.<\/p>\n<p>Wenn Sie nach Osten \u00fcber den Sand navigieren, liegt in 14\u201316 Metern Tiefe Suan Olan (Nolan&#8217;s Garden), einer der <a href=\"https:\/\/www.blackturtledive.com\/conservation\/marine-conservation-courses\/artificial-dive-sites\/\">k\u00fcnstlichen Tauchpl\u00e4tze<\/a> von Koh Tao, der 2010 als Reaktion auf Korallenbleiche angelegt wurde.<\/p>\n<p>Er umfasst verschiedene k\u00fcnstliche Strukturen, darunter eine Riff Pyramide, einen Mini Cooper, Betonrohre in verschiedenen Gr\u00f6\u00dfen, ein Riffhaus und Zementbl\u00f6cke.<\/p>\n<p>Diese Strukturen sind zur Heimat zahlreicher Meeresbewohner geworden. Da die Tiefe zwischen ca. 10 und 18 m liegt, bietet der Platz viel Bodenzeit, um das Meeresleben zu entdecken \u2014 darunter auch die Sternengelfische (Starry-Eyed Puffer).<\/p>\n<figure id=\"attachment_3574\" aria-describedby=\"caption-attachment-3574\" style=\"width: 1100px\" class=\"wp-caption alignnone\"><img decoding=\"async\" class=\"size-full wp-image-3574\" src=\"https:\/\/www.blackturtledive.com\/wp-content\/uploads\/2021\/01\/blackturtledive.com-aow-leuk-dive-site-koh-tao-thailand.jpg\" alt=\"Tauchplatz Aow Leuk Koh Tao\" width=\"1100\" height=\"619\" srcset=\"https:\/\/www.blackturtledive.com\/wp-content\/uploads\/2021\/01\/blackturtledive.com-aow-leuk-dive-site-koh-tao-thailand.jpg 1100w, https:\/\/www.blackturtledive.com\/wp-content\/uploads\/2021\/01\/blackturtledive.com-aow-leuk-dive-site-koh-tao-thailand-300x169.jpg 300w, https:\/\/www.blackturtledive.com\/wp-content\/uploads\/2021\/01\/blackturtledive.com-aow-leuk-dive-site-koh-tao-thailand-1024x576.jpg 1024w, https:\/\/www.blackturtledive.com\/wp-content\/uploads\/2021\/01\/blackturtledive.com-aow-leuk-dive-site-koh-tao-thailand-768x432.jpg 768w, https:\/\/www.blackturtledive.com\/wp-content\/uploads\/2021\/01\/blackturtledive.com-aow-leuk-dive-site-koh-tao-thailand-150x84.jpg 150w\" sizes=\"(max-width: 1100px) 100vw, 1100px\" \/><figcaption id=\"caption-attachment-3574\" class=\"wp-caption-text\">Tauchplatz Aow Leuk Koh Tao<\/figcaption><\/figure>\n<p><a class=\"fasc-button fasc-size-large fasc-type-glossy\" style=\"background-color: #208aae; color: #ffffff;\" href=\"https:\/\/www.blackturtledive.com\/diving-course-prices\/#beginners\">JETZT BUCHEN<\/a>[\/vc_column_text][\/vc_column][\/vc_row]<\/p>\n<\/div>","protected":false},"excerpt":{"rendered":"<p>Der Tauchplatz Aow Leuk liegt an der S\u00fcdostk\u00fcste von Koh Tao und ist ein sehr beliebter Ort f\u00fcr Flachwassertauchg\u00e4nge, sowohl f\u00fcr Freizeittaucher als auch f\u00fcr Tauchkurse.<\/p>\n","protected":false},"author":2,"featured_media":18281,"parent":18682,"menu_order":0,"comment_status":"closed","ping_status":"closed","template":"","meta":{"_acf_changed":false,"footnotes":""},"class_list":["post-18669","page","type-page","status-publish","has-post-thumbnail","hentry"],"acf":[],"yoast_head":"<!-- This site is optimized with the Yoast SEO Premium plugin v27.6 (Yoast SEO v27.6) - https:\/\/yoast.com\/product\/yoast-seo-premium-wordpress\/ -->\n<title>Aow Leuk Tauchplatz Koh Tao | Black Turtle Dive<\/title>\n<meta name=\"description\" content=\"Der Tauchplatz Aow Leuk liegt an der S\u00fcdostk\u00fcste von Koh Tao und ist ein sehr beliebtes Flachwasser-Tauchgebiet f\u00fcr Freizeittaucher und Tauchkurse.\" \/>\n<meta name=\"robots\" content=\"index, follow, max-snippet:-1, max-image-preview:large, max-video-preview:-1\" \/>\n<link rel=\"canonical\" href=\"https:\/\/www.blackturtledive.com\/de\/koh-tao-dive-sites\/aow-leuk\/\" \/>\n<meta property=\"og:locale\" content=\"de_DE\" \/>\n<meta property=\"og:type\" content=\"article\" \/>\n<meta property=\"og:title\" content=\"Aow Leuk Dive Site Koh Tao | Black Turtle Dive\" \/>\n<meta property=\"og:description\" content=\"Aow Leuk dive site is located on the south-east coast of Koh Tao and is a very popular shallow scuba diving location for fun divers and diving courses\" \/>\n<meta property=\"og:url\" content=\"https:\/\/www.blackturtledive.com\/de\/koh-tao-dive-sites\/aow-leuk\/\" \/>\n<meta property=\"og:site_name\" content=\"Black Turtle Dive Koh Tao\" \/>\n<meta property=\"article:publisher\" content=\"https:\/\/www.facebook.com\/blackturtledive\" \/>\n<meta property=\"article:modified_time\" content=\"2026-05-05T14:24:47+00:00\" \/>\n<meta property=\"og:image\" content=\"https:\/\/www.blackturtledive.com\/wp-content\/uploads\/2020\/11\/blackturtledive.com-best-padi-divemaster-course-koh-tao.jpg\" \/>\n\t<meta property=\"og:image:width\" content=\"1200\" \/>\n\t<meta property=\"og:image:height\" content=\"800\" \/>\n\t<meta property=\"og:image:type\" content=\"image\/jpeg\" \/>\n<meta name=\"twitter:card\" content=\"summary_large_image\" \/>\n<meta name=\"twitter:title\" content=\"Aow Leuk Dive Site Koh Tao | Black Turtle Dive\" \/>\n<meta name=\"twitter:description\" content=\"Aow Leuk dive site is located on the south-east coast of Koh Tao and is a very popular shallow scuba diving location for fun divers and diving courses\" \/>\n<meta name=\"twitter:image\" content=\"https:\/\/www.blackturtledive.com\/wp-content\/uploads\/2020\/11\/blackturtledive.com-best-padi-divemaster-course-koh-tao.jpg\" \/>\n<meta name=\"twitter:site\" content=\"@blackturtledive\" \/>\n<meta name=\"twitter:label1\" content=\"Gesch\u00e4tzte Lesezeit\" \/>\n\t<meta name=\"twitter:data1\" content=\"4\u00a0Minuten\" \/>\n<!-- \/ Yoast SEO Premium plugin. -->","yoast_head_json":{"title":"Aow Leuk Tauchplatz Koh Tao | Black Turtle Dive","description":"Der Tauchplatz Aow Leuk liegt an der S\u00fcdostk\u00fcste von Koh Tao und ist ein sehr beliebtes Flachwasser-Tauchgebiet f\u00fcr Freizeittaucher und Tauchkurse.","robots":{"index":"index","follow":"follow","max-snippet":"max-snippet:-1","max-image-preview":"max-image-preview:large","max-video-preview":"max-video-preview:-1"},"canonical":"https:\/\/www.blackturtledive.com\/de\/koh-tao-dive-sites\/aow-leuk\/","og_locale":"de_DE","og_type":"article","og_title":"Aow Leuk Dive Site Koh Tao | Black Turtle Dive","og_description":"Aow Leuk dive site is located on the south-east coast of Koh Tao and is a very popular shallow scuba diving location for fun divers and diving courses","og_url":"https:\/\/www.blackturtledive.com\/de\/koh-tao-dive-sites\/aow-leuk\/","og_site_name":"Black Turtle Dive Koh Tao","article_publisher":"https:\/\/www.facebook.com\/blackturtledive","article_modified_time":"2026-05-05T14:24:47+00:00","og_image":[{"width":1200,"height":800,"url":"https:\/\/www.blackturtledive.com\/wp-content\/uploads\/2020\/11\/blackturtledive.com-best-padi-divemaster-course-koh-tao.jpg","type":"image\/jpeg"}],"twitter_card":"summary_large_image","twitter_title":"Aow Leuk Dive Site Koh Tao | Black Turtle Dive","twitter_description":"Aow Leuk dive site is located on the south-east coast of Koh Tao and is a very popular shallow scuba diving location for fun divers and diving courses","twitter_image":"https:\/\/www.blackturtledive.com\/wp-content\/uploads\/2020\/11\/blackturtledive.com-best-padi-divemaster-course-koh-tao.jpg","twitter_site":"@blackturtledive","twitter_misc":{"Gesch\u00e4tzte Lesezeit":"4\u00a0Minuten"},"schema":{"@context":"https:\/\/schema.org","@graph":[{"@type":"WebPage","@id":"https:\/\/www.blackturtledive.com\/de\/koh-tao-dive-sites\/aow-leuk\/","url":"https:\/\/www.blackturtledive.com\/de\/koh-tao-dive-sites\/aow-leuk\/","name":"Aow Leuk Tauchplatz Koh Tao | Black Turtle Dive","isPartOf":{"@id":"https:\/\/www.blackturtledive.com\/de\/#website"},"primaryImageOfPage":{"@id":"https:\/\/www.blackturtledive.com\/de\/koh-tao-dive-sites\/aow-leuk\/#primaryimage"},"image":{"@id":"https:\/\/www.blackturtledive.com\/de\/koh-tao-dive-sites\/aow-leuk\/#primaryimage"},"thumbnailUrl":"https:\/\/www.blackturtledive.com\/wp-content\/uploads\/2021\/01\/blackturtledive.com-aow-leuk-dive-site-koh-tao-marine-life.jpg","datePublished":"2020-09-19T15:53:50+00:00","dateModified":"2026-05-05T14:24:47+00:00","description":"Der Tauchplatz Aow Leuk liegt an der S\u00fcdostk\u00fcste von Koh Tao und ist ein sehr beliebtes Flachwasser-Tauchgebiet f\u00fcr Freizeittaucher und Tauchkurse.","breadcrumb":{"@id":"https:\/\/www.blackturtledive.com\/de\/koh-tao-dive-sites\/aow-leuk\/#breadcrumb"},"inLanguage":"de","potentialAction":[{"@type":"ReadAction","target":["https:\/\/www.blackturtledive.com\/de\/koh-tao-dive-sites\/aow-leuk\/"]}]},{"@type":"ImageObject","inLanguage":"de","@id":"https:\/\/www.blackturtledive.com\/de\/koh-tao-dive-sites\/aow-leuk\/#primaryimage","url":"https:\/\/www.blackturtledive.com\/wp-content\/uploads\/2021\/01\/blackturtledive.com-aow-leuk-dive-site-koh-tao-marine-life.jpg","contentUrl":"https:\/\/www.blackturtledive.com\/wp-content\/uploads\/2021\/01\/blackturtledive.com-aow-leuk-dive-site-koh-tao-marine-life.jpg","width":1100,"height":619,"caption":"Aow Leuk Dive Site"},{"@type":"BreadcrumbList","@id":"https:\/\/www.blackturtledive.com\/de\/koh-tao-dive-sites\/aow-leuk\/#breadcrumb","itemListElement":[{"@type":"ListItem","position":1,"name":"Home","item":"https:\/\/www.blackturtledive.com\/de\/"},{"@type":"ListItem","position":2,"name":"Koh Tao Tauchpl\u00e4tze","item":"https:\/\/www.blackturtledive.com\/de\/koh-tao-dive-sites\/"},{"@type":"ListItem","position":3,"name":"Aow Leuk"}]},{"@type":"WebSite","@id":"https:\/\/www.blackturtledive.com\/de\/#website","url":"https:\/\/www.blackturtledive.com\/de\/","name":"Black Turtle Dive Koh Tao","description":"Ocean Explorers | Marine Protectors","publisher":{"@id":"https:\/\/www.blackturtledive.com\/de\/#organization"},"alternateName":"Black Turtle Dive in Thailand","potentialAction":[{"@type":"SearchAction","target":{"@type":"EntryPoint","urlTemplate":"https:\/\/www.blackturtledive.com\/de\/?s={search_term_string}"},"query-input":{"@type":"PropertyValueSpecification","valueRequired":true,"valueName":"search_term_string"}}],"inLanguage":"de"},{"@type":"Organization","@id":"https:\/\/www.blackturtledive.com\/de\/#organization","name":"Black Turtle Dive Koh Tao","alternateName":"Black Turtle Dive","url":"https:\/\/www.blackturtledive.com\/de\/","logo":{"@type":"ImageObject","inLanguage":"de","@id":"https:\/\/www.blackturtledive.com\/de\/#\/schema\/logo\/image\/","url":"https:\/\/www.blackturtledive.com\/wp-content\/uploads\/2020\/11\/cropped-blackturtledive.com-brand-logo.png","contentUrl":"https:\/\/www.blackturtledive.com\/wp-content\/uploads\/2020\/11\/cropped-blackturtledive.com-brand-logo.png","width":400,"height":400,"caption":"Black Turtle Dive Koh Tao"},"image":{"@id":"https:\/\/www.blackturtledive.com\/de\/#\/schema\/logo\/image\/"},"sameAs":["https:\/\/www.facebook.com\/blackturtledive","https:\/\/x.com\/blackturtledive","https:\/\/www.instagram.com\/blackturtledive\/","https:\/\/www.youtube.com\/blackturtledive","https:\/\/www.linkedin.com\/company\/blackturtledive\/","https:\/\/www.tumblr.com\/blackturtledive","https:\/\/www.pinterest.com\/blackturtledive\/","https:\/\/www.tiktok.com\/@blackturtledive","https:\/\/www.reddit.com\/user\/blackturtledive\/"],"description":"Black Turtle Dive is a modern and innovative 5 Star Career Development Scuba Diving Center, passionate about the ocean and through training we want to empower you to become a competent and confident scuba diver. Our diving courses equip you with the skills, knowledge and awareness necessary to explore the ocean safely, whilst becoming a passionate advocate and protector of the marine environment. If you have never dived before or are a certified diver and want to develop your skills further, our tailored, bespoke courses and programs will inspire you to become an Ocean advocate. Our scientific based Marine Conservation Internships and training programs, offer aspiring scuba divers and marine conservationists, the best marine conservation internships on Koh Tao. We currently offer students six levels of Marine Conservation Internships at our beachside location on Koh Tao in Thailand. Check out our website for more information.","email":"info@blackturtledive.com","telephone":"089 592 2134","legalName":"Black Turtle Dive Co Ltd","foundingDate":"2020-01-01","publishingPrinciples":"https:\/\/www.blackturtledive.com\/terms\/","ownershipFundingInfo":"https:\/\/www.blackturtledive.com\/terms\/","actionableFeedbackPolicy":"https:\/\/www.blackturtledive.com\/privacy-policy\/","correctionsPolicy":"https:\/\/www.blackturtledive.com\/privacy-policy\/","ethicsPolicy":"https:\/\/www.blackturtledive.com\/privacy-policy\/","diversityPolicy":"https:\/\/www.blackturtledive.com\/privacy-policy\/"}]}},"_links":{"self":[{"href":"https:\/\/www.blackturtledive.com\/de\/wp-json\/wp\/v2\/pages\/18669","targetHints":{"allow":["GET"]}}],"collection":[{"href":"https:\/\/www.blackturtledive.com\/de\/wp-json\/wp\/v2\/pages"}],"about":[{"href":"https:\/\/www.blackturtledive.com\/de\/wp-json\/wp\/v2\/types\/page"}],"author":[{"embeddable":true,"href":"https:\/\/www.blackturtledive.com\/de\/wp-json\/wp\/v2\/users\/2"}],"replies":[{"embeddable":true,"href":"https:\/\/www.blackturtledive.com\/de\/wp-json\/wp\/v2\/comments?post=18669"}],"version-history":[{"count":1,"href":"https:\/\/www.blackturtledive.com\/de\/wp-json\/wp\/v2\/pages\/18669\/revisions"}],"predecessor-version":[{"id":70906,"href":"https:\/\/www.blackturtledive.com\/de\/wp-json\/wp\/v2\/pages\/18669\/revisions\/70906"}],"up":[{"embeddable":true,"href":"https:\/\/www.blackturtledive.com\/de\/wp-json\/wp\/v2\/pages\/18682"}],"wp:featuredmedia":[{"embeddable":true,"href":"https:\/\/www.blackturtledive.com\/de\/wp-json\/wp\/v2\/media\/18281"}],"wp:attachment":[{"href":"https:\/\/www.blackturtledive.com\/de\/wp-json\/wp\/v2\/media?parent=18669"}],"curies":[{"name":"wp","href":"https:\/\/api.w.org\/{rel}","templated":true}]}}