{"id":18670,"date":"2020-09-19T22:53:24","date_gmt":"2020-09-19T15:53:24","guid":{"rendered":"https:\/\/www.blackturtledive.com\/mango-bay\/"},"modified":"2026-05-05T21:24:48","modified_gmt":"2026-05-05T14:24:48","slug":"mango-bay","status":"publish","type":"page","link":"https:\/\/www.blackturtledive.com\/de\/koh-tao-dive-sites\/mango-bay\/","title":{"rendered":"Mango Bay"},"content":{"rendered":"<div class=\"wpb-content-wrapper\"><p>[vc_row][vc_column][vc_column_text css=&#8220;&#8220;]Mango Bay ist eine weitl\u00e4ufige, sandige Bucht an der Nordk\u00fcste von Koh Tao und bietet ruhiges, t\u00fcrkisfarbenes Wasser sowie eine gro\u00dfe Vielfalt an Hartkorallenr\u00e4ndern.<\/p>\n<p>Mit flachen Tiefen (2\u201315 m) und ausgezeichneter Sicht ist sie die beliebteste Wahl f\u00fcr erste Open\u2011Water\u2011Trainingstauchg\u00e4nge und entspanntes Rifferkunden f\u00fcr Anf\u00e4nger.<\/p>\n<p>Die Bucht verf\u00fcgt \u00fcber gro\u00dfe Best\u00e4nde an Fassschw\u00e4mmen und Riesenmuscheln und bietet ein ideales Lehrgel\u00e4nde f\u00fcr PADI\u2011Specialties wie Fish Identification und Underwater Naturalist in einer stressarmen Umgebung.<\/p>\n<h3><span style=\"color: #28d4ff;\">Erfahren Sie mehr \u00fcber den Tauchplatz Mango Bay auf Koh Tao<\/span><\/h3>\n<p>Der Tauchplatz Mango Bay auf <a href=\"https:\/\/www.blackturtledive.com\/koh-tao\/\">Koh Tao<\/a> liegt an der Nordk\u00fcste in einer gesch\u00fctzten Bucht und ist <a href=\"https:\/\/www.blackturtledive.com\/blog\/learn-to-dive-with-discover-scuba-diving\/\">ideal f\u00fcr Anf\u00e4nger<\/a>, die Tauchen lernen und <a href=\"https:\/\/www.blackturtledive.com\/experience-programs\/snorkel-koh-tao\/\">schnorcheln<\/a> m\u00f6chten.<\/p>\n<ul>\n<li>Lage: Nordk\u00fcste von Koh Tao<\/li>\n<li>Tiefe: 1\u201320 Meter<\/li>\n<li>Art des Tauchplatzes: Koralleng\u00e4rten an der Westseite, k\u00fcstennahe Felsen mit korallen bewachsenen Bl\u00f6cken an der Ostseite.<\/li>\n<li>Schwierigkeitsgrad: <a href=\"https:\/\/www.blackturtledive.com\/padi-diving-courses\/open-water-course\/\">Open Water<\/a> diver<\/li>\n<li>Bedingungen: Im Allgemeinen gut, wenn das Wetter mitspielt<\/li>\n<li>Durchschnittliche Sichtweite: 10\u201320 m<\/li>\n<\/ul>\n<div  data-ep-a=\"fadeIn\"  id=\"_ytid_54678\"  width=\"640\" height=\"360\"  data-origwidth=\"640\" data-origheight=\"360\"  data-relstop=\"1\" data-facadesrc=\"https:\/\/www.youtube.com\/embed\/imT4tZSn1HQ?enablejsapi=1&origin=https:\/\/www.blackturtledive.com&autoplay=0&cc_load_policy=0&cc_lang_pref=&iv_load_policy=1&loop=0&rel=0&fs=1&playsinline=0&autohide=2&theme=dark&color=red&controls=1&disablekb=0&\" class=\"__youtube_prefs__ epyt-facade  no-lazyload\" data-epautoplay=\"1\" ><img decoding=\"async\" data-spai-excluded=\"true\" class=\"epyt-facade-poster skip-lazy\" loading=\"lazy\"  alt=\"Mango Bay Dive Site Koh Tao in Thailand\"  src=\"https:\/\/i.ytimg.com\/vi\/imT4tZSn1HQ\/maxresdefault.jpg\"  \/><button class=\"epyt-facade-play\" aria-label=\"Play\"><svg data-no-lazy=\"1\" height=\"100%\" version=\"1.1\" viewBox=\"0 0 68 48\" width=\"100%\"><path class=\"ytp-large-play-button-bg\" d=\"M66.52,7.74c-0.78-2.93-2.49-5.41-5.42-6.19C55.79,.13,34,0,34,0S12.21,.13,6.9,1.55 C3.97,2.33,2.27,4.81,1.48,7.74C0.06,13.05,0,24,0,24s0.06,10.95,1.48,16.26c0.78,2.93,2.49,5.41,5.42,6.19 C12.21,47.87,34,48,34,48s21.79-0.13,27.1-1.55c2.93-0.78,4.64-3.26,5.42-6.19C67.94,34.95,68,24,68,24S67.94,13.05,66.52,7.74z\" fill=\"#f00\"><\/path><path d=\"M 45,24 27,14 27,34\" fill=\"#fff\"><\/path><\/svg><\/button><\/div><span itemprop=\"video\" itemscope itemtype=\"http:\/\/schema.org\/VideoObject\"><meta itemprop=\"embedUrl\" content=\"https:\/\/www.youtube.com\/embed\/imT4tZSn1HQ\"><meta itemprop=\"name\" content=\"Mango Bay Dive Site Koh Tao in Thailand\"><meta itemprop=\"description\" content=\"Mango Bay dive site on Koh Tao is located on the north coast in a sheltered bay and is perfect for beginners who want to learn how to scuba dive and snorkel. Location: North coast of Koh Tao Depth: 1m \u2013 20 metres Type of site: Coral Gardens on west side, shoreline full of coral encrusted boulders on east. Level: Open Water diver Conditions: Generally good if weather is ok Average Visibility: 10 -20m Located on the north coast of Koh Tao, Mango Bay has a small, sandy beach and it is a large, open bay with a sandy seabed in the middle and both sides are lined with an abundance of coral reefs. Check out more of our dive sites: https:\/\/www.blackturtledive.com\/koh-tao-dive-sites\/mango-bay\/ Footage: \ud83d\ude4f\ud83c\udffb. \ud83c\udfac Wet Lens Images (https:\/\/www.youtube.com\/channel\/UCVB6Hza4P2ct7SgAo7I9n7g)\"><meta itemprop=\"thumbnailUrl\" content=\"https:\/\/i.ytimg.com\/vi\/imT4tZSn1HQ\/0.jpg\"><meta itemprop=\"duration\" content=\"PT54S\"><meta itemprop=\"uploadDate\" content=\"2021-01-28T11:17:34Z\"><\/span>\n<h3>Mango Bay entdecken, Tauchplatz Koh Tao<\/h3>\n<p>An der Nordk\u00fcste von Koh Tao gelegen, hat Mango Bay einen kleinen <a href=\"https:\/\/www.blackturtledive.com\/koh-tao\/beaches\/\">Sandstrand<\/a>; es ist eine gro\u00dfe, offene Bucht mit sandigem Meeresboden in der Mitte, w\u00e4hrend beide Seiten von zahlreichen Korallenriffen ges\u00e4umt sind.<\/p>\n<p>Mango Bay bietet <a href=\"https:\/\/www.blackturtledive.com\/padi-diving-courses\/\">Tauchern<\/a> zwei Tauchg\u00e4nge: Der erste ist ein Drop-off entlang der Westk\u00fcste hin zu den flacheren Bereichen der Bucht und zum Strand.<\/p>\n<p>Der Tauchgang eignet sich eher f\u00fcr einen <a href=\"https:\/\/www.blackturtledive.com\/padi-diving-courses\/advanced-open-water-course\/\">erfahrenen Taucher<\/a>, da das Boot sie in etwa 16 Metern Wasser in einem offeneren Bereich der Bucht absetzt.<\/p>\n<h3>Erkunden der felsigen K\u00fcste<\/h3>\n<p>Der Tauchgang ist gem\u00fctlich und entspannt und f\u00fchrt entlang der felsigen K\u00fcste, die aus gro\u00dfen Felsbl\u00f6cken besteht, von denen viele mit Korallen \u00fcberzogen sind.<\/p>\n<p>Sie k\u00f6nnen gro\u00dfe Schw\u00e4rme von Makrelen (Scad) und einen Swim-Through sehen; halten Sie die Augen offen, denn <a href=\"https:\/\/www.blackturtledive.com\/koh-tao-marine-life\/jenkins-whip-ray\/\">Jenkins-Stachelrochen<\/a> ruhen oft auf dem sandigen Grund in den flacheren Bereichen unter diesen riesigen Felsbl\u00f6cken.<\/p>\n<p>Auf dem Weiterweg \u00fcber den Sand zwischen den beiden Seiten der Bucht sollten Sie nach Pfauen Platten (Peacock Sole), Krokodil Gruseln (Crocodile Snake Eels) und gelegentlich Seepferdchen Ausschau halten.<\/p>\n<figure id=\"attachment_3653\" aria-describedby=\"caption-attachment-3653\" style=\"width: 1088px\" class=\"wp-caption alignnone\"><img decoding=\"async\" class=\"size-full wp-image-3653\" src=\"https:\/\/www.blackturtledive.com\/wp-content\/uploads\/2021\/01\/blackturtledive.com-Mango-Bay-dive-site-on-koh-tao-white-eyed-moray-eel.jpg\" alt=\"Tauchplatz Mango Bay f\u00fcr Anf\u00e4nger Koh Tao\" width=\"1088\" height=\"531\" srcset=\"https:\/\/www.blackturtledive.com\/wp-content\/uploads\/2021\/01\/blackturtledive.com-Mango-Bay-dive-site-on-koh-tao-white-eyed-moray-eel.jpg 1088w, https:\/\/www.blackturtledive.com\/wp-content\/uploads\/2021\/01\/blackturtledive.com-Mango-Bay-dive-site-on-koh-tao-white-eyed-moray-eel-300x146.jpg 300w, https:\/\/www.blackturtledive.com\/wp-content\/uploads\/2021\/01\/blackturtledive.com-Mango-Bay-dive-site-on-koh-tao-white-eyed-moray-eel-1024x500.jpg 1024w, https:\/\/www.blackturtledive.com\/wp-content\/uploads\/2021\/01\/blackturtledive.com-Mango-Bay-dive-site-on-koh-tao-white-eyed-moray-eel-768x375.jpg 768w, https:\/\/www.blackturtledive.com\/wp-content\/uploads\/2021\/01\/blackturtledive.com-Mango-Bay-dive-site-on-koh-tao-white-eyed-moray-eel-150x73.jpg 150w\" sizes=\"(max-width: 1088px) 100vw, 1088px\" \/><figcaption id=\"caption-attachment-3653\" class=\"wp-caption-text\">Tauchplatz Mango Bay f\u00fcr Anf\u00e4nger Koh Tao<\/figcaption><\/figure>\n<h3><span style=\"color: #28d4ff;\">Gesch\u00fctzte und malerische Bucht<\/span><\/h3>\n<p>Die Ostseite von Mango Bay bietet einen gro\u00dfen Korallengarten voller gro\u00dfer Pilz- und Tischkorallen, vielen Geweihkorallen und Fass-Schw\u00e4mmen, die zahlreichen <a href=\"https:\/\/www.blackturtledive.com\/koh-tao-marine-life\/\">Riff-Bewohnern<\/a> als Lebensraum dienen.<\/p>\n<p>Sie werden mehrere Arten von Barschartigen und Lippfischen sehen, darunter den Rotbrust-Prachtlippfisch, Paare von Weibel,Falterfischen und viele Gelbpunkt-Stachelbarsche (Yellow-Spot Goatfish).<\/p>\n<p>Weiter drau\u00dfen finden Sie Harlekin-S\u00fc\u00dflippen, gro\u00dfe Schw\u00e4rme von Gelbschwanz-Barrakudas, verschiedene Zacken, Barschartige, Riesenmuscheln \u2014 dieser Ort ist perfekt f\u00fcr Schnorchler und Taucher.<\/p>\n<figure id=\"attachment_3774\" aria-describedby=\"caption-attachment-3774\" style=\"width: 1100px\" class=\"wp-caption alignnone\"><img decoding=\"async\" class=\"size-full wp-image-3774\" src=\"https:\/\/www.blackturtledive.com\/wp-content\/uploads\/2021\/01\/blackturtledive.com-Mango-Bay-dive-site-koh-tao-coral-diversity.jpg\" alt=\"Tauchplatz Mango Bay\" width=\"1100\" height=\"619\" srcset=\"https:\/\/www.blackturtledive.com\/wp-content\/uploads\/2021\/01\/blackturtledive.com-Mango-Bay-dive-site-koh-tao-coral-diversity.jpg 1100w, https:\/\/www.blackturtledive.com\/wp-content\/uploads\/2021\/01\/blackturtledive.com-Mango-Bay-dive-site-koh-tao-coral-diversity-300x169.jpg 300w, https:\/\/www.blackturtledive.com\/wp-content\/uploads\/2021\/01\/blackturtledive.com-Mango-Bay-dive-site-koh-tao-coral-diversity-1024x576.jpg 1024w, https:\/\/www.blackturtledive.com\/wp-content\/uploads\/2021\/01\/blackturtledive.com-Mango-Bay-dive-site-koh-tao-coral-diversity-768x432.jpg 768w, https:\/\/www.blackturtledive.com\/wp-content\/uploads\/2021\/01\/blackturtledive.com-Mango-Bay-dive-site-koh-tao-coral-diversity-150x84.jpg 150w\" sizes=\"(max-width: 1100px) 100vw, 1100px\" \/><figcaption id=\"caption-attachment-3774\" class=\"wp-caption-text\">Tauchplatz Mango Bay<\/figcaption><\/figure>\n<h3>Mango Bay ist ideal f\u00fcr Tauch-Anf\u00e4nger<\/h3>\n<p>Bei genauer Beobachtung k\u00f6nnen Sie die <a href=\"https:\/\/www.blackturtledive.com\/koh-tao-marine-life\/white-eyed-moray-eel\/\">Wei\u00dfaugen-Mur\u00e4ne<\/a> entdecken; Meeresschildkr\u00f6ten werden oft an der Ostseite gesichtet, ebenso Titan-Dr\u00fcckerfische und gelegentlich Adlerrochen.<\/p>\n<p>Mango Bay ist ideal f\u00fcr Anf\u00e4nger, Schnorchler und Abenteuer Taucher, um fortgeschrittene Fertigkeiten wie <a href=\"https:\/\/www.blackturtledive.com\/padi-specialty-courses\/peak-performance-buoyancy\/\">Tarierung<\/a>, <a href=\"https:\/\/www.blackturtledive.com\/padi-specialty-courses\/underwater-navigator-diver\/\">Navigation<\/a> und <a href=\"https:\/\/www.blackturtledive.com\/padi-specialty-courses\/fish-identification\/\">Fischbestimmung<\/a> zu \u00fcben.<\/p>\n<p>Die Bucht verf\u00fcgt \u00fcber reichlich weichen wei\u00dfen Sand in der Mitte, der sich perfekt f\u00fcr Ausbildung Tauchg\u00e4nge geeignet, und bietet Besuchern eine beeindruckende, malerische Kulisse.<\/p>\n<figure id=\"attachment_3772\" aria-describedby=\"caption-attachment-3772\" style=\"width: 1100px\" class=\"wp-caption alignnone\"><img decoding=\"async\" class=\"size-full wp-image-3772\" src=\"https:\/\/www.blackturtledive.com\/wp-content\/uploads\/2021\/01\/blackturtledive.com-Mango-Bay-dive-site-koh-tao.jpg\" alt=\"Tauchplatz Mango Bay f\u00fcr Anf\u00e4nger Koh Tao - Meeresleben\" width=\"1100\" height=\"619\" srcset=\"https:\/\/www.blackturtledive.com\/wp-content\/uploads\/2021\/01\/blackturtledive.com-Mango-Bay-dive-site-koh-tao.jpg 1100w, https:\/\/www.blackturtledive.com\/wp-content\/uploads\/2021\/01\/blackturtledive.com-Mango-Bay-dive-site-koh-tao-300x169.jpg 300w, https:\/\/www.blackturtledive.com\/wp-content\/uploads\/2021\/01\/blackturtledive.com-Mango-Bay-dive-site-koh-tao-1024x576.jpg 1024w, https:\/\/www.blackturtledive.com\/wp-content\/uploads\/2021\/01\/blackturtledive.com-Mango-Bay-dive-site-koh-tao-768x432.jpg 768w, https:\/\/www.blackturtledive.com\/wp-content\/uploads\/2021\/01\/blackturtledive.com-Mango-Bay-dive-site-koh-tao-150x84.jpg 150w\" sizes=\"(max-width: 1100px) 100vw, 1100px\" \/><figcaption id=\"caption-attachment-3772\" class=\"wp-caption-text\">Tauchplatz Mango Bay f\u00fcr Anf\u00e4nger Koh Tao &#8211; Meeresleben<\/figcaption><\/figure>\n<p>[\/vc_column_text][\/vc_column][\/vc_row]<\/p>\n<\/div>","protected":false},"excerpt":{"rendered":"<p>Der Tauchplatz Mango Bay auf Koh Tao liegt an der Nordk\u00fcste in einer gesch\u00fctzten Bucht und ist ideal f\u00fcr Anf\u00e4nger, die das Tauchen und Schnorcheln lernen m\u00f6chten.<\/p>\n","protected":false},"author":2,"featured_media":18295,"parent":18682,"menu_order":0,"comment_status":"closed","ping_status":"closed","template":"","meta":{"_acf_changed":false,"footnotes":""},"class_list":["post-18670","page","type-page","status-publish","has-post-thumbnail","hentry"],"acf":[],"yoast_head":"<!-- This site is optimized with the Yoast SEO Premium plugin v27.6 (Yoast SEO v27.6) - https:\/\/yoast.com\/product\/yoast-seo-premium-wordpress\/ -->\n<title>Mango Bay Tauchplatz Koh Tao | Black Turtle Dive<\/title>\n<meta name=\"description\" content=\"Der Tauchplatz Mango Bay auf Koh Tao liegt an der Nordk\u00fcste in einer gesch\u00fctzten Bucht und ist ideal f\u00fcr Anf\u00e4nger, die das Tauchen und Schnorcheln lernen m\u00f6chten.\" \/>\n<meta name=\"robots\" content=\"index, follow, max-snippet:-1, max-image-preview:large, max-video-preview:-1\" \/>\n<link rel=\"canonical\" href=\"https:\/\/www.blackturtledive.com\/de\/koh-tao-dive-sites\/mango-bay\/\" \/>\n<meta property=\"og:locale\" content=\"de_DE\" \/>\n<meta property=\"og:type\" content=\"article\" \/>\n<meta property=\"og:title\" content=\"Mango Bay Dive Site Koh Tao | Black Turtle Dive\" \/>\n<meta property=\"og:description\" content=\"Mango Bay dive site on Koh Tao is located on the north coast in a sheltered bay and is perfect for beginners who want to learn how to scuba dive and snorkel\" \/>\n<meta property=\"og:url\" content=\"https:\/\/www.blackturtledive.com\/de\/koh-tao-dive-sites\/mango-bay\/\" \/>\n<meta property=\"og:site_name\" content=\"Black Turtle Dive Koh Tao\" \/>\n<meta property=\"article:publisher\" content=\"https:\/\/www.facebook.com\/blackturtledive\" \/>\n<meta property=\"article:modified_time\" content=\"2026-05-05T14:24:48+00:00\" \/>\n<meta property=\"og:image\" content=\"https:\/\/www.blackturtledive.com\/wp-content\/uploads\/2020\/11\/blackturtledive.com-best-padi-divemaster-course-koh-tao.jpg\" \/>\n\t<meta property=\"og:image:width\" content=\"1200\" \/>\n\t<meta property=\"og:image:height\" content=\"800\" \/>\n\t<meta property=\"og:image:type\" content=\"image\/jpeg\" \/>\n<meta name=\"twitter:card\" content=\"summary_large_image\" \/>\n<meta name=\"twitter:title\" content=\"Mango Bay Dive Site Koh Tao | Black Turtle Dive\" \/>\n<meta name=\"twitter:description\" content=\"Mango Bay dive site on Koh Tao is located on the north coast in a sheltered bay and is perfect for beginners who want to learn how to scuba dive and snorkel\" \/>\n<meta name=\"twitter:image\" content=\"https:\/\/www.blackturtledive.com\/wp-content\/uploads\/2020\/11\/blackturtledive.com-best-padi-divemaster-course-koh-tao.jpg\" \/>\n<meta name=\"twitter:site\" content=\"@blackturtledive\" \/>\n<meta name=\"twitter:label1\" content=\"Gesch\u00e4tzte Lesezeit\" \/>\n\t<meta name=\"twitter:data1\" content=\"4\u00a0Minuten\" \/>\n<!-- \/ Yoast SEO Premium plugin. -->","yoast_head_json":{"title":"Mango Bay Tauchplatz Koh Tao | Black Turtle Dive","description":"Der Tauchplatz Mango Bay auf Koh Tao liegt an der Nordk\u00fcste in einer gesch\u00fctzten Bucht und ist ideal f\u00fcr Anf\u00e4nger, die das Tauchen und Schnorcheln lernen m\u00f6chten.","robots":{"index":"index","follow":"follow","max-snippet":"max-snippet:-1","max-image-preview":"max-image-preview:large","max-video-preview":"max-video-preview:-1"},"canonical":"https:\/\/www.blackturtledive.com\/de\/koh-tao-dive-sites\/mango-bay\/","og_locale":"de_DE","og_type":"article","og_title":"Mango Bay Dive Site Koh Tao | Black Turtle Dive","og_description":"Mango Bay dive site on Koh Tao is located on the north coast in a sheltered bay and is perfect for beginners who want to learn how to scuba dive and snorkel","og_url":"https:\/\/www.blackturtledive.com\/de\/koh-tao-dive-sites\/mango-bay\/","og_site_name":"Black Turtle Dive Koh Tao","article_publisher":"https:\/\/www.facebook.com\/blackturtledive","article_modified_time":"2026-05-05T14:24:48+00:00","og_image":[{"width":1200,"height":800,"url":"https:\/\/www.blackturtledive.com\/wp-content\/uploads\/2020\/11\/blackturtledive.com-best-padi-divemaster-course-koh-tao.jpg","type":"image\/jpeg"}],"twitter_card":"summary_large_image","twitter_title":"Mango Bay Dive Site Koh Tao | Black Turtle Dive","twitter_description":"Mango Bay dive site on Koh Tao is located on the north coast in a sheltered bay and is perfect for beginners who want to learn how to scuba dive and snorkel","twitter_image":"https:\/\/www.blackturtledive.com\/wp-content\/uploads\/2020\/11\/blackturtledive.com-best-padi-divemaster-course-koh-tao.jpg","twitter_site":"@blackturtledive","twitter_misc":{"Gesch\u00e4tzte Lesezeit":"4\u00a0Minuten"},"schema":{"@context":"https:\/\/schema.org","@graph":[{"@type":"WebPage","@id":"https:\/\/www.blackturtledive.com\/de\/koh-tao-dive-sites\/mango-bay\/","url":"https:\/\/www.blackturtledive.com\/de\/koh-tao-dive-sites\/mango-bay\/","name":"Mango Bay Tauchplatz Koh Tao | Black Turtle Dive","isPartOf":{"@id":"https:\/\/www.blackturtledive.com\/de\/#website"},"primaryImageOfPage":{"@id":"https:\/\/www.blackturtledive.com\/de\/koh-tao-dive-sites\/mango-bay\/#primaryimage"},"image":{"@id":"https:\/\/www.blackturtledive.com\/de\/koh-tao-dive-sites\/mango-bay\/#primaryimage"},"thumbnailUrl":"https:\/\/www.blackturtledive.com\/wp-content\/uploads\/2021\/01\/blackturtledive.com-Mango-Bay-dive-site-on-koh-tao-white-eyed-moray-eel.jpg","datePublished":"2020-09-19T15:53:24+00:00","dateModified":"2026-05-05T14:24:48+00:00","description":"Der Tauchplatz Mango Bay auf Koh Tao liegt an der Nordk\u00fcste in einer gesch\u00fctzten Bucht und ist ideal f\u00fcr Anf\u00e4nger, die das Tauchen und Schnorcheln lernen m\u00f6chten.","breadcrumb":{"@id":"https:\/\/www.blackturtledive.com\/de\/koh-tao-dive-sites\/mango-bay\/#breadcrumb"},"inLanguage":"de","potentialAction":[{"@type":"ReadAction","target":["https:\/\/www.blackturtledive.com\/de\/koh-tao-dive-sites\/mango-bay\/"]}]},{"@type":"ImageObject","inLanguage":"de","@id":"https:\/\/www.blackturtledive.com\/de\/koh-tao-dive-sites\/mango-bay\/#primaryimage","url":"https:\/\/www.blackturtledive.com\/wp-content\/uploads\/2021\/01\/blackturtledive.com-Mango-Bay-dive-site-on-koh-tao-white-eyed-moray-eel.jpg","contentUrl":"https:\/\/www.blackturtledive.com\/wp-content\/uploads\/2021\/01\/blackturtledive.com-Mango-Bay-dive-site-on-koh-tao-white-eyed-moray-eel.jpg","width":1088,"height":531,"caption":"Mango Bay Dive Site for Beginners Koh Tao"},{"@type":"BreadcrumbList","@id":"https:\/\/www.blackturtledive.com\/de\/koh-tao-dive-sites\/mango-bay\/#breadcrumb","itemListElement":[{"@type":"ListItem","position":1,"name":"Home","item":"https:\/\/www.blackturtledive.com\/de\/"},{"@type":"ListItem","position":2,"name":"Koh Tao Tauchpl\u00e4tze","item":"https:\/\/www.blackturtledive.com\/de\/koh-tao-dive-sites\/"},{"@type":"ListItem","position":3,"name":"Mango Bay"}]},{"@type":"WebSite","@id":"https:\/\/www.blackturtledive.com\/de\/#website","url":"https:\/\/www.blackturtledive.com\/de\/","name":"Black Turtle Dive Koh Tao","description":"Ocean Explorers | Marine Protectors","publisher":{"@id":"https:\/\/www.blackturtledive.com\/de\/#organization"},"alternateName":"Black Turtle Dive in Thailand","potentialAction":[{"@type":"SearchAction","target":{"@type":"EntryPoint","urlTemplate":"https:\/\/www.blackturtledive.com\/de\/?s={search_term_string}"},"query-input":{"@type":"PropertyValueSpecification","valueRequired":true,"valueName":"search_term_string"}}],"inLanguage":"de"},{"@type":"Organization","@id":"https:\/\/www.blackturtledive.com\/de\/#organization","name":"Black Turtle Dive Koh Tao","alternateName":"Black Turtle Dive","url":"https:\/\/www.blackturtledive.com\/de\/","logo":{"@type":"ImageObject","inLanguage":"de","@id":"https:\/\/www.blackturtledive.com\/de\/#\/schema\/logo\/image\/","url":"https:\/\/www.blackturtledive.com\/wp-content\/uploads\/2020\/11\/cropped-blackturtledive.com-brand-logo.png","contentUrl":"https:\/\/www.blackturtledive.com\/wp-content\/uploads\/2020\/11\/cropped-blackturtledive.com-brand-logo.png","width":400,"height":400,"caption":"Black Turtle Dive Koh Tao"},"image":{"@id":"https:\/\/www.blackturtledive.com\/de\/#\/schema\/logo\/image\/"},"sameAs":["https:\/\/www.facebook.com\/blackturtledive","https:\/\/x.com\/blackturtledive","https:\/\/www.instagram.com\/blackturtledive\/","https:\/\/www.youtube.com\/blackturtledive","https:\/\/www.linkedin.com\/company\/blackturtledive\/","https:\/\/www.tumblr.com\/blackturtledive","https:\/\/www.pinterest.com\/blackturtledive\/","https:\/\/www.tiktok.com\/@blackturtledive","https:\/\/www.reddit.com\/user\/blackturtledive\/"],"description":"Black Turtle Dive is a modern and innovative 5 Star Career Development Scuba Diving Center, passionate about the ocean and through training we want to empower you to become a competent and confident scuba diver. Our diving courses equip you with the skills, knowledge and awareness necessary to explore the ocean safely, whilst becoming a passionate advocate and protector of the marine environment. If you have never dived before or are a certified diver and want to develop your skills further, our tailored, bespoke courses and programs will inspire you to become an Ocean advocate. Our scientific based Marine Conservation Internships and training programs, offer aspiring scuba divers and marine conservationists, the best marine conservation internships on Koh Tao. We currently offer students six levels of Marine Conservation Internships at our beachside location on Koh Tao in Thailand. Check out our website for more information.","email":"info@blackturtledive.com","telephone":"089 592 2134","legalName":"Black Turtle Dive Co Ltd","foundingDate":"2020-01-01","publishingPrinciples":"https:\/\/www.blackturtledive.com\/terms\/","ownershipFundingInfo":"https:\/\/www.blackturtledive.com\/terms\/","actionableFeedbackPolicy":"https:\/\/www.blackturtledive.com\/privacy-policy\/","correctionsPolicy":"https:\/\/www.blackturtledive.com\/privacy-policy\/","ethicsPolicy":"https:\/\/www.blackturtledive.com\/privacy-policy\/","diversityPolicy":"https:\/\/www.blackturtledive.com\/privacy-policy\/"}]}},"_links":{"self":[{"href":"https:\/\/www.blackturtledive.com\/de\/wp-json\/wp\/v2\/pages\/18670","targetHints":{"allow":["GET"]}}],"collection":[{"href":"https:\/\/www.blackturtledive.com\/de\/wp-json\/wp\/v2\/pages"}],"about":[{"href":"https:\/\/www.blackturtledive.com\/de\/wp-json\/wp\/v2\/types\/page"}],"author":[{"embeddable":true,"href":"https:\/\/www.blackturtledive.com\/de\/wp-json\/wp\/v2\/users\/2"}],"replies":[{"embeddable":true,"href":"https:\/\/www.blackturtledive.com\/de\/wp-json\/wp\/v2\/comments?post=18670"}],"version-history":[{"count":1,"href":"https:\/\/www.blackturtledive.com\/de\/wp-json\/wp\/v2\/pages\/18670\/revisions"}],"predecessor-version":[{"id":70907,"href":"https:\/\/www.blackturtledive.com\/de\/wp-json\/wp\/v2\/pages\/18670\/revisions\/70907"}],"up":[{"embeddable":true,"href":"https:\/\/www.blackturtledive.com\/de\/wp-json\/wp\/v2\/pages\/18682"}],"wp:featuredmedia":[{"embeddable":true,"href":"https:\/\/www.blackturtledive.com\/de\/wp-json\/wp\/v2\/media\/18295"}],"wp:attachment":[{"href":"https:\/\/www.blackturtledive.com\/de\/wp-json\/wp\/v2\/media?parent=18670"}],"curies":[{"name":"wp","href":"https:\/\/api.w.org\/{rel}","templated":true}]}}