{"id":18671,"date":"2020-09-19T22:52:36","date_gmt":"2020-09-19T15:52:36","guid":{"rendered":"https:\/\/www.blackturtledive.com\/japanese-gardens\/"},"modified":"2026-05-05T21:24:49","modified_gmt":"2026-05-05T14:24:49","slug":"japanese-gardens","status":"publish","type":"page","link":"https:\/\/www.blackturtledive.com\/de\/koh-tao-dive-sites\/japanese-gardens\/","title":{"rendered":"Japanese Gardens"},"content":{"rendered":"<div class=\"wpb-content-wrapper\"><p>[vc_row][vc_column][vc_column_text css=&#8220;&#8220;]Japanese Gardens ist eine flache, gesch\u00fctzte Korallenbucht an der Ostseite von Koh Nang Yuan, benannt nach ihrer beeindruckenden Vielfalt an verzweigten Staghorn\u2011Korallen und Pilzkorallen.<\/p>\n<p>Mit Tiefen, die selten 12 Meter \u00fcberschreiten, und minimaler Str\u00f6mung ist dies der ideale Ort f\u00fcr Discover Scuba Diving\u2011Programme und Schnorchelausfl\u00fcge auf Koh Tao.<\/p>\n<p>Der Tauchplatz dient als wichtiges Meeresschutzgebiet; unser Conservation\u2011Team \u00fcberwacht diesen Bereich regelm\u00e4\u00dfig auf Korallenrekrutierung, um die garten\u00e4hnliche Biodiversit\u00e4t vor dem Druck des Tourismus zu sch\u00fctzen.<\/p>\n<h3><span style=\"color: #28d4ff;\">Erfahren Sie mehr \u00fcber den Tauchplatz Japanese Gardens in Koh Tao.<\/span><\/h3>\n<p>Der Tauchplatz Japanese Gardens auf <a href=\"https:\/\/www.blackturtledive.com\/koh-tao\/\">Koh Tao<\/a> liegt in einer gesch\u00fctzten Bucht bei der Insel Koh Nang Yuan und ist ein idealer Platz f\u00fcr Anf\u00e4nger, die das Tauchen erlernen m\u00f6chten.<\/p>\n<ul>\n<li>Lage: Ostseite von Koh Nang Yuan<\/li>\n<li>Tiefe: Max. 15 m, Min. 0 m \u2013 Durchschnitt 8 m<\/li>\n<li>Art des Tauchplatzes: Flache Bucht mit gro\u00dfer Vielfalt an Hart- und Weichkorallen<\/li>\n<li>Niveau: <a href=\"https:\/\/www.blackturtledive.com\/padi-diving-courses\/open-water-course\/\">Open Water<\/a> diver<\/li>\n<li>Bedingungen: Ganzj\u00e4hrig kaum Umwelteinfl\u00fcsse<\/li>\n<li>Durchschnittliche Sichtweite: 2\u201320 Meter (durchschnittlich 10 m)<\/li>\n<\/ul>\n<div  data-ep-a=\"fadeIn\"  id=\"_ytid_80533\"  width=\"640\" height=\"360\"  data-origwidth=\"640\" data-origheight=\"360\"  data-relstop=\"1\" data-facadesrc=\"https:\/\/www.youtube.com\/embed\/N3p9fp33CIA?enablejsapi=1&origin=https:\/\/www.blackturtledive.com&autoplay=0&cc_load_policy=0&cc_lang_pref=&iv_load_policy=1&loop=0&rel=0&fs=1&playsinline=0&autohide=2&theme=dark&color=red&controls=1&disablekb=0&\" class=\"__youtube_prefs__ epyt-facade  no-lazyload\" data-epautoplay=\"1\" ><img decoding=\"async\" data-spai-excluded=\"true\" class=\"epyt-facade-poster skip-lazy\" loading=\"lazy\"  alt=\"Japanese Gardens Dive Site Koh Tao in Thailand\"  src=\"https:\/\/i.ytimg.com\/vi\/N3p9fp33CIA\/maxresdefault.jpg\"  \/><button class=\"epyt-facade-play\" aria-label=\"Play\"><svg data-no-lazy=\"1\" height=\"100%\" version=\"1.1\" viewBox=\"0 0 68 48\" width=\"100%\"><path class=\"ytp-large-play-button-bg\" d=\"M66.52,7.74c-0.78-2.93-2.49-5.41-5.42-6.19C55.79,.13,34,0,34,0S12.21,.13,6.9,1.55 C3.97,2.33,2.27,4.81,1.48,7.74C0.06,13.05,0,24,0,24s0.06,10.95,1.48,16.26c0.78,2.93,2.49,5.41,5.42,6.19 C12.21,47.87,34,48,34,48s21.79-0.13,27.1-1.55c2.93-0.78,4.64-3.26,5.42-6.19C67.94,34.95,68,24,68,24S67.94,13.05,66.52,7.74z\" fill=\"#f00\"><\/path><path d=\"M 45,24 27,14 27,34\" fill=\"#fff\"><\/path><\/svg><\/button><\/div><span itemprop=\"video\" itemscope itemtype=\"http:\/\/schema.org\/VideoObject\"><meta itemprop=\"embedUrl\" content=\"https:\/\/www.youtube.com\/embed\/N3p9fp33CIA\"><meta itemprop=\"name\" content=\"Japanese Gardens Dive Site Koh Tao in Thailand\"><meta itemprop=\"description\" content=\"Japanese Gardens dive site on Koh Tao is located in a sheltered bay at Koh Nang Yuan island and is a perfect site for beginners who want to learn how to dive. Location: East side of Koh Nang Yuan Depth: Max 15m, Min 0m \u2013 Average 8m Type of site: Shallow bay with large variety of hard and soft corals Level: Open Water diver Conditions: Very little environmental conditions for most of the year Average Visibility: 2-20 meters (10M average) Japanese Gardens Dive Site is located on the east side of Koh Nang Yuan with only a sandbar that joins the two peaks of Koh Nang Yuan that separates it from Twins Pinnacles on the west side. Japanese Gardens is one of the most popular bays on Koh Tao for snorkeling and scuba diving. Check out our dive sites: https:\/\/www.blackturtledive.com\/koh-tao-dive-sites\/japanese-gardens\/ Footage: \ud83d\ude4f\ud83c\udffb. \ud83c\udfac Wet Lens Images (https:\/\/www.youtube.com\/channel\/UCVB6Hza4P2ct7SgAo7I9n7g)\"><meta itemprop=\"thumbnailUrl\" content=\"https:\/\/i.ytimg.com\/vi\/N3p9fp33CIA\/0.jpg\"><meta itemprop=\"duration\" content=\"PT58S\"><meta itemprop=\"uploadDate\" content=\"2021-01-28T07:33:36Z\"><\/span>\n<h3>Japanese Gardens Tauchplatz Koh Nang Yuan<\/h3>\n<p>Der Tauchplatz Japanese Gardens liegt an der Ostseite von Koh Nang Yuan; nur ein Sanddamm verbindet die beiden Gipfel von Koh Nang Yuan und trennt die Japanese Gardens von <a href=\"https:\/\/www.blackturtledive.com\/koh-tao-dive-sites\/twins-pinnacle\/\">Twins Pinnacles<\/a> auf der Westseite.<\/p>\n<p>Die Japanese Gardens sind eine der beliebtesten Buchten auf Koh Tao zum <a href=\"https:\/\/www.blackturtledive.com\/experience-programs\/snorkel-koh-tao\/\">Schnorcheln<\/a> und <a href=\"https:\/\/www.blackturtledive.com\/padi-diving-courses\/\">Tauchen.<\/a><\/p>\n<p>Mit relativ geringen Tiefen, kaum Str\u00f6mung (f\u00fcr die meisten Jahreszeiten) und einfachem Strandzugang vor der spektakul\u00e4ren Kulisse der beiden Gipfel ist dies ein Inselparadies mit hervorragender Unterwasser-Vielfalt.<\/p>\n<h3>Reiche Meeres Vielfalt<\/h3>\n<p>Tagesausfl\u00fcgler, Tauchboote und <a href=\"https:\/\/www.thefunkyturtle.com\/snorkeling-koh-tao\/snorkel-tour\/\" target=\"_blank\" rel=\"noopener\">Schnorcheltouren<\/a> steuern diesen Ort nahezu t\u00e4glich an \u2013 und das zu Recht.<\/p>\n<p>Das <a href=\"https:\/\/www.blackturtledive.com\/conservation\/marine-conservation-courses\/coral-reef-conservation-diver\/\">Korallenriff<\/a> erstreckt sich von den flachen Gew\u00e4ssern in n\u00f6rdlicher Richtung bis in etwa 15 Meter Tiefe.<\/p>\n<p>Die Japanese Gardens zeigen die gr\u00f6\u00dfte Vielfalt an <a href=\"https:\/\/www.blackturtledive.com\/conservation\/marine-conservation-courses\/coral-watch-specialty\/\">Korallen<\/a> auf Koh Tao und sind voller und pulsierend mit <a href=\"https:\/\/www.blackturtledive.com\/koh-tao-marine-life\/\">Meeresleben<\/a>.<\/p>\n<figure id=\"attachment_3743\" aria-describedby=\"caption-attachment-3743\" style=\"width: 1100px\" class=\"wp-caption alignnone\"><img decoding=\"async\" class=\"size-full wp-image-3743\" src=\"https:\/\/www.blackturtledive.com\/wp-content\/uploads\/2021\/01\/blackturtledive.com-japanese-gardens-dive-site-koh-tao-anemone-fish.jpg\" alt=\"Tauchplatz Japanese Gardens Koh Tao - Anemonenfisch\" width=\"1100\" height=\"614\" srcset=\"https:\/\/www.blackturtledive.com\/wp-content\/uploads\/2021\/01\/blackturtledive.com-japanese-gardens-dive-site-koh-tao-anemone-fish.jpg 1100w, https:\/\/www.blackturtledive.com\/wp-content\/uploads\/2021\/01\/blackturtledive.com-japanese-gardens-dive-site-koh-tao-anemone-fish-300x167.jpg 300w, https:\/\/www.blackturtledive.com\/wp-content\/uploads\/2021\/01\/blackturtledive.com-japanese-gardens-dive-site-koh-tao-anemone-fish-1024x572.jpg 1024w, https:\/\/www.blackturtledive.com\/wp-content\/uploads\/2021\/01\/blackturtledive.com-japanese-gardens-dive-site-koh-tao-anemone-fish-768x429.jpg 768w, https:\/\/www.blackturtledive.com\/wp-content\/uploads\/2021\/01\/blackturtledive.com-japanese-gardens-dive-site-koh-tao-anemone-fish-150x84.jpg 150w\" sizes=\"(max-width: 1100px) 100vw, 1100px\" \/><figcaption id=\"caption-attachment-3743\" class=\"wp-caption-text\">Tauchplatz Japanese Gardens Koh Tao &#8211; Anemonenfisch<\/figcaption><\/figure>\n<h3><span style=\"color: #28d4ff;\">Gro\u00dfe Korallen Formationen<\/span><\/h3>\n<p>Gro\u00dfe Lappen-Korallen mit bunten Weihnachtsschnecken darin heben sich hervor, ebenso wie Staghorn- und viele Salatkorallen.<\/p>\n<p>Sie finden auch Gehirn-Korallen, Tischkorallen und riesige Fass-Schw\u00e4mme, durchzogen von Seeanemonen und Riesenmuscheln, die diese gro\u00dfen Korallengarten bilden.<\/p>\n<p>Au\u00dferdem gibt es auf der Ostseite der Bucht ein gro\u00dfes Reef-Gebiet mit Trichter- und Pilzkorallen.<\/p>\n<p>Japanese Gardens <a href=\"https:\/\/www.blackturtledive.com\/koh-tao-dive-sites\/\">Tauchplatz<\/a> beherbergt zahlreiche Riff-Fischarten, die rund um Koh Tao vorkommen.<\/p>\n<figure id=\"attachment_3745\" aria-describedby=\"caption-attachment-3745\" style=\"width: 1100px\" class=\"wp-caption alignnone\"><img decoding=\"async\" class=\"size-full wp-image-3745\" src=\"https:\/\/www.blackturtledive.com\/wp-content\/uploads\/2021\/01\/blackturtledive.com-japanese-gardens-dive-site-koh-tao-giant-clam.jpg\" alt=\"Tauchplatz Japanese Gardens Koh Tao - Riesenmuscheln\" width=\"1100\" height=\"614\" srcset=\"https:\/\/www.blackturtledive.com\/wp-content\/uploads\/2021\/01\/blackturtledive.com-japanese-gardens-dive-site-koh-tao-giant-clam.jpg 1100w, https:\/\/www.blackturtledive.com\/wp-content\/uploads\/2021\/01\/blackturtledive.com-japanese-gardens-dive-site-koh-tao-giant-clam-300x167.jpg 300w, https:\/\/www.blackturtledive.com\/wp-content\/uploads\/2021\/01\/blackturtledive.com-japanese-gardens-dive-site-koh-tao-giant-clam-1024x572.jpg 1024w, https:\/\/www.blackturtledive.com\/wp-content\/uploads\/2021\/01\/blackturtledive.com-japanese-gardens-dive-site-koh-tao-giant-clam-768x429.jpg 768w, https:\/\/www.blackturtledive.com\/wp-content\/uploads\/2021\/01\/blackturtledive.com-japanese-gardens-dive-site-koh-tao-giant-clam-150x84.jpg 150w\" sizes=\"(max-width: 1100px) 100vw, 1100px\" \/><figcaption id=\"caption-attachment-3745\" class=\"wp-caption-text\">Tauchplatz Japanese Gardens Koh Tao &#8211; Riesenmuscheln<\/figcaption><\/figure>\n<h3>Vielzahl an Riff-Fischen<\/h3>\n<p>Sie sehen zahlreiche Sergeant Majors, Kescher Fische (Damsels), F\u00fcsiliere und Kaninchenfische, die gesch\u00e4ftig ihrem Tagesgesch\u00e4ft nachgehen.<\/p>\n<p><a href=\"https:\/\/www.blackturtledive.com\/koh-tao-marine-life\/parrot-fish\/\">Papageienfische<\/a> schwimmen herum und knabbern an Algen und Korallen, w\u00e4hrend Rotbrust-Lippfische (Wrasse) nach kleinen Krebstieren, Weichtieren und Seeigeln jagen.<\/p>\n<p>Es gibt viele Arten von <a href=\"https:\/\/www.blackturtledive.com\/koh-tao-marine-life\/butterfly-fish\/\">Falter<\/a>&#8211; und Banner Fischen, darunter Paare von <span style=\"color: #28d4ff;\">Weibels Falterfisch<\/span> und gestreifte Falterfische.<\/p>\n<figure id=\"attachment_3315\" aria-describedby=\"caption-attachment-3315\" style=\"width: 1100px\" class=\"wp-caption alignnone\"><img decoding=\"async\" class=\"size-full wp-image-3315\" src=\"https:\/\/www.blackturtledive.com\/wp-content\/uploads\/2021\/01\/blackturtledive.com-pint-tailed-triggerfish-koh-tao.jpg\" alt=\"Rosa-Schwanz-Dr\u00fcckerfisch Koh Tao\" width=\"1100\" height=\"607\" srcset=\"https:\/\/www.blackturtledive.com\/wp-content\/uploads\/2021\/01\/blackturtledive.com-pint-tailed-triggerfish-koh-tao.jpg 1100w, https:\/\/www.blackturtledive.com\/wp-content\/uploads\/2021\/01\/blackturtledive.com-pint-tailed-triggerfish-koh-tao-300x166.jpg 300w, https:\/\/www.blackturtledive.com\/wp-content\/uploads\/2021\/01\/blackturtledive.com-pint-tailed-triggerfish-koh-tao-1024x565.jpg 1024w, https:\/\/www.blackturtledive.com\/wp-content\/uploads\/2021\/01\/blackturtledive.com-pint-tailed-triggerfish-koh-tao-768x424.jpg 768w, https:\/\/www.blackturtledive.com\/wp-content\/uploads\/2021\/01\/blackturtledive.com-pint-tailed-triggerfish-koh-tao-150x83.jpg 150w\" sizes=\"(max-width: 1100px) 100vw, 1100px\" \/><figcaption id=\"caption-attachment-3315\" class=\"wp-caption-text\">Rosa-Schwanz-Dr\u00fcckerfisch Koh Tao<\/figcaption><\/figure>\n<h3><span style=\"color: #28d4ff;\">Pinktail-Triggerfish<\/span><\/h3>\n<p>H\u00e4ufig begegnen Sie Schw\u00e4rmen von Welse, die nahe am Sandboden schwimmen, und etwas weiter drau\u00dfen entlang der Korallen an der Nang Yuan-K\u00fcste finden Sie die einzige Stelle auf Koh Tao, an der der <a href=\"https:\/\/www.blackturtledive.com\/koh-tao-marine-life\/pinktail-trigger-fish\/\">Pinktail-Triggerfish<\/a> gesichtet werden kann.<\/p>\n<p>Au\u00dferdem k\u00f6nnen Sie Goldfische, Harlekin-Lippenfische, juvenile <a href=\"https:\/\/www.blackturtledive.com\/koh-tao-marine-life\/tailfin-batfish\/\">Schmetterlingsfische<\/a> (Batfish) und <a href=\"https:\/\/www.blackturtledive.com\/koh-tao-marine-life\/banded-sea-krait\/\">gestreifte Seeschlangen<\/a> in den Japanese Gardens sehen.<\/p>\n<p>Die Japanese Gardens sind ein relativ gro\u00dfes Tauchgebiet und bieten Tauchern und Schnorchlern viel interessantes Meeresleben, dass Sie \u00fcber viele Tauchg\u00e4nge hinweg besch\u00e4ftigen wird.<\/p>\n<figure id=\"attachment_3629\" aria-describedby=\"caption-attachment-3629\" style=\"width: 1100px\" class=\"wp-caption alignnone\"><img decoding=\"async\" class=\"size-full wp-image-3629\" src=\"https:\/\/www.blackturtledive.com\/wp-content\/uploads\/2021\/01\/blackturtledive.com-japanese-gardens-dive-site-on-koh-tao-coral-reef.jpg\" alt=\"Tauchplatz Japanese Gardens Koh Tao\" width=\"1100\" height=\"614\" srcset=\"https:\/\/www.blackturtledive.com\/wp-content\/uploads\/2021\/01\/blackturtledive.com-japanese-gardens-dive-site-on-koh-tao-coral-reef.jpg 1100w, https:\/\/www.blackturtledive.com\/wp-content\/uploads\/2021\/01\/blackturtledive.com-japanese-gardens-dive-site-on-koh-tao-coral-reef-300x167.jpg 300w, https:\/\/www.blackturtledive.com\/wp-content\/uploads\/2021\/01\/blackturtledive.com-japanese-gardens-dive-site-on-koh-tao-coral-reef-1024x572.jpg 1024w, https:\/\/www.blackturtledive.com\/wp-content\/uploads\/2021\/01\/blackturtledive.com-japanese-gardens-dive-site-on-koh-tao-coral-reef-768x429.jpg 768w, https:\/\/www.blackturtledive.com\/wp-content\/uploads\/2021\/01\/blackturtledive.com-japanese-gardens-dive-site-on-koh-tao-coral-reef-150x84.jpg 150w\" sizes=\"(max-width: 1100px) 100vw, 1100px\" \/><figcaption id=\"caption-attachment-3629\" class=\"wp-caption-text\">Tauchplatz Japanese Gardens Koh Tao<\/figcaption><\/figure>\n<p>[\/vc_column_text][\/vc_column][\/vc_row]<\/p>\n<\/div>","protected":false},"excerpt":{"rendered":"<p>Der Tauchplatz Japanese Gardens auf Koh Tao liegt in einer gesch\u00fctzten Bucht der Insel Koh Nang Yuan und ist ein perfekter Ort f\u00fcr Tauchanf\u00e4nger, die das Tauchen lernen m\u00f6chten.<\/p>\n","protected":false},"author":2,"featured_media":18290,"parent":18682,"menu_order":0,"comment_status":"closed","ping_status":"closed","template":"","meta":{"_acf_changed":false,"footnotes":""},"class_list":["post-18671","page","type-page","status-publish","has-post-thumbnail","hentry"],"acf":[],"yoast_head":"<!-- This site is optimized with the Yoast SEO Premium plugin v27.6 (Yoast SEO v27.6) - https:\/\/yoast.com\/product\/yoast-seo-premium-wordpress\/ -->\n<title>Japanese Gardens Tauchplatz Koh Tao | Black Turtle Dive<\/title>\n<meta name=\"description\" content=\"Der Tauchplatz Japanese Gardens auf Koh Tao liegt in einer gesch\u00fctzten Bucht vor der Insel Koh Nang Yuan und ist ein perfekter Ort f\u00fcr Anf\u00e4nger, die das Tauchen lernen m\u00f6chten.\" \/>\n<meta name=\"robots\" content=\"index, follow, max-snippet:-1, max-image-preview:large, max-video-preview:-1\" \/>\n<link rel=\"canonical\" href=\"https:\/\/www.blackturtledive.com\/de\/koh-tao-dive-sites\/japanese-gardens\/\" \/>\n<meta property=\"og:locale\" content=\"de_DE\" \/>\n<meta property=\"og:type\" content=\"article\" \/>\n<meta property=\"og:title\" content=\"Japanese Gardens Dive Site Koh Tao | Black Turtle Dive\" \/>\n<meta property=\"og:description\" content=\"Japanese Gardens dive site on Koh Tao is located in a sheltered bay at Koh Nang Yuan island and is a perfect site for beginners who want to learn how to dive\" \/>\n<meta property=\"og:url\" content=\"https:\/\/www.blackturtledive.com\/de\/koh-tao-dive-sites\/japanese-gardens\/\" \/>\n<meta property=\"og:site_name\" content=\"Black Turtle Dive Koh Tao\" \/>\n<meta property=\"article:publisher\" content=\"https:\/\/www.facebook.com\/blackturtledive\" \/>\n<meta property=\"article:modified_time\" content=\"2026-05-05T14:24:49+00:00\" \/>\n<meta property=\"og:image\" content=\"https:\/\/www.blackturtledive.com\/wp-content\/uploads\/2020\/11\/blackturtledive.com-best-padi-divemaster-course-koh-tao.jpg\" \/>\n\t<meta property=\"og:image:width\" content=\"1200\" \/>\n\t<meta property=\"og:image:height\" content=\"800\" \/>\n\t<meta property=\"og:image:type\" content=\"image\/jpeg\" \/>\n<meta name=\"twitter:card\" content=\"summary_large_image\" \/>\n<meta name=\"twitter:title\" content=\"Japanese Gardens Dive Site Koh Tao | Black Turtle Dive\" \/>\n<meta name=\"twitter:description\" content=\"Japanese Gardens dive site on Koh Tao is located in a sheltered bay at Koh Nang Yuan island and is a perfect site for beginners who want to learn how to dive\" \/>\n<meta name=\"twitter:image\" content=\"https:\/\/www.blackturtledive.com\/wp-content\/uploads\/2020\/11\/blackturtledive.com-best-padi-divemaster-course-koh-tao.jpg\" \/>\n<meta name=\"twitter:site\" content=\"@blackturtledive\" \/>\n<meta name=\"twitter:label1\" content=\"Gesch\u00e4tzte Lesezeit\" \/>\n\t<meta name=\"twitter:data1\" content=\"4\u00a0Minuten\" \/>\n<!-- \/ Yoast SEO Premium plugin. -->","yoast_head_json":{"title":"Japanese Gardens Tauchplatz Koh Tao | Black Turtle Dive","description":"Der Tauchplatz Japanese Gardens auf Koh Tao liegt in einer gesch\u00fctzten Bucht vor der Insel Koh Nang Yuan und ist ein perfekter Ort f\u00fcr Anf\u00e4nger, die das Tauchen lernen m\u00f6chten.","robots":{"index":"index","follow":"follow","max-snippet":"max-snippet:-1","max-image-preview":"max-image-preview:large","max-video-preview":"max-video-preview:-1"},"canonical":"https:\/\/www.blackturtledive.com\/de\/koh-tao-dive-sites\/japanese-gardens\/","og_locale":"de_DE","og_type":"article","og_title":"Japanese Gardens Dive Site Koh Tao | Black Turtle Dive","og_description":"Japanese Gardens dive site on Koh Tao is located in a sheltered bay at Koh Nang Yuan island and is a perfect site for beginners who want to learn how to dive","og_url":"https:\/\/www.blackturtledive.com\/de\/koh-tao-dive-sites\/japanese-gardens\/","og_site_name":"Black Turtle Dive Koh Tao","article_publisher":"https:\/\/www.facebook.com\/blackturtledive","article_modified_time":"2026-05-05T14:24:49+00:00","og_image":[{"width":1200,"height":800,"url":"https:\/\/www.blackturtledive.com\/wp-content\/uploads\/2020\/11\/blackturtledive.com-best-padi-divemaster-course-koh-tao.jpg","type":"image\/jpeg"}],"twitter_card":"summary_large_image","twitter_title":"Japanese Gardens Dive Site Koh Tao | Black Turtle Dive","twitter_description":"Japanese Gardens dive site on Koh Tao is located in a sheltered bay at Koh Nang Yuan island and is a perfect site for beginners who want to learn how to dive","twitter_image":"https:\/\/www.blackturtledive.com\/wp-content\/uploads\/2020\/11\/blackturtledive.com-best-padi-divemaster-course-koh-tao.jpg","twitter_site":"@blackturtledive","twitter_misc":{"Gesch\u00e4tzte Lesezeit":"4\u00a0Minuten"},"schema":{"@context":"https:\/\/schema.org","@graph":[{"@type":"WebPage","@id":"https:\/\/www.blackturtledive.com\/de\/koh-tao-dive-sites\/japanese-gardens\/","url":"https:\/\/www.blackturtledive.com\/de\/koh-tao-dive-sites\/japanese-gardens\/","name":"Japanese Gardens Tauchplatz Koh Tao | Black Turtle Dive","isPartOf":{"@id":"https:\/\/www.blackturtledive.com\/de\/#website"},"primaryImageOfPage":{"@id":"https:\/\/www.blackturtledive.com\/de\/koh-tao-dive-sites\/japanese-gardens\/#primaryimage"},"image":{"@id":"https:\/\/www.blackturtledive.com\/de\/koh-tao-dive-sites\/japanese-gardens\/#primaryimage"},"thumbnailUrl":"https:\/\/www.blackturtledive.com\/wp-content\/uploads\/2021\/01\/blackturtledive.com-japanese-gardens-dive-site-on-koh-tao-coral-reef.jpg","datePublished":"2020-09-19T15:52:36+00:00","dateModified":"2026-05-05T14:24:49+00:00","description":"Der Tauchplatz Japanese Gardens auf Koh Tao liegt in einer gesch\u00fctzten Bucht vor der Insel Koh Nang Yuan und ist ein perfekter Ort f\u00fcr Anf\u00e4nger, die das Tauchen lernen m\u00f6chten.","breadcrumb":{"@id":"https:\/\/www.blackturtledive.com\/de\/koh-tao-dive-sites\/japanese-gardens\/#breadcrumb"},"inLanguage":"de","potentialAction":[{"@type":"ReadAction","target":["https:\/\/www.blackturtledive.com\/de\/koh-tao-dive-sites\/japanese-gardens\/"]}]},{"@type":"ImageObject","inLanguage":"de","@id":"https:\/\/www.blackturtledive.com\/de\/koh-tao-dive-sites\/japanese-gardens\/#primaryimage","url":"https:\/\/www.blackturtledive.com\/wp-content\/uploads\/2021\/01\/blackturtledive.com-japanese-gardens-dive-site-on-koh-tao-coral-reef.jpg","contentUrl":"https:\/\/www.blackturtledive.com\/wp-content\/uploads\/2021\/01\/blackturtledive.com-japanese-gardens-dive-site-on-koh-tao-coral-reef.jpg","width":1100,"height":614,"caption":"Japanese Gardens Dive Site Koh Tao"},{"@type":"BreadcrumbList","@id":"https:\/\/www.blackturtledive.com\/de\/koh-tao-dive-sites\/japanese-gardens\/#breadcrumb","itemListElement":[{"@type":"ListItem","position":1,"name":"Home","item":"https:\/\/www.blackturtledive.com\/de\/"},{"@type":"ListItem","position":2,"name":"Koh Tao Tauchpl\u00e4tze","item":"https:\/\/www.blackturtledive.com\/de\/koh-tao-dive-sites\/"},{"@type":"ListItem","position":3,"name":"Japanese Gardens"}]},{"@type":"WebSite","@id":"https:\/\/www.blackturtledive.com\/de\/#website","url":"https:\/\/www.blackturtledive.com\/de\/","name":"Black Turtle Dive Koh Tao","description":"Ocean Explorers | Marine Protectors","publisher":{"@id":"https:\/\/www.blackturtledive.com\/de\/#organization"},"alternateName":"Black Turtle Dive in Thailand","potentialAction":[{"@type":"SearchAction","target":{"@type":"EntryPoint","urlTemplate":"https:\/\/www.blackturtledive.com\/de\/?s={search_term_string}"},"query-input":{"@type":"PropertyValueSpecification","valueRequired":true,"valueName":"search_term_string"}}],"inLanguage":"de"},{"@type":"Organization","@id":"https:\/\/www.blackturtledive.com\/de\/#organization","name":"Black Turtle Dive Koh Tao","alternateName":"Black Turtle Dive","url":"https:\/\/www.blackturtledive.com\/de\/","logo":{"@type":"ImageObject","inLanguage":"de","@id":"https:\/\/www.blackturtledive.com\/de\/#\/schema\/logo\/image\/","url":"https:\/\/www.blackturtledive.com\/wp-content\/uploads\/2020\/11\/cropped-blackturtledive.com-brand-logo.png","contentUrl":"https:\/\/www.blackturtledive.com\/wp-content\/uploads\/2020\/11\/cropped-blackturtledive.com-brand-logo.png","width":400,"height":400,"caption":"Black Turtle Dive Koh Tao"},"image":{"@id":"https:\/\/www.blackturtledive.com\/de\/#\/schema\/logo\/image\/"},"sameAs":["https:\/\/www.facebook.com\/blackturtledive","https:\/\/x.com\/blackturtledive","https:\/\/www.instagram.com\/blackturtledive\/","https:\/\/www.youtube.com\/blackturtledive","https:\/\/www.linkedin.com\/company\/blackturtledive\/","https:\/\/www.tumblr.com\/blackturtledive","https:\/\/www.pinterest.com\/blackturtledive\/","https:\/\/www.tiktok.com\/@blackturtledive","https:\/\/www.reddit.com\/user\/blackturtledive\/"],"description":"Black Turtle Dive is a modern and innovative 5 Star Career Development Scuba Diving Center, passionate about the ocean and through training we want to empower you to become a competent and confident scuba diver. Our diving courses equip you with the skills, knowledge and awareness necessary to explore the ocean safely, whilst becoming a passionate advocate and protector of the marine environment. If you have never dived before or are a certified diver and want to develop your skills further, our tailored, bespoke courses and programs will inspire you to become an Ocean advocate. Our scientific based Marine Conservation Internships and training programs, offer aspiring scuba divers and marine conservationists, the best marine conservation internships on Koh Tao. We currently offer students six levels of Marine Conservation Internships at our beachside location on Koh Tao in Thailand. Check out our website for more information.","email":"info@blackturtledive.com","telephone":"089 592 2134","legalName":"Black Turtle Dive Co Ltd","foundingDate":"2020-01-01","publishingPrinciples":"https:\/\/www.blackturtledive.com\/terms\/","ownershipFundingInfo":"https:\/\/www.blackturtledive.com\/terms\/","actionableFeedbackPolicy":"https:\/\/www.blackturtledive.com\/privacy-policy\/","correctionsPolicy":"https:\/\/www.blackturtledive.com\/privacy-policy\/","ethicsPolicy":"https:\/\/www.blackturtledive.com\/privacy-policy\/","diversityPolicy":"https:\/\/www.blackturtledive.com\/privacy-policy\/"}]}},"_links":{"self":[{"href":"https:\/\/www.blackturtledive.com\/de\/wp-json\/wp\/v2\/pages\/18671","targetHints":{"allow":["GET"]}}],"collection":[{"href":"https:\/\/www.blackturtledive.com\/de\/wp-json\/wp\/v2\/pages"}],"about":[{"href":"https:\/\/www.blackturtledive.com\/de\/wp-json\/wp\/v2\/types\/page"}],"author":[{"embeddable":true,"href":"https:\/\/www.blackturtledive.com\/de\/wp-json\/wp\/v2\/users\/2"}],"replies":[{"embeddable":true,"href":"https:\/\/www.blackturtledive.com\/de\/wp-json\/wp\/v2\/comments?post=18671"}],"version-history":[{"count":1,"href":"https:\/\/www.blackturtledive.com\/de\/wp-json\/wp\/v2\/pages\/18671\/revisions"}],"predecessor-version":[{"id":70908,"href":"https:\/\/www.blackturtledive.com\/de\/wp-json\/wp\/v2\/pages\/18671\/revisions\/70908"}],"up":[{"embeddable":true,"href":"https:\/\/www.blackturtledive.com\/de\/wp-json\/wp\/v2\/pages\/18682"}],"wp:featuredmedia":[{"embeddable":true,"href":"https:\/\/www.blackturtledive.com\/de\/wp-json\/wp\/v2\/media\/18290"}],"wp:attachment":[{"href":"https:\/\/www.blackturtledive.com\/de\/wp-json\/wp\/v2\/media?parent=18671"}],"curies":[{"name":"wp","href":"https:\/\/api.w.org\/{rel}","templated":true}]}}