{"id":18672,"date":"2020-09-19T22:52:11","date_gmt":"2020-09-19T15:52:11","guid":{"rendered":"https:\/\/www.blackturtledive.com\/red-rock-pinnacle\/"},"modified":"2026-05-05T21:24:50","modified_gmt":"2026-05-05T14:24:50","slug":"red-rock-pinnacle","status":"publish","type":"page","link":"https:\/\/www.blackturtledive.com\/de\/koh-tao-dive-sites\/red-rock-pinnacle\/","title":{"rendered":"Red Rock Pinnacle"},"content":{"rendered":"<div class=\"wpb-content-wrapper\"><p>[vc_row][vc_column][vc_column_text css=&#8220;&#8220;]Red Rock ist ein einzelner Granitpinnakel, der bis auf 20 Meter abf\u00e4llt und oft als Ausgangspunkt f\u00fcr einen spektakul\u00e4ren Navigationstauchgang zur Nang Yuan Cave\u2011Durchschwimmstrecke genutzt wird.<\/p>\n<p>Taucher steigen typischerweise am Pinnakel ab, um nach Boxer\u2011Garnelen, Nacktschnecken und Peitschenschw\u00e4rmen (Whiptail\u2011Stachelrochen) zu suchen, bevor sie entlang der flachen K\u00fcste zur langen, lichtdurchfluteten H\u00f6hleneingangs\u00f6ffnung navigieren.<\/p>\n<p>Dieser Tauchplatz ist beliebt zur Sichtung von Echten Karettschildkr\u00f6ten und Kugelfischen (Porcupine Pufferfish) und bietet ein einzigartiges Einweg\u2011Taucherlebnis, das die zerkl\u00fcftete Topographie der Nordostseite von Koh Nang Yuan eindrucksvoll zur Geltung bringt.<\/p>\n<h3><span style=\"color: #28d4ff;\">Erfahren Sie mehr \u00fcber den Tauchplatz Red Rock Pinnacle auf Koh Tao<\/span><\/h3>\n<p>Der Tauchplatz Red Rock Pinnacle auf <a href=\"https:\/\/www.blackturtledive.com\/koh-tao\/\">Koh Tao<\/a> liegt vor der Ostk\u00fcste von Koh Nang Yuan und ist ein ausgezeichneter Drop-off-Punkt f\u00fcr <a href=\"https:\/\/www.blackturtledive.com\/padi-diving-courses\/\">Taucher<\/a>, um die Ostk\u00fcste zu erkunden und den Tauchgang anschlie\u00dfend in den <a href=\"https:\/\/www.blackturtledive.com\/koh-tao-dive-sites\/japanese-gardens\/\">Japanese Gardens<\/a> zu beenden.<\/p>\n<ul>\n<li>Lage: Ostseite von Koh Nang Yuan<\/li>\n<li>Tiefe: Max. 22 m, Min. 3\u20134 m, Durchschnitt ca. 10 m<\/li>\n<li>Art des Tauchplatzes: Felsenpinnacle, etwa 50 Meter vom Ufer von Nang Yuan entfernt<\/li>\n<li>Schwierigkeitsgrad: <a href=\"https:\/\/www.blackturtledive.com\/padi-diving-courses\/open-water-course\/\">Open Water<\/a> diver<\/li>\n<li>Bedingungen: In der Regel gut<\/li>\n<li>Durchschnittliche Sichtweite: 5\u201310 Meter<\/li>\n<\/ul>\n<figure id=\"attachment_3664\" aria-describedby=\"caption-attachment-3664\" style=\"width: 1100px\" class=\"wp-caption alignnone\"><img decoding=\"async\" class=\"size-full wp-image-3664\" src=\"https:\/\/www.blackturtledive.com\/wp-content\/uploads\/2021\/01\/blackturtledive.com-red-rock-dive-site-koh-tao-yellow-tail-barracuda.jpg\" alt=\"Tauchplatz Red Rock Pinnacle Koh Tao\" width=\"1100\" height=\"619\" srcset=\"https:\/\/www.blackturtledive.com\/wp-content\/uploads\/2021\/01\/blackturtledive.com-red-rock-dive-site-koh-tao-yellow-tail-barracuda.jpg 1100w, https:\/\/www.blackturtledive.com\/wp-content\/uploads\/2021\/01\/blackturtledive.com-red-rock-dive-site-koh-tao-yellow-tail-barracuda-300x169.jpg 300w, https:\/\/www.blackturtledive.com\/wp-content\/uploads\/2021\/01\/blackturtledive.com-red-rock-dive-site-koh-tao-yellow-tail-barracuda-1024x576.jpg 1024w, https:\/\/www.blackturtledive.com\/wp-content\/uploads\/2021\/01\/blackturtledive.com-red-rock-dive-site-koh-tao-yellow-tail-barracuda-768x432.jpg 768w, https:\/\/www.blackturtledive.com\/wp-content\/uploads\/2021\/01\/blackturtledive.com-red-rock-dive-site-koh-tao-yellow-tail-barracuda-150x84.jpg 150w\" sizes=\"(max-width: 1100px) 100vw, 1100px\" \/><figcaption id=\"caption-attachment-3664\" class=\"wp-caption-text\">Tauchplatz Red Rock Pinnacle Koh Tao<\/figcaption><\/figure>\n<h3>Red Rock und Nang Yuan Pinnacle und H\u00f6hle<\/h3>\n<p>Red Rock ist ein kleiner Pinnacle, der auf der tiefsten Saite in etwa 20 Metern Wassertiefe liegt und sich an der Ostk\u00fcste von <span style=\"color: #28d4ff;\">Koh Nang Yuan<\/span> bis wenige Meter unter die Oberfl\u00e4che erstreckt.<\/p>\n<p>Ein kurzer Schwimmzug nach Westen, nachdem Sie Red Rock erkundet haben, f\u00fchrt Sie zu einem sch\u00f6nen Swim-Through; von dort sind Sie von einer F\u00fclle an Farben und Vielfalt entlang der K\u00fcste umgeben.<\/p>\n<p>Red Rock Drop Off bietet einen hervorragenden Tauchplan, der in den Japanese Gardens endet, und eignet sich f\u00fcr <a href=\"https:\/\/www.blackturtledive.com\/fun-diving-koh-tao\/\">zertifizierte Taucher<\/a>, die etwas mehr Tiefe und im Wesentlichen einen l\u00e4ngeren, abwechslungsreichen Tauchgang w\u00fcnschen.<\/p>\n<h3><span style=\"color: #28d4ff;\">Red Rock Drop-off \u2014 Spa\u00dftauchen<\/span><\/h3>\n<p>Der Pinnacle selbst hat einen gro\u00dfen Spalt, der an den tieferen \u00f6stlichen und n\u00f6rdlichen Seiten vielen interessanten <a href=\"https:\/\/www.blackturtledive.com\/koh-tao-marine-life\/\">Meereslebewesen<\/a> als Lebensraum dient.<\/p>\n<p>Wir empfehlen, bei diesem Tauchgang eine Taschenlampe mitzunehmen, um Warzenschnecken, Durban Dancing Shrimp, Kugelfische, Yellow Boxfish und die faszinierenden Mur\u00e4nen besser zu sehen.<\/p>\n<p>Mit etwas Gl\u00fcck sehen Sie einen <a href=\"https:\/\/www.blackturtledive.com\/koh-tao-marine-life\/jenkins-whip-ray\/\">Jenkins-Stachelrochen<\/a>, und h\u00e4ufig begegnet man auch Harlekin-S\u00fc\u00dflippen in diesem Bereich des Tauchgangs.<\/p>\n<p>Wenn Sie den Red Rock umrunden, sollten Sie einen Kompasskurs nach Westen setzen und einen kurzen Schwimmzug zur K\u00fcste navigieren, wo sich der Eingang zur Nang Yuan-H\u00f6hle befindet.<\/p>\n<figure id=\"attachment_2100\" aria-describedby=\"caption-attachment-2100\" style=\"width: 1200px\" class=\"wp-caption alignnone\"><img decoding=\"async\" class=\"size-full wp-image-2100\" src=\"https:\/\/www.blackturtledive.com\/wp-content\/uploads\/2020\/12\/blackturtledive.com-best-dive-sites-koh-tao-stingrays.jpg\" alt=\"Tauchpl\u00e4tze Koh Tao - Stachelrochen\" width=\"1200\" height=\"672\" srcset=\"https:\/\/www.blackturtledive.com\/wp-content\/uploads\/2020\/12\/blackturtledive.com-best-dive-sites-koh-tao-stingrays.jpg 1200w, https:\/\/www.blackturtledive.com\/wp-content\/uploads\/2020\/12\/blackturtledive.com-best-dive-sites-koh-tao-stingrays-300x168.jpg 300w, https:\/\/www.blackturtledive.com\/wp-content\/uploads\/2020\/12\/blackturtledive.com-best-dive-sites-koh-tao-stingrays-1024x573.jpg 1024w, https:\/\/www.blackturtledive.com\/wp-content\/uploads\/2020\/12\/blackturtledive.com-best-dive-sites-koh-tao-stingrays-768x430.jpg 768w, https:\/\/www.blackturtledive.com\/wp-content\/uploads\/2020\/12\/blackturtledive.com-best-dive-sites-koh-tao-stingrays-150x84.jpg 150w\" sizes=\"(max-width: 1200px) 100vw, 1200px\" \/><figcaption id=\"caption-attachment-2100\" class=\"wp-caption-text\">Tauchpl\u00e4tze Koh Tao &#8211; Stachelrochen<\/figcaption><\/figure>\n<h3>Nang Yuan H\u00f6hle \u2014 Red Rock Pinnacle<\/h3>\n<p>Technisch gesehen ist die Nang Yuan-H\u00f6hle eine Kaverne aufgrund ihrer L\u00e4nge; es ist eines der besten Swim-throughs auf Koh Tao mit gro\u00dfen B\u00f6gen zwischen riesigen Felsbl\u00f6cken, die einen unterwasserkammer \u00e4hnlichen Raum bilden, in den Licht von oben eindringt.<\/p>\n<p>Das durchbrechende Sonnenlicht erzeugt eindrucksvolle Szenen; blicken Sie nach oben, sehen Sie die Silhouetten vieler kleiner Fische, die in der H\u00f6hle leben.<\/p>\n<p>Achten Sie auf dem H\u00f6hlenboden auf <a href=\"https:\/\/www.blackturtledive.com\/koh-tao-marine-life\/blue-spotted-ribbontail-ray\/\">Blue-Spotted&#8211;Ribbon&#8211;Tail<\/a> Stachelrochen und den Jenkins&#8211;Stachelrochen, die h\u00e4ufig hier anzutreffen sind.<\/p>\n<h3><span style=\"color: #28d4ff;\">Stachelrochen bei Koh Nang Yuan<\/span><\/h3>\n<p>Bei genauer Beobachtung entdecken Sie Glass-cleaner-Garnelen an den Felsen auf Ihrer Seite, und dar\u00fcber finden Sie Seenadeln.<\/p>\n<p>Die \u00f6stliche K\u00fcstenlinie von Nang Yuan, sowohl nach Norden als auch nach S\u00fcden, bietet Tauchern ein gro\u00dfes Spektrum an Farben und eine abwechslungsreiche Topografie mit gro\u00dfen Felsbl\u00f6cken, die mit Hart- und Weichkorallen bedeckt sind.<\/p>\n<p>Sie k\u00f6nnen ein reichlich typisches<span style=\"color: #28d4ff;\"> Meeresleben von Koh Tao<\/span> erwarten, darunter Banner Fische, Kaiserfische, Schnabel, Korallenfische, Rotbrust-Warten und Papageienfische.<\/p>\n<figure id=\"attachment_3005\" aria-describedby=\"caption-attachment-3005\" style=\"width: 1000px\" class=\"wp-caption alignnone\"><img decoding=\"async\" class=\"size-full wp-image-3005\" src=\"https:\/\/www.blackturtledive.com\/wp-content\/uploads\/2020\/12\/blackturtledive.com-sea-turtles-on-koh-tao-specialty-course.jpg\" alt=\"Echte Karettschildkr\u00f6te Koh Tao - Eretmochelys Imbricata\" width=\"1000\" height=\"662\" srcset=\"https:\/\/www.blackturtledive.com\/wp-content\/uploads\/2020\/12\/blackturtledive.com-sea-turtles-on-koh-tao-specialty-course.jpg 1000w, https:\/\/www.blackturtledive.com\/wp-content\/uploads\/2020\/12\/blackturtledive.com-sea-turtles-on-koh-tao-specialty-course-300x199.jpg 300w, https:\/\/www.blackturtledive.com\/wp-content\/uploads\/2020\/12\/blackturtledive.com-sea-turtles-on-koh-tao-specialty-course-768x508.jpg 768w, https:\/\/www.blackturtledive.com\/wp-content\/uploads\/2020\/12\/blackturtledive.com-sea-turtles-on-koh-tao-specialty-course-150x99.jpg 150w\" sizes=\"(max-width: 1000px) 100vw, 1000px\" \/><figcaption id=\"caption-attachment-3005\" class=\"wp-caption-text\">Echte Karettschildkr\u00f6te Koh Tao &#8211; Eretmochelys Imbricata<\/figcaption><\/figure>\n<h3>Reiches Meeresleben<\/h3>\n<p>Entlang dieser K\u00fcstenlinie trifft man st\u00e4ndig Titan-Dr\u00fcckerfische; zudem sehen wir h\u00e4ufig neugierige Gel Branding&#8211;Dr\u00fcckerfische, die sich meist friedlich verhalten.<\/p>\n<p>Schwimmt man nach Norden entlang der K\u00fcste auf etwa 8\u201310 Metern Tiefe, trifft man auf eine \u00e4u\u00dferst seltene Erscheinung rund um Koh Tao: den Rosa-Schwanz-Dr\u00fcckerfisch.<\/p>\n<p><a href=\"https:\/\/www.blackturtledive.com\/koh-tao-marine-life\/pinktail-trigger-fish\/\">Rosa-Schwanz-Dr\u00fcckerfische<\/a> sind ruhiger als andere Dr\u00fcckerfische und versammeln sich oft an einem kleinen Felsen \u2014 bis zu drei oder vier Tiere k\u00f6nnen dort vorkommen.<\/p>\n<p>Als Taucher kann man Stunden, Tage oder Wochen damit verbringen, dieses sch\u00f6ne K\u00fcstenst\u00fcck n\u00f6rdlich der Japanese Gardens in 12\u201315 Metern Tiefe zu erkunden.<\/p>\n<figure id=\"attachment_3383\" aria-describedby=\"caption-attachment-3383\" style=\"width: 1000px\" class=\"wp-caption alignnone\"><img decoding=\"async\" class=\"size-full wp-image-3383\" src=\"https:\/\/www.blackturtledive.com\/wp-content\/uploads\/2021\/01\/blackturtledive.com-parrotfish-koh-tao-thailand.jpg\" alt=\"Papageienfisch Koh Tao\" width=\"1000\" height=\"666\" srcset=\"https:\/\/www.blackturtledive.com\/wp-content\/uploads\/2021\/01\/blackturtledive.com-parrotfish-koh-tao-thailand.jpg 1000w, https:\/\/www.blackturtledive.com\/wp-content\/uploads\/2021\/01\/blackturtledive.com-parrotfish-koh-tao-thailand-300x200.jpg 300w, https:\/\/www.blackturtledive.com\/wp-content\/uploads\/2021\/01\/blackturtledive.com-parrotfish-koh-tao-thailand-768x511.jpg 768w, https:\/\/www.blackturtledive.com\/wp-content\/uploads\/2021\/01\/blackturtledive.com-parrotfish-koh-tao-thailand-150x100.jpg 150w\" sizes=\"(max-width: 1000px) 100vw, 1000px\" \/><figcaption id=\"caption-attachment-3383\" class=\"wp-caption-text\">Papageienfisch Koh Tao<\/figcaption><\/figure>\n<h3><span style=\"color: #28d4ff;\">Gro\u00dfartiges Taucherlebnis<\/span><\/h3>\n<p>Wer seine Fische kennt und wei\u00df, wo er suchen muss, kann einen Skorpionfisch entdecken; au\u00dferdem weiden hier h\u00e4ufig Gr\u00fcne Meeresschildkr\u00f6ten und <a href=\"https:\/\/www.blackturtledive.com\/koh-tao-marine-life\/hawksbill-sea-turtle\/\">Echte Karettschildkr\u00f6ten<\/a>.<\/p>\n<p>H\u00e4ufige Besucher dieser Gegend sind gestreifte Seeschlangen, Schw\u00e4rme von Trevally, Schnapper und Gelbschwanz-Barrakudas.<\/p>\n<p>Man kann den Tauchgang auf zwei Arten planen: Entweder zuerst Red Rock Pinnacle tauchen und nach der H\u00f6hle nach Norden schwimmen, oder s\u00fcdlich weiter tauchen und im Japanese Gardens beenden.<\/p>\n<p>Beide Varianten bieten ein sch\u00f6nes, entspanntes und etwas l\u00e4ngeres Taucherlebnis, besonders f\u00fcr <span style=\"color: #28d4ff;\">Taucher<\/span>, die eine gem\u00fctliche und etwas l\u00e4ngere Tauchzeit genie\u00dfen.[\/vc_column_text][\/vc_column][\/vc_row]<\/p>\n<\/div>","protected":false},"excerpt":{"rendered":"<p>Der Tauchplatz Red Rock Felsnadel liegt vor der Ostk\u00fcste der Insel Koh Nang Yuan und ist ein hervorragender Ausgangspunkt f\u00fcr Taucher, um die K\u00fcste zu erkunden.<\/p>\n","protected":false},"author":2,"featured_media":18298,"parent":18682,"menu_order":0,"comment_status":"closed","ping_status":"closed","template":"","meta":{"_acf_changed":false,"footnotes":""},"class_list":["post-18672","page","type-page","status-publish","has-post-thumbnail","hentry"],"acf":[],"yoast_head":"<!-- This site is optimized with the Yoast SEO Premium plugin v27.6 (Yoast SEO v27.6) - https:\/\/yoast.com\/product\/yoast-seo-premium-wordpress\/ -->\n<title>Red Rock Pinnacle Tauchplatz Koh Tao | Black Turtle Dive<\/title>\n<meta name=\"description\" content=\"Der Tauchplatz Red Rock Pinnacle auf Koh Tao liegt vor der Ostk\u00fcste von Koh Nang Yuan und ist ein ausgezeichneter Ausgangspunkt f\u00fcr Taucher, um die K\u00fcste zu erkunden.\" \/>\n<meta name=\"robots\" content=\"index, follow, max-snippet:-1, max-image-preview:large, max-video-preview:-1\" \/>\n<link rel=\"canonical\" href=\"https:\/\/www.blackturtledive.com\/de\/koh-tao-dive-sites\/red-rock-pinnacle\/\" \/>\n<meta property=\"og:locale\" content=\"de_DE\" \/>\n<meta property=\"og:type\" content=\"article\" \/>\n<meta property=\"og:title\" content=\"Red Rock Pinnacle Dive Site Koh Tao | Black Turtle Dive\" \/>\n<meta property=\"og:description\" content=\"Red Rock Pinnacle dive site on Koh Tao is located off the east coast of Koh Nang Yuan and is an excellent drop off point for divers to explore the coastline\" \/>\n<meta property=\"og:url\" content=\"https:\/\/www.blackturtledive.com\/de\/koh-tao-dive-sites\/red-rock-pinnacle\/\" \/>\n<meta property=\"og:site_name\" content=\"Black Turtle Dive Koh Tao\" \/>\n<meta property=\"article:publisher\" content=\"https:\/\/www.facebook.com\/blackturtledive\" \/>\n<meta property=\"article:modified_time\" content=\"2026-05-05T14:24:50+00:00\" \/>\n<meta property=\"og:image\" content=\"https:\/\/www.blackturtledive.com\/wp-content\/uploads\/2020\/11\/blackturtledive.com-best-padi-divemaster-course-koh-tao.jpg\" \/>\n\t<meta property=\"og:image:width\" content=\"1200\" \/>\n\t<meta property=\"og:image:height\" content=\"800\" \/>\n\t<meta property=\"og:image:type\" content=\"image\/jpeg\" \/>\n<meta name=\"twitter:card\" content=\"summary_large_image\" \/>\n<meta name=\"twitter:title\" content=\"Red Rock Pinnacle Dive Site Koh Tao | Black Turtle Dive\" \/>\n<meta name=\"twitter:description\" content=\"Red Rock Pinnacle dive site on Koh Tao is located off the east coast of Koh Nang Yuan and is an excellent drop off point for divers to explore the coastline\" \/>\n<meta name=\"twitter:image\" content=\"https:\/\/www.blackturtledive.com\/wp-content\/uploads\/2020\/11\/blackturtledive.com-best-padi-divemaster-course-koh-tao.jpg\" \/>\n<meta name=\"twitter:site\" content=\"@blackturtledive\" \/>\n<meta name=\"twitter:label1\" content=\"Gesch\u00e4tzte Lesezeit\" \/>\n\t<meta name=\"twitter:data1\" content=\"5\u00a0Minuten\" \/>\n<!-- \/ Yoast SEO Premium plugin. -->","yoast_head_json":{"title":"Red Rock Pinnacle Tauchplatz Koh Tao | Black Turtle Dive","description":"Der Tauchplatz Red Rock Pinnacle auf Koh Tao liegt vor der Ostk\u00fcste von Koh Nang Yuan und ist ein ausgezeichneter Ausgangspunkt f\u00fcr Taucher, um die K\u00fcste zu erkunden.","robots":{"index":"index","follow":"follow","max-snippet":"max-snippet:-1","max-image-preview":"max-image-preview:large","max-video-preview":"max-video-preview:-1"},"canonical":"https:\/\/www.blackturtledive.com\/de\/koh-tao-dive-sites\/red-rock-pinnacle\/","og_locale":"de_DE","og_type":"article","og_title":"Red Rock Pinnacle Dive Site Koh Tao | Black Turtle Dive","og_description":"Red Rock Pinnacle dive site on Koh Tao is located off the east coast of Koh Nang Yuan and is an excellent drop off point for divers to explore the coastline","og_url":"https:\/\/www.blackturtledive.com\/de\/koh-tao-dive-sites\/red-rock-pinnacle\/","og_site_name":"Black Turtle Dive Koh Tao","article_publisher":"https:\/\/www.facebook.com\/blackturtledive","article_modified_time":"2026-05-05T14:24:50+00:00","og_image":[{"width":1200,"height":800,"url":"https:\/\/www.blackturtledive.com\/wp-content\/uploads\/2020\/11\/blackturtledive.com-best-padi-divemaster-course-koh-tao.jpg","type":"image\/jpeg"}],"twitter_card":"summary_large_image","twitter_title":"Red Rock Pinnacle Dive Site Koh Tao | Black Turtle Dive","twitter_description":"Red Rock Pinnacle dive site on Koh Tao is located off the east coast of Koh Nang Yuan and is an excellent drop off point for divers to explore the coastline","twitter_image":"https:\/\/www.blackturtledive.com\/wp-content\/uploads\/2020\/11\/blackturtledive.com-best-padi-divemaster-course-koh-tao.jpg","twitter_site":"@blackturtledive","twitter_misc":{"Gesch\u00e4tzte Lesezeit":"5\u00a0Minuten"},"schema":{"@context":"https:\/\/schema.org","@graph":[{"@type":"WebPage","@id":"https:\/\/www.blackturtledive.com\/de\/koh-tao-dive-sites\/red-rock-pinnacle\/","url":"https:\/\/www.blackturtledive.com\/de\/koh-tao-dive-sites\/red-rock-pinnacle\/","name":"Red Rock Pinnacle Tauchplatz Koh Tao | Black Turtle Dive","isPartOf":{"@id":"https:\/\/www.blackturtledive.com\/de\/#website"},"primaryImageOfPage":{"@id":"https:\/\/www.blackturtledive.com\/de\/koh-tao-dive-sites\/red-rock-pinnacle\/#primaryimage"},"image":{"@id":"https:\/\/www.blackturtledive.com\/de\/koh-tao-dive-sites\/red-rock-pinnacle\/#primaryimage"},"thumbnailUrl":"https:\/\/www.blackturtledive.com\/wp-content\/uploads\/2021\/01\/blackturtledive.com-red-rock-dive-site-koh-tao-yellow-tail-barracuda.jpg","datePublished":"2020-09-19T15:52:11+00:00","dateModified":"2026-05-05T14:24:50+00:00","description":"Der Tauchplatz Red Rock Pinnacle auf Koh Tao liegt vor der Ostk\u00fcste von Koh Nang Yuan und ist ein ausgezeichneter Ausgangspunkt f\u00fcr Taucher, um die K\u00fcste zu erkunden.","breadcrumb":{"@id":"https:\/\/www.blackturtledive.com\/de\/koh-tao-dive-sites\/red-rock-pinnacle\/#breadcrumb"},"inLanguage":"de","potentialAction":[{"@type":"ReadAction","target":["https:\/\/www.blackturtledive.com\/de\/koh-tao-dive-sites\/red-rock-pinnacle\/"]}]},{"@type":"ImageObject","inLanguage":"de","@id":"https:\/\/www.blackturtledive.com\/de\/koh-tao-dive-sites\/red-rock-pinnacle\/#primaryimage","url":"https:\/\/www.blackturtledive.com\/wp-content\/uploads\/2021\/01\/blackturtledive.com-red-rock-dive-site-koh-tao-yellow-tail-barracuda.jpg","contentUrl":"https:\/\/www.blackturtledive.com\/wp-content\/uploads\/2021\/01\/blackturtledive.com-red-rock-dive-site-koh-tao-yellow-tail-barracuda.jpg","width":1100,"height":619,"caption":"Red Rock Pinnacle Dive Site Koh Tao"},{"@type":"BreadcrumbList","@id":"https:\/\/www.blackturtledive.com\/de\/koh-tao-dive-sites\/red-rock-pinnacle\/#breadcrumb","itemListElement":[{"@type":"ListItem","position":1,"name":"Home","item":"https:\/\/www.blackturtledive.com\/de\/"},{"@type":"ListItem","position":2,"name":"Koh Tao Tauchpl\u00e4tze","item":"https:\/\/www.blackturtledive.com\/de\/koh-tao-dive-sites\/"},{"@type":"ListItem","position":3,"name":"Red Rock Pinnacle"}]},{"@type":"WebSite","@id":"https:\/\/www.blackturtledive.com\/de\/#website","url":"https:\/\/www.blackturtledive.com\/de\/","name":"Black Turtle Dive Koh Tao","description":"Ocean Explorers | Marine Protectors","publisher":{"@id":"https:\/\/www.blackturtledive.com\/de\/#organization"},"alternateName":"Black Turtle Dive in Thailand","potentialAction":[{"@type":"SearchAction","target":{"@type":"EntryPoint","urlTemplate":"https:\/\/www.blackturtledive.com\/de\/?s={search_term_string}"},"query-input":{"@type":"PropertyValueSpecification","valueRequired":true,"valueName":"search_term_string"}}],"inLanguage":"de"},{"@type":"Organization","@id":"https:\/\/www.blackturtledive.com\/de\/#organization","name":"Black Turtle Dive Koh Tao","alternateName":"Black Turtle Dive","url":"https:\/\/www.blackturtledive.com\/de\/","logo":{"@type":"ImageObject","inLanguage":"de","@id":"https:\/\/www.blackturtledive.com\/de\/#\/schema\/logo\/image\/","url":"https:\/\/www.blackturtledive.com\/wp-content\/uploads\/2020\/11\/cropped-blackturtledive.com-brand-logo.png","contentUrl":"https:\/\/www.blackturtledive.com\/wp-content\/uploads\/2020\/11\/cropped-blackturtledive.com-brand-logo.png","width":400,"height":400,"caption":"Black Turtle Dive Koh Tao"},"image":{"@id":"https:\/\/www.blackturtledive.com\/de\/#\/schema\/logo\/image\/"},"sameAs":["https:\/\/www.facebook.com\/blackturtledive","https:\/\/x.com\/blackturtledive","https:\/\/www.instagram.com\/blackturtledive\/","https:\/\/www.youtube.com\/blackturtledive","https:\/\/www.linkedin.com\/company\/blackturtledive\/","https:\/\/www.tumblr.com\/blackturtledive","https:\/\/www.pinterest.com\/blackturtledive\/","https:\/\/www.tiktok.com\/@blackturtledive","https:\/\/www.reddit.com\/user\/blackturtledive\/"],"description":"Black Turtle Dive is a modern and innovative 5 Star Career Development Scuba Diving Center, passionate about the ocean and through training we want to empower you to become a competent and confident scuba diver. Our diving courses equip you with the skills, knowledge and awareness necessary to explore the ocean safely, whilst becoming a passionate advocate and protector of the marine environment. If you have never dived before or are a certified diver and want to develop your skills further, our tailored, bespoke courses and programs will inspire you to become an Ocean advocate. Our scientific based Marine Conservation Internships and training programs, offer aspiring scuba divers and marine conservationists, the best marine conservation internships on Koh Tao. We currently offer students six levels of Marine Conservation Internships at our beachside location on Koh Tao in Thailand. Check out our website for more information.","email":"info@blackturtledive.com","telephone":"089 592 2134","legalName":"Black Turtle Dive Co Ltd","foundingDate":"2020-01-01","publishingPrinciples":"https:\/\/www.blackturtledive.com\/terms\/","ownershipFundingInfo":"https:\/\/www.blackturtledive.com\/terms\/","actionableFeedbackPolicy":"https:\/\/www.blackturtledive.com\/privacy-policy\/","correctionsPolicy":"https:\/\/www.blackturtledive.com\/privacy-policy\/","ethicsPolicy":"https:\/\/www.blackturtledive.com\/privacy-policy\/","diversityPolicy":"https:\/\/www.blackturtledive.com\/privacy-policy\/"}]}},"_links":{"self":[{"href":"https:\/\/www.blackturtledive.com\/de\/wp-json\/wp\/v2\/pages\/18672","targetHints":{"allow":["GET"]}}],"collection":[{"href":"https:\/\/www.blackturtledive.com\/de\/wp-json\/wp\/v2\/pages"}],"about":[{"href":"https:\/\/www.blackturtledive.com\/de\/wp-json\/wp\/v2\/types\/page"}],"author":[{"embeddable":true,"href":"https:\/\/www.blackturtledive.com\/de\/wp-json\/wp\/v2\/users\/2"}],"replies":[{"embeddable":true,"href":"https:\/\/www.blackturtledive.com\/de\/wp-json\/wp\/v2\/comments?post=18672"}],"version-history":[{"count":1,"href":"https:\/\/www.blackturtledive.com\/de\/wp-json\/wp\/v2\/pages\/18672\/revisions"}],"predecessor-version":[{"id":70909,"href":"https:\/\/www.blackturtledive.com\/de\/wp-json\/wp\/v2\/pages\/18672\/revisions\/70909"}],"up":[{"embeddable":true,"href":"https:\/\/www.blackturtledive.com\/de\/wp-json\/wp\/v2\/pages\/18682"}],"wp:featuredmedia":[{"embeddable":true,"href":"https:\/\/www.blackturtledive.com\/de\/wp-json\/wp\/v2\/media\/18298"}],"wp:attachment":[{"href":"https:\/\/www.blackturtledive.com\/de\/wp-json\/wp\/v2\/media?parent=18672"}],"curies":[{"name":"wp","href":"https:\/\/api.w.org\/{rel}","templated":true}]}}