{"id":18674,"date":"2020-09-19T22:50:14","date_gmt":"2020-09-19T15:50:14","guid":{"rendered":"https:\/\/www.blackturtledive.com\/white-rock\/"},"modified":"2026-05-05T21:24:52","modified_gmt":"2026-05-05T14:24:52","slug":"white-rock","status":"publish","type":"page","link":"https:\/\/www.blackturtledive.com\/de\/koh-tao-dive-sites\/white-rock\/","title":{"rendered":"White Rock"},"content":{"rendered":"<div class=\"wpb-content-wrapper\"><p>[vc_row][vc_column][vc_column_text css=&#8220;&#8220;]White Rock ist einer der gr\u00f6\u00dften und beliebtesten Tauchpl\u00e4tze auf Koh Tao und besteht aus zwei massiven, von Korallen bewachsenen Granitformationen, die vor Leben wimmeln.<\/p>\n<p>Mit Tiefen zwischen 5 und 22 Metern ist er ein artenreicher Tauchplatz f\u00fcr Tages- und Nachttauchg\u00e4nge und bietet Sichtungen von Gro\u00dfen Barrakudas, Blaupunkt\u2011Schnapperrochen (Blue\u2011spotted Ribbontail Rays) und Gr\u00fcnen Meeresschildkr\u00f6ten.<\/p>\n<p>Durch seine zentrale Lage an der Westk\u00fcste ist er bei fast jedem Wetter gut erreichbar und damit ein verl\u00e4sslicher Ausgangspunkt f\u00fcr Meeresfotografie und Unterwasser\u2011Navigations\u00adtraining.<\/p>\n<h3><span style=\"color: #28d4ff;\">Erfahren Sie mehr \u00fcber den Tauchplatz White Rock auf Koh Tao<\/span><\/h3>\n<p>Der Tauchplatz White Rock ist ein idealer Ort f\u00fcr <a href=\"https:\/\/www.blackturtledive.com\/padi-diving-courses\/\">Taucher<\/a>, die die Vielfalt des \u00f6rtlichen <a href=\"https:\/\/www.blackturtledive.com\/koh-tao-marine-life\/\">Meereslebens<\/a> erkunden m\u00f6chten, und ist beliebt f\u00fcr Nachttauchg\u00e4nge.<\/p>\n<ul>\n<li>Lage: 2 km vor der Westk\u00fcste von <a href=\"https:\/\/www.blackturtledive.com\/koh-tao\/\">Koh Tao<\/a><\/li>\n<li>Tiefe: Max. 22 m, Min. 1 m, Durchschnitt ca. 12 m<\/li>\n<li>Art des Tauchplatzes: Granitfelsen-Pinnacles und Felsbl\u00f6cke mit einem flachen Korallengarten, verschiedenen Hart- und Weichkorallen sowie Sand Feldern dazwischen; umgeben von Sand und Schiefer<\/li>\n<li>Schwierigkeitsgrad: <a href=\"https:\/\/www.blackturtledive.com\/padi-diving-courses\/open-water-course\/\">Open-Water-Taucher<\/a><\/li>\n<li>Bedingungen: Meist ruhig mit geringer bis keiner Str\u00f6mung<\/li>\n<li>Durchschnittliche Sichtweite: 10\u201320 Meter<\/li>\n<\/ul>\n<div  data-ep-a=\"fadeIn\"  id=\"_ytid_42207\"  width=\"640\" height=\"360\"  data-origwidth=\"640\" data-origheight=\"360\"  data-relstop=\"1\" data-facadesrc=\"https:\/\/www.youtube.com\/embed\/ChE8otCmoFI?enablejsapi=1&origin=https:\/\/www.blackturtledive.com&autoplay=0&cc_load_policy=0&cc_lang_pref=&iv_load_policy=1&loop=0&rel=0&fs=1&playsinline=0&autohide=2&theme=dark&color=red&controls=1&disablekb=0&\" class=\"__youtube_prefs__ epyt-facade  no-lazyload\" data-epautoplay=\"1\" ><img decoding=\"async\" data-spai-excluded=\"true\" class=\"epyt-facade-poster skip-lazy\" loading=\"lazy\"  alt=\"White Rock Dive Site Koh Tao in Thailand\"  src=\"https:\/\/i.ytimg.com\/vi\/ChE8otCmoFI\/maxresdefault.jpg\"  \/><button class=\"epyt-facade-play\" aria-label=\"Play\"><svg data-no-lazy=\"1\" height=\"100%\" version=\"1.1\" viewBox=\"0 0 68 48\" width=\"100%\"><path class=\"ytp-large-play-button-bg\" d=\"M66.52,7.74c-0.78-2.93-2.49-5.41-5.42-6.19C55.79,.13,34,0,34,0S12.21,.13,6.9,1.55 C3.97,2.33,2.27,4.81,1.48,7.74C0.06,13.05,0,24,0,24s0.06,10.95,1.48,16.26c0.78,2.93,2.49,5.41,5.42,6.19 C12.21,47.87,34,48,34,48s21.79-0.13,27.1-1.55c2.93-0.78,4.64-3.26,5.42-6.19C67.94,34.95,68,24,68,24S67.94,13.05,66.52,7.74z\" fill=\"#f00\"><\/path><path d=\"M 45,24 27,14 27,34\" fill=\"#fff\"><\/path><\/svg><\/button><\/div><span itemprop=\"video\" itemscope itemtype=\"http:\/\/schema.org\/VideoObject\"><meta itemprop=\"embedUrl\" content=\"https:\/\/www.youtube.com\/embed\/ChE8otCmoFI\"><meta itemprop=\"name\" content=\"White Rock Dive Site Koh Tao in Thailand\"><meta itemprop=\"description\" content=\"White Rock dive site on Koh Tao is the perfect location for scuba divers who want to explore the diversity of local marine life and is popular for night dives. Location: 2km off West coast of Koh Tao Depth: Max 22m, Min 1m \u2013 Average 12m Type of site: Granite rock pinnacles and boulders with a shallow coral garden, assorted hard and soft corals and patch of sand in between, surrounded by sand and shale Level: Open Water Diver Conditions: Flat most of year with mild to no current Average Visibility: 10-20 meters White Rock is quite possibly the largest dive site on Koh Tao and White Rock offers endless possibilities and surprises for even the most experienced resident Koh Tao diver. Check out more of our dive sites: https:\/\/www.blackturtledive.com\/koh-tao-dive-sites\/white-rock\/ Footage: \ud83d\ude4f\ud83c\udffb. \ud83c\udfac Wet Lens Images (https:\/\/www.youtube.com\/channel\/UCVB6Hza4P2ct7SgAo7I9n7g)\"><meta itemprop=\"thumbnailUrl\" content=\"https:\/\/i.ytimg.com\/vi\/ChE8otCmoFI\/0.jpg\"><meta itemprop=\"duration\" content=\"PT58S\"><meta itemprop=\"uploadDate\" content=\"2021-01-29T07:17:39Z\"><\/span>\n<h3>White Rock \u2013 Bestes Nachttauchen auf Koh Tao<\/h3>\n<p>White Rock ist m\u00f6glicherweise der gr\u00f6\u00dfte Tauchplatz auf Koh Tao und bietet selbst erfahrenen Tauchern endlose M\u00f6glichkeiten und \u00dcberraschungen.<\/p>\n<p>Vom thail\u00e4ndischen <span style=\"color: #28d4ff;\"><em>Hin Khao<\/em><\/span> \u00fcbersetzt, erhielt der Tauchplatz seinen Namen durch die Spitze des flachen n\u00f6rdlichen Pinnacles, die weniger als 2 Meter unter der Oberfl\u00e4che liegt und wie ein wei\u00dfer Felsen aussieht.<\/p>\n<p>Der flachste Bereich des Tauchplatzes befindet sich am n\u00f6rdlichen Ende; die Felsen beginnen in Tiefen zwischen 16\u201312 Metern.<\/p>\n<h3><span style=\"color: #28d4ff;\">White Rock \u2013 flacher Korallengarten<\/span><\/h3>\n<p>Der Tauchplatz ist <a href=\"https:\/\/www.blackturtledive.com\/padi-specialty-courses\/underwater-navigator-diver\/\">leicht zu navigieren<\/a> und verl\u00e4uft in S\u00fcd-Nord-Richtung. In etwa 9 Metern Tiefe befindet sich ein sch\u00f6ner kleiner Korallengarten mit einem dazwischenliegenden Sandfeld.<\/p>\n<p>Der s\u00fcdliche Pinnacle f\u00e4llt auf etwa 22 Meter ab und ist oft ein guter Einstiegspunkt f\u00fcr den Tauchgang.<\/p>\n<p>Beim Erkunden der kleineren der beiden Haupts\u00e4ulen Formationen sollten Sie genau in den Schatten schauen.<\/p>\n<figure id=\"attachment_900\" aria-describedby=\"caption-attachment-900\" style=\"width: 1200px\" class=\"wp-caption alignnone\"><img decoding=\"async\" class=\"size-full wp-image-900\" src=\"https:\/\/www.blackturtledive.com\/wp-content\/uploads\/2020\/11\/blackturtledive.com-open-water-course-koh-tao.jpg\" alt=\"Meeresschildkr\u00f6te Koh Tao - Open Water Kurs\" width=\"1200\" height=\"795\" srcset=\"https:\/\/www.blackturtledive.com\/wp-content\/uploads\/2020\/11\/blackturtledive.com-open-water-course-koh-tao.jpg 1200w, https:\/\/www.blackturtledive.com\/wp-content\/uploads\/2020\/11\/blackturtledive.com-open-water-course-koh-tao-300x199.jpg 300w, https:\/\/www.blackturtledive.com\/wp-content\/uploads\/2020\/11\/blackturtledive.com-open-water-course-koh-tao-1024x678.jpg 1024w, https:\/\/www.blackturtledive.com\/wp-content\/uploads\/2020\/11\/blackturtledive.com-open-water-course-koh-tao-768x509.jpg 768w, https:\/\/www.blackturtledive.com\/wp-content\/uploads\/2020\/11\/blackturtledive.com-open-water-course-koh-tao-150x99.jpg 150w, https:\/\/www.blackturtledive.com\/wp-content\/uploads\/2020\/11\/blackturtledive.com-open-water-course-koh-tao-450x298.jpg 450w\" sizes=\"(max-width: 1200px) 100vw, 1200px\" \/><figcaption id=\"caption-attachment-900\" class=\"wp-caption-text\">Meeresschildkr\u00f6te Koh Tao &#8211; Open Water Kurs<\/figcaption><\/figure>\n<h3>Stachelrochen, Meeresschildkr\u00f6ten &amp; Mur\u00e4nen<\/h3>\n<p>Unter \u00dcberh\u00e4ngen finden Sie Blaupunkt&#8211;Wandf\u00e4cher&#8211;Stachelrochen; Wei\u00dfaugen&#8211;Mur\u00e4nen kuscheln in kleinen L\u00f6chern im Fels oder wagen sich neugierig vor.<\/p>\n<p>Entlang der s\u00fcdlichen Bogenlinie gibt es einen gro\u00dfen Schwarm Gelbschwanz-Barrakudas. Au\u00dferdem begegnen Sie Blaugeringelten und <a href=\"https:\/\/www.blackturtledive.com\/koh-tao-marine-life\/six-banded-angelfish\/\">Sechsbinden-Kaiserfischen<\/a>, Bannerfischen, Schnabelkorallenfischen und Falterfischen.<\/p>\n<p>White Rock beherbergt mehrere <a href=\"https:\/\/www.blackturtledive.com\/koh-tao-marine-life\/titan-triggerfish\/\">Titan Dr\u00fcckerfische<\/a>, die in der Paarungszeit etwas aggressiv werden k\u00f6nnen, jagende Banded Sea Kraits und h\u00e4ufig fressende Meeresschildkr\u00f6ten an Weichkorallen.<\/p>\n<p>Dank der N\u00e4he zu Koh Tao ist White Rock ein beliebter Nacht-Tauchplatz; bei guten Bedingungen sind Nachttauchg\u00e4nge hier spektakul\u00e4r.<\/p>\n<figure id=\"attachment_3815\" aria-describedby=\"caption-attachment-3815\" style=\"width: 1100px\" class=\"wp-caption alignnone\"><img decoding=\"async\" class=\"size-full wp-image-3815\" src=\"https:\/\/www.blackturtledive.com\/wp-content\/uploads\/2021\/01\/blackturtledive.com-white-rock-dive-sute-koh-tao-thailand.jpg\" alt=\"Tauchplatz White Rock\" width=\"1100\" height=\"619\" srcset=\"https:\/\/www.blackturtledive.com\/wp-content\/uploads\/2021\/01\/blackturtledive.com-white-rock-dive-sute-koh-tao-thailand.jpg 1100w, https:\/\/www.blackturtledive.com\/wp-content\/uploads\/2021\/01\/blackturtledive.com-white-rock-dive-sute-koh-tao-thailand-300x169.jpg 300w, https:\/\/www.blackturtledive.com\/wp-content\/uploads\/2021\/01\/blackturtledive.com-white-rock-dive-sute-koh-tao-thailand-1024x576.jpg 1024w, https:\/\/www.blackturtledive.com\/wp-content\/uploads\/2021\/01\/blackturtledive.com-white-rock-dive-sute-koh-tao-thailand-768x432.jpg 768w, https:\/\/www.blackturtledive.com\/wp-content\/uploads\/2021\/01\/blackturtledive.com-white-rock-dive-sute-koh-tao-thailand-150x84.jpg 150w\" sizes=\"(max-width: 1100px) 100vw, 1100px\" \/><figcaption id=\"caption-attachment-3815\" class=\"wp-caption-text\">Tauchplatz White Rock<\/figcaption><\/figure>\n<h3><span style=\"color: #28d4ff;\">Beliebter Ort f\u00fcr Nachttauchg\u00e4nge<\/span><\/h3>\n<p>Beobachten Sie Giant Barracuda am Rande des Tauchplatzes auf der Jagd; Sepien und Kugelfische tanzen im Licht Ihrer Lampe.<\/p>\n<p>Schauen Sie in Ritzen: Schlafende Dr\u00fcckerfische und gelegentlich eine schlafende Meeresschildkr\u00f6te sind hier zu finden.<\/p>\n<p>Obwohl White Rock nahe an Koh Tao liegt, ziehen hier gelegentlich <a href=\"https:\/\/www.blackturtledive.com\/koh-tao-marine-life\/whaleshark\/\">Walhaie<\/a> vorbei, wenn sie in der Gegend sind.<\/p>\n<p>Der Tauchplatz eignet sich f\u00fcr Open Water Taucher, Adventure- und <a href=\"https:\/\/www.blackturtledive.com\/padi-specialty-courses\/\">Specialty-Taucher<\/a> \u2014 kein Wunder, dass er so beliebt ist.<\/p>\n<figure id=\"attachment_1378\" aria-describedby=\"caption-attachment-1378\" style=\"width: 1100px\" class=\"wp-caption alignnone\"><img decoding=\"async\" class=\"size-full wp-image-1378\" src=\"https:\/\/www.blackturtledive.com\/wp-content\/uploads\/2020\/11\/blackturtledive.com-padi-night-diver-specialty-course-koh-tao.jpg\" alt=\"PADI Night Diver Specialty Kurs Koh Tao\" width=\"1100\" height=\"734\" srcset=\"https:\/\/www.blackturtledive.com\/wp-content\/uploads\/2020\/11\/blackturtledive.com-padi-night-diver-specialty-course-koh-tao.jpg 1100w, https:\/\/www.blackturtledive.com\/wp-content\/uploads\/2020\/11\/blackturtledive.com-padi-night-diver-specialty-course-koh-tao-300x200.jpg 300w, https:\/\/www.blackturtledive.com\/wp-content\/uploads\/2020\/11\/blackturtledive.com-padi-night-diver-specialty-course-koh-tao-1024x683.jpg 1024w, https:\/\/www.blackturtledive.com\/wp-content\/uploads\/2020\/11\/blackturtledive.com-padi-night-diver-specialty-course-koh-tao-768x512.jpg 768w, https:\/\/www.blackturtledive.com\/wp-content\/uploads\/2020\/11\/blackturtledive.com-padi-night-diver-specialty-course-koh-tao-150x100.jpg 150w, https:\/\/www.blackturtledive.com\/wp-content\/uploads\/2020\/11\/blackturtledive.com-padi-night-diver-specialty-course-koh-tao-450x300.jpg 450w\" sizes=\"(max-width: 1100px) 100vw, 1100px\" \/><figcaption id=\"caption-attachment-1378\" class=\"wp-caption-text\">PADI Night Diver Specialty Kurs Koh Tao<\/figcaption><\/figure>\n<p>[\/vc_column_text][\/vc_column][\/vc_row]<\/p>\n<\/div>","protected":false},"excerpt":{"rendered":"<p>Der Tauchplatz White Rock auf Koh Tao ist der perfekte Ort f\u00fcr Taucher, die die Vielfalt der lokalen Meeresfauna erkunden m\u00f6chten, und ist besonders f\u00fcr Nachttauchg\u00e4nge beliebt.<\/p>\n","protected":false},"author":2,"featured_media":18305,"parent":18682,"menu_order":0,"comment_status":"closed","ping_status":"closed","template":"","meta":{"_acf_changed":false,"footnotes":""},"class_list":["post-18674","page","type-page","status-publish","has-post-thumbnail","hentry"],"acf":[],"yoast_head":"<!-- This site is optimized with the Yoast SEO Premium plugin v27.6 (Yoast SEO v27.6) - https:\/\/yoast.com\/product\/yoast-seo-premium-wordpress\/ -->\n<title>White Rock Tauchplatz Koh Tao | Black Turtle Dive<\/title>\n<meta name=\"description\" content=\"Der Tauchplatz White Rock auf Koh Tao ist der perfekte Ort f\u00fcr Taucher, die die Vielfalt der lokalen Meeresfauna erkunden m\u00f6chten, und ist besonders f\u00fcr Nachttauchg\u00e4nge beliebt.\" \/>\n<meta name=\"robots\" content=\"index, follow, max-snippet:-1, max-image-preview:large, max-video-preview:-1\" \/>\n<link rel=\"canonical\" href=\"https:\/\/www.blackturtledive.com\/de\/koh-tao-dive-sites\/white-rock\/\" \/>\n<meta property=\"og:locale\" content=\"de_DE\" \/>\n<meta property=\"og:type\" content=\"article\" \/>\n<meta property=\"og:title\" content=\"White Rock Dive Site Koh Tao | Black Turtle Dive\" \/>\n<meta property=\"og:description\" content=\"White Rock dive site on Koh Tao is the perfect location for scuba divers want to explore the diversity of local marine life and is popular for night dives\" \/>\n<meta property=\"og:url\" content=\"https:\/\/www.blackturtledive.com\/de\/koh-tao-dive-sites\/white-rock\/\" \/>\n<meta property=\"og:site_name\" content=\"Black Turtle Dive Koh Tao\" \/>\n<meta property=\"article:publisher\" content=\"https:\/\/www.facebook.com\/blackturtledive\" \/>\n<meta property=\"article:modified_time\" content=\"2026-05-05T14:24:52+00:00\" \/>\n<meta property=\"og:image\" content=\"https:\/\/www.blackturtledive.com\/wp-content\/uploads\/2020\/11\/blackturtledive.com-best-padi-divemaster-course-koh-tao.jpg\" \/>\n\t<meta property=\"og:image:width\" content=\"1200\" \/>\n\t<meta property=\"og:image:height\" content=\"800\" \/>\n\t<meta property=\"og:image:type\" content=\"image\/jpeg\" \/>\n<meta name=\"twitter:card\" content=\"summary_large_image\" \/>\n<meta name=\"twitter:title\" content=\"White Rock Dive Site Koh Tao | Black Turtle Dive\" \/>\n<meta name=\"twitter:description\" content=\"White Rock dive site on Koh Tao is the perfect location for scuba divers want to explore the diversity of local marine life and is popular for night dives\" \/>\n<meta name=\"twitter:image\" content=\"https:\/\/www.blackturtledive.com\/wp-content\/uploads\/2020\/11\/blackturtledive.com-best-padi-divemaster-course-koh-tao.jpg\" \/>\n<meta name=\"twitter:site\" content=\"@blackturtledive\" \/>\n<meta name=\"twitter:label1\" content=\"Gesch\u00e4tzte Lesezeit\" \/>\n\t<meta name=\"twitter:data1\" content=\"4\u00a0Minuten\" \/>\n<!-- \/ Yoast SEO Premium plugin. -->","yoast_head_json":{"title":"White Rock Tauchplatz Koh Tao | Black Turtle Dive","description":"Der Tauchplatz White Rock auf Koh Tao ist der perfekte Ort f\u00fcr Taucher, die die Vielfalt der lokalen Meeresfauna erkunden m\u00f6chten, und ist besonders f\u00fcr Nachttauchg\u00e4nge beliebt.","robots":{"index":"index","follow":"follow","max-snippet":"max-snippet:-1","max-image-preview":"max-image-preview:large","max-video-preview":"max-video-preview:-1"},"canonical":"https:\/\/www.blackturtledive.com\/de\/koh-tao-dive-sites\/white-rock\/","og_locale":"de_DE","og_type":"article","og_title":"White Rock Dive Site Koh Tao | Black Turtle Dive","og_description":"White Rock dive site on Koh Tao is the perfect location for scuba divers want to explore the diversity of local marine life and is popular for night dives","og_url":"https:\/\/www.blackturtledive.com\/de\/koh-tao-dive-sites\/white-rock\/","og_site_name":"Black Turtle Dive Koh Tao","article_publisher":"https:\/\/www.facebook.com\/blackturtledive","article_modified_time":"2026-05-05T14:24:52+00:00","og_image":[{"width":1200,"height":800,"url":"https:\/\/www.blackturtledive.com\/wp-content\/uploads\/2020\/11\/blackturtledive.com-best-padi-divemaster-course-koh-tao.jpg","type":"image\/jpeg"}],"twitter_card":"summary_large_image","twitter_title":"White Rock Dive Site Koh Tao | Black Turtle Dive","twitter_description":"White Rock dive site on Koh Tao is the perfect location for scuba divers want to explore the diversity of local marine life and is popular for night dives","twitter_image":"https:\/\/www.blackturtledive.com\/wp-content\/uploads\/2020\/11\/blackturtledive.com-best-padi-divemaster-course-koh-tao.jpg","twitter_site":"@blackturtledive","twitter_misc":{"Gesch\u00e4tzte Lesezeit":"4\u00a0Minuten"},"schema":{"@context":"https:\/\/schema.org","@graph":[{"@type":"WebPage","@id":"https:\/\/www.blackturtledive.com\/de\/koh-tao-dive-sites\/white-rock\/","url":"https:\/\/www.blackturtledive.com\/de\/koh-tao-dive-sites\/white-rock\/","name":"White Rock Tauchplatz Koh Tao | Black Turtle Dive","isPartOf":{"@id":"https:\/\/www.blackturtledive.com\/de\/#website"},"primaryImageOfPage":{"@id":"https:\/\/www.blackturtledive.com\/de\/koh-tao-dive-sites\/white-rock\/#primaryimage"},"image":{"@id":"https:\/\/www.blackturtledive.com\/de\/koh-tao-dive-sites\/white-rock\/#primaryimage"},"thumbnailUrl":"https:\/\/www.blackturtledive.com\/wp-content\/uploads\/2021\/01\/blackturtledive.com-white-rock-dive-sute-koh-tao-banded-sea-snake.jpg","datePublished":"2020-09-19T15:50:14+00:00","dateModified":"2026-05-05T14:24:52+00:00","description":"Der Tauchplatz White Rock auf Koh Tao ist der perfekte Ort f\u00fcr Taucher, die die Vielfalt der lokalen Meeresfauna erkunden m\u00f6chten, und ist besonders f\u00fcr Nachttauchg\u00e4nge beliebt.","breadcrumb":{"@id":"https:\/\/www.blackturtledive.com\/de\/koh-tao-dive-sites\/white-rock\/#breadcrumb"},"inLanguage":"de","potentialAction":[{"@type":"ReadAction","target":["https:\/\/www.blackturtledive.com\/de\/koh-tao-dive-sites\/white-rock\/"]}]},{"@type":"ImageObject","inLanguage":"de","@id":"https:\/\/www.blackturtledive.com\/de\/koh-tao-dive-sites\/white-rock\/#primaryimage","url":"https:\/\/www.blackturtledive.com\/wp-content\/uploads\/2021\/01\/blackturtledive.com-white-rock-dive-sute-koh-tao-banded-sea-snake.jpg","contentUrl":"https:\/\/www.blackturtledive.com\/wp-content\/uploads\/2021\/01\/blackturtledive.com-white-rock-dive-sute-koh-tao-banded-sea-snake.jpg","width":1100,"height":619,"caption":"White Rock Dive Site Koh Tao"},{"@type":"BreadcrumbList","@id":"https:\/\/www.blackturtledive.com\/de\/koh-tao-dive-sites\/white-rock\/#breadcrumb","itemListElement":[{"@type":"ListItem","position":1,"name":"Home","item":"https:\/\/www.blackturtledive.com\/de\/"},{"@type":"ListItem","position":2,"name":"Koh Tao Tauchpl\u00e4tze","item":"https:\/\/www.blackturtledive.com\/de\/koh-tao-dive-sites\/"},{"@type":"ListItem","position":3,"name":"White Rock"}]},{"@type":"WebSite","@id":"https:\/\/www.blackturtledive.com\/de\/#website","url":"https:\/\/www.blackturtledive.com\/de\/","name":"Black Turtle Dive Koh Tao","description":"Ocean Explorers | Marine Protectors","publisher":{"@id":"https:\/\/www.blackturtledive.com\/de\/#organization"},"alternateName":"Black Turtle Dive in Thailand","potentialAction":[{"@type":"SearchAction","target":{"@type":"EntryPoint","urlTemplate":"https:\/\/www.blackturtledive.com\/de\/?s={search_term_string}"},"query-input":{"@type":"PropertyValueSpecification","valueRequired":true,"valueName":"search_term_string"}}],"inLanguage":"de"},{"@type":"Organization","@id":"https:\/\/www.blackturtledive.com\/de\/#organization","name":"Black Turtle Dive Koh Tao","alternateName":"Black Turtle Dive","url":"https:\/\/www.blackturtledive.com\/de\/","logo":{"@type":"ImageObject","inLanguage":"de","@id":"https:\/\/www.blackturtledive.com\/de\/#\/schema\/logo\/image\/","url":"https:\/\/www.blackturtledive.com\/wp-content\/uploads\/2020\/11\/cropped-blackturtledive.com-brand-logo.png","contentUrl":"https:\/\/www.blackturtledive.com\/wp-content\/uploads\/2020\/11\/cropped-blackturtledive.com-brand-logo.png","width":400,"height":400,"caption":"Black Turtle Dive Koh Tao"},"image":{"@id":"https:\/\/www.blackturtledive.com\/de\/#\/schema\/logo\/image\/"},"sameAs":["https:\/\/www.facebook.com\/blackturtledive","https:\/\/x.com\/blackturtledive","https:\/\/www.instagram.com\/blackturtledive\/","https:\/\/www.youtube.com\/blackturtledive","https:\/\/www.linkedin.com\/company\/blackturtledive\/","https:\/\/www.tumblr.com\/blackturtledive","https:\/\/www.pinterest.com\/blackturtledive\/","https:\/\/www.tiktok.com\/@blackturtledive","https:\/\/www.reddit.com\/user\/blackturtledive\/"],"description":"Black Turtle Dive is a modern and innovative 5 Star Career Development Scuba Diving Center, passionate about the ocean and through training we want to empower you to become a competent and confident scuba diver. Our diving courses equip you with the skills, knowledge and awareness necessary to explore the ocean safely, whilst becoming a passionate advocate and protector of the marine environment. If you have never dived before or are a certified diver and want to develop your skills further, our tailored, bespoke courses and programs will inspire you to become an Ocean advocate. Our scientific based Marine Conservation Internships and training programs, offer aspiring scuba divers and marine conservationists, the best marine conservation internships on Koh Tao. We currently offer students six levels of Marine Conservation Internships at our beachside location on Koh Tao in Thailand. Check out our website for more information.","email":"info@blackturtledive.com","telephone":"089 592 2134","legalName":"Black Turtle Dive Co Ltd","foundingDate":"2020-01-01","publishingPrinciples":"https:\/\/www.blackturtledive.com\/terms\/","ownershipFundingInfo":"https:\/\/www.blackturtledive.com\/terms\/","actionableFeedbackPolicy":"https:\/\/www.blackturtledive.com\/privacy-policy\/","correctionsPolicy":"https:\/\/www.blackturtledive.com\/privacy-policy\/","ethicsPolicy":"https:\/\/www.blackturtledive.com\/privacy-policy\/","diversityPolicy":"https:\/\/www.blackturtledive.com\/privacy-policy\/"}]}},"_links":{"self":[{"href":"https:\/\/www.blackturtledive.com\/de\/wp-json\/wp\/v2\/pages\/18674","targetHints":{"allow":["GET"]}}],"collection":[{"href":"https:\/\/www.blackturtledive.com\/de\/wp-json\/wp\/v2\/pages"}],"about":[{"href":"https:\/\/www.blackturtledive.com\/de\/wp-json\/wp\/v2\/types\/page"}],"author":[{"embeddable":true,"href":"https:\/\/www.blackturtledive.com\/de\/wp-json\/wp\/v2\/users\/2"}],"replies":[{"embeddable":true,"href":"https:\/\/www.blackturtledive.com\/de\/wp-json\/wp\/v2\/comments?post=18674"}],"version-history":[{"count":1,"href":"https:\/\/www.blackturtledive.com\/de\/wp-json\/wp\/v2\/pages\/18674\/revisions"}],"predecessor-version":[{"id":70911,"href":"https:\/\/www.blackturtledive.com\/de\/wp-json\/wp\/v2\/pages\/18674\/revisions\/70911"}],"up":[{"embeddable":true,"href":"https:\/\/www.blackturtledive.com\/de\/wp-json\/wp\/v2\/pages\/18682"}],"wp:featuredmedia":[{"embeddable":true,"href":"https:\/\/www.blackturtledive.com\/de\/wp-json\/wp\/v2\/media\/18305"}],"wp:attachment":[{"href":"https:\/\/www.blackturtledive.com\/de\/wp-json\/wp\/v2\/media?parent=18674"}],"curies":[{"name":"wp","href":"https:\/\/api.w.org\/{rel}","templated":true}]}}