{"id":18675,"date":"2020-09-19T22:49:46","date_gmt":"2020-09-19T15:49:46","guid":{"rendered":"https:\/\/www.blackturtledive.com\/green-rock\/"},"modified":"2026-05-05T21:24:53","modified_gmt":"2026-05-05T14:24:53","slug":"green-rock","status":"publish","type":"page","link":"https:\/\/www.blackturtledive.com\/de\/koh-tao-dive-sites\/green-rock\/","title":{"rendered":"Green Rock"},"content":{"rendered":"<div class=\"wpb-content-wrapper\"><p>[vc_row][vc_column][vc_column_text css=&#8220;&#8220;]Green Rock ist ein vielseitiger Tauchplatz an der Nordk\u00fcste von Koh Nang Yuan, bekannt f\u00fcr sein komplexes Netz aus Unterwasserh\u00f6hlen, Cavernen und Durchschwimmstrecken.<\/p>\n<p>Mit Tiefen von 3 bis 28 Metern erm\u00f6glicht die Stelle Tauchern, Tarierung und Navigation durch enge Felsdurchg\u00e4nge zu \u00fcben und gleichzeitig Gelbrand-Dr\u00fcckerfische (Yellowmargin Triggerfish) in ihren Nistgr\u00fcnden zu beobachten.<\/p>\n<p>Aufgrund seiner einzigartigen \u201eSwiss-Cheese\u201c-Topographie ist Green Rock der beste Ort auf Koh Tao f\u00fcr Advanced Open Water\u2011Sch\u00fcler, um spezielle Fortbewegungstechniken und r\u00e4umliches Bewusstsein zu meistern.<\/p>\n<h3><span style=\"color: #28d4ff;\">Erfahren Sie mehr \u00fcber den Tauchplatz Green Rock auf Koh Tao<\/span><\/h3>\n<p>Der Tauchplatz Green Rock auf <a href=\"https:\/\/www.blackturtledive.com\/koh-tao\/\">Koh Tao<\/a> liegt an der Nordwestseite der Insel Koh Nang Yuan und ist wegen seiner Schwemmung,Passagen und des pelagischen <a href=\"https:\/\/www.blackturtledive.com\/koh-tao-marine-life\/\">Lebens<\/a> sehr beliebt.<\/p>\n<ul>\n<li>Lage: Nordwestseite von Koh Nang Yuan<\/li>\n<li>Tiefe: Max. 28 m, Min. 6 m \u2013 Durchschnitt 20 m<\/li>\n<li>Art des Tauchplatzes: Eine Gruppe gro\u00dfer Felsbl\u00f6cke und Felsformationen, die spannende Durchschwimmt-Passagen bieten.<\/li>\n<li>Schwierigkeitsgrad: <a href=\"https:\/\/www.blackturtledive.com\/padi-diving-courses\/advanced-open-water-course\/\">Advanced Open Water<\/a> Diver<\/li>\n<li>Bedingungen: Aufgrund der exponierten Lage zur offenen See k\u00f6nnen Str\u00f6mungen stark und die Sicht eingeschr\u00e4nkt sein.<\/li>\n<li>Durchschnittliche Sichtweite: 2\u201320 m<\/li>\n<li>Nur vor der Nordwestk\u00fcste von Koh Nang Yuan gelegen, wird der Tauchplatz Green Rock von <a href=\"https:\/\/www.blackturtledive.com\/padi-diving-courses\/\">Tauchern<\/a> oft \u00fcbersehen.<\/li>\n<\/ul>\n<div  data-ep-a=\"fadeIn\"  id=\"_ytid_95707\"  width=\"640\" height=\"360\"  data-origwidth=\"640\" data-origheight=\"360\"  data-relstop=\"1\" data-facadesrc=\"https:\/\/www.youtube.com\/embed\/nkZUFeinUo0?enablejsapi=1&origin=https:\/\/www.blackturtledive.com&autoplay=0&cc_load_policy=0&cc_lang_pref=&iv_load_policy=1&loop=0&rel=0&fs=1&playsinline=0&autohide=2&theme=dark&color=red&controls=1&disablekb=0&\" class=\"__youtube_prefs__ epyt-facade  no-lazyload\" data-epautoplay=\"1\" ><img decoding=\"async\" data-spai-excluded=\"true\" class=\"epyt-facade-poster skip-lazy\" loading=\"lazy\"  alt=\"Green Rock Dive Site Koh Tao in Thailand\"  src=\"https:\/\/i.ytimg.com\/vi\/nkZUFeinUo0\/maxresdefault.jpg\"  \/><button class=\"epyt-facade-play\" aria-label=\"Play\"><svg data-no-lazy=\"1\" height=\"100%\" version=\"1.1\" viewBox=\"0 0 68 48\" width=\"100%\"><path class=\"ytp-large-play-button-bg\" d=\"M66.52,7.74c-0.78-2.93-2.49-5.41-5.42-6.19C55.79,.13,34,0,34,0S12.21,.13,6.9,1.55 C3.97,2.33,2.27,4.81,1.48,7.74C0.06,13.05,0,24,0,24s0.06,10.95,1.48,16.26c0.78,2.93,2.49,5.41,5.42,6.19 C12.21,47.87,34,48,34,48s21.79-0.13,27.1-1.55c2.93-0.78,4.64-3.26,5.42-6.19C67.94,34.95,68,24,68,24S67.94,13.05,66.52,7.74z\" fill=\"#f00\"><\/path><path d=\"M 45,24 27,14 27,34\" fill=\"#fff\"><\/path><\/svg><\/button><\/div><span itemprop=\"video\" itemscope itemtype=\"http:\/\/schema.org\/VideoObject\"><meta itemprop=\"embedUrl\" content=\"https:\/\/www.youtube.com\/embed\/nkZUFeinUo0\"><meta itemprop=\"name\" content=\"Green Rock Dive Site Koh Tao in Thailand\"><meta itemprop=\"description\" content=\"Green Rock dive site on Koh Tao is located on the north west coast of Koh Nang Yuan island and is very popular for swim thru\u2019s and pelagic marine life. Location: North west side of Koh Nang Yuan Depth: Max 28m, Min 6m \u2013 Average 20m Type of site: A group of large boulders and large rock formations provides the dive with some exciting swim throughs. Level: Advanced Open Water diver Conditions: Can be strong currents and low visibility due to its exposed location on the ocean side of Koh Nang Yuan. Average Visibility: 2-20 meters Located just off the north west coast of Koh Nang Yuan, Green Rock dive site is often over looked by scuba divers. Green Rock has occasional strong currents and limited visibility, especially around the full moon, but divers tend to choose Chumphon Pinnacle if a dive boat is heading in that direction for a deep dive site. However, when the conditions are good this is a fantastic dive site for Advanced divers and boasts several swim through\u2019s for divers with adequate buoyancy. Check out more of our dive sites: https:\/\/www.blackturtledive.com\/koh-tao-dive-sites\/green-rock\/ Footage: \ud83d\ude4f\ud83c\udffb. \ud83c\udfac Wet Lens Images (https:\/\/www.youtube.com\/channel\/UCVB6Hza4P2ct7SgAo7I9n7g)\"><meta itemprop=\"thumbnailUrl\" content=\"https:\/\/i.ytimg.com\/vi\/nkZUFeinUo0\/0.jpg\"><meta itemprop=\"duration\" content=\"PT58S\"><meta itemprop=\"uploadDate\" content=\"2021-01-28T07:01:21Z\"><\/span>\n<h3>Entdecken Sie den Tauchplatz Green Rock auf Koh Tao.<\/h3>\n<p>Green Rock kann gelegentlich starke Str\u00f6mungen und eingeschr\u00e4nkte Sicht aufweisen, besonders rund um den Vollmond. Viele Taucher w\u00e4hlen stattdessen <a href=\"https:\/\/www.blackturtledive.com\/koh-tao-dive-sites\/chumphon-pinnacle\/\">Chumphon Pinnacle<\/a>, wenn das Boot in Richtung eines tieferen <a href=\"https:\/\/www.blackturtledive.com\/koh-tao-dive-sites\/\">Tauchplatzes<\/a> f\u00e4hrt.<\/p>\n<p>Bei guten Bedingungen ist Green Rock jedoch ein fantastischer Tauchplatz f\u00fcr Advanced-Taucher und bietet mehrere Durchschwimmt-Passagen, die eine gute <a href=\"https:\/\/www.blackturtledive.com\/padi-specialty-courses\/peak-performance-buoyancy\/\">Tarierung<\/a> erfordern.<\/p>\n<figure id=\"attachment_3715\" aria-describedby=\"caption-attachment-3715\" style=\"width: 1100px\" class=\"wp-caption alignnone\"><img decoding=\"async\" class=\"size-full wp-image-3715\" src=\"https:\/\/www.blackturtledive.com\/wp-content\/uploads\/2021\/01\/blackturtledive.com-green-rock-dive-site-koh-tao.jpg\" alt=\"Tauchplatz Green Rock\" width=\"1100\" height=\"619\" srcset=\"https:\/\/www.blackturtledive.com\/wp-content\/uploads\/2021\/01\/blackturtledive.com-green-rock-dive-site-koh-tao.jpg 1100w, https:\/\/www.blackturtledive.com\/wp-content\/uploads\/2021\/01\/blackturtledive.com-green-rock-dive-site-koh-tao-300x169.jpg 300w, https:\/\/www.blackturtledive.com\/wp-content\/uploads\/2021\/01\/blackturtledive.com-green-rock-dive-site-koh-tao-1024x576.jpg 1024w, https:\/\/www.blackturtledive.com\/wp-content\/uploads\/2021\/01\/blackturtledive.com-green-rock-dive-site-koh-tao-768x432.jpg 768w, https:\/\/www.blackturtledive.com\/wp-content\/uploads\/2021\/01\/blackturtledive.com-green-rock-dive-site-koh-tao-150x84.jpg 150w\" sizes=\"(max-width: 1100px) 100vw, 1100px\" \/><figcaption id=\"caption-attachment-3715\" class=\"wp-caption-text\">Tauchplatz Green Rock<\/figcaption><\/figure>\n<h3>Gro\u00dfe Granitfelsen &amp; Bl\u00f6cke bei Green Rock<\/h3>\n<p>Green Rock bietet auch gr\u00f6\u00dfere Tiefen f\u00fcr Taucher, die tiefer als 18 Meter tauchen d\u00fcrfen, und eignet sich somit auch f\u00fcr <a href=\"https:\/\/www.blackturtledive.com\/padi-specialty-courses\/deep-diver\/\">Tieftauch-Trainings<\/a>.<\/p>\n<p>Der Tauchplatz besteht aus einer Reihe gro\u00dfer Felsen und Bl\u00f6cke mit kleinen H\u00f6hlen und Durchschwemmungspassagen und beherbergt eine Vielzahl an Mikrolebewesen, die sich in den Spalten verstecken.<\/p>\n<p>Die Felsformationen schaffen ideale Lebensr\u00e4ume f\u00fcr farbenpr\u00e4chtige Nacktschnecken, <a href=\"https:\/\/www.blackturtledive.com\/koh-tao-marine-life\/durban-dancing-shrimp\/\">\u201eDancing Durban\u201c-Garnelen<\/a> in den H\u00f6hlen sowie Ghost Shrimp und verschiedene Seenadeln (Banded &amp; Janss Pipefish).<\/p>\n<p>Die Spitze von Green Rock selbst liegt etwa 2 Meter unter der Oberfl\u00e4che, und dort sieht man oft gro\u00dfe Schw\u00e4rme von <a href=\"https:\/\/www.blackturtledive.com\/koh-tao-marine-life\/yellow-tail-barracuda\/\">Gelbschwanz-Barrakudas<\/a>.<\/p>\n<figure id=\"attachment_3718\" aria-describedby=\"caption-attachment-3718\" style=\"width: 1100px\" class=\"wp-caption alignnone\"><img decoding=\"async\" class=\"size-full wp-image-3718\" src=\"https:\/\/www.blackturtledive.com\/wp-content\/uploads\/2021\/01\/blackturtledive.com-green-rock-dive-site-koh-tao-thailand-barracuda.jpg\" alt=\"Tauchplatz Green Rock - Barrakuda\" width=\"1100\" height=\"619\" srcset=\"https:\/\/www.blackturtledive.com\/wp-content\/uploads\/2021\/01\/blackturtledive.com-green-rock-dive-site-koh-tao-thailand-barracuda.jpg 1100w, https:\/\/www.blackturtledive.com\/wp-content\/uploads\/2021\/01\/blackturtledive.com-green-rock-dive-site-koh-tao-thailand-barracuda-300x169.jpg 300w, https:\/\/www.blackturtledive.com\/wp-content\/uploads\/2021\/01\/blackturtledive.com-green-rock-dive-site-koh-tao-thailand-barracuda-1024x576.jpg 1024w, https:\/\/www.blackturtledive.com\/wp-content\/uploads\/2021\/01\/blackturtledive.com-green-rock-dive-site-koh-tao-thailand-barracuda-768x432.jpg 768w, https:\/\/www.blackturtledive.com\/wp-content\/uploads\/2021\/01\/blackturtledive.com-green-rock-dive-site-koh-tao-thailand-barracuda-150x84.jpg 150w\" sizes=\"(max-width: 1100px) 100vw, 1100px\" \/><figcaption id=\"caption-attachment-3718\" class=\"wp-caption-text\">Tauchplatz Green Rock &#8211; Barrakuda<\/figcaption><\/figure>\n<h3><span style=\"color: #28d4ff;\">H\u00f6hlen &amp; Durchschwimmt-Passagen<\/span><\/h3>\n<p>Der Tauchplatz erstreckt sich nordwestlich bis zu einer \u00e4u\u00dferen kleinen Nadel namens Blue Rock in etwa 26 Metern Tiefe.<\/p>\n<p>Bei Blue Rock finden Sie Xeno-Krabben an Seepeitschen, Schulen von <a href=\"https:\/\/www.blackturtledive.com\/koh-tao-marine-life\/chevron-barracuda\/\">Chevron-Barrakudas<\/a> und mit etwas Gl\u00fcck eine Jenkins&#8211;Peitschen-Doktor&#8211; oder eine Rochenart (Jenkins Whipray).<\/p>\n<p>Direkt n\u00f6rdlich der Haupt Felsen liegen die <span style=\"color: #28d4ff;\"><em>Reviere der Dr\u00fcckerfische<\/em><\/span>, in denen <a href=\"https:\/\/www.blackturtledive.com\/koh-tao-marine-life\/titan-triggerfish\/\">Titan<\/a>&#8211; und <a href=\"https:\/\/www.blackturtledive.com\/koh-tao-marine-life\/yellow-margin-triggerfish\/\">Yellow-Margin-Triggerfische<\/a> nisten.<\/p>\n<p>Taucher sollten diese Bereiche in der Paarungszeit (April\u2013Mai) meiden, da beide Arten sehr territorial sind und w\u00e4hrend dieser Zeit keine Begegnungen mit neugierigen Tauchern sch\u00e4tzen.<\/p>\n<figure id=\"attachment_3532\" aria-describedby=\"caption-attachment-3532\" style=\"width: 1000px\" class=\"wp-caption alignnone\"><img decoding=\"async\" class=\"size-full wp-image-3532\" src=\"https:\/\/www.blackturtledive.com\/wp-content\/uploads\/2021\/01\/blackturtledive.com-yellow-margin-triggerfish-koh-tao-thailand.jpg\" alt=\"Gelbrand-Dr\u00fcckerfisch - Meeresleben\" width=\"1000\" height=\"708\" srcset=\"https:\/\/www.blackturtledive.com\/wp-content\/uploads\/2021\/01\/blackturtledive.com-yellow-margin-triggerfish-koh-tao-thailand.jpg 1000w, https:\/\/www.blackturtledive.com\/wp-content\/uploads\/2021\/01\/blackturtledive.com-yellow-margin-triggerfish-koh-tao-thailand-300x212.jpg 300w, https:\/\/www.blackturtledive.com\/wp-content\/uploads\/2021\/01\/blackturtledive.com-yellow-margin-triggerfish-koh-tao-thailand-768x544.jpg 768w, https:\/\/www.blackturtledive.com\/wp-content\/uploads\/2021\/01\/blackturtledive.com-yellow-margin-triggerfish-koh-tao-thailand-150x106.jpg 150w\" sizes=\"(max-width: 1000px) 100vw, 1000px\" \/><figcaption id=\"caption-attachment-3532\" class=\"wp-caption-text\">Gelbrand-Dr\u00fcckerfisch &#8211; Meeresleben<\/figcaption><\/figure>\n<h3>Green Rock Tauchplatz \u2013 Trigger Pit<\/h3>\n<p>F\u00fcr einen flacheren, entspannteren und l\u00e4ngeren Tauchgang bietet die nordwestliche K\u00fcste von Koh Nang Yuan viel Meeresleben zu entdecken.<\/p>\n<p>Sie begegnen Harlequin-Sweetlips, <a href=\"https:\/\/www.blackturtledive.com\/de\/koh-tao-marine-life\/blue-spotted-ribbontail-ray\/\">Blaugeringelten Angelfischen<\/a> sowie der \u00fcblichen Bandbreite an <a href=\"https:\/\/www.blackturtledive.com\/koh-tao-marine-life\/butterfly-fish\/\">Schmetterlingsfischen<\/a> und gelegentlich einem Einhornfisch.<\/p>\n<p>Sowohl <a href=\"https:\/\/www.blackturtledive.com\/koh-tao-marine-life\/hawksbill-sea-turtle\/\">Echte Karettschildkr\u00f6ten<\/a> als auch <a href=\"https:\/\/www.blackturtledive.com\/koh-tao-marine-life\/green-sea-turtle\/\">Gr\u00fcne Meeresschildkr\u00f6ten<\/a> sind regelm\u00e4\u00dfige Besucher von Green Rock; gelegentlich werden auch <a href=\"https:\/\/www.blackturtledive.com\/koh-tao-marine-life\/banded-sea-krait\/\">gestreifte Seeschlangen<\/a> (Banded Sea Kraits) gesichtet, und in der Saison ziehen hier oft Walhaie vorbei.<\/p>\n<p>An guten Tagen ist Green Rock einer der <a href=\"https:\/\/www.blackturtledive.com\/blog\/10-interesting-facts-about-koh-tao-dive-sites\/\">besten Tauchpl\u00e4tze<\/a> auf Koh Tao. Aufgrund seiner Lage eignet sich dieser Tauchplatz jedoch eher f\u00fcr Advanced-Taucher oder f\u00fcr Taucher, die unter Aufsicht eines <a href=\"https:\/\/www.blackturtledive.com\/padi-pro-level\/dive-instructor-course\/\">Tauchlehrers<\/a> zum Advanced-Level ausgebildet werden.<\/p>\n<figure id=\"attachment_3606\" aria-describedby=\"caption-attachment-3606\" style=\"width: 1100px\" class=\"wp-caption alignnone\"><img decoding=\"async\" class=\"size-full wp-image-3606\" src=\"https:\/\/www.blackturtledive.com\/wp-content\/uploads\/2021\/01\/blackturtledive.com-green-rock-dive-site-koh-tao-butterfly-fish.jpg\" alt=\"Tauchplatz Green Rock Koh Tao\" width=\"1100\" height=\"619\" srcset=\"https:\/\/www.blackturtledive.com\/wp-content\/uploads\/2021\/01\/blackturtledive.com-green-rock-dive-site-koh-tao-butterfly-fish.jpg 1100w, https:\/\/www.blackturtledive.com\/wp-content\/uploads\/2021\/01\/blackturtledive.com-green-rock-dive-site-koh-tao-butterfly-fish-300x169.jpg 300w, https:\/\/www.blackturtledive.com\/wp-content\/uploads\/2021\/01\/blackturtledive.com-green-rock-dive-site-koh-tao-butterfly-fish-1024x576.jpg 1024w, https:\/\/www.blackturtledive.com\/wp-content\/uploads\/2021\/01\/blackturtledive.com-green-rock-dive-site-koh-tao-butterfly-fish-768x432.jpg 768w, https:\/\/www.blackturtledive.com\/wp-content\/uploads\/2021\/01\/blackturtledive.com-green-rock-dive-site-koh-tao-butterfly-fish-150x84.jpg 150w\" sizes=\"(max-width: 1100px) 100vw, 1100px\" \/><figcaption id=\"caption-attachment-3606\" class=\"wp-caption-text\">Tauchplatz Green Rock Koh Tao<\/figcaption><\/figure>\n<p>[\/vc_column_text][\/vc_column][\/vc_row]<\/p>\n<\/div>","protected":false},"excerpt":{"rendered":"<p>Der Tauchplatz Green Rock auf Koh Tao liegt an der Nordwestk\u00fcste der Insel Koh Nang Yuan und ist sehr beliebt f\u00fcr seine Durchschwimmtauchg\u00e4nge und die Beobachtung pelagischer Meereslebewesen.<\/p>\n","protected":false},"author":2,"featured_media":18285,"parent":18682,"menu_order":0,"comment_status":"closed","ping_status":"closed","template":"","meta":{"_acf_changed":false,"footnotes":""},"class_list":["post-18675","page","type-page","status-publish","has-post-thumbnail","hentry"],"acf":[],"yoast_head":"<!-- This site is optimized with the Yoast SEO Premium plugin v27.6 (Yoast SEO v27.6) - https:\/\/yoast.com\/product\/yoast-seo-premium-wordpress\/ -->\n<title>Green Rock Tauchplatz Koh Tao | Black Turtle Dive<\/title>\n<meta name=\"description\" content=\"Der Tauchplatz Green Rock auf Koh Tao liegt an der Nordwestk\u00fcste der Insel Koh Nang Yuan und ist sehr beliebt f\u00fcr seine Durchschwimmtauchg\u00e4nge und die Beobachtung pelagischer Meereslebewesen.\" \/>\n<meta name=\"robots\" content=\"index, follow, max-snippet:-1, max-image-preview:large, max-video-preview:-1\" \/>\n<link rel=\"canonical\" href=\"https:\/\/www.blackturtledive.com\/de\/koh-tao-dive-sites\/green-rock\/\" \/>\n<meta property=\"og:locale\" content=\"de_DE\" \/>\n<meta property=\"og:type\" content=\"article\" \/>\n<meta property=\"og:title\" content=\"Green Rock Dive Site Koh Tao | Black Turtle Dive\" \/>\n<meta property=\"og:description\" content=\"Green Rock dive site on Koh Tao is located on the north west coast of Koh Nang Yuan island and is a very popular for swim thru&#039;s and pelagic marine life\" \/>\n<meta property=\"og:url\" content=\"https:\/\/www.blackturtledive.com\/de\/koh-tao-dive-sites\/green-rock\/\" \/>\n<meta property=\"og:site_name\" content=\"Black Turtle Dive Koh Tao\" \/>\n<meta property=\"article:publisher\" content=\"https:\/\/www.facebook.com\/blackturtledive\" \/>\n<meta property=\"article:modified_time\" content=\"2026-05-05T14:24:53+00:00\" \/>\n<meta property=\"og:image\" content=\"https:\/\/www.blackturtledive.com\/wp-content\/uploads\/2020\/11\/blackturtledive.com-best-padi-divemaster-course-koh-tao.jpg\" \/>\n\t<meta property=\"og:image:width\" content=\"1200\" \/>\n\t<meta property=\"og:image:height\" content=\"800\" \/>\n\t<meta property=\"og:image:type\" content=\"image\/jpeg\" \/>\n<meta name=\"twitter:card\" content=\"summary_large_image\" \/>\n<meta name=\"twitter:title\" content=\"Green Rock Dive Site Koh Tao | Black Turtle Dive\" \/>\n<meta name=\"twitter:description\" content=\"Green Rock dive site on Koh Tao is located on the north west coast of Koh Nang Yuan island and is a very popular for swim thru&#039;s and pelagic marine life\" \/>\n<meta name=\"twitter:image\" content=\"https:\/\/www.blackturtledive.com\/wp-content\/uploads\/2020\/11\/blackturtledive.com-best-padi-divemaster-course-koh-tao.jpg\" \/>\n<meta name=\"twitter:site\" content=\"@blackturtledive\" \/>\n<meta name=\"twitter:label1\" content=\"Gesch\u00e4tzte Lesezeit\" \/>\n\t<meta name=\"twitter:data1\" content=\"4\u00a0Minuten\" \/>\n<!-- \/ Yoast SEO Premium plugin. -->","yoast_head_json":{"title":"Green Rock Tauchplatz Koh Tao | Black Turtle Dive","description":"Der Tauchplatz Green Rock auf Koh Tao liegt an der Nordwestk\u00fcste der Insel Koh Nang Yuan und ist sehr beliebt f\u00fcr seine Durchschwimmtauchg\u00e4nge und die Beobachtung pelagischer Meereslebewesen.","robots":{"index":"index","follow":"follow","max-snippet":"max-snippet:-1","max-image-preview":"max-image-preview:large","max-video-preview":"max-video-preview:-1"},"canonical":"https:\/\/www.blackturtledive.com\/de\/koh-tao-dive-sites\/green-rock\/","og_locale":"de_DE","og_type":"article","og_title":"Green Rock Dive Site Koh Tao | Black Turtle Dive","og_description":"Green Rock dive site on Koh Tao is located on the north west coast of Koh Nang Yuan island and is a very popular for swim thru's and pelagic marine life","og_url":"https:\/\/www.blackturtledive.com\/de\/koh-tao-dive-sites\/green-rock\/","og_site_name":"Black Turtle Dive Koh Tao","article_publisher":"https:\/\/www.facebook.com\/blackturtledive","article_modified_time":"2026-05-05T14:24:53+00:00","og_image":[{"width":1200,"height":800,"url":"https:\/\/www.blackturtledive.com\/wp-content\/uploads\/2020\/11\/blackturtledive.com-best-padi-divemaster-course-koh-tao.jpg","type":"image\/jpeg"}],"twitter_card":"summary_large_image","twitter_title":"Green Rock Dive Site Koh Tao | Black Turtle Dive","twitter_description":"Green Rock dive site on Koh Tao is located on the north west coast of Koh Nang Yuan island and is a very popular for swim thru's and pelagic marine life","twitter_image":"https:\/\/www.blackturtledive.com\/wp-content\/uploads\/2020\/11\/blackturtledive.com-best-padi-divemaster-course-koh-tao.jpg","twitter_site":"@blackturtledive","twitter_misc":{"Gesch\u00e4tzte Lesezeit":"4\u00a0Minuten"},"schema":{"@context":"https:\/\/schema.org","@graph":[{"@type":"WebPage","@id":"https:\/\/www.blackturtledive.com\/de\/koh-tao-dive-sites\/green-rock\/","url":"https:\/\/www.blackturtledive.com\/de\/koh-tao-dive-sites\/green-rock\/","name":"Green Rock Tauchplatz Koh Tao | Black Turtle Dive","isPartOf":{"@id":"https:\/\/www.blackturtledive.com\/de\/#website"},"primaryImageOfPage":{"@id":"https:\/\/www.blackturtledive.com\/de\/koh-tao-dive-sites\/green-rock\/#primaryimage"},"image":{"@id":"https:\/\/www.blackturtledive.com\/de\/koh-tao-dive-sites\/green-rock\/#primaryimage"},"thumbnailUrl":"https:\/\/www.blackturtledive.com\/wp-content\/uploads\/2021\/01\/blackturtledive.com-green-rock-dive-site-koh-tao-butterfly-fish.jpg","datePublished":"2020-09-19T15:49:46+00:00","dateModified":"2026-05-05T14:24:53+00:00","description":"Der Tauchplatz Green Rock auf Koh Tao liegt an der Nordwestk\u00fcste der Insel Koh Nang Yuan und ist sehr beliebt f\u00fcr seine Durchschwimmtauchg\u00e4nge und die Beobachtung pelagischer Meereslebewesen.","breadcrumb":{"@id":"https:\/\/www.blackturtledive.com\/de\/koh-tao-dive-sites\/green-rock\/#breadcrumb"},"inLanguage":"de","potentialAction":[{"@type":"ReadAction","target":["https:\/\/www.blackturtledive.com\/de\/koh-tao-dive-sites\/green-rock\/"]}]},{"@type":"ImageObject","inLanguage":"de","@id":"https:\/\/www.blackturtledive.com\/de\/koh-tao-dive-sites\/green-rock\/#primaryimage","url":"https:\/\/www.blackturtledive.com\/wp-content\/uploads\/2021\/01\/blackturtledive.com-green-rock-dive-site-koh-tao-butterfly-fish.jpg","contentUrl":"https:\/\/www.blackturtledive.com\/wp-content\/uploads\/2021\/01\/blackturtledive.com-green-rock-dive-site-koh-tao-butterfly-fish.jpg","width":1100,"height":619,"caption":"Green Rock Dive Site Koh Tao"},{"@type":"BreadcrumbList","@id":"https:\/\/www.blackturtledive.com\/de\/koh-tao-dive-sites\/green-rock\/#breadcrumb","itemListElement":[{"@type":"ListItem","position":1,"name":"Home","item":"https:\/\/www.blackturtledive.com\/de\/"},{"@type":"ListItem","position":2,"name":"Koh Tao Tauchpl\u00e4tze","item":"https:\/\/www.blackturtledive.com\/de\/koh-tao-dive-sites\/"},{"@type":"ListItem","position":3,"name":"Green Rock"}]},{"@type":"WebSite","@id":"https:\/\/www.blackturtledive.com\/de\/#website","url":"https:\/\/www.blackturtledive.com\/de\/","name":"Black Turtle Dive Koh Tao","description":"Ocean Explorers | Marine Protectors","publisher":{"@id":"https:\/\/www.blackturtledive.com\/de\/#organization"},"alternateName":"Black Turtle Dive in Thailand","potentialAction":[{"@type":"SearchAction","target":{"@type":"EntryPoint","urlTemplate":"https:\/\/www.blackturtledive.com\/de\/?s={search_term_string}"},"query-input":{"@type":"PropertyValueSpecification","valueRequired":true,"valueName":"search_term_string"}}],"inLanguage":"de"},{"@type":"Organization","@id":"https:\/\/www.blackturtledive.com\/de\/#organization","name":"Black Turtle Dive Koh Tao","alternateName":"Black Turtle Dive","url":"https:\/\/www.blackturtledive.com\/de\/","logo":{"@type":"ImageObject","inLanguage":"de","@id":"https:\/\/www.blackturtledive.com\/de\/#\/schema\/logo\/image\/","url":"https:\/\/www.blackturtledive.com\/wp-content\/uploads\/2020\/11\/cropped-blackturtledive.com-brand-logo.png","contentUrl":"https:\/\/www.blackturtledive.com\/wp-content\/uploads\/2020\/11\/cropped-blackturtledive.com-brand-logo.png","width":400,"height":400,"caption":"Black Turtle Dive Koh Tao"},"image":{"@id":"https:\/\/www.blackturtledive.com\/de\/#\/schema\/logo\/image\/"},"sameAs":["https:\/\/www.facebook.com\/blackturtledive","https:\/\/x.com\/blackturtledive","https:\/\/www.instagram.com\/blackturtledive\/","https:\/\/www.youtube.com\/blackturtledive","https:\/\/www.linkedin.com\/company\/blackturtledive\/","https:\/\/www.tumblr.com\/blackturtledive","https:\/\/www.pinterest.com\/blackturtledive\/","https:\/\/www.tiktok.com\/@blackturtledive","https:\/\/www.reddit.com\/user\/blackturtledive\/"],"description":"Black Turtle Dive is a modern and innovative 5 Star Career Development Scuba Diving Center, passionate about the ocean and through training we want to empower you to become a competent and confident scuba diver. Our diving courses equip you with the skills, knowledge and awareness necessary to explore the ocean safely, whilst becoming a passionate advocate and protector of the marine environment. If you have never dived before or are a certified diver and want to develop your skills further, our tailored, bespoke courses and programs will inspire you to become an Ocean advocate. Our scientific based Marine Conservation Internships and training programs, offer aspiring scuba divers and marine conservationists, the best marine conservation internships on Koh Tao. We currently offer students six levels of Marine Conservation Internships at our beachside location on Koh Tao in Thailand. Check out our website for more information.","email":"info@blackturtledive.com","telephone":"089 592 2134","legalName":"Black Turtle Dive Co Ltd","foundingDate":"2020-01-01","publishingPrinciples":"https:\/\/www.blackturtledive.com\/terms\/","ownershipFundingInfo":"https:\/\/www.blackturtledive.com\/terms\/","actionableFeedbackPolicy":"https:\/\/www.blackturtledive.com\/privacy-policy\/","correctionsPolicy":"https:\/\/www.blackturtledive.com\/privacy-policy\/","ethicsPolicy":"https:\/\/www.blackturtledive.com\/privacy-policy\/","diversityPolicy":"https:\/\/www.blackturtledive.com\/privacy-policy\/"}]}},"_links":{"self":[{"href":"https:\/\/www.blackturtledive.com\/de\/wp-json\/wp\/v2\/pages\/18675","targetHints":{"allow":["GET"]}}],"collection":[{"href":"https:\/\/www.blackturtledive.com\/de\/wp-json\/wp\/v2\/pages"}],"about":[{"href":"https:\/\/www.blackturtledive.com\/de\/wp-json\/wp\/v2\/types\/page"}],"author":[{"embeddable":true,"href":"https:\/\/www.blackturtledive.com\/de\/wp-json\/wp\/v2\/users\/2"}],"replies":[{"embeddable":true,"href":"https:\/\/www.blackturtledive.com\/de\/wp-json\/wp\/v2\/comments?post=18675"}],"version-history":[{"count":1,"href":"https:\/\/www.blackturtledive.com\/de\/wp-json\/wp\/v2\/pages\/18675\/revisions"}],"predecessor-version":[{"id":70912,"href":"https:\/\/www.blackturtledive.com\/de\/wp-json\/wp\/v2\/pages\/18675\/revisions\/70912"}],"up":[{"embeddable":true,"href":"https:\/\/www.blackturtledive.com\/de\/wp-json\/wp\/v2\/pages\/18682"}],"wp:featuredmedia":[{"embeddable":true,"href":"https:\/\/www.blackturtledive.com\/de\/wp-json\/wp\/v2\/media\/18285"}],"wp:attachment":[{"href":"https:\/\/www.blackturtledive.com\/de\/wp-json\/wp\/v2\/media?parent=18675"}],"curies":[{"name":"wp","href":"https:\/\/api.w.org\/{rel}","templated":true}]}}