{"id":18676,"date":"2020-09-19T22:49:17","date_gmt":"2020-09-19T15:49:17","guid":{"rendered":"https:\/\/www.blackturtledive.com\/shark-island\/"},"modified":"2026-05-05T21:24:54","modified_gmt":"2026-05-05T14:24:54","slug":"shark-island","status":"publish","type":"page","link":"https:\/\/www.blackturtledive.com\/de\/koh-tao-dive-sites\/shark-island\/","title":{"rendered":"Shark Island"},"content":{"rendered":"<div class=\"wpb-content-wrapper\"><p>[vc_row][vc_column][vc_column_text css=&#8220;&#8220;]Shark Island ist ein kleines, unbewohntes Eiland vor der S\u00fcdostk\u00fcste von Koh Tao, benannt nach seiner \u00c4hnlichkeit mit einer R\u00fcckenflosse und seinem Ruf als Hotspot f\u00fcr Riffhaie.<\/p>\n<p>Der Tauchplatz bietet eine geteilte Erfahrung: auf der einen Seite einen flachen Korallengarten f\u00fcr Anf\u00e4nger und auf der anderen Seite ein tieferes, von Felsbl\u00f6cken durchzogenes Gebiet f\u00fcr erfahrene Taucher.<\/p>\n<p>Bekannt f\u00fcr das vielf\u00e4ltigste Wachstum an Weichkorallen auf Koh Tao, ist Shark Island einer der wenigen Orte, an denen Taucher seltene orangefarbene F\u00e4cherkorallen und Titan-Dr\u00fcckerfische im selben Tauchgang sehen k\u00f6nnen.<\/p>\n<h3><span style=\"color: #28d4ff;\">Erfahren Sie mehr \u00fcber den Tauchplatz Shark Island auf Koh Tao<\/span><\/h3>\n<p>Der Tauchplatz Shark Island liegt vor der S\u00fcdk\u00fcste und ist ein ausgezeichneter Tauchplatz mit reichhaltigem <a href=\"https:\/\/www.blackturtledive.com\/koh-tao-marine-life\/\">Meeresleben<\/a>; er eignet sich am besten f\u00fcr fortgeschrittene <a href=\"https:\/\/www.blackturtledive.com\/padi-diving-courses\/\">Taucher<\/a>.<\/p>\n<ul>\n<li>Lage: Weniger als 1 km vor der s\u00fcd\u00f6stlichen Spitze von Koh Tao<\/li>\n<li>Tiefe: Max. 28 m, Min. 0 m, Durchschnitt ca. 14 m<\/li>\n<li>MV Trident: Max. 36 m<\/li>\n<li>Art des Tauchplatzes: Kleine Granitfelsinsel<\/li>\n<li>Schwierigkeitsgrad: <a href=\"https:\/\/www.blackturtledive.com\/padi-diving-courses\/advanced-open-water-course\/\">Advanced Open-Water-Taucher<\/a><\/li>\n<li>Bedingungen: Aufgrund der exponierten Lage k\u00f6nnen starke Str\u00f6mungen auftreten<\/li>\n<li>Durchschnittliche Sichtweite: 2\u201330 Meter<\/li>\n<\/ul>\n<figure id=\"attachment_3676\" aria-describedby=\"caption-attachment-3676\" style=\"width: 1000px\" class=\"wp-caption alignnone\"><img decoding=\"async\" class=\"size-full wp-image-3676\" src=\"https:\/\/www.blackturtledive.com\/wp-content\/uploads\/2021\/01\/blackturtledive.com-shark-island-dive-site-whaleshark.jpg\" alt=\"Tauchplatz Shark Island Koh Tao\" width=\"1000\" height=\"667\" srcset=\"https:\/\/www.blackturtledive.com\/wp-content\/uploads\/2021\/01\/blackturtledive.com-shark-island-dive-site-whaleshark.jpg 1000w, https:\/\/www.blackturtledive.com\/wp-content\/uploads\/2021\/01\/blackturtledive.com-shark-island-dive-site-whaleshark-300x200.jpg 300w, https:\/\/www.blackturtledive.com\/wp-content\/uploads\/2021\/01\/blackturtledive.com-shark-island-dive-site-whaleshark-768x512.jpg 768w, https:\/\/www.blackturtledive.com\/wp-content\/uploads\/2021\/01\/blackturtledive.com-shark-island-dive-site-whaleshark-150x100.jpg 150w\" sizes=\"(max-width: 1000px) 100vw, 1000px\" \/><figcaption id=\"caption-attachment-3676\" class=\"wp-caption-text\">Tauchplatz Shark Island Koh Tao<\/figcaption><\/figure>\n<h3>Shark Island \u2013 Beeindruckende Weichkorallen &amp; Fauna<\/h3>\n<p>Shark Island ist ein unbewohnbares Granit Inselchen, bestehend aus vielen sehr gro\u00dfen Felsen, die \u00fcber 10 Meter aus dem Wasser ragen und bis etwa 15 Meter unter Wasser reichen.<\/p>\n<p>Weniger als einen Kilometer von der Ostk\u00fcste Koh Taos entfernt, verdankt die Insel ihren Namen dem oberhalb der Wasserlinie sichtbaren Teil, der einer Haiflosse \u00e4hnelt.<\/p>\n<p>Als einer der wenigen Tauchpl\u00e4tze rund um Koh Tao kann starke Str\u00f6mung hier einen Wechsel des Tauchplatzes erforderlich machen. An guten Tagen ist Shark Island jedoch absolut prachtvoll mit viel Farbe und Meeresleben.<\/p>\n<h3><span style=\"color: #28d4ff;\">Beeindruckende Farben &amp; Meeresleben<\/span><\/h3>\n<p>Sie finden violette Weichbaumkorallen, Hartkorallen, gro\u00dfe Gorgonien-F\u00e4cher, Peitschenkorallen, Fassschw\u00e4mme und Gehirnkorallen, verteilt auf den gro\u00dfen Felsbl\u00f6cken, die den gr\u00f6\u00dften Teil des Unterwasser Reliefs bilden.<\/p>\n<p>Die Felsen treffen bei etwa 15\u201318 Metern auf Sand; au\u00dferhalb des Haupt- auch Platzes liegen weitere Felsen, die in Richtung S\u00fcdost bis auf 26\u201328 Meter abfallen.<\/p>\n<p>Weiter s\u00fcdlich \u2014 in gr\u00f6\u00dferer Tiefe \u2014 liegt das <span style=\"color: #28d4ff;\">Wrack MV Trident<\/span>, ein ehemaliges deutsches K\u00fcstenwachschiff mit Stahlrumpf und ehemals technisches Tauchboot.<\/p>\n<p>Die MV Trident wurde im September 2010 versenkt und liegt in 36 Metern Tiefe; dieses Gebiet weist oft starke Str\u00f6mungen auf, was in Kombination mit der Racktiefe ungeeignet f\u00fcr unerfahrene Taucher ist.<\/p>\n<figure id=\"attachment_1052\" aria-describedby=\"caption-attachment-1052\" style=\"width: 1100px\" class=\"wp-caption alignnone\"><img decoding=\"async\" class=\"size-full wp-image-1052\" src=\"https:\/\/www.blackturtledive.com\/wp-content\/uploads\/2020\/11\/blackturtledive.com-shark-island-dive-sitekoh-tao.jpg\" alt=\"Shark Island Tauchplatz, Koh Tao, Thailand\" width=\"1100\" height=\"776\" srcset=\"https:\/\/www.blackturtledive.com\/wp-content\/uploads\/2020\/11\/blackturtledive.com-shark-island-dive-sitekoh-tao.jpg 1100w, https:\/\/www.blackturtledive.com\/wp-content\/uploads\/2020\/11\/blackturtledive.com-shark-island-dive-sitekoh-tao-300x212.jpg 300w, https:\/\/www.blackturtledive.com\/wp-content\/uploads\/2020\/11\/blackturtledive.com-shark-island-dive-sitekoh-tao-1024x722.jpg 1024w, https:\/\/www.blackturtledive.com\/wp-content\/uploads\/2020\/11\/blackturtledive.com-shark-island-dive-sitekoh-tao-768x542.jpg 768w, https:\/\/www.blackturtledive.com\/wp-content\/uploads\/2020\/11\/blackturtledive.com-shark-island-dive-sitekoh-tao-150x106.jpg 150w, https:\/\/www.blackturtledive.com\/wp-content\/uploads\/2020\/11\/blackturtledive.com-shark-island-dive-sitekoh-tao-450x317.jpg 450w\" sizes=\"(max-width: 1100px) 100vw, 1100px\" \/><figcaption id=\"caption-attachment-1052\" class=\"wp-caption-text\">Shark Island, Koh Tao, Thailand<\/figcaption><\/figure>\n<h3>MV Trident Technischer Tauchplatz Koh Tao<\/h3>\n<p>Die MV Trident eignet sich f\u00fcr <a href=\"https:\/\/www.blackturtledive.com\/padi-specialty-courses\/\">Nitrox-zertifizierte Taucher<\/a> mit Tieftauch-Ausbildung und Erfahrung; das Wrack wird h\u00e4ufig f\u00fcr Einsteiger-Technologie-Tauchg\u00e4nge genutzt.<\/p>\n<p>Die Granitfelsen rund um Shark Island sind Lebensraum f\u00fcr verschiedene Nacktschnecken und Warzenschnecken, w\u00e4hrend Blue-Spotted-Ribbon-Tail-Stachelrochen sich unter \u00dcberh\u00e4ngen verbergen und Mur\u00e4nen aus den Spalten zwischen den Felsen hinausblicken.<\/p>\n<p>Shark Island beherbergt zahlreiche Riffbewohner, darunter Schw\u00e4rme von Black-Cap-Afalterfischen, die gesch\u00e4ftig an Korallenpolypen picken.<\/p>\n<h3><span style=\"color: #28d4ff;\">Unbewohntes Granit Inselchen Shark Island<\/span><\/h3>\n<p>Sie finden Seeanemonen und Hunderte von Barschartigen, die um Tischkorallen schwimmen und Algen sowie gelegentlich kleine Krebstiere fressen.<\/p>\n<p>Am Shark Island kann man auch den sch\u00f6nen <a href=\"https:\/\/www.blackturtledive.com\/koh-tao-marine-life\/scribbled-file-fish\/\">Scribbled Filefish<\/a> sehen; achten Sie zudem auf Titan-Dr\u00fcckerfische in der Umgebung.<\/p>\n<p>Harlekin-S\u00fc\u00dflippen verbergen sich im Schatten gro\u00dfer Felsbl\u00f6cke, daneben ziehen neugierige <a href=\"https:\/\/www.blackturtledive.com\/koh-tao-marine-life\/tailfin-batfish\/\">Fledermausfische<\/a> langsam vorbei.<\/p>\n<p>Der Tauchplatz bietet au\u00dferdem gro\u00dfe Schulen von Gelbschwanz-Barrakudas, die im Sonnenlicht an ihren silbernen Schuppen funkeln.<\/p>\n<figure id=\"attachment_3803\" aria-describedby=\"caption-attachment-3803\" style=\"width: 1100px\" class=\"wp-caption alignnone\"><img decoding=\"async\" class=\"size-full wp-image-3803\" src=\"https:\/\/www.blackturtledive.com\/wp-content\/uploads\/2021\/01\/blackturtledive.com-shark-island-dive-site-butterfly-fish.jpg\" alt=\"Tauchplatz Shark Island\" width=\"1100\" height=\"575\" srcset=\"https:\/\/www.blackturtledive.com\/wp-content\/uploads\/2021\/01\/blackturtledive.com-shark-island-dive-site-butterfly-fish.jpg 1100w, https:\/\/www.blackturtledive.com\/wp-content\/uploads\/2021\/01\/blackturtledive.com-shark-island-dive-site-butterfly-fish-300x157.jpg 300w, https:\/\/www.blackturtledive.com\/wp-content\/uploads\/2021\/01\/blackturtledive.com-shark-island-dive-site-butterfly-fish-1024x535.jpg 1024w, https:\/\/www.blackturtledive.com\/wp-content\/uploads\/2021\/01\/blackturtledive.com-shark-island-dive-site-butterfly-fish-768x401.jpg 768w, https:\/\/www.blackturtledive.com\/wp-content\/uploads\/2021\/01\/blackturtledive.com-shark-island-dive-site-butterfly-fish-150x78.jpg 150w\" sizes=\"(max-width: 1100px) 100vw, 1100px\" \/><figcaption id=\"caption-attachment-3803\" class=\"wp-caption-text\">Tauchplatz Shark Island<\/figcaption><\/figure>\n<h3>Walhaie bei Shark Island<\/h3>\n<p>Das Gebiet wird h\u00e4ufig von Meeresschildkr\u00f6ten besucht und ist in der Saison ein ausgezeichneter Ort, um einen <a href=\"https:\/\/www.blackturtledive.com\/koh-tao-marine-life\/whaleshark\/\">Walhai<\/a> zu sehen.<\/p>\n<p>Shark Island ist eindeutig ein<a href=\"https:\/\/www.blackturtledive.com\/koh-tao-dive-sites\/\"> Tauchplatz<\/a> f\u00fcr Advanced-Taucher, besonders bei suboptimalen Bedingungen.<\/p>\n<p>Obwohl der Platz nicht prim\u00e4r f\u00fcr Ausbildung Tauchg\u00e4nge genutzt wird, bietet er gute Tiefe f\u00fcr Deep-Training und ist ideal f\u00fcr Fish-ID- oder Underwater-Naturalist-Tauchg\u00e4nge \u2014 ein Muss f\u00fcr jeden Taucher, der ein Fun-Diving-Paket bucht.[\/vc_column_text][\/vc_column][\/vc_row]<\/p>\n<\/div>","protected":false},"excerpt":{"rendered":"<p>Die Tauchstelle Shark Island vor Koh Tao liegt vor der S\u00fcdk\u00fcste und ist ein hervorragender Tauchplatz mit einer reichen Meeresfauna, der sich am besten f\u00fcr fortgeschrittene Taucher eignet.<\/p>\n","protected":false},"author":2,"featured_media":18301,"parent":18682,"menu_order":0,"comment_status":"closed","ping_status":"closed","template":"","meta":{"_acf_changed":false,"footnotes":""},"class_list":["post-18676","page","type-page","status-publish","has-post-thumbnail","hentry"],"acf":[],"yoast_head":"<!-- This site is optimized with the Yoast SEO Premium plugin v27.6 (Yoast SEO v27.6) - https:\/\/yoast.com\/product\/yoast-seo-premium-wordpress\/ -->\n<title>Shark Island Tauchplatz Koh Tao | Black Turtle Dive<\/title>\n<meta name=\"description\" content=\"Die Tauchstelle Shark Island vor Koh Tao liegt vor der S\u00fcdk\u00fcste und ist ein hervorragender Tauchplatz mit einer reichen Meeresfauna, der sich am besten f\u00fcr fortgeschrittene Taucher eignet.\" \/>\n<meta name=\"robots\" content=\"index, follow, max-snippet:-1, max-image-preview:large, max-video-preview:-1\" \/>\n<link rel=\"canonical\" href=\"https:\/\/www.blackturtledive.com\/de\/koh-tao-dive-sites\/shark-island\/\" \/>\n<meta property=\"og:locale\" content=\"de_DE\" \/>\n<meta property=\"og:type\" content=\"article\" \/>\n<meta property=\"og:title\" content=\"Shark Island Dive Site Koh Tao | Black Turtle Dive\" \/>\n<meta property=\"og:description\" content=\"Shark Island dive site Koh Tao is located off the south coast and is an excellent dive site with abundant marine life and best suited to advanced scuba divers\" \/>\n<meta property=\"og:url\" content=\"https:\/\/www.blackturtledive.com\/de\/koh-tao-dive-sites\/shark-island\/\" \/>\n<meta property=\"og:site_name\" content=\"Black Turtle Dive Koh Tao\" \/>\n<meta property=\"article:publisher\" content=\"https:\/\/www.facebook.com\/blackturtledive\" \/>\n<meta property=\"article:modified_time\" content=\"2026-05-05T14:24:54+00:00\" \/>\n<meta property=\"og:image\" content=\"https:\/\/www.blackturtledive.com\/wp-content\/uploads\/2020\/11\/blackturtledive.com-best-padi-divemaster-course-koh-tao.jpg\" \/>\n\t<meta property=\"og:image:width\" content=\"1200\" \/>\n\t<meta property=\"og:image:height\" content=\"800\" \/>\n\t<meta property=\"og:image:type\" content=\"image\/jpeg\" \/>\n<meta name=\"twitter:card\" content=\"summary_large_image\" \/>\n<meta name=\"twitter:title\" content=\"Shark Island Dive Site Koh Tao | Black Turtle Dive\" \/>\n<meta name=\"twitter:description\" content=\"Shark Island dive site Koh Tao is located off the south coast and is an excellent dive site with abundant marine life and best suited to advanced scuba divers\" \/>\n<meta name=\"twitter:image\" content=\"https:\/\/www.blackturtledive.com\/wp-content\/uploads\/2020\/11\/blackturtledive.com-best-padi-divemaster-course-koh-tao.jpg\" \/>\n<meta name=\"twitter:site\" content=\"@blackturtledive\" \/>\n<meta name=\"twitter:label1\" content=\"Gesch\u00e4tzte Lesezeit\" \/>\n\t<meta name=\"twitter:data1\" content=\"4\u00a0Minuten\" \/>\n<!-- \/ Yoast SEO Premium plugin. -->","yoast_head_json":{"title":"Shark Island Tauchplatz Koh Tao | Black Turtle Dive","description":"Die Tauchstelle Shark Island vor Koh Tao liegt vor der S\u00fcdk\u00fcste und ist ein hervorragender Tauchplatz mit einer reichen Meeresfauna, der sich am besten f\u00fcr fortgeschrittene Taucher eignet.","robots":{"index":"index","follow":"follow","max-snippet":"max-snippet:-1","max-image-preview":"max-image-preview:large","max-video-preview":"max-video-preview:-1"},"canonical":"https:\/\/www.blackturtledive.com\/de\/koh-tao-dive-sites\/shark-island\/","og_locale":"de_DE","og_type":"article","og_title":"Shark Island Dive Site Koh Tao | Black Turtle Dive","og_description":"Shark Island dive site Koh Tao is located off the south coast and is an excellent dive site with abundant marine life and best suited to advanced scuba divers","og_url":"https:\/\/www.blackturtledive.com\/de\/koh-tao-dive-sites\/shark-island\/","og_site_name":"Black Turtle Dive Koh Tao","article_publisher":"https:\/\/www.facebook.com\/blackturtledive","article_modified_time":"2026-05-05T14:24:54+00:00","og_image":[{"width":1200,"height":800,"url":"https:\/\/www.blackturtledive.com\/wp-content\/uploads\/2020\/11\/blackturtledive.com-best-padi-divemaster-course-koh-tao.jpg","type":"image\/jpeg"}],"twitter_card":"summary_large_image","twitter_title":"Shark Island Dive Site Koh Tao | Black Turtle Dive","twitter_description":"Shark Island dive site Koh Tao is located off the south coast and is an excellent dive site with abundant marine life and best suited to advanced scuba divers","twitter_image":"https:\/\/www.blackturtledive.com\/wp-content\/uploads\/2020\/11\/blackturtledive.com-best-padi-divemaster-course-koh-tao.jpg","twitter_site":"@blackturtledive","twitter_misc":{"Gesch\u00e4tzte Lesezeit":"4\u00a0Minuten"},"schema":{"@context":"https:\/\/schema.org","@graph":[{"@type":"WebPage","@id":"https:\/\/www.blackturtledive.com\/de\/koh-tao-dive-sites\/shark-island\/","url":"https:\/\/www.blackturtledive.com\/de\/koh-tao-dive-sites\/shark-island\/","name":"Shark Island Tauchplatz Koh Tao | Black Turtle Dive","isPartOf":{"@id":"https:\/\/www.blackturtledive.com\/de\/#website"},"primaryImageOfPage":{"@id":"https:\/\/www.blackturtledive.com\/de\/koh-tao-dive-sites\/shark-island\/#primaryimage"},"image":{"@id":"https:\/\/www.blackturtledive.com\/de\/koh-tao-dive-sites\/shark-island\/#primaryimage"},"thumbnailUrl":"https:\/\/www.blackturtledive.com\/wp-content\/uploads\/2021\/01\/blackturtledive.com-shark-island-dive-site-whaleshark.jpg","datePublished":"2020-09-19T15:49:17+00:00","dateModified":"2026-05-05T14:24:54+00:00","description":"Die Tauchstelle Shark Island vor Koh Tao liegt vor der S\u00fcdk\u00fcste und ist ein hervorragender Tauchplatz mit einer reichen Meeresfauna, der sich am besten f\u00fcr fortgeschrittene Taucher eignet.","breadcrumb":{"@id":"https:\/\/www.blackturtledive.com\/de\/koh-tao-dive-sites\/shark-island\/#breadcrumb"},"inLanguage":"de","potentialAction":[{"@type":"ReadAction","target":["https:\/\/www.blackturtledive.com\/de\/koh-tao-dive-sites\/shark-island\/"]}]},{"@type":"ImageObject","inLanguage":"de","@id":"https:\/\/www.blackturtledive.com\/de\/koh-tao-dive-sites\/shark-island\/#primaryimage","url":"https:\/\/www.blackturtledive.com\/wp-content\/uploads\/2021\/01\/blackturtledive.com-shark-island-dive-site-whaleshark.jpg","contentUrl":"https:\/\/www.blackturtledive.com\/wp-content\/uploads\/2021\/01\/blackturtledive.com-shark-island-dive-site-whaleshark.jpg","width":1000,"height":667,"caption":"Shark Island Dive Site Koh Tao"},{"@type":"BreadcrumbList","@id":"https:\/\/www.blackturtledive.com\/de\/koh-tao-dive-sites\/shark-island\/#breadcrumb","itemListElement":[{"@type":"ListItem","position":1,"name":"Home","item":"https:\/\/www.blackturtledive.com\/de\/"},{"@type":"ListItem","position":2,"name":"Koh Tao Tauchpl\u00e4tze","item":"https:\/\/www.blackturtledive.com\/de\/koh-tao-dive-sites\/"},{"@type":"ListItem","position":3,"name":"Shark Island"}]},{"@type":"WebSite","@id":"https:\/\/www.blackturtledive.com\/de\/#website","url":"https:\/\/www.blackturtledive.com\/de\/","name":"Black Turtle Dive Koh Tao","description":"Ocean Explorers | Marine Protectors","publisher":{"@id":"https:\/\/www.blackturtledive.com\/de\/#organization"},"alternateName":"Black Turtle Dive in Thailand","potentialAction":[{"@type":"SearchAction","target":{"@type":"EntryPoint","urlTemplate":"https:\/\/www.blackturtledive.com\/de\/?s={search_term_string}"},"query-input":{"@type":"PropertyValueSpecification","valueRequired":true,"valueName":"search_term_string"}}],"inLanguage":"de"},{"@type":"Organization","@id":"https:\/\/www.blackturtledive.com\/de\/#organization","name":"Black Turtle Dive Koh Tao","alternateName":"Black Turtle Dive","url":"https:\/\/www.blackturtledive.com\/de\/","logo":{"@type":"ImageObject","inLanguage":"de","@id":"https:\/\/www.blackturtledive.com\/de\/#\/schema\/logo\/image\/","url":"https:\/\/www.blackturtledive.com\/wp-content\/uploads\/2020\/11\/cropped-blackturtledive.com-brand-logo.png","contentUrl":"https:\/\/www.blackturtledive.com\/wp-content\/uploads\/2020\/11\/cropped-blackturtledive.com-brand-logo.png","width":400,"height":400,"caption":"Black Turtle Dive Koh Tao"},"image":{"@id":"https:\/\/www.blackturtledive.com\/de\/#\/schema\/logo\/image\/"},"sameAs":["https:\/\/www.facebook.com\/blackturtledive","https:\/\/x.com\/blackturtledive","https:\/\/www.instagram.com\/blackturtledive\/","https:\/\/www.youtube.com\/blackturtledive","https:\/\/www.linkedin.com\/company\/blackturtledive\/","https:\/\/www.tumblr.com\/blackturtledive","https:\/\/www.pinterest.com\/blackturtledive\/","https:\/\/www.tiktok.com\/@blackturtledive","https:\/\/www.reddit.com\/user\/blackturtledive\/"],"description":"Black Turtle Dive is a modern and innovative 5 Star Career Development Scuba Diving Center, passionate about the ocean and through training we want to empower you to become a competent and confident scuba diver. Our diving courses equip you with the skills, knowledge and awareness necessary to explore the ocean safely, whilst becoming a passionate advocate and protector of the marine environment. If you have never dived before or are a certified diver and want to develop your skills further, our tailored, bespoke courses and programs will inspire you to become an Ocean advocate. Our scientific based Marine Conservation Internships and training programs, offer aspiring scuba divers and marine conservationists, the best marine conservation internships on Koh Tao. We currently offer students six levels of Marine Conservation Internships at our beachside location on Koh Tao in Thailand. Check out our website for more information.","email":"info@blackturtledive.com","telephone":"089 592 2134","legalName":"Black Turtle Dive Co Ltd","foundingDate":"2020-01-01","publishingPrinciples":"https:\/\/www.blackturtledive.com\/terms\/","ownershipFundingInfo":"https:\/\/www.blackturtledive.com\/terms\/","actionableFeedbackPolicy":"https:\/\/www.blackturtledive.com\/privacy-policy\/","correctionsPolicy":"https:\/\/www.blackturtledive.com\/privacy-policy\/","ethicsPolicy":"https:\/\/www.blackturtledive.com\/privacy-policy\/","diversityPolicy":"https:\/\/www.blackturtledive.com\/privacy-policy\/"}]}},"_links":{"self":[{"href":"https:\/\/www.blackturtledive.com\/de\/wp-json\/wp\/v2\/pages\/18676","targetHints":{"allow":["GET"]}}],"collection":[{"href":"https:\/\/www.blackturtledive.com\/de\/wp-json\/wp\/v2\/pages"}],"about":[{"href":"https:\/\/www.blackturtledive.com\/de\/wp-json\/wp\/v2\/types\/page"}],"author":[{"embeddable":true,"href":"https:\/\/www.blackturtledive.com\/de\/wp-json\/wp\/v2\/users\/2"}],"replies":[{"embeddable":true,"href":"https:\/\/www.blackturtledive.com\/de\/wp-json\/wp\/v2\/comments?post=18676"}],"version-history":[{"count":1,"href":"https:\/\/www.blackturtledive.com\/de\/wp-json\/wp\/v2\/pages\/18676\/revisions"}],"predecessor-version":[{"id":70913,"href":"https:\/\/www.blackturtledive.com\/de\/wp-json\/wp\/v2\/pages\/18676\/revisions\/70913"}],"up":[{"embeddable":true,"href":"https:\/\/www.blackturtledive.com\/de\/wp-json\/wp\/v2\/pages\/18682"}],"wp:featuredmedia":[{"embeddable":true,"href":"https:\/\/www.blackturtledive.com\/de\/wp-json\/wp\/v2\/media\/18301"}],"wp:attachment":[{"href":"https:\/\/www.blackturtledive.com\/de\/wp-json\/wp\/v2\/media?parent=18676"}],"curies":[{"name":"wp","href":"https:\/\/api.w.org\/{rel}","templated":true}]}}