{"id":18677,"date":"2020-09-19T22:48:39","date_gmt":"2020-09-19T15:48:39","guid":{"rendered":"https:\/\/www.blackturtledive.com\/samran-pinnacle\/"},"modified":"2026-05-05T21:24:55","modified_gmt":"2026-05-05T14:24:55","slug":"samran-pinnacle","status":"publish","type":"page","link":"https:\/\/www.blackturtledive.com\/de\/koh-tao-dive-sites\/samran-pinnacle\/","title":{"rendered":"Samran Felsnadel"},"content":{"rendered":"<div class=\"wpb-content-wrapper\"><p>[vc_row][vc_column][vc_column_text css=&#8220;&#8220;]Samran Pinnacle ist eine anspruchsvolle, untergetauchte Felsformation zwischen Sail Rock und South West Pinnacle, bekannt f\u00fcr starke Str\u00f6mungen und pelagische Begegnungen.<\/p>\n<p>Der Spot beginnt bei 9 Metern und f\u00e4llt auf nahezu 30 Meter ab, wodurch ausgezeichnete Tarierungs- und Navigationsf\u00e4higkeiten erforderlich sind, um die massiven Felsbl\u00f6cke und Schw\u00e4rme von Yellowtail\u2011Barrakudas zu erkunden.<\/p>\n<p>Aufgrund seiner exponierten Lage ist Samran ein saisonaler Tauchplatz, der ein wildes Taucherlebnis bietet und h\u00e4ufig von vorbeiziehenden Walhaien und gro\u00dfen Schulen von K\u00f6nigsfischen (Queenfish) besucht wird.<\/p>\n<h3><span style=\"color: #28d4ff;\">Erfahren Sie mehr \u00fcber den Tauchplatz Samran Pinnacles auf Koh Tao<\/span><\/h3>\n<p>Der <a href=\"https:\/\/www.blackturtledive.com\/de\/koh-tao-dive-sites\/\">Tauchplatz<\/a> Samran Pinnacles ist ein idealer Zwischenstopp f\u00fcr erfahrene <a href=\"https:\/\/www.blackturtledive.com\/padi-diving-courses\/\">Taucher<\/a> auf dem R\u00fcckweg von Sail Rock und bietet eine au\u00dfergew\u00f6hnliche <a href=\"https:\/\/www.blackturtledive.com\/koh-tao-marine-life\/\">marine Vielfalt<\/a>.<\/p>\n<ul>\n<li>Lage: 200 Meter westlich der Twins<\/li>\n<li>Tiefe: 9\u201328 Meter<\/li>\n<li>Art des Tauchplatzes: Pinnacles<\/li>\n<li>Schwierigkeitsgrad: <a href=\"https:\/\/www.blackturtledive.com\/padi-diving-courses\/advanced-open-water-course\/\">Advanced Open-Water-Taucher<\/a><\/li>\n<li>Bedingungen: Die Sicht kann ausgezeichnet sein; Str\u00f6mung m\u00f6glich<\/li>\n<li>Durchschnittliche Sichtweite: 2\u201330 m<\/li>\n<\/ul>\n<figure id=\"attachment_3796\" aria-describedby=\"caption-attachment-3796\" style=\"width: 1100px\" class=\"wp-caption alignnone\"><img decoding=\"async\" class=\"size-full wp-image-3796\" src=\"https:\/\/www.blackturtledive.com\/wp-content\/uploads\/2021\/01\/blackturtledive.com-sail-rock-dive-site-koh-tao-yellow-fusiliers.jpg\" alt=\"Tauchplatz Samran Pinnacles\" width=\"1100\" height=\"619\" srcset=\"https:\/\/www.blackturtledive.com\/wp-content\/uploads\/2021\/01\/blackturtledive.com-sail-rock-dive-site-koh-tao-yellow-fusiliers.jpg 1100w, https:\/\/www.blackturtledive.com\/wp-content\/uploads\/2021\/01\/blackturtledive.com-sail-rock-dive-site-koh-tao-yellow-fusiliers-300x169.jpg 300w, https:\/\/www.blackturtledive.com\/wp-content\/uploads\/2021\/01\/blackturtledive.com-sail-rock-dive-site-koh-tao-yellow-fusiliers-1024x576.jpg 1024w, https:\/\/www.blackturtledive.com\/wp-content\/uploads\/2021\/01\/blackturtledive.com-sail-rock-dive-site-koh-tao-yellow-fusiliers-768x432.jpg 768w, https:\/\/www.blackturtledive.com\/wp-content\/uploads\/2021\/01\/blackturtledive.com-sail-rock-dive-site-koh-tao-yellow-fusiliers-150x84.jpg 150w\" sizes=\"(max-width: 1100px) 100vw, 1100px\" \/><figcaption id=\"caption-attachment-3796\" class=\"wp-caption-text\">Tauchplatz Samran Pinnacles<\/figcaption><\/figure>\n<h3>Koh Tao \u2013 Samran Pinnacles<\/h3>\n<p>Samran Pinnacles sind eine Reihe vollst\u00e4ndig untergetauchter Granitfelsen-Pinnacles mitten im offenen Meer zwischen <a href=\"https:\/\/www.blackturtledive.com\/de\/koh-tao-dive-sites\/sail-rock\/\">Sail Rock<\/a> und <a href=\"https:\/\/www.blackturtledive.com\/de\/koh-tao\/\">Koh Tao<\/a>.<\/p>\n<p>Die Felsen ragen bis auf etwa <span style=\"color: #28d4ff;\">9 Meter Wassertiefe<\/span> empor, fallen dann steil ab und treffen bei ungef\u00e4hr 28 Metern auf Sand. Im Vergleich zu den anderen tieferen Pinnacles der Gegend ist die Stelle relativ klein.<\/p>\n<p>Da Samran Pinnacles im offenen Meer liegen, k\u00f6nnen die Str\u00f6mungen st\u00e4rker sein als an anderen Tauchpl\u00e4tzen. Wegen der gr\u00f6\u00dferen Tiefe eignet sich die Stelle vor allem f\u00fcr Advanced-Taucher.<\/p>\n<figure id=\"attachment_3671\" aria-describedby=\"caption-attachment-3671\" style=\"width: 1100px\" class=\"wp-caption alignnone\"><img decoding=\"async\" class=\"size-full wp-image-3671\" src=\"https:\/\/www.blackturtledive.com\/wp-content\/uploads\/2021\/01\/blackturtledive.com-sail-rock-dive-site-koh-tao-yellow-boxfish.jpg\" alt=\"Tauchplatz Samran Pinnacles Koh Tao\" width=\"1100\" height=\"619\" srcset=\"https:\/\/www.blackturtledive.com\/wp-content\/uploads\/2021\/01\/blackturtledive.com-sail-rock-dive-site-koh-tao-yellow-boxfish.jpg 1100w, https:\/\/www.blackturtledive.com\/wp-content\/uploads\/2021\/01\/blackturtledive.com-sail-rock-dive-site-koh-tao-yellow-boxfish-300x169.jpg 300w, https:\/\/www.blackturtledive.com\/wp-content\/uploads\/2021\/01\/blackturtledive.com-sail-rock-dive-site-koh-tao-yellow-boxfish-1024x576.jpg 1024w, https:\/\/www.blackturtledive.com\/wp-content\/uploads\/2021\/01\/blackturtledive.com-sail-rock-dive-site-koh-tao-yellow-boxfish-768x432.jpg 768w, https:\/\/www.blackturtledive.com\/wp-content\/uploads\/2021\/01\/blackturtledive.com-sail-rock-dive-site-koh-tao-yellow-boxfish-150x84.jpg 150w\" sizes=\"(max-width: 1100px) 100vw, 1100px\" \/><figcaption id=\"caption-attachment-3671\" class=\"wp-caption-text\">Tauchplatz Samran Pinnacles Koh Tao<\/figcaption><\/figure>\n<h3><span style=\"color: #28d4ff;\">Offener Ozean \u2013 Tauchplatz Samran Pinnacles<\/span><\/h3>\n<p>Bei guten Bedingungen ist Samran Pinnacles ein beeindruckender Tauchplatz mit dem typischen Meeresleben solcher Pl\u00e4tze.<\/p>\n<p>Tausende Gelbr\u00fccken-F\u00fcsiliere wirbeln wie ein silbern-gelber Tornado um den Pinnacle; au\u00dferdem gibt es gro\u00dfe Schw\u00e4rme von Jacks, Trevallies und Ein Fleck-Schnappern.<\/p>\n<p>Insbesondere wenn hunderte <a href=\"https:\/\/www.blackturtledive.com\/koh-tao-marine-life\/chevron-barracuda\/\">Chevron Barrakudas<\/a> vorbeiziehen, merkt man beim Tauchen bei <span style=\"color: #28d4ff;\">Samran Pinnacles<\/span> die Intensit\u00e4t des Lebens hier.<\/p>\n<p>Die schiere Anzahl an Fischen ist erstaunlich \u2014 und leider erkl\u00e4rt sie auch, warum an diesem Tauchplatz mitunter Fischernetze h\u00e4ngen bleiben.<\/p>\n<figure id=\"attachment_3798\" aria-describedby=\"caption-attachment-3798\" style=\"width: 1100px\" class=\"wp-caption alignnone\"><img decoding=\"async\" class=\"size-full wp-image-3798\" src=\"https:\/\/www.blackturtledive.com\/wp-content\/uploads\/2021\/01\/blackturtledive.com-sail-rock-dive-site-koh-tao-fusiliers.jpg\" alt=\"Tauchplatz Samran Pinnacles - Meeresbewohner\" width=\"1100\" height=\"619\" srcset=\"https:\/\/www.blackturtledive.com\/wp-content\/uploads\/2021\/01\/blackturtledive.com-sail-rock-dive-site-koh-tao-fusiliers.jpg 1100w, https:\/\/www.blackturtledive.com\/wp-content\/uploads\/2021\/01\/blackturtledive.com-sail-rock-dive-site-koh-tao-fusiliers-300x169.jpg 300w, https:\/\/www.blackturtledive.com\/wp-content\/uploads\/2021\/01\/blackturtledive.com-sail-rock-dive-site-koh-tao-fusiliers-1024x576.jpg 1024w, https:\/\/www.blackturtledive.com\/wp-content\/uploads\/2021\/01\/blackturtledive.com-sail-rock-dive-site-koh-tao-fusiliers-768x432.jpg 768w, https:\/\/www.blackturtledive.com\/wp-content\/uploads\/2021\/01\/blackturtledive.com-sail-rock-dive-site-koh-tao-fusiliers-150x84.jpg 150w\" sizes=\"(max-width: 1100px) 100vw, 1100px\" \/><figcaption id=\"caption-attachment-3798\" class=\"wp-caption-text\">Tauchplatz Samran Pinnacles &#8211; Meeresbewohner<\/figcaption><\/figure>\n<h3>Viel interessantes Meeresleben<\/h3>\n<p>Samran Pinnacles bietet neben den faszinierenden Schw\u00e4rmen auch viel kleines und interessantes Meeresleben.<\/p>\n<p>Der Haupts\u00e4ulen ist nicht vollst\u00e4ndig von Korallen bedeckt, zeigt jedoch eine Auswahl verschiedener Hart- und Weichkorallen.<\/p>\n<p>Sie finden gro\u00dfe Best\u00e4nde massiver Korallen sowie zahlreiche Gorgonien, Peitschenkorallen und Fassschw\u00e4mme mit Lambert-Seegurken.<\/p>\n<p>Schauen Sie genau in Ritzen und Spalten, dann entdecken Sie verschiedene Krebstiere und die interessanten Tiger-Kaurischnecken.<\/p>\n<figure id=\"attachment_3800\" aria-describedby=\"caption-attachment-3800\" style=\"width: 1100px\" class=\"wp-caption alignnone\"><img decoding=\"async\" class=\"size-full wp-image-3800\" src=\"https:\/\/www.blackturtledive.com\/wp-content\/uploads\/2021\/01\/blackturtledive.com-sail-rock-dive-site-koh-tao-barracuda.jpg\" alt=\"Tauchplatz Samran Pinnacles - Barrakuda\" width=\"1100\" height=\"619\" srcset=\"https:\/\/www.blackturtledive.com\/wp-content\/uploads\/2021\/01\/blackturtledive.com-sail-rock-dive-site-koh-tao-barracuda.jpg 1100w, https:\/\/www.blackturtledive.com\/wp-content\/uploads\/2021\/01\/blackturtledive.com-sail-rock-dive-site-koh-tao-barracuda-300x169.jpg 300w, https:\/\/www.blackturtledive.com\/wp-content\/uploads\/2021\/01\/blackturtledive.com-sail-rock-dive-site-koh-tao-barracuda-1024x576.jpg 1024w, https:\/\/www.blackturtledive.com\/wp-content\/uploads\/2021\/01\/blackturtledive.com-sail-rock-dive-site-koh-tao-barracuda-768x432.jpg 768w, https:\/\/www.blackturtledive.com\/wp-content\/uploads\/2021\/01\/blackturtledive.com-sail-rock-dive-site-koh-tao-barracuda-150x84.jpg 150w\" sizes=\"(max-width: 1100px) 100vw, 1100px\" \/><figcaption id=\"caption-attachment-3800\" class=\"wp-caption-text\">Tauchplatz Samran Pinnacles &#8211; Barrakuda<\/figcaption><\/figure>\n<h3><span style=\"color: #28d4ff;\">Ideal f\u00fcr Makrofotografie<\/span><\/h3>\n<p>Setzen Sie den Tauchgang fort und Sie finden Seeanemonen mit Anemonenfischen, niedliche kleine Yellow-Box-Fische, die sich verstecken, sowie braun-gestreifte Zackenbarsche, die auf den Felsen sitzen und die Umgebung beobachten.<\/p>\n<p>In gr\u00f6\u00dferen Tiefen verbergen sich unter \u00dcberh\u00e4ngen und Spalten gro\u00dfe <a href=\"https:\/\/www.blackturtledive.com\/koh-tao-marine-life\/brown-marbled-grouper\/\">braun marmorierte Zackenbarsche<\/a>.<\/p>\n<p>Samran Pinnacles ist ein perfekter Tauchstopp auf dem R\u00fcckweg von einer Sail&#8211;Rock&#8211;Tour, besonders wenn Sie eine kleine Gruppe erfahrener Taucher dabei haben.<\/p>\n<p>Unser Tipp: Buchen Sie auf Koh Tao einen Ganztagesausflug mit drei Tauchg\u00e4ngen, der Sail Rock, Samran Pinnacles und <a href=\"https:\/\/www.blackturtledive.com\/koh-tao-dive-sites\/shark-island\/\">Shark Island<\/a> kombiniert \u2014 es lohnt sich.[\/vc_column_text][\/vc_column][\/vc_row]<\/p>\n<\/div>","protected":false},"excerpt":{"rendered":"<p>Der Tauchplatz Samran Felsnadel auf Koh Tao ist ein perfekter Zwischenstopp f\u00fcr erfahrene Taucher auf dem R\u00fcckweg von Sail Rock und bietet eine erstaunliche Artenvielfalt unter Wasser.<\/p>\n","protected":false},"author":2,"featured_media":18300,"parent":18682,"menu_order":0,"comment_status":"closed","ping_status":"closed","template":"","meta":{"_acf_changed":false,"footnotes":""},"class_list":["post-18677","page","type-page","status-publish","has-post-thumbnail","hentry"],"acf":[],"yoast_head":"<!-- This site is optimized with the Yoast SEO Premium plugin v27.6 (Yoast SEO v27.6) - https:\/\/yoast.com\/product\/yoast-seo-premium-wordpress\/ -->\n<title>Samran Felsnadel Tauchplatz Koh Tao | Black Turtle Dive<\/title>\n<meta name=\"description\" content=\"Der Tauchplatz Samran Felsnadel vor Koh Tao ist ein idealer Zwischenstopp f\u00fcr erfahrene Taucher auf dem R\u00fcckweg von Sail Rock und bietet eine erstaunliche Artenvielfalt unter Wasser.\" \/>\n<meta name=\"robots\" content=\"index, follow, max-snippet:-1, max-image-preview:large, max-video-preview:-1\" \/>\n<link rel=\"canonical\" href=\"https:\/\/www.blackturtledive.com\/de\/koh-tao-dive-sites\/samran-pinnacle\/\" \/>\n<meta property=\"og:locale\" content=\"de_DE\" \/>\n<meta property=\"og:type\" content=\"article\" \/>\n<meta property=\"og:title\" content=\"Samran Pinnacles Dive Site Koh Tao | Black Turtle Dive\" \/>\n<meta property=\"og:description\" content=\"Samran Pinnacles dive site Koh Tao is a perfect site for experienced divers to stop off at on the way back from Sail Rock and offers amazing marine diversity\" \/>\n<meta property=\"og:url\" content=\"https:\/\/www.blackturtledive.com\/de\/koh-tao-dive-sites\/samran-pinnacle\/\" \/>\n<meta property=\"og:site_name\" content=\"Black Turtle Dive Koh Tao\" \/>\n<meta property=\"article:publisher\" content=\"https:\/\/www.facebook.com\/blackturtledive\" \/>\n<meta property=\"article:modified_time\" content=\"2026-05-05T14:24:55+00:00\" \/>\n<meta property=\"og:image\" content=\"https:\/\/www.blackturtledive.com\/wp-content\/uploads\/2020\/11\/blackturtledive.com-best-padi-divemaster-course-koh-tao.jpg\" \/>\n\t<meta property=\"og:image:width\" content=\"1200\" \/>\n\t<meta property=\"og:image:height\" content=\"800\" \/>\n\t<meta property=\"og:image:type\" content=\"image\/jpeg\" \/>\n<meta name=\"twitter:card\" content=\"summary_large_image\" \/>\n<meta name=\"twitter:title\" content=\"Samran Pinnacles Dive Site Koh Tao | Black Turtle Dive\" \/>\n<meta name=\"twitter:description\" content=\"Samran Pinnacles dive site Koh Tao is a perfect site for experienced divers to stop off at on the way back from Sail Rock and offers amazing marine diversity\" \/>\n<meta name=\"twitter:image\" content=\"https:\/\/www.blackturtledive.com\/wp-content\/uploads\/2020\/11\/blackturtledive.com-best-padi-divemaster-course-koh-tao.jpg\" \/>\n<meta name=\"twitter:site\" content=\"@blackturtledive\" \/>\n<meta name=\"twitter:label1\" content=\"Gesch\u00e4tzte Lesezeit\" \/>\n\t<meta name=\"twitter:data1\" content=\"4\u00a0Minuten\" \/>\n<!-- \/ Yoast SEO Premium plugin. -->","yoast_head_json":{"title":"Samran Felsnadel Tauchplatz Koh Tao | Black Turtle Dive","description":"Der Tauchplatz Samran Felsnadel vor Koh Tao ist ein idealer Zwischenstopp f\u00fcr erfahrene Taucher auf dem R\u00fcckweg von Sail Rock und bietet eine erstaunliche Artenvielfalt unter Wasser.","robots":{"index":"index","follow":"follow","max-snippet":"max-snippet:-1","max-image-preview":"max-image-preview:large","max-video-preview":"max-video-preview:-1"},"canonical":"https:\/\/www.blackturtledive.com\/de\/koh-tao-dive-sites\/samran-pinnacle\/","og_locale":"de_DE","og_type":"article","og_title":"Samran Pinnacles Dive Site Koh Tao | Black Turtle Dive","og_description":"Samran Pinnacles dive site Koh Tao is a perfect site for experienced divers to stop off at on the way back from Sail Rock and offers amazing marine diversity","og_url":"https:\/\/www.blackturtledive.com\/de\/koh-tao-dive-sites\/samran-pinnacle\/","og_site_name":"Black Turtle Dive Koh Tao","article_publisher":"https:\/\/www.facebook.com\/blackturtledive","article_modified_time":"2026-05-05T14:24:55+00:00","og_image":[{"width":1200,"height":800,"url":"https:\/\/www.blackturtledive.com\/wp-content\/uploads\/2020\/11\/blackturtledive.com-best-padi-divemaster-course-koh-tao.jpg","type":"image\/jpeg"}],"twitter_card":"summary_large_image","twitter_title":"Samran Pinnacles Dive Site Koh Tao | Black Turtle Dive","twitter_description":"Samran Pinnacles dive site Koh Tao is a perfect site for experienced divers to stop off at on the way back from Sail Rock and offers amazing marine diversity","twitter_image":"https:\/\/www.blackturtledive.com\/wp-content\/uploads\/2020\/11\/blackturtledive.com-best-padi-divemaster-course-koh-tao.jpg","twitter_site":"@blackturtledive","twitter_misc":{"Gesch\u00e4tzte Lesezeit":"4\u00a0Minuten"},"schema":{"@context":"https:\/\/schema.org","@graph":[{"@type":"WebPage","@id":"https:\/\/www.blackturtledive.com\/de\/koh-tao-dive-sites\/samran-pinnacle\/","url":"https:\/\/www.blackturtledive.com\/de\/koh-tao-dive-sites\/samran-pinnacle\/","name":"Samran Felsnadel Tauchplatz Koh Tao | Black Turtle Dive","isPartOf":{"@id":"https:\/\/www.blackturtledive.com\/de\/#website"},"primaryImageOfPage":{"@id":"https:\/\/www.blackturtledive.com\/de\/koh-tao-dive-sites\/samran-pinnacle\/#primaryimage"},"image":{"@id":"https:\/\/www.blackturtledive.com\/de\/koh-tao-dive-sites\/samran-pinnacle\/#primaryimage"},"thumbnailUrl":"https:\/\/www.blackturtledive.com\/wp-content\/uploads\/2021\/01\/blackturtledive.com-sail-rock-dive-site-koh-tao-yellow-boxfish.jpg","datePublished":"2020-09-19T15:48:39+00:00","dateModified":"2026-05-05T14:24:55+00:00","description":"Der Tauchplatz Samran Felsnadel vor Koh Tao ist ein idealer Zwischenstopp f\u00fcr erfahrene Taucher auf dem R\u00fcckweg von Sail Rock und bietet eine erstaunliche Artenvielfalt unter Wasser.","breadcrumb":{"@id":"https:\/\/www.blackturtledive.com\/de\/koh-tao-dive-sites\/samran-pinnacle\/#breadcrumb"},"inLanguage":"de","potentialAction":[{"@type":"ReadAction","target":["https:\/\/www.blackturtledive.com\/de\/koh-tao-dive-sites\/samran-pinnacle\/"]}]},{"@type":"ImageObject","inLanguage":"de","@id":"https:\/\/www.blackturtledive.com\/de\/koh-tao-dive-sites\/samran-pinnacle\/#primaryimage","url":"https:\/\/www.blackturtledive.com\/wp-content\/uploads\/2021\/01\/blackturtledive.com-sail-rock-dive-site-koh-tao-yellow-boxfish.jpg","contentUrl":"https:\/\/www.blackturtledive.com\/wp-content\/uploads\/2021\/01\/blackturtledive.com-sail-rock-dive-site-koh-tao-yellow-boxfish.jpg","width":1100,"height":619,"caption":"Samran Pinnacles Dive Site Koh Tao"},{"@type":"BreadcrumbList","@id":"https:\/\/www.blackturtledive.com\/de\/koh-tao-dive-sites\/samran-pinnacle\/#breadcrumb","itemListElement":[{"@type":"ListItem","position":1,"name":"Home","item":"https:\/\/www.blackturtledive.com\/de\/"},{"@type":"ListItem","position":2,"name":"Koh Tao Tauchpl\u00e4tze","item":"https:\/\/www.blackturtledive.com\/de\/koh-tao-dive-sites\/"},{"@type":"ListItem","position":3,"name":"Samran Felsnadel"}]},{"@type":"WebSite","@id":"https:\/\/www.blackturtledive.com\/de\/#website","url":"https:\/\/www.blackturtledive.com\/de\/","name":"Black Turtle Dive Koh Tao","description":"Ocean Explorers | Marine Protectors","publisher":{"@id":"https:\/\/www.blackturtledive.com\/de\/#organization"},"alternateName":"Black Turtle Dive in Thailand","potentialAction":[{"@type":"SearchAction","target":{"@type":"EntryPoint","urlTemplate":"https:\/\/www.blackturtledive.com\/de\/?s={search_term_string}"},"query-input":{"@type":"PropertyValueSpecification","valueRequired":true,"valueName":"search_term_string"}}],"inLanguage":"de"},{"@type":"Organization","@id":"https:\/\/www.blackturtledive.com\/de\/#organization","name":"Black Turtle Dive Koh Tao","alternateName":"Black Turtle Dive","url":"https:\/\/www.blackturtledive.com\/de\/","logo":{"@type":"ImageObject","inLanguage":"de","@id":"https:\/\/www.blackturtledive.com\/de\/#\/schema\/logo\/image\/","url":"https:\/\/www.blackturtledive.com\/wp-content\/uploads\/2020\/11\/cropped-blackturtledive.com-brand-logo.png","contentUrl":"https:\/\/www.blackturtledive.com\/wp-content\/uploads\/2020\/11\/cropped-blackturtledive.com-brand-logo.png","width":400,"height":400,"caption":"Black Turtle Dive Koh Tao"},"image":{"@id":"https:\/\/www.blackturtledive.com\/de\/#\/schema\/logo\/image\/"},"sameAs":["https:\/\/www.facebook.com\/blackturtledive","https:\/\/x.com\/blackturtledive","https:\/\/www.instagram.com\/blackturtledive\/","https:\/\/www.youtube.com\/blackturtledive","https:\/\/www.linkedin.com\/company\/blackturtledive\/","https:\/\/www.tumblr.com\/blackturtledive","https:\/\/www.pinterest.com\/blackturtledive\/","https:\/\/www.tiktok.com\/@blackturtledive","https:\/\/www.reddit.com\/user\/blackturtledive\/"],"description":"Black Turtle Dive is a modern and innovative 5 Star Career Development Scuba Diving Center, passionate about the ocean and through training we want to empower you to become a competent and confident scuba diver. Our diving courses equip you with the skills, knowledge and awareness necessary to explore the ocean safely, whilst becoming a passionate advocate and protector of the marine environment. If you have never dived before or are a certified diver and want to develop your skills further, our tailored, bespoke courses and programs will inspire you to become an Ocean advocate. Our scientific based Marine Conservation Internships and training programs, offer aspiring scuba divers and marine conservationists, the best marine conservation internships on Koh Tao. We currently offer students six levels of Marine Conservation Internships at our beachside location on Koh Tao in Thailand. Check out our website for more information.","email":"info@blackturtledive.com","telephone":"089 592 2134","legalName":"Black Turtle Dive Co Ltd","foundingDate":"2020-01-01","publishingPrinciples":"https:\/\/www.blackturtledive.com\/terms\/","ownershipFundingInfo":"https:\/\/www.blackturtledive.com\/terms\/","actionableFeedbackPolicy":"https:\/\/www.blackturtledive.com\/privacy-policy\/","correctionsPolicy":"https:\/\/www.blackturtledive.com\/privacy-policy\/","ethicsPolicy":"https:\/\/www.blackturtledive.com\/privacy-policy\/","diversityPolicy":"https:\/\/www.blackturtledive.com\/privacy-policy\/"}]}},"_links":{"self":[{"href":"https:\/\/www.blackturtledive.com\/de\/wp-json\/wp\/v2\/pages\/18677","targetHints":{"allow":["GET"]}}],"collection":[{"href":"https:\/\/www.blackturtledive.com\/de\/wp-json\/wp\/v2\/pages"}],"about":[{"href":"https:\/\/www.blackturtledive.com\/de\/wp-json\/wp\/v2\/types\/page"}],"author":[{"embeddable":true,"href":"https:\/\/www.blackturtledive.com\/de\/wp-json\/wp\/v2\/users\/2"}],"replies":[{"embeddable":true,"href":"https:\/\/www.blackturtledive.com\/de\/wp-json\/wp\/v2\/comments?post=18677"}],"version-history":[{"count":1,"href":"https:\/\/www.blackturtledive.com\/de\/wp-json\/wp\/v2\/pages\/18677\/revisions"}],"predecessor-version":[{"id":70914,"href":"https:\/\/www.blackturtledive.com\/de\/wp-json\/wp\/v2\/pages\/18677\/revisions\/70914"}],"up":[{"embeddable":true,"href":"https:\/\/www.blackturtledive.com\/de\/wp-json\/wp\/v2\/pages\/18682"}],"wp:featuredmedia":[{"embeddable":true,"href":"https:\/\/www.blackturtledive.com\/de\/wp-json\/wp\/v2\/media\/18300"}],"wp:attachment":[{"href":"https:\/\/www.blackturtledive.com\/de\/wp-json\/wp\/v2\/media?parent=18677"}],"curies":[{"name":"wp","href":"https:\/\/api.w.org\/{rel}","templated":true}]}}