{"id":18678,"date":"2020-09-19T22:47:40","date_gmt":"2020-09-19T15:47:40","guid":{"rendered":"https:\/\/www.blackturtledive.com\/south-west-pinnacle\/"},"modified":"2026-05-05T21:24:58","modified_gmt":"2026-05-05T14:24:58","slug":"south-west-pinnacle","status":"publish","type":"page","link":"https:\/\/www.blackturtledive.com\/de\/koh-tao-dive-sites\/south-west-pinnacle\/","title":{"rendered":"South West Felsnadel"},"content":{"rendered":"<div class=\"wpb-content-wrapper\"><p>[vc_row][vc_column][vc_column_text css=&#8220;&#8220;]South West Pinnacle ist eine Reihe von sieben Granitgipfeln, etwa 13 km vor Koh Tao, und bietet eine beeindruckende Unterwasserlandschaft, die an ein untergetauchtes Gebirge erinnert.<\/p>\n<p>Die Gipfel sind mit bunten Seeanemonen bedeckt und bieten Lebensraum f\u00fcr gro\u00dfe Zackenbarsche, Schnapper und Schw\u00e4rme von Chevron\u2011Barrakudas in Tiefen zwischen 5 und 30 Metern.<\/p>\n<p>Oft als Schwesterplatz des Chumphon Pinnacle bezeichnet, ist South West ein Top\u2011Ort f\u00fcr Nitrox\u2011Tauchg\u00e4nge, die verl\u00e4ngerte Grundzeiten erlauben, um die entlegenen, geheimen Pinnakel zu erkunden.<\/p>\n<h3><span style=\"color: #28d4ff;\">Erfahren Sie mehr \u00fcber den Tauchplatz Southwest Pinnacle auf Koh Tao<\/span><\/h3>\n<p>Der Tauchplatz Southwest Pinnacle ist einer der besten tieferen Tauchpl\u00e4tze und bietet fortgeschrittenen Tauchern eine F\u00fclle von Meeresleben und Vielfalt.<\/p>\n<ul>\n<li>Lage: 4 Seemeilen s\u00fcdwestlich von Koh Tao<\/li>\n<li>Tiefe: Max. 28 m, Min. 6 m, Durchschnitt ca. 20 m<\/li>\n<li>Art des Tauchplatzes: Sieben (7) Granitfelsen-Pinnacles mit einem \u201eSecret Pinnacle\u201c<\/li>\n<li>Schwierigkeitsgrad: <a href=\"https:\/\/www.blackturtledive.com\/padi-diving-courses\/advanced-open-water-course\/\">Advanced Open-Water-Taucher<\/a><\/li>\n<li>Bedingungen: Aufgrund der exponierten Lage k\u00f6nnen starke Str\u00f6mungen und geringe Sicht auftreten<\/li>\n<li>Durchschnittliche Sichtweite: 2\u201320 Meter<\/li>\n<\/ul>\n<div  data-ep-a=\"fadeIn\"  id=\"_ytid_45932\"  width=\"640\" height=\"360\"  data-origwidth=\"640\" data-origheight=\"360\"  data-relstop=\"1\" data-facadesrc=\"https:\/\/www.youtube.com\/embed\/tkmpLQ9FZ60?enablejsapi=1&origin=https:\/\/www.blackturtledive.com&autoplay=0&cc_load_policy=0&cc_lang_pref=&iv_load_policy=1&loop=0&rel=0&fs=1&playsinline=0&autohide=2&theme=dark&color=red&controls=1&disablekb=0&\" class=\"__youtube_prefs__ epyt-facade  no-lazyload\" data-epautoplay=\"1\" ><img decoding=\"async\" data-spai-excluded=\"true\" class=\"epyt-facade-poster skip-lazy\" loading=\"lazy\"  alt=\"South West Pinnacle Dive Site Koh Tao in Thailand\"  src=\"https:\/\/i.ytimg.com\/vi\/tkmpLQ9FZ60\/maxresdefault.jpg\"  \/><button class=\"epyt-facade-play\" aria-label=\"Play\"><svg data-no-lazy=\"1\" height=\"100%\" version=\"1.1\" viewBox=\"0 0 68 48\" width=\"100%\"><path class=\"ytp-large-play-button-bg\" d=\"M66.52,7.74c-0.78-2.93-2.49-5.41-5.42-6.19C55.79,.13,34,0,34,0S12.21,.13,6.9,1.55 C3.97,2.33,2.27,4.81,1.48,7.74C0.06,13.05,0,24,0,24s0.06,10.95,1.48,16.26c0.78,2.93,2.49,5.41,5.42,6.19 C12.21,47.87,34,48,34,48s21.79-0.13,27.1-1.55c2.93-0.78,4.64-3.26,5.42-6.19C67.94,34.95,68,24,68,24S67.94,13.05,66.52,7.74z\" fill=\"#f00\"><\/path><path d=\"M 45,24 27,14 27,34\" fill=\"#fff\"><\/path><\/svg><\/button><\/div><span itemprop=\"video\" itemscope itemtype=\"http:\/\/schema.org\/VideoObject\"><meta itemprop=\"embedUrl\" content=\"https:\/\/www.youtube.com\/embed\/tkmpLQ9FZ60\"><meta itemprop=\"name\" content=\"South West Pinnacle Dive Site Koh Tao in Thailand\"><meta itemprop=\"description\" content=\"South West Pinnacle dive site Koh Tao is one of the best deeper dive site locations and offers advanced divers an abundance of marine life and diversity Location: 4 nautical miles south west of Koh Tao Depth: Max 28m, Min 6m \u2013 Average 20m Type of site: Seven (7) Granite Rock Pinnacles with a Secret Pinnacle Level: Advanced Open Water diver Conditions: Can have strong current and low visibility due to exposed location Average Visibility: 2-20 metres South West Pinnacles is often forgotten in the rush by scuba divers to visit Chumphon Pinnacle however, this dive site is as equally splendid and offers divers an unforgettable experience. Check out more of our dive sites: https:\/\/www.blackturtledive.com\/koh-tao-dive-sites\/south-west-pinnacle\/ Footage: \ud83d\ude4f\ud83c\udffb. \ud83c\udfac Wet Lens Images (https:\/\/www.youtube.com\/channel\/UCVB6Hza4P2ct7SgAo7I9n7g)\"><meta itemprop=\"thumbnailUrl\" content=\"https:\/\/i.ytimg.com\/vi\/tkmpLQ9FZ60\/0.jpg\"><meta itemprop=\"duration\" content=\"PT56S\"><meta itemprop=\"uploadDate\" content=\"2021-01-28T12:47:00Z\"><\/span>\n<h3>South West Pinnacles \u2013 Koh Tao<\/h3>\n<p>South West Pinnacles wird oft im Eifer, zum <a href=\"https:\/\/www.blackturtledive.com\/koh-tao-dive-sites\/chumphon-pinnacle\/\">Chumphon Pinnacle<\/a> zu fahren, \u00fcbersehen, bietet aber ebenso eindrucksvolle Tauchg\u00e4nge und ein unvergessliches Erlebnis.<\/p>\n<p>Der <a href=\"https:\/\/www.blackturtledive.com\/koh-tao-dive-sites\/\">Tauchplatz<\/a> besteht aus sieben gro\u00dfen Granitfelsen-Pinnacles, die kreisf\u00f6rmig angeordnet sind, fast so, als h\u00e4tte eine Zivilisation aus ferner Zeit sie gesetzt.<\/p>\n<p>Bei guten Bedingungen ist der Platz prachtvoll; wegen der Lage im offenen Ozean, etwa 4 Seemeilen von Koh Tao, k\u00f6nnen jedoch Str\u00f6mung und Sicht unvorhersehbar sein.<\/p>\n<figure id=\"attachment_2098\" aria-describedby=\"caption-attachment-2098\" style=\"width: 1200px\" class=\"wp-caption alignnone\"><img decoding=\"async\" class=\"size-full wp-image-2098\" src=\"https:\/\/www.blackturtledive.com\/wp-content\/uploads\/2020\/12\/blackturtledive.com-best-dive-sites-koh-tao-south-west-pinnacle.jpg\" alt=\"Koh Tao Tauchpl\u00e4tze - Gute Sichtweite\" width=\"1200\" height=\"669\" srcset=\"https:\/\/www.blackturtledive.com\/wp-content\/uploads\/2020\/12\/blackturtledive.com-best-dive-sites-koh-tao-south-west-pinnacle.jpg 1200w, https:\/\/www.blackturtledive.com\/wp-content\/uploads\/2020\/12\/blackturtledive.com-best-dive-sites-koh-tao-south-west-pinnacle-300x167.jpg 300w, https:\/\/www.blackturtledive.com\/wp-content\/uploads\/2020\/12\/blackturtledive.com-best-dive-sites-koh-tao-south-west-pinnacle-1024x571.jpg 1024w, https:\/\/www.blackturtledive.com\/wp-content\/uploads\/2020\/12\/blackturtledive.com-best-dive-sites-koh-tao-south-west-pinnacle-768x428.jpg 768w, https:\/\/www.blackturtledive.com\/wp-content\/uploads\/2020\/12\/blackturtledive.com-best-dive-sites-koh-tao-south-west-pinnacle-150x84.jpg 150w\" sizes=\"(max-width: 1200px) 100vw, 1200px\" \/><figcaption id=\"caption-attachment-2098\" class=\"wp-caption-text\">Koh Tao Tauchpl\u00e4tze &#8211; Gute Sichtweite<\/figcaption><\/figure>\n<h3><span style=\"color: #28d4ff;\">Offener Ozean \u2013 Tauchplatz<\/span><\/h3>\n<p>Die Spitze des Haupt Pinnacles ist ein toller Abschluss f\u00fcr einen Tauchgang, da sie mit Anemonen bewachsen ist.<\/p>\n<p>In den zahlreichen Spalten und L\u00f6chern, die Mikroleben sch\u00fctzen, finden sich viele Kleintiere wie Boxing Shrimp, Dancing Shrimp und kleine Krabben.<\/p>\n<p>Allein dieser Bereich reicht, um Unterwasserfotografen mit Makro-Motiven zu besch\u00e4ftigen.<\/p>\n<p>Untersuchen Sie den Haupt Pinnacle genau, und Sie finden b\u00e4rtige Skorpionfische sowie verschiedene Zackenbarsche; Banner Fische schwimmen paarweise, und nat\u00fcrlich begegnet man <a href=\"https:\/\/www.blackturtledive.com\/koh-tao-marine-life\/titan-triggerfish\/\">Titan-Dr\u00fcckerfischen<\/a>.<\/p>\n<h3>Erstaunliche marine Vielfalt<\/h3>\n<p>Die gro\u00dfen Felsen tragen viele Peitschen Korallen, Gorgonien-F\u00e4cher und schwarzen Korallen Bewuchs.<\/p>\n<p>Dazwischen wachsen im Sand sch\u00f6ne rote Harfe Korallen, und in gr\u00f6\u00dferen Tiefen finden sich gro\u00dfe Fass-Schw\u00e4mme.<\/p>\n<p>South West Pinnacles bietet reichlich Meeresleben: gro\u00dfe Schulen von Ein Fleck- und Gelb Gestreiften Schnappern, Rabbit Fische und riesige Schw\u00e4rme von Gelbschwanz-Barrakudas, die das Sonnenlicht teilweise verdunkeln k\u00f6nnen.<\/p>\n<p>In \u00dcberh\u00e4ngen, L\u00f6chern und Spalten verbergen sich <a href=\"https:\/\/www.blackturtledive.com\/koh-tao-marine-life\/blue-spotted-ribbontail-ray\/\">Blue-Spotted&#8211;Stachelrochen<\/a>, Mur\u00e4nen und gro\u00dfe Potato-Codes.<\/p>\n<figure id=\"attachment_3806\" aria-describedby=\"caption-attachment-3806\" style=\"width: 1100px\" class=\"wp-caption alignnone\"><img decoding=\"async\" class=\"size-full wp-image-3806\" src=\"https:\/\/www.blackturtledive.com\/wp-content\/uploads\/2021\/01\/blackturtledive.com-south-west-pinnacle-koh-tao-marine-life-groupers.jpg\" alt=\"Tauchplatz South West Pinnacle\" width=\"1100\" height=\"619\" srcset=\"https:\/\/www.blackturtledive.com\/wp-content\/uploads\/2021\/01\/blackturtledive.com-south-west-pinnacle-koh-tao-marine-life-groupers.jpg 1100w, https:\/\/www.blackturtledive.com\/wp-content\/uploads\/2021\/01\/blackturtledive.com-south-west-pinnacle-koh-tao-marine-life-groupers-300x169.jpg 300w, https:\/\/www.blackturtledive.com\/wp-content\/uploads\/2021\/01\/blackturtledive.com-south-west-pinnacle-koh-tao-marine-life-groupers-1024x576.jpg 1024w, https:\/\/www.blackturtledive.com\/wp-content\/uploads\/2021\/01\/blackturtledive.com-south-west-pinnacle-koh-tao-marine-life-groupers-768x432.jpg 768w, https:\/\/www.blackturtledive.com\/wp-content\/uploads\/2021\/01\/blackturtledive.com-south-west-pinnacle-koh-tao-marine-life-groupers-150x84.jpg 150w\" sizes=\"(max-width: 1100px) 100vw, 1100px\" \/><figcaption id=\"caption-attachment-3806\" class=\"wp-caption-text\">Tauchplatz South West Pinnacle<\/figcaption><\/figure>\n<h3><span style=\"color: #28d4ff;\">Perfekter Tauchplatz f\u00fcr Spezialtaucher<\/span><\/h3>\n<p>Blicken Sie ins Tiefblaue, weg von den Felsen Pinnacles, sehen Sie K\u00f6nigsmakrelen, gro\u00dfe Barrakudas und Dogtooth-Thunfische.<\/p>\n<p>Wenn Sie <a href=\"https:\/\/www.blackturtledive.com\/padi-specialty-courses\/enriched-air-diver-nitrox\/\">Nitrox-zertifiziert<\/a> sind, gibt es hier ein Secret Pinnacle, das in etwa f\u00fcnf Minuten Schwimmstrecke zu erreichen ist und nur bei guten Bedingungen angegangen werden sollte, s\u00fcd\u00f6stlich der S\u00fcdostseite des Tauchplatzes.<\/p>\n<p>Der Tauchplatz South West Pinnacles verzeichnet regelm\u00e4\u00dfig <a href=\"https:\/\/www.blackturtledive.com\/koh-tao-marine-life\/whaleshark\/\">Walhai<\/a>-Sichtungen und gelegentlich ziehen auch Brydewale vorbei.<\/p>\n<p>Insgesamt ist South West Pinnacles ein ausgezeichneter Tauchplatz f\u00fcr Advanced-Taucher oder Advanced-Specialty-Taucher und gilt als einer der besten Tauchpl\u00e4tze auf Koh Tao.<\/p>\n<figure id=\"attachment_3680\" aria-describedby=\"caption-attachment-3680\" style=\"width: 1100px\" class=\"wp-caption alignnone\"><img decoding=\"async\" class=\"size-full wp-image-3680\" src=\"https:\/\/www.blackturtledive.com\/wp-content\/uploads\/2021\/01\/blackturtledive.com-dive-site-south-west-pinnacle-koh-tao.jpg\" alt=\"Tauchplatz South West Pinnacle Koh Tao\" width=\"1100\" height=\"619\" srcset=\"https:\/\/www.blackturtledive.com\/wp-content\/uploads\/2021\/01\/blackturtledive.com-dive-site-south-west-pinnacle-koh-tao.jpg 1100w, https:\/\/www.blackturtledive.com\/wp-content\/uploads\/2021\/01\/blackturtledive.com-dive-site-south-west-pinnacle-koh-tao-300x169.jpg 300w, https:\/\/www.blackturtledive.com\/wp-content\/uploads\/2021\/01\/blackturtledive.com-dive-site-south-west-pinnacle-koh-tao-1024x576.jpg 1024w, https:\/\/www.blackturtledive.com\/wp-content\/uploads\/2021\/01\/blackturtledive.com-dive-site-south-west-pinnacle-koh-tao-768x432.jpg 768w, https:\/\/www.blackturtledive.com\/wp-content\/uploads\/2021\/01\/blackturtledive.com-dive-site-south-west-pinnacle-koh-tao-150x84.jpg 150w\" sizes=\"(max-width: 1100px) 100vw, 1100px\" \/><figcaption id=\"caption-attachment-3680\" class=\"wp-caption-text\">Tauchplatz South West Pinnacle Koh Tao<\/figcaption><\/figure>\n<p>[\/vc_column_text][\/vc_column][\/vc_row]<\/p>\n<\/div>","protected":false},"excerpt":{"rendered":"<p>Der Tauchplatz South West Felsnadel vor Koh Tao z\u00e4hlt zu den besten Tieftauchpl\u00e4tzen und bietet fortgeschrittenen Tauchern eine F\u00fclle an Meereslebewesen und Artenvielfalt.<\/p>\n","protected":false},"author":2,"featured_media":18302,"parent":18682,"menu_order":0,"comment_status":"closed","ping_status":"closed","template":"","meta":{"_acf_changed":false,"footnotes":""},"class_list":["post-18678","page","type-page","status-publish","has-post-thumbnail","hentry"],"acf":[],"yoast_head":"<!-- This site is optimized with the Yoast SEO Premium plugin v27.6 (Yoast SEO v27.6) - https:\/\/yoast.com\/product\/yoast-seo-premium-wordpress\/ -->\n<title>South West Felsnadel Tauchplatz Koh Tao | Black Turtle Dive<\/title>\n<meta name=\"description\" content=\"Der Tauchplatz South West Felsnadel vor Koh Tao z\u00e4hlt zu den besten Tieftauchpl\u00e4tzen und bietet fortgeschrittenen Tauchern eine F\u00fclle an Meereslebewesen und Artenvielfalt.\" \/>\n<meta name=\"robots\" content=\"index, follow, max-snippet:-1, max-image-preview:large, max-video-preview:-1\" \/>\n<link rel=\"canonical\" href=\"https:\/\/www.blackturtledive.com\/de\/koh-tao-dive-sites\/south-west-pinnacle\/\" \/>\n<meta property=\"og:locale\" content=\"de_DE\" \/>\n<meta property=\"og:type\" content=\"article\" \/>\n<meta property=\"og:title\" content=\"South West Pinnacle Dive Site Koh Tao | Black Turtle Dive\" \/>\n<meta property=\"og:description\" content=\"South West Pinnacle dive site Koh Tao is one of the best deeper dive site locations and offers advanced divers an abundance of marine life and diversity\" \/>\n<meta property=\"og:url\" content=\"https:\/\/www.blackturtledive.com\/de\/koh-tao-dive-sites\/south-west-pinnacle\/\" \/>\n<meta property=\"og:site_name\" content=\"Black Turtle Dive Koh Tao\" \/>\n<meta property=\"article:publisher\" content=\"https:\/\/www.facebook.com\/blackturtledive\" \/>\n<meta property=\"article:modified_time\" content=\"2026-05-05T14:24:58+00:00\" \/>\n<meta property=\"og:image\" content=\"https:\/\/www.blackturtledive.com\/wp-content\/uploads\/2020\/11\/blackturtledive.com-best-padi-divemaster-course-koh-tao.jpg\" \/>\n\t<meta property=\"og:image:width\" content=\"1200\" \/>\n\t<meta property=\"og:image:height\" content=\"800\" \/>\n\t<meta property=\"og:image:type\" content=\"image\/jpeg\" \/>\n<meta name=\"twitter:card\" content=\"summary_large_image\" \/>\n<meta name=\"twitter:title\" content=\"South West Pinnacle Dive Site Koh Tao | Black Turtle Dive\" \/>\n<meta name=\"twitter:description\" content=\"South West Pinnacle dive site Koh Tao is one of the best deeper dive site locations and offers advanced divers an abundance of marine life and diversity\" \/>\n<meta name=\"twitter:image\" content=\"https:\/\/www.blackturtledive.com\/wp-content\/uploads\/2020\/11\/blackturtledive.com-best-padi-divemaster-course-koh-tao.jpg\" \/>\n<meta name=\"twitter:site\" content=\"@blackturtledive\" \/>\n<meta name=\"twitter:label1\" content=\"Gesch\u00e4tzte Lesezeit\" \/>\n\t<meta name=\"twitter:data1\" content=\"3\u00a0Minuten\" \/>\n<!-- \/ Yoast SEO Premium plugin. -->","yoast_head_json":{"title":"South West Felsnadel Tauchplatz Koh Tao | Black Turtle Dive","description":"Der Tauchplatz South West Felsnadel vor Koh Tao z\u00e4hlt zu den besten Tieftauchpl\u00e4tzen und bietet fortgeschrittenen Tauchern eine F\u00fclle an Meereslebewesen und Artenvielfalt.","robots":{"index":"index","follow":"follow","max-snippet":"max-snippet:-1","max-image-preview":"max-image-preview:large","max-video-preview":"max-video-preview:-1"},"canonical":"https:\/\/www.blackturtledive.com\/de\/koh-tao-dive-sites\/south-west-pinnacle\/","og_locale":"de_DE","og_type":"article","og_title":"South West Pinnacle Dive Site Koh Tao | Black Turtle Dive","og_description":"South West Pinnacle dive site Koh Tao is one of the best deeper dive site locations and offers advanced divers an abundance of marine life and diversity","og_url":"https:\/\/www.blackturtledive.com\/de\/koh-tao-dive-sites\/south-west-pinnacle\/","og_site_name":"Black Turtle Dive Koh Tao","article_publisher":"https:\/\/www.facebook.com\/blackturtledive","article_modified_time":"2026-05-05T14:24:58+00:00","og_image":[{"width":1200,"height":800,"url":"https:\/\/www.blackturtledive.com\/wp-content\/uploads\/2020\/11\/blackturtledive.com-best-padi-divemaster-course-koh-tao.jpg","type":"image\/jpeg"}],"twitter_card":"summary_large_image","twitter_title":"South West Pinnacle Dive Site Koh Tao | Black Turtle Dive","twitter_description":"South West Pinnacle dive site Koh Tao is one of the best deeper dive site locations and offers advanced divers an abundance of marine life and diversity","twitter_image":"https:\/\/www.blackturtledive.com\/wp-content\/uploads\/2020\/11\/blackturtledive.com-best-padi-divemaster-course-koh-tao.jpg","twitter_site":"@blackturtledive","twitter_misc":{"Gesch\u00e4tzte Lesezeit":"3\u00a0Minuten"},"schema":{"@context":"https:\/\/schema.org","@graph":[{"@type":"WebPage","@id":"https:\/\/www.blackturtledive.com\/de\/koh-tao-dive-sites\/south-west-pinnacle\/","url":"https:\/\/www.blackturtledive.com\/de\/koh-tao-dive-sites\/south-west-pinnacle\/","name":"South West Felsnadel Tauchplatz Koh Tao | Black Turtle Dive","isPartOf":{"@id":"https:\/\/www.blackturtledive.com\/de\/#website"},"primaryImageOfPage":{"@id":"https:\/\/www.blackturtledive.com\/de\/koh-tao-dive-sites\/south-west-pinnacle\/#primaryimage"},"image":{"@id":"https:\/\/www.blackturtledive.com\/de\/koh-tao-dive-sites\/south-west-pinnacle\/#primaryimage"},"thumbnailUrl":"https:\/\/www.blackturtledive.com\/wp-content\/uploads\/2021\/01\/blackturtledive.com-dive-site-south-west-pinnacle-koh-tao.jpg","datePublished":"2020-09-19T15:47:40+00:00","dateModified":"2026-05-05T14:24:58+00:00","description":"Der Tauchplatz South West Felsnadel vor Koh Tao z\u00e4hlt zu den besten Tieftauchpl\u00e4tzen und bietet fortgeschrittenen Tauchern eine F\u00fclle an Meereslebewesen und Artenvielfalt.","breadcrumb":{"@id":"https:\/\/www.blackturtledive.com\/de\/koh-tao-dive-sites\/south-west-pinnacle\/#breadcrumb"},"inLanguage":"de","potentialAction":[{"@type":"ReadAction","target":["https:\/\/www.blackturtledive.com\/de\/koh-tao-dive-sites\/south-west-pinnacle\/"]}]},{"@type":"ImageObject","inLanguage":"de","@id":"https:\/\/www.blackturtledive.com\/de\/koh-tao-dive-sites\/south-west-pinnacle\/#primaryimage","url":"https:\/\/www.blackturtledive.com\/wp-content\/uploads\/2021\/01\/blackturtledive.com-dive-site-south-west-pinnacle-koh-tao.jpg","contentUrl":"https:\/\/www.blackturtledive.com\/wp-content\/uploads\/2021\/01\/blackturtledive.com-dive-site-south-west-pinnacle-koh-tao.jpg","width":1100,"height":619,"caption":"South West Pinnacles Dive Site Koh Tao"},{"@type":"BreadcrumbList","@id":"https:\/\/www.blackturtledive.com\/de\/koh-tao-dive-sites\/south-west-pinnacle\/#breadcrumb","itemListElement":[{"@type":"ListItem","position":1,"name":"Home","item":"https:\/\/www.blackturtledive.com\/de\/"},{"@type":"ListItem","position":2,"name":"Koh Tao Tauchpl\u00e4tze","item":"https:\/\/www.blackturtledive.com\/de\/koh-tao-dive-sites\/"},{"@type":"ListItem","position":3,"name":"South West Felsnadel"}]},{"@type":"WebSite","@id":"https:\/\/www.blackturtledive.com\/de\/#website","url":"https:\/\/www.blackturtledive.com\/de\/","name":"Black Turtle Dive Koh Tao","description":"Ocean Explorers | Marine Protectors","publisher":{"@id":"https:\/\/www.blackturtledive.com\/de\/#organization"},"alternateName":"Black Turtle Dive in Thailand","potentialAction":[{"@type":"SearchAction","target":{"@type":"EntryPoint","urlTemplate":"https:\/\/www.blackturtledive.com\/de\/?s={search_term_string}"},"query-input":{"@type":"PropertyValueSpecification","valueRequired":true,"valueName":"search_term_string"}}],"inLanguage":"de"},{"@type":"Organization","@id":"https:\/\/www.blackturtledive.com\/de\/#organization","name":"Black Turtle Dive Koh Tao","alternateName":"Black Turtle Dive","url":"https:\/\/www.blackturtledive.com\/de\/","logo":{"@type":"ImageObject","inLanguage":"de","@id":"https:\/\/www.blackturtledive.com\/de\/#\/schema\/logo\/image\/","url":"https:\/\/www.blackturtledive.com\/wp-content\/uploads\/2020\/11\/cropped-blackturtledive.com-brand-logo.png","contentUrl":"https:\/\/www.blackturtledive.com\/wp-content\/uploads\/2020\/11\/cropped-blackturtledive.com-brand-logo.png","width":400,"height":400,"caption":"Black Turtle Dive Koh Tao"},"image":{"@id":"https:\/\/www.blackturtledive.com\/de\/#\/schema\/logo\/image\/"},"sameAs":["https:\/\/www.facebook.com\/blackturtledive","https:\/\/x.com\/blackturtledive","https:\/\/www.instagram.com\/blackturtledive\/","https:\/\/www.youtube.com\/blackturtledive","https:\/\/www.linkedin.com\/company\/blackturtledive\/","https:\/\/www.tumblr.com\/blackturtledive","https:\/\/www.pinterest.com\/blackturtledive\/","https:\/\/www.tiktok.com\/@blackturtledive","https:\/\/www.reddit.com\/user\/blackturtledive\/"],"description":"Black Turtle Dive is a modern and innovative 5 Star Career Development Scuba Diving Center, passionate about the ocean and through training we want to empower you to become a competent and confident scuba diver. Our diving courses equip you with the skills, knowledge and awareness necessary to explore the ocean safely, whilst becoming a passionate advocate and protector of the marine environment. If you have never dived before or are a certified diver and want to develop your skills further, our tailored, bespoke courses and programs will inspire you to become an Ocean advocate. Our scientific based Marine Conservation Internships and training programs, offer aspiring scuba divers and marine conservationists, the best marine conservation internships on Koh Tao. We currently offer students six levels of Marine Conservation Internships at our beachside location on Koh Tao in Thailand. Check out our website for more information.","email":"info@blackturtledive.com","telephone":"089 592 2134","legalName":"Black Turtle Dive Co Ltd","foundingDate":"2020-01-01","publishingPrinciples":"https:\/\/www.blackturtledive.com\/terms\/","ownershipFundingInfo":"https:\/\/www.blackturtledive.com\/terms\/","actionableFeedbackPolicy":"https:\/\/www.blackturtledive.com\/privacy-policy\/","correctionsPolicy":"https:\/\/www.blackturtledive.com\/privacy-policy\/","ethicsPolicy":"https:\/\/www.blackturtledive.com\/privacy-policy\/","diversityPolicy":"https:\/\/www.blackturtledive.com\/privacy-policy\/"}]}},"_links":{"self":[{"href":"https:\/\/www.blackturtledive.com\/de\/wp-json\/wp\/v2\/pages\/18678","targetHints":{"allow":["GET"]}}],"collection":[{"href":"https:\/\/www.blackturtledive.com\/de\/wp-json\/wp\/v2\/pages"}],"about":[{"href":"https:\/\/www.blackturtledive.com\/de\/wp-json\/wp\/v2\/types\/page"}],"author":[{"embeddable":true,"href":"https:\/\/www.blackturtledive.com\/de\/wp-json\/wp\/v2\/users\/2"}],"replies":[{"embeddable":true,"href":"https:\/\/www.blackturtledive.com\/de\/wp-json\/wp\/v2\/comments?post=18678"}],"version-history":[{"count":1,"href":"https:\/\/www.blackturtledive.com\/de\/wp-json\/wp\/v2\/pages\/18678\/revisions"}],"predecessor-version":[{"id":70915,"href":"https:\/\/www.blackturtledive.com\/de\/wp-json\/wp\/v2\/pages\/18678\/revisions\/70915"}],"up":[{"embeddable":true,"href":"https:\/\/www.blackturtledive.com\/de\/wp-json\/wp\/v2\/pages\/18682"}],"wp:featuredmedia":[{"embeddable":true,"href":"https:\/\/www.blackturtledive.com\/de\/wp-json\/wp\/v2\/media\/18302"}],"wp:attachment":[{"href":"https:\/\/www.blackturtledive.com\/de\/wp-json\/wp\/v2\/media?parent=18678"}],"curies":[{"name":"wp","href":"https:\/\/api.w.org\/{rel}","templated":true}]}}