{"id":18679,"date":"2020-09-19T22:47:00","date_gmt":"2020-09-19T15:47:00","guid":{"rendered":"https:\/\/www.blackturtledive.com\/hin-wong-pinnacle\/"},"modified":"2026-05-05T21:24:59","modified_gmt":"2026-05-05T14:24:59","slug":"hin-wong-pinnacle","status":"publish","type":"page","link":"https:\/\/www.blackturtledive.com\/de\/koh-tao-dive-sites\/hin-wong-pinnacle\/","title":{"rendered":"Hin Wong Pinnacle"},"content":{"rendered":"<div class=\"wpb-content-wrapper\"><p>[vc_row][vc_column][vc_column_text css=&#8220;&#8220;]Hin Wong Pinnacle ist ein anspruchsvoller und sch\u00f6ner Tauchplatz an der Ostseite von Koh Tao, bekannt f\u00fcr seine leuchtend violetten Weichkorallen und die vielf\u00e4ltige wirbellose Tierwelt.<\/p>\n<p>Da dort h\u00e4ufig Str\u00f6mungen auftreten, eignet sich dieser Tauchplatz am besten f\u00fcr erfahrene Taucher, die tiefe Spalten erkunden m\u00f6chten, die mit Gorgonien (F\u00e4cherkorallen) und ans\u00e4ssigen Echte Karettschildkr\u00f6ten besetzt sind.<\/p>\n<p>Die Topographie des Platzes reicht von 10 bis 32 Metern und vermittelt ein einzigartiges, unber\u00fchrtes Gef\u00fchl im Vergleich zu den h\u00e4ufiger besuchten Spots an der Westseite der Insel.<\/p>\n<h3><span style=\"color: #28d4ff;\">Erfahren Sie mehr \u00fcber den Tauchplatz Hin Wong Pinnacle auf Koh Tao<\/span><\/h3>\n<p>Der Tauchplatz Hin Wong Pinnacle auf <a href=\"https:\/\/www.blackturtledive.com\/koh-tao\/\">Koh Tao<\/a> ist ein hervorragender alternativ-tiefen Tauchplatz an der Ostseite mit vielf\u00e4ltigem und interessanten <a href=\"https:\/\/www.blackturtledive.com\/koh-tao-marine-life\/\">Meeresleben<\/a> f\u00fcr <a href=\"https:\/\/www.blackturtledive.com\/padi-diving-courses\/\">Taucher<\/a>.<\/p>\n<ul>\n<li>Lage: 1,5 km \u00f6stlich von Hin Wong (Ostseite von Koh Tao)<\/li>\n<li>Tiefe: Max. 40 m, Min. 10 m \u2013 Durchschnitt 18 m<\/li>\n<li>Art des Tauchplatzes: Flach bis tief mit kleinen H\u00f6hlen.<\/li>\n<li>Schwierigkeitsgrad: <a href=\"https:\/\/www.blackturtledive.com\/padi-diving-courses\/advanced-open-water-course\/\">Advanced Open Water<\/a> Diver<\/li>\n<li>Bedingungen: Kann starke Str\u00f6mungen und unvorhersehbare Sichtverh\u00e4ltnisse aufweisen<\/li>\n<li>Durchschnittliche Sichtweite: 2\u201325 m<\/li>\n<\/ul>\n<div  data-ep-a=\"fadeIn\"  id=\"_ytid_65960\"  width=\"640\" height=\"360\"  data-origwidth=\"640\" data-origheight=\"360\"  data-relstop=\"1\" data-facadesrc=\"https:\/\/www.youtube.com\/embed\/YLZl_SAZGLw?enablejsapi=1&origin=https:\/\/www.blackturtledive.com&autoplay=0&cc_load_policy=0&cc_lang_pref=&iv_load_policy=1&loop=0&rel=0&fs=1&playsinline=0&autohide=2&theme=dark&color=red&controls=1&disablekb=0&\" class=\"__youtube_prefs__ epyt-facade  no-lazyload\" data-epautoplay=\"1\" ><img decoding=\"async\" data-spai-excluded=\"true\" class=\"epyt-facade-poster skip-lazy\" loading=\"lazy\"  alt=\"Hin Wong Pinnacle Dive Site Koh Tao in Thailand\"  src=\"https:\/\/i.ytimg.com\/vi\/YLZl_SAZGLw\/maxresdefault.jpg\"  \/><button class=\"epyt-facade-play\" aria-label=\"Play\"><svg data-no-lazy=\"1\" height=\"100%\" version=\"1.1\" viewBox=\"0 0 68 48\" width=\"100%\"><path class=\"ytp-large-play-button-bg\" d=\"M66.52,7.74c-0.78-2.93-2.49-5.41-5.42-6.19C55.79,.13,34,0,34,0S12.21,.13,6.9,1.55 C3.97,2.33,2.27,4.81,1.48,7.74C0.06,13.05,0,24,0,24s0.06,10.95,1.48,16.26c0.78,2.93,2.49,5.41,5.42,6.19 C12.21,47.87,34,48,34,48s21.79-0.13,27.1-1.55c2.93-0.78,4.64-3.26,5.42-6.19C67.94,34.95,68,24,68,24S67.94,13.05,66.52,7.74z\" fill=\"#f00\"><\/path><path d=\"M 45,24 27,14 27,34\" fill=\"#fff\"><\/path><\/svg><\/button><\/div><span itemprop=\"video\" itemscope itemtype=\"http:\/\/schema.org\/VideoObject\"><meta itemprop=\"embedUrl\" content=\"https:\/\/www.youtube.com\/embed\/YLZl_SAZGLw\"><meta itemprop=\"name\" content=\"Hin Wong Pinnacle Dive Site Koh Tao in Thailand\"><meta itemprop=\"description\" content=\"Hin Wong Pinnacle dive site on Koh Tao is a perfect location as an alternative deep site on the east coast with diverse and interesting marine life for scuba divers. Location: 1.5km from Hin Wong on the east side of Koh Tao Depth: Max 40m, Min 10m \u2013 Average 18m Type of site: Level: Advanced Open Water diver Conditions: Can have a strong currents and unpredictable visibility Average Visibility: 2-25meters Hin Wong Pinnacle dive site is a great alternative site for a deep dive when conditions on the west side of the island are less than desirable. The dive site runs on a north-south axis with a table top like feature at the south end, which is the shallowest point at 8 metres. Hin Wong Pinnacle can often have an eerie feel about it with large rock pinnacles and in parts there can be a thermocline and varied visibility. Check our more of our dive sites: https:\/\/www.blackturtledive.com\/koh-tao-dive-sites\/hin-wong-pinnacle\/ Footage: \ud83d\ude4f\ud83c\udffb. \ud83c\udfac Wet Lens Images (https:\/\/www.youtube.com\/channel\/UCVB6Hza4P2ct7SgAo7I9n7g)\"><meta itemprop=\"thumbnailUrl\" content=\"https:\/\/i.ytimg.com\/vi\/YLZl_SAZGLw\/0.jpg\"><meta itemprop=\"duration\" content=\"PT56S\"><meta itemprop=\"uploadDate\" content=\"2021-01-28T07:21:20Z\"><\/span>\n<h3>Tauchplatz Hin Wong Pinnacle Koh Tao<\/h3>\n<p>Der Tauchplatz in Wong Pinnacle ist eine hervorragende Alternative f\u00fcr Tieftauchg\u00e4nge, wenn die Bedingungen an der Westseite der Insel ung\u00fcnstig sind.<\/p>\n<p>Der Tauchplatz verl\u00e4uft auf einer Nord-S\u00fcd-Achse mit einer Tabletartigen Formation am s\u00fcdlichen Ende, dem flachsten Punkt bei etwa 8 Metern.<\/p>\n<p>Hin Wong Pinnacle wirkt oft etwas unheimlich durch die gro\u00dfen Felsen Pinnacles; stellenweise kann eine Thermokline auftreten und die Sicht variieren.<\/p>\n<h3>Inspirierender Tauchplatz auf Koh Tao<\/h3>\n<p>Bei guten Bedingungen ist Hin Wong Pinnacle ein beeindruckender und lohnender Tauchplatz mit einer gro\u00dfen <a href=\"https:\/\/www.blackturtledive.com\/conservation\/marine-conservation-courses\/\">Vielfalt an marinem Leben<\/a>.<\/p>\n<p>Sie werden viele gestreifte Eichh\u00f6rnchen Fische und schwarze Doktorfische sehen, die um Gehirn- und Tischkorallen, Schw\u00e4mme, R\u00f6hrenkorallen und Seeanemonen schwimmen, welche an den gro\u00dfen Granitfelsen haften, die das Pinnacle bilden.<\/p>\n<p>Hin Wong Pinnacle Tauchplatz bietet eine reiche Vielfalt an Hart- und Weichkorallen, sogar mehr als viele andere <a href=\"https:\/\/www.blackturtledive.com\/blog\/10-interesting-facts-about-koh-tao-dive-sites\/\">Tauchpl\u00e4tze<\/a> um Koh Tao.<\/p>\n<figure id=\"attachment_3731\" aria-describedby=\"caption-attachment-3731\" style=\"width: 1100px\" class=\"wp-caption alignnone\"><img decoding=\"async\" class=\"size-full wp-image-3731\" src=\"https:\/\/www.blackturtledive.com\/wp-content\/uploads\/2021\/01\/blackturtledive.com-sea-turtle-at-hin-wong-pinnacle-koh-tao.jpg\" alt=\"Tauchplatz Hin Wong Pinnacle Koh Tao - Meeresschildkr\u00f6ten\" width=\"1100\" height=\"614\" srcset=\"https:\/\/www.blackturtledive.com\/wp-content\/uploads\/2021\/01\/blackturtledive.com-sea-turtle-at-hin-wong-pinnacle-koh-tao.jpg 1100w, https:\/\/www.blackturtledive.com\/wp-content\/uploads\/2021\/01\/blackturtledive.com-sea-turtle-at-hin-wong-pinnacle-koh-tao-300x167.jpg 300w, https:\/\/www.blackturtledive.com\/wp-content\/uploads\/2021\/01\/blackturtledive.com-sea-turtle-at-hin-wong-pinnacle-koh-tao-1024x572.jpg 1024w, https:\/\/www.blackturtledive.com\/wp-content\/uploads\/2021\/01\/blackturtledive.com-sea-turtle-at-hin-wong-pinnacle-koh-tao-768x429.jpg 768w, https:\/\/www.blackturtledive.com\/wp-content\/uploads\/2021\/01\/blackturtledive.com-sea-turtle-at-hin-wong-pinnacle-koh-tao-150x84.jpg 150w\" sizes=\"(max-width: 1100px) 100vw, 1100px\" \/><figcaption id=\"caption-attachment-3731\" class=\"wp-caption-text\">Tauchplatz Hin Wong Pinnacle Koh Tao &#8211; Meeresschildkr\u00f6ten<\/figcaption><\/figure>\n<h3><span style=\"color: #28d4ff;\">Hart- und Weichkorallen<\/span><\/h3>\n<p>Wenn Sie nach dem Abstieg nach Osten navigieren, entdecken Sie eindrucksvolle violette, weiche Baum Korallen sowie farbenfrohe Korallen wie Seepeitschen, Seef\u00e4cher und \u201eToadstool\u201c-Korallen.<\/p>\n<p>Hin Wong Pinnacle beheimatet zahlreiche Meeresbewohner, darunter <a href=\"https:\/\/www.blackturtledive.com\/koh-tao-marine-life\/scribbled-file-fish\/\">Scribbled Filefish<\/a>, Harlequin-Sweetlips, <a href=\"https:\/\/www.blackturtledive.com\/koh-tao-marine-life\/titan-triggerfish\/\">Titan-Triggerfische<\/a> und <a href=\"https:\/\/www.blackturtledive.com\/koh-tao-marine-life\/blue-ringed-angelfish\/\">Blaugeringelte Angelfische<\/a>.<\/p>\n<p>Setzen Sie die Erkundung fort, und Sie werden verschiedene Schmetterlingsfische, Gruppen und andere bei Koh Tao h\u00e4ufige Riffbewohner finden \u2014 au\u00dferdem viele Motive f\u00fcr Makrofotografen, etwa verschiedene Nacktschnecken.<\/p>\n<figure id=\"attachment_3733\" aria-describedby=\"caption-attachment-3733\" style=\"width: 1100px\" class=\"wp-caption alignnone\"><img decoding=\"async\" class=\"size-full wp-image-3733\" src=\"https:\/\/www.blackturtledive.com\/wp-content\/uploads\/2021\/01\/blackturtledive.com-blue-ringed-angelfish-at-hin-wong-pinnacle-koh-tao.jpg\" alt=\"Tauchplatz Hin Wong Pinnacle Koh Tao - Blaugeringelter Kaiserfisch\" width=\"1100\" height=\"614\" srcset=\"https:\/\/www.blackturtledive.com\/wp-content\/uploads\/2021\/01\/blackturtledive.com-blue-ringed-angelfish-at-hin-wong-pinnacle-koh-tao.jpg 1100w, https:\/\/www.blackturtledive.com\/wp-content\/uploads\/2021\/01\/blackturtledive.com-blue-ringed-angelfish-at-hin-wong-pinnacle-koh-tao-300x167.jpg 300w, https:\/\/www.blackturtledive.com\/wp-content\/uploads\/2021\/01\/blackturtledive.com-blue-ringed-angelfish-at-hin-wong-pinnacle-koh-tao-1024x572.jpg 1024w, https:\/\/www.blackturtledive.com\/wp-content\/uploads\/2021\/01\/blackturtledive.com-blue-ringed-angelfish-at-hin-wong-pinnacle-koh-tao-768x429.jpg 768w, https:\/\/www.blackturtledive.com\/wp-content\/uploads\/2021\/01\/blackturtledive.com-blue-ringed-angelfish-at-hin-wong-pinnacle-koh-tao-150x84.jpg 150w\" sizes=\"(max-width: 1100px) 100vw, 1100px\" \/><figcaption id=\"caption-attachment-3733\" class=\"wp-caption-text\">Tauchplatz Hin Wong Pinnacle Koh Tao &#8211; Blaugeringelter Kaiserfisch<\/figcaption><\/figure>\n<h3>F\u00fclle an Meeresleben bei Hin Wong Pinnacle<\/h3>\n<p>Wir sehen hier oft <a href=\"https:\/\/www.blackturtledive.com\/koh-tao-marine-life\/banded-sea-krait\/\">gestreifte Seeschlangen<\/a>, <a href=\"https:\/\/www.blackturtledive.com\/koh-tao-marine-life\/hawksbill-sea-turtle\/\">Meeresschildkr\u00f6ten<\/a> und gro\u00dfe <a href=\"https:\/\/www.blackturtledive.com\/koh-tao-marine-life\/brown-marbled-grouper\/\">braun marmorierte Zackenbarsche<\/a>, die im Schatten liegen oder durch die zahlreichen Durchschwimmt-Passagen man\u00f6vrieren, die aus den gro\u00dfen Granitfelsen entstanden sind.<\/p>\n<p>Hin Wong Pinnacle kann starke Str\u00f6mungen haben, bietet Zugang zu Tiefen \u00fcber 30 Metern und eine wechselhafte Sicht.<\/p>\n<p>Daher eignet sich dieser Tauchplatz besonders f\u00fcr Advanced-Taucher und ist ideal zum <a href=\"https:\/\/www.blackturtledive.com\/padi-specialty-courses\/enriched-air-diver-nitrox\/\">Nitrox-Tauchen<\/a> oder f\u00fcr Taucher, die sich im Deep-Diver-Training befinden.<\/p>\n<figure id=\"attachment_3183\" aria-describedby=\"caption-attachment-3183\" style=\"width: 1000px\" class=\"wp-caption alignnone\"><img decoding=\"async\" class=\"size-full wp-image-3183\" src=\"https:\/\/www.blackturtledive.com\/wp-content\/uploads\/2021\/01\/blackturtledive.com-banded-sea-snake-koh-tao-thailand.jpg\" alt=\"Geb\u00e4nderte Seeschlange Koh Tao Thailand\" width=\"1000\" height=\"667\" srcset=\"https:\/\/www.blackturtledive.com\/wp-content\/uploads\/2021\/01\/blackturtledive.com-banded-sea-snake-koh-tao-thailand.jpg 1000w, https:\/\/www.blackturtledive.com\/wp-content\/uploads\/2021\/01\/blackturtledive.com-banded-sea-snake-koh-tao-thailand-300x200.jpg 300w, https:\/\/www.blackturtledive.com\/wp-content\/uploads\/2021\/01\/blackturtledive.com-banded-sea-snake-koh-tao-thailand-768x512.jpg 768w, https:\/\/www.blackturtledive.com\/wp-content\/uploads\/2021\/01\/blackturtledive.com-banded-sea-snake-koh-tao-thailand-150x100.jpg 150w\" sizes=\"(max-width: 1000px) 100vw, 1000px\" \/><figcaption id=\"caption-attachment-3183\" class=\"wp-caption-text\">Geb\u00e4nderte Seeschlange Koh Tao Thailand<\/figcaption><\/figure>\n<p>[\/vc_column_text][\/vc_column][\/vc_row]<\/p>\n<\/div>","protected":false},"excerpt":{"rendered":"<p>Der Tauchplatz Hin Wong Felsnadel auf Koh Tao ist ein perfekter alternativer Tiefseetauchplatz an der Ostk\u00fcste mit einer vielf\u00e4ltigen und interessanten Meeresfauna f\u00fcr Taucher.<\/p>\n","protected":false},"author":2,"featured_media":18288,"parent":18682,"menu_order":0,"comment_status":"closed","ping_status":"closed","template":"","meta":{"_acf_changed":false,"footnotes":""},"class_list":["post-18679","page","type-page","status-publish","has-post-thumbnail","hentry"],"acf":[],"yoast_head":"<!-- This site is optimized with the Yoast SEO Premium plugin v27.6 (Yoast SEO v27.6) - https:\/\/yoast.com\/product\/yoast-seo-premium-wordpress\/ -->\n<title>Hin Wong Felsnadel Tauchplatz Koh Tao | Black Turtle Dive<\/title>\n<meta name=\"description\" content=\"Der Tauchplatz Hin Wong Felsnadel auf Koh Tao ist ein perfekter alternativer Tiefseetauchplatz an der Ostk\u00fcste mit einer vielf\u00e4ltigen und interessanten Meeresfauna f\u00fcr Taucher.\" \/>\n<meta name=\"robots\" content=\"index, follow, max-snippet:-1, max-image-preview:large, max-video-preview:-1\" \/>\n<link rel=\"canonical\" href=\"https:\/\/www.blackturtledive.com\/de\/koh-tao-dive-sites\/hin-wong-pinnacle\/\" \/>\n<meta property=\"og:locale\" content=\"de_DE\" \/>\n<meta property=\"og:type\" content=\"article\" \/>\n<meta property=\"og:title\" content=\"Hin Wong Pinnacle Dive Site Koh Tao | Black Turtle Dive\" \/>\n<meta property=\"og:description\" content=\"Hin Wong Pinnacle dive site on Koh Tao is a perfect location as an alternative deep site on the east coast with diverse and interesting marine life for divers\" \/>\n<meta property=\"og:url\" content=\"https:\/\/www.blackturtledive.com\/de\/koh-tao-dive-sites\/hin-wong-pinnacle\/\" \/>\n<meta property=\"og:site_name\" content=\"Black Turtle Dive Koh Tao\" \/>\n<meta property=\"article:publisher\" content=\"https:\/\/www.facebook.com\/blackturtledive\" \/>\n<meta property=\"article:modified_time\" content=\"2026-05-05T14:24:59+00:00\" \/>\n<meta property=\"og:image\" content=\"https:\/\/www.blackturtledive.com\/wp-content\/uploads\/2020\/11\/blackturtledive.com-best-padi-divemaster-course-koh-tao.jpg\" \/>\n\t<meta property=\"og:image:width\" content=\"1200\" \/>\n\t<meta property=\"og:image:height\" content=\"800\" \/>\n\t<meta property=\"og:image:type\" content=\"image\/jpeg\" \/>\n<meta name=\"twitter:card\" content=\"summary_large_image\" \/>\n<meta name=\"twitter:title\" content=\"Hin Wong Pinnacle Dive Site Koh Tao | Black Turtle Dive\" \/>\n<meta name=\"twitter:description\" content=\"Hin Wong Pinnacle dive site on Koh Tao is a perfect location as an alternative deep site on the east coast with diverse and interesting marine life for divers\" \/>\n<meta name=\"twitter:image\" content=\"https:\/\/www.blackturtledive.com\/wp-content\/uploads\/2020\/11\/blackturtledive.com-best-padi-divemaster-course-koh-tao.jpg\" \/>\n<meta name=\"twitter:site\" content=\"@blackturtledive\" \/>\n<meta name=\"twitter:label1\" content=\"Gesch\u00e4tzte Lesezeit\" \/>\n\t<meta name=\"twitter:data1\" content=\"3\u00a0Minuten\" \/>\n<!-- \/ Yoast SEO Premium plugin. -->","yoast_head_json":{"title":"Hin Wong Felsnadel Tauchplatz Koh Tao | Black Turtle Dive","description":"Der Tauchplatz Hin Wong Felsnadel auf Koh Tao ist ein perfekter alternativer Tiefseetauchplatz an der Ostk\u00fcste mit einer vielf\u00e4ltigen und interessanten Meeresfauna f\u00fcr Taucher.","robots":{"index":"index","follow":"follow","max-snippet":"max-snippet:-1","max-image-preview":"max-image-preview:large","max-video-preview":"max-video-preview:-1"},"canonical":"https:\/\/www.blackturtledive.com\/de\/koh-tao-dive-sites\/hin-wong-pinnacle\/","og_locale":"de_DE","og_type":"article","og_title":"Hin Wong Pinnacle Dive Site Koh Tao | Black Turtle Dive","og_description":"Hin Wong Pinnacle dive site on Koh Tao is a perfect location as an alternative deep site on the east coast with diverse and interesting marine life for divers","og_url":"https:\/\/www.blackturtledive.com\/de\/koh-tao-dive-sites\/hin-wong-pinnacle\/","og_site_name":"Black Turtle Dive Koh Tao","article_publisher":"https:\/\/www.facebook.com\/blackturtledive","article_modified_time":"2026-05-05T14:24:59+00:00","og_image":[{"width":1200,"height":800,"url":"https:\/\/www.blackturtledive.com\/wp-content\/uploads\/2020\/11\/blackturtledive.com-best-padi-divemaster-course-koh-tao.jpg","type":"image\/jpeg"}],"twitter_card":"summary_large_image","twitter_title":"Hin Wong Pinnacle Dive Site Koh Tao | Black Turtle Dive","twitter_description":"Hin Wong Pinnacle dive site on Koh Tao is a perfect location as an alternative deep site on the east coast with diverse and interesting marine life for divers","twitter_image":"https:\/\/www.blackturtledive.com\/wp-content\/uploads\/2020\/11\/blackturtledive.com-best-padi-divemaster-course-koh-tao.jpg","twitter_site":"@blackturtledive","twitter_misc":{"Gesch\u00e4tzte Lesezeit":"3\u00a0Minuten"},"schema":{"@context":"https:\/\/schema.org","@graph":[{"@type":"WebPage","@id":"https:\/\/www.blackturtledive.com\/de\/koh-tao-dive-sites\/hin-wong-pinnacle\/","url":"https:\/\/www.blackturtledive.com\/de\/koh-tao-dive-sites\/hin-wong-pinnacle\/","name":"Hin Wong Felsnadel Tauchplatz Koh Tao | Black Turtle Dive","isPartOf":{"@id":"https:\/\/www.blackturtledive.com\/de\/#website"},"primaryImageOfPage":{"@id":"https:\/\/www.blackturtledive.com\/de\/koh-tao-dive-sites\/hin-wong-pinnacle\/#primaryimage"},"image":{"@id":"https:\/\/www.blackturtledive.com\/de\/koh-tao-dive-sites\/hin-wong-pinnacle\/#primaryimage"},"thumbnailUrl":"https:\/\/www.blackturtledive.com\/wp-content\/uploads\/2021\/01\/blackturtledive.com-hin-wong-pinnacle-koh-tao.jpg","datePublished":"2020-09-19T15:47:00+00:00","dateModified":"2026-05-05T14:24:59+00:00","description":"Der Tauchplatz Hin Wong Felsnadel auf Koh Tao ist ein perfekter alternativer Tiefseetauchplatz an der Ostk\u00fcste mit einer vielf\u00e4ltigen und interessanten Meeresfauna f\u00fcr Taucher.","breadcrumb":{"@id":"https:\/\/www.blackturtledive.com\/de\/koh-tao-dive-sites\/hin-wong-pinnacle\/#breadcrumb"},"inLanguage":"de","potentialAction":[{"@type":"ReadAction","target":["https:\/\/www.blackturtledive.com\/de\/koh-tao-dive-sites\/hin-wong-pinnacle\/"]}]},{"@type":"ImageObject","inLanguage":"de","@id":"https:\/\/www.blackturtledive.com\/de\/koh-tao-dive-sites\/hin-wong-pinnacle\/#primaryimage","url":"https:\/\/www.blackturtledive.com\/wp-content\/uploads\/2021\/01\/blackturtledive.com-hin-wong-pinnacle-koh-tao.jpg","contentUrl":"https:\/\/www.blackturtledive.com\/wp-content\/uploads\/2021\/01\/blackturtledive.com-hin-wong-pinnacle-koh-tao.jpg","width":1100,"height":614,"caption":"Hin Wong Pinnacle Dive Site Koh Tao"},{"@type":"BreadcrumbList","@id":"https:\/\/www.blackturtledive.com\/de\/koh-tao-dive-sites\/hin-wong-pinnacle\/#breadcrumb","itemListElement":[{"@type":"ListItem","position":1,"name":"Home","item":"https:\/\/www.blackturtledive.com\/de\/"},{"@type":"ListItem","position":2,"name":"Koh Tao Tauchpl\u00e4tze","item":"https:\/\/www.blackturtledive.com\/de\/koh-tao-dive-sites\/"},{"@type":"ListItem","position":3,"name":"Hin Wong Pinnacle"}]},{"@type":"WebSite","@id":"https:\/\/www.blackturtledive.com\/de\/#website","url":"https:\/\/www.blackturtledive.com\/de\/","name":"Black Turtle Dive Koh Tao","description":"Ocean Explorers | Marine Protectors","publisher":{"@id":"https:\/\/www.blackturtledive.com\/de\/#organization"},"alternateName":"Black Turtle Dive in Thailand","potentialAction":[{"@type":"SearchAction","target":{"@type":"EntryPoint","urlTemplate":"https:\/\/www.blackturtledive.com\/de\/?s={search_term_string}"},"query-input":{"@type":"PropertyValueSpecification","valueRequired":true,"valueName":"search_term_string"}}],"inLanguage":"de"},{"@type":"Organization","@id":"https:\/\/www.blackturtledive.com\/de\/#organization","name":"Black Turtle Dive Koh Tao","alternateName":"Black Turtle Dive","url":"https:\/\/www.blackturtledive.com\/de\/","logo":{"@type":"ImageObject","inLanguage":"de","@id":"https:\/\/www.blackturtledive.com\/de\/#\/schema\/logo\/image\/","url":"https:\/\/www.blackturtledive.com\/wp-content\/uploads\/2020\/11\/cropped-blackturtledive.com-brand-logo.png","contentUrl":"https:\/\/www.blackturtledive.com\/wp-content\/uploads\/2020\/11\/cropped-blackturtledive.com-brand-logo.png","width":400,"height":400,"caption":"Black Turtle Dive Koh Tao"},"image":{"@id":"https:\/\/www.blackturtledive.com\/de\/#\/schema\/logo\/image\/"},"sameAs":["https:\/\/www.facebook.com\/blackturtledive","https:\/\/x.com\/blackturtledive","https:\/\/www.instagram.com\/blackturtledive\/","https:\/\/www.youtube.com\/blackturtledive","https:\/\/www.linkedin.com\/company\/blackturtledive\/","https:\/\/www.tumblr.com\/blackturtledive","https:\/\/www.pinterest.com\/blackturtledive\/","https:\/\/www.tiktok.com\/@blackturtledive","https:\/\/www.reddit.com\/user\/blackturtledive\/"],"description":"Black Turtle Dive is a modern and innovative 5 Star Career Development Scuba Diving Center, passionate about the ocean and through training we want to empower you to become a competent and confident scuba diver. Our diving courses equip you with the skills, knowledge and awareness necessary to explore the ocean safely, whilst becoming a passionate advocate and protector of the marine environment. If you have never dived before or are a certified diver and want to develop your skills further, our tailored, bespoke courses and programs will inspire you to become an Ocean advocate. Our scientific based Marine Conservation Internships and training programs, offer aspiring scuba divers and marine conservationists, the best marine conservation internships on Koh Tao. We currently offer students six levels of Marine Conservation Internships at our beachside location on Koh Tao in Thailand. Check out our website for more information.","email":"info@blackturtledive.com","telephone":"089 592 2134","legalName":"Black Turtle Dive Co Ltd","foundingDate":"2020-01-01","publishingPrinciples":"https:\/\/www.blackturtledive.com\/terms\/","ownershipFundingInfo":"https:\/\/www.blackturtledive.com\/terms\/","actionableFeedbackPolicy":"https:\/\/www.blackturtledive.com\/privacy-policy\/","correctionsPolicy":"https:\/\/www.blackturtledive.com\/privacy-policy\/","ethicsPolicy":"https:\/\/www.blackturtledive.com\/privacy-policy\/","diversityPolicy":"https:\/\/www.blackturtledive.com\/privacy-policy\/"}]}},"_links":{"self":[{"href":"https:\/\/www.blackturtledive.com\/de\/wp-json\/wp\/v2\/pages\/18679","targetHints":{"allow":["GET"]}}],"collection":[{"href":"https:\/\/www.blackturtledive.com\/de\/wp-json\/wp\/v2\/pages"}],"about":[{"href":"https:\/\/www.blackturtledive.com\/de\/wp-json\/wp\/v2\/types\/page"}],"author":[{"embeddable":true,"href":"https:\/\/www.blackturtledive.com\/de\/wp-json\/wp\/v2\/users\/2"}],"replies":[{"embeddable":true,"href":"https:\/\/www.blackturtledive.com\/de\/wp-json\/wp\/v2\/comments?post=18679"}],"version-history":[{"count":1,"href":"https:\/\/www.blackturtledive.com\/de\/wp-json\/wp\/v2\/pages\/18679\/revisions"}],"predecessor-version":[{"id":70916,"href":"https:\/\/www.blackturtledive.com\/de\/wp-json\/wp\/v2\/pages\/18679\/revisions\/70916"}],"up":[{"embeddable":true,"href":"https:\/\/www.blackturtledive.com\/de\/wp-json\/wp\/v2\/pages\/18682"}],"wp:featuredmedia":[{"embeddable":true,"href":"https:\/\/www.blackturtledive.com\/de\/wp-json\/wp\/v2\/media\/18288"}],"wp:attachment":[{"href":"https:\/\/www.blackturtledive.com\/de\/wp-json\/wp\/v2\/media?parent=18679"}],"curies":[{"name":"wp","href":"https:\/\/api.w.org\/{rel}","templated":true}]}}