{"id":18681,"date":"2020-09-19T22:46:02","date_gmt":"2020-09-19T15:46:02","guid":{"rendered":"https:\/\/www.blackturtledive.com\/chumphon-pinnacle\/"},"modified":"2026-05-05T21:25:01","modified_gmt":"2026-05-05T14:25:01","slug":"chumphon-pinnacle","status":"publish","type":"page","link":"https:\/\/www.blackturtledive.com\/de\/koh-tao-dive-sites\/chumphon-pinnacle\/","title":{"rendered":"Chumphon Felsnadel"},"content":{"rendered":"<div class=\"wpb-content-wrapper\"><p>[vc_row][vc_column][vc_column_text css=&#8220;&#8220;]Chumphon Pinnacle gilt weithin als Koh Taos erstklassiger Deep-Dive-Spot und besticht durch einen massiven Granitpinnakel, umgeben von kleineren Felsgruppen in Tiefen von 14 bis 36 Metern.<\/p>\n<p>Bekannt f\u00fcr den \u201eBarracuda Rock\u201c und ausgedehnte Seeanemonen-B\u00e4nke, zieht der Tauchplatz pelagische Arten an und bietet fortgeschrittenen Tauchern die beste Chance, Walhaie und gro\u00dfe Schulen von Stachelmakrelen (Trevally) zu sehen.<\/p>\n<p>Durch seine Lage weiter entfernt vom Festland ist die Sicht oft hervorragend und \u00fcbersteigt nicht selten 20 Meter, weshalb Chumphon Pinnacle ein wichtiger Tauchplatz f\u00fcr Advanced Open Water- und Deep Diver\u2011Specialty\u2011Ausbildungen ist.<\/p>\n<h3><span style=\"color: #28d4ff;\">Erfahren Sie mehr \u00fcber den Tauchplatz Chumphon Pinnacle auf Koh Tao<\/span><\/h3>\n<p>Der Tauchplatz Chumphon Pinnacle auf <a href=\"https:\/\/www.blackturtledive.com\/koh-tao\/\">Koh Tao<\/a> ist ein tiefer Au\u00dfenriff&#8211;Tauchplatz, etwa 45 Minuten Bootsfahrt vom Festland entfernt und bietet <a href=\"https:\/\/www.blackturtledive.com\/padi-diving-courses\/\">Tauchern<\/a> eine F\u00fclle an <a href=\"https:\/\/www.blackturtledive.com\/koh-tao-marine-life\/\">Meeresleben<\/a>.<\/p>\n<ul>\n<li>Lage: 12 km nordwestlich von Koh Tao<\/li>\n<li>Tiefe: Max. 40 m, Min. 14 m \u2013 Durchschnitt 22 m<\/li>\n<li>Art des Tauchplatzes: Gro\u00dfe Granit-Hauptnadel mit kleineren Gruppenformationen an der S\u00fcdwest- und Nordseite<\/li>\n<li>Schwierigkeitsgrad: <a href=\"https:\/\/www.blackturtledive.com\/padi-diving-courses\/advanced-open-water-course\/\">Advanced Open Water<\/a> Diver<\/li>\n<li>Bedingungen: Offshore \u2014 bei Wind kann es Wellen und Str\u00f6mung geben<\/li>\n<li>Durchschnittliche Sichtweite: 10\u201340 m<\/li>\n<\/ul>\n<div  data-ep-a=\"fadeIn\"  id=\"_ytid_66872\"  width=\"640\" height=\"360\"  data-origwidth=\"640\" data-origheight=\"360\"  data-relstop=\"1\" data-facadesrc=\"https:\/\/www.youtube.com\/embed\/mWJFNlvHNPs?enablejsapi=1&origin=https:\/\/www.blackturtledive.com&autoplay=0&cc_load_policy=0&cc_lang_pref=&iv_load_policy=1&loop=0&rel=0&fs=1&playsinline=0&autohide=2&theme=dark&color=red&controls=1&disablekb=0&\" class=\"__youtube_prefs__ epyt-facade  no-lazyload\" data-epautoplay=\"1\" ><img decoding=\"async\" data-spai-excluded=\"true\" class=\"epyt-facade-poster skip-lazy\" loading=\"lazy\"  alt=\"Chumphon Pinnacle Dive Site Koh Tao in Thailand\"  src=\"https:\/\/i.ytimg.com\/vi\/mWJFNlvHNPs\/maxresdefault.jpg\"  \/><button class=\"epyt-facade-play\" aria-label=\"Play\"><svg data-no-lazy=\"1\" height=\"100%\" version=\"1.1\" viewBox=\"0 0 68 48\" width=\"100%\"><path class=\"ytp-large-play-button-bg\" d=\"M66.52,7.74c-0.78-2.93-2.49-5.41-5.42-6.19C55.79,.13,34,0,34,0S12.21,.13,6.9,1.55 C3.97,2.33,2.27,4.81,1.48,7.74C0.06,13.05,0,24,0,24s0.06,10.95,1.48,16.26c0.78,2.93,2.49,5.41,5.42,6.19 C12.21,47.87,34,48,34,48s21.79-0.13,27.1-1.55c2.93-0.78,4.64-3.26,5.42-6.19C67.94,34.95,68,24,68,24S67.94,13.05,66.52,7.74z\" fill=\"#f00\"><\/path><path d=\"M 45,24 27,14 27,34\" fill=\"#fff\"><\/path><\/svg><\/button><\/div><span itemprop=\"video\" itemscope itemtype=\"http:\/\/schema.org\/VideoObject\"><meta itemprop=\"embedUrl\" content=\"https:\/\/www.youtube.com\/embed\/mWJFNlvHNPs\"><meta itemprop=\"name\" content=\"Chumphon Pinnacle Dive Site Koh Tao in Thailand\"><meta itemprop=\"description\" content=\"Chumphon Pinnacle dive site on Koh Tao is a deep site approximately 45 mins boat journey from the mainland and offers scuba divers an abundance of marine life. Location: 12km north west of Koh Tao Depth: Max 40m, Min 14m \u2013 Average 22m Type of site: Large Granite main pinnacle with smaller clusters off the south west and north side. Level: Advanced Open Water diver Conditions: Off shore so when windy can be wavy with some current. Average Visibility: 10-40 meters Perhaps the best dive site on Koh Tao and the most popular one that all divers want to dive is Chumphon Pinnacle and it is also the deepest and largest of the dive sites around the island. Chumphon Pinnacle is one long, large granite pinnacle, the top of which sits at around 14 metres below the surface. Check out more of our dive sites: https:\/\/www.blackturtledive.com\/koh-tao-dive-sites\/chumphon-pinnacle\/ Footage: \ud83d\ude4f\ud83c\udffb. \ud83c\udfac Wet Lens Images (https:\/\/www.youtube.com\/channel\/UCVB6Hza4P2ct7SgAo7I9n7g)\"><meta itemprop=\"thumbnailUrl\" content=\"https:\/\/i.ytimg.com\/vi\/mWJFNlvHNPs\/0.jpg\"><meta itemprop=\"duration\" content=\"PT57S\"><meta itemprop=\"uploadDate\" content=\"2021-01-28T06:51:32Z\"><\/span>\n<h3>Chumphon Pinnacle \u2013 Ein Favorit aller Taucher<\/h3>\n<p>Vielleicht der beste Tauchplatz auf Koh Tao und der beliebteste, den alle Taucher einmal besuchen m\u00f6chten, ist Chumphon Pinnacle \u2014 zugleich der tiefste und gr\u00f6\u00dfte der <a href=\"https:\/\/www.blackturtledive.com\/koh-tao-dive-sites\/\">Tauchpl\u00e4tze<\/a> rund um die Insel.<\/p>\n<p>Chumphon Pinnacle ist eine lange, gro\u00dfe Granit Nadel, deren Spitze sich etwa 14 Meter unter der Oberfl\u00e4che befindet.<\/p>\n<p>Die Gipfel der Felsen sind vollst\u00e4ndig mit Seeanemonen bedeckt, in denen rosa Anemonenfische Schutz vor Fressfeinden suchen und sich innerhalb der sch\u00fctzenden Reichweite der Nesselzellen der Anemonen verstecken.<\/p>\n<p>Der Tauchplatz Chumphon Pinnacle verl\u00e4uft in Nord\u2212S\u00fcd-Richtung. Beim Abstieg sehen Sie, wenn Sie zum Grund der Bojenleine blicken, Schulen von <a href=\"https:\/\/www.blackturtledive.com\/koh-tao-marine-life\/tailfin-batfish\/\">Lungenfischen (Batfish)<\/a> knapp \u00fcber der Spitze der Nadel.<\/p>\n<figure id=\"attachment_3602\" aria-describedby=\"caption-attachment-3602\" style=\"width: 1100px\" class=\"wp-caption alignnone\"><img decoding=\"async\" class=\"size-full wp-image-3602\" src=\"https:\/\/www.blackturtledive.com\/wp-content\/uploads\/2021\/01\/blackturtledive.com-chumphon-dive-site-koh-tao-whaleshark-thailand.jpg\" alt=\"Tauchplatz Chumphon Pinnacle Koh Tao\" width=\"1100\" height=\"619\" srcset=\"https:\/\/www.blackturtledive.com\/wp-content\/uploads\/2021\/01\/blackturtledive.com-chumphon-dive-site-koh-tao-whaleshark-thailand.jpg 1100w, https:\/\/www.blackturtledive.com\/wp-content\/uploads\/2021\/01\/blackturtledive.com-chumphon-dive-site-koh-tao-whaleshark-thailand-300x169.jpg 300w, https:\/\/www.blackturtledive.com\/wp-content\/uploads\/2021\/01\/blackturtledive.com-chumphon-dive-site-koh-tao-whaleshark-thailand-1024x576.jpg 1024w, https:\/\/www.blackturtledive.com\/wp-content\/uploads\/2021\/01\/blackturtledive.com-chumphon-dive-site-koh-tao-whaleshark-thailand-768x432.jpg 768w, https:\/\/www.blackturtledive.com\/wp-content\/uploads\/2021\/01\/blackturtledive.com-chumphon-dive-site-koh-tao-whaleshark-thailand-150x84.jpg 150w\" sizes=\"(max-width: 1100px) 100vw, 1100px\" \/><figcaption id=\"caption-attachment-3602\" class=\"wp-caption-text\">Tauchplatz Chumphon Pinnacle Koh Tao<\/figcaption><\/figure>\n<h3><span style=\"color: #28d4ff;\">Gro\u00dfe Fischschw\u00e4rme<\/span><\/h3>\n<p>Wenn Sie beim Abstieg \u00fcber die Spitze der Nadel schwimmen, versteckt sich in den Spalten und L\u00f6chern viel interessantes Meeresleben, darunter <a href=\"https:\/\/www.blackturtledive.com\/koh-tao-marine-life\/white-eyed-moray-eel\/\">Wei\u00dfaugen-Mur\u00e4nen<\/a>, kleine Garnelen, Krabben \u2014 und bei genauerem Hinsehen auch Skorpionfische.<\/p>\n<p>Bei guter Sicht ist Chumphon Pinnacle ein spektakul\u00e4rer Anblick: riesige Schulen von Trevally und Snapper wirbeln wie ein silberner Tornado um die Nadel<\/p>\n<p>Sie sehen au\u00dferdem zahlreiche junge <a href=\"https:\/\/www.blackturtledive.com\/koh-tao-marine-life\/yellow-tail-barracuda\/\">Gelbschwanz&#8211;Barrakudas<\/a>, Fusiliers, Kaninchenfische und gro\u00dfe Jack-Arten (Big&#8211;Eyed Jacks), die alle auf Beutezug sind.<\/p>\n<h3>Barracuda Rock<\/h3>\n<p>Wenn Sie vom Haupt Pinnacle nach S\u00fcdwesten zu Barracuda Rock schwimmen, finden Sie im Schatten in gr\u00f6\u00dferen Tiefen <a href=\"https:\/\/www.blackturtledive.com\/koh-tao-marine-life\/brown-marbled-grouper\/\">gemusterte Zackenbarsche (Malabar\/Brown Marbled Groupers)<\/a> und riesige Schulen von <a href=\"https:\/\/www.blackturtledive.com\/koh-tao-marine-life\/chevron-barracuda\/\">Chevron-Barrakudas<\/a>, die zwischen den Nadeln umherschwimmen.<\/p>\n<p>Schauen Sie genau hin \u2014 es gibt viel Makroleben, z. B. gestreifte Boxgarnelen in kleinen Spalten, und tiefere Risse verbergen Banded &#8212; und Jan\u2019s Seenadeln (Pipefish).<\/p>\n<p>Chumphon Pinnacle ist der Tauchplatz, an dem wir die meisten <a href=\"https:\/\/www.blackturtledive.com\/koh-tao-marine-life\/whaleshark\/\">Walhai<\/a>-Sichtungen haben, und mit etwas Gl\u00fcck sehen Sie w\u00e4hrend eines Tauchgangs sogar mehrere Walhaie.<\/p>\n<figure id=\"attachment_3712\" aria-describedby=\"caption-attachment-3712\" style=\"width: 1100px\" class=\"wp-caption alignnone\"><img decoding=\"async\" class=\"size-full wp-image-3712\" src=\"https:\/\/www.blackturtledive.com\/wp-content\/uploads\/2021\/01\/blackturtledive.com-chumphon-dive-site-koh-tao-whaleshark.jpg\" alt=\"Tauchplatz Chumphon Pinnacle Koh Tao - Walhaie\" width=\"1100\" height=\"619\" srcset=\"https:\/\/www.blackturtledive.com\/wp-content\/uploads\/2021\/01\/blackturtledive.com-chumphon-dive-site-koh-tao-whaleshark.jpg 1100w, https:\/\/www.blackturtledive.com\/wp-content\/uploads\/2021\/01\/blackturtledive.com-chumphon-dive-site-koh-tao-whaleshark-300x169.jpg 300w, https:\/\/www.blackturtledive.com\/wp-content\/uploads\/2021\/01\/blackturtledive.com-chumphon-dive-site-koh-tao-whaleshark-1024x576.jpg 1024w, https:\/\/www.blackturtledive.com\/wp-content\/uploads\/2021\/01\/blackturtledive.com-chumphon-dive-site-koh-tao-whaleshark-768x432.jpg 768w, https:\/\/www.blackturtledive.com\/wp-content\/uploads\/2021\/01\/blackturtledive.com-chumphon-dive-site-koh-tao-whaleshark-150x84.jpg 150w\" sizes=\"(max-width: 1100px) 100vw, 1100px\" \/><figcaption id=\"caption-attachment-3712\" class=\"wp-caption-text\">Tauchplatz Chumphon Pinnacle Koh Tao &#8211; Walhaie<\/figcaption><\/figure>\n<h3><span style=\"color: #28d4ff;\">Walhaie am Chumphon Pinnacle<\/span><\/h3>\n<p>Au\u00dferdem k\u00f6nnen Sie <a href=\"https:\/\/www.blackturtledive.com\/koh-tao-marine-life\/great-barracuda\/\">Giant Barracuda<\/a>, K\u00f6nigsmakrelen und gelegentlich Segelfische sehen, die vor den Nadeln lauern und geduldig auf den richtigen Moment zum Zuschlagen warten.<\/p>\n<p>Bei Chumphon Pinnacle ist immer viel los \u2014 dieser spannende <a href=\"https:\/\/www.blackturtledive.com\/blog\/10-interesting-facts-about-koh-tao-dive-sites\/\">Offshore-Tauchplatz<\/a> lohnt die etwa 40-min\u00fctige Bootsfahrt dorthin.<\/p>\n<p>Wie bei vielen Tauchpl\u00e4tzen um Koh Tao gilt auch hier: Ein Tauchgang ist nie genug. <a href=\"https:\/\/www.blackturtledive.com\/padi-specialty-courses\/enriched-air-diver-nitrox\/\">Nitrox in Ihren Tauchplan aufzunehmen<\/a> ist eine gute Wahl \u2014 oder nehmen Sie, wenn angeboten, einen Doppel-Chumphon-Tauchgang.<\/p>\n<figure id=\"attachment_3710\" aria-describedby=\"caption-attachment-3710\" style=\"width: 1100px\" class=\"wp-caption alignnone\"><img decoding=\"async\" class=\"size-full wp-image-3710\" src=\"https:\/\/www.blackturtledive.com\/wp-content\/uploads\/2021\/01\/blackturtledive.com-chumphon-dive-site-koh-tao-batfish.jpg\" alt=\"Tauchplatz Chumphon Pinnacle Koh Tao - Fledermausfische\" width=\"1100\" height=\"619\" srcset=\"https:\/\/www.blackturtledive.com\/wp-content\/uploads\/2021\/01\/blackturtledive.com-chumphon-dive-site-koh-tao-batfish.jpg 1100w, https:\/\/www.blackturtledive.com\/wp-content\/uploads\/2021\/01\/blackturtledive.com-chumphon-dive-site-koh-tao-batfish-300x169.jpg 300w, https:\/\/www.blackturtledive.com\/wp-content\/uploads\/2021\/01\/blackturtledive.com-chumphon-dive-site-koh-tao-batfish-1024x576.jpg 1024w, https:\/\/www.blackturtledive.com\/wp-content\/uploads\/2021\/01\/blackturtledive.com-chumphon-dive-site-koh-tao-batfish-768x432.jpg 768w, https:\/\/www.blackturtledive.com\/wp-content\/uploads\/2021\/01\/blackturtledive.com-chumphon-dive-site-koh-tao-batfish-150x84.jpg 150w\" sizes=\"(max-width: 1100px) 100vw, 1100px\" \/><figcaption id=\"caption-attachment-3710\" class=\"wp-caption-text\">Tauchplatz Chumphon Pinnacle Koh Tao &#8211; Fledermausfische<\/figcaption><\/figure>\n<p>[\/vc_column_text][\/vc_column][\/vc_row]<\/p>\n<\/div>","protected":false},"excerpt":{"rendered":"<p>Der Tauchplatz Chumphon Pinnacle auf Koh Tao ist ein tiefer Tauchplatz, der etwa 45 Bootsminuten vom Festland entfernt liegt und Tauchern eine F\u00fclle an Meereslebewesen bietet.<\/p>\n","protected":false},"author":2,"featured_media":18284,"parent":18682,"menu_order":0,"comment_status":"closed","ping_status":"closed","template":"","meta":{"_acf_changed":false,"footnotes":""},"class_list":["post-18681","page","type-page","status-publish","has-post-thumbnail","hentry"],"acf":[],"yoast_head":"<!-- This site is optimized with the Yoast SEO Premium plugin v27.6 (Yoast SEO v27.6) - https:\/\/yoast.com\/product\/yoast-seo-premium-wordpress\/ -->\n<title>Chumphon Felsnadel Tauchplatz Koh Tao | Black Turtle Dive<\/title>\n<meta name=\"description\" content=\"Der Tauchplatz Chumphon Felsnadel auf Koh Tao ist ein tiefer Tauchplatz, der etwa 45 Bootsminuten vom Festland entfernt liegt und Tauchern eine F\u00fclle an Meereslebewesen bietet.\" \/>\n<meta name=\"robots\" content=\"index, follow, max-snippet:-1, max-image-preview:large, max-video-preview:-1\" \/>\n<link rel=\"canonical\" href=\"https:\/\/www.blackturtledive.com\/de\/koh-tao-dive-sites\/chumphon-pinnacle\/\" \/>\n<meta property=\"og:locale\" content=\"de_DE\" \/>\n<meta property=\"og:type\" content=\"article\" \/>\n<meta property=\"og:title\" content=\"Chumphon Pinnacle Dive Site Koh Tao | Black Turtle Dive\" \/>\n<meta property=\"og:description\" content=\"Chumphon Pinnacle dive site on Koh Tao is a deep site approximately 45 mins boat journey from the mainland and offers divers an abundance of marine life\" \/>\n<meta property=\"og:url\" content=\"https:\/\/www.blackturtledive.com\/de\/koh-tao-dive-sites\/chumphon-pinnacle\/\" \/>\n<meta property=\"og:site_name\" content=\"Black Turtle Dive Koh Tao\" \/>\n<meta property=\"article:publisher\" content=\"https:\/\/www.facebook.com\/blackturtledive\" \/>\n<meta property=\"article:modified_time\" content=\"2026-05-05T14:25:01+00:00\" \/>\n<meta property=\"og:image\" content=\"https:\/\/www.blackturtledive.com\/wp-content\/uploads\/2020\/11\/blackturtledive.com-best-padi-divemaster-course-koh-tao.jpg\" \/>\n\t<meta property=\"og:image:width\" content=\"1200\" \/>\n\t<meta property=\"og:image:height\" content=\"800\" \/>\n\t<meta property=\"og:image:type\" content=\"image\/jpeg\" \/>\n<meta name=\"twitter:card\" content=\"summary_large_image\" \/>\n<meta name=\"twitter:title\" content=\"Chumphon Pinnacle Dive Site Koh Tao | Black Turtle Dive\" \/>\n<meta name=\"twitter:description\" content=\"Chumphon Pinnacle dive site on Koh Tao is a deep site approximately 45 mins boat journey from the mainland and offers divers an abundance of marine life\" \/>\n<meta name=\"twitter:image\" content=\"https:\/\/www.blackturtledive.com\/wp-content\/uploads\/2020\/11\/blackturtledive.com-best-padi-divemaster-course-koh-tao.jpg\" \/>\n<meta name=\"twitter:site\" content=\"@blackturtledive\" \/>\n<meta name=\"twitter:label1\" content=\"Gesch\u00e4tzte Lesezeit\" \/>\n\t<meta name=\"twitter:data1\" content=\"4\u00a0Minuten\" \/>\n<!-- \/ Yoast SEO Premium plugin. -->","yoast_head_json":{"title":"Chumphon Felsnadel Tauchplatz Koh Tao | Black Turtle Dive","description":"Der Tauchplatz Chumphon Felsnadel auf Koh Tao ist ein tiefer Tauchplatz, der etwa 45 Bootsminuten vom Festland entfernt liegt und Tauchern eine F\u00fclle an Meereslebewesen bietet.","robots":{"index":"index","follow":"follow","max-snippet":"max-snippet:-1","max-image-preview":"max-image-preview:large","max-video-preview":"max-video-preview:-1"},"canonical":"https:\/\/www.blackturtledive.com\/de\/koh-tao-dive-sites\/chumphon-pinnacle\/","og_locale":"de_DE","og_type":"article","og_title":"Chumphon Pinnacle Dive Site Koh Tao | Black Turtle Dive","og_description":"Chumphon Pinnacle dive site on Koh Tao is a deep site approximately 45 mins boat journey from the mainland and offers divers an abundance of marine life","og_url":"https:\/\/www.blackturtledive.com\/de\/koh-tao-dive-sites\/chumphon-pinnacle\/","og_site_name":"Black Turtle Dive Koh Tao","article_publisher":"https:\/\/www.facebook.com\/blackturtledive","article_modified_time":"2026-05-05T14:25:01+00:00","og_image":[{"width":1200,"height":800,"url":"https:\/\/www.blackturtledive.com\/wp-content\/uploads\/2020\/11\/blackturtledive.com-best-padi-divemaster-course-koh-tao.jpg","type":"image\/jpeg"}],"twitter_card":"summary_large_image","twitter_title":"Chumphon Pinnacle Dive Site Koh Tao | Black Turtle Dive","twitter_description":"Chumphon Pinnacle dive site on Koh Tao is a deep site approximately 45 mins boat journey from the mainland and offers divers an abundance of marine life","twitter_image":"https:\/\/www.blackturtledive.com\/wp-content\/uploads\/2020\/11\/blackturtledive.com-best-padi-divemaster-course-koh-tao.jpg","twitter_site":"@blackturtledive","twitter_misc":{"Gesch\u00e4tzte Lesezeit":"4\u00a0Minuten"},"schema":{"@context":"https:\/\/schema.org","@graph":[{"@type":"WebPage","@id":"https:\/\/www.blackturtledive.com\/de\/koh-tao-dive-sites\/chumphon-pinnacle\/","url":"https:\/\/www.blackturtledive.com\/de\/koh-tao-dive-sites\/chumphon-pinnacle\/","name":"Chumphon Felsnadel Tauchplatz Koh Tao | Black Turtle Dive","isPartOf":{"@id":"https:\/\/www.blackturtledive.com\/de\/#website"},"primaryImageOfPage":{"@id":"https:\/\/www.blackturtledive.com\/de\/koh-tao-dive-sites\/chumphon-pinnacle\/#primaryimage"},"image":{"@id":"https:\/\/www.blackturtledive.com\/de\/koh-tao-dive-sites\/chumphon-pinnacle\/#primaryimage"},"thumbnailUrl":"https:\/\/www.blackturtledive.com\/wp-content\/uploads\/2021\/01\/blackturtledive.com-chumphon-dive-site-koh-tao-whaleshark-thailand.jpg","datePublished":"2020-09-19T15:46:02+00:00","dateModified":"2026-05-05T14:25:01+00:00","description":"Der Tauchplatz Chumphon Felsnadel auf Koh Tao ist ein tiefer Tauchplatz, der etwa 45 Bootsminuten vom Festland entfernt liegt und Tauchern eine F\u00fclle an Meereslebewesen bietet.","breadcrumb":{"@id":"https:\/\/www.blackturtledive.com\/de\/koh-tao-dive-sites\/chumphon-pinnacle\/#breadcrumb"},"inLanguage":"de","potentialAction":[{"@type":"ReadAction","target":["https:\/\/www.blackturtledive.com\/de\/koh-tao-dive-sites\/chumphon-pinnacle\/"]}]},{"@type":"ImageObject","inLanguage":"de","@id":"https:\/\/www.blackturtledive.com\/de\/koh-tao-dive-sites\/chumphon-pinnacle\/#primaryimage","url":"https:\/\/www.blackturtledive.com\/wp-content\/uploads\/2021\/01\/blackturtledive.com-chumphon-dive-site-koh-tao-whaleshark-thailand.jpg","contentUrl":"https:\/\/www.blackturtledive.com\/wp-content\/uploads\/2021\/01\/blackturtledive.com-chumphon-dive-site-koh-tao-whaleshark-thailand.jpg","width":1100,"height":619,"caption":"Chumphon Pinnacle Dive Site Koh Tao"},{"@type":"BreadcrumbList","@id":"https:\/\/www.blackturtledive.com\/de\/koh-tao-dive-sites\/chumphon-pinnacle\/#breadcrumb","itemListElement":[{"@type":"ListItem","position":1,"name":"Home","item":"https:\/\/www.blackturtledive.com\/de\/"},{"@type":"ListItem","position":2,"name":"Koh Tao Tauchpl\u00e4tze","item":"https:\/\/www.blackturtledive.com\/de\/koh-tao-dive-sites\/"},{"@type":"ListItem","position":3,"name":"Chumphon Felsnadel"}]},{"@type":"WebSite","@id":"https:\/\/www.blackturtledive.com\/de\/#website","url":"https:\/\/www.blackturtledive.com\/de\/","name":"Black Turtle Dive Koh Tao","description":"Ocean Explorers | Marine Protectors","publisher":{"@id":"https:\/\/www.blackturtledive.com\/de\/#organization"},"alternateName":"Black Turtle Dive in Thailand","potentialAction":[{"@type":"SearchAction","target":{"@type":"EntryPoint","urlTemplate":"https:\/\/www.blackturtledive.com\/de\/?s={search_term_string}"},"query-input":{"@type":"PropertyValueSpecification","valueRequired":true,"valueName":"search_term_string"}}],"inLanguage":"de"},{"@type":"Organization","@id":"https:\/\/www.blackturtledive.com\/de\/#organization","name":"Black Turtle Dive Koh Tao","alternateName":"Black Turtle Dive","url":"https:\/\/www.blackturtledive.com\/de\/","logo":{"@type":"ImageObject","inLanguage":"de","@id":"https:\/\/www.blackturtledive.com\/de\/#\/schema\/logo\/image\/","url":"https:\/\/www.blackturtledive.com\/wp-content\/uploads\/2020\/11\/cropped-blackturtledive.com-brand-logo.png","contentUrl":"https:\/\/www.blackturtledive.com\/wp-content\/uploads\/2020\/11\/cropped-blackturtledive.com-brand-logo.png","width":400,"height":400,"caption":"Black Turtle Dive Koh Tao"},"image":{"@id":"https:\/\/www.blackturtledive.com\/de\/#\/schema\/logo\/image\/"},"sameAs":["https:\/\/www.facebook.com\/blackturtledive","https:\/\/x.com\/blackturtledive","https:\/\/www.instagram.com\/blackturtledive\/","https:\/\/www.youtube.com\/blackturtledive","https:\/\/www.linkedin.com\/company\/blackturtledive\/","https:\/\/www.tumblr.com\/blackturtledive","https:\/\/www.pinterest.com\/blackturtledive\/","https:\/\/www.tiktok.com\/@blackturtledive","https:\/\/www.reddit.com\/user\/blackturtledive\/"],"description":"Black Turtle Dive is a modern and innovative 5 Star Career Development Scuba Diving Center, passionate about the ocean and through training we want to empower you to become a competent and confident scuba diver. Our diving courses equip you with the skills, knowledge and awareness necessary to explore the ocean safely, whilst becoming a passionate advocate and protector of the marine environment. If you have never dived before or are a certified diver and want to develop your skills further, our tailored, bespoke courses and programs will inspire you to become an Ocean advocate. Our scientific based Marine Conservation Internships and training programs, offer aspiring scuba divers and marine conservationists, the best marine conservation internships on Koh Tao. We currently offer students six levels of Marine Conservation Internships at our beachside location on Koh Tao in Thailand. Check out our website for more information.","email":"info@blackturtledive.com","telephone":"089 592 2134","legalName":"Black Turtle Dive Co Ltd","foundingDate":"2020-01-01","publishingPrinciples":"https:\/\/www.blackturtledive.com\/terms\/","ownershipFundingInfo":"https:\/\/www.blackturtledive.com\/terms\/","actionableFeedbackPolicy":"https:\/\/www.blackturtledive.com\/privacy-policy\/","correctionsPolicy":"https:\/\/www.blackturtledive.com\/privacy-policy\/","ethicsPolicy":"https:\/\/www.blackturtledive.com\/privacy-policy\/","diversityPolicy":"https:\/\/www.blackturtledive.com\/privacy-policy\/"}]}},"_links":{"self":[{"href":"https:\/\/www.blackturtledive.com\/de\/wp-json\/wp\/v2\/pages\/18681","targetHints":{"allow":["GET"]}}],"collection":[{"href":"https:\/\/www.blackturtledive.com\/de\/wp-json\/wp\/v2\/pages"}],"about":[{"href":"https:\/\/www.blackturtledive.com\/de\/wp-json\/wp\/v2\/types\/page"}],"author":[{"embeddable":true,"href":"https:\/\/www.blackturtledive.com\/de\/wp-json\/wp\/v2\/users\/2"}],"replies":[{"embeddable":true,"href":"https:\/\/www.blackturtledive.com\/de\/wp-json\/wp\/v2\/comments?post=18681"}],"version-history":[{"count":1,"href":"https:\/\/www.blackturtledive.com\/de\/wp-json\/wp\/v2\/pages\/18681\/revisions"}],"predecessor-version":[{"id":70918,"href":"https:\/\/www.blackturtledive.com\/de\/wp-json\/wp\/v2\/pages\/18681\/revisions\/70918"}],"up":[{"embeddable":true,"href":"https:\/\/www.blackturtledive.com\/de\/wp-json\/wp\/v2\/pages\/18682"}],"wp:featuredmedia":[{"embeddable":true,"href":"https:\/\/www.blackturtledive.com\/de\/wp-json\/wp\/v2\/media\/18284"}],"wp:attachment":[{"href":"https:\/\/www.blackturtledive.com\/de\/wp-json\/wp\/v2\/media?parent=18681"}],"curies":[{"name":"wp","href":"https:\/\/api.w.org\/{rel}","templated":true}]}}