{"id":18683,"date":"2020-09-19T22:41:32","date_gmt":"2020-09-19T15:41:32","guid":{"rendered":"https:\/\/www.blackturtledive.com\/scuba-review\/"},"modified":"2026-05-06T06:10:08","modified_gmt":"2026-05-05T23:10:08","slug":"scuba-review","status":"publish","type":"page","link":"https:\/\/www.blackturtledive.com\/de\/padi-diving-courses\/scuba-review\/","title":{"rendered":"Auffrischungskurs"},"content":{"rendered":"<div class=\"wpb-content-wrapper\"><p>[vc_row][vc_column][vc_column_text css=&#8220;&#8220;]Der PADI Scuba Review (oder ReActivate) ist ein Auffrischungsprogramm f\u00fcr zertifizierte Taucher, die sechs Monate oder l\u00e4nger nicht mehr aktiv getaucht sind.<\/p>\n<p>Dieser eint\u00e4gige Kurs umfasst ein kurzes Theorie\u2011Update, gefolgt von einer Confined\u2011Water\u2011Einheit, in der Sie grundlegende Fertigkeiten wie Maskenablassen\/ -setzen, Tarierungskontrolle und Notfallszenarien bei Luftmangel \u00fcben.<\/p>\n<p>Der Abschluss des Scuba Review bei Black Turtle Dive stellt sicher, dass Sie Ihr Vertrauen und Muskelged\u00e4chtnis wiedererlangen, bevor Sie zu Koh Taos tieferen Tauchpl\u00e4tzen aufbrechen \u2014 zum Schutz Ihrer Sicherheit und der Korallenriffe.<\/p>\n<h3><span style=\"color: #28d4ff;\">Auffrischung Ihrer Tauchf\u00e4higkeiten &amp; Erkundung von Koh Tao<\/span><\/h3>\n<p>Wenn Sie eine Weile nicht getaucht sind und in Erw\u00e4gung ziehen, w\u00e4hrend Ihres Besuchs in <a href=\"https:\/\/www.blackturtledive.com\/koh-tao\/\">Koh Tao<\/a> einige Tauchg\u00e4nge zu machen, ist ein Scuba Review eine gro\u00dfartige M\u00f6glichkeit, Ihre Tauchf\u00e4higkeiten aufzufrischen und mehr Zeit mit <a href=\"https:\/\/www.blackturtledive.com\/fun-diving-koh-tao\/\">Spa\u00df<\/a> zu verbringen.<\/p>\n<p>Wie bei anderen F\u00e4higkeiten, die wir in der Vergangenheit gelernt haben, k\u00f6nnen Taucher oft vergessen, wie sie F\u00e4higkeiten ausf\u00fchren, Tauch<a href=\"https:\/\/www.blackturtledive.com\/blog\/10-scuba-diving-signals-every-diver-needs-to-know\/\">handzeichen<\/a> verstehen, die Ausr\u00fcstung vorbereiten und das Gef\u00fchl des Atmens unter Wasser auf <a href=\"https:\/\/www.blackturtledive.com\/padi-specialty-courses\/equipment-specialist\/\">Tauchausr\u00fcstung<\/a> vergessen.<\/p>\n<h3>Koh Tao Meereslebewesen<\/h3>\n<p>All diese Dinge k\u00f6nnen ernsthafte Auswirkungen auf die Sicherheit haben, aber auch auf das Ma\u00df an Freude, das Sie beim Tauchen empfinden.<\/p>\n<p>Als Taucher ist das Letzte, was wir unter Wasser tun m\u00f6chten, st\u00e4ndig zu versuchen, eine geflutete Maske zu reinigen, den Tauchgang nicht richtig zu planen oder mit ungewohnter Ausr\u00fcstung umzugehen.<\/p>\n<p>Ein Scuba Review gibt Ihnen das Vertrauen zur\u00fcck, das Sie ben\u00f6tigen, um Ihre Tauchg\u00e4nge wirklich zu genie\u00dfen, sodass Sie sich auf die erstaunliche <a href=\"https:\/\/www.blackturtledive.com\/koh-tao-marine-life\/\">Meeresumgebung<\/a> konzentrieren k\u00f6nnen und nicht auf Ihre Ausr\u00fcstung.<\/p>\n<p><a class=\"fasc-button fasc-size-large fasc-type-flat\" style=\"background-color: #33809e; color: #ffffff;\" href=\"https:\/\/www.blackturtledive.com\/diving-course-prices\/#advanced\">JETZT BUCHEN<\/a><\/p>\n<h3>Das Koh Tao Scuba Review Paket beinhaltet:<\/h3>\n<ul>\n<li><a href=\"https:\/\/www.blackturtledive.com\/about-us\/dive-insurance\/\">Tauchversicherung<\/a><\/li>\n<li>M\u00f6glichkeit, zus\u00e4tzliche Open Water Tauchg\u00e4nge zu machen<\/li>\n<li>Vermietung aller Tauchausr\u00fcstungen<\/li>\n<li>KOSTENLOSE Nutzung des Tauchcomputers<\/li>\n<li>Garantierte Kleingruppe \u2013 maximal 4 Taucher pro PADI Divemaster\/Instructor.<\/li>\n<li><a href=\"https:\/\/www.blackturtledive.com\/about-us\/\">Black Turtle Dive<\/a> Kunden- (und Umwelt) Versprechen<\/li>\n<\/ul>\n<p><a class=\"fasc-button fasc-size-large fasc-type-flat\" style=\"background-color: #33809e; color: #ffffff;\" href=\"https:\/\/www.blackturtledive.com\/diving-course-prices\/#advanced\">JETZT BUCHEN<\/a><\/p>\n<p>Um ein <span style=\"color: #28d4ff;\">PADI Scuba Review<\/span> zu buchen, m\u00fcssen Sie:<\/p>\n<ul>\n<li>10 Jahre oder \u00e4lter sein<\/li>\n<li>Ein zertifizierter <a href=\"https:\/\/www.blackturtledive.com\/padi-diving-courses\/\">Open Water Taucher<\/a> oder h\u00f6her sein<\/li>\n<li>Medizinisch fit zum Tauchen sein<\/li>\n<\/ul>\n<p>Wir f\u00fchren das PADI Scuba Review Programm \u00fcber einen halben Tag durch, entweder am Morgen oder am Nachmittag.<\/p>\n<p>Das Programm besteht aus drei Abschnitten:<\/p>\n<ul>\n<li><span style=\"color: #28d4ff;\">Wissensentwicklung<\/span> &#8211; Ihr Instructor wird Sie durch das Scuba Tune Up Handbuch f\u00fchren, das Ihnen hilft, Ihr grundliegendes Tauchwissen aufzufrischen.<\/li>\n<\/ul>\n<p>Es gibt eine einfache \u00dcberpr\u00fcfung mit 34 Fragen, die Sie ausf\u00fcllen m\u00fcssen, um sicherzustellen, dass Sie alles verstehen.<\/p>\n<ul>\n<li><span style=\"color: #28d4ff;\">Training im begrenzten Wasser<\/span> &#8211; durchgef\u00fchrt in einer der vielen <a href=\"https:\/\/www.blackturtledive.com\/koh-tao\/activities-things-to-do\/\">sch\u00f6nen flachen Buchten<\/a> rund um die Insel, frischen wir Ihre grundlegenden Tauchf\u00e4higkeiten mit einem F\u00e4higkeitskreis von 24 F\u00e4higkeiten auf.<\/li>\n<\/ul>\n<p>Ihr Instructor wird zun\u00e4chst demonstrieren, dann haben Sie die Gelegenheit, zu wiederholen, zu \u00fcben und zu perfektionieren. Einige der F\u00e4higkeiten, die Sie auffrischen werden, sind:<\/p>\n<p>&#8211; Regulatorreinigung &amp; -wiederherstellung<\/p>\n<p>&#8211; Maskenabnahme und -ersetzung<br \/>\n&#8211; Neutrale Auftriebskraft<br \/>\n&#8211; Schwimmen, Streamlining und Trim<br \/>\n&#8211; Unterwasserk Kommunikation und Handzeichen<br \/>\n&#8211; Open Water Mini-Tauchgang &#8211; Nach dem F\u00e4higkeitskreis, wenn noch Luft in Ihrem Zylinder bleibt, k\u00f6nnen wir dies nutzen und einen flachen Tauchgang rund um das sch\u00f6ne Korallenriff machen.<\/p>\n<p><a class=\"fasc-button fasc-size-large fasc-type-flat\" style=\"background-color: #33809e; color: #ffffff;\" href=\"https:\/\/www.blackturtledive.com\/diving-course-prices\/#advanced\">JETZT BUCHEN<\/a><\/p>\n<p>Bei <span style=\"color: #28d4ff;\">Black Turtle Dive<\/span> nehmen wir unser <a href=\"https:\/\/www.blackturtledive.com\/about-us\/our-customer-promise\/\">Kundenversprechen<\/a> sehr ernst. Unsere Scuba Reviews werden mit maximal 2 Sch\u00fclern pro PADI Instructor durchgef\u00fchrt.<\/p>\n<p>Unsere Instructors sind hochqualifiziert und stellen sicher, dass Sie viel Aufmerksamkeit erhalten und in einem entspannten Umfeld in Ihrem eigenen Tempo Fortschritte machen.<\/p>\n<p>W\u00e4hrend Ihres Scuba Reviews werden wir langsam Ihr Vertrauen aufbauen, w\u00e4hrend Sie Ihr Wissen und die Tauchf\u00e4higkeiten auffrischen, die notwendig sind, um Ihre Tauchg\u00e4nge rund um die <a href=\"https:\/\/www.blackturtledive.com\/conservation\/marine-conservation-courses\/\">Korallenriffe von Koh Tao<\/a> zu genie\u00dfen.<\/p>\n<h3><span style=\"color: #28d4ff;\">Koh Tao Scuba Review Zeitplan<\/span><\/h3>\n<p>Der Zeitplan f\u00fcr das Scuba Review ist flexibel und wir k\u00f6nnen uns nach Ihren pers\u00f6nlichen Bed\u00fcrfnissen und Zeitrahmen richten.<\/p>\n<p>Bitte fragen Sie uns nach speziellen W\u00fcnschen, die Sie haben, entweder per <a href=\"https:\/\/www.blackturtledive.com\/contact-us\/\">E-Mail<\/a> oder \u00fcber eine der Messenger-Apps auf dieser Seite.&nbsp;<\/p>\n<p><a href=\"https:\/\/www.blackturtledive.com\/de\/\">Black Turtle Dive<\/a> Scuba Review cost:<\/p>\n<p>Scuba Review: <strong>2.200 baht <\/strong><\/p>\n<p>Additional Fun Dive: <strong>1,000 baht <\/strong><\/p>\n<p>Scuba Review Zeitplan:<\/p>\n<p><span style=\"color: #28d4ff;\"><strong>Tag 1<\/strong>:<\/span><\/p>\n<p>11.00 &#8211; 12.30: Orientierung gefolgt von der Fertigstellung des Scuba Tune Up Handbuchs<br \/>\n12.30 &#8211; 17.30: Vollst\u00e4ndiger F\u00e4higkeitskreis im flachen Wasser und ein Mini-Tauchgang*<\/p>\n<p>*<em>sofern der Luftverbrauch es zul\u00e4sst<\/em><\/p>\n<p><a class=\"fasc-button fasc-size-large fasc-type-flat\" style=\"background-color: #33809e; color: #ffffff;\" href=\"https:\/\/www.blackturtledive.com\/diving-course-prices\/#advanced\">JETZT BUCHEN<\/a><\/p>\n<p>PADI Scuba Review Informationen<\/p>\n<h3>Orientierung &amp; Wissensentwicklung<\/h3>\n<p>Ihr Instructor wird Sie wieder in die grundlegenden Konzepte einf\u00fchren, einschlie\u00dflich der Effekte des Drucks und wie man die Ohren ausgleicht.<\/p>\n<p>Die Bedeutung der richtigen Atemtechniken und warum Sie <span style=\"color: #28d4ff;\"><em>niemals den Atem anhalten sollten<\/em><\/span>.<\/p>\n<p>Wir werden auch Handzeichen besprechen sowie die Wichtigkeit von Sicherheit und in der N\u00e4he Ihres Instructors zu bleiben.<\/p>\n<p>Die vom Instructor gef\u00fchrte Wissensentwicklungssitzung sowie der Papierkram werden etwa 45 Minuten in Anspruch nehmen.<\/p>\n<h3>Training im flachen &amp; begrenzten Wasser<\/h3>\n<p>Wir werden Sie erneut in das Tauchen <em><span style=\"color: #28d4ff;\">im flachen Wasser<\/span><\/em> einf\u00fchren, zu Beginn durch den Regulator atmen und die Ohren ausgleichen, bevor wir mit dem \u00dcben der F\u00e4higkeiten beginnen.<\/p>\n<p>Ihr Instructor wird jede F\u00e4higkeit demonstrieren, danach haben Sie Zeit, um zu versuchen, zu \u00fcben und schlie\u00dflich zu perfektionieren.<\/p>\n<h3><span style=\"color: #28d4ff;\">Open Water Tauchg\u00e4nge &#8211; Entdecken Sie den Ozean<\/span><\/h3>\n<p>Jetzt, da Sie sich mit Ihren Unterwasserf\u00e4higkeiten wohlf\u00fchlen, ist es an der Zeit, dass der wahre Spa\u00df beginnt. Es ist Zeit, den Ozean zu<a href=\"https:\/\/www.blackturtledive.com\/blog\/10-interesting-facts-about-koh-tao-dive-sites\/\"> erkunden<\/a>.<\/p>\n<p>Ausgehend vom flachen Wasser werden wir Sie rund um das Korallenriff f\u00fchren, sofern gen\u00fcgend Luft vorhanden ist, und einen Mini-Tauchgang durchf\u00fchren, damit Sie sich anpassen und wohlf\u00fchlen k\u00f6nnen, w\u00e4hrend wir auf einige der coolen Meereslebewesen hinweisen.<\/p>\n<p><a class=\"fasc-button fasc-size-large fasc-type-flat\" style=\"background-color: #33809e; color: #ffffff;\" href=\"https:\/\/www.blackturtledive.com\/diving-course-prices\/#advanced\">JETZT BUCHEN<\/a>[\/vc_column_text][\/vc_column][\/vc_row]<\/p>\n<\/div>","protected":false},"excerpt":{"rendered":"<p>Ein PADI-Tauchkurs ist eine hervorragende M\u00f6glichkeit, Ihr Wissen und Ihre praktischen Tauchfertigkeiten aufzufrischen, bevor Sie tauchen gehen, um sicherzustellen, dass Ihre geplanten Tauchg\u00e4nge angenehm, sicher und voller Spa\u00df sind.<\/p>\n","protected":false},"author":2,"featured_media":17881,"parent":18735,"menu_order":0,"comment_status":"closed","ping_status":"closed","template":"","meta":{"_acf_changed":false,"footnotes":""},"class_list":["post-18683","page","type-page","status-publish","has-post-thumbnail","hentry"],"acf":[],"yoast_head":"<!-- This site is optimized with the Yoast SEO Premium plugin v27.6 (Yoast SEO v27.6) - https:\/\/yoast.com\/product\/yoast-seo-premium-wordpress\/ -->\n<title>PADI Auffrischungskurse auf Koh Tao | Black Turtle Dive<\/title>\n<meta name=\"description\" content=\"Ein PADI-Tauchkurs auf Koh Tao ist eine hervorragende M\u00f6glichkeit, Ihr Wissen und Ihre Tauchfertigkeiten aufzufrischen, bevor Sie tauchen gehen, damit Ihre geplanten Tauchg\u00e4nge ein voller Erfolg werden.\" \/>\n<meta name=\"robots\" content=\"index, follow, max-snippet:-1, max-image-preview:large, max-video-preview:-1\" \/>\n<link rel=\"canonical\" href=\"https:\/\/www.blackturtledive.com\/de\/padi-diving-courses\/scuba-review\/\" \/>\n<meta property=\"og:locale\" content=\"de_DE\" \/>\n<meta property=\"og:type\" content=\"article\" \/>\n<meta property=\"og:title\" content=\"PADI Scuba Review on Koh Tao | Black Turtle Dive\" \/>\n<meta property=\"og:description\" content=\"PADI Scuba Review on Koh Tao is a great way to refresh your knowledge and diving skills before going diving to ensure your planned fun dives are enjoyable\" \/>\n<meta property=\"og:url\" content=\"https:\/\/www.blackturtledive.com\/de\/padi-diving-courses\/scuba-review\/\" \/>\n<meta property=\"og:site_name\" content=\"Black Turtle Dive Koh Tao\" \/>\n<meta property=\"article:publisher\" content=\"https:\/\/www.facebook.com\/blackturtledive\" \/>\n<meta property=\"article:modified_time\" content=\"2026-05-05T23:10:08+00:00\" \/>\n<meta property=\"og:image\" content=\"https:\/\/www.blackturtledive.com\/wp-content\/uploads\/2020\/11\/blackturtledive.com-best-padi-divemaster-course-koh-tao.jpg\" \/>\n\t<meta property=\"og:image:width\" content=\"1200\" \/>\n\t<meta property=\"og:image:height\" content=\"800\" \/>\n\t<meta property=\"og:image:type\" content=\"image\/jpeg\" \/>\n<meta name=\"twitter:card\" content=\"summary_large_image\" \/>\n<meta name=\"twitter:title\" content=\"PADI Scuba Review on Koh Tao | Black Turtle Dive\" \/>\n<meta name=\"twitter:description\" content=\"PADI Scuba Review on Koh Tao is a great way to refresh your knowledge and diving skills before going diving to ensure your planned fun dives are enjoyable\" \/>\n<meta name=\"twitter:image\" content=\"https:\/\/www.blackturtledive.com\/wp-content\/uploads\/2020\/11\/blackturtledive.com-best-padi-divemaster-course-koh-tao.jpg\" \/>\n<meta name=\"twitter:site\" content=\"@blackturtledive\" \/>\n<meta name=\"twitter:label1\" content=\"Gesch\u00e4tzte Lesezeit\" \/>\n\t<meta name=\"twitter:data1\" content=\"4\u00a0Minuten\" \/>\n<!-- \/ Yoast SEO Premium plugin. -->","yoast_head_json":{"title":"PADI Auffrischungskurse auf Koh Tao | Black Turtle Dive","description":"Ein PADI-Tauchkurs auf Koh Tao ist eine hervorragende M\u00f6glichkeit, Ihr Wissen und Ihre Tauchfertigkeiten aufzufrischen, bevor Sie tauchen gehen, damit Ihre geplanten Tauchg\u00e4nge ein voller Erfolg werden.","robots":{"index":"index","follow":"follow","max-snippet":"max-snippet:-1","max-image-preview":"max-image-preview:large","max-video-preview":"max-video-preview:-1"},"canonical":"https:\/\/www.blackturtledive.com\/de\/padi-diving-courses\/scuba-review\/","og_locale":"de_DE","og_type":"article","og_title":"PADI Scuba Review on Koh Tao | Black Turtle Dive","og_description":"PADI Scuba Review on Koh Tao is a great way to refresh your knowledge and diving skills before going diving to ensure your planned fun dives are enjoyable","og_url":"https:\/\/www.blackturtledive.com\/de\/padi-diving-courses\/scuba-review\/","og_site_name":"Black Turtle Dive Koh Tao","article_publisher":"https:\/\/www.facebook.com\/blackturtledive","article_modified_time":"2026-05-05T23:10:08+00:00","og_image":[{"width":1200,"height":800,"url":"https:\/\/www.blackturtledive.com\/wp-content\/uploads\/2020\/11\/blackturtledive.com-best-padi-divemaster-course-koh-tao.jpg","type":"image\/jpeg"}],"twitter_card":"summary_large_image","twitter_title":"PADI Scuba Review on Koh Tao | Black Turtle Dive","twitter_description":"PADI Scuba Review on Koh Tao is a great way to refresh your knowledge and diving skills before going diving to ensure your planned fun dives are enjoyable","twitter_image":"https:\/\/www.blackturtledive.com\/wp-content\/uploads\/2020\/11\/blackturtledive.com-best-padi-divemaster-course-koh-tao.jpg","twitter_site":"@blackturtledive","twitter_misc":{"Gesch\u00e4tzte Lesezeit":"4\u00a0Minuten"},"schema":{"@context":"https:\/\/schema.org","@graph":[{"@type":"WebPage","@id":"https:\/\/www.blackturtledive.com\/de\/padi-diving-courses\/scuba-review\/","url":"https:\/\/www.blackturtledive.com\/de\/padi-diving-courses\/scuba-review\/","name":"PADI Auffrischungskurse auf Koh Tao | Black Turtle Dive","isPartOf":{"@id":"https:\/\/www.blackturtledive.com\/de\/#website"},"primaryImageOfPage":{"@id":"https:\/\/www.blackturtledive.com\/de\/padi-diving-courses\/scuba-review\/#primaryimage"},"image":{"@id":"https:\/\/www.blackturtledive.com\/de\/padi-diving-courses\/scuba-review\/#primaryimage"},"thumbnailUrl":"https:\/\/www.blackturtledive.com\/wp-content\/uploads\/2020\/11\/blackturtledive.com-scuba-review-of-dive-skills.jpg","datePublished":"2020-09-19T15:41:32+00:00","dateModified":"2026-05-05T23:10:08+00:00","description":"Ein PADI-Tauchkurs auf Koh Tao ist eine hervorragende M\u00f6glichkeit, Ihr Wissen und Ihre Tauchfertigkeiten aufzufrischen, bevor Sie tauchen gehen, damit Ihre geplanten Tauchg\u00e4nge ein voller Erfolg werden.","breadcrumb":{"@id":"https:\/\/www.blackturtledive.com\/de\/padi-diving-courses\/scuba-review\/#breadcrumb"},"inLanguage":"de","potentialAction":[{"@type":"ReadAction","target":["https:\/\/www.blackturtledive.com\/de\/padi-diving-courses\/scuba-review\/"]}]},{"@type":"ImageObject","inLanguage":"de","@id":"https:\/\/www.blackturtledive.com\/de\/padi-diving-courses\/scuba-review\/#primaryimage","url":"https:\/\/www.blackturtledive.com\/wp-content\/uploads\/2020\/11\/blackturtledive.com-scuba-review-of-dive-skills.jpg","contentUrl":"https:\/\/www.blackturtledive.com\/wp-content\/uploads\/2020\/11\/blackturtledive.com-scuba-review-of-dive-skills.jpg","width":1200,"height":800,"caption":"PADI scuba review of skills"},{"@type":"BreadcrumbList","@id":"https:\/\/www.blackturtledive.com\/de\/padi-diving-courses\/scuba-review\/#breadcrumb","itemListElement":[{"@type":"ListItem","position":1,"name":"Home","item":"https:\/\/www.blackturtledive.com\/de\/"},{"@type":"ListItem","position":2,"name":"PADI Tauchkurse","item":"https:\/\/www.blackturtledive.com\/de\/padi-diving-courses\/"},{"@type":"ListItem","position":3,"name":"Auffrischungskurs"}]},{"@type":"WebSite","@id":"https:\/\/www.blackturtledive.com\/de\/#website","url":"https:\/\/www.blackturtledive.com\/de\/","name":"Black Turtle Dive Koh Tao","description":"Ocean Explorers | Marine Protectors","publisher":{"@id":"https:\/\/www.blackturtledive.com\/de\/#organization"},"alternateName":"Black Turtle Dive in Thailand","potentialAction":[{"@type":"SearchAction","target":{"@type":"EntryPoint","urlTemplate":"https:\/\/www.blackturtledive.com\/de\/?s={search_term_string}"},"query-input":{"@type":"PropertyValueSpecification","valueRequired":true,"valueName":"search_term_string"}}],"inLanguage":"de"},{"@type":"Organization","@id":"https:\/\/www.blackturtledive.com\/de\/#organization","name":"Black Turtle Dive Koh Tao","alternateName":"Black Turtle Dive","url":"https:\/\/www.blackturtledive.com\/de\/","logo":{"@type":"ImageObject","inLanguage":"de","@id":"https:\/\/www.blackturtledive.com\/de\/#\/schema\/logo\/image\/","url":"https:\/\/www.blackturtledive.com\/wp-content\/uploads\/2020\/11\/cropped-blackturtledive.com-brand-logo.png","contentUrl":"https:\/\/www.blackturtledive.com\/wp-content\/uploads\/2020\/11\/cropped-blackturtledive.com-brand-logo.png","width":400,"height":400,"caption":"Black Turtle Dive Koh Tao"},"image":{"@id":"https:\/\/www.blackturtledive.com\/de\/#\/schema\/logo\/image\/"},"sameAs":["https:\/\/www.facebook.com\/blackturtledive","https:\/\/x.com\/blackturtledive","https:\/\/www.instagram.com\/blackturtledive\/","https:\/\/www.youtube.com\/blackturtledive","https:\/\/www.linkedin.com\/company\/blackturtledive\/","https:\/\/www.tumblr.com\/blackturtledive","https:\/\/www.pinterest.com\/blackturtledive\/","https:\/\/www.tiktok.com\/@blackturtledive","https:\/\/www.reddit.com\/user\/blackturtledive\/"],"description":"Black Turtle Dive is a modern and innovative 5 Star Career Development Scuba Diving Center, passionate about the ocean and through training we want to empower you to become a competent and confident scuba diver. Our diving courses equip you with the skills, knowledge and awareness necessary to explore the ocean safely, whilst becoming a passionate advocate and protector of the marine environment. If you have never dived before or are a certified diver and want to develop your skills further, our tailored, bespoke courses and programs will inspire you to become an Ocean advocate. Our scientific based Marine Conservation Internships and training programs, offer aspiring scuba divers and marine conservationists, the best marine conservation internships on Koh Tao. We currently offer students six levels of Marine Conservation Internships at our beachside location on Koh Tao in Thailand. Check out our website for more information.","email":"info@blackturtledive.com","telephone":"089 592 2134","legalName":"Black Turtle Dive Co Ltd","foundingDate":"2020-01-01","publishingPrinciples":"https:\/\/www.blackturtledive.com\/terms\/","ownershipFundingInfo":"https:\/\/www.blackturtledive.com\/terms\/","actionableFeedbackPolicy":"https:\/\/www.blackturtledive.com\/privacy-policy\/","correctionsPolicy":"https:\/\/www.blackturtledive.com\/privacy-policy\/","ethicsPolicy":"https:\/\/www.blackturtledive.com\/privacy-policy\/","diversityPolicy":"https:\/\/www.blackturtledive.com\/privacy-policy\/"}]}},"_links":{"self":[{"href":"https:\/\/www.blackturtledive.com\/de\/wp-json\/wp\/v2\/pages\/18683","targetHints":{"allow":["GET"]}}],"collection":[{"href":"https:\/\/www.blackturtledive.com\/de\/wp-json\/wp\/v2\/pages"}],"about":[{"href":"https:\/\/www.blackturtledive.com\/de\/wp-json\/wp\/v2\/types\/page"}],"author":[{"embeddable":true,"href":"https:\/\/www.blackturtledive.com\/de\/wp-json\/wp\/v2\/users\/2"}],"replies":[{"embeddable":true,"href":"https:\/\/www.blackturtledive.com\/de\/wp-json\/wp\/v2\/comments?post=18683"}],"version-history":[{"count":3,"href":"https:\/\/www.blackturtledive.com\/de\/wp-json\/wp\/v2\/pages\/18683\/revisions"}],"predecessor-version":[{"id":71330,"href":"https:\/\/www.blackturtledive.com\/de\/wp-json\/wp\/v2\/pages\/18683\/revisions\/71330"}],"up":[{"embeddable":true,"href":"https:\/\/www.blackturtledive.com\/de\/wp-json\/wp\/v2\/pages\/18735"}],"wp:featuredmedia":[{"embeddable":true,"href":"https:\/\/www.blackturtledive.com\/de\/wp-json\/wp\/v2\/media\/17881"}],"wp:attachment":[{"href":"https:\/\/www.blackturtledive.com\/de\/wp-json\/wp\/v2\/media?parent=18683"}],"curies":[{"name":"wp","href":"https:\/\/api.w.org\/{rel}","templated":true}]}}