{"id":18696,"date":"2020-09-19T22:24:55","date_gmt":"2020-09-19T15:24:55","guid":{"rendered":"https:\/\/www.blackturtledive.com\/cigarette-butt-challenge\/"},"modified":"2026-05-05T21:25:15","modified_gmt":"2026-05-05T14:25:15","slug":"cigarette-butt-challenge","status":"publish","type":"page","link":"https:\/\/www.blackturtledive.com\/de\/conservation\/land-conservation\/cigarette-butt-challenge\/","title":{"rendered":"Zigarettenstummelchallenge"},"content":{"rendered":"<div class=\"wpb-content-wrapper\"><p>[vc_row][vc_column][vc_column_text css=&#8220;&#8220;]Die Cigarette Butt Challenge ist eine wirkungsvolle Land\u2011Naturschutzaktion auf Koh Tao, die darauf abzielt, den weltweit am h\u00e4ufigsten weggeworfenen Gegenstand aus den K\u00fcsten\u00f6kosystemen der Insel zu entfernen.<\/p>\n<p>Freiwillige sammeln und quantifizieren weggeworfene Filter, welche giftige Chemikalien und Mikroplastik in Sand und Meer auslaugen, und verhindern so effektiv, dass diese Schadstoffe das Riff erreichen.<\/p>\n<p>Da ein einzelner Zigarettenstummel bis zu 1.000 Liter Wasser kontaminieren kann, liefert diese Aktion wichtige Daten f\u00fcr lokale Abfallwirtschaftsstrategien und sch\u00fctzt zugleich die Nistpl\u00e4tze der Meeresschildkr\u00f6ten von Koh Tao.<\/p>\n<h3><span style=\"color: #28d4ff;\">Sauberhalten der Str\u00e4nde von Koh Tao von Zigarettenstummeln<\/span><\/h3>\n<p>Obwohl Bewegungen zum Verbot von Plastikt\u00fcten und sp\u00e4ter Plastikstrohhalmen in den letzten Jahren gr\u00f6\u00dfere Aufmerksamkeit erhalten haben, sind es Zigarettenstummel, die die gr\u00f6\u00dfte einzelne Quelle der Verschmutzung in unseren Ozeanen, Meeren und Fl\u00fcssen darstellen.<\/p>\n<p>Die meisten Menschen sehen keinen Zusammenhang zwischen einer auf die Stra\u00dfe geworfenen Zigarette und der Gefahr, die sie f\u00fcr Meereslebewesen sowie f\u00fcr unsere gesamten <a href=\"https:\/\/www.blackturtledive.com\/conservation\/\">marinen \u00d6kosysteme<\/a> darstellt.<\/p>\n<p>Aufgrund der Vernetzung der weltweiten Wassersysteme gelangen deutlich mehr Zigarettenstummel in unsere Ozeane, als von Booten oder an Str\u00e4nden weggeworfen werden.<\/p>\n<p>Sobald die Stummel ins Wasser gelangen, l\u00f6sen sich die darin enthaltenen Chemikalien und vergiften die Umwelt mit schwerwiegenden Folgen f\u00fcr <a href=\"https:\/\/www.blackturtledive.com\/koh-tao-marine-life\/\">Meeresfauna<\/a> und -flora.<\/p>\n<p>Und es gibt viele Zigarettenstummel, die nicht verantwortungsvoll entsorgt wurden.<\/p>\n<figure id=\"attachment_1125\" aria-describedby=\"caption-attachment-1125\" style=\"width: 1100px\" class=\"wp-caption alignnone\"><img decoding=\"async\" class=\"size-full wp-image-1125\" src=\"https:\/\/www.blackturtledive.com\/wp-content\/uploads\/2020\/11\/blackturtledive.com-cigarette-butt-beach-clean-ups-koh-tao.jpg\" alt=\"Zigarettenstummel-Strandreinigungs-Challenges Koh Tao\" width=\"1100\" height=\"733\" srcset=\"https:\/\/www.blackturtledive.com\/wp-content\/uploads\/2020\/11\/blackturtledive.com-cigarette-butt-beach-clean-ups-koh-tao.jpg 1100w, https:\/\/www.blackturtledive.com\/wp-content\/uploads\/2020\/11\/blackturtledive.com-cigarette-butt-beach-clean-ups-koh-tao-300x200.jpg 300w, https:\/\/www.blackturtledive.com\/wp-content\/uploads\/2020\/11\/blackturtledive.com-cigarette-butt-beach-clean-ups-koh-tao-1024x682.jpg 1024w, https:\/\/www.blackturtledive.com\/wp-content\/uploads\/2020\/11\/blackturtledive.com-cigarette-butt-beach-clean-ups-koh-tao-768x512.jpg 768w, https:\/\/www.blackturtledive.com\/wp-content\/uploads\/2020\/11\/blackturtledive.com-cigarette-butt-beach-clean-ups-koh-tao-150x100.jpg 150w, https:\/\/www.blackturtledive.com\/wp-content\/uploads\/2020\/11\/blackturtledive.com-cigarette-butt-beach-clean-ups-koh-tao-450x300.jpg 450w\" sizes=\"(max-width: 1100px) 100vw, 1100px\" \/><figcaption id=\"caption-attachment-1125\" class=\"wp-caption-text\">Zigarettenstummel-Strandreinigungs-Challenges Koh Tao<\/figcaption><\/figure>\n<h3>Interessante Fakten \u00fcber Zigarettenstummel<\/h3>\n<ul>\n<li>Weltweit werden j\u00e4hrlich \u00fcber 6 Billionen Zigaretten verkauft.<\/li>\n<li>Sch\u00e4tzungsweise wird im Durchschnitt mehr als jede dritte gerauchte Zigarette auf Stra\u00dfen, Str\u00e4nden, in Gew\u00e4ssern und Parks weggeworfen.<\/li>\n<li>Die Weltgesundheitsorganisation (WHO) sch\u00e4tzt, dass <span style=\"color: #28d4ff;\"><em>j\u00e4hrlich zwischen 340 und 680 Millionen Kilogramm Abfall aus Tabakprodukten weltweit als M\u00fcll landen<\/em><\/span>.<\/li>\n<\/ul>\n<p>Was ist die eigentliche Ursache des Problems? Was steckt in einem Zigarettenfilter, der so giftig ist?<\/p>\n<ul>\n<li>Laut WHO <span style=\"color: #28d4ff;\"><em>enthalten Zigaretten \u00fcber 7000 giftige Chemikalien, darunter bekannte krebserregende Stoffe<\/em><\/span> \u2013 das stellt eine erhebliche Gefahr f\u00fcr die Umwelt dar.<\/li>\n<li>Berichten zufolge machen \u00fcber 40 % des gesamten in einigen Gebieten des Mittelmeers gefundenen M\u00fclls Zigarettenstummel aus. Dies ist giftiger Abfall, der auf unseren Stra\u00dfen, in Abfl\u00fcssen und letztlich in unseren Ozeanen und Wasserversorgungen landet.<\/li>\n<li>Die Filter bestehen aus Celluloseacetat, einem Kunststoff, der Jahrzehnte ben\u00f6tigt, um sich zu zersetzen.<\/li>\n<\/ul>\n<h3><span style=\"color: #28d4ff;\">Arten der Verschmutzung durch Zigarettenstummel<\/span><\/h3>\n<p>Zigarettenfilter (auch Stummel genannt) enthalten Giftstoffe wie Nikotin, Arsen, Blei, Cadmium, Kupfer, Chrom, Ethylphenol und polyzyklische aromatische Kohlenwasserstoffe.<\/p>\n<p>Wenn sie in unsere Gew\u00e4sser gelangen, verursachen sie toxische Verschmutzung, die alle Lebewesen und alles beeinflusst, das in oder von diesen Gew\u00e4ssern lebt.<\/p>\n<p>Dies stellt eine klare und gegenw\u00e4rtige Gefahr f\u00fcr das gesamte Marine-\u00d6kosystem sowie f\u00fcr Pflanzen und Menschen dar.<\/p>\n<p>Die schwerwiegenden Folgen der toxischen Wirkung von Zigarettenstummeln auf unsere Ozeane, Fl\u00fcsse und B\u00e4che werden in einer 2011 durchgef\u00fchrten Studie zur Toxizit\u00e4t von Zigarettenstummeln f\u00fcr Meereslebewesen hervorgehoben.<\/p>\n<p>Diese Studie der Universit\u00e4t San Diego zeigte, dass Zigarettenstummel akut toxisch f\u00fcr Meer- und S\u00fc\u00dfwasserfische sind.<\/p>\n<p>Die Studie kam zu dem Ergebnis, dass gerauchte Zigaretten Filter mit noch vorhandener Tabak Restmenge bereits bei Konzentrationen von nur einem Stummel pro Liter Wasser toxisch f\u00fcr Fischarten sind.<\/p>\n<p>Gebrauchte Zigarettenstummel ohne Tabakreste erwiesen sich als toxisch bei <a href=\"https:\/\/www.ncbi.nlm.nih.gov\/pmc\/articles\/PMC3088407\/\" target=\"_blank\" rel=\"noopener\">2 &amp; 4 Stummeln pro Liter Wasser<\/a>. Unbenutzte Filter ohne Tabak waren bei Konzentrationen von 5 bis 13 Stummeln pro Liter toxisch.<\/p>\n<h3>Was wird dagegen unternommen?<\/h3>\n<p>Einige Beh\u00f6rden weltweit verh\u00e4ngen Bu\u00dfgelder f\u00fcr das Wegwerfen von Zigarettenstummeln, doch dies hat die gro\u00dfe Zahl an Stummeln, die in unseren Ozeanen landen, kaum verringert.<\/p>\n<p>Es gab zudem wenig Gesetzgebung zur Herstellung und <span style=\"color: #28d4ff;\">Entsorgung von Zigarettenstummeln<\/span>, insbesondere in den USA und der EU.<\/p>\n<p>Das k\u00f6nnte sich jedoch \u00e4ndern. Eine neue EU-Richtlinie zur Verringerung der Umweltbelastung durch bestimmte Kunststoffe Verschmutzungen trat im Juli 2019 in Kraft.<\/p>\n<p>Das ist das erste Mal, dass die EU das Problem der Kunststoff Verschmutzung in Gew\u00e4ssern als eigenst\u00e4ndiges Problem in strukturierter Form angeht.<\/p>\n<p>Ziel ist es, Meeresm\u00fcll zu reduzieren; bezogen auf Tabakerzeugnisse erkennt die Richtlinie an;<\/p>\n<p><span style=\"color: #28d4ff;\"><em>\u201eDie erheblichen Umweltauswirkungen durch Post-Consumer-Abf\u00e4lle von Tabakerzeugnissen mit Filtern, die Kunststoff enthalten und direkt in die Umwelt gelangen, m\u00fcssen reduziert werden.\u201c<\/em><\/span><\/p>\n<p>Die meisten Ma\u00dfnahmen der Richtlinie m\u00fcssen von allen EU-Mitgliedsstaaten bis Juli 2021 umgesetzt werden und sehen das Prinzip der <em><span style=\"color: #28d4ff;\">erweiterten Herstellerverantwortung<\/span>.<\/em><\/p>\n<p>Dies w\u00fcrde im Fall von Zigarettenfiltern bedeuten, dass die Tabakunternehmen f\u00fcr den gesamten Abfall verantwortlich w\u00e4ren, der durch ihre Produkte entsteht.<\/p>\n<p>Die Richtlinie fordert die Industrie zudem auf, innovative und praktikable Alternativen zu Zigarettenfiltern zu entwickeln, die kein Plastik und keine sch\u00e4dlichen Chemikalien enthalten.<\/p>\n<figure id=\"attachment_2973\" aria-describedby=\"caption-attachment-2973\" style=\"width: 1000px\" class=\"wp-caption alignnone\"><img decoding=\"async\" class=\"size-full wp-image-2973\" src=\"https:\/\/www.blackturtledive.com\/wp-content\/uploads\/2020\/12\/blackturtledive.com-beach-clean-on-koh-tao.jpg\" alt=\"Land Naturschutz - Strandreinigung Koh Tao\" width=\"1000\" height=\"563\" srcset=\"https:\/\/www.blackturtledive.com\/wp-content\/uploads\/2020\/12\/blackturtledive.com-beach-clean-on-koh-tao.jpg 1000w, https:\/\/www.blackturtledive.com\/wp-content\/uploads\/2020\/12\/blackturtledive.com-beach-clean-on-koh-tao-300x169.jpg 300w, https:\/\/www.blackturtledive.com\/wp-content\/uploads\/2020\/12\/blackturtledive.com-beach-clean-on-koh-tao-768x432.jpg 768w, https:\/\/www.blackturtledive.com\/wp-content\/uploads\/2020\/12\/blackturtledive.com-beach-clean-on-koh-tao-150x84.jpg 150w\" sizes=\"(max-width: 1000px) 100vw, 1000px\" \/><figcaption id=\"caption-attachment-2973\" class=\"wp-caption-text\">Land Naturschutz &#8211; Strandreinigung Koh Tao<\/figcaption><\/figure>\n<h3>Die Cigarette Butt Challenge Bewegung<\/h3>\n<p>Die Cigarette Butt Challenge ist k\u00fcrzlich zu einer Bewegung geworden, die B\u00fcrger weltweit mobilisieren soll, um umweltbewusster zu handeln.<\/p>\n<p>Das Konzept ist einfach.<\/p>\n<p>Wann immer Sie spazieren gehen, nehmen Sie eine Flasche mit und f\u00fcllen Sie sie mit Zigarettenstummeln.<\/p>\n<p>Machen Sie dann ein Foto und teilen Sie es zusammen mit einem Hashtag wie #FillTheBottle oder #trashless challenge oder in Frankreich #megotchallenge (Cigarette butt challenge in French)<\/p>\n<p>Im Vereinigten K\u00f6nigreich gibt es die #BintheButt-Kampagne mit einem kurzen Video, das das Problem der \u00d6ffentlichkeit sehr gut erkl\u00e4rt.<\/p>\n<p>Es gibt auch Organisationen wie das Cigarette Butt Pollution Project, die daran arbeiten, die Umweltbelastung durch Zigarettenstummel zu verringern, indem sie Regierungen, Gemeinden, Umweltorganisationen und Einzelpersonen Expertise und Unterst\u00fctzung anbieten.<\/p>\n<p>Was wir gegen Zigarettenverschmutzung bei <a href=\"https:\/\/www.blackturtledive.com\">Black Turtle Dive<\/a> tun.<\/p>\n<p>Wir f\u00fchren einmal pro Woche die 30-Minuten-Cigarette-Butt-Challenge durch; sie ist au\u00dferdem Teil unserer <a href=\"https:\/\/www.blackturtledive.com\/scuba-diving-internship\/divemaster-internship\/\">Divemaster<\/a>-, <a href=\"https:\/\/www.blackturtledive.com\/scuba-diving-internship\/diving-instructor-internship\/\">Instructor<\/a>&#8211; und <a href=\"https:\/\/www.blackturtledive.com\/marine-conservation-internships\/\">Conservation-Praktikumsprogramme<\/a>.<\/p>\n<p>Das Ziel ist simpel: Versuchen Sie, so viele Zigarettenstummel wie m\u00f6glich aufzusammeln. Die Regeln? Sie haben drei\u00dfig Minuten Zeit, so viele Zigarettenstummel wie m\u00f6glich zu sammeln.<\/p>\n<p>Im Bereich von Black Turtle Dive am<a href=\"https:\/\/www.blackturtledive.com\/koh-tao\/beaches\/\"> Strand<\/a> stellen wir au\u00dferdem gekennzeichnete Sandbeh\u00e4lter f\u00fcr Zigarettenstummel bereit, damit Strandbesucher ihre abgerauchten Zigaretten nach dem Rauchen ordnungsgem\u00e4\u00df entsorgen k\u00f6nnen.[\/vc_column_text][\/vc_column][\/vc_row]<\/p>\n<\/div>","protected":false},"excerpt":{"rendered":"<p>Zigarettenkippen haben enorme Auswirkungen auf das Land, unsere Ozeane und die Meereslebewesen, da sie giftige Chemikalien in die Umwelt abgeben. Gemeindebasierte Organisationen auf Koh Tao organisieren daher Strandreinigungen zur Beseitigung von Zigarettenkippen.<\/p>\n","protected":false},"author":2,"featured_media":17918,"parent":18699,"menu_order":0,"comment_status":"closed","ping_status":"closed","template":"","meta":{"_acf_changed":false,"footnotes":""},"class_list":["post-18696","page","type-page","status-publish","has-post-thumbnail","hentry"],"acf":[],"yoast_head":"<!-- This site is optimized with the Yoast SEO Premium plugin v27.6 (Yoast SEO v27.6) - https:\/\/yoast.com\/product\/yoast-seo-premium-wordpress\/ -->\n<title>Zigarettenstummel-Challenge Koh Tao | Black Turtle Dive<\/title>\n<meta name=\"description\" content=\"Die \u201eCigarette Butt Challenge\u201c auf Koh Tao ist eine Aufr\u00e4umaktion, die dazu beitr\u00e4gt, Zigarettenkippen zu sammeln und zu entsorgen, bevor sie ins Meer gelangen.\" \/>\n<meta name=\"robots\" content=\"index, follow, max-snippet:-1, max-image-preview:large, max-video-preview:-1\" \/>\n<link rel=\"canonical\" href=\"https:\/\/www.blackturtledive.com\/de\/conservation\/land-conservation\/cigarette-butt-challenge\/\" \/>\n<meta property=\"og:locale\" content=\"de_DE\" \/>\n<meta property=\"og:type\" content=\"article\" \/>\n<meta property=\"og:title\" content=\"Cigarette Butt Challenge Koh Tao | Black Turtle Dive\" \/>\n<meta property=\"og:description\" content=\"Cigarette Butt Challenge on Koh Tao is a clean up initiative to help collect and dispose of cigarette butts before they find their way into the ocean\" \/>\n<meta property=\"og:url\" content=\"https:\/\/www.blackturtledive.com\/de\/conservation\/land-conservation\/cigarette-butt-challenge\/\" \/>\n<meta property=\"og:site_name\" content=\"Black Turtle Dive Koh Tao\" \/>\n<meta property=\"article:publisher\" content=\"https:\/\/www.facebook.com\/blackturtledive\" \/>\n<meta property=\"article:modified_time\" content=\"2026-05-05T14:25:15+00:00\" \/>\n<meta property=\"og:image\" content=\"https:\/\/www.blackturtledive.com\/wp-content\/uploads\/2020\/11\/blackturtledive.com-best-padi-divemaster-course-koh-tao.jpg\" \/>\n\t<meta property=\"og:image:width\" content=\"1200\" \/>\n\t<meta property=\"og:image:height\" content=\"800\" \/>\n\t<meta property=\"og:image:type\" content=\"image\/jpeg\" \/>\n<meta name=\"twitter:card\" content=\"summary_large_image\" \/>\n<meta name=\"twitter:title\" content=\"Cigarette Butt Challenge Koh Tao | Black Turtle Dive\" \/>\n<meta name=\"twitter:description\" content=\"Cigarette Butt Challenge on Koh Tao is a clean up initiative to help collect and dispose of cigarette butts before they find their way into the ocean\" \/>\n<meta name=\"twitter:image\" content=\"https:\/\/www.blackturtledive.com\/wp-content\/uploads\/2020\/11\/blackturtledive.com-best-padi-divemaster-course-koh-tao.jpg\" \/>\n<meta name=\"twitter:site\" content=\"@blackturtledive\" \/>\n<meta name=\"twitter:label1\" content=\"Gesch\u00e4tzte Lesezeit\" \/>\n\t<meta name=\"twitter:data1\" content=\"5\u00a0Minuten\" \/>\n<!-- \/ Yoast SEO Premium plugin. -->","yoast_head_json":{"title":"Zigarettenstummel-Challenge Koh Tao | Black Turtle Dive","description":"Die \u201eCigarette Butt Challenge\u201c auf Koh Tao ist eine Aufr\u00e4umaktion, die dazu beitr\u00e4gt, Zigarettenkippen zu sammeln und zu entsorgen, bevor sie ins Meer gelangen.","robots":{"index":"index","follow":"follow","max-snippet":"max-snippet:-1","max-image-preview":"max-image-preview:large","max-video-preview":"max-video-preview:-1"},"canonical":"https:\/\/www.blackturtledive.com\/de\/conservation\/land-conservation\/cigarette-butt-challenge\/","og_locale":"de_DE","og_type":"article","og_title":"Cigarette Butt Challenge Koh Tao | Black Turtle Dive","og_description":"Cigarette Butt Challenge on Koh Tao is a clean up initiative to help collect and dispose of cigarette butts before they find their way into the ocean","og_url":"https:\/\/www.blackturtledive.com\/de\/conservation\/land-conservation\/cigarette-butt-challenge\/","og_site_name":"Black Turtle Dive Koh Tao","article_publisher":"https:\/\/www.facebook.com\/blackturtledive","article_modified_time":"2026-05-05T14:25:15+00:00","og_image":[{"width":1200,"height":800,"url":"https:\/\/www.blackturtledive.com\/wp-content\/uploads\/2020\/11\/blackturtledive.com-best-padi-divemaster-course-koh-tao.jpg","type":"image\/jpeg"}],"twitter_card":"summary_large_image","twitter_title":"Cigarette Butt Challenge Koh Tao | Black Turtle Dive","twitter_description":"Cigarette Butt Challenge on Koh Tao is a clean up initiative to help collect and dispose of cigarette butts before they find their way into the ocean","twitter_image":"https:\/\/www.blackturtledive.com\/wp-content\/uploads\/2020\/11\/blackturtledive.com-best-padi-divemaster-course-koh-tao.jpg","twitter_site":"@blackturtledive","twitter_misc":{"Gesch\u00e4tzte Lesezeit":"5\u00a0Minuten"},"schema":{"@context":"https:\/\/schema.org","@graph":[{"@type":"WebPage","@id":"https:\/\/www.blackturtledive.com\/de\/conservation\/land-conservation\/cigarette-butt-challenge\/","url":"https:\/\/www.blackturtledive.com\/de\/conservation\/land-conservation\/cigarette-butt-challenge\/","name":"Zigarettenstummel-Challenge Koh Tao | Black Turtle Dive","isPartOf":{"@id":"https:\/\/www.blackturtledive.com\/de\/#website"},"primaryImageOfPage":{"@id":"https:\/\/www.blackturtledive.com\/de\/conservation\/land-conservation\/cigarette-butt-challenge\/#primaryimage"},"image":{"@id":"https:\/\/www.blackturtledive.com\/de\/conservation\/land-conservation\/cigarette-butt-challenge\/#primaryimage"},"thumbnailUrl":"https:\/\/www.blackturtledive.com\/wp-content\/uploads\/2020\/11\/blackturtledive.com-cigarette-butt-beach-clean-ups-koh-tao.jpg","datePublished":"2020-09-19T15:24:55+00:00","dateModified":"2026-05-05T14:25:15+00:00","description":"Die \u201eCigarette Butt Challenge\u201c auf Koh Tao ist eine Aufr\u00e4umaktion, die dazu beitr\u00e4gt, Zigarettenkippen zu sammeln und zu entsorgen, bevor sie ins Meer gelangen.","breadcrumb":{"@id":"https:\/\/www.blackturtledive.com\/de\/conservation\/land-conservation\/cigarette-butt-challenge\/#breadcrumb"},"inLanguage":"de","potentialAction":[{"@type":"ReadAction","target":["https:\/\/www.blackturtledive.com\/de\/conservation\/land-conservation\/cigarette-butt-challenge\/"]}]},{"@type":"ImageObject","inLanguage":"de","@id":"https:\/\/www.blackturtledive.com\/de\/conservation\/land-conservation\/cigarette-butt-challenge\/#primaryimage","url":"https:\/\/www.blackturtledive.com\/wp-content\/uploads\/2020\/11\/blackturtledive.com-cigarette-butt-beach-clean-ups-koh-tao.jpg","contentUrl":"https:\/\/www.blackturtledive.com\/wp-content\/uploads\/2020\/11\/blackturtledive.com-cigarette-butt-beach-clean-ups-koh-tao.jpg","width":1100,"height":733,"caption":"Cigarette Butt Beach Clean Challenges Koh Tao"},{"@type":"BreadcrumbList","@id":"https:\/\/www.blackturtledive.com\/de\/conservation\/land-conservation\/cigarette-butt-challenge\/#breadcrumb","itemListElement":[{"@type":"ListItem","position":1,"name":"Home","item":"https:\/\/www.blackturtledive.com\/de\/"},{"@type":"ListItem","position":2,"name":"Conservation","item":"https:\/\/www.blackturtledive.com\/de\/conservation\/"},{"@type":"ListItem","position":3,"name":"Landschutz","item":"https:\/\/www.blackturtledive.com\/de\/conservation\/land-conservation\/"},{"@type":"ListItem","position":4,"name":"Zigarettenstummelchallenge"}]},{"@type":"WebSite","@id":"https:\/\/www.blackturtledive.com\/de\/#website","url":"https:\/\/www.blackturtledive.com\/de\/","name":"Black Turtle Dive Koh Tao","description":"Ocean Explorers | Marine Protectors","publisher":{"@id":"https:\/\/www.blackturtledive.com\/de\/#organization"},"alternateName":"Black Turtle Dive in Thailand","potentialAction":[{"@type":"SearchAction","target":{"@type":"EntryPoint","urlTemplate":"https:\/\/www.blackturtledive.com\/de\/?s={search_term_string}"},"query-input":{"@type":"PropertyValueSpecification","valueRequired":true,"valueName":"search_term_string"}}],"inLanguage":"de"},{"@type":"Organization","@id":"https:\/\/www.blackturtledive.com\/de\/#organization","name":"Black Turtle Dive Koh Tao","alternateName":"Black Turtle Dive","url":"https:\/\/www.blackturtledive.com\/de\/","logo":{"@type":"ImageObject","inLanguage":"de","@id":"https:\/\/www.blackturtledive.com\/de\/#\/schema\/logo\/image\/","url":"https:\/\/www.blackturtledive.com\/wp-content\/uploads\/2020\/11\/cropped-blackturtledive.com-brand-logo.png","contentUrl":"https:\/\/www.blackturtledive.com\/wp-content\/uploads\/2020\/11\/cropped-blackturtledive.com-brand-logo.png","width":400,"height":400,"caption":"Black Turtle Dive Koh Tao"},"image":{"@id":"https:\/\/www.blackturtledive.com\/de\/#\/schema\/logo\/image\/"},"sameAs":["https:\/\/www.facebook.com\/blackturtledive","https:\/\/x.com\/blackturtledive","https:\/\/www.instagram.com\/blackturtledive\/","https:\/\/www.youtube.com\/blackturtledive","https:\/\/www.linkedin.com\/company\/blackturtledive\/","https:\/\/www.tumblr.com\/blackturtledive","https:\/\/www.pinterest.com\/blackturtledive\/","https:\/\/www.tiktok.com\/@blackturtledive","https:\/\/www.reddit.com\/user\/blackturtledive\/"],"description":"Black Turtle Dive is a modern and innovative 5 Star Career Development Scuba Diving Center, passionate about the ocean and through training we want to empower you to become a competent and confident scuba diver. Our diving courses equip you with the skills, knowledge and awareness necessary to explore the ocean safely, whilst becoming a passionate advocate and protector of the marine environment. If you have never dived before or are a certified diver and want to develop your skills further, our tailored, bespoke courses and programs will inspire you to become an Ocean advocate. Our scientific based Marine Conservation Internships and training programs, offer aspiring scuba divers and marine conservationists, the best marine conservation internships on Koh Tao. We currently offer students six levels of Marine Conservation Internships at our beachside location on Koh Tao in Thailand. Check out our website for more information.","email":"info@blackturtledive.com","telephone":"089 592 2134","legalName":"Black Turtle Dive Co Ltd","foundingDate":"2020-01-01","publishingPrinciples":"https:\/\/www.blackturtledive.com\/terms\/","ownershipFundingInfo":"https:\/\/www.blackturtledive.com\/terms\/","actionableFeedbackPolicy":"https:\/\/www.blackturtledive.com\/privacy-policy\/","correctionsPolicy":"https:\/\/www.blackturtledive.com\/privacy-policy\/","ethicsPolicy":"https:\/\/www.blackturtledive.com\/privacy-policy\/","diversityPolicy":"https:\/\/www.blackturtledive.com\/privacy-policy\/"}]}},"_links":{"self":[{"href":"https:\/\/www.blackturtledive.com\/de\/wp-json\/wp\/v2\/pages\/18696","targetHints":{"allow":["GET"]}}],"collection":[{"href":"https:\/\/www.blackturtledive.com\/de\/wp-json\/wp\/v2\/pages"}],"about":[{"href":"https:\/\/www.blackturtledive.com\/de\/wp-json\/wp\/v2\/types\/page"}],"author":[{"embeddable":true,"href":"https:\/\/www.blackturtledive.com\/de\/wp-json\/wp\/v2\/users\/2"}],"replies":[{"embeddable":true,"href":"https:\/\/www.blackturtledive.com\/de\/wp-json\/wp\/v2\/comments?post=18696"}],"version-history":[{"count":1,"href":"https:\/\/www.blackturtledive.com\/de\/wp-json\/wp\/v2\/pages\/18696\/revisions"}],"predecessor-version":[{"id":70932,"href":"https:\/\/www.blackturtledive.com\/de\/wp-json\/wp\/v2\/pages\/18696\/revisions\/70932"}],"up":[{"embeddable":true,"href":"https:\/\/www.blackturtledive.com\/de\/wp-json\/wp\/v2\/pages\/18699"}],"wp:featuredmedia":[{"embeddable":true,"href":"https:\/\/www.blackturtledive.com\/de\/wp-json\/wp\/v2\/media\/17918"}],"wp:attachment":[{"href":"https:\/\/www.blackturtledive.com\/de\/wp-json\/wp\/v2\/media?parent=18696"}],"curies":[{"name":"wp","href":"https:\/\/api.w.org\/{rel}","templated":true}]}}