{"id":18697,"date":"2020-09-19T22:24:14","date_gmt":"2020-09-19T15:24:14","guid":{"rendered":"https:\/\/www.blackturtledive.com\/beach-clean-ups\/"},"modified":"2026-05-05T21:25:16","modified_gmt":"2026-05-05T14:25:16","slug":"beach-clean-ups","status":"publish","type":"page","link":"https:\/\/www.blackturtledive.com\/de\/conservation\/land-conservation\/beach-clean-ups\/","title":{"rendered":"Strandreinigungen"},"content":{"rendered":"<div class=\"wpb-content-wrapper\"><p>[vc_row][vc_column][vc_column_text css=&#8220;&#8220;]Beach\u2011Clean\u2011Ups sind regelm\u00e4\u00dfige Gemeinschaftsaktionen, die von Black Turtle Dive organisiert werden, um M\u00fcll von Koh Taos K\u00fcsten zu entfernen, bevor er ins Meeres\u00f6kosystem gelangen kann.<\/p>\n<p>Freiwillige und Mitarbeiter s\u00e4ubern systematisch Str\u00e4nde wie Mae Haad, sortieren den Abfall, um die h\u00e4ufigsten Schadstoffe zu identifizieren, und kl\u00e4ren die \u00d6ffentlichkeit \u00fcber Abfallvermeidung auf.<\/p>\n<p>Die Daten unserer Aufr\u00e4umaktionen werden an internationale Datenbanken weitergegeben, um die globale Plastik\u2011Krise zu verfolgen und gleichzeitig unsere lokalen Nistpl\u00e4tze f\u00fcr Meeresschildkr\u00f6ten sauber und sicher zu halten.<\/p>\n<h3><span style=\"color: #28d4ff;\">Hilfe, um die Str\u00e4nde von Koh Tao sauber zu halten<\/span><\/h3>\n<p>Im Laufe des letzten Jahrzehnts wurde deutlich, dass wir ein globales Problem mit Meeresm\u00fcll, Abfall und Verschmutzung haben.<\/p>\n<p>Dieses Problem sehen wir an <a href=\"https:\/\/www.blackturtledive.com\/koh-tao\/beaches\/\">unseren Str\u00e4nden<\/a>, besonders nach schlechtem Wetter, und leider auch auf unseren <a href=\"https:\/\/www.blackturtledive.com\/conservation\/marine-conservation-courses\/coral-watch-specialty\/\">Korallenriffen<\/a>.<\/p>\n<p>Dieser M\u00fcll verursacht erheblichen Schaden und Verschmutzung f\u00fcr das <a href=\"https:\/\/www.blackturtledive.com\/conservation\/marine-conservation-courses\/\">\u00d6kosystem<\/a> und stellt eine klare, gegenw\u00e4rtige Gefahr f\u00fcr die <a href=\"https:\/\/www.blackturtledive.com\/koh-tao-marine-life\/\">Meereslebewesen<\/a> dar, die verschiedene Arten von Abfall, einschlie\u00dflich Mikroplastik, fressen und verdauen.<\/p>\n<figure id=\"attachment_2973\" aria-describedby=\"caption-attachment-2973\" style=\"width: 1000px\" class=\"wp-caption alignnone\"><img decoding=\"async\" class=\"size-full wp-image-2973\" src=\"https:\/\/www.blackturtledive.com\/wp-content\/uploads\/2020\/12\/blackturtledive.com-beach-clean-on-koh-tao.jpg\" alt=\"Landschutz - Strandreinigung Koh Tao\" width=\"1000\" height=\"563\" srcset=\"https:\/\/www.blackturtledive.com\/wp-content\/uploads\/2020\/12\/blackturtledive.com-beach-clean-on-koh-tao.jpg 1000w, https:\/\/www.blackturtledive.com\/wp-content\/uploads\/2020\/12\/blackturtledive.com-beach-clean-on-koh-tao-300x169.jpg 300w, https:\/\/www.blackturtledive.com\/wp-content\/uploads\/2020\/12\/blackturtledive.com-beach-clean-on-koh-tao-768x432.jpg 768w, https:\/\/www.blackturtledive.com\/wp-content\/uploads\/2020\/12\/blackturtledive.com-beach-clean-on-koh-tao-150x84.jpg 150w\" sizes=\"(max-width: 1000px) 100vw, 1000px\" \/><figcaption id=\"caption-attachment-2973\" class=\"wp-caption-text\">Landschutz &#8211; Strandreinigung Koh Tao<\/figcaption><\/figure>\n<h3>Meereslebewesen verheddern sich<\/h3>\n<p>Leider k\u00f6nnen auch Meerestiere, darunter <a href=\"https:\/\/www.blackturtledive.com\/conservation\/marine-conservation-courses\/sea-turtle-awareness-specialty\/\">Meeresschildkr\u00f6ten<\/a> und Wale, sich in Meeresm\u00fcll wie Fischernetze verheddern und ertrinken oder gr\u00f6\u00dfere Plastikgegenst\u00e4nde verschlucken, was oft t\u00f6dlich endet. Sie verwechseln Plastik h\u00e4ufig mit Nahrung, und das Plastik erstickt sie oft.<\/p>\n<p>Der Meeresm\u00fcll l\u00e4sst auch unsere sch\u00f6nen Str\u00e4nde und Ozeane unansehnlich und schmutzig aussehen.<\/p>\n<p>Frustrierenderweise kann die lokale Gemeinschaft auf <a href=\"https:\/\/www.blackturtledive.com\/koh-tao\/\">Koh Tao<\/a> wenig gegen diese Verschmutzung pr\u00e4ventiv unternehmen.<\/p>\n<p>Der Meeresm\u00fcll, der auf Koh Tao an den Str\u00e4nden, in unseren Buchten und auf den Riffen angesp\u00fclt wird, ist von der Festlandregion und anderen L\u00e4ndern in der Region, einschlie\u00dflich Thailand, in den Ozean gelangt. Wir haben nur begrenzten Einfluss, um dies zu verhindern.<\/p>\n<figure id=\"attachment_1142\" aria-describedby=\"caption-attachment-1142\" style=\"width: 1100px\" class=\"wp-caption alignnone\"><img decoding=\"async\" class=\"size-full wp-image-1142\" src=\"https:\/\/www.blackturtledive.com\/wp-content\/uploads\/2020\/11\/blackturtledive.com-project-aware-koh-tao.jpg\" alt=\"Project AWARE Spezialkurs Koh Tao\" width=\"1100\" height=\"777\" srcset=\"https:\/\/www.blackturtledive.com\/wp-content\/uploads\/2020\/11\/blackturtledive.com-project-aware-koh-tao.jpg 1100w, https:\/\/www.blackturtledive.com\/wp-content\/uploads\/2020\/11\/blackturtledive.com-project-aware-koh-tao-300x212.jpg 300w, https:\/\/www.blackturtledive.com\/wp-content\/uploads\/2020\/11\/blackturtledive.com-project-aware-koh-tao-1024x723.jpg 1024w, https:\/\/www.blackturtledive.com\/wp-content\/uploads\/2020\/11\/blackturtledive.com-project-aware-koh-tao-768x542.jpg 768w, https:\/\/www.blackturtledive.com\/wp-content\/uploads\/2020\/11\/blackturtledive.com-project-aware-koh-tao-150x106.jpg 150w, https:\/\/www.blackturtledive.com\/wp-content\/uploads\/2020\/11\/blackturtledive.com-project-aware-koh-tao-450x318.jpg 450w\" sizes=\"(max-width: 1100px) 100vw, 1100px\" \/><figcaption id=\"caption-attachment-1142\" class=\"wp-caption-text\">Project AWARE Spezialkurs Koh Tao<\/figcaption><\/figure>\n<h3><span style=\"color: #28d4ff;\">Ocean Trash &#8211; Dive Against Debris<\/span><\/h3>\n<p>Unsere geografische Lage im Herzen S\u00fcdostasiens bedeutet, dass Koh Tao von einigen der gr\u00f6\u00dften Meeresverschmutzer der Welt umgeben ist.<\/p>\n<p>Je nach Meeresstr\u00f6men und Wetterlagen stammt der M\u00fcll, den wir auf Koh Tao finden, aus verschiedenen Regionen und L\u00e4ndern in der Umgebung.<\/p>\n<p>Hier sind einige schockierende Fakten und Zahlen zum Meeresm\u00fcll:<\/p>\n<ul>\n<li>Sch\u00e4tzungen gehen auseinander, aber es wird erwartet, dass j\u00e4hrlich zwischen 6 und 8 Millionen Tonnen Abfall in die Weltmeere gelangen.<\/li>\n<li>Plastik ist die gr\u00f6\u00dfte Bedrohung f\u00fcr die Gesundheit der Weltmeere und zerf\u00e4llt kaum. Stattdessen f\u00fchren Umweltfaktoren wie Sonneneinstrahlung und Wellengang dazu, dass Plastik in kleinere St\u00fccke zerbricht, sogenannte Mikroplastik, die in die Nahrungskette gelangen.<\/li>\n<li>Plastikm\u00fcll enth\u00e4lt Toxine, die die Tiere vergiften, die ihn verdauen, was eine erhebliche Gefahr f\u00fcr das Meeresleben darstellt.<\/li>\n<li>Es wird gesch\u00e4tzt, dass auf jedem Quadratkilometer unserer Ozeane \u00fcber 18.000 St\u00fcck Plastikm\u00fcll treiben.<\/li>\n<li>Mikrofasern aus synthetischer Kleidung gelangen nach dem Waschen in unsere Gew\u00e4sser und zerfallen nicht, wodurch sie einen gro\u00dfen Teil des Strandm\u00fclls ausmachen.<\/li>\n<li>Es wird gesch\u00e4tzt, dass j\u00e4hrlich \u00fcber 1 Million Seev\u00f6gel durch Meeresm\u00fcll get\u00f6tet werden.<\/li>\n<li>Es wird angenommen, dass j\u00e4hrlich \u00fcber 100.000 Meerestiere, darunter Robben, Wale, Delfine und Meeresschildkr\u00f6ten, durch Verheddern oder den Verzehr von Meeresm\u00fcll sterben, die Mehrheit davon besteht aus Plastik.<\/li>\n<\/ul>\n<figure id=\"attachment_1122\" aria-describedby=\"caption-attachment-1122\" style=\"width: 1100px\" class=\"wp-caption alignnone\"><img decoding=\"async\" class=\"size-full wp-image-1122\" src=\"https:\/\/www.blackturtledive.com\/wp-content\/uploads\/2020\/11\/blackturtledive.com-beach-clean-ups-on-koh-tao.jpg\" alt=\"Strandreinigungen auf Koh Tao\" width=\"1100\" height=\"734\" srcset=\"https:\/\/www.blackturtledive.com\/wp-content\/uploads\/2020\/11\/blackturtledive.com-beach-clean-ups-on-koh-tao.jpg 1100w, https:\/\/www.blackturtledive.com\/wp-content\/uploads\/2020\/11\/blackturtledive.com-beach-clean-ups-on-koh-tao-300x200.jpg 300w, https:\/\/www.blackturtledive.com\/wp-content\/uploads\/2020\/11\/blackturtledive.com-beach-clean-ups-on-koh-tao-1024x683.jpg 1024w, https:\/\/www.blackturtledive.com\/wp-content\/uploads\/2020\/11\/blackturtledive.com-beach-clean-ups-on-koh-tao-768x512.jpg 768w, https:\/\/www.blackturtledive.com\/wp-content\/uploads\/2020\/11\/blackturtledive.com-beach-clean-ups-on-koh-tao-150x100.jpg 150w, https:\/\/www.blackturtledive.com\/wp-content\/uploads\/2020\/11\/blackturtledive.com-beach-clean-ups-on-koh-tao-450x300.jpg 450w\" sizes=\"(max-width: 1100px) 100vw, 1100px\" \/><figcaption id=\"caption-attachment-1122\" class=\"wp-caption-text\">Strandreinigungen auf Koh Tao<\/figcaption><\/figure>\n<h3>Die Reinigung von Koh Taos Str\u00e4nden<\/h3>\n<p>Der Gro\u00dfteil des <a href=\"https:\/\/www.blackturtledive.com\/conservation\/land-conservation\/\">M\u00fclls<\/a>, der in unseren Ozeanen gefunden wird, landet an Str\u00e4nden und in K\u00fcstenn\u00e4he. Jede Woche organisieren Freiwillige, Mitglieder der lokalen Gemeinschaft und die Tauchindustrie auf Koh Tao Strandreinigungen.<\/p>\n<p>Die h\u00e4ufigsten Gegenst\u00e4nde bei den Reinigungen sind Plastikt\u00fcten und Flaschen, Verpackungsmaterial, Metalldosen, Angelger\u00e4te sowie Glasflaschen.<\/p>\n<figure id=\"attachment_1125\" aria-describedby=\"caption-attachment-1125\" style=\"width: 1100px\" class=\"wp-caption alignnone\"><img decoding=\"async\" class=\"size-full wp-image-1125\" src=\"https:\/\/www.blackturtledive.com\/wp-content\/uploads\/2020\/11\/blackturtledive.com-cigarette-butt-beach-clean-ups-koh-tao.jpg\" alt=\"Zigarettenstummel-Strandreinigungs-Challenges Koh Tao\" width=\"1100\" height=\"733\" srcset=\"https:\/\/www.blackturtledive.com\/wp-content\/uploads\/2020\/11\/blackturtledive.com-cigarette-butt-beach-clean-ups-koh-tao.jpg 1100w, https:\/\/www.blackturtledive.com\/wp-content\/uploads\/2020\/11\/blackturtledive.com-cigarette-butt-beach-clean-ups-koh-tao-300x200.jpg 300w, https:\/\/www.blackturtledive.com\/wp-content\/uploads\/2020\/11\/blackturtledive.com-cigarette-butt-beach-clean-ups-koh-tao-1024x682.jpg 1024w, https:\/\/www.blackturtledive.com\/wp-content\/uploads\/2020\/11\/blackturtledive.com-cigarette-butt-beach-clean-ups-koh-tao-768x512.jpg 768w, https:\/\/www.blackturtledive.com\/wp-content\/uploads\/2020\/11\/blackturtledive.com-cigarette-butt-beach-clean-ups-koh-tao-150x100.jpg 150w, https:\/\/www.blackturtledive.com\/wp-content\/uploads\/2020\/11\/blackturtledive.com-cigarette-butt-beach-clean-ups-koh-tao-450x300.jpg 450w\" sizes=\"(max-width: 1100px) 100vw, 1100px\" \/><figcaption id=\"caption-attachment-1125\" class=\"wp-caption-text\">Zigarettenstummel-Strandreinigungs-Challenges Koh Tao<\/figcaption><\/figure>\n<h3><span style=\"color: #28d4ff;\">M\u00fcllsammelaktionen bei Zigarettenstummeln<\/span><\/h3>\n<p><a href=\"https:\/\/www.blackturtledive.com\/conservation\/land-conservation\/cigarette-butt-challenge\/\">Zigarettenstummel<\/a> werden ebenfalls h\u00e4ufig am Strand gefunden und enthalten viele Mikroplastikpartikel.<\/p>\n<p>Au\u00dferdem organisieren wir Tauchplatzreinigungen und <a href=\"https:\/\/www.blackturtledive.com\/conservation\/marine-conservation-courses\/dive-against-debris-specialty\/\">Dive Against Debris<\/a>-Tauchg\u00e4nge, um Meeresm\u00fcll von den Riffen und Tauchspots zu sammeln.<\/p>\n<p>Wir erfassen die Daten dieser Reinigungsaktionen, und diese Daten sind n\u00fctzlich, um die \u00d6ffentlichkeit sowie Stakeholder und Entscheidungstr\u00e4ger zu informieren. So k\u00f6nnen wir Einfluss auf die Politik zur Abfallreduzierung und Begrenzung des Meeresm\u00fclls nehmen.<\/p>\n<p>Ein Beispiel daf\u00fcr ist Koh Tao, wo die 7\/11-Filialen im Jahr 2019 zugestimmt haben, keine Plastiktaschen mehr anzubieten.[\/vc_column_text][\/vc_column][\/vc_row]<\/p>\n<\/div>","protected":false},"excerpt":{"rendered":"<p>Koh Tao verf\u00fcgt \u00fcber zahlreiche Tauchzentren und aktive, von der Gemeinde getragene Projekte, die regelm\u00e4\u00dfig Aufr\u00e4umaktionen mit Bleichmittel organisieren, um Abfall wie Einwegplastik, angesp\u00fclte Netze und andere Verpackungsabf\u00e4lle zu entfernen.<\/p>\n","protected":false},"author":2,"featured_media":17917,"parent":18699,"menu_order":0,"comment_status":"closed","ping_status":"closed","template":"","meta":{"_acf_changed":false,"footnotes":""},"class_list":["post-18697","page","type-page","status-publish","has-post-thumbnail","hentry"],"acf":[],"yoast_head":"<!-- This site is optimized with the Yoast SEO Premium plugin v27.6 (Yoast SEO v27.6) - https:\/\/yoast.com\/product\/yoast-seo-premium-wordpress\/ -->\n<title>Strandreinigungsaktionen auf Koh Tao | Black Turtle Dive<\/title>\n<meta name=\"description\" content=\"Auf Koh Tao werden regelm\u00e4\u00dfig Strandreinigungsaktionen von lokalen Gemeindegruppen, Unternehmen und Tauchzentren organisiert, um angesp\u00fclten M\u00fcll und Unrat zu entfernen.\" \/>\n<meta name=\"robots\" content=\"index, follow, max-snippet:-1, max-image-preview:large, max-video-preview:-1\" \/>\n<link rel=\"canonical\" href=\"https:\/\/www.blackturtledive.com\/de\/conservation\/land-conservation\/beach-clean-ups\/\" \/>\n<meta property=\"og:locale\" content=\"de_DE\" \/>\n<meta property=\"og:type\" content=\"article\" \/>\n<meta property=\"og:title\" content=\"Beach Clean Ups Koh Tao | Black Turtle Dive\" \/>\n<meta property=\"og:description\" content=\"Beach Clean ups on Koh Tao are organised by local community groups, businesses and dive centres regularly to help remove washed up debris and rubbish\" \/>\n<meta property=\"og:url\" content=\"https:\/\/www.blackturtledive.com\/de\/conservation\/land-conservation\/beach-clean-ups\/\" \/>\n<meta property=\"og:site_name\" content=\"Black Turtle Dive Koh Tao\" \/>\n<meta property=\"article:publisher\" content=\"https:\/\/www.facebook.com\/blackturtledive\" \/>\n<meta property=\"article:modified_time\" content=\"2026-05-05T14:25:16+00:00\" \/>\n<meta property=\"og:image\" content=\"https:\/\/www.blackturtledive.com\/wp-content\/uploads\/2020\/11\/blackturtledive.com-best-padi-divemaster-course-koh-tao.jpg\" \/>\n\t<meta property=\"og:image:width\" content=\"1200\" \/>\n\t<meta property=\"og:image:height\" content=\"800\" \/>\n\t<meta property=\"og:image:type\" content=\"image\/jpeg\" \/>\n<meta name=\"twitter:card\" content=\"summary_large_image\" \/>\n<meta name=\"twitter:title\" content=\"Beach Clean Ups Koh Tao | Black Turtle Dive\" \/>\n<meta name=\"twitter:description\" content=\"Beach Clean ups on Koh Tao are organised by local community groups, businesses and dive centres regularly to help remove washed up debris and rubbish\" \/>\n<meta name=\"twitter:image\" content=\"https:\/\/www.blackturtledive.com\/wp-content\/uploads\/2020\/11\/blackturtledive.com-best-padi-divemaster-course-koh-tao.jpg\" \/>\n<meta name=\"twitter:site\" content=\"@blackturtledive\" \/>\n<meta name=\"twitter:label1\" content=\"Gesch\u00e4tzte Lesezeit\" \/>\n\t<meta name=\"twitter:data1\" content=\"4\u00a0Minuten\" \/>\n<!-- \/ Yoast SEO Premium plugin. -->","yoast_head_json":{"title":"Strandreinigungsaktionen auf Koh Tao | Black Turtle Dive","description":"Auf Koh Tao werden regelm\u00e4\u00dfig Strandreinigungsaktionen von lokalen Gemeindegruppen, Unternehmen und Tauchzentren organisiert, um angesp\u00fclten M\u00fcll und Unrat zu entfernen.","robots":{"index":"index","follow":"follow","max-snippet":"max-snippet:-1","max-image-preview":"max-image-preview:large","max-video-preview":"max-video-preview:-1"},"canonical":"https:\/\/www.blackturtledive.com\/de\/conservation\/land-conservation\/beach-clean-ups\/","og_locale":"de_DE","og_type":"article","og_title":"Beach Clean Ups Koh Tao | Black Turtle Dive","og_description":"Beach Clean ups on Koh Tao are organised by local community groups, businesses and dive centres regularly to help remove washed up debris and rubbish","og_url":"https:\/\/www.blackturtledive.com\/de\/conservation\/land-conservation\/beach-clean-ups\/","og_site_name":"Black Turtle Dive Koh Tao","article_publisher":"https:\/\/www.facebook.com\/blackturtledive","article_modified_time":"2026-05-05T14:25:16+00:00","og_image":[{"width":1200,"height":800,"url":"https:\/\/www.blackturtledive.com\/wp-content\/uploads\/2020\/11\/blackturtledive.com-best-padi-divemaster-course-koh-tao.jpg","type":"image\/jpeg"}],"twitter_card":"summary_large_image","twitter_title":"Beach Clean Ups Koh Tao | Black Turtle Dive","twitter_description":"Beach Clean ups on Koh Tao are organised by local community groups, businesses and dive centres regularly to help remove washed up debris and rubbish","twitter_image":"https:\/\/www.blackturtledive.com\/wp-content\/uploads\/2020\/11\/blackturtledive.com-best-padi-divemaster-course-koh-tao.jpg","twitter_site":"@blackturtledive","twitter_misc":{"Gesch\u00e4tzte Lesezeit":"4\u00a0Minuten"},"schema":{"@context":"https:\/\/schema.org","@graph":[{"@type":"WebPage","@id":"https:\/\/www.blackturtledive.com\/de\/conservation\/land-conservation\/beach-clean-ups\/","url":"https:\/\/www.blackturtledive.com\/de\/conservation\/land-conservation\/beach-clean-ups\/","name":"Strandreinigungsaktionen auf Koh Tao | Black Turtle Dive","isPartOf":{"@id":"https:\/\/www.blackturtledive.com\/de\/#website"},"primaryImageOfPage":{"@id":"https:\/\/www.blackturtledive.com\/de\/conservation\/land-conservation\/beach-clean-ups\/#primaryimage"},"image":{"@id":"https:\/\/www.blackturtledive.com\/de\/conservation\/land-conservation\/beach-clean-ups\/#primaryimage"},"thumbnailUrl":"https:\/\/www.blackturtledive.com\/wp-content\/uploads\/2020\/11\/blackturtledive.com-beach-clean-ups-on-koh-tao.jpg","datePublished":"2020-09-19T15:24:14+00:00","dateModified":"2026-05-05T14:25:16+00:00","description":"Auf Koh Tao werden regelm\u00e4\u00dfig Strandreinigungsaktionen von lokalen Gemeindegruppen, Unternehmen und Tauchzentren organisiert, um angesp\u00fclten M\u00fcll und Unrat zu entfernen.","breadcrumb":{"@id":"https:\/\/www.blackturtledive.com\/de\/conservation\/land-conservation\/beach-clean-ups\/#breadcrumb"},"inLanguage":"de","potentialAction":[{"@type":"ReadAction","target":["https:\/\/www.blackturtledive.com\/de\/conservation\/land-conservation\/beach-clean-ups\/"]}]},{"@type":"ImageObject","inLanguage":"de","@id":"https:\/\/www.blackturtledive.com\/de\/conservation\/land-conservation\/beach-clean-ups\/#primaryimage","url":"https:\/\/www.blackturtledive.com\/wp-content\/uploads\/2020\/11\/blackturtledive.com-beach-clean-ups-on-koh-tao.jpg","contentUrl":"https:\/\/www.blackturtledive.com\/wp-content\/uploads\/2020\/11\/blackturtledive.com-beach-clean-ups-on-koh-tao.jpg","width":1100,"height":734,"caption":"Beach Clean ups on Koh Tao"},{"@type":"BreadcrumbList","@id":"https:\/\/www.blackturtledive.com\/de\/conservation\/land-conservation\/beach-clean-ups\/#breadcrumb","itemListElement":[{"@type":"ListItem","position":1,"name":"Home","item":"https:\/\/www.blackturtledive.com\/de\/"},{"@type":"ListItem","position":2,"name":"Conservation","item":"https:\/\/www.blackturtledive.com\/de\/conservation\/"},{"@type":"ListItem","position":3,"name":"Landschutz","item":"https:\/\/www.blackturtledive.com\/de\/conservation\/land-conservation\/"},{"@type":"ListItem","position":4,"name":"Strandreinigungen"}]},{"@type":"WebSite","@id":"https:\/\/www.blackturtledive.com\/de\/#website","url":"https:\/\/www.blackturtledive.com\/de\/","name":"Black Turtle Dive Koh Tao","description":"Ocean Explorers | Marine Protectors","publisher":{"@id":"https:\/\/www.blackturtledive.com\/de\/#organization"},"alternateName":"Black Turtle Dive in Thailand","potentialAction":[{"@type":"SearchAction","target":{"@type":"EntryPoint","urlTemplate":"https:\/\/www.blackturtledive.com\/de\/?s={search_term_string}"},"query-input":{"@type":"PropertyValueSpecification","valueRequired":true,"valueName":"search_term_string"}}],"inLanguage":"de"},{"@type":"Organization","@id":"https:\/\/www.blackturtledive.com\/de\/#organization","name":"Black Turtle Dive Koh Tao","alternateName":"Black Turtle Dive","url":"https:\/\/www.blackturtledive.com\/de\/","logo":{"@type":"ImageObject","inLanguage":"de","@id":"https:\/\/www.blackturtledive.com\/de\/#\/schema\/logo\/image\/","url":"https:\/\/www.blackturtledive.com\/wp-content\/uploads\/2020\/11\/cropped-blackturtledive.com-brand-logo.png","contentUrl":"https:\/\/www.blackturtledive.com\/wp-content\/uploads\/2020\/11\/cropped-blackturtledive.com-brand-logo.png","width":400,"height":400,"caption":"Black Turtle Dive Koh Tao"},"image":{"@id":"https:\/\/www.blackturtledive.com\/de\/#\/schema\/logo\/image\/"},"sameAs":["https:\/\/www.facebook.com\/blackturtledive","https:\/\/x.com\/blackturtledive","https:\/\/www.instagram.com\/blackturtledive\/","https:\/\/www.youtube.com\/blackturtledive","https:\/\/www.linkedin.com\/company\/blackturtledive\/","https:\/\/www.tumblr.com\/blackturtledive","https:\/\/www.pinterest.com\/blackturtledive\/","https:\/\/www.tiktok.com\/@blackturtledive","https:\/\/www.reddit.com\/user\/blackturtledive\/"],"description":"Black Turtle Dive is a modern and innovative 5 Star Career Development Scuba Diving Center, passionate about the ocean and through training we want to empower you to become a competent and confident scuba diver. Our diving courses equip you with the skills, knowledge and awareness necessary to explore the ocean safely, whilst becoming a passionate advocate and protector of the marine environment. If you have never dived before or are a certified diver and want to develop your skills further, our tailored, bespoke courses and programs will inspire you to become an Ocean advocate. Our scientific based Marine Conservation Internships and training programs, offer aspiring scuba divers and marine conservationists, the best marine conservation internships on Koh Tao. We currently offer students six levels of Marine Conservation Internships at our beachside location on Koh Tao in Thailand. Check out our website for more information.","email":"info@blackturtledive.com","telephone":"089 592 2134","legalName":"Black Turtle Dive Co Ltd","foundingDate":"2020-01-01","publishingPrinciples":"https:\/\/www.blackturtledive.com\/terms\/","ownershipFundingInfo":"https:\/\/www.blackturtledive.com\/terms\/","actionableFeedbackPolicy":"https:\/\/www.blackturtledive.com\/privacy-policy\/","correctionsPolicy":"https:\/\/www.blackturtledive.com\/privacy-policy\/","ethicsPolicy":"https:\/\/www.blackturtledive.com\/privacy-policy\/","diversityPolicy":"https:\/\/www.blackturtledive.com\/privacy-policy\/"}]}},"_links":{"self":[{"href":"https:\/\/www.blackturtledive.com\/de\/wp-json\/wp\/v2\/pages\/18697","targetHints":{"allow":["GET"]}}],"collection":[{"href":"https:\/\/www.blackturtledive.com\/de\/wp-json\/wp\/v2\/pages"}],"about":[{"href":"https:\/\/www.blackturtledive.com\/de\/wp-json\/wp\/v2\/types\/page"}],"author":[{"embeddable":true,"href":"https:\/\/www.blackturtledive.com\/de\/wp-json\/wp\/v2\/users\/2"}],"replies":[{"embeddable":true,"href":"https:\/\/www.blackturtledive.com\/de\/wp-json\/wp\/v2\/comments?post=18697"}],"version-history":[{"count":1,"href":"https:\/\/www.blackturtledive.com\/de\/wp-json\/wp\/v2\/pages\/18697\/revisions"}],"predecessor-version":[{"id":70933,"href":"https:\/\/www.blackturtledive.com\/de\/wp-json\/wp\/v2\/pages\/18697\/revisions\/70933"}],"up":[{"embeddable":true,"href":"https:\/\/www.blackturtledive.com\/de\/wp-json\/wp\/v2\/pages\/18699"}],"wp:featuredmedia":[{"embeddable":true,"href":"https:\/\/www.blackturtledive.com\/de\/wp-json\/wp\/v2\/media\/17917"}],"wp:attachment":[{"href":"https:\/\/www.blackturtledive.com\/de\/wp-json\/wp\/v2\/media?parent=18697"}],"curies":[{"name":"wp","href":"https:\/\/api.w.org\/{rel}","templated":true}]}}