{"id":18699,"date":"2020-09-19T22:23:13","date_gmt":"2020-09-19T15:23:13","guid":{"rendered":"https:\/\/www.blackturtledive.com\/land-conservation\/"},"modified":"2026-05-05T21:25:20","modified_gmt":"2026-05-05T14:25:20","slug":"land-conservation","status":"publish","type":"page","link":"https:\/\/www.blackturtledive.com\/de\/conservation\/land-conservation\/","title":{"rendered":"Landschutz"},"content":{"rendered":"<div class=\"wpb-content-wrapper\"><p>[vc_row][vc_column][vc_column_text css=&#8220;&#8220;]Landbasierter Naturschutz bei Black Turtle Dive konzentriert sich darauf, die Auswirkungen des Tourismus an Land durch Abfallmanagement, Kompostierung und lokale Wiederaufforstungsprojekte auf Koh Tao zu reduzieren.<\/p>\n<p>Da die Gesundheit des Korallenriffs direkt mit Landabfluss und Verschmutzung verbunden ist, setzen wir in unserer Anlage nachhaltige Praktiken um, um unseren CO2- und Plastik-Fu\u00dfabdruck zu minimieren.<\/p>\n<p>Unsere landbasierten Initiativen umfassen eine reduzierte Single-Use-Plastic-Policy und gemeinschaftsgef\u00fchrte Programme, bei denen man sich beteiligen, lernen und auf einfache, sinnvolle Weise aktiv werden kann.<\/p>\n<h3><span style=\"color: #28d4ff;\">Gemeinschaftliche Naturschutzprojekte Koh Tao<\/span><\/h3>\n<p>Der Erfolg von <a href=\"https:\/\/www.blackturtledive.com\/koh-tao\/\">Koh Tao<\/a> als beliebtes Urlaubsziel und <a href=\"https:\/\/www.blackturtledive.com\/padi-diving-courses\/\">Sporttauchen<\/a>-Mekka war nicht ohne Probleme.<\/p>\n<p>Eines der Hauptprobleme, mit denen die Insel konfrontiert ist, ist ihre Beliebtheit als internationales <a href=\"https:\/\/www.thefunkyturtle.com\/blog\/10-best-reasons-to-visit-koh-tao\/\" target=\"_blank\" rel=\"noopener\">Reiseziel<\/a> das ganze Jahr \u00fcber, was Druck auf die nat\u00fcrliche Umwelt aus\u00fcbt.<\/p>\n<p>Die schnelle Entwicklung von Koh Tao im letzten Jahrzehnt hat auch zus\u00e4tzliche <span style=\"color: #28d4ff;\">Umweltprobleme<\/span> geschaffen, die angegangen werden mussten, um ihren idyllischen Charme und ihre nat\u00fcrliche Sch\u00f6nheit zu bewahren.<\/p>\n<figure id=\"attachment_1120\" aria-describedby=\"caption-attachment-1120\" style=\"width: 1100px\" class=\"wp-caption alignnone\"><img decoding=\"async\" class=\"size-full wp-image-1120\" src=\"https:\/\/www.blackturtledive.com\/wp-content\/uploads\/2020\/11\/blackturtledive.com-land-conservation-community-projects-koh-tao.jpg\" alt=\"Landbasierte Naturschutzma\u00dfnahmen Koh Tao\" width=\"1100\" height=\"696\" srcset=\"https:\/\/www.blackturtledive.com\/wp-content\/uploads\/2020\/11\/blackturtledive.com-land-conservation-community-projects-koh-tao.jpg 1100w, https:\/\/www.blackturtledive.com\/wp-content\/uploads\/2020\/11\/blackturtledive.com-land-conservation-community-projects-koh-tao-300x190.jpg 300w, https:\/\/www.blackturtledive.com\/wp-content\/uploads\/2020\/11\/blackturtledive.com-land-conservation-community-projects-koh-tao-1024x648.jpg 1024w, https:\/\/www.blackturtledive.com\/wp-content\/uploads\/2020\/11\/blackturtledive.com-land-conservation-community-projects-koh-tao-768x486.jpg 768w, https:\/\/www.blackturtledive.com\/wp-content\/uploads\/2020\/11\/blackturtledive.com-land-conservation-community-projects-koh-tao-150x95.jpg 150w, https:\/\/www.blackturtledive.com\/wp-content\/uploads\/2020\/11\/blackturtledive.com-land-conservation-community-projects-koh-tao-450x285.jpg 450w\" sizes=\"(max-width: 1100px) 100vw, 1100px\" \/><figcaption id=\"caption-attachment-1120\" class=\"wp-caption-text\">Landbasierte Naturschutzma\u00dfnahmen Koh Tao<\/figcaption><\/figure>\n<h3>Projekte zur Abfallkonservierung auf Koh Tao<\/h3>\n<p>Die Entsorgung der gro\u00dfen Menge an M\u00fcll, die auf der Insel erzeugt wird, stellt ein potenzielles gro\u00dfes Problem dar, daher sind <a href=\"https:\/\/www.blackturtledive.com\/conservation\/\">Naturschutzbem\u00fchungen<\/a> vorhanden, um das Recycling zu f\u00f6rdern.<\/p>\n<p>Durch von der Gemeinschaft geleitete landbasierte Naturschutzinitiativen reduzieren immer mehr Unternehmen die Menge an Plastik, die sie verwenden, und senken ihren CO2-Fu\u00dfabdruck.<\/p>\n<p>Ein Beispiel daf\u00fcr ist der Umstieg auf den Verkauf von Trinkwasser in <a href=\"https:\/\/www.thefunkyturtle.com\/conservation\/land-conservation\/s-and-s-water-koh-tao\/\" target=\"_blank\" rel=\"noopener\">wiederverwendbaren Glasflaschen<\/a>, was allein die Menge an Plastikflaschen, die die Insel entsorgen muss, erheblich reduziert hat.<\/p>\n<h3><span style=\"color: #28d4ff;\">Koh Tao bewahren mit wiederverwendbaren Beh\u00e4ltern<\/span><\/h3>\n<p>Es gibt lokale Unternehmen auf Koh Tao, die kostenlose Nachf\u00fcllungen mit Trinkwasser anbieten und personalisierte nachf\u00fcllbare Wasserk\u00fchler f\u00fcr Reisende f\u00f6rdern.<\/p>\n<p>Sehr wenige Unternehmen geben Plastikbeutel aus; stattdessen bewerben sie ihre eigenen Marken wiederverwendbarer Taschen f\u00fcr G\u00e4ste, Kunden und Touristen.<\/p>\n<p><a href=\"https:\/\/www.blackturtledive.com\/koh-tao\/food-drink\/\">Lokale Restaurants<\/a> ermutigen Einheimische, ihre eigenen wiederverwendbaren Beh\u00e4lter f\u00fcr Essen zum Mitnehmen mitzubringen, und bieten Touristen biologisch abbaubare Verpackungen f\u00fcr Takeaway an.<\/p>\n<p>Viele <a href=\"https:\/\/www.breezekohtao.com\/\" target=\"_blank\" rel=\"noopener\">Restaurants auf Koh Tao<\/a> bieten keine Strohhalme mehr an, und wenn ein Gast einen anfordert, erh\u00e4lt er stattdessen einen biologisch abbaubaren Strohhalm.<\/p>\n<figure id=\"attachment_2971\" aria-describedby=\"caption-attachment-2971\" style=\"width: 1000px\" class=\"wp-caption alignnone\"><img decoding=\"async\" class=\"size-full wp-image-2971\" src=\"https:\/\/www.blackturtledive.com\/wp-content\/uploads\/2020\/12\/blackturtledive.com-island-clean-ups-koh-tao.jpg\" alt=\"Landkonservierung Koh Tao - Teil der L\u00f6sung sein\" width=\"1000\" height=\"750\" srcset=\"https:\/\/www.blackturtledive.com\/wp-content\/uploads\/2020\/12\/blackturtledive.com-island-clean-ups-koh-tao.jpg 1000w, https:\/\/www.blackturtledive.com\/wp-content\/uploads\/2020\/12\/blackturtledive.com-island-clean-ups-koh-tao-300x225.jpg 300w, https:\/\/www.blackturtledive.com\/wp-content\/uploads\/2020\/12\/blackturtledive.com-island-clean-ups-koh-tao-768x576.jpg 768w, https:\/\/www.blackturtledive.com\/wp-content\/uploads\/2020\/12\/blackturtledive.com-island-clean-ups-koh-tao-853x640.jpg 853w, https:\/\/www.blackturtledive.com\/wp-content\/uploads\/2020\/12\/blackturtledive.com-island-clean-ups-koh-tao-150x113.jpg 150w\" sizes=\"(max-width: 1000px) 100vw, 1000px\" \/><figcaption id=\"caption-attachment-2971\" class=\"wp-caption-text\">Landkonservierung Koh Tao &#8211; Teil der L\u00f6sung sein<\/figcaption><\/figure>\n<h3>Koh Tao Konservierung &#8211; Teil der L\u00f6sung sein<\/h3>\n<p>Die \u00dcberzeugung der Touristen, die die Insel besuchen, dass sie dabei helfen, ist entscheidend f\u00fcr den Erfolg.<\/p>\n<p>Sie k\u00f6nnen w\u00e4hrend Ihres Besuchs auf Koh Tao Teil der L\u00f6sung sein, indem Sie Abfall minimieren und sich der Auswirkungen Ihres pers\u00f6nlichen Verbrauchs auf die Umgebung bewusst werden.<\/p>\n<p>Mehrere Unternehmen sammeln eine Reihe von recycelbaren Produkten wie Aluminiumdosen, Kunststoffflaschen, Glasflaschen, Karton und organisieren deren Abtransport zum Festland zur Verarbeitung.<\/p>\n<p>Das <span style=\"color: #28d4ff;\">Hauptpostamt von Koh Tao<\/span> bietet einen Sammelpunkt f\u00fcr bestimmte Materialien an, die gesammelt und von der Insel zur ordnungsgem\u00e4\u00dfen Entsorgung verschickt werden.<\/p>\n<h3><span style=\"color: #28d4ff;\">Koh Tao Konservierung &#8211; Off-Shore-Recycling<\/span><\/h3>\n<p>Es gibt verschiedene Sammelstellen f\u00fcr giftige Abf\u00e4lle wie Batterien, und die lokale Regierung bietet begrenzte Dienstleistungen f\u00fcr lokale Unternehmen an.<\/p>\n<p>W\u00e4hrend der Monsunzeit und gelegentlicher unvorhergesehener St\u00fcrme kann Koh Tao unter M\u00fcll leiden, der an die Str\u00e4nde gesp\u00fclt wird oder in abgelegenen Buchten h\u00e4ngen bleibt und physisch eingesammelt werden muss.<\/p>\n<p>M\u00fcll kann \u00fcber Binnengew\u00e4sser auf dem thail\u00e4ndischen Festland oder von einem unserer Nachbarl\u00e4nder in den Ozean gelangen, und Meeresstr\u00f6mungen tragen ihn, bevor er angesp\u00fclt wird.<\/p>\n<p>Freiwilligengruppen aus der lokalen <span style=\"color: #28d4ff;\">Koh Tao-Gemeinschaft<\/span> organisieren regelm\u00e4\u00dfig <a href=\"https:\/\/www.blackturtledive.com\/koh-tao\/beaches\/\">Strand<\/a>-, Bucht- und Landreinigungen nach besonders schlechten Wetterphasen oder wenn ein dringender Bedarf besteht, die Str\u00e4nde sauber zu halten.<\/p>\n<figure id=\"attachment_2973\" aria-describedby=\"caption-attachment-2973\" style=\"width: 1000px\" class=\"wp-caption alignnone\"><img decoding=\"async\" class=\"size-full wp-image-2973\" src=\"https:\/\/www.blackturtledive.com\/wp-content\/uploads\/2020\/12\/blackturtledive.com-beach-clean-on-koh-tao.jpg\" alt=\"Landkonservierung - Strandreinigung Koh Tao\" width=\"1000\" height=\"563\" srcset=\"https:\/\/www.blackturtledive.com\/wp-content\/uploads\/2020\/12\/blackturtledive.com-beach-clean-on-koh-tao.jpg 1000w, https:\/\/www.blackturtledive.com\/wp-content\/uploads\/2020\/12\/blackturtledive.com-beach-clean-on-koh-tao-300x169.jpg 300w, https:\/\/www.blackturtledive.com\/wp-content\/uploads\/2020\/12\/blackturtledive.com-beach-clean-on-koh-tao-768x432.jpg 768w, https:\/\/www.blackturtledive.com\/wp-content\/uploads\/2020\/12\/blackturtledive.com-beach-clean-on-koh-tao-150x84.jpg 150w\" sizes=\"(max-width: 1000px) 100vw, 1000px\" \/><figcaption id=\"caption-attachment-2973\" class=\"wp-caption-text\">Landkonservierung &#8211; Strandreinigung Koh Tao<\/figcaption><\/figure>\n<h3>Koh Tao Konservierung &#8211; Strandreinigungen<\/h3>\n<p>Regelm\u00e4\u00dfige <a href=\"https:\/\/www.blackturtledive.com\/conservation\/land-conservation\/beach-clean-ups\/\">Strandreinigungen<\/a> k\u00f6nnen mehrmals pro Woche von verschiedenen Gemeinschaftsgruppen organisiert werden, und sie k\u00f6nnen kurzfristig eine einzelne Bucht oder einen Strand ins Visier nehmen, um die Umwelt sauber zu halten.<\/p>\n<p>Zus\u00e4tzlich gibt es Abwasser-Managementsysteme, die \u00fcberwacht werden m\u00fcssen, sowie lokale Regeln zur Abholzung, die beachtet werden m\u00fcssen.<\/p>\n<p>Restaurants auf Koh Tao verf\u00fcgen \u00fcber Systeme zur Grauwasserbehandlung, um Umweltprobleme zu vermeiden, und viele Resorts nutzen Grauwasser zur Bew\u00e4sserung ihrer G\u00e4rten.<\/p>\n<h3><span style=\"color: #28d4ff;\">Koh Tao Konservierung &#8211; Teil unserer Gemeinschaft werden<\/span><\/h3>\n<p>Immer mehr Resorts und Restaurants verwenden umweltfreundliche Reinigungsmittel, recyceln Wasser und bauen ihr eigenes Gem\u00fcse an.<\/p>\n<p>Da Koh Tao eine kleine, abgelegene Insel ist, kann es von Zeit zu Zeit zu Engp\u00e4ssen bei S\u00fc\u00dfwasser kommen, weshalb die Unternehmen Richtlinien implementieren, um die Verschwendung von S\u00fc\u00dfwasser zu reduzieren.<\/p>\n<p><a href=\"https:\/\/www.blackturtledive.com\/koh-tao\/accommodation\/\">Hotels auf Koh Tao<\/a> ermutigen die G\u00e4ste, beim Waschen und Duschen r\u00fccksichtsvoll und sparsam zu sein, und bieten Optionen zur Wiederverwendung von Bettw\u00e4sche an, um den Verbrauch von S\u00fc\u00dfwasser zu verringern.<\/p>\n<p>Wenn Sie einen Trip nach Koh Tao planen oder l\u00e4nger bleiben m\u00f6chten, sind Sie herzlich eingeladen, an den inselweiten Naturschutzinitiativen teilzunehmen, die regelm\u00e4\u00dfig auf den sozialen Medien der Koh Tao-Gemeinschaft ver\u00f6ffentlicht werden.<\/p>\n<p>Alternativ k\u00f6nnen Sie uns <a href=\"https:\/\/www.blackturtledive.com\/de\/\">direkt kontaktieren<\/a>, und wir halten Sie mit den <a href=\"https:\/\/www.blackturtledive.com\/contact-us\/\">neuesten Informationen<\/a> dar\u00fcber auf dem Laufenden, wie Sie sich engagieren k\u00f6nnen, damit Sie helfen k\u00f6nnen, einen Unterschied zu machen.<\/p>\n<p><a class=\"fasc-button fasc-size-large fasc-type-flat\" style=\"background-color: #33809e; color: #ffffff;\" href=\"https:\/\/www.blackturtledive.com\/contact-us\/\">KONTAKT<\/a>[\/vc_column_text][\/vc_column][\/vc_row]<\/p>\n<\/div>","protected":false},"excerpt":{"rendered":"<p>Gemeinschaftsprojekte zum Schutz des Bodens auf Koh Tao tragen dazu bei, die nat\u00fcrliche Sch\u00f6nheit der Insel zu erhalten \u2013 von Strand- und Inselreinigungsaktionen bis hin zu Recyclinginitiativen, an denen sich jeder beteiligen kann.<\/p>\n","protected":false},"author":2,"featured_media":17916,"parent":18700,"menu_order":0,"comment_status":"closed","ping_status":"closed","template":"","meta":{"_acf_changed":false,"footnotes":""},"class_list":["post-18699","page","type-page","status-publish","has-post-thumbnail","hentry"],"acf":[],"yoast_head":"<!-- This site is optimized with the Yoast SEO Premium plugin v27.6 (Yoast SEO v27.6) - https:\/\/yoast.com\/product\/yoast-seo-premium-wordpress\/ -->\n<title>Gemeinschaftliche Naturschutzprojekte Koh Tao | Black Turtle Dive<\/title>\n<meta name=\"description\" content=\"Naturschutzprojekte auf Koh Tao tragen dazu bei, die nat\u00fcrliche Sch\u00f6nheit der Insel zu erhalten \u2013 von Strand- und Inselreinigungen bis hin zu Recyclinginitiativen.\" \/>\n<meta name=\"robots\" content=\"index, follow, max-snippet:-1, max-image-preview:large, max-video-preview:-1\" \/>\n<link rel=\"canonical\" href=\"https:\/\/www.blackturtledive.com\/de\/conservation\/land-conservation\/\" \/>\n<meta property=\"og:locale\" content=\"de_DE\" \/>\n<meta property=\"og:type\" content=\"article\" \/>\n<meta property=\"og:title\" content=\"Land Conservation Projects Koh Tao | Black Turtle Dive\" \/>\n<meta property=\"og:description\" content=\"Land Conservation community projects on Koh Tao help to maintain the natural beauty of the island from beach and island clean ups to recycling initiatives\" \/>\n<meta property=\"og:url\" content=\"https:\/\/www.blackturtledive.com\/de\/conservation\/land-conservation\/\" \/>\n<meta property=\"og:site_name\" content=\"Black Turtle Dive Koh Tao\" \/>\n<meta property=\"article:publisher\" content=\"https:\/\/www.facebook.com\/blackturtledive\" \/>\n<meta property=\"article:modified_time\" content=\"2026-05-05T14:25:20+00:00\" \/>\n<meta property=\"og:image\" content=\"https:\/\/www.blackturtledive.com\/wp-content\/uploads\/2020\/11\/blackturtledive.com-best-padi-divemaster-course-koh-tao.jpg\" \/>\n\t<meta property=\"og:image:width\" content=\"1200\" \/>\n\t<meta property=\"og:image:height\" content=\"800\" \/>\n\t<meta property=\"og:image:type\" content=\"image\/jpeg\" \/>\n<meta name=\"twitter:card\" content=\"summary_large_image\" \/>\n<meta name=\"twitter:title\" content=\"Land Conservation Projects Koh Tao | Black Turtle Dive\" \/>\n<meta name=\"twitter:description\" content=\"Land Conservation community projects on Koh Tao help to maintain the natural beauty of the island from beach and island clean ups to recycling initiatives\" \/>\n<meta name=\"twitter:image\" content=\"https:\/\/www.blackturtledive.com\/wp-content\/uploads\/2020\/11\/blackturtledive.com-best-padi-divemaster-course-koh-tao.jpg\" \/>\n<meta name=\"twitter:site\" content=\"@blackturtledive\" \/>\n<meta name=\"twitter:label1\" content=\"Gesch\u00e4tzte Lesezeit\" \/>\n\t<meta name=\"twitter:data1\" content=\"5\u00a0Minuten\" \/>\n<!-- \/ Yoast SEO Premium plugin. -->","yoast_head_json":{"title":"Gemeinschaftliche Naturschutzprojekte Koh Tao | Black Turtle Dive","description":"Naturschutzprojekte auf Koh Tao tragen dazu bei, die nat\u00fcrliche Sch\u00f6nheit der Insel zu erhalten \u2013 von Strand- und Inselreinigungen bis hin zu Recyclinginitiativen.","robots":{"index":"index","follow":"follow","max-snippet":"max-snippet:-1","max-image-preview":"max-image-preview:large","max-video-preview":"max-video-preview:-1"},"canonical":"https:\/\/www.blackturtledive.com\/de\/conservation\/land-conservation\/","og_locale":"de_DE","og_type":"article","og_title":"Land Conservation Projects Koh Tao | Black Turtle Dive","og_description":"Land Conservation community projects on Koh Tao help to maintain the natural beauty of the island from beach and island clean ups to recycling initiatives","og_url":"https:\/\/www.blackturtledive.com\/de\/conservation\/land-conservation\/","og_site_name":"Black Turtle Dive Koh Tao","article_publisher":"https:\/\/www.facebook.com\/blackturtledive","article_modified_time":"2026-05-05T14:25:20+00:00","og_image":[{"width":1200,"height":800,"url":"https:\/\/www.blackturtledive.com\/wp-content\/uploads\/2020\/11\/blackturtledive.com-best-padi-divemaster-course-koh-tao.jpg","type":"image\/jpeg"}],"twitter_card":"summary_large_image","twitter_title":"Land Conservation Projects Koh Tao | Black Turtle Dive","twitter_description":"Land Conservation community projects on Koh Tao help to maintain the natural beauty of the island from beach and island clean ups to recycling initiatives","twitter_image":"https:\/\/www.blackturtledive.com\/wp-content\/uploads\/2020\/11\/blackturtledive.com-best-padi-divemaster-course-koh-tao.jpg","twitter_site":"@blackturtledive","twitter_misc":{"Gesch\u00e4tzte Lesezeit":"5\u00a0Minuten"},"schema":{"@context":"https:\/\/schema.org","@graph":[{"@type":"WebPage","@id":"https:\/\/www.blackturtledive.com\/de\/conservation\/land-conservation\/","url":"https:\/\/www.blackturtledive.com\/de\/conservation\/land-conservation\/","name":"Gemeinschaftliche Naturschutzprojekte Koh Tao | Black Turtle Dive","isPartOf":{"@id":"https:\/\/www.blackturtledive.com\/de\/#website"},"primaryImageOfPage":{"@id":"https:\/\/www.blackturtledive.com\/de\/conservation\/land-conservation\/#primaryimage"},"image":{"@id":"https:\/\/www.blackturtledive.com\/de\/conservation\/land-conservation\/#primaryimage"},"thumbnailUrl":"https:\/\/www.blackturtledive.com\/wp-content\/uploads\/2020\/11\/blackturtledive.com-land-conservation-community-projects-koh-tao.jpg","datePublished":"2020-09-19T15:23:13+00:00","dateModified":"2026-05-05T14:25:20+00:00","description":"Naturschutzprojekte auf Koh Tao tragen dazu bei, die nat\u00fcrliche Sch\u00f6nheit der Insel zu erhalten \u2013 von Strand- und Inselreinigungen bis hin zu Recyclinginitiativen.","breadcrumb":{"@id":"https:\/\/www.blackturtledive.com\/de\/conservation\/land-conservation\/#breadcrumb"},"inLanguage":"de","potentialAction":[{"@type":"ReadAction","target":["https:\/\/www.blackturtledive.com\/de\/conservation\/land-conservation\/"]}]},{"@type":"ImageObject","inLanguage":"de","@id":"https:\/\/www.blackturtledive.com\/de\/conservation\/land-conservation\/#primaryimage","url":"https:\/\/www.blackturtledive.com\/wp-content\/uploads\/2020\/11\/blackturtledive.com-land-conservation-community-projects-koh-tao.jpg","contentUrl":"https:\/\/www.blackturtledive.com\/wp-content\/uploads\/2020\/11\/blackturtledive.com-land-conservation-community-projects-koh-tao.jpg","width":1100,"height":696,"caption":"Koh Tao Land Based Conservation Efforts"},{"@type":"BreadcrumbList","@id":"https:\/\/www.blackturtledive.com\/de\/conservation\/land-conservation\/#breadcrumb","itemListElement":[{"@type":"ListItem","position":1,"name":"Home","item":"https:\/\/www.blackturtledive.com\/de\/"},{"@type":"ListItem","position":2,"name":"Conservation","item":"https:\/\/www.blackturtledive.com\/de\/conservation\/"},{"@type":"ListItem","position":3,"name":"Landschutz"}]},{"@type":"WebSite","@id":"https:\/\/www.blackturtledive.com\/de\/#website","url":"https:\/\/www.blackturtledive.com\/de\/","name":"Black Turtle Dive Koh Tao","description":"Ocean Explorers | Marine Protectors","publisher":{"@id":"https:\/\/www.blackturtledive.com\/de\/#organization"},"alternateName":"Black Turtle Dive in Thailand","potentialAction":[{"@type":"SearchAction","target":{"@type":"EntryPoint","urlTemplate":"https:\/\/www.blackturtledive.com\/de\/?s={search_term_string}"},"query-input":{"@type":"PropertyValueSpecification","valueRequired":true,"valueName":"search_term_string"}}],"inLanguage":"de"},{"@type":"Organization","@id":"https:\/\/www.blackturtledive.com\/de\/#organization","name":"Black Turtle Dive Koh Tao","alternateName":"Black Turtle Dive","url":"https:\/\/www.blackturtledive.com\/de\/","logo":{"@type":"ImageObject","inLanguage":"de","@id":"https:\/\/www.blackturtledive.com\/de\/#\/schema\/logo\/image\/","url":"https:\/\/www.blackturtledive.com\/wp-content\/uploads\/2020\/11\/cropped-blackturtledive.com-brand-logo.png","contentUrl":"https:\/\/www.blackturtledive.com\/wp-content\/uploads\/2020\/11\/cropped-blackturtledive.com-brand-logo.png","width":400,"height":400,"caption":"Black Turtle Dive Koh Tao"},"image":{"@id":"https:\/\/www.blackturtledive.com\/de\/#\/schema\/logo\/image\/"},"sameAs":["https:\/\/www.facebook.com\/blackturtledive","https:\/\/x.com\/blackturtledive","https:\/\/www.instagram.com\/blackturtledive\/","https:\/\/www.youtube.com\/blackturtledive","https:\/\/www.linkedin.com\/company\/blackturtledive\/","https:\/\/www.tumblr.com\/blackturtledive","https:\/\/www.pinterest.com\/blackturtledive\/","https:\/\/www.tiktok.com\/@blackturtledive","https:\/\/www.reddit.com\/user\/blackturtledive\/"],"description":"Black Turtle Dive is a modern and innovative 5 Star Career Development Scuba Diving Center, passionate about the ocean and through training we want to empower you to become a competent and confident scuba diver. Our diving courses equip you with the skills, knowledge and awareness necessary to explore the ocean safely, whilst becoming a passionate advocate and protector of the marine environment. If you have never dived before or are a certified diver and want to develop your skills further, our tailored, bespoke courses and programs will inspire you to become an Ocean advocate. Our scientific based Marine Conservation Internships and training programs, offer aspiring scuba divers and marine conservationists, the best marine conservation internships on Koh Tao. We currently offer students six levels of Marine Conservation Internships at our beachside location on Koh Tao in Thailand. Check out our website for more information.","email":"info@blackturtledive.com","telephone":"089 592 2134","legalName":"Black Turtle Dive Co Ltd","foundingDate":"2020-01-01","publishingPrinciples":"https:\/\/www.blackturtledive.com\/terms\/","ownershipFundingInfo":"https:\/\/www.blackturtledive.com\/terms\/","actionableFeedbackPolicy":"https:\/\/www.blackturtledive.com\/privacy-policy\/","correctionsPolicy":"https:\/\/www.blackturtledive.com\/privacy-policy\/","ethicsPolicy":"https:\/\/www.blackturtledive.com\/privacy-policy\/","diversityPolicy":"https:\/\/www.blackturtledive.com\/privacy-policy\/"}]}},"_links":{"self":[{"href":"https:\/\/www.blackturtledive.com\/de\/wp-json\/wp\/v2\/pages\/18699","targetHints":{"allow":["GET"]}}],"collection":[{"href":"https:\/\/www.blackturtledive.com\/de\/wp-json\/wp\/v2\/pages"}],"about":[{"href":"https:\/\/www.blackturtledive.com\/de\/wp-json\/wp\/v2\/types\/page"}],"author":[{"embeddable":true,"href":"https:\/\/www.blackturtledive.com\/de\/wp-json\/wp\/v2\/users\/2"}],"replies":[{"embeddable":true,"href":"https:\/\/www.blackturtledive.com\/de\/wp-json\/wp\/v2\/comments?post=18699"}],"version-history":[{"count":1,"href":"https:\/\/www.blackturtledive.com\/de\/wp-json\/wp\/v2\/pages\/18699\/revisions"}],"predecessor-version":[{"id":70935,"href":"https:\/\/www.blackturtledive.com\/de\/wp-json\/wp\/v2\/pages\/18699\/revisions\/70935"}],"up":[{"embeddable":true,"href":"https:\/\/www.blackturtledive.com\/de\/wp-json\/wp\/v2\/pages\/18700"}],"wp:featuredmedia":[{"embeddable":true,"href":"https:\/\/www.blackturtledive.com\/de\/wp-json\/wp\/v2\/media\/17916"}],"wp:attachment":[{"href":"https:\/\/www.blackturtledive.com\/de\/wp-json\/wp\/v2\/media?parent=18699"}],"curies":[{"name":"wp","href":"https:\/\/api.w.org\/{rel}","templated":true}]}}