{"id":18700,"date":"2020-09-19T22:21:56","date_gmt":"2020-09-19T15:21:56","guid":{"rendered":"https:\/\/www.blackturtledive.com\/conservation\/"},"modified":"2026-05-05T21:25:21","modified_gmt":"2026-05-05T14:25:21","slug":"conservation","status":"publish","type":"page","link":"https:\/\/www.blackturtledive.com\/de\/conservation\/","title":{"rendered":"Conservation"},"content":{"rendered":"<div class=\"wpb-content-wrapper\"><p>[vc_row][vc_column][vc_column_text css=&#8220;&#8220;]Der Schutz der Meere und der Landschaften ist ein Grundpfeiler von Black Turtle Dive und flie\u00dft in jeden Aspekt unserer Ausbildung ein, um die langfristige Gesundheit der \u00d6kosysteme von Koh Tao zu gew\u00e4hrleisten.<\/p>\n<p>Wir verbinden B\u00fcrgerwissenschaft, Riff-Renaturierung und \u00d6ffentlichkeitsarbeit, um eine \u201eEco-Diver\u201c-Mentalit\u00e4t zu schaffen, die \u00fcber die reine Zertifizierung hinausgeht und zu aktivem Umweltschutz f\u00fchrt.<\/p>\n<p>Als PADI AWARE-Partner und Mitglied von Green Fins haben wir \u00fcber 2.000 kg Meeresm\u00fcll aus den Riffen von Koh Tao entfernt und nutzen die gesammelten Daten, um lokale Politik und Schutzma\u00dfnahmen voranzutreiben.<\/p>\n<h3><span style=\"color: #28d4ff;\">Nat\u00fcrliche Sch\u00f6nheit &amp; Vielfalt von Koh Tao<\/span><\/h3>\n<p>Einst ein Zufluchtsort f\u00fcr <a href=\"https:\/\/www.blackturtledive.com\/koh-tao\/how-to-get-to-koh-tao\/\">reisende Rucksacktouristen<\/a> und davor eine Insel von Kokosnussbauern und Fischern, ist die atemberaubende nat\u00fcrliche Sch\u00f6nheit und Vielfalt von Koh Tao kein Geheimnis mehr.<\/p>\n<p>Die Insel verf\u00fcgt \u00fcber eine au\u00dfergew\u00f6hnlich sch\u00f6ne <a href=\"https:\/\/www.blackturtledive.com\/conservation\/land-conservation\/\">nat\u00fcrliche Umgebung<\/a>, die aus \u00fcppigem, tropischem Dschungel und Granitfelsen besteht.<\/p>\n<h3>Erstaunliche Biodiversit\u00e4t von Koh Tao<\/h3>\n<figure id=\"attachment_1118\" aria-describedby=\"caption-attachment-1118\" style=\"width: 1100px\" class=\"wp-caption alignnone\"><img decoding=\"async\" class=\"size-full wp-image-1118\" src=\"https:\/\/www.blackturtledive.com\/wp-content\/uploads\/2020\/11\/blackturtledive.com-conservation-initiatives-koh-tao.jpg\" alt=\"Naturschutzinitiativen auf Koh Tao\" width=\"1100\" height=\"732\" srcset=\"https:\/\/www.blackturtledive.com\/wp-content\/uploads\/2020\/11\/blackturtledive.com-conservation-initiatives-koh-tao.jpg 1100w, https:\/\/www.blackturtledive.com\/wp-content\/uploads\/2020\/11\/blackturtledive.com-conservation-initiatives-koh-tao-300x200.jpg 300w, https:\/\/www.blackturtledive.com\/wp-content\/uploads\/2020\/11\/blackturtledive.com-conservation-initiatives-koh-tao-1024x681.jpg 1024w, https:\/\/www.blackturtledive.com\/wp-content\/uploads\/2020\/11\/blackturtledive.com-conservation-initiatives-koh-tao-768x511.jpg 768w, https:\/\/www.blackturtledive.com\/wp-content\/uploads\/2020\/11\/blackturtledive.com-conservation-initiatives-koh-tao-150x100.jpg 150w, https:\/\/www.blackturtledive.com\/wp-content\/uploads\/2020\/11\/blackturtledive.com-conservation-initiatives-koh-tao-450x299.jpg 450w\" sizes=\"(max-width: 1100px) 100vw, 1100px\" \/><figcaption id=\"caption-attachment-1118\" class=\"wp-caption-text\">Naturschutzinitiativen auf Koh Tao<\/figcaption><\/figure>\n<p>Die von Granitfelsen ges\u00e4umte K\u00fcste ist von \u00fcberh\u00e4ngenden Palmen, sch\u00f6nen Buchten, <a href=\"https:\/\/www.blackturtledive.com\/koh-tao\/beaches\/\">sandigen Str\u00e4nden<\/a> umgeben, und die Insel wird von lebhaft bunten <a href=\"https:\/\/www.blackturtledive.com\/conservation\/marine-conservation-courses\/coral-watch-specialty\/\">Korallenriffen<\/a> unter Wasser umgeben.<\/p>\n<p>Das Land wird von <a href=\"https:\/\/www.blackturtledive.com\/koh-tao\/viewpoints\/\">mehreren Gipfeln, die 300 Meter \u00fcber dem Meeresspiegel liegen<\/a>, dominiert und mit trockenem immergr\u00fcnen Regenwald und reicher Vegetation bedeckt.<\/p>\n<p>Die Gipfel umfassen kolossale B\u00e4ume, rankende Lianen, exotische Blumen, tropische Farne, wilde Bananenb\u00e4ume und Bambus.<\/p>\n<h3><span style=\"color: #28d4ff;\">Marine- und Tierwelt Koh Tao<\/span><\/h3>\n<p>Obwohl die F\u00fclle an <a href=\"https:\/\/www.blackturtledive.com\/koh-tao-marine-life\/\">aquatischem Leben<\/a> \u00fcber die Jahre hinweg die Hauptattraktion der Insel war, ist die landbasierte \u00d6kologie und Biodiversit\u00e4t ebenso beeindruckend.<\/p>\n<p><a href=\"https:\/\/www.blackturtledive.com\/koh-tao\/\">Koh Tao<\/a> ist die Heimat von \u00fcber 20 Vogelarten, darunter eines der am st\u00e4rksten gesch\u00fctzten Tiere Thailands, die selten gesehene Nicobarquapuste.<\/p>\n<p>Ein viel h\u00e4ufigerer Anblick ist der Wei\u00dfbauchseeadler. Diese gro\u00dfen R\u00e4uber sind oft zu sehen, wie sie \u00fcber den flachen K\u00fcstengew\u00e4ssern kreisen, wo die Fische darunter ideale Beute sind.<\/p>\n<p>Es gibt auch mehrere Reptilienarten, die auf Koh Tao leben, darunter<a href=\"https:\/\/www.blackturtledive.com\/koh-tao-marine-life\/green-sea-turtle\/\"> Meeresschildkr\u00f6ten<\/a>, Warane, Pythons, die gr\u00fcne Kokosnussschlange, Tokay-Taggeckos und eine Vielzahl von verschiedenen Fr\u00f6schen und Kr\u00f6ten.<\/p>\n<figure id=\"attachment_1120\" aria-describedby=\"caption-attachment-1120\" style=\"width: 1100px\" class=\"wp-caption alignnone\"><img decoding=\"async\" class=\"size-full wp-image-1120\" src=\"https:\/\/www.blackturtledive.com\/wp-content\/uploads\/2020\/11\/blackturtledive.com-land-conservation-community-projects-koh-tao.jpg\" alt=\"Landbasierte Naturschutzbem\u00fchungen auf Koh Tao\" width=\"1100\" height=\"696\" srcset=\"https:\/\/www.blackturtledive.com\/wp-content\/uploads\/2020\/11\/blackturtledive.com-land-conservation-community-projects-koh-tao.jpg 1100w, https:\/\/www.blackturtledive.com\/wp-content\/uploads\/2020\/11\/blackturtledive.com-land-conservation-community-projects-koh-tao-300x190.jpg 300w, https:\/\/www.blackturtledive.com\/wp-content\/uploads\/2020\/11\/blackturtledive.com-land-conservation-community-projects-koh-tao-1024x648.jpg 1024w, https:\/\/www.blackturtledive.com\/wp-content\/uploads\/2020\/11\/blackturtledive.com-land-conservation-community-projects-koh-tao-768x486.jpg 768w, https:\/\/www.blackturtledive.com\/wp-content\/uploads\/2020\/11\/blackturtledive.com-land-conservation-community-projects-koh-tao-150x95.jpg 150w, https:\/\/www.blackturtledive.com\/wp-content\/uploads\/2020\/11\/blackturtledive.com-land-conservation-community-projects-koh-tao-450x285.jpg 450w\" sizes=\"(max-width: 1100px) 100vw, 1100px\" \/><figcaption id=\"caption-attachment-1120\" class=\"wp-caption-text\">Landbasierte Naturschutzbem\u00fchungen auf Koh Tao<\/figcaption><\/figure>\n<h3>Umweltprobleme auf Koh Tao<\/h3>\n<p>Mit \u00fcber 400.000 Besuchern j\u00e4hrlich und dem beschleunigten modernen Infrastrukturaufbau sieht sich die Insel einer Reihe von Umweltproblemen gegen\u00fcber, um die nat\u00fcrliche Sch\u00f6nheit zu bewahren.<\/p>\n<p>Die Herausforderungen, mit denen Koh Tao konfrontiert ist, sind sowohl <span style=\"color: #28d4ff;\">land- als auch marinebasiert<\/span> und erfordern konzertierte Ma\u00dfnahmen der lokalen Gemeinschaft sowie von der Regierung gef\u00fchrte Naturschutzinitiativen.<\/p>\n<h3><span style=\"color: #28d4ff;\">Erhaltung der Umwelt von Koh Tao<\/span><\/h3>\n<p>Zu den landbasierten Problemen, die \u00fcberwunden werden m\u00fcssen, geh\u00f6ren die ordnungsgem\u00e4\u00dfe Entsorgung von M\u00fcll, die Plastikverschmutzung, das Abwasser-Management und die Abholzung.<\/p>\n<p>Mit potenziell Tausenden von <a href=\"https:\/\/www.blackturtledive.com\/padi-diving-courses\/\">Tauchern<\/a>, <a href=\"https:\/\/www.blackturtledive.com\/experience-programs\/snorkel-koh-tao\/\">Schnorchlern<\/a> und Strandbesuchern im umliegenden Meer fast t\u00e4glich ist es unerl\u00e4sslich, einen Plan f\u00fcr den Erhalt der marinen Umwelt zu haben.<\/p>\n<figure id=\"attachment_1223\" aria-describedby=\"caption-attachment-1223\" style=\"width: 1100px\" class=\"wp-caption alignnone\"><img decoding=\"async\" class=\"size-full wp-image-1223\" src=\"https:\/\/www.blackturtledive.com\/wp-content\/uploads\/2020\/11\/blackturtledive.com-marine-conservation-internship-koh-tao-thailand.jpg\" alt=\"Praktika im Meeresschutz Koh Tao\" width=\"1100\" height=\"733\" srcset=\"https:\/\/www.blackturtledive.com\/wp-content\/uploads\/2020\/11\/blackturtledive.com-marine-conservation-internship-koh-tao-thailand.jpg 1100w, https:\/\/www.blackturtledive.com\/wp-content\/uploads\/2020\/11\/blackturtledive.com-marine-conservation-internship-koh-tao-thailand-300x200.jpg 300w, https:\/\/www.blackturtledive.com\/wp-content\/uploads\/2020\/11\/blackturtledive.com-marine-conservation-internship-koh-tao-thailand-1024x682.jpg 1024w, https:\/\/www.blackturtledive.com\/wp-content\/uploads\/2020\/11\/blackturtledive.com-marine-conservation-internship-koh-tao-thailand-768x512.jpg 768w, https:\/\/www.blackturtledive.com\/wp-content\/uploads\/2020\/11\/blackturtledive.com-marine-conservation-internship-koh-tao-thailand-150x100.jpg 150w, https:\/\/www.blackturtledive.com\/wp-content\/uploads\/2020\/11\/blackturtledive.com-marine-conservation-internship-koh-tao-thailand-450x300.jpg 450w\" sizes=\"(max-width: 1100px) 100vw, 1100px\" \/><figcaption id=\"caption-attachment-1223\" class=\"wp-caption-text\">Praktika im Meeresschutz Koh Tao<\/figcaption><\/figure>\n<h3>Initiativen der lokalen Gemeinschaft auf Koh Tao<\/h3>\n<p>Lokale Naturschutzinitiativen werden von den lokalen Beh\u00f6rden, einschlie\u00dflich des DMCR, <a href=\"https:\/\/www.blackturtledive.com\/de\/\">Tauchzentren<\/a>, <a href=\"https:\/\/www.blackturtledive.com\/conservation\/marine-conservation-courses\/\">marinen Naturschutzorganisationen<\/a> und gemeinschaftsbasierten Bem\u00fchungen geleitet.<\/p>\n<p>Ein Plan sorgt daf\u00fcr, dass unsere <a href=\"https:\/\/www.blackturtledive.com\/koh-tao-dive-sites\/\">Tauchpl\u00e4tze<\/a> nicht \u00fcberf\u00fcllt sind und die marine Umwelt nicht \u00fcberlastet wird.<\/p>\n<p>Wie in anderen Teilen der Welt ist es wichtig, dass Koh Tao <span style=\"color: #28d4ff;\">Bedrohungen f\u00fcr die Umwelt<\/span> identifizieren kann, die Auswirkungen der globalen Erw\u00e4rmung und der Korallenbleiche verwaltet, damit die einzigartige <a href=\"https:\/\/www.blackturtledive.com\/conservation\/marine-conservation-courses\/coral-reef-conservation-diver\/\">Riff\u00f6kologie<\/a> weiterhin gedeihen kann.<\/p>\n<h3><span style=\"color: #28d4ff;\">Nachhaltige Entwicklung auf Koh Tao<\/span><\/h3>\n<p>Marine und landbasierte <span style=\"color: #28d4ff;\">Naturschutzinitiativen<\/span> durch nachhaltige Entwicklung und <span style=\"color: #28d4ff;\">beste Umweltpraktiken<\/span> sind entscheidend f\u00fcr das fortdauernde \u00dcberleben von Koh Tao als idyllischen tropischen Insel.<\/p>\n<p>Damit zuk\u00fcnftige Generationen die Biodiversit\u00e4t genie\u00dfen k\u00f6nnen, die Koh Tao bietet, werden die lokale Gemeinschaft und die Beh\u00f6rden weiterhin nachhaltige Praktiken umsetzen, um <span style=\"color: #28d4ff;\">diesen einzigartigen Lebensraum zu sch\u00fctzen und zu erhalten<\/span>.<\/p>\n<p><a class=\"fasc-button fasc-size-large fasc-type-flat\" style=\"background-color: #33809e; color: #ffffff;\" href=\"https:\/\/www.blackturtledive.com\/contact-us\/\">KONTAKT<\/a>[\/vc_column_text][\/vc_column][\/vc_row]<\/p>\n<\/div>","protected":false},"excerpt":{"rendered":"<p>Die Erhaltung der nat\u00fcrlichen Sch\u00f6nheit von Koh Tao ist unerl\u00e4sslich und erfordert sowohl maritime als auch landbasierte, gemeinschaftlich getragene Initiativen, damit auch zuk\u00fcnftige Generationen die Wunder dieses traumhaften Inselparadieses genie\u00dfen k\u00f6nnen.<\/p>\n","protected":false},"author":2,"featured_media":17915,"parent":0,"menu_order":0,"comment_status":"closed","ping_status":"closed","template":"","meta":{"_acf_changed":false,"footnotes":""},"class_list":["post-18700","page","type-page","status-publish","has-post-thumbnail","hentry"],"acf":[],"yoast_head":"<!-- This site is optimized with the Yoast SEO Premium plugin v27.6 (Yoast SEO v27.6) - https:\/\/yoast.com\/product\/yoast-seo-premium-wordpress\/ -->\n<title>Naturschutzinitiativen auf Koh Tao | Black Turtle<\/title>\n<meta name=\"description\" content=\"Naturschutzinitiativen auf Koh Tao tragen dazu bei, die nat\u00fcrliche Sch\u00f6nheit der Insel zu bewahren, damit auch zuk\u00fcnftige Generationen dieses erstaunliche Paradies genie\u00dfen k\u00f6nnen.\" \/>\n<meta name=\"robots\" content=\"index, follow, max-snippet:-1, max-image-preview:large, max-video-preview:-1\" \/>\n<link rel=\"canonical\" href=\"https:\/\/www.blackturtledive.com\/de\/conservation\/\" \/>\n<meta property=\"og:locale\" content=\"de_DE\" \/>\n<meta property=\"og:type\" content=\"article\" \/>\n<meta property=\"og:title\" content=\"Conservation Initiatives Koh Tao | Black Turtle Dive\" \/>\n<meta property=\"og:description\" content=\"Conservation initiatives on Koh Tao help to preserve the natural beauty across the island so that future generations can enjoy this amazing paradise\" \/>\n<meta property=\"og:url\" content=\"https:\/\/www.blackturtledive.com\/de\/conservation\/\" \/>\n<meta property=\"og:site_name\" content=\"Black Turtle Dive Koh Tao\" \/>\n<meta property=\"article:publisher\" content=\"https:\/\/www.facebook.com\/blackturtledive\" \/>\n<meta property=\"article:modified_time\" content=\"2026-05-05T14:25:21+00:00\" \/>\n<meta property=\"og:image\" content=\"https:\/\/www.blackturtledive.com\/wp-content\/uploads\/2020\/11\/blackturtledive.com-best-padi-divemaster-course-koh-tao.jpg\" \/>\n\t<meta property=\"og:image:width\" content=\"1200\" \/>\n\t<meta property=\"og:image:height\" content=\"800\" \/>\n\t<meta property=\"og:image:type\" content=\"image\/jpeg\" \/>\n<meta name=\"twitter:card\" content=\"summary_large_image\" \/>\n<meta name=\"twitter:title\" content=\"Conservation Initiatives Koh Tao | Black Turtle Dive\" \/>\n<meta name=\"twitter:description\" content=\"Conservation initiatives on Koh Tao help to preserve the natural beauty across the island so that future generations can enjoy this amazing paradise\" \/>\n<meta name=\"twitter:image\" content=\"https:\/\/www.blackturtledive.com\/wp-content\/uploads\/2020\/11\/blackturtledive.com-best-padi-divemaster-course-koh-tao.jpg\" \/>\n<meta name=\"twitter:site\" content=\"@blackturtledive\" \/>\n<meta name=\"twitter:label1\" content=\"Gesch\u00e4tzte Lesezeit\" \/>\n\t<meta name=\"twitter:data1\" content=\"4\u00a0Minuten\" \/>\n<!-- \/ Yoast SEO Premium plugin. -->","yoast_head_json":{"title":"Naturschutzinitiativen auf Koh Tao | Black Turtle","description":"Naturschutzinitiativen auf Koh Tao tragen dazu bei, die nat\u00fcrliche Sch\u00f6nheit der Insel zu bewahren, damit auch zuk\u00fcnftige Generationen dieses erstaunliche Paradies genie\u00dfen k\u00f6nnen.","robots":{"index":"index","follow":"follow","max-snippet":"max-snippet:-1","max-image-preview":"max-image-preview:large","max-video-preview":"max-video-preview:-1"},"canonical":"https:\/\/www.blackturtledive.com\/de\/conservation\/","og_locale":"de_DE","og_type":"article","og_title":"Conservation Initiatives Koh Tao | Black Turtle Dive","og_description":"Conservation initiatives on Koh Tao help to preserve the natural beauty across the island so that future generations can enjoy this amazing paradise","og_url":"https:\/\/www.blackturtledive.com\/de\/conservation\/","og_site_name":"Black Turtle Dive Koh Tao","article_publisher":"https:\/\/www.facebook.com\/blackturtledive","article_modified_time":"2026-05-05T14:25:21+00:00","og_image":[{"width":1200,"height":800,"url":"https:\/\/www.blackturtledive.com\/wp-content\/uploads\/2020\/11\/blackturtledive.com-best-padi-divemaster-course-koh-tao.jpg","type":"image\/jpeg"}],"twitter_card":"summary_large_image","twitter_title":"Conservation Initiatives Koh Tao | Black Turtle Dive","twitter_description":"Conservation initiatives on Koh Tao help to preserve the natural beauty across the island so that future generations can enjoy this amazing paradise","twitter_image":"https:\/\/www.blackturtledive.com\/wp-content\/uploads\/2020\/11\/blackturtledive.com-best-padi-divemaster-course-koh-tao.jpg","twitter_site":"@blackturtledive","twitter_misc":{"Gesch\u00e4tzte Lesezeit":"4\u00a0Minuten"},"schema":{"@context":"https:\/\/schema.org","@graph":[{"@type":"WebPage","@id":"https:\/\/www.blackturtledive.com\/de\/conservation\/","url":"https:\/\/www.blackturtledive.com\/de\/conservation\/","name":"Naturschutzinitiativen auf Koh Tao | Black Turtle","isPartOf":{"@id":"https:\/\/www.blackturtledive.com\/de\/#website"},"primaryImageOfPage":{"@id":"https:\/\/www.blackturtledive.com\/de\/conservation\/#primaryimage"},"image":{"@id":"https:\/\/www.blackturtledive.com\/de\/conservation\/#primaryimage"},"thumbnailUrl":"https:\/\/www.blackturtledive.com\/wp-content\/uploads\/2020\/11\/blackturtledive.com-conservation-initiatives-koh-tao.jpg","datePublished":"2020-09-19T15:21:56+00:00","dateModified":"2026-05-05T14:25:21+00:00","description":"Naturschutzinitiativen auf Koh Tao tragen dazu bei, die nat\u00fcrliche Sch\u00f6nheit der Insel zu bewahren, damit auch zuk\u00fcnftige Generationen dieses erstaunliche Paradies genie\u00dfen k\u00f6nnen.","breadcrumb":{"@id":"https:\/\/www.blackturtledive.com\/de\/conservation\/#breadcrumb"},"inLanguage":"de","potentialAction":[{"@type":"ReadAction","target":["https:\/\/www.blackturtledive.com\/de\/conservation\/"]}]},{"@type":"ImageObject","inLanguage":"de","@id":"https:\/\/www.blackturtledive.com\/de\/conservation\/#primaryimage","url":"https:\/\/www.blackturtledive.com\/wp-content\/uploads\/2020\/11\/blackturtledive.com-conservation-initiatives-koh-tao.jpg","contentUrl":"https:\/\/www.blackturtledive.com\/wp-content\/uploads\/2020\/11\/blackturtledive.com-conservation-initiatives-koh-tao.jpg","width":1100,"height":732,"caption":"Conservation Initiatives on Koh Tao"},{"@type":"BreadcrumbList","@id":"https:\/\/www.blackturtledive.com\/de\/conservation\/#breadcrumb","itemListElement":[{"@type":"ListItem","position":1,"name":"Home","item":"https:\/\/www.blackturtledive.com\/de\/"},{"@type":"ListItem","position":2,"name":"Conservation"}]},{"@type":"WebSite","@id":"https:\/\/www.blackturtledive.com\/de\/#website","url":"https:\/\/www.blackturtledive.com\/de\/","name":"Black Turtle Dive Koh Tao","description":"Ocean Explorers | Marine Protectors","publisher":{"@id":"https:\/\/www.blackturtledive.com\/de\/#organization"},"alternateName":"Black Turtle Dive in Thailand","potentialAction":[{"@type":"SearchAction","target":{"@type":"EntryPoint","urlTemplate":"https:\/\/www.blackturtledive.com\/de\/?s={search_term_string}"},"query-input":{"@type":"PropertyValueSpecification","valueRequired":true,"valueName":"search_term_string"}}],"inLanguage":"de"},{"@type":"Organization","@id":"https:\/\/www.blackturtledive.com\/de\/#organization","name":"Black Turtle Dive Koh Tao","alternateName":"Black Turtle Dive","url":"https:\/\/www.blackturtledive.com\/de\/","logo":{"@type":"ImageObject","inLanguage":"de","@id":"https:\/\/www.blackturtledive.com\/de\/#\/schema\/logo\/image\/","url":"https:\/\/www.blackturtledive.com\/wp-content\/uploads\/2020\/11\/cropped-blackturtledive.com-brand-logo.png","contentUrl":"https:\/\/www.blackturtledive.com\/wp-content\/uploads\/2020\/11\/cropped-blackturtledive.com-brand-logo.png","width":400,"height":400,"caption":"Black Turtle Dive Koh Tao"},"image":{"@id":"https:\/\/www.blackturtledive.com\/de\/#\/schema\/logo\/image\/"},"sameAs":["https:\/\/www.facebook.com\/blackturtledive","https:\/\/x.com\/blackturtledive","https:\/\/www.instagram.com\/blackturtledive\/","https:\/\/www.youtube.com\/blackturtledive","https:\/\/www.linkedin.com\/company\/blackturtledive\/","https:\/\/www.tumblr.com\/blackturtledive","https:\/\/www.pinterest.com\/blackturtledive\/","https:\/\/www.tiktok.com\/@blackturtledive","https:\/\/www.reddit.com\/user\/blackturtledive\/"],"description":"Black Turtle Dive is a modern and innovative 5 Star Career Development Scuba Diving Center, passionate about the ocean and through training we want to empower you to become a competent and confident scuba diver. Our diving courses equip you with the skills, knowledge and awareness necessary to explore the ocean safely, whilst becoming a passionate advocate and protector of the marine environment. If you have never dived before or are a certified diver and want to develop your skills further, our tailored, bespoke courses and programs will inspire you to become an Ocean advocate. Our scientific based Marine Conservation Internships and training programs, offer aspiring scuba divers and marine conservationists, the best marine conservation internships on Koh Tao. We currently offer students six levels of Marine Conservation Internships at our beachside location on Koh Tao in Thailand. Check out our website for more information.","email":"info@blackturtledive.com","telephone":"089 592 2134","legalName":"Black Turtle Dive Co Ltd","foundingDate":"2020-01-01","publishingPrinciples":"https:\/\/www.blackturtledive.com\/terms\/","ownershipFundingInfo":"https:\/\/www.blackturtledive.com\/terms\/","actionableFeedbackPolicy":"https:\/\/www.blackturtledive.com\/privacy-policy\/","correctionsPolicy":"https:\/\/www.blackturtledive.com\/privacy-policy\/","ethicsPolicy":"https:\/\/www.blackturtledive.com\/privacy-policy\/","diversityPolicy":"https:\/\/www.blackturtledive.com\/privacy-policy\/"}]}},"_links":{"self":[{"href":"https:\/\/www.blackturtledive.com\/de\/wp-json\/wp\/v2\/pages\/18700","targetHints":{"allow":["GET"]}}],"collection":[{"href":"https:\/\/www.blackturtledive.com\/de\/wp-json\/wp\/v2\/pages"}],"about":[{"href":"https:\/\/www.blackturtledive.com\/de\/wp-json\/wp\/v2\/types\/page"}],"author":[{"embeddable":true,"href":"https:\/\/www.blackturtledive.com\/de\/wp-json\/wp\/v2\/users\/2"}],"replies":[{"embeddable":true,"href":"https:\/\/www.blackturtledive.com\/de\/wp-json\/wp\/v2\/comments?post=18700"}],"version-history":[{"count":1,"href":"https:\/\/www.blackturtledive.com\/de\/wp-json\/wp\/v2\/pages\/18700\/revisions"}],"predecessor-version":[{"id":70936,"href":"https:\/\/www.blackturtledive.com\/de\/wp-json\/wp\/v2\/pages\/18700\/revisions\/70936"}],"wp:featuredmedia":[{"embeddable":true,"href":"https:\/\/www.blackturtledive.com\/de\/wp-json\/wp\/v2\/media\/17915"}],"wp:attachment":[{"href":"https:\/\/www.blackturtledive.com\/de\/wp-json\/wp\/v2\/media?parent=18700"}],"curies":[{"name":"wp","href":"https:\/\/api.w.org\/{rel}","templated":true}]}}