{"id":18702,"date":"2020-09-19T22:19:39","date_gmt":"2020-09-19T15:19:39","guid":{"rendered":"https:\/\/www.blackturtledive.com\/nitrox-instructor\/"},"modified":"2026-05-06T14:33:18","modified_gmt":"2026-05-06T07:33:18","slug":"nitrox-instructor","status":"publish","type":"page","link":"https:\/\/www.blackturtledive.com\/de\/padi-pro-level\/msdt-program\/nitrox-instructor\/","title":{"rendered":"Nitroxinstruktor"},"content":{"rendered":"<div class=\"wpb-content-wrapper\"><p>[vc_row][vc_column][vc_column_text css=&#8220;&#8220;]Der Enriched Air (Nitrox) Instructor\u2011Kurs ist die wichtigste Specialty\u2011Instructor\u2011Ausbildung f\u00fcr moderne Tauchprofis und bef\u00e4higt Sie, PADIs beliebteste Specialty zu unterrichten.<\/p>\n<p>Instruktoren lernen, wie sie Teilnehmer in Gasanalyse, Sauerstoff\u2011Expositionsmanagement und der Nutzung von EANx\u2011Tauchcomputern unterrichten \u2014 mittels effizienter Theorieeinheiten und praktischer Anwendungen.<\/p>\n<p>Da es sich um eine rein theoretische Specialty handelt, eignet sich der Kurs hervorragend f\u00fcr Schlechtwettertage oder als Erg\u00e4nzung zwischen Ozeansessions und steigert dadurch Verdienstm\u00f6glichkeiten und Teilnehmerbindung.<\/p>\n<h3><span style=\"color: #28d4ff;\">Werden Sie Nitrox-Spezialinstructor auf Koh Tao<\/span><\/h3>\n<p>Studenten-Taucher kommentieren oft, wie schnell ihr Tauchgang war, und fragen, warum sie ihren Tauchgang beenden mussten, obwohl sie noch Luft in ihrem Tank hatten.<\/p>\n<p>Als PADI <a href=\"https:\/\/www.blackturtledive.com\/padi-pro-level\/\">Spezialinstructor<\/a> wissen Sie, dass es an der Zeit ist, dass sie den n\u00e4chsten Schritt machen, um ihre Tauchgrenzen zu erweitern und <a href=\"https:\/\/www.blackturtledive.com\/padi-specialty-courses\/enriched-air-diver-nitrox\/\">angereicherte Luft Nitrox-Taucher<\/a> zu werden.<\/p>\n<p>Der PADI Angereicherte Luft Nitrox Instructor <a href=\"https:\/\/www.blackturtledive.com\/padi-specialty-courses\/\">Spezialkurs<\/a> zeigt Ihnen, wie Sie Ihren Sch\u00fclern beibringen k\u00f6nnen, angereicherte Luft Nitrox f\u00fcr Tauchg\u00e4nge ohne Stopps mit einem angereichert luftkompatiblen Tauchcomputer zu verwenden.<\/p>\n<h3>Lernen, den PADI Angereicherte Luft Nitrox Spezialkurs zu unterrichten<\/h3>\n<p>Sie bringen ihnen bei, wie man das Tauchen mit angereicherter Luft Nitrox von <em><span style=\"color: #28d4ff;\">22 Prozent bis 40 Prozent Sauerstoff<\/span><\/em> plant und organisiert und wie man die Grenzen f\u00fcr das Tauchen ohne Stopps und die Sauerstoffexposition \u00fcberwacht.<\/p>\n<p>W\u00e4hrend des PADI <em><span style=\"color: #28d4ff;\">Angereichter Luft Nitrox Instructor-Spezialkurses<\/span><\/em> lernen Sie, wie Sie Ihre Sch\u00fcler durch die Wissensentwicklungsabschnitte f\u00fchren.<\/p>\n<p>In den Wissensentwicklungsabschnitten k\u00f6nnen Sie die schriftliche Wissens\u00fcberpr\u00fcfung oder das PADI Angereichter Luft <a href=\"https:\/\/www.blackturtledive.com\/blog\/start-your-padi-diving-course-with-e-learning\/\">Diver Course Online<\/a> nutzen, wo Sie online alle Fragen vor der Ankunft der Sch\u00fcler kl\u00e4ren k\u00f6nnen.<\/p>\n<p>Wir zeigen Ihnen auch die beste Methode, wie Sie die praktischen Anwendungssitzungen durchf\u00fchren k\u00f6nnen.<\/p>\n<p><a class=\"fasc-button fasc-size-large fasc-type-flat\" style=\"background-color: #33809e; color: #ffffff;\" href=\"https:\/\/www.blackturtledive.com\/diving-course-prices\/\">JETZT BUCHEN<\/a><\/p>\n<h3><span style=\"color: #28d4ff;\">Inklusive im Koh Tao Angereichter Luft Nitrox Instructor-Spezialkurs<\/span><\/h3>\n<ul>\n<li>2 Angereichter Luft Nitrox Trainingstauchg\u00e4nge<\/li>\n<li>Vermietung aller <a href=\"https:\/\/www.blackturtledive.com\/padi-specialty-courses\/equipment-specialist\/\">Tauchausr\u00fcstungen<\/a>, einschlie\u00dflich spezieller Ausr\u00fcstungen<\/li>\n<li>KOSTENLOSE Nutzung des Tauchcomputers<\/li>\n<li><a href=\"https:\/\/www.blackturtledive.com\/about-us\/\">Black Turtle Dive<\/a> Kunden- (und Umwelt-)Versprechen<\/li>\n<\/ul>\n<p>Um sich f\u00fcr einen PADI Angereicherter Luft Nitrox Instructor-Spezialkurs anzumelden, m\u00fcssen Sie:<\/p>\n<ul>\n<li>Mindestens ein PADI <a href=\"https:\/\/www.blackturtledive.com\/padi-pro-level\/dive-instructor-course\/\">Open Water Scuba Instructor<\/a> sein oder derzeit an einem IDC\/OWSI-Programm teilnehmen oder dieses innerhalb der letzten 12 Monate abgeschlossen haben.<\/li>\n<li>IDC\/OWSI-Kandidaten k\u00f6nnen sich f\u00fcr die Spezialinstructor-Zertifizierung nur nach erfolgreichem Abschluss eines IE bewerben.<\/li>\n<li>Ein zertifizierter Angereicherter Luft Nitrox Diver sein<span style=\"color: #28d4ff;\"><strong>**<\/strong><\/span><\/li>\n<li>\u00dcber aktuelle Taucherfahrung verf\u00fcgen \u2013 wir empfehlen, eine <a href=\"https:\/\/www.blackturtledive.com\/padi-diving-courses\/scuba-review\/\">Taucher\u00fcberpr\u00fcfung<\/a> durchzuf\u00fchren, wenn Sie seit 12 Monaten nicht getaucht haben.<\/li>\n<li>Medizinisch fit zum Tauchen sein.<\/li>\n<\/ul>\n<p><span style=\"color: #28d4ff;\"><strong>**<\/strong><\/span>Wir k\u00f6nnen dies in Verbindung mit dem Angereicherter Luft Nitrox Instructor-Kurs durchf\u00fchren.<\/p>\n<p>Nach erfolgreichem Abschluss aller <a href=\"https:\/\/www.blackturtledive.com\/padi-diving-courses\/\">Kurs<\/a>anforderungen m\u00fcssen Sie den Nachweis von 10 loggierten Angereichert Luft Nitrox-Tauchg\u00e4ngen erbringen.<\/p>\n<h3>1-Tages PADI Angereicherter Luft Nitrox Instructor-Spezialkurs<\/h3>\n<p>Der Kurs besteht aus zwei Teilen:<\/p>\n<ul>\n<li>Wissensentwicklung<\/li>\n<li>Praktische Anwendungssitzungen<\/li>\n<li>Freiwassertraining &#8211; 2 Tauchg\u00e4nge mit angereicherter Luft Nitrox<\/li>\n<\/ul>\n<p><a class=\"fasc-button fasc-size-large fasc-type-flat\" style=\"background-color: #33809e; color: #ffffff;\" href=\"https:\/\/www.blackturtledive.com\/diving-course-prices\/\">JETZT BUCHEN<\/a><\/p>\n<p>Bei <a href=\"https:\/\/www.blackturtledive.com\/de\/\">Black Turtle Dive<\/a> nehmen wir unser <a href=\"https:\/\/www.blackturtledive.com\/about-us\/our-customer-promise\/\">Kundenversprechen<\/a> sehr ernst.<\/p>\n<p>Unsere <a href=\"https:\/\/www.blackturtledive.com\/padi-pro-level\/idc-staff-instructor-course\/\">Tauchlehrer<\/a> sind hochqualifiziert und sorgen daf\u00fcr, dass Sie viel Aufmerksamkeit erhalten und vor allem in einem entspannten Umfeld in Ihrem eigenen Tempo Fortschritte machen.<\/p>\n<p>W\u00e4hrend Ihres Trainings werden wir langsam <em><span style=\"color: #28d4ff;\">Ihr Vertrauen und Ihre F\u00e4higkeiten aufbauen<\/span><\/em>, w\u00e4hrend Sie die notwendigen Kenntnisse entwickeln, um ein kompetenter Angereicherter Luft Nitrox Instructor zu werden.<\/p>\n<h3><span style=\"color: #28d4ff;\">Koh Tao Angereicherter Luft Nitrox Instructor-Kursplan<\/span><\/h3>\n<p>Der Zeitplan f\u00fcr den Angereicherter Luft Nitrox Instructor-Spezialkurs bei Black Turtle Dive ist flexibel, und wir k\u00f6nnen uns nach Ihren pers\u00f6nlichen Bed\u00fcrfnissen und Zeitrahmen richten.<\/p>\n<p>Er wird oft als Teil unseres Multi-Instructor-Spezialprogramms wie dem <a href=\"https:\/\/www.blackturtledive.com\/padi-pro-level\/msdt-program\/\">MSDT-Programm<\/a> geplant.&nbsp;<\/p>\n<p>Bitte z\u00f6gern Sie nicht, wenn Sie spezielle Anfragen haben, entweder per <a href=\"https:\/\/www.blackturtledive.com\/contact-us\/\">E-Mail<\/a> oder \u00fcber eine der Messenger-Apps auf dieser Seite.&nbsp;<\/p>\n<h3>PADI Enriched Air Nitrox Instructor\u2011Kurskosten: 4.000 Baht<\/h3>\n<h3><span style=\"color: #28d4ff;\">Kursplan<\/span><\/h3>\n<p>Tag 1:<\/p>\n<p>09.00 \u2013 11.30: Orientierung, Wissensentwicklung &amp; praktische Anwendung<br \/>\n12.30 \u2013 17.00: Angereicherte Luft Nitrox-Tauchg\u00e4nge &nbsp;<\/p>\n<p>Sie sind jetzt ein zertifizierter PADI Angereicherter Luft Nitrox Spezialinstructor.<\/p>\n<p><a class=\"fasc-button fasc-size-large fasc-type-flat\" style=\"background-color: #33809e; color: #ffffff;\" href=\"https:\/\/www.blackturtledive.com\/diving-course-prices\/\">JETZT BUCHEN<\/a><\/p>\n<h3>PADI Angereicherter Luft Nitrox Spezialinstructor-Kursinformationen<\/h3>\n<p>Wissensentwicklung f\u00fcr Nitrox-Instructor<\/p>\n<p>Der Angereicherter Luft Nitrox Spezialinstructor-Kurs kann ohne Trainings-Tauchg\u00e4nge durchgef\u00fchrt werden. Unser Angereicherter Luft Nitrox Spezialinstructor-Kurs umfasst jedoch zwei Tauchg\u00e4nge mit Nitrox.<\/p>\n<p>Es gibt auch einen Bereich zur Wissensentwicklung, der durchgef\u00fchrt wird, bevor wir die Trainingstauchg\u00e4nge machen.&nbsp;<\/p>\n<p>Im Bereich Wissensentwicklung m\u00fcssen Sie Folgendes abschlie\u00dfen:<\/p>\n<ul>\n<li>Eine Wissensentwicklung-Pr\u00e4sentation aus dem Angereicherte Luft Nitrox Spezialhandbuch halten, indem Sie eine verpasste Frage aus der Wissens\u00fcberpr\u00fcfung systematisch lehren.<\/li>\n<li>Den Zweck und die Ziele des PADI Angereicherter Luft Nitrox Spezialkurses \u00fcberpr\u00fcfen und verstehen.<\/li>\n<li>Die Standards und Verfahren des Angereicherter Luft Nitrox Spezialkurses aus dem PADI Specialty Course Instructor Guide \u00fcberpr\u00fcfen und erkl\u00e4ren und alle Anforderungen an die Ausr\u00fcstung f\u00fcr Sch\u00fcler und Instructor auflisten.<\/li>\n<li>Die Beherrschung aller Wissensentwicklung demonstrieren.<\/li>\n<li>Beschreiben, wie man alle Kursabschnitte so durchf\u00fchrt, dass die Taucher die Leistungsanforderungen des Kurses erf\u00fcllen k\u00f6nnen.<\/li>\n<li>An einem Marketing- und Promotionsworkshop teilnehmen, in dem Sie Techniken lernen, um den Spezialkurs f\u00fcr angereicherte Luft Nitrox Ihren Sch\u00fclern und der allgemeinen Tauch\u00f6ffentlichkeit zu empfehlen.<\/li>\n<li>An einem Pre-workshop teilnehmen.<\/li>\n<\/ul>\n<h3><span style=\"color: #28d4ff;\">Praktische Bewertungen f\u00fcr den Nitrox-Instructor<\/span><\/h3>\n<p>Es gibt zwei praktische Bewertungen, die Sie abschlie\u00dfen m\u00fcssen:<\/p>\n<ul>\n<li>Sauerstoffanalyse, Verifizierung der Zylinderdaten und Unterzeichnung des F\u00fcllprotokolls.<\/li>\n<li>Die Verfahren zur Gewinnung einer angereicherten Luftf\u00fcllung und\/oder zur Anmietung eines angereicherten Luftzylinders von einer F\u00fcllstation f\u00fcr angereicherte Luft demonstrieren.<\/li>\n<\/ul>\n<h3><span style=\"color: #28d4ff;\">Nitrox-Instructor Freiwassertrainingstauchg\u00e4nge<\/span><\/h3>\n<p>Es gibt 2 Angereicherte Luft Nitrox-Tauchg\u00e4nge, die wir als Teil unseres Angereicherter Luft Nitrox Spezialinstructor-Kurses anbieten, jedoch gibt es keine gestuften F\u00e4higkeiten, die abgeschlossen werden m\u00fcssen.<\/p>\n<p>Vor den Tauchg\u00e4ngen m\u00fcssen Sie die \u00dcberlegungen zum <a href=\"https:\/\/www.blackturtledive.com\/koh-tao-dive-sites\/\">Freiwassertraining<\/a> im Angereicherte Luft Nitrox Diver Spezialkurs erkl\u00e4ren.<\/p>\n<p>W\u00e4hrend der Freiwassertauchg\u00e4nge m\u00fcssen Sie:<\/p>\n<ul>\n<li>Die Beherrschung aller Leistungsanforderungen f\u00fcr die Fertigkeiten des Angereicherter Luft Nitrox Spezialtauchers demonstrieren.<\/li>\n<li>Eine Lehrpr\u00e4sentation im <a href=\"https:\/\/www.blackturtledive.com\/padi-diving-courses\/open-water-course\/\">Freiwasser<\/a> aus dem Angereicherter Luft Nitrox Spezialtauchkurs durchf\u00fchren<\/li>\n<li>Alle Leistungsanforderungen f\u00fcr den Angereicherter Luft Nitrox Diver Spezialkurs im Freiwasser demonstrieren.<\/li>\n<\/ul>\n<p>Nach Abschluss aller Leistungsanforderungen erhalten Sie die PADI <em><span style=\"color: #28d4ff;\">Angereicherter Luft Nitrox Spezialinstructor<\/span><\/em>-Zertifizierung.<\/p>\n<h3><span style=\"color: #28d4ff;\">PADI\u2011Geb\u00fchren 2026<\/span><\/h3>\n<p>PADI Enriched Air Nitrox Specialty Instructor \u2013 Antragsgeb\u00fchr: A$145<\/p>\n<p><a class=\"fasc-button fasc-size-large fasc-type-flat\" style=\"background-color: #33809e; color: #ffffff;\" href=\"https:\/\/www.blackturtledive.com\/diving-course-prices\/\">JETZT BUCHEN<\/a><\/p>\n<h3>PADI Materialien<\/h3>\n<p>Bitte bringen Sie Ihr&nbsp;PADI Specialty Course Instructor Manual mit.<\/p>\n<p>Sie ben\u00f6tigen auch eine Kopie des PADI Instructor Manuals, das f\u00fcr alle erneuerten PADI-Mitglieder kostenlos unter&nbsp;<a href=\"https:\/\/www.padi.com\/mypadi\/\" target=\"_blank\" rel=\"noopener\">www.padi.com\/mypadi<\/a> heruntergeladen werden kann.[\/vc_column_text][\/vc_column][\/vc_row]<\/p>\n<\/div>","protected":false},"excerpt":{"rendered":"<p>Der PADI Enriched Air Diver (Nitrox) Instruktor Spezialkurs auf Koh Tao vermittelt Ihnen, wie Sie Tauchsch\u00fcler im Nitrox-Tauchen unterrichten und deren Grundzeiten verl\u00e4ngern k\u00f6nnen.<\/p>\n","protected":false},"author":2,"featured_media":17966,"parent":18705,"menu_order":0,"comment_status":"closed","ping_status":"closed","template":"","meta":{"_acf_changed":false,"footnotes":""},"class_list":["post-18702","page","type-page","status-publish","has-post-thumbnail","hentry"],"acf":[],"yoast_head":"<!-- This site is optimized with the Yoast SEO Premium plugin v27.6 (Yoast SEO v27.6) - https:\/\/yoast.com\/product\/yoast-seo-premium-wordpress\/ -->\n<title>PADI Angereicherter Luft Nitrox Instruktor-Kurs | Black Turtle<\/title>\n<meta name=\"description\" content=\"Der PADI Enriched Air Diver (Nitrox) Instruktor Spezialkurs auf Koh Tao vermittelt Ihnen, wie Sie Tauchsch\u00fcler im Nitrox-Tauchen unterrichten und deren Grundzeiten verl\u00e4ngern k\u00f6nnen.\" \/>\n<meta name=\"robots\" content=\"index, follow, max-snippet:-1, max-image-preview:large, max-video-preview:-1\" \/>\n<link rel=\"canonical\" href=\"https:\/\/www.blackturtledive.com\/de\/padi-pro-level\/msdt-program\/nitrox-instructor\/\" \/>\n<meta property=\"og:locale\" content=\"de_DE\" \/>\n<meta property=\"og:type\" content=\"article\" \/>\n<meta property=\"og:title\" content=\"PADI Enriched Air Diver Instructor Specialty Course Koh Tao\" \/>\n<meta property=\"og:description\" content=\"PADI Enriched Air diver (Nitrox) Instructor specialty course Koh Tao teaches YOU how to teach student divers how to dive on Nitrox and extend their bottom times\" \/>\n<meta property=\"og:url\" content=\"https:\/\/www.blackturtledive.com\/de\/padi-pro-level\/msdt-program\/nitrox-instructor\/\" \/>\n<meta property=\"og:site_name\" content=\"Black Turtle Dive Koh Tao\" \/>\n<meta property=\"article:publisher\" content=\"https:\/\/www.facebook.com\/blackturtledive\" \/>\n<meta property=\"article:modified_time\" content=\"2026-05-06T07:33:18+00:00\" \/>\n<meta property=\"og:image\" content=\"https:\/\/www.blackturtledive.com\/wp-content\/uploads\/2020\/11\/blackturtledive.com-padi-nitrox-diver-specialty-koh-tao.jpeg\" \/>\n\t<meta property=\"og:image:width\" content=\"1000\" \/>\n\t<meta property=\"og:image:height\" content=\"564\" \/>\n\t<meta property=\"og:image:type\" content=\"image\/jpeg\" \/>\n<meta name=\"twitter:card\" content=\"summary_large_image\" \/>\n<meta name=\"twitter:title\" content=\"PADI Enriched Air Diver Instructor Specialty Course Koh Tao\" \/>\n<meta name=\"twitter:description\" content=\"PADI Enriched Air diver (Nitrox) Instructor specialty course Koh Tao teaches YOU how to teach student divers how to dive on Nitrox and extend their bottom times\" \/>\n<meta name=\"twitter:image\" content=\"https:\/\/www.blackturtledive.com\/wp-content\/uploads\/2020\/11\/blackturtledive.com-padi-nitrox-diver-specialty-koh-tao.jpeg\" \/>\n<meta name=\"twitter:site\" content=\"@blackturtledive\" \/>\n<meta name=\"twitter:label1\" content=\"Gesch\u00e4tzte Lesezeit\" \/>\n\t<meta name=\"twitter:data1\" content=\"5\u00a0Minuten\" \/>\n<!-- \/ Yoast SEO Premium plugin. -->","yoast_head_json":{"title":"PADI Angereicherter Luft Nitrox Instruktor-Kurs | Black Turtle","description":"Der PADI Enriched Air Diver (Nitrox) Instruktor Spezialkurs auf Koh Tao vermittelt Ihnen, wie Sie Tauchsch\u00fcler im Nitrox-Tauchen unterrichten und deren Grundzeiten verl\u00e4ngern k\u00f6nnen.","robots":{"index":"index","follow":"follow","max-snippet":"max-snippet:-1","max-image-preview":"max-image-preview:large","max-video-preview":"max-video-preview:-1"},"canonical":"https:\/\/www.blackturtledive.com\/de\/padi-pro-level\/msdt-program\/nitrox-instructor\/","og_locale":"de_DE","og_type":"article","og_title":"PADI Enriched Air Diver Instructor Specialty Course Koh Tao","og_description":"PADI Enriched Air diver (Nitrox) Instructor specialty course Koh Tao teaches YOU how to teach student divers how to dive on Nitrox and extend their bottom times","og_url":"https:\/\/www.blackturtledive.com\/de\/padi-pro-level\/msdt-program\/nitrox-instructor\/","og_site_name":"Black Turtle Dive Koh Tao","article_publisher":"https:\/\/www.facebook.com\/blackturtledive","article_modified_time":"2026-05-06T07:33:18+00:00","og_image":[{"width":1000,"height":564,"url":"https:\/\/www.blackturtledive.com\/wp-content\/uploads\/2020\/11\/blackturtledive.com-padi-nitrox-diver-specialty-koh-tao.jpeg","type":"image\/jpeg"}],"twitter_card":"summary_large_image","twitter_title":"PADI Enriched Air Diver Instructor Specialty Course Koh Tao","twitter_description":"PADI Enriched Air diver (Nitrox) Instructor specialty course Koh Tao teaches YOU how to teach student divers how to dive on Nitrox and extend their bottom times","twitter_image":"https:\/\/www.blackturtledive.com\/wp-content\/uploads\/2020\/11\/blackturtledive.com-padi-nitrox-diver-specialty-koh-tao.jpeg","twitter_site":"@blackturtledive","twitter_misc":{"Gesch\u00e4tzte Lesezeit":"5\u00a0Minuten"},"schema":{"@context":"https:\/\/schema.org","@graph":[{"@type":"WebPage","@id":"https:\/\/www.blackturtledive.com\/de\/padi-pro-level\/msdt-program\/nitrox-instructor\/","url":"https:\/\/www.blackturtledive.com\/de\/padi-pro-level\/msdt-program\/nitrox-instructor\/","name":"PADI Angereicherter Luft Nitrox Instruktor-Kurs | Black Turtle","isPartOf":{"@id":"https:\/\/www.blackturtledive.com\/de\/#website"},"primaryImageOfPage":{"@id":"https:\/\/www.blackturtledive.com\/de\/padi-pro-level\/msdt-program\/nitrox-instructor\/#primaryimage"},"image":{"@id":"https:\/\/www.blackturtledive.com\/de\/padi-pro-level\/msdt-program\/nitrox-instructor\/#primaryimage"},"thumbnailUrl":"https:\/\/www.blackturtledive.com\/wp-content\/uploads\/2020\/11\/blackturtledive.com-padi-nitrox-diver-specialty-koh-tao.jpeg","datePublished":"2020-09-19T15:19:39+00:00","dateModified":"2026-05-06T07:33:18+00:00","description":"Der PADI Enriched Air Diver (Nitrox) Instruktor Spezialkurs auf Koh Tao vermittelt Ihnen, wie Sie Tauchsch\u00fcler im Nitrox-Tauchen unterrichten und deren Grundzeiten verl\u00e4ngern k\u00f6nnen.","breadcrumb":{"@id":"https:\/\/www.blackturtledive.com\/de\/padi-pro-level\/msdt-program\/nitrox-instructor\/#breadcrumb"},"inLanguage":"de","potentialAction":[{"@type":"ReadAction","target":["https:\/\/www.blackturtledive.com\/de\/padi-pro-level\/msdt-program\/nitrox-instructor\/"]}]},{"@type":"ImageObject","inLanguage":"de","@id":"https:\/\/www.blackturtledive.com\/de\/padi-pro-level\/msdt-program\/nitrox-instructor\/#primaryimage","url":"https:\/\/www.blackturtledive.com\/wp-content\/uploads\/2020\/11\/blackturtledive.com-padi-nitrox-diver-specialty-koh-tao.jpeg","contentUrl":"https:\/\/www.blackturtledive.com\/wp-content\/uploads\/2020\/11\/blackturtledive.com-padi-nitrox-diver-specialty-koh-tao.jpeg","width":1000,"height":564,"caption":"PADI Nitrox Specialty Course Koh Tao Thailand"},{"@type":"BreadcrumbList","@id":"https:\/\/www.blackturtledive.com\/de\/padi-pro-level\/msdt-program\/nitrox-instructor\/#breadcrumb","itemListElement":[{"@type":"ListItem","position":1,"name":"Home","item":"https:\/\/www.blackturtledive.com\/de\/"},{"@type":"ListItem","position":2,"name":"PADI-Pro Stufe","item":"https:\/\/www.blackturtledive.com\/de\/padi-pro-level\/"},{"@type":"ListItem","position":3,"name":"MSDTProgramm","item":"https:\/\/www.blackturtledive.com\/de\/padi-pro-level\/msdt-program\/"},{"@type":"ListItem","position":4,"name":"Nitroxinstruktor"}]},{"@type":"WebSite","@id":"https:\/\/www.blackturtledive.com\/de\/#website","url":"https:\/\/www.blackturtledive.com\/de\/","name":"Black Turtle Dive Koh Tao","description":"Ocean Explorers | Marine Protectors","publisher":{"@id":"https:\/\/www.blackturtledive.com\/de\/#organization"},"alternateName":"Black Turtle Dive in Thailand","potentialAction":[{"@type":"SearchAction","target":{"@type":"EntryPoint","urlTemplate":"https:\/\/www.blackturtledive.com\/de\/?s={search_term_string}"},"query-input":{"@type":"PropertyValueSpecification","valueRequired":true,"valueName":"search_term_string"}}],"inLanguage":"de"},{"@type":"Organization","@id":"https:\/\/www.blackturtledive.com\/de\/#organization","name":"Black Turtle Dive Koh Tao","alternateName":"Black Turtle Dive","url":"https:\/\/www.blackturtledive.com\/de\/","logo":{"@type":"ImageObject","inLanguage":"de","@id":"https:\/\/www.blackturtledive.com\/de\/#\/schema\/logo\/image\/","url":"https:\/\/www.blackturtledive.com\/wp-content\/uploads\/2020\/11\/cropped-blackturtledive.com-brand-logo.png","contentUrl":"https:\/\/www.blackturtledive.com\/wp-content\/uploads\/2020\/11\/cropped-blackturtledive.com-brand-logo.png","width":400,"height":400,"caption":"Black Turtle Dive Koh Tao"},"image":{"@id":"https:\/\/www.blackturtledive.com\/de\/#\/schema\/logo\/image\/"},"sameAs":["https:\/\/www.facebook.com\/blackturtledive","https:\/\/x.com\/blackturtledive","https:\/\/www.instagram.com\/blackturtledive\/","https:\/\/www.youtube.com\/blackturtledive","https:\/\/www.linkedin.com\/company\/blackturtledive\/","https:\/\/www.tumblr.com\/blackturtledive","https:\/\/www.pinterest.com\/blackturtledive\/","https:\/\/www.tiktok.com\/@blackturtledive","https:\/\/www.reddit.com\/user\/blackturtledive\/"],"description":"Black Turtle Dive is a modern and innovative 5 Star Career Development Scuba Diving Center, passionate about the ocean and through training we want to empower you to become a competent and confident scuba diver. Our diving courses equip you with the skills, knowledge and awareness necessary to explore the ocean safely, whilst becoming a passionate advocate and protector of the marine environment. If you have never dived before or are a certified diver and want to develop your skills further, our tailored, bespoke courses and programs will inspire you to become an Ocean advocate. Our scientific based Marine Conservation Internships and training programs, offer aspiring scuba divers and marine conservationists, the best marine conservation internships on Koh Tao. We currently offer students six levels of Marine Conservation Internships at our beachside location on Koh Tao in Thailand. Check out our website for more information.","email":"info@blackturtledive.com","telephone":"089 592 2134","legalName":"Black Turtle Dive Co Ltd","foundingDate":"2020-01-01","publishingPrinciples":"https:\/\/www.blackturtledive.com\/terms\/","ownershipFundingInfo":"https:\/\/www.blackturtledive.com\/terms\/","actionableFeedbackPolicy":"https:\/\/www.blackturtledive.com\/privacy-policy\/","correctionsPolicy":"https:\/\/www.blackturtledive.com\/privacy-policy\/","ethicsPolicy":"https:\/\/www.blackturtledive.com\/privacy-policy\/","diversityPolicy":"https:\/\/www.blackturtledive.com\/privacy-policy\/"}]}},"_links":{"self":[{"href":"https:\/\/www.blackturtledive.com\/de\/wp-json\/wp\/v2\/pages\/18702","targetHints":{"allow":["GET"]}}],"collection":[{"href":"https:\/\/www.blackturtledive.com\/de\/wp-json\/wp\/v2\/pages"}],"about":[{"href":"https:\/\/www.blackturtledive.com\/de\/wp-json\/wp\/v2\/types\/page"}],"author":[{"embeddable":true,"href":"https:\/\/www.blackturtledive.com\/de\/wp-json\/wp\/v2\/users\/2"}],"replies":[{"embeddable":true,"href":"https:\/\/www.blackturtledive.com\/de\/wp-json\/wp\/v2\/comments?post=18702"}],"version-history":[{"count":2,"href":"https:\/\/www.blackturtledive.com\/de\/wp-json\/wp\/v2\/pages\/18702\/revisions"}],"predecessor-version":[{"id":71428,"href":"https:\/\/www.blackturtledive.com\/de\/wp-json\/wp\/v2\/pages\/18702\/revisions\/71428"}],"up":[{"embeddable":true,"href":"https:\/\/www.blackturtledive.com\/de\/wp-json\/wp\/v2\/pages\/18705"}],"wp:featuredmedia":[{"embeddable":true,"href":"https:\/\/www.blackturtledive.com\/de\/wp-json\/wp\/v2\/media\/17966"}],"wp:attachment":[{"href":"https:\/\/www.blackturtledive.com\/de\/wp-json\/wp\/v2\/media?parent=18702"}],"curies":[{"name":"wp","href":"https:\/\/api.w.org\/{rel}","templated":true}]}}