{"id":18703,"date":"2020-09-19T21:59:48","date_gmt":"2020-09-19T14:59:48","guid":{"rendered":"https:\/\/www.blackturtledive.com\/wreck-instructor\/"},"modified":"2026-05-06T14:55:38","modified_gmt":"2026-05-06T07:55:38","slug":"wreck-instructor","status":"publish","type":"page","link":"https:\/\/www.blackturtledive.com\/de\/padi-pro-level\/msdt-program\/wreck-instructor\/","title":{"rendered":"Wrackinstruktor"},"content":{"rendered":"<div class=\"wpb-content-wrapper\"><p>[vc_row][vc_column][vc_column_text css=&#8220;&#8220;]Die Wreck Instructor\u2011Specialty\u2011Auszeichnung bef\u00e4higt PADI\u2011Instruktoren, Sch\u00fcler sicher in den Protokollen der Wrackerkundung und bei Au\u00dfen\u2011 (non\u2011penetration)\u2011Erkundungen zu unterrichten und zu zertifizieren.<\/p>\n<p>Die Ausbildung legt den Schwerpunkt darauf, Instruktoren zu lehren, wie sie die Sicherheit der Sch\u00fcler in Overhead\u2011Umgebungen gew\u00e4hrleisten, Leinen und Rollen effektiv einsetzen und potenzielle Gefahren an versunkenen Schiffen erkennen.<\/p>\n<p>Mit der HTMS Sattakut als Trainingsobjekt legt unser Wreck Instructor\u2011Programm besonderes Gewicht auf Propeller\u2011Bewusstsein und Trim, sodass Sie Teilnehmende durch komplexe Wrackumgebungen f\u00fchren k\u00f6nnen, ohne den Fundort zu st\u00f6ren.<\/p>\n<h3><span style=\"color: #28d4ff;\">Werden Sie auf Koh Tao ein Wreck Diver Spezial Instructor<\/span><\/h3>\n<p>Versunkene Schiffe sind f\u00fcr die meisten Taucher faszinierende <a href=\"https:\/\/www.blackturtledive.com\/blog\/10-interesting-facts-about-koh-tao-dive-sites\/\">Tauchpl\u00e4tze<\/a>. Manche Taucher sind vom Erkunden und dem Nervenkitzel beim <a href=\"https:\/\/www.blackturtledive.com\/koh-tao-dive-sites\/htms-sattakut\/\">Tauchen an Wracks<\/a> angezogen, w\u00e4hrend andere von der Geschichte und den Hintergr\u00fcnden fasziniert sind, wie das Wrack an seinen letzten Ruheort gelangte.<\/p>\n<p>Ein gesunkenes Wrack bietet Unterwasser-Fotografen eine gro\u00dfartige Gelegenheit, beeindruckende Bilder zu machen. &nbsp;<\/p>\n<p><a href=\"https:\/\/www.blackturtledive.com\/conservation\/marine-conservation-courses\/\">Meeresforscher<\/a> und Riff-\u00d6kologie-Enthusiasten sch\u00e4tzen die Tatsache, dass Wracks zu stabilen <a href=\"https:\/\/www.blackturtledive.com\/conservation\/marine-conservation-courses\/artificial-dive-sites\/\">k\u00fcnstlichen Riffen<\/a> werden.<\/p>\n<p>Wreck Diver Spezialkurs-Teilnehmer werden vermutlich ebenfalls eines dieser Interessen teilen.<\/p>\n<h3>Lernen, den PADI Wreck Diver Spezialkurs zu unterrichten<\/h3>\n<p>Als PADI <a href=\"https:\/\/www.blackturtledive.com\/padi-pro-level\/\">Spezial Instructor<\/a> m\u00f6chtest du deinen Sch\u00fclern die M\u00f6glichkeit bieten, den PADI <a href=\"https:\/\/www.blackturtledive.com\/padi-specialty-courses\/wreck-diver\/\">Wreck Diver Spezialkurs<\/a> zu absolvieren.<\/p>\n<p>Der PADI Wreck Spezial Instructor Kurs vermittelt dir das Wissen und die F\u00e4higkeiten, um diesen spannenden und beliebten <a href=\"https:\/\/www.blackturtledive.com\/padi-specialty-courses\/\">PADI Spezialkurs<\/a> zu lehren.<\/p>\n<p>Du kannst deine Sch\u00fcler anleiten, die richtigen Techniken und F\u00e4higkeiten zu entwickeln, um Wracktauchg\u00e4nge innerhalb der Grenzen des Freizeittauchens sicher zu planen und durchzuf\u00fchren.<\/p>\n<p>Die Philosophie des Wreck Diver Spezialkurses ist es, sich auf Spa\u00df und sichere Wracktauchg\u00e4nge zu konzentrieren, und er deckt eine Reihe von Fachgebieten ab.<\/p>\n<p>Zu den Kursthemen geh\u00f6ren die Recherche von Wracks, die lokalen Gesetze zum Wracktauchen, die verwendete Ausr\u00fcstung f\u00fcr Wracktauchg\u00e4nge sowie das Eindringen in Wracks und das Vermeiden von Gefahren.<\/p>\n<p><a class=\"fasc-button fasc-size-large fasc-type-flat\" style=\"background-color: #33809e; color: #ffffff;\" href=\"https:\/\/www.blackturtledive.com\/diving-course-prices\/\">JETZT BUCHEN<\/a><\/p>\n<h3><span style=\"color: #28d4ff;\">Inklusive im Koh Tao PADI Wreck Diver Instructor Spezialkurs<\/span><\/h3>\n<ul>\n<li>2 Wracktauchg\u00e4nge im Training<\/li>\n<li>Vermietung aller <a href=\"https:\/\/www.blackturtledive.com\/padi-pro-level\/msdt-program\/equipment-instructor\/\">Tauchausr\u00fcstungen<\/a><\/li>\n<li>KOSTENLOSE Nutzung des Tauchcomputers<\/li>\n<li><a href=\"https:\/\/www.blackturtledive.com\/about-us\/\">Black Turtle Dive<\/a> Kunden- (und Umwelt-)Versprechen<\/li>\n<\/ul>\n<p>Um sich f\u00fcr einen PADI Wreck Diver Instructor Spezialkurs anzumelden, m\u00fcssen Sie:<\/p>\n<ul>\n<li>Mindestens ein PADI <a href=\"https:\/\/www.blackturtledive.com\/padi-pro-level\/dive-instructor-course\/\">Open Water Scuba Instructor<\/a> sein oder innerhalb der letzten 12 Monate an einem IDC\/OWSI-Programm teilgenommen oder dieses abgeschlossen haben.<\/li>\n<li>IDC\/OWSI-Kandidaten k\u00f6nnen die Zertifizierung zum Spezialinstructor nur nach erfolgreichem Abschluss eines PADI IE beantragen.<\/li>\n<li>\u00dcber aktuelle Taucherfahrung verf\u00fcgen \u2013 wir empfehlen eine <a href=\"https:\/\/www.blackturtledive.com\/padi-diving-courses\/scuba-review\/\">Taucher\u00fcberpr\u00fcfung<\/a>, wenn Sie seit 12 Monaten nicht getaucht haben.<\/li>\n<li>Medizinisch tauchf\u00e4hig sein.<\/li>\n<\/ul>\n<p>Nach erfolgreichem Abschluss aller Kursanforderungen m\u00fcssen Sie den Nachweis von 10 loggierten Open Water Wrack-Tauchg\u00e4ngen erbringen.<\/p>\n<h3>1-Tages PADI Wreck Diver Instructor Spezialkurs<\/h3>\n<p>Der Kurs besteht aus zwei Teilen:<\/p>\n<ul>\n<li>Wissensentwicklung<\/li>\n<li>Freiwassertauchgang &#8211; 2 Wracktauchg\u00e4nge im Training<\/li>\n<\/ul>\n<p><a class=\"fasc-button fasc-size-large fasc-type-flat\" style=\"background-color: #33809e; color: #ffffff;\" href=\"https:\/\/www.blackturtledive.com\/diving-course-prices\/\">JETZT BUCHEN<\/a><\/p>\n<p>Bei Black Turtle Dive nehmen wir unser Kundenversprechen sehr ernst.<\/p>\n<p>Unsere <a href=\"https:\/\/www.blackturtledive.com\/padi-pro-level\/idc-staff-instructor-course\/\">Tauchlehrer<\/a> sind hochqualifiziert und sorgen daf\u00fcr, dass Sie viel Aufmerksamkeit erhalten und in einem entspannten Umfeld in Ihrem eigenen Tempo Fortschritte machen.<\/p>\n<p>W\u00e4hrend Ihres Trainings bauen wir langsam Ihr Selbstvertrauen und Ihre F\u00e4higkeiten auf, um die notwendigen Kompetenzen zu entwickeln, um ein kompetenter PADI Wreck Diver Instructor zu werden.<\/p>\n<h3><span style=\"color: #28d4ff;\">Koh Tao PADI Wreck Diver Instructor Kursplan<\/span><\/h3>\n<p>Der Kursplan f\u00fcr den PADI Wreck Diver Instructor bei Black Turtle Dive ist flexibel, wir richten uns nach Ihren pers\u00f6nlichen Bed\u00fcrfnissen und Zeitrahmen.<\/p>\n<p>Er wird h\u00e4ufig als Teil unseres Multi-Instructor-Spezialprogramms, wie z. B. dem <a href=\"https:\/\/www.blackturtledive.com\/padi-pro-level\/msdt-program\/\">MSDT-Programm<\/a>, geplant.&nbsp;<\/p>\n<p>Bitte z\u00f6gern Sie nicht, bei besonderen W\u00fcnschen per <a href=\"https:\/\/www.blackturtledive.com\/contact-us\/\">E-Mail<\/a> oder \u00fcber eine der Messenger-Apps auf dieser Seite Kontakt mit uns aufzunehmen.&nbsp;<\/p>\n<h3>Kosten f\u00fcr den PADI Wreck Diver Instructor-Spezialkurs: 4.000 baht<\/h3>\n<h3><span style=\"color: #28d4ff;\">Kursplan<\/span><\/h3>\n<p>Tag 1:<\/p>\n<p>09.00 \u2013 11.30: Orientierung &amp; Wissensentwicklung<br \/>\n12.30 \u2013 17.00: Wreck Diver Instructor Trainingstauchg\u00e4nge 1 &amp; 2 &nbsp;<\/p>\n<p>Sie sind jetzt ein zertifizierter PADI Wreck Specialty Instructor.<\/p>\n<p><a class=\"fasc-button fasc-size-large fasc-type-flat\" style=\"background-color: #33809e; color: #ffffff;\" href=\"https:\/\/www.blackturtledive.com\/diving-course-prices\/\">JETZT BUCHEN<\/a><\/p>\n<h3>PADI Wreck Diver Spezialinstructor Kursinformationen<\/h3>\n<p><span style=\"color: #28d4ff;\">Wreck Diver Wissensentwicklung<\/span><\/p>\n<p>Der PADI Wreck Diver Spezialinstructor-Kurs umfasst 2 <a href=\"https:\/\/www.blackturtledive.com\/padi-diving-courses\/open-water-course\/\">Open Water<\/a> Trainingstauchg\u00e4nge am <span style=\"color: #28d4ff;\">HTMS Sattakut<\/span>. Es gibt auch einen Abschnitt zur Wissensentwicklung, der vor den Trainingstauchg\u00e4ngen durchgef\u00fchrt wird. &nbsp;<\/p>\n<p>W\u00e4hrend der Wissensentwicklung m\u00fcssen Sie Folgendes abschlie\u00dfen:<\/p>\n<ul>\n<li>Eine Wissensentwicklung-Pr\u00e4sentation aus dem PADI Wreck Diver Spezialhandbuch halten, in der Sie eine verpasste Frage aus der Wissens\u00fcberpr\u00fcfung systematisch lehren.<\/li>\n<li>Den Zweck und die Ziele des PADI Wreck Diver Spezialkurses \u00fcberpr\u00fcfen und verstehen.<\/li>\n<li>Die Standards und Verfahren des Wreck Diver Kurses aus dem PADI Specialty Course Instructor Guide \u00fcberpr\u00fcfen und erkl\u00e4ren sowie alle Anforderungen an die Ausr\u00fcstung f\u00fcr Sch\u00fcler und Instruktor auflisten.<\/li>\n<li>Die Beherrschung aller Wissensentwicklungen demonstrieren.<\/li>\n<li>Beschreiben, wie alle Kursabschnitte so durchgef\u00fchrt werden, dass die Taucher die Leistungsanforderungen des Kurses erf\u00fcllen k\u00f6nnen.<\/li>\n<li>An einem Marketing- und Promotionsworkshop teilnehmen, um Techniken zu erlernen, den Wreck Spezialkurs bei Ihren Sch\u00fclern und der allgemeinen Tauchgemeinde zu bewerben.<\/li>\n<li>An einem Preiskurs teilnehmen.<\/li>\n<\/ul>\n<h3><span style=\"color: #28d4ff;\">Wreck Diver Freiwassertauchg\u00e4nge<\/span><\/h3>\n<p>Es sind 4 Wracktauchg\u00e4nge erforderlich, um ein PADI Wreck Specialty Diver zu werden.<\/p>\n<p>W\u00e4hrend des Wreck Instructor-Kurses m\u00fcssen alle Leistungsanforderungen dieser 4 Tauchg\u00e4nge \u00fcber mindestens 2 Trainingstauchg\u00e4nge erf\u00fcllt werden.<\/p>\n<p>Vor den Tauchg\u00e4ngen m\u00fcssen Sie die \u00dcberlegungen zum Open Water Training im Wreck Spezialkurs erkl\u00e4ren.<\/p>\n<p>W\u00e4hrend der Open Water Tauchg\u00e4nge m\u00fcssen Sie:<\/p>\n<ul>\n<li>Die Beherrschung aller Wasserfertigkeiten f\u00fcr den Wreck Specialty Diver Kurs demonstrieren.<\/li>\n<li>Eine Lehrpr\u00e4sentation im Open Water aus dem Wreck Diver Specialty Kurs durchf\u00fchren.<\/li>\n<li>Alle Leistungsanforderungen f\u00fcr den Wreck Diver Specialty im Open Water erf\u00fcllen.<\/li>\n<\/ul>\n<p>Nach Abschluss aller Kursleistungen erhalten Sie die PADI Wreck Diver Specialty Instructor-Zertifizierung.<\/p>\n<h3><span style=\"color: #28d4ff;\">2026 PADI Geb\u00fchren &nbsp;<\/span><\/h3>\n<p>PADI Wreck Specialty Instructor Antragsgeb\u00fchr: A$145<\/p>\n<p><a class=\"fasc-button fasc-size-large fasc-type-flat\" style=\"background-color: #33809e; color: #ffffff;\" href=\"https:\/\/www.blackturtledive.com\/diving-course-prices\/\">JETZT BUCHEN<\/a><\/p>\n<h3>PADI Materialien<\/h3>\n<p>Bitte bringen Sie Ihr&nbsp;PADI Specialty Course Instructor Manual mit.<\/p>\n<p>Sie ben\u00f6tigen auch eine Kopie des PADI Instructor Manual, das f\u00fcr alle erneuerten PADI-Mitglieder als <span style=\"color: #28d4ff;\"><em>kostenloser Download<\/em><\/span> von&nbsp;<a href=\"https:\/\/www.padi.com\/mypadi\/\" target=\"_blank\" rel=\"noopener\">www.padi.com\/mypadi<\/a> verf\u00fcgbar ist.[\/vc_column_text][\/vc_column][\/vc_row]<\/p>\n<\/div>","protected":false},"excerpt":{"rendered":"<p>Der PADI Wreck Instruktor Specialty Kurs auf Koh Tao lehrt SIE, wie Sie Tauchsch\u00fclern beibringen, Schiffswracks rund um den Globus zu erkunden und zu betauchen.<\/p>\n","protected":false},"author":2,"featured_media":17951,"parent":18705,"menu_order":0,"comment_status":"closed","ping_status":"closed","template":"","meta":{"_acf_changed":false,"footnotes":""},"class_list":["post-18703","page","type-page","status-publish","has-post-thumbnail","hentry"],"acf":[],"yoast_head":"<!-- This site is optimized with the Yoast SEO Premium plugin v27.6 (Yoast SEO v27.6) - https:\/\/yoast.com\/product\/yoast-seo-premium-wordpress\/ -->\n<title>PADI Wreck Instruktor Spezialkurs | Black Turtle<\/title>\n<meta name=\"description\" content=\"Der PADI Wreck Instruktor Specialty Kurs auf Koh Tao lehrt SIE, wie Sie Tauchsch\u00fclern beibringen, Schiffswracks rund um den Globus zu erkunden und zu betauchen.\" \/>\n<meta name=\"robots\" content=\"index, follow, max-snippet:-1, max-image-preview:large, max-video-preview:-1\" \/>\n<link rel=\"canonical\" href=\"https:\/\/www.blackturtledive.com\/de\/padi-pro-level\/msdt-program\/wreck-instructor\/\" \/>\n<meta property=\"og:locale\" content=\"de_DE\" \/>\n<meta property=\"og:type\" content=\"article\" \/>\n<meta property=\"og:title\" content=\"PADI Wreck Instructor Specialty Course Koh Tao\" \/>\n<meta property=\"og:description\" content=\"PADI Wreck Instructor Specialty course Koh Tao will teach YOU how to teach student divers how to explore and penetrate ship wrecks around the world\" \/>\n<meta property=\"og:url\" content=\"https:\/\/www.blackturtledive.com\/de\/padi-pro-level\/msdt-program\/wreck-instructor\/\" \/>\n<meta property=\"og:site_name\" content=\"Black Turtle Dive Koh Tao\" \/>\n<meta property=\"article:publisher\" content=\"https:\/\/www.facebook.com\/blackturtledive\" \/>\n<meta property=\"article:modified_time\" content=\"2026-05-06T07:55:38+00:00\" \/>\n<meta property=\"og:image\" content=\"https:\/\/www.blackturtledive.com\/wp-content\/uploads\/2020\/11\/blackturtledive.com-padi-wreck-specialty-diver-koh-tao.jpg\" \/>\n\t<meta property=\"og:image:width\" content=\"1100\" \/>\n\t<meta property=\"og:image:height\" content=\"729\" \/>\n\t<meta property=\"og:image:type\" content=\"image\/jpeg\" \/>\n<meta name=\"twitter:card\" content=\"summary_large_image\" \/>\n<meta name=\"twitter:title\" content=\"PADI Wreck Instructor Specialty Course Koh Tao\" \/>\n<meta name=\"twitter:description\" content=\"PADI Wreck Instructor Specialty course Koh Tao will teach YOU how to teach student divers how to explore and penetrate ship wrecks around the world\" \/>\n<meta name=\"twitter:image\" content=\"https:\/\/www.blackturtledive.com\/wp-content\/uploads\/2020\/11\/blackturtledive.com-padi-wreck-specialty-diver-koh-tao.jpg\" \/>\n<meta name=\"twitter:site\" content=\"@blackturtledive\" \/>\n<meta name=\"twitter:label1\" content=\"Gesch\u00e4tzte Lesezeit\" \/>\n\t<meta name=\"twitter:data1\" content=\"5\u00a0Minuten\" \/>\n<!-- \/ Yoast SEO Premium plugin. -->","yoast_head_json":{"title":"PADI Wreck Instruktor Spezialkurs | Black Turtle","description":"Der PADI Wreck Instruktor Specialty Kurs auf Koh Tao lehrt SIE, wie Sie Tauchsch\u00fclern beibringen, Schiffswracks rund um den Globus zu erkunden und zu betauchen.","robots":{"index":"index","follow":"follow","max-snippet":"max-snippet:-1","max-image-preview":"max-image-preview:large","max-video-preview":"max-video-preview:-1"},"canonical":"https:\/\/www.blackturtledive.com\/de\/padi-pro-level\/msdt-program\/wreck-instructor\/","og_locale":"de_DE","og_type":"article","og_title":"PADI Wreck Instructor Specialty Course Koh Tao","og_description":"PADI Wreck Instructor Specialty course Koh Tao will teach YOU how to teach student divers how to explore and penetrate ship wrecks around the world","og_url":"https:\/\/www.blackturtledive.com\/de\/padi-pro-level\/msdt-program\/wreck-instructor\/","og_site_name":"Black Turtle Dive Koh Tao","article_publisher":"https:\/\/www.facebook.com\/blackturtledive","article_modified_time":"2026-05-06T07:55:38+00:00","og_image":[{"width":1100,"height":729,"url":"https:\/\/www.blackturtledive.com\/wp-content\/uploads\/2020\/11\/blackturtledive.com-padi-wreck-specialty-diver-koh-tao.jpg","type":"image\/jpeg"}],"twitter_card":"summary_large_image","twitter_title":"PADI Wreck Instructor Specialty Course Koh Tao","twitter_description":"PADI Wreck Instructor Specialty course Koh Tao will teach YOU how to teach student divers how to explore and penetrate ship wrecks around the world","twitter_image":"https:\/\/www.blackturtledive.com\/wp-content\/uploads\/2020\/11\/blackturtledive.com-padi-wreck-specialty-diver-koh-tao.jpg","twitter_site":"@blackturtledive","twitter_misc":{"Gesch\u00e4tzte Lesezeit":"5\u00a0Minuten"},"schema":{"@context":"https:\/\/schema.org","@graph":[{"@type":"WebPage","@id":"https:\/\/www.blackturtledive.com\/de\/padi-pro-level\/msdt-program\/wreck-instructor\/","url":"https:\/\/www.blackturtledive.com\/de\/padi-pro-level\/msdt-program\/wreck-instructor\/","name":"PADI Wreck Instruktor Spezialkurs | Black Turtle","isPartOf":{"@id":"https:\/\/www.blackturtledive.com\/de\/#website"},"primaryImageOfPage":{"@id":"https:\/\/www.blackturtledive.com\/de\/padi-pro-level\/msdt-program\/wreck-instructor\/#primaryimage"},"image":{"@id":"https:\/\/www.blackturtledive.com\/de\/padi-pro-level\/msdt-program\/wreck-instructor\/#primaryimage"},"thumbnailUrl":"https:\/\/www.blackturtledive.com\/wp-content\/uploads\/2020\/11\/blackturtledive.com-padi-wreck-specialty-diver-koh-tao.jpg","datePublished":"2020-09-19T14:59:48+00:00","dateModified":"2026-05-06T07:55:38+00:00","description":"Der PADI Wreck Instruktor Specialty Kurs auf Koh Tao lehrt SIE, wie Sie Tauchsch\u00fclern beibringen, Schiffswracks rund um den Globus zu erkunden und zu betauchen.","breadcrumb":{"@id":"https:\/\/www.blackturtledive.com\/de\/padi-pro-level\/msdt-program\/wreck-instructor\/#breadcrumb"},"inLanguage":"de","potentialAction":[{"@type":"ReadAction","target":["https:\/\/www.blackturtledive.com\/de\/padi-pro-level\/msdt-program\/wreck-instructor\/"]}]},{"@type":"ImageObject","inLanguage":"de","@id":"https:\/\/www.blackturtledive.com\/de\/padi-pro-level\/msdt-program\/wreck-instructor\/#primaryimage","url":"https:\/\/www.blackturtledive.com\/wp-content\/uploads\/2020\/11\/blackturtledive.com-padi-wreck-specialty-diver-koh-tao.jpg","contentUrl":"https:\/\/www.blackturtledive.com\/wp-content\/uploads\/2020\/11\/blackturtledive.com-padi-wreck-specialty-diver-koh-tao.jpg","width":1100,"height":729,"caption":"Learn to become a PADI Wreck Diver on Koh Tao"},{"@type":"BreadcrumbList","@id":"https:\/\/www.blackturtledive.com\/de\/padi-pro-level\/msdt-program\/wreck-instructor\/#breadcrumb","itemListElement":[{"@type":"ListItem","position":1,"name":"Home","item":"https:\/\/www.blackturtledive.com\/de\/"},{"@type":"ListItem","position":2,"name":"PADI-Pro Stufe","item":"https:\/\/www.blackturtledive.com\/de\/padi-pro-level\/"},{"@type":"ListItem","position":3,"name":"MSDTProgramm","item":"https:\/\/www.blackturtledive.com\/de\/padi-pro-level\/msdt-program\/"},{"@type":"ListItem","position":4,"name":"Wrackinstruktor"}]},{"@type":"WebSite","@id":"https:\/\/www.blackturtledive.com\/de\/#website","url":"https:\/\/www.blackturtledive.com\/de\/","name":"Black Turtle Dive Koh Tao","description":"Ocean Explorers | Marine Protectors","publisher":{"@id":"https:\/\/www.blackturtledive.com\/de\/#organization"},"alternateName":"Black Turtle Dive in Thailand","potentialAction":[{"@type":"SearchAction","target":{"@type":"EntryPoint","urlTemplate":"https:\/\/www.blackturtledive.com\/de\/?s={search_term_string}"},"query-input":{"@type":"PropertyValueSpecification","valueRequired":true,"valueName":"search_term_string"}}],"inLanguage":"de"},{"@type":"Organization","@id":"https:\/\/www.blackturtledive.com\/de\/#organization","name":"Black Turtle Dive Koh Tao","alternateName":"Black Turtle Dive","url":"https:\/\/www.blackturtledive.com\/de\/","logo":{"@type":"ImageObject","inLanguage":"de","@id":"https:\/\/www.blackturtledive.com\/de\/#\/schema\/logo\/image\/","url":"https:\/\/www.blackturtledive.com\/wp-content\/uploads\/2020\/11\/cropped-blackturtledive.com-brand-logo.png","contentUrl":"https:\/\/www.blackturtledive.com\/wp-content\/uploads\/2020\/11\/cropped-blackturtledive.com-brand-logo.png","width":400,"height":400,"caption":"Black Turtle Dive Koh Tao"},"image":{"@id":"https:\/\/www.blackturtledive.com\/de\/#\/schema\/logo\/image\/"},"sameAs":["https:\/\/www.facebook.com\/blackturtledive","https:\/\/x.com\/blackturtledive","https:\/\/www.instagram.com\/blackturtledive\/","https:\/\/www.youtube.com\/blackturtledive","https:\/\/www.linkedin.com\/company\/blackturtledive\/","https:\/\/www.tumblr.com\/blackturtledive","https:\/\/www.pinterest.com\/blackturtledive\/","https:\/\/www.tiktok.com\/@blackturtledive","https:\/\/www.reddit.com\/user\/blackturtledive\/"],"description":"Black Turtle Dive is a modern and innovative 5 Star Career Development Scuba Diving Center, passionate about the ocean and through training we want to empower you to become a competent and confident scuba diver. Our diving courses equip you with the skills, knowledge and awareness necessary to explore the ocean safely, whilst becoming a passionate advocate and protector of the marine environment. If you have never dived before or are a certified diver and want to develop your skills further, our tailored, bespoke courses and programs will inspire you to become an Ocean advocate. Our scientific based Marine Conservation Internships and training programs, offer aspiring scuba divers and marine conservationists, the best marine conservation internships on Koh Tao. We currently offer students six levels of Marine Conservation Internships at our beachside location on Koh Tao in Thailand. Check out our website for more information.","email":"info@blackturtledive.com","telephone":"089 592 2134","legalName":"Black Turtle Dive Co Ltd","foundingDate":"2020-01-01","publishingPrinciples":"https:\/\/www.blackturtledive.com\/terms\/","ownershipFundingInfo":"https:\/\/www.blackturtledive.com\/terms\/","actionableFeedbackPolicy":"https:\/\/www.blackturtledive.com\/privacy-policy\/","correctionsPolicy":"https:\/\/www.blackturtledive.com\/privacy-policy\/","ethicsPolicy":"https:\/\/www.blackturtledive.com\/privacy-policy\/","diversityPolicy":"https:\/\/www.blackturtledive.com\/privacy-policy\/"}]}},"_links":{"self":[{"href":"https:\/\/www.blackturtledive.com\/de\/wp-json\/wp\/v2\/pages\/18703","targetHints":{"allow":["GET"]}}],"collection":[{"href":"https:\/\/www.blackturtledive.com\/de\/wp-json\/wp\/v2\/pages"}],"about":[{"href":"https:\/\/www.blackturtledive.com\/de\/wp-json\/wp\/v2\/types\/page"}],"author":[{"embeddable":true,"href":"https:\/\/www.blackturtledive.com\/de\/wp-json\/wp\/v2\/users\/2"}],"replies":[{"embeddable":true,"href":"https:\/\/www.blackturtledive.com\/de\/wp-json\/wp\/v2\/comments?post=18703"}],"version-history":[{"count":2,"href":"https:\/\/www.blackturtledive.com\/de\/wp-json\/wp\/v2\/pages\/18703\/revisions"}],"predecessor-version":[{"id":71457,"href":"https:\/\/www.blackturtledive.com\/de\/wp-json\/wp\/v2\/pages\/18703\/revisions\/71457"}],"up":[{"embeddable":true,"href":"https:\/\/www.blackturtledive.com\/de\/wp-json\/wp\/v2\/pages\/18705"}],"wp:featuredmedia":[{"embeddable":true,"href":"https:\/\/www.blackturtledive.com\/de\/wp-json\/wp\/v2\/media\/17951"}],"wp:attachment":[{"href":"https:\/\/www.blackturtledive.com\/de\/wp-json\/wp\/v2\/media?parent=18703"}],"curies":[{"name":"wp","href":"https:\/\/api.w.org\/{rel}","templated":true}]}}