{"id":18710,"date":"2020-09-19T21:46:30","date_gmt":"2020-09-19T14:46:30","guid":{"rendered":"https:\/\/www.blackturtledive.com\/equipment-specialist\/"},"modified":"2026-05-06T18:07:21","modified_gmt":"2026-05-06T11:07:21","slug":"equipment-specialist","status":"publish","type":"page","link":"https:\/\/www.blackturtledive.com\/de\/padi-specialty-courses\/equipment-specialist\/","title":{"rendered":"Ausr\u00fcstungsspezialist"},"content":{"rendered":"<div class=\"wpb-content-wrapper\"><p>[vc_row][vc_column][vc_column_text css=&#8220;&#8220;]Der PADI Equipment Specialist Specialty vermittelt Ihnen eingehend, wie Ihre Tauchausr\u00fcstung funktioniert und wie Sie einfache Feldreparaturen durchf\u00fchren.<\/p>\n<p>Sie lernen Regler-Theorie, Pflege des Jacket\/Tarieranzugs (BCD) und wie Sie h\u00e4ufige Probleme wie defekte O-Ringe oder festsitzende Inflatorventile beheben k\u00f6nnen, ohne einen Servicetechniker zu ben\u00f6tigen.<\/p>\n<p>Dieser 1-t\u00e4gige Kurs bei Black Turtle Dive verwendet praxisorientierte Workshops, um Ihnen die inneren Mechaniken Ihrer lebenswichtigen Ausr\u00fcstung zu erkl\u00e4ren und die Lebensdauer Ihrer pers\u00f6nlichen Ausr\u00fcstung zu verl\u00e4ngern.<\/p>\n<h3><span style=\"color: #28d4ff;\">PADI Equipment Specialty Kurs f\u00fcr Taucher Koh Tao<\/span><\/h3>\n<p>Im <a href=\"https:\/\/www.blackturtledive.com\/koh-tao\/\">Koh Tao<\/a> Equipment Specialist Kurs enthalten:<\/p>\n<ul>\n<li>PADI Equipment Specialist Touch E-Manual<\/li>\n<li>PADI Zertifikatskarte<\/li>\n<li>Alle f\u00fcr den Kurs erforderlichen Ausr\u00fcstungen<\/li>\n<li>Maximal 4 Sch\u00fcler pro PADI Ausbilder<\/li>\n<li><a href=\"https:\/\/www.blackturtledive.com\/about-us\/\">Black Turtle Dive Kunden- (und Umwelt-) Versprechen<\/a><\/li>\n<\/ul>\n<p>Zulassungsvoraussetzungen f\u00fcr den PADI Equipment Specialty-Kurs:<\/p>\n<ul>\n<li>Ein <a href=\"https:\/\/www.blackturtledive.com\/padi-diving-courses\/open-water-course\/\">Open Water Diver<\/a> sein<\/li>\n<li>10 Jahre alt oder \u00e4lter sein<\/li>\n<\/ul>\n<h3>1-T\u00e4giger PADI Equipment Specialty Kurs<\/h3>\n<p>Der <a href=\"https:\/\/www.blackturtledive.com\/padi-diving-courses\/\">Kurs<\/a> besteht aus zwei Abschnitten:<\/p>\n<ul>\n<li>Wissensentwicklung \u2013 Unterrichtseinheit zur Wissensentwicklung, die von einem Ausbilder geleitet wird, und Abschluss der Wissens\u00fcberpr\u00fcfung<\/li>\n<li>F\u00e4higkeitsentwicklung \u2013 Teilnahme an einer praktischen Sitzung zu Tauchausr\u00fcstungen wie BCDs, Regulators, Masken, Flossen und Tauchcomputern<\/li>\n<\/ul>\n<p><a class=\"fasc-button fasc-size-large fasc-type-flat\" style=\"background-color: #33809e; color: #ffffff;\" href=\"https:\/\/www.blackturtledive.com\/diving-course-prices\/\">JETZT BUCHEN<\/a><\/p>\n<p>Bei <a href=\"https:\/\/www.blackturtledive.com\/de\/\">Black Turtle Dive<\/a> nehmen wir unser <a href=\"https:\/\/www.blackturtledive.com\/about-us\/our-customer-promise\/\">Kundenversprechen<\/a> sehr ernst. Alle Kurse werden mit maximal 4 Sch\u00fclern pro <a href=\"https:\/\/www.blackturtledive.com\/padi-pro-level\/dive-instructor-course\/\">PADI Dive Instructor<\/a> durchgef\u00fchrt.<\/p>\n<p>Unsere Ausbilder sind hochqualifiziert und sorgen daf\u00fcr, dass Sie viel Aufmerksamkeit erhalten und \u2013 was am wichtigsten ist \u2013 in einer entspannten Umgebung in Ihrem eigenen Tempo Fortschritte machen.<\/p>\n<p>W\u00e4hrend Ihrer Ausbildung werden wir langsam Ihr Vertrauen und Ihre F\u00e4higkeiten aufbauen, w\u00e4hrend Sie die notwendigen Fertigkeiten entwickeln, um PADI Equipment Specialist zu werden.<\/p>\n<h3><span style=\"color: #28d4ff;\">Koh Tao Equipment Specialty Kursplan<\/span><\/h3>\n<p>Der Kursplan f\u00fcr den PADI Equipment Specialty Kurs bei Black Turtle Dive ist flexibel, und wir k\u00f6nnen uns nach Ihren pers\u00f6nlichen Bed\u00fcrfnissen und Zeitrahmen richten.<\/p>\n<p>Bitte z\u00f6gern Sie nicht, uns bei speziellen Anfragen entweder <a href=\"https:\/\/www.blackturtledive.com\/contact-us\/\">per E-Mail<\/a> oder \u00fcber eine der Messenger-Apps auf dieser Seite zu kontaktieren.&nbsp;<\/p>\n<h3>PADI Equipment Specialty Kurs Kosten: 4.500 baht<\/h3>\n<h3><span style=\"color: #28d4ff;\">Kursplan:<\/span><\/h3>\n<p>Tag 1:<\/p>\n<p>09.00 \u2013 11.30: Orientierung &amp; Wissensentwicklung<\/p>\n<p>MITTAGESSEN<\/p>\n<p>13.30 \u2013 16.00: Schulungssitzungen zur F\u00e4higkeitsentwicklung f\u00fcr Equipment Specialists<\/p>\n<p>Sie sind jetzt ein zertifizierter PADI Equipment Specialist.<\/p>\n<p><a class=\"fasc-button fasc-size-large fasc-type-flat\" style=\"background-color: #33809e; color: #ffffff;\" href=\"https:\/\/www.blackturtledive.com\/diving-course-prices\/\">JETZT BUCHEN<\/a><\/p>\n<h3>PADI Equipment Specialty Kursinformationen<\/h3>\n<p><span style=\"color: #28d4ff;\">Orientierung &amp; Wissensentwicklung<\/span><\/p>\n<p>Wir beginnen den PADI Equipment <a href=\"https:\/\/www.blackturtledive.com\/padi-specialty-courses\/\">Specialty Kurs<\/a> um 09.00 Uhr mit einer Orientierung.<\/p>\n<p>Der PADI Equipment Specialty Kurs besteht aus einer vom Ausbilder geleiteten Wissensentwicklung, gefolgt von einer Sitzung zur F\u00e4higkeitsentwicklung.<\/p>\n<p>Einige der Themen, die Sie w\u00e4hrend der vom Ausbilder geleiteten Wissensentwicklung behandeln werden, sind:<\/p>\n<ul>\n<li>Theorie, Prinzipien und Betrieb der Tauchausr\u00fcstung<\/li>\n<li>Routinem\u00e4\u00dfige, empfohlene Pflege- und Wartungsverfahren sowie die Lagerung der Ausr\u00fcstung<\/li>\n<li>H\u00e4ufige Probleme mit der Ausr\u00fcstung und empfohlene professionelle Wartungsverfahren<\/li>\n<li>Demonstration von Reparaturverfahren f\u00fcr h\u00e4ufige Probleme<\/li>\n<li>Zylindermarkierungen, visuelle Inspektionen und wann hydrostatische Tests durchgef\u00fchrt werden sollten<\/li>\n<li>Einfache Vorschl\u00e4ge f\u00fcr komfortable Ausr\u00fcstungsanpassungen und eine Einf\u00fchrung in neue Ausr\u00fcstungen<\/li>\n<\/ul>\n<h3><span style=\"color: #28d4ff;\">PADI Equipment Specialist Touch<\/span><\/h3>\n<p>Der PADI Equipment Specialist Touch ist ein interaktives digitales Handbuch, das Teilnehmer des PADI Equipment Specialist Kurses als Teil des Kurses erhalten.<\/p>\n<p>Dieses gro\u00dfartige Bildungstool zeigt, wie jede Komponente der verschiedenen Tauchausr\u00fcstungen zusammenpasst. Es verwendet Diagramme, Fotos und leicht verst\u00e4ndliche Erkl\u00e4rungen.<\/p>\n<p>Im E-Learning ist eine Knowledge Review enthalten, die von den Teilnehmern abgeschlossen werden muss.<\/p>\n<h3>F\u00e4higkeitsentwicklung f\u00fcr Equipment Specialists<\/h3>\n<p>Einige der Themen, die Sie w\u00e4hrend der F\u00e4higkeitsentwicklung behandeln werden, umfassen Bereiche der Tauchausr\u00fcstung wie BCDs, Regler, Masken, Flossen und Tauchcomputer.<\/p>\n<ul>\n<li>Die Theorie, Prinzipien und den Betrieb der Tauchausr\u00fcstung<\/li>\n<li>Routinem\u00e4\u00dfige, empfohlene Pflege- und Wartungsverfahren sowie die Lagerung der Ausr\u00fcstung<\/li>\n<li>H\u00e4ufige Probleme mit der Ausr\u00fcstung und empfohlene professionelle Wartungsverfahren, einschlie\u00dflich Reparaturverfahren<\/li>\n<li>Einfache Vorschl\u00e4ge f\u00fcr komfortable Ausr\u00fcstungsanpassungen und eine Einf\u00fchrung in neue Ausr\u00fcstungen<\/li>\n<\/ul>\n<p>Herzlichen Gl\u00fcckwunsch! Sie sind jetzt ein PADI Equipment Specialist.<\/p>\n<p><a class=\"fasc-button fasc-size-large fasc-type-flat\" style=\"background-color: #33809e; color: #ffffff;\" href=\"https:\/\/www.blackturtledive.com\/diving-course-prices\/\">JETZT BUCHEN<\/a>[\/vc_column_text][\/vc_column][\/vc_row][vc_row][vc_column]<div class=\"section-wrap\"><h3 class=\"section-title\">H\u00e4ufig gestellte Fragen<\/h3><div class=\"faq-wrapper\"><div class=\"accordion-panel active\">\n                    <div class=\"panel-heading\">    \n                        <h3 class=\"panel-title\">\n                            Was lernen Sie im PADI Equipment Specialist Specialty Kurs?\n                        <\/h3>\n                    <\/div>\n                    <div class=\"panel-detail\">\n                        <p>Dieser Spezialkurs wird Ihr praktisches Wissen \u00fcber die Theorie, Prinzipien und den Betrieb von Tauchausr\u00fcstung erweitern.<\/p>\n<p>Nach der Zertifizierung werden Sie in der Lage sein, routinem\u00e4\u00dfige, empfohlene Pflege- und Wartungsverfahren f\u00fcr Tauchausr\u00fcstung durchzuf\u00fchren.<\/p>\n<p>Sie lernen auch, wie man ein pers\u00f6nliches Set aus Ersatzteilen oder Werkzeugen zusammenstellt.<\/p>\n<p>Sie nehmen an mehreren Workshops teil und f\u00fchren kleinere Ausr\u00fcstungsreparaturen durch und lernen, wie man Anpassungen an der Ausr\u00fcstung vornimmt.<\/p>\n\n                    <\/div>\n                <\/div><div class=\"accordion-panel \">\n                    <div class=\"panel-heading\">    \n                        <h3 class=\"panel-title\">\n                            Wie lange dauert der Equipment Specialist Specialty Kurs in Koh Tao?\n                        <\/h3>\n                    <\/div>\n                    <div class=\"panel-detail\">\n                        <p>Der Equipment Specialist Specialty Kurs dauert einen Tag in Koh Tao.<\/p>\n<p>Sie treffen Ihren Instructor am Morgen, um die Theorie und die Wissens\u00fcberpr\u00fcfung mit dem neuen Equipment Specialist eLearning Touch durchzugehen.<\/p>\n<p>Nach einer Mittagspause nehmen Sie an mehreren praktischen Workshops in unserer Ausr\u00fcstungswartungswerkstatt teil.<\/p>\n\n                    <\/div>\n                <\/div><div class=\"accordion-panel \">\n                    <div class=\"panel-heading\">    \n                        <h3 class=\"panel-title\">\n                            Was kostet der Equipment Specialist Specialty Kurs in Koh Tao?\n                        <\/h3>\n                    <\/div>\n                    <div class=\"panel-detail\">\n                        <p>Die Kosten f\u00fcr den PADI Equipment Specialist Specialty Kurs betragen 4.500 THB.<\/p>\n<p>In diesem Preis sind alle Kursmaterialien, die Geb\u00fchren f\u00fcr den Instructor und die Zertifizierungskosten enthalten.<\/p>\n<p>Essen und Unterkunft sind nicht inbegriffen.<\/p>\n<p>Sie k\u00f6nnen uns jedoch kontaktieren, um Informationen \u00fcber Unterkunftsm\u00f6glichkeiten zu erhalten. Wir haben klimatisierte Zimmer zu erm\u00e4\u00dfigten Preisen verf\u00fcgbar, wenn Sie einen Tauchkurs bei uns belegen.<\/p>\n<p>Ehemalige Studenten genie\u00dfen einen Rabatt von 10 % auf den Kurspreis.<\/p>\n\n                    <\/div>\n                <\/div><div class=\"accordion-panel \">\n                    <div class=\"panel-heading\">    \n                        <h3 class=\"panel-title\">\n                            Wer kann am PADI Equipment Specialist Specialty Kurs teilnehmen?\n                        <\/h3>\n                    <\/div>\n                    <div class=\"panel-detail\">\n                        <p>Der Equipment Specialist Kurs steht jedem zertifizierten Taucher offen, der Interesse daran hat, zu lernen, wie man Tauchausr\u00fcstung wartet und besser versteht, wie sie funktioniert.<\/p>\n<p>Der Kurs vermittelt Ihnen n\u00fctzliche Informationen und F\u00e4higkeiten, die Sie in Ihrer zuk\u00fcnftigen Tauchkarriere mit Sicherheit mindestens einmal nutzen werden.<\/p>\n<p>Die Studenten m\u00fcssen mindestens 10 Jahre alt sein und ein zertifizierter (Junior) Scuba Diver oder h\u00f6her sein.<\/p>\n\n                    <\/div>\n                <\/div><div class=\"accordion-panel \">\n                    <div class=\"panel-heading\">    \n                        <h3 class=\"panel-title\">\n                            Erh\u00e4lt man ein Zertifikat f\u00fcr den PADI Equipment Specialist Kurs?\n                        <\/h3>\n                    <\/div>\n                    <div class=\"panel-detail\">\n                        <p>Nach Abschluss des Spezialkurses erhalten Sie die Equipment Specialist Specialty Zertifizierung.<\/p>\n<p>Diese Zertifizierung z\u00e4hlt auf das PADI Master Scuba Diver Rating, das h\u00f6chste Zertifikat und den schwarzen G\u00fcrtel im Freizeittauchen.<\/p>\n<p>Bitte beachten Sie, dass dieser Spezialkurs Sie nicht zu einem autorisierten Techniker f\u00fcr eine Tauchmarke macht.<\/p>\n<p>Sie m\u00fcssen ein zertifizierter (Junior) Scuba Diver und 10 Jahre alt sein, um sich f\u00fcr den Spezialkurs anzumelden.<\/p>\n\n                    <\/div>\n                <\/div><\/div>\n                <\/div>[\/vc_column][\/vc_row]<\/p>\n<\/div>","protected":false},"excerpt":{"rendered":"<p>Der PADI-Spezialkurs f\u00fcr Tauchausr\u00fcstung besteht aus einer theoretischen, vom Tauchlehrer geleiteten Einheit, gefolgt von einem praktischen \u00dcbungsteil. Dieser umfasst Bereiche der Tauchausr\u00fcstung wie Tarierwesten, Atemregler, Masken, Flossen und Tauchcomputer.<\/p>\n","protected":false},"author":2,"featured_media":18047,"parent":18723,"menu_order":0,"comment_status":"closed","ping_status":"closed","template":"","meta":{"_acf_changed":false,"footnotes":""},"class_list":["post-18710","page","type-page","status-publish","has-post-thumbnail","hentry"],"acf":[],"yoast_head":"<!-- This site is optimized with the Yoast SEO Premium plugin v27.6 (Yoast SEO v27.6) - https:\/\/yoast.com\/product\/yoast-seo-premium-wordpress\/ -->\n<title>Ausr\u00fcstungsspezialist Kurs Koh Tao | Black Turtle<\/title>\n<meta name=\"description\" content=\"Der PADI Equipment Specialty Kurs auf Koh Tao ist ein von einem Tauchlehrer geleiteter Theoriekurs, gefolgt von einer praktischen \u00dcbungseinheit zur Entwicklung von Fertigkeiten mit Tauchausr\u00fcstung.\" \/>\n<meta name=\"robots\" content=\"index, follow, max-snippet:-1, max-image-preview:large, max-video-preview:-1\" \/>\n<link rel=\"canonical\" href=\"https:\/\/www.blackturtledive.com\/de\/padi-specialty-courses\/equipment-specialist\/\" \/>\n<meta property=\"og:locale\" content=\"de_DE\" \/>\n<meta property=\"og:type\" content=\"article\" \/>\n<meta property=\"og:title\" content=\"PADI Equipment Specialty Course for Divers Koh Tao\" \/>\n<meta property=\"og:description\" content=\"PADI Equipment Specialty course Koh Tao is Instructor led knowledge development followed by a practical skills development session using diver equipment\" \/>\n<meta property=\"og:url\" content=\"https:\/\/www.blackturtledive.com\/de\/padi-specialty-courses\/equipment-specialist\/\" \/>\n<meta property=\"og:site_name\" content=\"Black Turtle Dive Koh Tao\" \/>\n<meta property=\"article:publisher\" content=\"https:\/\/www.facebook.com\/blackturtledive\" \/>\n<meta property=\"article:modified_time\" content=\"2026-05-06T11:07:21+00:00\" \/>\n<meta property=\"og:image\" content=\"https:\/\/www.blackturtledive.com\/wp-content\/uploads\/2020\/11\/blackturtledive.com-best-padi-divemaster-course-koh-tao.jpg\" \/>\n\t<meta property=\"og:image:width\" content=\"1200\" \/>\n\t<meta property=\"og:image:height\" content=\"800\" \/>\n\t<meta property=\"og:image:type\" content=\"image\/jpeg\" \/>\n<meta name=\"twitter:card\" content=\"summary_large_image\" \/>\n<meta name=\"twitter:title\" content=\"PADI Equipment Specialty Course for Divers Koh Tao\" \/>\n<meta name=\"twitter:description\" content=\"PADI Equipment Specialty course Koh Tao is Instructor led knowledge development followed by a practical skills development session using diver equipment\" \/>\n<meta name=\"twitter:image\" content=\"https:\/\/www.blackturtledive.com\/wp-content\/uploads\/2020\/11\/blackturtledive.com-best-padi-divemaster-course-koh-tao.jpg\" \/>\n<meta name=\"twitter:site\" content=\"@blackturtledive\" \/>\n<meta name=\"twitter:label1\" content=\"Gesch\u00e4tzte Lesezeit\" \/>\n\t<meta name=\"twitter:data1\" content=\"5\u00a0Minuten\" \/>\n<!-- \/ Yoast SEO Premium plugin. -->","yoast_head_json":{"title":"Ausr\u00fcstungsspezialist Kurs Koh Tao | Black Turtle","description":"Der PADI Equipment Specialty Kurs auf Koh Tao ist ein von einem Tauchlehrer geleiteter Theoriekurs, gefolgt von einer praktischen \u00dcbungseinheit zur Entwicklung von Fertigkeiten mit Tauchausr\u00fcstung.","robots":{"index":"index","follow":"follow","max-snippet":"max-snippet:-1","max-image-preview":"max-image-preview:large","max-video-preview":"max-video-preview:-1"},"canonical":"https:\/\/www.blackturtledive.com\/de\/padi-specialty-courses\/equipment-specialist\/","og_locale":"de_DE","og_type":"article","og_title":"PADI Equipment Specialty Course for Divers Koh Tao","og_description":"PADI Equipment Specialty course Koh Tao is Instructor led knowledge development followed by a practical skills development session using diver equipment","og_url":"https:\/\/www.blackturtledive.com\/de\/padi-specialty-courses\/equipment-specialist\/","og_site_name":"Black Turtle Dive Koh Tao","article_publisher":"https:\/\/www.facebook.com\/blackturtledive","article_modified_time":"2026-05-06T11:07:21+00:00","og_image":[{"width":1200,"height":800,"url":"https:\/\/www.blackturtledive.com\/wp-content\/uploads\/2020\/11\/blackturtledive.com-best-padi-divemaster-course-koh-tao.jpg","type":"image\/jpeg"}],"twitter_card":"summary_large_image","twitter_title":"PADI Equipment Specialty Course for Divers Koh Tao","twitter_description":"PADI Equipment Specialty course Koh Tao is Instructor led knowledge development followed by a practical skills development session using diver equipment","twitter_image":"https:\/\/www.blackturtledive.com\/wp-content\/uploads\/2020\/11\/blackturtledive.com-best-padi-divemaster-course-koh-tao.jpg","twitter_site":"@blackturtledive","twitter_misc":{"Gesch\u00e4tzte Lesezeit":"5\u00a0Minuten"},"schema":{"@context":"https:\/\/schema.org","@graph":[{"@type":"WebPage","@id":"https:\/\/www.blackturtledive.com\/de\/padi-specialty-courses\/equipment-specialist\/","url":"https:\/\/www.blackturtledive.com\/de\/padi-specialty-courses\/equipment-specialist\/","name":"Ausr\u00fcstungsspezialist Kurs Koh Tao | Black Turtle","isPartOf":{"@id":"https:\/\/www.blackturtledive.com\/de\/#website"},"primaryImageOfPage":{"@id":"https:\/\/www.blackturtledive.com\/de\/padi-specialty-courses\/equipment-specialist\/#primaryimage"},"image":{"@id":"https:\/\/www.blackturtledive.com\/de\/padi-specialty-courses\/equipment-specialist\/#primaryimage"},"thumbnailUrl":"https:\/\/www.blackturtledive.com\/wp-content\/uploads\/2020\/12\/blackturtledive.com-equipment-cleaning-for-covid-19-koh-tao.jpg","datePublished":"2020-09-19T14:46:30+00:00","dateModified":"2026-05-06T11:07:21+00:00","description":"Der PADI Equipment Specialty Kurs auf Koh Tao ist ein von einem Tauchlehrer geleiteter Theoriekurs, gefolgt von einer praktischen \u00dcbungseinheit zur Entwicklung von Fertigkeiten mit Tauchausr\u00fcstung.","breadcrumb":{"@id":"https:\/\/www.blackturtledive.com\/de\/padi-specialty-courses\/equipment-specialist\/#breadcrumb"},"inLanguage":"de","potentialAction":[{"@type":"ReadAction","target":["https:\/\/www.blackturtledive.com\/de\/padi-specialty-courses\/equipment-specialist\/"]}]},{"@type":"ImageObject","inLanguage":"de","@id":"https:\/\/www.blackturtledive.com\/de\/padi-specialty-courses\/equipment-specialist\/#primaryimage","url":"https:\/\/www.blackturtledive.com\/wp-content\/uploads\/2020\/12\/blackturtledive.com-equipment-cleaning-for-covid-19-koh-tao.jpg","contentUrl":"https:\/\/www.blackturtledive.com\/wp-content\/uploads\/2020\/12\/blackturtledive.com-equipment-cleaning-for-covid-19-koh-tao.jpg","width":1100,"height":733,"caption":"Reduce Covid Risk Scuba Diving Equipment"},{"@type":"BreadcrumbList","@id":"https:\/\/www.blackturtledive.com\/de\/padi-specialty-courses\/equipment-specialist\/#breadcrumb","itemListElement":[{"@type":"ListItem","position":1,"name":"Home","item":"https:\/\/www.blackturtledive.com\/de\/"},{"@type":"ListItem","position":2,"name":"Spezialkurse","item":"https:\/\/www.blackturtledive.com\/de\/padi-specialty-courses\/"},{"@type":"ListItem","position":3,"name":"Ausr\u00fcstungsspezialist"}]},{"@type":"WebSite","@id":"https:\/\/www.blackturtledive.com\/de\/#website","url":"https:\/\/www.blackturtledive.com\/de\/","name":"Black Turtle Dive Koh Tao","description":"Ocean Explorers | Marine Protectors","publisher":{"@id":"https:\/\/www.blackturtledive.com\/de\/#organization"},"alternateName":"Black Turtle Dive in Thailand","potentialAction":[{"@type":"SearchAction","target":{"@type":"EntryPoint","urlTemplate":"https:\/\/www.blackturtledive.com\/de\/?s={search_term_string}"},"query-input":{"@type":"PropertyValueSpecification","valueRequired":true,"valueName":"search_term_string"}}],"inLanguage":"de"},{"@type":"Organization","@id":"https:\/\/www.blackturtledive.com\/de\/#organization","name":"Black Turtle Dive Koh Tao","alternateName":"Black Turtle Dive","url":"https:\/\/www.blackturtledive.com\/de\/","logo":{"@type":"ImageObject","inLanguage":"de","@id":"https:\/\/www.blackturtledive.com\/de\/#\/schema\/logo\/image\/","url":"https:\/\/www.blackturtledive.com\/wp-content\/uploads\/2020\/11\/cropped-blackturtledive.com-brand-logo.png","contentUrl":"https:\/\/www.blackturtledive.com\/wp-content\/uploads\/2020\/11\/cropped-blackturtledive.com-brand-logo.png","width":400,"height":400,"caption":"Black Turtle Dive Koh Tao"},"image":{"@id":"https:\/\/www.blackturtledive.com\/de\/#\/schema\/logo\/image\/"},"sameAs":["https:\/\/www.facebook.com\/blackturtledive","https:\/\/x.com\/blackturtledive","https:\/\/www.instagram.com\/blackturtledive\/","https:\/\/www.youtube.com\/blackturtledive","https:\/\/www.linkedin.com\/company\/blackturtledive\/","https:\/\/www.tumblr.com\/blackturtledive","https:\/\/www.pinterest.com\/blackturtledive\/","https:\/\/www.tiktok.com\/@blackturtledive","https:\/\/www.reddit.com\/user\/blackturtledive\/"],"description":"Black Turtle Dive is a modern and innovative 5 Star Career Development Scuba Diving Center, passionate about the ocean and through training we want to empower you to become a competent and confident scuba diver. Our diving courses equip you with the skills, knowledge and awareness necessary to explore the ocean safely, whilst becoming a passionate advocate and protector of the marine environment. If you have never dived before or are a certified diver and want to develop your skills further, our tailored, bespoke courses and programs will inspire you to become an Ocean advocate. Our scientific based Marine Conservation Internships and training programs, offer aspiring scuba divers and marine conservationists, the best marine conservation internships on Koh Tao. We currently offer students six levels of Marine Conservation Internships at our beachside location on Koh Tao in Thailand. Check out our website for more information.","email":"info@blackturtledive.com","telephone":"089 592 2134","legalName":"Black Turtle Dive Co Ltd","foundingDate":"2020-01-01","publishingPrinciples":"https:\/\/www.blackturtledive.com\/terms\/","ownershipFundingInfo":"https:\/\/www.blackturtledive.com\/terms\/","actionableFeedbackPolicy":"https:\/\/www.blackturtledive.com\/privacy-policy\/","correctionsPolicy":"https:\/\/www.blackturtledive.com\/privacy-policy\/","ethicsPolicy":"https:\/\/www.blackturtledive.com\/privacy-policy\/","diversityPolicy":"https:\/\/www.blackturtledive.com\/privacy-policy\/"}]}},"_links":{"self":[{"href":"https:\/\/www.blackturtledive.com\/de\/wp-json\/wp\/v2\/pages\/18710","targetHints":{"allow":["GET"]}}],"collection":[{"href":"https:\/\/www.blackturtledive.com\/de\/wp-json\/wp\/v2\/pages"}],"about":[{"href":"https:\/\/www.blackturtledive.com\/de\/wp-json\/wp\/v2\/types\/page"}],"author":[{"embeddable":true,"href":"https:\/\/www.blackturtledive.com\/de\/wp-json\/wp\/v2\/users\/2"}],"replies":[{"embeddable":true,"href":"https:\/\/www.blackturtledive.com\/de\/wp-json\/wp\/v2\/comments?post=18710"}],"version-history":[{"count":2,"href":"https:\/\/www.blackturtledive.com\/de\/wp-json\/wp\/v2\/pages\/18710\/revisions"}],"predecessor-version":[{"id":71538,"href":"https:\/\/www.blackturtledive.com\/de\/wp-json\/wp\/v2\/pages\/18710\/revisions\/71538"}],"up":[{"embeddable":true,"href":"https:\/\/www.blackturtledive.com\/de\/wp-json\/wp\/v2\/pages\/18723"}],"wp:featuredmedia":[{"embeddable":true,"href":"https:\/\/www.blackturtledive.com\/de\/wp-json\/wp\/v2\/media\/18047"}],"wp:attachment":[{"href":"https:\/\/www.blackturtledive.com\/de\/wp-json\/wp\/v2\/media?parent=18710"}],"curies":[{"name":"wp","href":"https:\/\/api.w.org\/{rel}","templated":true}]}}