{"id":18711,"date":"2020-09-19T21:45:48","date_gmt":"2020-09-19T14:45:48","guid":{"rendered":"https:\/\/www.blackturtledive.com\/emergency-oxygen-provider\/"},"modified":"2026-05-05T21:25:32","modified_gmt":"2026-05-05T14:25:32","slug":"emergency-oxygen-provider","status":"publish","type":"page","link":"https:\/\/www.blackturtledive.com\/de\/padi-specialty-courses\/emergency-oxygen-provider\/","title":{"rendered":"Notfallsauerstoffversorger"},"content":{"rendered":"<div class=\"wpb-content-wrapper\"><p>[vc_row][vc_column][vc_column_text css=&#8220;&#8220;]Der PADI Emergency Oxygen Provider Specialty\u2011Kurs ist eine nicht tauchbezogene Zertifizierung, die Sie darin schult, Tauchkrankheiten zu erkennen und 100% Sauerstoff sicher zu verabreichen.<\/p>\n<p>Dieser halbt\u00e4gige, theoretische Specialty\u2011Kurs behandelt den Aufbau und die Verwendung von Demand\u2011Ventilen, Konstantflussreglern und Non\u2011Rebreather\u2011Masken f\u00fcr bewusstseinsgest\u00f6rte und bewusstlose Taucher.<\/p>\n<p>Die Sauerstoffgabe ist die prim\u00e4re Erste\u2011Hilfe\u2011Ma\u00dfnahme bei Dekompressionskrankheit; das Beherrschen dieser Fertigkeit bildet eine entscheidende Br\u00fccke zwischen grundlegender Reanimation (CPR) und professionellem Rettungsmanagement.<\/p>\n<h3><span style=\"color: #28d4ff;\">Wie man einem in Not geratenen Taucher Sauerstoff verabreicht<\/span><\/h3>\n<p>Sauerstoff ist f\u00fcr den Erhalt des Lebens unerl\u00e4sslich, und der Sauerstoffmangel kann schnell zum Tod f\u00fchren.<\/p>\n<p><a href=\"https:\/\/www.ncbi.nlm.nih.gov\/pmc\/articles\/PMC1114047\/\" target=\"_blank\" rel=\"noopener\">Die Sauerstofftherapie<\/a> wird verwendet, um viele Verletzungen und Krankheiten zu behandeln und kann die Chancen auf eine signifikante Genesung erh\u00f6hen, wenn sie angemessen und zeitnah verabreicht wird.<\/p>\n<p>Zu wissen, wie man Notfallsauerstoff bereitstellt und <a href=\"https:\/\/www.thefunkyturtle.com\/information\/koh-tao-rescue\/\" target=\"_blank\" rel=\"noopener\">lokale medizinische Dienste<\/a> (EMS) aktiviert, sind die beiden wichtigsten Verfahren zur Behandlung eines Tauchers, der an Dekompressionskrankheit, Lungen\u00fcberdehnungsverletzungen oder nahezu Ertrinken leidet.<\/p>\n<h3>Sauerstoffverabreichung und Wiederbelebung<\/h3>\n<p>Forschung und medizinische Krankheitsgeschichte zeigen eindeutig, dass die sofortige Verabreichung von Sauerstoff einen dramatischen Unterschied im unmittelbaren Zustand eines Patienten und in der langfristigen Genesung bewirken kann.<\/p>\n<p>Das Ziel des PADI Emergency Oxygen Provider Kurses ist es, <a href=\"https:\/\/www.blackturtledive.com\/padi-diving-courses\/\">Taucher<\/a> und Personen in Positionen, die Tauchern helfen k\u00f6nnen, im richtigen Umgang mit Notfallsauerstoff zu schulen, w\u00e4hrend sie die lokalen Notfallmedizinischen Dienste (EMS) aktivieren, um die Evakuierung zur n\u00e4chstgelegenen medizinischen <a href=\"https:\/\/www.blackturtledive.com\/koh-tao\/medical-services\/\">Einrichtung<\/a> zu organisieren.<\/p>\n<h3><span style=\"color: #28d4ff;\">PADI Emergency Oxygen Provider Specialty\u2011Kurs<\/span><\/h3>\n<p><a class=\"fasc-button fasc-size-large fasc-type-flat\" style=\"background-color: #33809e; color: #ffffff;\" href=\"https:\/\/www.blackturtledive.com\/diving-course-prices\/\">JETZT BUCHEN<\/a><\/p>\n<h3>Im PADI Emergency Oxygen Provider Kurs enthalten:<\/h3>\n<ul>\n<li>PADI Emergency Oxygen Provider Handbuch<\/li>\n<li>PADI Zertifikatskarte<\/li>\n<li>Alle f\u00fcr den Kurs erforderlichen Ausr\u00fcstungen<\/li>\n<li>Maximal 4 Sch\u00fcler pro PADI Ausbilder<\/li>\n<li><a href=\"https:\/\/www.blackturtledive.com\/about-us\/\">BTD Kunden- (und Umwelt-) Versprechen<\/a><\/li>\n<\/ul>\n<p><a class=\"fasc-button fasc-size-large fasc-type-flat\" style=\"background-color: #33809e; color: #ffffff;\" href=\"https:\/\/www.blackturtledive.com\/diving-course-prices\/\">JETZT BUCHEN<\/a><\/p>\n<h3>1\u2011t\u00e4giger PADI Emergency Oxygen Provider Specialty\u2011Kurs<\/h3>\n<p>Jeder kann sich f\u00fcr einen Emergency Oxygen Provider Specialty Kurs anmelden.<\/p>\n<p>Der Kurs besteht aus zwei Abschnitten:<\/p>\n<ul>\n<li>Wissensentwicklung &#8211; vom Ausbilder geleitete Wissensentwicklungssitzung und Abschluss der Wissens\u00fcberpr\u00fcfung<\/li>\n<li>F\u00e4higkeitsentwicklung &#8211; 4 x F\u00e4higkeiten<\/li>\n<\/ul>\n<p><a class=\"fasc-button fasc-size-large fasc-type-flat\" style=\"background-color: #33809e; color: #ffffff;\" href=\"https:\/\/www.blackturtledive.com\/diving-course-prices\/\">JETZT BUCHEN<\/a><\/p>\n<p>Bei <a href=\"https:\/\/www.blackturtledive.com\/de\/\">Black Turtle Dive<\/a> nehmen wir unser <a href=\"https:\/\/www.blackturtledive.com\/about-us\/our-customer-promise\/\">Kundenversprechen<\/a> sehr ernst. Alle Kurse werden mit maximal 4 Sch\u00fclern pro PADI Ausbilder durchgef\u00fchrt.<\/p>\n<p>Unsere <a href=\"https:\/\/www.blackturtledive.com\/padi-pro-level\/dive-instructor-course\/\">Ausbilder<\/a> sind hochqualifiziert und sorgen daf\u00fcr, dass Sie viel Aufmerksamkeit erhalten und \u2013 was am wichtigsten ist \u2013 in einer entspannten Umgebung in Ihrem eigenen Tempo Fortschritte machen.<\/p>\n<p>W\u00e4hrend Ihrer Ausbildung werden wir langsam Ihr Vertrauen und Ihre F\u00e4higkeiten aufbauen, w\u00e4hrend Sie die Fertigkeiten entwickeln, die notwendig sind, um ein Emergency Oxygen Provider zu werden.<\/p>\n<h3><span style=\"color: #28d4ff;\">Koh Tao Emergency Oxygen Provider Kursplan<\/span><\/h3>\n<p>Der Kursplan f\u00fcr den PADI Emergency Oxygen Provider Kurs ist flexibel, und wir k\u00f6nnen uns nach Ihren pers\u00f6nlichen Bed\u00fcrfnissen und Zeitrahmen richten.<\/p>\n<p>Bitte z\u00f6gern Sie nicht, uns nach bevorstehenden Kursen zu fragen. Wenn Sie spezielle Anfragen haben, k\u00f6nnen Sie uns eine E-Mail senden oder uns direkt \u00fcber eine der Messenger-Apps auf dieser Seite <a href=\"https:\/\/www.blackturtledive.com\/contact-us\/\">kontaktieren<\/a>.&nbsp;<\/p>\n<p><strong>Tag 1<\/strong>:<\/p>\n<p>09.00 \u2013 11.30: Orientierung &amp; Wissensentwicklung<\/p>\n<p><strong>MITTAGESSEN <\/strong><\/p>\n<p>13.30 \u2013 16.00: Notfallsauerstoff Spezialf\u00e4higkeiten Entwicklungssitzungen<\/p>\n<p>Sie sind jetzt ein zertifizierter PADI Emergency Oxygen Provider.<\/p>\n<p><a class=\"fasc-button fasc-size-large fasc-type-flat\" style=\"background-color: #33809e; color: #ffffff;\" href=\"https:\/\/www.blackturtledive.com\/diving-course-prices\/\">JETZT BUCHEN<\/a><\/p>\n<h3>PADI Emergency Oxygen Specialty Kursinformationen<\/h3>\n<p>O2 Kurs Orientierung &amp; Wissensentwicklung.<\/p>\n<p>Wir beginnen den PADI Emergency Oxygen Provider <a href=\"https:\/\/www.blackturtledive.com\/padi-specialty-courses\/\">Specialty Kurs<\/a> um 09.00 Uhr mit einer Orientierung, die den Abschluss von Papierkram und dem PADI <a href=\"https:\/\/www.blackturtledive.com\/wp-content\/uploads\/2020\/11\/blackturtledive.com-PADI-Diver-student-Medical-Form.pdf\" target=\"_blank\" rel=\"noopener\">Medizinischen Bericht<\/a> umfasst.<\/p>\n<p>Der<span style=\"color: #28d4ff;\"><em> Emergency Oxygen Provider Specialty<\/em><\/span> Kurs besteht aus 4 F\u00e4higkeiten, die wir Ihnen vermitteln und die Sie w\u00e4hrend einer F\u00e4higkeitsentwicklungssitzung mit Ihrem Ausbilder meistern werden. &nbsp;<\/p>\n<p>Es gibt eine vom Ausbilder geleitete Wissensentwicklung und eine 14-Fragen-offene Wissens\u00fcberpr\u00fcfung, die abgeschlossen werden muss und die Ihr Ausbilder \u00fcberpr\u00fcfen wird.<\/p>\n<p>Die vom Ausbilder geleitete Wissensentwicklung findet am Vormittag des ersten Tages statt. Die Themen, die Sie behandeln werden, sind:<\/p>\n<ul>\n<li>Lebensbedrohliche Probleme, bei denen Notfallsauerstoff einen positiven Unterschied machen kann<\/li>\n<li>Warum Sauerstoff zur Behandlung von Tauchkrankheiten verwendet wird<\/li>\n<li>Ursachen von Lungen\u00fcberdehnungsverletzungen und Dekompressionskrankheit<\/li>\n<li>Anzeichen &amp; Symptome von Dekompressionskrankheit<\/li>\n<li>Warum Nicht-Wiederatmermasken oft zur Behandlung verletzter Taucher verwendet werden<\/li>\n<li>Warum Demand-Inhalatorventile die erste Wahl zur Behandlung verletzter atmender Taucher sind<\/li>\n<li>Ventile, die 100 Prozent Notfallsauerstoff an verletzte Taucher liefern<\/li>\n<li>Richtige Wartung von Sauerstoffger\u00e4ten<\/li>\n<\/ul>\n<h3><span style=\"color: #28d4ff;\">O2 Kurs F\u00e4higkeitsentwicklung<\/span><\/h3>\n<p>Es gibt 4 F\u00e4higkeiten, die Sie abschlie\u00dfen m\u00fcssen, um ein zertifizierter Emergency Oxygen Provider zu werden.<\/p>\n<h3><span style=\"color: #28d4ff;\">Emergency Oxygen Provider F\u00e4higkeit #1<\/span><\/h3>\n<p><em>Montage und Demontage eines Notfallsauerstoffsystems<\/em><\/p>\n<h3><span style=\"color: #28d4ff;\">Emergency Oxygen Provider F\u00e4higkeit #2<\/span><\/h3>\n<p><em>Verwendung einer Nicht-Wiederatmermaske f\u00fcr einen atmenden Taucher<\/em><\/p>\n<h3><span style=\"color: #28d4ff;\">Emergency Oxygen Provider F\u00e4higkeit #3<\/span><\/h3>\n<p><em>Verwendung eines Demand-Inhalatorventils f\u00fcr einen atmenden Taucher<\/em><\/p>\n<h3><span style=\"color: #28d4ff;\">Emergency Oxygen Provider F\u00e4higkeit #4<\/span><\/h3>\n<p><em>Verwendung einer Pocket-Maske mit Sauerstoff f\u00fcr einen nicht atmenden Taucher<\/em><\/p>\n<p>Herzlichen Gl\u00fcckwunsch! Sobald Sie alle F\u00e4higkeiten abgeschlossen haben, sind Sie jetzt ein PADI Emergency Oxygen Provider Specialist.<\/p>\n<p><a class=\"fasc-button fasc-size-large fasc-type-flat\" style=\"background-color: #33809e; color: #ffffff;\" href=\"https:\/\/www.blackturtledive.com\/diving-course-prices\/\">JETZT BUCHEN<\/a>[\/vc_column_text][\/vc_column][\/vc_row][vc_row][vc_column]<div class=\"section-wrap\"><h3 class=\"section-title\">H\u00e4ufig gestellte Fragen<\/h3><div class=\"faq-wrapper\"><div class=\"accordion-panel active\">\n                    <div class=\"panel-heading\">    \n                        <h3 class=\"panel-title\">\n                            Was lernen Sie im Emergency Oxygen (O2) Provider Specialty Kurs?\n                        <\/h3>\n                    <\/div>\n                    <div class=\"panel-detail\">\n                        <p>Sie lernen, warum der Einsatz von Sauerstoff wichtig ist und in welchen Situationen der Einsatz von Notfall-Sauerstoff einen erheblichen Unterschied machen kann.<\/p>\n<p>Sie werden verschiedene Tauchverletzungen betrachten, die den Einsatz von Notfall-Sauerstoff erfordern k\u00f6nnen.<\/p>\n<p>Im praktischen Teil des Kurses schauen Sie sich verschiedene Arten von Sauerstoffsystemen an, wie man sie einrichtet und wie man Sauerstoff einem Opfer verabreicht.<\/p>\n\n                    <\/div>\n                <\/div><div class=\"accordion-panel \">\n                    <div class=\"panel-heading\">    \n                        <h3 class=\"panel-title\">\n                            Wie lange dauert der Emergency Oxygen (O2) Provider Specialty Kurs in Koh Tao?\n                        <\/h3>\n                    <\/div>\n                    <div class=\"panel-detail\">\n                        <p>Der Emergency O2 Provider Specialty Kurs dauert einen halben Tag in Koh Tao.<\/p>\n<p>Sie k\u00f6nnen den Kurs entweder am Morgen oder am Nachmittag beginnen und treffen sich mit Ihrem Instructor, um die Theorie und die Wissens\u00fcberpr\u00fcfung durchzugehen.<\/p>\n<p>Anschlie\u00dfend werden Sie sich die verschiedenen Sauerstoffsysteme ansehen und die praktischen F\u00e4higkeiten und Szenarien \u00fcben.<\/p>\n\n                    <\/div>\n                <\/div><div class=\"accordion-panel \">\n                    <div class=\"panel-heading\">    \n                        <h3 class=\"panel-title\">\n                            Was kostet der Emergency Oxygen (O2) Provider Specialty Kurs in Koh Tao?\n                        <\/h3>\n                    <\/div>\n                    <div class=\"panel-detail\">\n                        <p>Die Kosten f\u00fcr den PADI Emergency O2 Provider Specialty betragen 5.000 THB.<\/p>\n<p>In diesem Preis sind alle Kursmaterialien, die Geb\u00fchren f\u00fcr den Instructor und die Zertifizierungskosten enthalten.<\/p>\n<p>Essen und Unterkunft sind nicht inbegriffen.<\/p>\n<p>Sie k\u00f6nnen uns jedoch kontaktieren, um Informationen \u00fcber Unterkunftsm\u00f6glichkeiten zu erhalten. Wir haben klimatisierte Zimmer zu erm\u00e4\u00dfigten Preisen, wenn Sie einen Tauchkurs bei uns belegen.<\/p>\n<p>Ehemalige Studenten genie\u00dfen einen Rabatt von 10 % auf den Preis des O2 Spezialkurses.<\/p>\n\n                    <\/div>\n                <\/div><div class=\"accordion-panel \">\n                    <div class=\"panel-heading\">    \n                        <h3 class=\"panel-title\">\n                            Wer kann am Emergency Oxygen (O2) Provider Specialty Kurs teilnehmen?\n                        <\/h3>\n                    <\/div>\n                    <div class=\"panel-detail\">\n                        <p>Jeder kann am Emergency O2 Provider Kurs teilnehmen, unabh\u00e4ngig davon, ob er ein Taucher ist oder nicht.<\/p>\n<p>Es gibt kein Mindestalter f\u00fcr den Kurs, aber die Teilnehmer m\u00fcssen in der Lage sein, alle Leistungsanforderungen zu erf\u00fcllen.<\/p>\n<p>Der Spezialkurs ist bei Tauchern, die den PADI Rescue Diver Kurs belegen oder sich in ihrer Ausbildung auf Pro Level befinden, sehr beliebt.<\/p>\n\n                    <\/div>\n                <\/div><div class=\"accordion-panel \">\n                    <div class=\"panel-heading\">    \n                        <h3 class=\"panel-title\">\n                            Muss man zertifiziert sein, um jemandem Sauerstoff zu geben?\n                        <\/h3>\n                    <\/div>\n                    <div class=\"panel-detail\">\n                        <p>Sauerstoff wird in vielen L\u00e4ndern als Medikament betrachtet, und daher ist eine Zertifizierung erforderlich, um jemandem Sauerstoff zu verabreichen.<\/p>\n<p>Es gibt auch Brand- oder Explosionsgefahren bei der Verwendung von Sauerstoff, da dieser die Verbrennung beschleunigt.<\/p>\n<p>Es ist wichtig, die richtigen Verfahren zu befolgen und die richtige Ausr\u00fcstung zu verwenden.<\/p>\n<p>W\u00e4hrend des Emergency O2 Provider Kurses lernen Sie alle Techniken, um sicher Sauerstoff einem Opfer zu verabreichen.<\/p>\n\n                    <\/div>\n                <\/div><\/div>\n                <\/div>[\/vc_column][\/vc_row]<\/p>\n<\/div>","protected":false},"excerpt":{"rendered":"<p>Der PADI Emergency Oxygen Provider Kurs auf Koh Tao lehrt Sie, wie Sie im Notfall Sauerstoff verabreichen und den \u00f6rtlichen Rettungsdienst (EMS) alarmieren, wenn Sie einen Taucher behandeln, der an Dekompressionskrankheit, Lungen\u00fcberdehnungsverletzungen oder Beinahe-Ertrinken leidet.<\/p>\n","protected":false},"author":2,"featured_media":17971,"parent":18723,"menu_order":0,"comment_status":"closed","ping_status":"closed","template":"","meta":{"_acf_changed":false,"footnotes":""},"class_list":["post-18711","page","type-page","status-publish","has-post-thumbnail","hentry"],"acf":[],"yoast_head":"<!-- This site is optimized with the Yoast SEO Premium plugin v27.6 (Yoast SEO v27.6) - https:\/\/yoast.com\/product\/yoast-seo-premium-wordpress\/ -->\n<title>PADI Notfallsauerstoffversorger Koh Tao | Black Turtle<\/title>\n<meta name=\"description\" content=\"Der PADI Emergency Oxygen Provider Kurs auf Koh Tao lehrt Sie, wie Sie im Notfall Sauerstoff verabreichen und den \u00f6rtlichen Rettungsdienst (EMS) alarmieren, wenn Sie einen Taucher behandeln.\" \/>\n<meta name=\"robots\" content=\"index, follow, max-snippet:-1, max-image-preview:large, max-video-preview:-1\" \/>\n<link rel=\"canonical\" href=\"https:\/\/www.blackturtledive.com\/de\/padi-specialty-courses\/emergency-oxygen-provider\/\" \/>\n<meta property=\"og:locale\" content=\"de_DE\" \/>\n<meta property=\"og:type\" content=\"article\" \/>\n<meta property=\"og:title\" content=\"PADI Emergency Oxygen Provider Course Koh Tao\" \/>\n<meta property=\"og:description\" content=\"PADI Emergency Oxygen Provider Course on Koh Tao teaches you how to provide emergency oxygen and activate local medical services (EMS) when treating a diver\" \/>\n<meta property=\"og:url\" content=\"https:\/\/www.blackturtledive.com\/de\/padi-specialty-courses\/emergency-oxygen-provider\/\" \/>\n<meta property=\"og:site_name\" content=\"Black Turtle Dive Koh Tao\" \/>\n<meta property=\"article:publisher\" content=\"https:\/\/www.facebook.com\/blackturtledive\" \/>\n<meta property=\"article:modified_time\" content=\"2026-05-05T14:25:32+00:00\" \/>\n<meta property=\"og:image\" content=\"https:\/\/www.blackturtledive.com\/wp-content\/uploads\/2020\/11\/blackturtledive.com-best-padi-divemaster-course-koh-tao.jpg\" \/>\n\t<meta property=\"og:image:width\" content=\"1200\" \/>\n\t<meta property=\"og:image:height\" content=\"800\" \/>\n\t<meta property=\"og:image:type\" content=\"image\/jpeg\" \/>\n<meta name=\"twitter:card\" content=\"summary_large_image\" \/>\n<meta name=\"twitter:title\" content=\"PADI Emergency Oxygen Provider Course Koh Tao\" \/>\n<meta name=\"twitter:description\" content=\"PADI Emergency Oxygen Provider Course on Koh Tao teaches you how to provide emergency oxygen and activate local medical services (EMS) when treating a diver\" \/>\n<meta name=\"twitter:image\" content=\"https:\/\/www.blackturtledive.com\/wp-content\/uploads\/2020\/11\/blackturtledive.com-best-padi-divemaster-course-koh-tao.jpg\" \/>\n<meta name=\"twitter:site\" content=\"@blackturtledive\" \/>\n<meta name=\"twitter:label1\" content=\"Gesch\u00e4tzte Lesezeit\" \/>\n\t<meta name=\"twitter:data1\" content=\"5\u00a0Minuten\" \/>\n<!-- \/ Yoast SEO Premium plugin. -->","yoast_head_json":{"title":"PADI Notfallsauerstoffversorger Koh Tao | Black Turtle","description":"Der PADI Emergency Oxygen Provider Kurs auf Koh Tao lehrt Sie, wie Sie im Notfall Sauerstoff verabreichen und den \u00f6rtlichen Rettungsdienst (EMS) alarmieren, wenn Sie einen Taucher behandeln.","robots":{"index":"index","follow":"follow","max-snippet":"max-snippet:-1","max-image-preview":"max-image-preview:large","max-video-preview":"max-video-preview:-1"},"canonical":"https:\/\/www.blackturtledive.com\/de\/padi-specialty-courses\/emergency-oxygen-provider\/","og_locale":"de_DE","og_type":"article","og_title":"PADI Emergency Oxygen Provider Course Koh Tao","og_description":"PADI Emergency Oxygen Provider Course on Koh Tao teaches you how to provide emergency oxygen and activate local medical services (EMS) when treating a diver","og_url":"https:\/\/www.blackturtledive.com\/de\/padi-specialty-courses\/emergency-oxygen-provider\/","og_site_name":"Black Turtle Dive Koh Tao","article_publisher":"https:\/\/www.facebook.com\/blackturtledive","article_modified_time":"2026-05-05T14:25:32+00:00","og_image":[{"width":1200,"height":800,"url":"https:\/\/www.blackturtledive.com\/wp-content\/uploads\/2020\/11\/blackturtledive.com-best-padi-divemaster-course-koh-tao.jpg","type":"image\/jpeg"}],"twitter_card":"summary_large_image","twitter_title":"PADI Emergency Oxygen Provider Course Koh Tao","twitter_description":"PADI Emergency Oxygen Provider Course on Koh Tao teaches you how to provide emergency oxygen and activate local medical services (EMS) when treating a diver","twitter_image":"https:\/\/www.blackturtledive.com\/wp-content\/uploads\/2020\/11\/blackturtledive.com-best-padi-divemaster-course-koh-tao.jpg","twitter_site":"@blackturtledive","twitter_misc":{"Gesch\u00e4tzte Lesezeit":"5\u00a0Minuten"},"schema":{"@context":"https:\/\/schema.org","@graph":[{"@type":"WebPage","@id":"https:\/\/www.blackturtledive.com\/de\/padi-specialty-courses\/emergency-oxygen-provider\/","url":"https:\/\/www.blackturtledive.com\/de\/padi-specialty-courses\/emergency-oxygen-provider\/","name":"PADI Notfallsauerstoffversorger Koh Tao | Black Turtle","isPartOf":{"@id":"https:\/\/www.blackturtledive.com\/de\/#website"},"primaryImageOfPage":{"@id":"https:\/\/www.blackturtledive.com\/de\/padi-specialty-courses\/emergency-oxygen-provider\/#primaryimage"},"image":{"@id":"https:\/\/www.blackturtledive.com\/de\/padi-specialty-courses\/emergency-oxygen-provider\/#primaryimage"},"thumbnailUrl":"https:\/\/www.blackturtledive.com\/wp-content\/uploads\/2020\/11\/blackturtledive.com-02-provider-specialty-course-koht-tao.jpg","datePublished":"2020-09-19T14:45:48+00:00","dateModified":"2026-05-05T14:25:32+00:00","description":"Der PADI Emergency Oxygen Provider Kurs auf Koh Tao lehrt Sie, wie Sie im Notfall Sauerstoff verabreichen und den \u00f6rtlichen Rettungsdienst (EMS) alarmieren, wenn Sie einen Taucher behandeln.","breadcrumb":{"@id":"https:\/\/www.blackturtledive.com\/de\/padi-specialty-courses\/emergency-oxygen-provider\/#breadcrumb"},"inLanguage":"de","potentialAction":[{"@type":"ReadAction","target":["https:\/\/www.blackturtledive.com\/de\/padi-specialty-courses\/emergency-oxygen-provider\/"]}]},{"@type":"ImageObject","inLanguage":"de","@id":"https:\/\/www.blackturtledive.com\/de\/padi-specialty-courses\/emergency-oxygen-provider\/#primaryimage","url":"https:\/\/www.blackturtledive.com\/wp-content\/uploads\/2020\/11\/blackturtledive.com-02-provider-specialty-course-koht-tao.jpg","contentUrl":"https:\/\/www.blackturtledive.com\/wp-content\/uploads\/2020\/11\/blackturtledive.com-02-provider-specialty-course-koht-tao.jpg","width":1100,"height":649,"caption":"PADI Emergency Oxygen Provider Specialty Course Koh Tao"},{"@type":"BreadcrumbList","@id":"https:\/\/www.blackturtledive.com\/de\/padi-specialty-courses\/emergency-oxygen-provider\/#breadcrumb","itemListElement":[{"@type":"ListItem","position":1,"name":"Home","item":"https:\/\/www.blackturtledive.com\/de\/"},{"@type":"ListItem","position":2,"name":"Spezialkurse","item":"https:\/\/www.blackturtledive.com\/de\/padi-specialty-courses\/"},{"@type":"ListItem","position":3,"name":"Notfallsauerstoffversorger"}]},{"@type":"WebSite","@id":"https:\/\/www.blackturtledive.com\/de\/#website","url":"https:\/\/www.blackturtledive.com\/de\/","name":"Black Turtle Dive Koh Tao","description":"Ocean Explorers | Marine Protectors","publisher":{"@id":"https:\/\/www.blackturtledive.com\/de\/#organization"},"alternateName":"Black Turtle Dive in Thailand","potentialAction":[{"@type":"SearchAction","target":{"@type":"EntryPoint","urlTemplate":"https:\/\/www.blackturtledive.com\/de\/?s={search_term_string}"},"query-input":{"@type":"PropertyValueSpecification","valueRequired":true,"valueName":"search_term_string"}}],"inLanguage":"de"},{"@type":"Organization","@id":"https:\/\/www.blackturtledive.com\/de\/#organization","name":"Black Turtle Dive Koh Tao","alternateName":"Black Turtle Dive","url":"https:\/\/www.blackturtledive.com\/de\/","logo":{"@type":"ImageObject","inLanguage":"de","@id":"https:\/\/www.blackturtledive.com\/de\/#\/schema\/logo\/image\/","url":"https:\/\/www.blackturtledive.com\/wp-content\/uploads\/2020\/11\/cropped-blackturtledive.com-brand-logo.png","contentUrl":"https:\/\/www.blackturtledive.com\/wp-content\/uploads\/2020\/11\/cropped-blackturtledive.com-brand-logo.png","width":400,"height":400,"caption":"Black Turtle Dive Koh Tao"},"image":{"@id":"https:\/\/www.blackturtledive.com\/de\/#\/schema\/logo\/image\/"},"sameAs":["https:\/\/www.facebook.com\/blackturtledive","https:\/\/x.com\/blackturtledive","https:\/\/www.instagram.com\/blackturtledive\/","https:\/\/www.youtube.com\/blackturtledive","https:\/\/www.linkedin.com\/company\/blackturtledive\/","https:\/\/www.tumblr.com\/blackturtledive","https:\/\/www.pinterest.com\/blackturtledive\/","https:\/\/www.tiktok.com\/@blackturtledive","https:\/\/www.reddit.com\/user\/blackturtledive\/"],"description":"Black Turtle Dive is a modern and innovative 5 Star Career Development Scuba Diving Center, passionate about the ocean and through training we want to empower you to become a competent and confident scuba diver. Our diving courses equip you with the skills, knowledge and awareness necessary to explore the ocean safely, whilst becoming a passionate advocate and protector of the marine environment. If you have never dived before or are a certified diver and want to develop your skills further, our tailored, bespoke courses and programs will inspire you to become an Ocean advocate. Our scientific based Marine Conservation Internships and training programs, offer aspiring scuba divers and marine conservationists, the best marine conservation internships on Koh Tao. We currently offer students six levels of Marine Conservation Internships at our beachside location on Koh Tao in Thailand. Check out our website for more information.","email":"info@blackturtledive.com","telephone":"089 592 2134","legalName":"Black Turtle Dive Co Ltd","foundingDate":"2020-01-01","publishingPrinciples":"https:\/\/www.blackturtledive.com\/terms\/","ownershipFundingInfo":"https:\/\/www.blackturtledive.com\/terms\/","actionableFeedbackPolicy":"https:\/\/www.blackturtledive.com\/privacy-policy\/","correctionsPolicy":"https:\/\/www.blackturtledive.com\/privacy-policy\/","ethicsPolicy":"https:\/\/www.blackturtledive.com\/privacy-policy\/","diversityPolicy":"https:\/\/www.blackturtledive.com\/privacy-policy\/"}]}},"_links":{"self":[{"href":"https:\/\/www.blackturtledive.com\/de\/wp-json\/wp\/v2\/pages\/18711","targetHints":{"allow":["GET"]}}],"collection":[{"href":"https:\/\/www.blackturtledive.com\/de\/wp-json\/wp\/v2\/pages"}],"about":[{"href":"https:\/\/www.blackturtledive.com\/de\/wp-json\/wp\/v2\/types\/page"}],"author":[{"embeddable":true,"href":"https:\/\/www.blackturtledive.com\/de\/wp-json\/wp\/v2\/users\/2"}],"replies":[{"embeddable":true,"href":"https:\/\/www.blackturtledive.com\/de\/wp-json\/wp\/v2\/comments?post=18711"}],"version-history":[{"count":1,"href":"https:\/\/www.blackturtledive.com\/de\/wp-json\/wp\/v2\/pages\/18711\/revisions"}],"predecessor-version":[{"id":70947,"href":"https:\/\/www.blackturtledive.com\/de\/wp-json\/wp\/v2\/pages\/18711\/revisions\/70947"}],"up":[{"embeddable":true,"href":"https:\/\/www.blackturtledive.com\/de\/wp-json\/wp\/v2\/pages\/18723"}],"wp:featuredmedia":[{"embeddable":true,"href":"https:\/\/www.blackturtledive.com\/de\/wp-json\/wp\/v2\/media\/17971"}],"wp:attachment":[{"href":"https:\/\/www.blackturtledive.com\/de\/wp-json\/wp\/v2\/media?parent=18711"}],"curies":[{"name":"wp","href":"https:\/\/api.w.org\/{rel}","templated":true}]}}