{"id":18714,"date":"2020-09-19T21:43:18","date_gmt":"2020-09-19T14:43:18","guid":{"rendered":"https:\/\/www.blackturtledive.com\/fish-identification\/"},"modified":"2026-05-06T17:42:52","modified_gmt":"2026-05-06T10:42:52","slug":"fish-identification","status":"publish","type":"page","link":"https:\/\/www.blackturtledive.com\/de\/padi-specialty-courses\/fish-identification\/","title":{"rendered":"Fischbestimmung"},"content":{"rendered":"<div class=\"wpb-content-wrapper\"><p>[vc_row][vc_column][vc_column_text css=&#8220;&#8220;]Der PADI Fish Identification\u2011Kurs hilft Ihnen, die vielf\u00e4ltigen Riff\u00adfischarten, denen Sie begegnen, anhand von K\u00f6rperform und Verhalten zu erkennen und zu klassifizieren.<\/p>\n<p>Indem Sie lernen, Fische in Familien wie Falterfische, Papageienfische oder Zackenbarsche einzuordnen, verbessern Sie Ihr Taucherbewusstsein und Ihre F\u00e4higkeit, zu Citizen\u2011Science\u2011Projekten beizutragen.<\/p>\n<p>Mit \u00fcber 25 h\u00e4ufig vorkommenden Familien in den Gew\u00e4ssern von Koh Tao verwandelt dieser 2\u2011Tauchg\u00e4nge\u2011Kurs Ihre Tauchg\u00e4nge von blo\u00dfem Sightseeing in eine lehrreiche Erkundung der Biodiversit\u00e4t des Indo\u2011Pazifik.<\/p>\n<h3><span style=\"color: #28d4ff;\">Lernen Sie, Fische mit dem PADI Fish ID Specialty Kurs zu identifizieren.<\/span><\/h3>\n<p>Eine der h\u00e4ufigsten Fragen, die Sie auf einem Tauchboot h\u00f6ren, ist: Wie hei\u00dft dieser Fisch?<\/p>\n<p>Seien Sie der Taucher, der diese Frage beantwortet, anstatt sie zu stellen, indem Sie sich f\u00fcr den PADI AWARE Fischidentifikations-Spezialkurs anmelden.<\/p>\n<p>Sie profitieren viel mehr von Ihrem Tauchen, wenn Sie in der Lage sind, <a href=\"https:\/\/www.blackturtledive.com\/koh-tao-marine-life\/\">Fische zu erkennen<\/a>, die Familien, zu denen sie geh\u00f6ren, und die Merkmale einer Art zu identifizieren.<\/p>\n<h3>Im Koh Tao PADI AWARE Fish ID Kurs enthalten:<\/h3>\n<ul>\n<li>2 Fish ID Ausbildungstauchg\u00e4nge<\/li>\n<li>PADI Zertifikatskarte<\/li>\n<li>Mietkosten f\u00fcr die gesamte <a href=\"https:\/\/www.blackturtledive.com\/padi-specialty-courses\/equipment-specialist\/\">Tauchausr\u00fcstung<\/a><\/li>\n<li>KOSTENLOSE Nutzung des Tauchcomputers<\/li>\n<li>Logbuch<\/li>\n<li>Maximal 4 Sch\u00fcler pro PADI Ausbilder<\/li>\n<li><a href=\"https:\/\/www.blackturtledive.com\/about-us\/\">Black Turtle Dive Kunden- (und Umwelt-) Versprechen<\/a><\/li>\n<\/ul>\n<p><a class=\"fasc-button fasc-size-large fasc-type-flat\" style=\"background-color: #33809e; color: #ffffff;\" href=\"https:\/\/www.blackturtledive.com\/diving-course-prices\/\">JETZT BUCHEN<\/a><\/p>\n<p>Um sich f\u00fcr einen AWARE Fish Identification Specialty Kurs anzumelden, m\u00fcssen Sie:<\/p>\n<ul>\n<li>Ein <a href=\"https:\/\/www.blackturtledive.com\/padi-diving-courses\/open-water-course\/\">Open Water Diver<\/a> sein<\/li>\n<li>Aktuelle Taucherfahrung haben \u2013 wir empfehlen, eine <a href=\"https:\/\/www.blackturtledive.com\/padi-diving-courses\/scuba-review\/\">Tauchausbildung zu wiederholen<\/a>, wenn Sie seit 12 Monaten nicht getaucht sind<\/li>\n<li>10 Jahre alt oder \u00e4lter sein<\/li>\n<li><a href=\"https:\/\/www.blackturtledive.com\/wp-content\/uploads\/2020\/11\/blackturtledive.com-PADI-Diver-student-Medical-Form.pdf\" target=\"_blank\" rel=\"noopener\">Medizinisch fit<\/a> zum Tauchen sein<\/li>\n<\/ul>\n<h3>1-T\u00e4giger Fischidentifikations-Spezialkurs auf Koh Tao<\/h3>\n<p>Der Kurs besteht aus zwei Abschnitten:<\/p>\n<ul>\n<li>Wissensentwicklung \u2013 Unterrichtseinheit zur Wissensentwicklung, die von einem Ausbilder geleitet wird, und Abschluss der Wissens\u00fcberpr\u00fcfung<\/li>\n<li>Ausbildung im Freiwasser \u2013 2 x Ausbildungstauchg\u00e4nge<\/li>\n<\/ul>\n<p>Bei <a href=\"https:\/\/www.blackturtledive.com\/de\/\">Black Turtle Dive<\/a> nehmen wir unser <a href=\"https:\/\/www.blackturtledive.com\/about-us\/our-customer-promise\/\">Kundenversprechen<\/a> sehr ernst. Alle Kurse werden mit maximal 4 Sch\u00fclern pro PADI Ausbilder durchgef\u00fchrt.<\/p>\n<p>Unsere <a href=\"https:\/\/www.blackturtledive.com\/padi-pro-level\/dive-instructor-course\/\">Ausbilder<\/a> sind hochqualifiziert und sorgen daf\u00fcr, dass Sie viel Aufmerksamkeit erhalten und \u2013 was am wichtigsten ist \u2013 in einer entspannten Umgebung in Ihrem eigenen Tempo Fortschritte machen.<\/p>\n<p>W\u00e4hrend Ihrer Ausbildung werden wir langsam Ihr Vertrauen und Ihre F\u00e4higkeiten aufbauen, w\u00e4hrend Sie die Fertigkeiten entwickeln, die notwendig sind, um im Bereich Fischidentifikation kompetent zu werden.<\/p>\n<h3>Koh Tao Fischidentifikationskursplan<\/h3>\n<p>Der Kursplan f\u00fcr den AWARE Fischidentifikationskurs bei Black Turtle Dive ist flexibel, und wir k\u00f6nnen uns nach Ihren pers\u00f6nlichen Bed\u00fcrfnissen und Zeitrahmen richten.<\/p>\n<p>Bitte z\u00f6gern Sie nicht, uns bei speziellen Anfragen entweder <a href=\"https:\/\/www.blackturtledive.com\/contact-us\/\">per E-Mail<\/a> oder \u00fcber eine der Messenger-Apps auf dieser Seite zu kontaktieren.&nbsp;<\/p>\n<p><a class=\"fasc-button fasc-size-large fasc-type-flat\" style=\"background-color: #33809e; color: #ffffff;\" href=\"https:\/\/www.blackturtledive.com\/diving-course-prices\/\">JETZT BUCHEN<\/a><\/p>\n<h3>AWARE Fischidentifikations-Spezialkurs: 5.000 baht<\/h3>\n<p>Haben Sie bereits den Fischidentifikations-Abenteuer-Tauchgang absolviert?<\/p>\n<p>Unser 1-Tauchgang Fisch-ID-Kurs kostet 3,500 baht, wenn Sie bereits einen Fisch-ID-Abenteuer-Tauchgang gemacht haben.<\/p>\n<h3><span style=\"color: #28d4ff;\">Kursplan:<\/span><\/h3>\n<p>Tag 1:<\/p>\n<p>09.00 \u2013 11.30: Orientierung &amp; Wissensentwicklung<br \/>\n12.30 \u2013 17.00: AWARE Fischidentifikations Ausbildungstauchg\u00e4nge 1 &amp; 2 &nbsp;<\/p>\n<p>Sie sind jetzt ein zertifizierter PADI AWARE Fish Identification Diver<\/p>\n<h3>AWARE Fischidentifikations-Spezialkursinformationen<\/h3>\n<p><span style=\"color: #28d4ff;\">Orientierung &amp; Wissensentwicklung<\/span><\/p>\n<p>Wir beginnen den AWARE Fischidentifikations-Spezialkurs um 09.00 Uhr mit einer Orientierung, die den Abschluss von Papierkram und dem PADI Medizinischen Bericht umfasst.<\/p>\n<p>Der AWARE Fischidentifikations-Spezialkurs besteht aus 2 Ausbildungstauchg\u00e4ngen, die wir im Ozean rund um <a href=\"https:\/\/www.blackturtledive.com\/koh-tao\/\">Koh Tao<\/a> durchf\u00fchren.<\/p>\n<p>Es gibt eine vom Ausbilder geleitete Wissensentwicklung und eine 10-Fragen-offene Wissens\u00fcberpr\u00fcfung, die abgeschlossen werden muss und die Ihr Ausbilder \u00fcberpr\u00fcfen wird.<\/p>\n<p>Die vom Ausbilder geleitete Wissensentwicklung findet am Vormittag des ersten Tages statt. Einige der Themen, die Sie behandeln werden, sind:<\/p>\n<ul>\n<li>Wie viele verschiedene Fischarten gibt es weltweit?<\/li>\n<li>H\u00e4ufige Familiengruppen, die zur Identifizierung von Fischen auf Koh Tao verwendet werden, einschlie\u00dflich der 12 h\u00e4ufig verwendeten Gruppen<\/li>\n<li>Schl\u00fcsselkriterien, die dabei helfen, zwischen verschiedenen Fischfamilien zu unterscheiden<\/li>\n<li>Welche Techniken werden zur Planung von Fischumfragen verwendet<\/li>\n<li>Was ist die Roving Diver Survey Technik zur Identifizierung von Fischen?<\/li>\n<li>Planung von Fischumfragen und verwendete Techniken<\/li>\n<\/ul>\n<p><a class=\"fasc-button fasc-size-large fasc-type-flat\" style=\"background-color: #33809e; color: #ffffff;\" href=\"https:\/\/www.blackturtledive.com\/diving-course-prices\/\">JETZT BUCHEN<\/a><\/p>\n<h3>Koh Tao Meereslebewesen &amp; Fischidentifikationskurs<\/h3>\n<p>Es gibt 2 AWARE Fischidentifikations-Ausbildungstauchg\u00e4nge, die abgeschlossen werden m\u00fcssen, um ein AWARE Fischidentifikationsspezialist zu werden.<\/p>\n<p><span style=\"color: #28d4ff;\">AWARE Fischidentifikations-Ausbildungstauchgang #1<\/span><\/p>\n<p>Dies wird ein entspannter Tauchgang rund um das<a href=\"https:\/\/www.blackturtledive.com\/conservation\/marine-conservation-courses\/coral-reef-conservation-diver\/\"> Korallenriff<\/a> sein. Sie werden Ihre Fisch-Tafeln sowie eine leere Tafel dabei haben, um Notizen zu machen.<\/p>\n<p>Ihr Ausbilder wird eine Unterwasserkamera mitbringen, um die Fische, die wir sehen, festzuhalten. Wir k\u00f6nnen uns nach dem Tauchgang die echten Bilder anschauen und dar\u00fcber diskutieren.<\/p>\n<p>Sie werden die Fische identifizieren, die Sie sehen, und sie in die entsprechenden Familiengruppen einordnen sowie spezifische Arten identifizieren.<\/p>\n<p>Ihr Ausbilder wird Sie auch auffordern, zu protokollieren, was Sie sehen, einschlie\u00dflich der Anzahl und zus\u00e4tzlicher Informationen <a href=\"https:\/\/www.blackturtledive.com\/conservation\/marine-conservation-courses\/\">\u00fcber den Lebensraum<\/a>. &nbsp;<\/p>\n<p><span style=\"color: #28d4ff;\">AWARE Fischidentifikations-Ausbildungstauchgang #2<\/span><\/p>\n<p>Der zweite Tauchgang besteht darin, eine Fischumfrage zu planen und durchzuf\u00fchren, die das Aufzeichnen von Fischfamilien, Arten, deren H\u00e4ufigkeit und Lebensrauminformationen umfasst. Nach dem Tauchgang werden Sie Ihre Erkenntnisse mit Ihrem Ausbilder besprechen.<\/p>\n<p>Herzlichen Gl\u00fcckwunsch! Sie sind jetzt ein PADI AWARE Fish Identification Specialist Diver<\/p>\n<p><a class=\"fasc-button fasc-size-large fasc-type-flat\" style=\"background-color: #33809e; color: #ffffff;\" href=\"https:\/\/www.blackturtledive.com\/diving-course-prices\/\">JETZT BUCHEN<\/a>[\/vc_column_text][\/vc_column][\/vc_row][vc_row][vc_column]<div class=\"section-wrap\"><h3 class=\"section-title\">H\u00e4ufig gestellte Fragen<\/h3><div class=\"faq-wrapper\"><div class=\"accordion-panel active\">\n                    <div class=\"panel-heading\">    \n                        <h3 class=\"panel-title\">\n                            Was lernen Sie im PADI Fish Identification Specialty Kurs?\n                        <\/h3>\n                    <\/div>\n                    <div class=\"panel-detail\">\n                        <p>Sie lernen verschiedene Fischgruppen und deren Hauptmerkmale kennen.<\/p>\n<p>Sie lernen, Fische zu identifizieren, indem Sie sie in ihre entsprechenden Familiengruppen einordnen.<\/p>\n<p>W\u00e4hrend Ihrer Tauchg\u00e4nge werden Sie Sichtungen auf einer Tafel festhalten und die h\u00e4ufigsten Praktiken und Techniken zur Identifizierung von Fischen und zur Durchf\u00fchrung von Fischumfragen \u00fcberpr\u00fcfen.<\/p>\n\n                    <\/div>\n                <\/div><div class=\"accordion-panel \">\n                    <div class=\"panel-heading\">    \n                        <h3 class=\"panel-title\">\n                            Wie lange dauert der Fish Identification Specialty Kurs in Koh Tao?\n                        <\/h3>\n                    <\/div>\n                    <div class=\"panel-detail\">\n                        <p>Der Fish Identification Specialty Kurs dauert einen Tag in Koh Tao.<\/p>\n<p>Sie treffen Ihren Tauchlehrer am Morgen, um den theoretischen Teil des Kurses zu \u00fcberpr\u00fcfen.<\/p>\n<p>Am Nachmittag gehen Sie mit dem Tauchboot hinaus, um das Gelernte in die Praxis umzusetzen.<\/p>\n<p>Typischerweise besuchen Sie 2 verschiedene Tauchpl\u00e4tze rund um Koh Tao.<\/p>\n\n                    <\/div>\n                <\/div><div class=\"accordion-panel \">\n                    <div class=\"panel-heading\">    \n                        <h3 class=\"panel-title\">\n                            Was kostet der Fish Identification Specialty Kurs in Koh Tao?\n                        <\/h3>\n                    <\/div>\n                    <div class=\"panel-detail\">\n                        <p>Die Kosten f\u00fcr den PADI Fish Identification Specialty betragen 5.000 THB (2 Tauchg\u00e4nge) oder 3.500 THB (1 Tauchgang).<\/p>\n<p>In diesem Preis sind alle Kursmaterialien, die Miete der Ausr\u00fcstung (einschlie\u00dflich Tauchcomputer), die Geb\u00fchren f\u00fcr den Instructor, Bootstrips und die Versicherung enthalten.<\/p>\n<p>Essen und Unterkunft sind nicht inbegriffen.<\/p>\n<p>Sie k\u00f6nnen uns jedoch kontaktieren, um Informationen \u00fcber Unterkunftsm\u00f6glichkeiten zu erhalten. Wir haben klimatisierte Zimmer zu erm\u00e4\u00dfigten Preisen, wenn Sie einen Tauchkurs bei uns belegen.<\/p>\n<p>Ehemalige Studenten genie\u00dfen einen Rabatt von 10 % auf den Kurspreis.<\/p>\n\n                    <\/div>\n                <\/div><div class=\"accordion-panel \">\n                    <div class=\"panel-heading\">    \n                        <h3 class=\"panel-title\">\n                            Wie viele Tauchg\u00e4nge umfasst der Fish Identification Specialty Kurs in Koh Tao?\n                        <\/h3>\n                    <\/div>\n                    <div class=\"panel-detail\">\n                        <p>Der PADI Fish Identification Specialty Kurs besteht aus 2 Open Water Tauchg\u00e4ngen.<\/p>\n<p>Wenn Sie den Fish Identification Adventure Tauchgang als Teil des PADI Advanced Open Water Kurses abgeschlossen haben, wird dieser Tauchgang auf die Spezialzertifizierung angerechnet, und Sie m\u00fcssen nur noch 1 weiteren Tauchgang absolvieren, um zertifizierter Fish ID Specialty Diver zu werden.<\/p>\n<p>In diesem Fall betr\u00e4gt der Preis f\u00fcr den Fish ID Spezialkurs 3.500 THB statt 5.000 THB.<\/p>\n\n                    <\/div>\n                <\/div><div class=\"accordion-panel \">\n                    <div class=\"panel-heading\">    \n                        <h3 class=\"panel-title\">\n                            Erhalte ich ein Zertifikat f\u00fcr den PADI Fish Identification Specialty Kurs?\n                        <\/h3>\n                    <\/div>\n                    <div class=\"panel-detail\">\n                        <p>Nach Abschluss des Kurses erhalten Sie die Fish Identification Specialty Diver Zertifizierung.<\/p>\n<p>Diese Zertifizierung z\u00e4hlt auf das PADI Master Scuba Diver Rating, das h\u00f6chste Zertifikat und den schwarzen G\u00fcrtel im Freizeittauchen.<\/p>\n<p>Sie m\u00fcssen ein zertifizierter (Junior) Open Water Taucher sein und mindestens 10 Jahre alt sein, um sich f\u00fcr den Spezialkurs anzumelden.<\/p>\n\n                    <\/div>\n                <\/div><\/div>\n                <\/div>[\/vc_column][\/vc_row]<\/p>\n<\/div>","protected":false},"excerpt":{"rendered":"<p>Der PADI AWARE Spezialkurs \u201eFischbestimmung\u201c auf Koh Tao lehrt Sie, Fische, ihre Merkmale und die Familien, zu denen sie geh\u00f6ren, zu erkennen und wird so zum beliebten Taucher, der auf Nachfrage die verschiedenen Arten kennt.<\/p>\n","protected":false},"author":2,"featured_media":17958,"parent":18723,"menu_order":0,"comment_status":"closed","ping_status":"closed","template":"","meta":{"_acf_changed":false,"footnotes":""},"class_list":["post-18714","page","type-page","status-publish","has-post-thumbnail","hentry"],"acf":[],"yoast_head":"<!-- This site is optimized with the Yoast SEO Premium plugin v27.6 (Yoast SEO v27.6) - https:\/\/yoast.com\/product\/yoast-seo-premium-wordpress\/ -->\n<title>PADI Fischbestimmungs Spezialk urs Koh Tao | Black Turtle<\/title>\n<meta name=\"description\" content=\"Der PADI AWARE Spezialkurs zur Fischbestimmung auf Koh Tao lehrt Sie, Fische, ihre Merkmale und die Familien, zu denen sie geh\u00f6ren, zu erkennen.\" \/>\n<meta name=\"robots\" content=\"index, follow, max-snippet:-1, max-image-preview:large, max-video-preview:-1\" \/>\n<link rel=\"canonical\" href=\"https:\/\/www.blackturtledive.com\/de\/padi-specialty-courses\/fish-identification\/\" \/>\n<meta property=\"og:locale\" content=\"de_DE\" \/>\n<meta property=\"og:type\" content=\"article\" \/>\n<meta property=\"og:title\" content=\"PADI AWARE Fish Identification Specialty Course Koh Tao\" \/>\n<meta property=\"og:description\" content=\"PADI AWARE Fish Identification specialty course on Koh Tao will teach you how to recognise Fish, their characteristics and the families they belong to\" \/>\n<meta property=\"og:url\" content=\"https:\/\/www.blackturtledive.com\/de\/padi-specialty-courses\/fish-identification\/\" \/>\n<meta property=\"og:site_name\" content=\"Black Turtle Dive Koh Tao\" \/>\n<meta property=\"article:publisher\" content=\"https:\/\/www.facebook.com\/blackturtledive\" \/>\n<meta property=\"article:modified_time\" content=\"2026-05-06T10:42:52+00:00\" \/>\n<meta property=\"og:image\" content=\"https:\/\/www.blackturtledive.com\/wp-content\/uploads\/2020\/11\/blackturtledive.com-best-padi-divemaster-course-koh-tao.jpg\" \/>\n\t<meta property=\"og:image:width\" content=\"1200\" \/>\n\t<meta property=\"og:image:height\" content=\"800\" \/>\n\t<meta property=\"og:image:type\" content=\"image\/jpeg\" \/>\n<meta name=\"twitter:card\" content=\"summary_large_image\" \/>\n<meta name=\"twitter:title\" content=\"PADI AWARE Fish Identification Specialty Course Koh Tao\" \/>\n<meta name=\"twitter:description\" content=\"PADI AWARE Fish Identification specialty course on Koh Tao will teach you how to recognise Fish, their characteristics and the families they belong to\" \/>\n<meta name=\"twitter:image\" content=\"https:\/\/www.blackturtledive.com\/wp-content\/uploads\/2020\/11\/blackturtledive.com-best-padi-divemaster-course-koh-tao.jpg\" \/>\n<meta name=\"twitter:site\" content=\"@blackturtledive\" \/>\n<meta name=\"twitter:label1\" content=\"Gesch\u00e4tzte Lesezeit\" \/>\n\t<meta name=\"twitter:data1\" content=\"6\u00a0Minuten\" \/>\n<!-- \/ Yoast SEO Premium plugin. -->","yoast_head_json":{"title":"PADI Fischbestimmungs Spezialk urs Koh Tao | Black Turtle","description":"Der PADI AWARE Spezialkurs zur Fischbestimmung auf Koh Tao lehrt Sie, Fische, ihre Merkmale und die Familien, zu denen sie geh\u00f6ren, zu erkennen.","robots":{"index":"index","follow":"follow","max-snippet":"max-snippet:-1","max-image-preview":"max-image-preview:large","max-video-preview":"max-video-preview:-1"},"canonical":"https:\/\/www.blackturtledive.com\/de\/padi-specialty-courses\/fish-identification\/","og_locale":"de_DE","og_type":"article","og_title":"PADI AWARE Fish Identification Specialty Course Koh Tao","og_description":"PADI AWARE Fish Identification specialty course on Koh Tao will teach you how to recognise Fish, their characteristics and the families they belong to","og_url":"https:\/\/www.blackturtledive.com\/de\/padi-specialty-courses\/fish-identification\/","og_site_name":"Black Turtle Dive Koh Tao","article_publisher":"https:\/\/www.facebook.com\/blackturtledive","article_modified_time":"2026-05-06T10:42:52+00:00","og_image":[{"width":1200,"height":800,"url":"https:\/\/www.blackturtledive.com\/wp-content\/uploads\/2020\/11\/blackturtledive.com-best-padi-divemaster-course-koh-tao.jpg","type":"image\/jpeg"}],"twitter_card":"summary_large_image","twitter_title":"PADI AWARE Fish Identification Specialty Course Koh Tao","twitter_description":"PADI AWARE Fish Identification specialty course on Koh Tao will teach you how to recognise Fish, their characteristics and the families they belong to","twitter_image":"https:\/\/www.blackturtledive.com\/wp-content\/uploads\/2020\/11\/blackturtledive.com-best-padi-divemaster-course-koh-tao.jpg","twitter_site":"@blackturtledive","twitter_misc":{"Gesch\u00e4tzte Lesezeit":"6\u00a0Minuten"},"schema":{"@context":"https:\/\/schema.org","@graph":[{"@type":"WebPage","@id":"https:\/\/www.blackturtledive.com\/de\/padi-specialty-courses\/fish-identification\/","url":"https:\/\/www.blackturtledive.com\/de\/padi-specialty-courses\/fish-identification\/","name":"PADI Fischbestimmungs Spezialk urs Koh Tao | Black Turtle","isPartOf":{"@id":"https:\/\/www.blackturtledive.com\/de\/#website"},"primaryImageOfPage":{"@id":"https:\/\/www.blackturtledive.com\/de\/padi-specialty-courses\/fish-identification\/#primaryimage"},"image":{"@id":"https:\/\/www.blackturtledive.com\/de\/padi-specialty-courses\/fish-identification\/#primaryimage"},"thumbnailUrl":"https:\/\/www.blackturtledive.com\/wp-content\/uploads\/2020\/11\/blackturtledive.com-aware-fish-identification-specialty-course-koh-tao.jpg","datePublished":"2020-09-19T14:43:18+00:00","dateModified":"2026-05-06T10:42:52+00:00","description":"Der PADI AWARE Spezialkurs zur Fischbestimmung auf Koh Tao lehrt Sie, Fische, ihre Merkmale und die Familien, zu denen sie geh\u00f6ren, zu erkennen.","breadcrumb":{"@id":"https:\/\/www.blackturtledive.com\/de\/padi-specialty-courses\/fish-identification\/#breadcrumb"},"inLanguage":"de","potentialAction":[{"@type":"ReadAction","target":["https:\/\/www.blackturtledive.com\/de\/padi-specialty-courses\/fish-identification\/"]}]},{"@type":"ImageObject","inLanguage":"de","@id":"https:\/\/www.blackturtledive.com\/de\/padi-specialty-courses\/fish-identification\/#primaryimage","url":"https:\/\/www.blackturtledive.com\/wp-content\/uploads\/2020\/11\/blackturtledive.com-aware-fish-identification-specialty-course-koh-tao.jpg","contentUrl":"https:\/\/www.blackturtledive.com\/wp-content\/uploads\/2020\/11\/blackturtledive.com-aware-fish-identification-specialty-course-koh-tao.jpg","width":1100,"height":733,"caption":"AWARE Fish Identification Specialty course Koh Tao"},{"@type":"BreadcrumbList","@id":"https:\/\/www.blackturtledive.com\/de\/padi-specialty-courses\/fish-identification\/#breadcrumb","itemListElement":[{"@type":"ListItem","position":1,"name":"Home","item":"https:\/\/www.blackturtledive.com\/de\/"},{"@type":"ListItem","position":2,"name":"Spezialkurse","item":"https:\/\/www.blackturtledive.com\/de\/padi-specialty-courses\/"},{"@type":"ListItem","position":3,"name":"Fischbestimmung"}]},{"@type":"WebSite","@id":"https:\/\/www.blackturtledive.com\/de\/#website","url":"https:\/\/www.blackturtledive.com\/de\/","name":"Black Turtle Dive Koh Tao","description":"Ocean Explorers | Marine Protectors","publisher":{"@id":"https:\/\/www.blackturtledive.com\/de\/#organization"},"alternateName":"Black Turtle Dive in Thailand","potentialAction":[{"@type":"SearchAction","target":{"@type":"EntryPoint","urlTemplate":"https:\/\/www.blackturtledive.com\/de\/?s={search_term_string}"},"query-input":{"@type":"PropertyValueSpecification","valueRequired":true,"valueName":"search_term_string"}}],"inLanguage":"de"},{"@type":"Organization","@id":"https:\/\/www.blackturtledive.com\/de\/#organization","name":"Black Turtle Dive Koh Tao","alternateName":"Black Turtle Dive","url":"https:\/\/www.blackturtledive.com\/de\/","logo":{"@type":"ImageObject","inLanguage":"de","@id":"https:\/\/www.blackturtledive.com\/de\/#\/schema\/logo\/image\/","url":"https:\/\/www.blackturtledive.com\/wp-content\/uploads\/2020\/11\/cropped-blackturtledive.com-brand-logo.png","contentUrl":"https:\/\/www.blackturtledive.com\/wp-content\/uploads\/2020\/11\/cropped-blackturtledive.com-brand-logo.png","width":400,"height":400,"caption":"Black Turtle Dive Koh Tao"},"image":{"@id":"https:\/\/www.blackturtledive.com\/de\/#\/schema\/logo\/image\/"},"sameAs":["https:\/\/www.facebook.com\/blackturtledive","https:\/\/x.com\/blackturtledive","https:\/\/www.instagram.com\/blackturtledive\/","https:\/\/www.youtube.com\/blackturtledive","https:\/\/www.linkedin.com\/company\/blackturtledive\/","https:\/\/www.tumblr.com\/blackturtledive","https:\/\/www.pinterest.com\/blackturtledive\/","https:\/\/www.tiktok.com\/@blackturtledive","https:\/\/www.reddit.com\/user\/blackturtledive\/"],"description":"Black Turtle Dive is a modern and innovative 5 Star Career Development Scuba Diving Center, passionate about the ocean and through training we want to empower you to become a competent and confident scuba diver. Our diving courses equip you with the skills, knowledge and awareness necessary to explore the ocean safely, whilst becoming a passionate advocate and protector of the marine environment. If you have never dived before or are a certified diver and want to develop your skills further, our tailored, bespoke courses and programs will inspire you to become an Ocean advocate. Our scientific based Marine Conservation Internships and training programs, offer aspiring scuba divers and marine conservationists, the best marine conservation internships on Koh Tao. We currently offer students six levels of Marine Conservation Internships at our beachside location on Koh Tao in Thailand. Check out our website for more information.","email":"info@blackturtledive.com","telephone":"089 592 2134","legalName":"Black Turtle Dive Co Ltd","foundingDate":"2020-01-01","publishingPrinciples":"https:\/\/www.blackturtledive.com\/terms\/","ownershipFundingInfo":"https:\/\/www.blackturtledive.com\/terms\/","actionableFeedbackPolicy":"https:\/\/www.blackturtledive.com\/privacy-policy\/","correctionsPolicy":"https:\/\/www.blackturtledive.com\/privacy-policy\/","ethicsPolicy":"https:\/\/www.blackturtledive.com\/privacy-policy\/","diversityPolicy":"https:\/\/www.blackturtledive.com\/privacy-policy\/"}]}},"_links":{"self":[{"href":"https:\/\/www.blackturtledive.com\/de\/wp-json\/wp\/v2\/pages\/18714","targetHints":{"allow":["GET"]}}],"collection":[{"href":"https:\/\/www.blackturtledive.com\/de\/wp-json\/wp\/v2\/pages"}],"about":[{"href":"https:\/\/www.blackturtledive.com\/de\/wp-json\/wp\/v2\/types\/page"}],"author":[{"embeddable":true,"href":"https:\/\/www.blackturtledive.com\/de\/wp-json\/wp\/v2\/users\/2"}],"replies":[{"embeddable":true,"href":"https:\/\/www.blackturtledive.com\/de\/wp-json\/wp\/v2\/comments?post=18714"}],"version-history":[{"count":4,"href":"https:\/\/www.blackturtledive.com\/de\/wp-json\/wp\/v2\/pages\/18714\/revisions"}],"predecessor-version":[{"id":71506,"href":"https:\/\/www.blackturtledive.com\/de\/wp-json\/wp\/v2\/pages\/18714\/revisions\/71506"}],"up":[{"embeddable":true,"href":"https:\/\/www.blackturtledive.com\/de\/wp-json\/wp\/v2\/pages\/18723"}],"wp:featuredmedia":[{"embeddable":true,"href":"https:\/\/www.blackturtledive.com\/de\/wp-json\/wp\/v2\/media\/17958"}],"wp:attachment":[{"href":"https:\/\/www.blackturtledive.com\/de\/wp-json\/wp\/v2\/media?parent=18714"}],"curies":[{"name":"wp","href":"https:\/\/api.w.org\/{rel}","templated":true}]}}