{"id":18724,"date":"2020-09-19T21:32:50","date_gmt":"2020-09-19T14:32:50","guid":{"rendered":"https:\/\/www.blackturtledive.com\/swimming-koh-tao\/"},"modified":"2026-05-05T21:25:47","modified_gmt":"2026-05-05T14:25:47","slug":"swimming-koh-tao","status":"publish","type":"page","link":"https:\/\/www.blackturtledive.com\/de\/experience-programs\/swimming-koh-tao\/","title":{"rendered":"Schwimmen Koh Tao"},"content":{"rendered":"<div class=\"wpb-content-wrapper\"><p>[vc_row][vc_column][vc_column_text css=&#8220;&#8220;]<\/p>\n<h3><span style=\"color: #28d4ff;\">Koh Tao Schwimmkurse und Schwimmunterricht<\/span><\/h3>\n<p>Die einzige akkreditierte Schwimmschule auf <a href=\"https:\/\/www.blackturtledive.com\/koh-tao\/\">Koh Tao<\/a> bietet Schwimmunterricht und Kurse f\u00fcr alle Niveaus und F\u00e4higkeiten an.<\/p>\n<p>Schwimmunterricht richtet sich an absolute Anf\u00e4nger, die schwimmen lernen m\u00f6chten, bis hin zu ge\u00fcbten Schwimmern, die die Grundlagen beherrschen, aber ihre Technik verbessern wollen.<\/p>\n<figure id=\"attachment_1192\" aria-describedby=\"caption-attachment-1192\" style=\"width: 1100px\" class=\"wp-caption alignnone\"><img decoding=\"async\" class=\"size-full wp-image-1192\" src=\"https:\/\/www.blackturtledive.com\/wp-content\/uploads\/2020\/11\/blackturtledive.com-swimming-lessons-koh-tao.jpg\" alt=\"Schwimmunterricht auf Koh Tao oder Verbesserung Ihrer Schwimmf\u00e4higkeiten\" width=\"1100\" height=\"733\" srcset=\"https:\/\/www.blackturtledive.com\/wp-content\/uploads\/2020\/11\/blackturtledive.com-swimming-lessons-koh-tao.jpg 1100w, https:\/\/www.blackturtledive.com\/wp-content\/uploads\/2020\/11\/blackturtledive.com-swimming-lessons-koh-tao-300x200.jpg 300w, https:\/\/www.blackturtledive.com\/wp-content\/uploads\/2020\/11\/blackturtledive.com-swimming-lessons-koh-tao-1024x682.jpg 1024w, https:\/\/www.blackturtledive.com\/wp-content\/uploads\/2020\/11\/blackturtledive.com-swimming-lessons-koh-tao-768x512.jpg 768w, https:\/\/www.blackturtledive.com\/wp-content\/uploads\/2020\/11\/blackturtledive.com-swimming-lessons-koh-tao-150x100.jpg 150w, https:\/\/www.blackturtledive.com\/wp-content\/uploads\/2020\/11\/blackturtledive.com-swimming-lessons-koh-tao-450x300.jpg 450w\" sizes=\"(max-width: 1100px) 100vw, 1100px\" \/><figcaption id=\"caption-attachment-1192\" class=\"wp-caption-text\">Schwimmunterricht auf Koh Tao oder Verbesserung Ihrer Schwimmf\u00e4higkeiten<\/figcaption><\/figure>\n<h3>Bestehen des Schwimmtests im PADI Open Water Kurs<\/h3>\n<p>Der weltweit beliebteste Tauchkurs ist der <a href=\"https:\/\/www.blackturtledive.com\/padi-diving-courses\/open-water-course\/\">PADI Open Water Diver<\/a>, in dem die Teilnehmer einen Schwimmtest bestehen m\u00fcssen.<\/p>\n<p>F\u00fcr manche angehenden Taucher ist dies eine Sorge, da sie glauben, nicht stark genug zu sein, um <span style=\"color: #28d4ff;\">200 Meter zu schwimmen<\/span> oder <span style=\"color: #28d4ff;\">10 Minuten zu treiben<\/span>.<\/p>\n<p>Unsere Schwimmkurse bringen Sie in 2\u20133 fokussierten Einheiten dazu, den Schwimmtest zu bestehen. Ziel ist, Ihr Selbstvertrauen im Wasser zu st\u00e4rken, damit Sie ein <a href=\"https:\/\/www.blackturtledive.com\/fun-diving-koh-tao\/\">zertifizierter Taucher<\/a> werden k\u00f6nnen.<\/p>\n<h3><span style=\"color: #28d4ff;\">Verbesserung der Schwimmtechnik<\/span><\/h3>\n<p>Wir begr\u00fc\u00dfen auch leistungsstarke Schwimmer, die ihre Technik verbessern und effizienter schwimmen wollen.<\/p>\n<p>Alle Trainingseinheiten werden individuell angepasst; Privatstunden sind auf Anfrage verf\u00fcgbar. Sicherheit, Spa\u00df und Komfort haben Priorit\u00e4t.<\/p>\n<p><a href=\"https:\/\/www.blackturtledive.com\/blog\/how-to-get-your-kids-and-family-into-scuba-diving\/\">Kinderkurse<\/a> sind aufgrund der gro\u00dfen Nachfrage regelm\u00e4\u00dfig geplant. Die Kurse richten sich nach Alter und K\u00f6nnen des Kindes; verschiedene Pakete sind verf\u00fcgbar.<\/p>\n<figure id=\"attachment_2964\" aria-describedby=\"caption-attachment-2964\" style=\"width: 1000px\" class=\"wp-caption alignnone\"><img decoding=\"async\" class=\"size-full wp-image-2964\" src=\"https:\/\/www.blackturtledive.com\/wp-content\/uploads\/2020\/12\/blackturtledive.com-swimming-lessons-koh-tao-thailand.jpg\" alt=\"Schwimmen lernen auf Koh Tao\" width=\"1000\" height=\"667\" srcset=\"https:\/\/www.blackturtledive.com\/wp-content\/uploads\/2020\/12\/blackturtledive.com-swimming-lessons-koh-tao-thailand.jpg 1000w, https:\/\/www.blackturtledive.com\/wp-content\/uploads\/2020\/12\/blackturtledive.com-swimming-lessons-koh-tao-thailand-300x200.jpg 300w, https:\/\/www.blackturtledive.com\/wp-content\/uploads\/2020\/12\/blackturtledive.com-swimming-lessons-koh-tao-thailand-768x512.jpg 768w, https:\/\/www.blackturtledive.com\/wp-content\/uploads\/2020\/12\/blackturtledive.com-swimming-lessons-koh-tao-thailand-150x100.jpg 150w\" sizes=\"(max-width: 1000px) 100vw, 1000px\" \/><figcaption id=\"caption-attachment-2964\" class=\"wp-caption-text\">Schwimmen lernen auf Koh Tao<\/figcaption><\/figure>\n<h3>Schwimmkurse f\u00fcr Kinder auf Koh Tao<\/h3>\n<p>F\u00fcr Kunden, die lernen m\u00f6chten, anderen das Schwimmen beizubringen, bieten wir ein anerkanntes <span style=\"color: #28d4ff;\">Swim-Teacher-Programm<\/span> an.<\/p>\n<p>Das Programm umfasst zwei Stufen (Level 1 &amp; Level 2) des Swim-Teacher-Kurses und vermittelt die Techniken, um anderen das Schwimmen beizubringen.<\/p>\n<p>Als lehrreiche und lohnende <a href=\"https:\/\/www.blackturtledive.com\/experience-programs\/\">Ausbildung<\/a> erhalten Sie eine Zertifizierung als Schwimmlehrer sowie praktische Erfahrung und Werkzeuge, um eine neue Karriere zu starten.<\/p>\n<h3><span style=\"color: #28d4ff;\">Schwimmen ist eine beliebte Aktivit\u00e4t auf Koh Tao<\/span><\/h3>\n<p>Koh Tao ist eine Insel im warmen Tropenmeer; Schwimmen, <a href=\"https:\/\/www.blackturtledive.com\/experience-programs\/snorkel-koh-tao\/\">Schnorcheln<\/a> und <a href=\"https:\/\/www.blackturtledive.com\/experience-programs\/padi-discover-scuba-diving\/\">Tauchen<\/a> sind t\u00e4glich die beliebtesten <a href=\"https:\/\/www.blackturtledive.com\/koh-tao\/activities-things-to-do\/\">Aktivit\u00e4ten<\/a>.<\/p>\n<p>Fast alle <a href=\"https:\/\/www.blackturtledive.com\/padi-diving-courses\/\">PADI-Tauchkurse<\/a> setzen unterschiedliche Schwimmf\u00e4higkeiten voraus, darunter der <a href=\"https:\/\/www.blackturtledive.com\/padi-diving-courses\/rescue-diver-course\/\">PADI Rescue Diver<\/a>, das <a href=\"https:\/\/www.blackturtledive.com\/padi-pro-level\/divemaster-course\/\">Divemaster-Programm<\/a> und unsere <a href=\"https:\/\/www.blackturtledive.com\/scuba-diving-internship\/diving-instructor-internship\/\">Tauchlehrer-Praktika<\/a>.<\/p>\n<figure id=\"attachment_1146\" aria-describedby=\"caption-attachment-1146\" style=\"width: 1500px\" class=\"wp-caption alignnone\"><img decoding=\"async\" class=\"size-full wp-image-1146\" src=\"https:\/\/www.blackturtledive.com\/wp-content\/uploads\/2020\/11\/blackturtledive.com-experience-programs-on-koh-tao-for-all-ages.jpg\" alt=\"Schnorchel-, Schwimm- oder Taucherlebnis-Programme Koh Tao\" width=\"1500\" height=\"500\" srcset=\"https:\/\/www.blackturtledive.com\/wp-content\/uploads\/2020\/11\/blackturtledive.com-experience-programs-on-koh-tao-for-all-ages.jpg 1500w, https:\/\/www.blackturtledive.com\/wp-content\/uploads\/2020\/11\/blackturtledive.com-experience-programs-on-koh-tao-for-all-ages-300x100.jpg 300w, https:\/\/www.blackturtledive.com\/wp-content\/uploads\/2020\/11\/blackturtledive.com-experience-programs-on-koh-tao-for-all-ages-1024x341.jpg 1024w, https:\/\/www.blackturtledive.com\/wp-content\/uploads\/2020\/11\/blackturtledive.com-experience-programs-on-koh-tao-for-all-ages-768x256.jpg 768w, https:\/\/www.blackturtledive.com\/wp-content\/uploads\/2020\/11\/blackturtledive.com-experience-programs-on-koh-tao-for-all-ages-150x50.jpg 150w, https:\/\/www.blackturtledive.com\/wp-content\/uploads\/2020\/11\/blackturtledive.com-experience-programs-on-koh-tao-for-all-ages-450x150.jpg 450w\" sizes=\"(max-width: 1500px) 100vw, 1500px\" \/><figcaption id=\"caption-attachment-1146\" class=\"wp-caption-text\">Schnorchel-, Schwimm- oder Taucherlebnis-Programme Koh Tao<\/figcaption><\/figure>\n<h3>Schwimmen an den Str\u00e4nden von Koh Tao<\/h3>\n<p>Wenn Sie einige der <a href=\"https:\/\/www.blackturtledive.com\/koh-tao\/beaches\/\">sch\u00f6nen Str\u00e4nde<\/a> von Koh Tao besuchen oder einen Tages-Schnorchelausflug rund um die Insel machen, verbessert Schwimmf\u00e4higkeit Ihr Erlebnis.<\/p>\n<p>Schwimmen ist nat\u00fcrlich nicht verpflichtend \u2014 Sie k\u00f6nnen auch Strandrestaurants und <a href=\"https:\/\/www.blackturtledive.com\/koh-tao\/food-drink\/\">Caf\u00e9s<\/a> besuchen, etwas trinken und den Tag entspannt verbringen.<\/p>\n<h3><span style=\"color: #28d4ff;\">Schwimmkurse f\u00fcr Anf\u00e4nger auf Koh Tao<\/span><\/h3>\n<p>Wenn Sie nicht schwimmen k\u00f6nnen und es lernen m\u00f6chten, bringen Sie unsere Kurse in wenigen Sitzungen voran, damit Sie Ihre Zeit auf Koh Tao optimal nutzen k\u00f6nnen.<\/p>\n<p>Bitte <a href=\"https:\/\/www.blackturtledive.com\/de\/\">schicken Sie uns eine Nachricht<\/a> mit Ihrem aktuellen Schwimmniveau; wir senden Ihnen <a href=\"https:\/\/www.blackturtledive.com\/contact-us\/\">weitere Informationen<\/a> und helfen beim Start.<\/p>\n<p><a class=\"fasc-button fasc-size-large fasc-type-flat\" style=\"background-color: #33809e; color: #ffffff;\" href=\"https:\/\/www.blackturtledive.com\/contact-us\/\">KONTAKTIEREN SIE UNS<\/a>[\/vc_column_text][\/vc_column][\/vc_row][vc_row][vc_column]<div class=\"section-wrap\"><h3 class=\"section-title\">H\u00e4ufig gestellte Fragen<\/h3><div class=\"faq-wrapper\"><div class=\"accordion-panel active\">\n                    <div class=\"panel-heading\">    \n                        <h3 class=\"panel-title\">\n                            Ist es sicher, im Meer auf Koh Tao zu schwimmen?\n                        <\/h3>\n                    <\/div>\n                    <div class=\"panel-detail\">\n                        <p>Ja, es ist sicher, direkt von den Str\u00e4nden in Koh Tao im Ozean zu schwimmen. Sie k\u00f6nnen von den meisten Str\u00e4nden in Koh Tao ins Wasser gehen, um zu schwimmen. Das warme tropische Wasser macht es zu einem spa\u00dfigen und angenehmen Erlebnis.<\/p>\n<p>Der Meeresboden hat einen sehr sanften Hang, sodass es selbst f\u00fcr Kinder nicht zu schnell zu tief wird. Es gibt keine gef\u00e4hrlichen Tiere im Wasser, \u00fcber die Sie sich Sorgen machen m\u00fcssen.<\/p>\n<p>Wie \u00fcberall auf der Welt ist es immer am besten, sich vorher zu erkundigen, bevor man ins Wasser geht, und immer vorsichtig auf den F\u00fc\u00dfen zu sein.<\/p>\n\n                    <\/div>\n                <\/div><div class=\"accordion-panel \">\n                    <div class=\"panel-heading\">    \n                        <h3 class=\"panel-title\">\n                            Gibt es Haie im Meer rund um Koh Tao?\n                        <\/h3>\n                    <\/div>\n                    <div class=\"panel-detail\">\n                        <p>Schwarzspitzenriffhaie sind h\u00e4ufig in den K\u00fcstenbereichen rund um Koh Tao anzutreffen, sind aber harmlos f\u00fcr Menschen.<\/p>\n<p>Die flachen Riffe dienen als Kinderstuben f\u00fcr die jungen Schwarzspitzenriffhaie, und sie k\u00f6nnen beim Schnorcheln in einigen der Buchten rund um Koh Tao beobachtet werden.<\/p>\n<p>Es besteht kein Grund zur Sorge, im Meer zu schwimmen, da sie mehr Angst vor uns haben, als wir vor ihnen haben m\u00fcssen.<\/p>\n<p>Unser Rat ist immer, keine Meerestiere zu ber\u00fchren, zu jagen oder zu bel\u00e4stigen.<\/p>\n\n                    <\/div>\n                <\/div><div class=\"accordion-panel \">\n                    <div class=\"panel-heading\">    \n                        <h3 class=\"panel-title\">\n                            Kann ich Schwimmunterricht auf Koh Tao nehmen?\n                        <\/h3>\n                    <\/div>\n                    <div class=\"panel-detail\">\n                        <p>Wenn Sie nicht schwimmen k\u00f6nnen oder Ihre F\u00e4higkeiten verbessern m\u00f6chten, k\u00f6nnen Sie direkt bei Splashdance &#8217;n Swim auf Koh Tao Schwimmunterricht nehmen.<\/p>\n<p>Die Unterrichtseinheiten mit ihren professionellen Schwimmtrainern sind sehr beliebt bei Menschen, die ihre Tauchzertifizierung erwerben m\u00f6chten.<\/p>\n<p>Um PADI Open Water zertifiziert zu werden, sind grundlegende Schwimmf\u00e4higkeiten erforderlich, und Splashdance &#8217;n Swim kann Ihnen dabei helfen, wenn Sie kein sicherer Schwimmer sind.<\/p>\n<p>Senden Sie uns eine Nachricht, wenn Sie mehr erfahren m\u00f6chten.<\/p>\n\n                    <\/div>\n                <\/div><div class=\"accordion-panel \">\n                    <div class=\"panel-heading\">    \n                        <h3 class=\"panel-title\">\n                            Gibt es viel Bootverkehr im Meer rund um Koh Tao?\n                        <\/h3>\n                    <\/div>\n                    <div class=\"panel-detail\">\n                        <p>Die meisten Str\u00e4nde eignen sich hervorragend f\u00fcr das Schwimmen direkt vom Strand aus, und es gibt keinen Grund zur Sorge wegen Bootverkehr.<\/p>\n<p>Mae Haad ist der Ort, an dem die Passagierf\u00e4hren ankommen, aber es wurden ausgewiesene Piers gebaut, an denen die Boote anlegen k\u00f6nnen.<\/p>\n<p>Vor den verschiedenen Str\u00e4nden sieht man die typischen thail\u00e4ndischen Longtail-Boote und die Bootsfahrer, die Shuttle-Services oder Ausfl\u00fcge f\u00fcr die Kunden vom Strand aus anbieten.<\/p>\n\n                    <\/div>\n                <\/div><div class=\"accordion-panel \">\n                    <div class=\"panel-heading\">    \n                        <h3 class=\"panel-title\">\n                            Ist das Wasser sauber und sicher zum Schwimmen rund um Koh Tao?\n                        <\/h3>\n                    <\/div>\n                    <div class=\"panel-detail\">\n                        <p>Ja, das Wasser im Meer rund um Koh Tao ist sauber und sicher zum Schwimmen. Die Tatsache, dass Koh Tao von vielen tropischen Korallen und Schw\u00e4mmen umgeben ist, bedeutet, dass das Wasser durch einen nat\u00fcrlichen Prozess gefiltert wird.<\/p>\n<p>Dar\u00fcber hinaus gibt es viele lokale Naturschutzinitiativen, die regelm\u00e4\u00dfige Strandreinigungen, Herausforderungen zum Sammeln von Zigarettenkippen und &#8222;Dive Against Debris&#8220; Aufr\u00e4umtauchg\u00e4nge organisieren.<\/p>\n\n                    <\/div>\n                <\/div><\/div>\n                <\/div>[\/vc_column][\/vc_row]<\/p>\n<\/div>","protected":false},"excerpt":{"rendered":"<p>Lerne auf Koh Tao schwimmen mit unseren erfahrenen Schwimmlehrern oder verbessere deine Schwimmf\u00e4higkeiten in unterhaltsamen und abwechslungsreichen Kursen, um die faszinierende Unterwasserwelt und das Meeresleben hautnah zu erleben.<\/p>\n","protected":false},"author":2,"featured_media":17931,"parent":18729,"menu_order":0,"comment_status":"closed","ping_status":"closed","template":"","meta":{"_acf_changed":false,"footnotes":""},"class_list":["post-18724","page","type-page","status-publish","has-post-thumbnail","hentry"],"acf":[],"yoast_head":"<!-- This site is optimized with the Yoast SEO Premium plugin v27.6 (Yoast SEO v27.6) - https:\/\/yoast.com\/product\/yoast-seo-premium-wordpress\/ -->\n<title>Schwimmkurse Koh Tao | Black Tutrle Dive<\/title>\n<meta name=\"description\" content=\"Lernen Sie auf Koh Tao schwimmen mit unseren erfahrenen Schwimmlehrern oder verbessern Sie Ihre Schwimmf\u00e4higkeiten in unterhaltsamen und abwechslungsreichen Kursen, um die Meeresfauna zu entdecken.\" \/>\n<meta name=\"robots\" content=\"index, follow, max-snippet:-1, max-image-preview:large, max-video-preview:-1\" \/>\n<link rel=\"canonical\" href=\"https:\/\/www.blackturtledive.com\/de\/experience-programs\/swimming-koh-tao\/\" \/>\n<meta property=\"og:locale\" content=\"de_DE\" \/>\n<meta property=\"og:type\" content=\"article\" \/>\n<meta property=\"og:title\" content=\"Swimming Lessons Koh Tao | Black Turtle Dive\" \/>\n<meta property=\"og:description\" content=\"Learn to swim on Koh Tao with our expert swimming coaches or improve your swimming skills in enjoyable, fun packed sessions so you can see the marine life\" \/>\n<meta property=\"og:url\" content=\"https:\/\/www.blackturtledive.com\/de\/experience-programs\/swimming-koh-tao\/\" \/>\n<meta property=\"og:site_name\" content=\"Black Turtle Dive Koh Tao\" \/>\n<meta property=\"article:publisher\" content=\"https:\/\/www.facebook.com\/blackturtledive\" \/>\n<meta property=\"article:modified_time\" content=\"2026-05-05T14:25:47+00:00\" \/>\n<meta property=\"og:image\" content=\"https:\/\/www.blackturtledive.com\/wp-content\/uploads\/2020\/11\/blackturtledive.com-best-padi-divemaster-course-koh-tao.jpg\" \/>\n\t<meta property=\"og:image:width\" content=\"1200\" \/>\n\t<meta property=\"og:image:height\" content=\"800\" \/>\n\t<meta property=\"og:image:type\" content=\"image\/jpeg\" \/>\n<meta name=\"twitter:card\" content=\"summary_large_image\" \/>\n<meta name=\"twitter:title\" content=\"Swimming Lessons Koh Tao | Black Turtle Dive\" \/>\n<meta name=\"twitter:description\" content=\"Learn to swim on Koh Tao with our expert swimming coaches or improve your swimming skills in enjoyable, fun packed sessions so you can see the marine life\" \/>\n<meta name=\"twitter:image\" content=\"https:\/\/www.blackturtledive.com\/wp-content\/uploads\/2020\/11\/blackturtledive.com-best-padi-divemaster-course-koh-tao.jpg\" \/>\n<meta name=\"twitter:site\" content=\"@blackturtledive\" \/>\n<meta name=\"twitter:label1\" content=\"Gesch\u00e4tzte Lesezeit\" \/>\n\t<meta name=\"twitter:data1\" content=\"5\u00a0Minuten\" \/>\n<!-- \/ Yoast SEO Premium plugin. -->","yoast_head_json":{"title":"Schwimmkurse Koh Tao | Black Tutrle Dive","description":"Lernen Sie auf Koh Tao schwimmen mit unseren erfahrenen Schwimmlehrern oder verbessern Sie Ihre Schwimmf\u00e4higkeiten in unterhaltsamen und abwechslungsreichen Kursen, um die Meeresfauna zu entdecken.","robots":{"index":"index","follow":"follow","max-snippet":"max-snippet:-1","max-image-preview":"max-image-preview:large","max-video-preview":"max-video-preview:-1"},"canonical":"https:\/\/www.blackturtledive.com\/de\/experience-programs\/swimming-koh-tao\/","og_locale":"de_DE","og_type":"article","og_title":"Swimming Lessons Koh Tao | Black Turtle Dive","og_description":"Learn to swim on Koh Tao with our expert swimming coaches or improve your swimming skills in enjoyable, fun packed sessions so you can see the marine life","og_url":"https:\/\/www.blackturtledive.com\/de\/experience-programs\/swimming-koh-tao\/","og_site_name":"Black Turtle Dive Koh Tao","article_publisher":"https:\/\/www.facebook.com\/blackturtledive","article_modified_time":"2026-05-05T14:25:47+00:00","og_image":[{"width":1200,"height":800,"url":"https:\/\/www.blackturtledive.com\/wp-content\/uploads\/2020\/11\/blackturtledive.com-best-padi-divemaster-course-koh-tao.jpg","type":"image\/jpeg"}],"twitter_card":"summary_large_image","twitter_title":"Swimming Lessons Koh Tao | Black Turtle Dive","twitter_description":"Learn to swim on Koh Tao with our expert swimming coaches or improve your swimming skills in enjoyable, fun packed sessions so you can see the marine life","twitter_image":"https:\/\/www.blackturtledive.com\/wp-content\/uploads\/2020\/11\/blackturtledive.com-best-padi-divemaster-course-koh-tao.jpg","twitter_site":"@blackturtledive","twitter_misc":{"Gesch\u00e4tzte Lesezeit":"5\u00a0Minuten"},"schema":{"@context":"https:\/\/schema.org","@graph":[{"@type":"WebPage","@id":"https:\/\/www.blackturtledive.com\/de\/experience-programs\/swimming-koh-tao\/","url":"https:\/\/www.blackturtledive.com\/de\/experience-programs\/swimming-koh-tao\/","name":"Schwimmkurse Koh Tao | Black Tutrle Dive","isPartOf":{"@id":"https:\/\/www.blackturtledive.com\/de\/#website"},"primaryImageOfPage":{"@id":"https:\/\/www.blackturtledive.com\/de\/experience-programs\/swimming-koh-tao\/#primaryimage"},"image":{"@id":"https:\/\/www.blackturtledive.com\/de\/experience-programs\/swimming-koh-tao\/#primaryimage"},"thumbnailUrl":"https:\/\/www.blackturtledive.com\/wp-content\/uploads\/2020\/11\/blackturtledive.com-swimming-lessons-koh-tao.jpg","datePublished":"2020-09-19T14:32:50+00:00","dateModified":"2026-05-05T14:25:47+00:00","description":"Lernen Sie auf Koh Tao schwimmen mit unseren erfahrenen Schwimmlehrern oder verbessern Sie Ihre Schwimmf\u00e4higkeiten in unterhaltsamen und abwechslungsreichen Kursen, um die Meeresfauna zu entdecken.","breadcrumb":{"@id":"https:\/\/www.blackturtledive.com\/de\/experience-programs\/swimming-koh-tao\/#breadcrumb"},"inLanguage":"de","potentialAction":[{"@type":"ReadAction","target":["https:\/\/www.blackturtledive.com\/de\/experience-programs\/swimming-koh-tao\/"]}]},{"@type":"ImageObject","inLanguage":"de","@id":"https:\/\/www.blackturtledive.com\/de\/experience-programs\/swimming-koh-tao\/#primaryimage","url":"https:\/\/www.blackturtledive.com\/wp-content\/uploads\/2020\/11\/blackturtledive.com-swimming-lessons-koh-tao.jpg","contentUrl":"https:\/\/www.blackturtledive.com\/wp-content\/uploads\/2020\/11\/blackturtledive.com-swimming-lessons-koh-tao.jpg","width":1100,"height":733,"caption":"Swimming Lessons on Koh Tao or Improve Your Swimming Skills"},{"@type":"BreadcrumbList","@id":"https:\/\/www.blackturtledive.com\/de\/experience-programs\/swimming-koh-tao\/#breadcrumb","itemListElement":[{"@type":"ListItem","position":1,"name":"Home","item":"https:\/\/www.blackturtledive.com\/de\/"},{"@type":"ListItem","position":2,"name":"Erlebnisprogramme","item":"https:\/\/www.blackturtledive.com\/de\/experience-programs\/"},{"@type":"ListItem","position":3,"name":"Schwimmen Koh Tao"}]},{"@type":"WebSite","@id":"https:\/\/www.blackturtledive.com\/de\/#website","url":"https:\/\/www.blackturtledive.com\/de\/","name":"Black Turtle Dive Koh Tao","description":"Ocean Explorers | Marine Protectors","publisher":{"@id":"https:\/\/www.blackturtledive.com\/de\/#organization"},"alternateName":"Black Turtle Dive in Thailand","potentialAction":[{"@type":"SearchAction","target":{"@type":"EntryPoint","urlTemplate":"https:\/\/www.blackturtledive.com\/de\/?s={search_term_string}"},"query-input":{"@type":"PropertyValueSpecification","valueRequired":true,"valueName":"search_term_string"}}],"inLanguage":"de"},{"@type":"Organization","@id":"https:\/\/www.blackturtledive.com\/de\/#organization","name":"Black Turtle Dive Koh Tao","alternateName":"Black Turtle Dive","url":"https:\/\/www.blackturtledive.com\/de\/","logo":{"@type":"ImageObject","inLanguage":"de","@id":"https:\/\/www.blackturtledive.com\/de\/#\/schema\/logo\/image\/","url":"https:\/\/www.blackturtledive.com\/wp-content\/uploads\/2020\/11\/cropped-blackturtledive.com-brand-logo.png","contentUrl":"https:\/\/www.blackturtledive.com\/wp-content\/uploads\/2020\/11\/cropped-blackturtledive.com-brand-logo.png","width":400,"height":400,"caption":"Black Turtle Dive Koh Tao"},"image":{"@id":"https:\/\/www.blackturtledive.com\/de\/#\/schema\/logo\/image\/"},"sameAs":["https:\/\/www.facebook.com\/blackturtledive","https:\/\/x.com\/blackturtledive","https:\/\/www.instagram.com\/blackturtledive\/","https:\/\/www.youtube.com\/blackturtledive","https:\/\/www.linkedin.com\/company\/blackturtledive\/","https:\/\/www.tumblr.com\/blackturtledive","https:\/\/www.pinterest.com\/blackturtledive\/","https:\/\/www.tiktok.com\/@blackturtledive","https:\/\/www.reddit.com\/user\/blackturtledive\/"],"description":"Black Turtle Dive is a modern and innovative 5 Star Career Development Scuba Diving Center, passionate about the ocean and through training we want to empower you to become a competent and confident scuba diver. Our diving courses equip you with the skills, knowledge and awareness necessary to explore the ocean safely, whilst becoming a passionate advocate and protector of the marine environment. If you have never dived before or are a certified diver and want to develop your skills further, our tailored, bespoke courses and programs will inspire you to become an Ocean advocate. Our scientific based Marine Conservation Internships and training programs, offer aspiring scuba divers and marine conservationists, the best marine conservation internships on Koh Tao. We currently offer students six levels of Marine Conservation Internships at our beachside location on Koh Tao in Thailand. Check out our website for more information.","email":"info@blackturtledive.com","telephone":"089 592 2134","legalName":"Black Turtle Dive Co Ltd","foundingDate":"2020-01-01","publishingPrinciples":"https:\/\/www.blackturtledive.com\/terms\/","ownershipFundingInfo":"https:\/\/www.blackturtledive.com\/terms\/","actionableFeedbackPolicy":"https:\/\/www.blackturtledive.com\/privacy-policy\/","correctionsPolicy":"https:\/\/www.blackturtledive.com\/privacy-policy\/","ethicsPolicy":"https:\/\/www.blackturtledive.com\/privacy-policy\/","diversityPolicy":"https:\/\/www.blackturtledive.com\/privacy-policy\/"}]}},"_links":{"self":[{"href":"https:\/\/www.blackturtledive.com\/de\/wp-json\/wp\/v2\/pages\/18724","targetHints":{"allow":["GET"]}}],"collection":[{"href":"https:\/\/www.blackturtledive.com\/de\/wp-json\/wp\/v2\/pages"}],"about":[{"href":"https:\/\/www.blackturtledive.com\/de\/wp-json\/wp\/v2\/types\/page"}],"author":[{"embeddable":true,"href":"https:\/\/www.blackturtledive.com\/de\/wp-json\/wp\/v2\/users\/2"}],"replies":[{"embeddable":true,"href":"https:\/\/www.blackturtledive.com\/de\/wp-json\/wp\/v2\/comments?post=18724"}],"version-history":[{"count":3,"href":"https:\/\/www.blackturtledive.com\/de\/wp-json\/wp\/v2\/pages\/18724\/revisions"}],"predecessor-version":[{"id":71095,"href":"https:\/\/www.blackturtledive.com\/de\/wp-json\/wp\/v2\/pages\/18724\/revisions\/71095"}],"up":[{"embeddable":true,"href":"https:\/\/www.blackturtledive.com\/de\/wp-json\/wp\/v2\/pages\/18729"}],"wp:featuredmedia":[{"embeddable":true,"href":"https:\/\/www.blackturtledive.com\/de\/wp-json\/wp\/v2\/media\/17931"}],"wp:attachment":[{"href":"https:\/\/www.blackturtledive.com\/de\/wp-json\/wp\/v2\/media?parent=18724"}],"curies":[{"name":"wp","href":"https:\/\/api.w.org\/{rel}","templated":true}]}}