{"id":18726,"date":"2020-09-19T21:30:09","date_gmt":"2020-09-19T14:30:09","guid":{"rendered":"https:\/\/www.blackturtledive.com\/padi-bubblemaker\/"},"modified":"2026-05-06T03:18:59","modified_gmt":"2026-05-05T20:18:59","slug":"padi-bubblemaker","status":"publish","type":"page","link":"https:\/\/www.blackturtledive.com\/de\/experience-programs\/padi-bubblemaker\/","title":{"rendered":"PADI Bubblemaker"},"content":{"rendered":"<div class=\"wpb-content-wrapper\"><p>[vc_row][vc_column][vc_column_text css=&#8220;&#8220;]PADI Bubblemaker ist ein unterhaltsames Einstiegs-Tauchprogramm, das speziell f\u00fcr Kinder ab 8 Jahren entwickelt wurde und ihnen erm\u00f6glicht, in einer flachen, kontrollierten Umgebung unter Anleitung unter Wasser zu atmen.<\/p>\n<p>Unter direkter Aufsicht eines PADI-Professionals lernen die Kinder den Umgang mit Tauchausr\u00fcstung in Wasser von maximal 2 Metern (6 Fu\u00df) Tiefe, wobei Komfort und grundlegende Unterwasser-Handzeichen im Mittelpunkt stehen.<\/p>\n<p>Diese 1\u20132-st\u00fcndige Try-Dive-Einheit in unserem speziellen Trainingspool ist die perfekte Einf\u00fchrung ins Meer, legt Wert auf Sicherheit und st\u00e4rkt das Selbstvertrauen, bevor Kinder alt genug f\u00fcr PADI Seal Team oder Junior Open Water sind.<\/p>\n<h3><span style=\"color: #28d4ff;\">Taucherlebnisprogramm f\u00fcr Kinder auf Koh Tao<\/span><\/h3>\n<p>Geben Sie Ihren Kindern ein Urlaubserlebnis, das sie nie vergessen werden, mit einer PADI Bubblemaker Erfahrung unter der Aufsicht eines hochqualifizierten <a href=\"https:\/\/www.blackturtledive.com\/padi-pro-level\/dive-instructor-course\/\">PADI Tauchlehrers<\/a>.<\/p>\n<p>Kinder ab 8 Jahren k\u00f6nnen zum ersten Mal lernen, unter Wasser zu atmen und Blasen zu blasen, w\u00e4hrend sie in flachem Wasser mit <a href=\"https:\/\/www.blackturtledive.com\/experience-programs\/swimming-koh-tao\/\">schwimmen<\/a> auf <a href=\"https:\/\/www.blackturtledive.com\/padi-specialty-courses\/\">Tauchausr\u00fcstung<\/a>.<\/p>\n<figure id=\"attachment_2049\" aria-describedby=\"caption-attachment-2049\" style=\"width: 1100px\" class=\"wp-caption alignnone\"><img decoding=\"async\" class=\"size-full wp-image-2049\" src=\"https:\/\/www.blackturtledive.com\/wp-content\/uploads\/2020\/11\/blackturtledive.com-padi-bubblemaker-experience-for-kids-koh-tao.jpg\" alt=\"PADI Bubblemaker f\u00fcr Kinder Koh Tao\" width=\"1100\" height=\"733\" srcset=\"https:\/\/www.blackturtledive.com\/wp-content\/uploads\/2020\/11\/blackturtledive.com-padi-bubblemaker-experience-for-kids-koh-tao.jpg 1100w, https:\/\/www.blackturtledive.com\/wp-content\/uploads\/2020\/11\/blackturtledive.com-padi-bubblemaker-experience-for-kids-koh-tao-300x200.jpg 300w, https:\/\/www.blackturtledive.com\/wp-content\/uploads\/2020\/11\/blackturtledive.com-padi-bubblemaker-experience-for-kids-koh-tao-1024x682.jpg 1024w, https:\/\/www.blackturtledive.com\/wp-content\/uploads\/2020\/11\/blackturtledive.com-padi-bubblemaker-experience-for-kids-koh-tao-768x512.jpg 768w, https:\/\/www.blackturtledive.com\/wp-content\/uploads\/2020\/11\/blackturtledive.com-padi-bubblemaker-experience-for-kids-koh-tao-150x100.jpg 150w\" sizes=\"(max-width: 1100px) 100vw, 1100px\" \/><figcaption id=\"caption-attachment-2049\" class=\"wp-caption-text\">PADI Bubblemaker f\u00fcr Kinder Koh Tao<\/figcaption><\/figure>\n<h3>Das Koh Tao Bubblemaker-Paket beinhaltet:<\/h3>\n<ul>\n<li>Halbt\u00e4gige Einf\u00fchrung ins Tauchen in flachem (begrenzt) Wasser<\/li>\n<li>Versicherung<\/li>\n<li>M\u00f6glichkeit, zus\u00e4tzliche Flachtauchtouren zu machen<\/li>\n<li>Vermietung aller Tauchausr\u00fcstungen<\/li>\n<li>KOSTENLOSE Nutzung des Tauchcomputers<\/li>\n<li>Garantiert kleine Gruppen &#8211; maximal 2 Sch\u00fcler pro PADI Instructor<\/li>\n<li><a href=\"https:\/\/www.blackturtledive.com\/about-us\/\">Black Turtle Dive<\/a> Kunden- (und Umwelt) versprechen<\/li>\n<\/ul>\n<h3><span style=\"color: #28d4ff;\">Spa\u00df f\u00fcr Kinder mit einem PADI Bubblemaker Abenteuer<\/span><\/h3>\n<p>Um eine PADI Bubblemaker Erfahrung zu buchen, m\u00fcssen Sie:<\/p>\n<ul>\n<li>8 Jahre oder \u00e4lter sein<\/li>\n<li>Medizinisch fit zum Tauchen sein<\/li>\n<\/ul>\n<p>Wir f\u00fchren die PADI Bubblemaker Erfahrung \u00fcber einen halben Tag durch.<\/p>\n<p>Unser PADI <a href=\"https:\/\/www.blackturtledive.com\/experience-programs\/\">Erfahrungsprogramm<\/a> besteht aus zwei Abschnitten:<\/p>\n<ul>\n<li>Wissensentwicklung &#8211; Ihr PADI Instructor f\u00fchrt Sie durch das grundlegende Wissen, einschlie\u00dflich der Benutzung der Ausr\u00fcstung, wie man den Druck ausgleicht, wie man einen Regulator, eine Maske reinigt sowie einen \u00dcberblick \u00fcber die Atemregeln.<\/li>\n<li>Training im begrenzten Wasser &#8211; durchgef\u00fchrt in einer der vielen sch\u00f6nen flachen Buchten rund um <a href=\"https:\/\/www.blackturtledive.com\/koh-tao\/\">Koh Tao<\/a>, f\u00fchren wir Ihr Kind zum ersten Mal unter direkter Aufsicht eines <a href=\"https:\/\/www.blackturtledive.com\/padi-pro-level\/\">PADI Pros<\/a> in das Atmen unter Wasser ein.<\/li>\n<li>Sie werden das Dr\u00fccken und das Reinigen von Wasser aus dem Regulator und der Maske \u00fcben. Wir nehmen sie f\u00fcr einen Schwimmgang \u00fcber den Sand, wo sie das <a href=\"https:\/\/www.blackturtledive.com\/koh-tao-marine-life\/\">Riff und die Fische<\/a> beobachten k\u00f6nnen.<\/li>\n<\/ul>\n<figure id=\"attachment_1152\" aria-describedby=\"caption-attachment-1152\" style=\"width: 1100px\" class=\"wp-caption alignnone\"><img decoding=\"async\" class=\"size-full wp-image-1152\" src=\"https:\/\/www.blackturtledive.com\/wp-content\/uploads\/2020\/11\/blackturtledive.com-padi-bubblemaker-experience-koh-tao.jpg\" alt=\"PADI Bubblemaker Erlebnis f\u00fcr Kinder Koh Tao\" width=\"1100\" height=\"733\" srcset=\"https:\/\/www.blackturtledive.com\/wp-content\/uploads\/2020\/11\/blackturtledive.com-padi-bubblemaker-experience-koh-tao.jpg 1100w, https:\/\/www.blackturtledive.com\/wp-content\/uploads\/2020\/11\/blackturtledive.com-padi-bubblemaker-experience-koh-tao-300x200.jpg 300w, https:\/\/www.blackturtledive.com\/wp-content\/uploads\/2020\/11\/blackturtledive.com-padi-bubblemaker-experience-koh-tao-1024x682.jpg 1024w, https:\/\/www.blackturtledive.com\/wp-content\/uploads\/2020\/11\/blackturtledive.com-padi-bubblemaker-experience-koh-tao-768x512.jpg 768w, https:\/\/www.blackturtledive.com\/wp-content\/uploads\/2020\/11\/blackturtledive.com-padi-bubblemaker-experience-koh-tao-150x100.jpg 150w, https:\/\/www.blackturtledive.com\/wp-content\/uploads\/2020\/11\/blackturtledive.com-padi-bubblemaker-experience-koh-tao-450x300.jpg 450w\" sizes=\"(max-width: 1100px) 100vw, 1100px\" \/><figcaption id=\"caption-attachment-1152\" class=\"wp-caption-text\">PADI Bubblemaker Erlebnis f\u00fcr Kinder Koh Tao<\/figcaption><\/figure>\n<p><a class=\"fasc-button fasc-size-large fasc-type-flat\" style=\"background-color: #33809e; color: #ffffff;\" href=\"https:\/\/www.blackturtledive.com\/diving-course-prices\/#beginners\">JETZT BUCHEN<\/a><\/p>\n<p>Bei <span style=\"color: #28d4ff;\">Black Turtle Dive<\/span> nehmen wir unser <a href=\"https:\/\/www.blackturtledive.com\/about-us\/our-customer-promise\/\">Kundenversprechen<\/a> sehr ernst. Alle Bubblemaker-Erfahrungen werden mit maximal 2 Sch\u00fclern pro PADI Instructor durchgef\u00fchrt.<\/p>\n<p>Unsere Instructors sind hochqualifiziert und erfahren, sodass Ihr Kind viel Aufmerksamkeit erh\u00e4lt und in einem entspannten Umfeld in seinem eigenen Tempo Fortschritte macht.<\/p>\n<p>W\u00e4hrend des Trainings wird Ihr Kind allm\u00e4hlich Selbstvertrauen und F\u00e4higkeiten aufbauen und die notwendigen Fertigkeiten entwickeln, um ein angenehmes und sicheres Erlebnis zu haben.<\/p>\n<h3><span style=\"color: #28d4ff;\">Koh Tao PADI Bubblemaker Zeitplan<\/span><\/h3>\n<p>Der Bubblemaker-Zeitplan ist flexibel und wir k\u00f6nnen uns nach den pers\u00f6nlichen Bed\u00fcrfnissen Ihres Reiseplans richten, wobei wir den <a href=\"https:\/\/www.blackturtledive.com\/blog\/how-to-get-your-kids-and-family-into-scuba-diving\/\">Eltern und ihren Kindern.<\/a> einen anpassbaren Zeitrahmen f\u00fcr den Abschluss anbieten.<\/p>\n<p>Bitte fragen Sie uns nach speziellen W\u00fcnschen, die Sie haben k\u00f6nnten, entweder <a href=\"https:\/\/www.blackturtledive.com\/contact-us\/\">per E-Mail<\/a> oder \u00fcber eine der Messenger-Apps auf dieser Seite.&nbsp;<\/p>\n<p>PADI Bubblemaker Erfahrung: <strong>2.500 baht <\/strong><\/p>\n<p>Zus\u00e4tzliche Tauchg\u00e4nge: &nbsp;<strong>1.000 baht <\/strong><\/p>\n<h3>Zeitplan:<\/h3>\n<p>11:30 &#8211; 12:30: Treffen Sie Ihren Instructor, Orientierung und Papierkram<br \/>\n12:30 &#8211; 17:30: Einsteigen ins Tauchboot &#8211; Briefing &amp; Tauchgang<\/p>\n<p><a class=\"fasc-button fasc-size-large fasc-type-flat\" style=\"background-color: #33809e; color: #ffffff;\" href=\"https:\/\/www.blackturtledive.com\/diving-course-prices\/#beginners\">JETZT BUCHEN<\/a>[\/vc_column_text][\/vc_column][\/vc_row][vc_row][vc_column]<div class=\"section-wrap\"><h3 class=\"section-title\">H\u00e4ufig gestellte Fragen<\/h3><div class=\"faq-wrapper\"><div class=\"accordion-panel active\">\n                    <div class=\"panel-heading\">    \n                        <h3 class=\"panel-title\">\n                            Wie viel kostet das PADI Bubblemaker Programm in Koh Tao?\n                        <\/h3>\n                    <\/div>\n                    <div class=\"panel-detail\">\n                        <p>Der Preis f\u00fcr das PADI Bubblemaker-Programm betr\u00e4gt 2.500 Baht. Extra-Tauchgang: 1.000 Baht.<\/p>\n<p>Dieses Halbtagesprogramm wird entweder im Confined Water (Pool) oder in einer der flachen Buchten von Koh Tao durchgef\u00fchrt, abh\u00e4ngig von Wetter- und Tauchbedingungen.<\/p>\n\n                    <\/div>\n                <\/div><div class=\"accordion-panel \">\n                    <div class=\"panel-heading\">    \n                        <h3 class=\"panel-title\">\n                            Was ist die maximale Tiefe f\u00fcr das Bubblemaker Programm in Koh Tao?\n                        <\/h3>\n                    <\/div>\n                    <div class=\"panel-detail\">\n                        <p>Die maximale Tiefe betr\u00e4gt 2 Meter f\u00fcr das Bubblemaker Programm. W\u00e4hrend des Tauchgangs wird Ihr Kind die ganze Zeit unter direkter Aufsicht des Instructors stehen.<\/p>\n<p>Das Programm wird in begrenztem Wasser durchgef\u00fchrt, entweder in einem Schwimmbad oder in einer flachen Bucht rund um Koh Tao.<\/p>\n<p>Ihr Kind wird die M\u00f6glichkeit haben, mit voller Tauchausr\u00fcstung in flachem Wasser zu schwimmen.<\/p>\n\n                    <\/div>\n                <\/div><div class=\"accordion-panel \">\n                    <div class=\"panel-heading\">    \n                        <h3 class=\"panel-title\">\n                            Wie viele Kinder sind in einer Gruppe beim PADI Bubblemaker Programm?\n                        <\/h3>\n                    <\/div>\n                    <div class=\"panel-detail\">\n                        <p>Wenn das Programm nur im Schwimmbad durchgef\u00fchrt wird, haben wir maximal 4 Teilnehmer pro Instructor.<\/p>\n<p>Bei Ausfl\u00fcgen zu einer der flachen Buchten rund um Koh Tao reduzieren wir dieses Verh\u00e4ltnis auf 2:1, um sicherzustellen, dass Ihr Kind die pers\u00f6nliche Aufmerksamkeit erh\u00e4lt, die notwendig ist, um dies zu einem unvergesslichen und spa\u00dfigen Erlebnis zu machen.<\/p>\n<p>Es ist m\u00f6glich, dass Eltern ihre Kinder begleiten, indem sie die Discover Scuba Diving Erfahrung machen oder einfach als Spa\u00dftaucher mitgehen, wenn sie bereits zertifiziert sind.<\/p>\n\n                    <\/div>\n                <\/div><div class=\"accordion-panel \">\n                    <div class=\"panel-heading\">    \n                        <h3 class=\"panel-title\">\n                            Erh\u00e4lt mein Kind eine Zertifizierung nach Abschluss des PADI Bubblemaker Kurses?\n                        <\/h3>\n                    <\/div>\n                    <div class=\"panel-detail\">\n                        <p>Das PADI Bubblemaker Programm ist kein Zertifizierungskurs, sondern ein Erfahrungsprogramm.<\/p>\n<p>Um eine Tauchzertifizierung zu erhalten, muss ein Kind mindestens 10 Jahre alt sein.<\/p>\n<p>Ihr Kind wird unsch\u00e4tzbare Erfahrungen sammeln, indem es lernt, wie es ist, Tauchausr\u00fcstung zu nutzen und unter Wasser Blasen zu blasen.<\/p>\n\n                    <\/div>\n                <\/div><div class=\"accordion-panel \">\n                    <div class=\"panel-heading\">    \n                        <h3 class=\"panel-title\">\n                            Was ist das PADI Bubblemaker Programm in Koh Tao?\n                        <\/h3>\n                    <\/div>\n                    <div class=\"panel-detail\">\n                        <p>Das PADI Bubblemaker Programm in Koh Tao ist ein Erfahrungsprogramm, das darauf ausgelegt ist, jungen Kindern ab 8 Jahren die Welt des Tauchens n\u00e4herzubringen.<\/p>\n<p>Die Kinder werden Tauchger\u00e4te verwenden und die Gelegenheit haben, aus einem Regulator zu atmen und unter Wasser in flachem Wasser herumzuschwimmen.<\/p>\n<p>Ihre Kinder werden die M\u00f6glichkeit haben, Blasen zu blasen, indem sie entweder im Schwimmbad oder in einer flachen Bucht rund um Koh Tao tauchen.<\/p>\n\n                    <\/div>\n                <\/div><\/div>\n                <\/div>[\/vc_column][\/vc_row]<\/p>\n<\/div>","protected":false},"excerpt":{"rendered":"<p>Schenken Sie Ihren Kindern ein unvergessliches Urlaubserlebnis mit einem PADI Bubblemaker auf Koh Tao und lassen Sie sie zum ersten Mal in flachem Wasser mit Tauchausr\u00fcstung unter Wasser atmen und Blasen blasen.<\/p>\n","protected":false},"author":2,"featured_media":17925,"parent":18729,"menu_order":0,"comment_status":"closed","ping_status":"closed","template":"","meta":{"_acf_changed":false,"footnotes":""},"class_list":["post-18726","page","type-page","status-publish","has-post-thumbnail","hentry"],"acf":[],"yoast_head":"<!-- This site is optimized with the Yoast SEO Premium plugin v27.6 (Yoast SEO v27.6) - https:\/\/yoast.com\/product\/yoast-seo-premium-wordpress\/ -->\n<title>PADI Bubblemaker Experience Koh Tao | Black Turtle Dive<\/title>\n<meta name=\"description\" content=\"Der PADI Bubblemaker auf Koh Tao bietet Ihren Kindern ein unvergessliches Urlaubserlebnis, bei dem sie zum ersten Mal lernen, unter Wasser zu atmen und Seifenblasen zu blasen.\" \/>\n<meta name=\"robots\" content=\"index, follow, max-snippet:-1, max-image-preview:large, max-video-preview:-1\" \/>\n<link rel=\"canonical\" href=\"https:\/\/www.blackturtledive.com\/de\/experience-programs\/padi-bubblemaker\/\" \/>\n<meta property=\"og:locale\" content=\"de_DE\" \/>\n<meta property=\"og:type\" content=\"article\" \/>\n<meta property=\"og:title\" content=\"PADI Bubblemaker Experience Koh Tao | Black Turtle Dive\" \/>\n<meta property=\"og:description\" content=\"PADI Bubblemaker on Koh Tao gives your children a holiday experience never to forget as they learn to breathe underwater and blow bubbles for the first time\" \/>\n<meta property=\"og:url\" content=\"https:\/\/www.blackturtledive.com\/de\/experience-programs\/padi-bubblemaker\/\" \/>\n<meta property=\"og:site_name\" content=\"Black Turtle Dive Koh Tao\" \/>\n<meta property=\"article:publisher\" content=\"https:\/\/www.facebook.com\/blackturtledive\" \/>\n<meta property=\"article:modified_time\" content=\"2026-05-05T20:18:59+00:00\" \/>\n<meta property=\"og:image\" content=\"https:\/\/www.blackturtledive.com\/wp-content\/uploads\/2020\/11\/blackturtledive.com-best-padi-divemaster-course-koh-tao.jpg\" \/>\n\t<meta property=\"og:image:width\" content=\"1200\" \/>\n\t<meta property=\"og:image:height\" content=\"800\" \/>\n\t<meta property=\"og:image:type\" content=\"image\/jpeg\" \/>\n<meta name=\"twitter:card\" content=\"summary_large_image\" \/>\n<meta name=\"twitter:title\" content=\"PADI Bubblemaker Experience Koh Tao | Black Turtle Dive\" \/>\n<meta name=\"twitter:description\" content=\"PADI Bubblemaker on Koh Tao gives your children a holiday experience never to forget as they learn to breathe underwater and blow bubbles for the first time\" \/>\n<meta name=\"twitter:image\" content=\"https:\/\/www.blackturtledive.com\/wp-content\/uploads\/2020\/11\/blackturtledive.com-best-padi-divemaster-course-koh-tao.jpg\" \/>\n<meta name=\"twitter:site\" content=\"@blackturtledive\" \/>\n<meta name=\"twitter:label1\" content=\"Gesch\u00e4tzte Lesezeit\" \/>\n\t<meta name=\"twitter:data1\" content=\"5\u00a0Minuten\" \/>\n<!-- \/ Yoast SEO Premium plugin. -->","yoast_head_json":{"title":"PADI Bubblemaker Experience Koh Tao | Black Turtle Dive","description":"Der PADI Bubblemaker auf Koh Tao bietet Ihren Kindern ein unvergessliches Urlaubserlebnis, bei dem sie zum ersten Mal lernen, unter Wasser zu atmen und Seifenblasen zu blasen.","robots":{"index":"index","follow":"follow","max-snippet":"max-snippet:-1","max-image-preview":"max-image-preview:large","max-video-preview":"max-video-preview:-1"},"canonical":"https:\/\/www.blackturtledive.com\/de\/experience-programs\/padi-bubblemaker\/","og_locale":"de_DE","og_type":"article","og_title":"PADI Bubblemaker Experience Koh Tao | Black Turtle Dive","og_description":"PADI Bubblemaker on Koh Tao gives your children a holiday experience never to forget as they learn to breathe underwater and blow bubbles for the first time","og_url":"https:\/\/www.blackturtledive.com\/de\/experience-programs\/padi-bubblemaker\/","og_site_name":"Black Turtle Dive Koh Tao","article_publisher":"https:\/\/www.facebook.com\/blackturtledive","article_modified_time":"2026-05-05T20:18:59+00:00","og_image":[{"width":1200,"height":800,"url":"https:\/\/www.blackturtledive.com\/wp-content\/uploads\/2020\/11\/blackturtledive.com-best-padi-divemaster-course-koh-tao.jpg","type":"image\/jpeg"}],"twitter_card":"summary_large_image","twitter_title":"PADI Bubblemaker Experience Koh Tao | Black Turtle Dive","twitter_description":"PADI Bubblemaker on Koh Tao gives your children a holiday experience never to forget as they learn to breathe underwater and blow bubbles for the first time","twitter_image":"https:\/\/www.blackturtledive.com\/wp-content\/uploads\/2020\/11\/blackturtledive.com-best-padi-divemaster-course-koh-tao.jpg","twitter_site":"@blackturtledive","twitter_misc":{"Gesch\u00e4tzte Lesezeit":"5\u00a0Minuten"},"schema":{"@context":"https:\/\/schema.org","@graph":[{"@type":"WebPage","@id":"https:\/\/www.blackturtledive.com\/de\/experience-programs\/padi-bubblemaker\/","url":"https:\/\/www.blackturtledive.com\/de\/experience-programs\/padi-bubblemaker\/","name":"PADI Bubblemaker Experience Koh Tao | Black Turtle Dive","isPartOf":{"@id":"https:\/\/www.blackturtledive.com\/de\/#website"},"primaryImageOfPage":{"@id":"https:\/\/www.blackturtledive.com\/de\/experience-programs\/padi-bubblemaker\/#primaryimage"},"image":{"@id":"https:\/\/www.blackturtledive.com\/de\/experience-programs\/padi-bubblemaker\/#primaryimage"},"thumbnailUrl":"https:\/\/www.blackturtledive.com\/wp-content\/uploads\/2020\/11\/blackturtledive.com-padi-bubblemaker-experience-koh-tao.jpg","datePublished":"2020-09-19T14:30:09+00:00","dateModified":"2026-05-05T20:18:59+00:00","description":"Der PADI Bubblemaker auf Koh Tao bietet Ihren Kindern ein unvergessliches Urlaubserlebnis, bei dem sie zum ersten Mal lernen, unter Wasser zu atmen und Seifenblasen zu blasen.","breadcrumb":{"@id":"https:\/\/www.blackturtledive.com\/de\/experience-programs\/padi-bubblemaker\/#breadcrumb"},"inLanguage":"de","potentialAction":[{"@type":"ReadAction","target":["https:\/\/www.blackturtledive.com\/de\/experience-programs\/padi-bubblemaker\/"]}]},{"@type":"ImageObject","inLanguage":"de","@id":"https:\/\/www.blackturtledive.com\/de\/experience-programs\/padi-bubblemaker\/#primaryimage","url":"https:\/\/www.blackturtledive.com\/wp-content\/uploads\/2020\/11\/blackturtledive.com-padi-bubblemaker-experience-koh-tao.jpg","contentUrl":"https:\/\/www.blackturtledive.com\/wp-content\/uploads\/2020\/11\/blackturtledive.com-padi-bubblemaker-experience-koh-tao.jpg","width":1100,"height":733,"caption":"PADI Bubblemaker Experience for Kids Koh Tao"},{"@type":"BreadcrumbList","@id":"https:\/\/www.blackturtledive.com\/de\/experience-programs\/padi-bubblemaker\/#breadcrumb","itemListElement":[{"@type":"ListItem","position":1,"name":"Home","item":"https:\/\/www.blackturtledive.com\/de\/"},{"@type":"ListItem","position":2,"name":"Erlebnisprogramme","item":"https:\/\/www.blackturtledive.com\/de\/experience-programs\/"},{"@type":"ListItem","position":3,"name":"PADI Bubblemaker"}]},{"@type":"WebSite","@id":"https:\/\/www.blackturtledive.com\/de\/#website","url":"https:\/\/www.blackturtledive.com\/de\/","name":"Black Turtle Dive Koh Tao","description":"Ocean Explorers | Marine Protectors","publisher":{"@id":"https:\/\/www.blackturtledive.com\/de\/#organization"},"alternateName":"Black Turtle Dive in Thailand","potentialAction":[{"@type":"SearchAction","target":{"@type":"EntryPoint","urlTemplate":"https:\/\/www.blackturtledive.com\/de\/?s={search_term_string}"},"query-input":{"@type":"PropertyValueSpecification","valueRequired":true,"valueName":"search_term_string"}}],"inLanguage":"de"},{"@type":"Organization","@id":"https:\/\/www.blackturtledive.com\/de\/#organization","name":"Black Turtle Dive Koh Tao","alternateName":"Black Turtle Dive","url":"https:\/\/www.blackturtledive.com\/de\/","logo":{"@type":"ImageObject","inLanguage":"de","@id":"https:\/\/www.blackturtledive.com\/de\/#\/schema\/logo\/image\/","url":"https:\/\/www.blackturtledive.com\/wp-content\/uploads\/2020\/11\/cropped-blackturtledive.com-brand-logo.png","contentUrl":"https:\/\/www.blackturtledive.com\/wp-content\/uploads\/2020\/11\/cropped-blackturtledive.com-brand-logo.png","width":400,"height":400,"caption":"Black Turtle Dive Koh Tao"},"image":{"@id":"https:\/\/www.blackturtledive.com\/de\/#\/schema\/logo\/image\/"},"sameAs":["https:\/\/www.facebook.com\/blackturtledive","https:\/\/x.com\/blackturtledive","https:\/\/www.instagram.com\/blackturtledive\/","https:\/\/www.youtube.com\/blackturtledive","https:\/\/www.linkedin.com\/company\/blackturtledive\/","https:\/\/www.tumblr.com\/blackturtledive","https:\/\/www.pinterest.com\/blackturtledive\/","https:\/\/www.tiktok.com\/@blackturtledive","https:\/\/www.reddit.com\/user\/blackturtledive\/"],"description":"Black Turtle Dive is a modern and innovative 5 Star Career Development Scuba Diving Center, passionate about the ocean and through training we want to empower you to become a competent and confident scuba diver. Our diving courses equip you with the skills, knowledge and awareness necessary to explore the ocean safely, whilst becoming a passionate advocate and protector of the marine environment. If you have never dived before or are a certified diver and want to develop your skills further, our tailored, bespoke courses and programs will inspire you to become an Ocean advocate. Our scientific based Marine Conservation Internships and training programs, offer aspiring scuba divers and marine conservationists, the best marine conservation internships on Koh Tao. We currently offer students six levels of Marine Conservation Internships at our beachside location on Koh Tao in Thailand. Check out our website for more information.","email":"info@blackturtledive.com","telephone":"089 592 2134","legalName":"Black Turtle Dive Co Ltd","foundingDate":"2020-01-01","publishingPrinciples":"https:\/\/www.blackturtledive.com\/terms\/","ownershipFundingInfo":"https:\/\/www.blackturtledive.com\/terms\/","actionableFeedbackPolicy":"https:\/\/www.blackturtledive.com\/privacy-policy\/","correctionsPolicy":"https:\/\/www.blackturtledive.com\/privacy-policy\/","ethicsPolicy":"https:\/\/www.blackturtledive.com\/privacy-policy\/","diversityPolicy":"https:\/\/www.blackturtledive.com\/privacy-policy\/"}]}},"_links":{"self":[{"href":"https:\/\/www.blackturtledive.com\/de\/wp-json\/wp\/v2\/pages\/18726","targetHints":{"allow":["GET"]}}],"collection":[{"href":"https:\/\/www.blackturtledive.com\/de\/wp-json\/wp\/v2\/pages"}],"about":[{"href":"https:\/\/www.blackturtledive.com\/de\/wp-json\/wp\/v2\/types\/page"}],"author":[{"embeddable":true,"href":"https:\/\/www.blackturtledive.com\/de\/wp-json\/wp\/v2\/users\/2"}],"replies":[{"embeddable":true,"href":"https:\/\/www.blackturtledive.com\/de\/wp-json\/wp\/v2\/comments?post=18726"}],"version-history":[{"count":2,"href":"https:\/\/www.blackturtledive.com\/de\/wp-json\/wp\/v2\/pages\/18726\/revisions"}],"predecessor-version":[{"id":71268,"href":"https:\/\/www.blackturtledive.com\/de\/wp-json\/wp\/v2\/pages\/18726\/revisions\/71268"}],"up":[{"embeddable":true,"href":"https:\/\/www.blackturtledive.com\/de\/wp-json\/wp\/v2\/pages\/18729"}],"wp:featuredmedia":[{"embeddable":true,"href":"https:\/\/www.blackturtledive.com\/de\/wp-json\/wp\/v2\/media\/17925"}],"wp:attachment":[{"href":"https:\/\/www.blackturtledive.com\/de\/wp-json\/wp\/v2\/media?parent=18726"}],"curies":[{"name":"wp","href":"https:\/\/api.w.org\/{rel}","templated":true}]}}