{"id":18729,"date":"2020-09-19T21:27:25","date_gmt":"2020-09-19T14:27:25","guid":{"rendered":"https:\/\/www.blackturtledive.com\/experience-programs\/"},"modified":"2026-05-05T21:25:52","modified_gmt":"2026-05-05T14:25:52","slug":"experience-programs","status":"publish","type":"page","link":"https:\/\/www.blackturtledive.com\/de\/experience-programs\/","title":{"rendered":"Erlebnisprogramme"},"content":{"rendered":"<div class=\"wpb-content-wrapper\"><p>[vc_row][vc_column][vc_column_text css=&#8220;&#8220;]Erlebnisprogramme sind kurze Aktivit\u00e4ten ohne Zertifizierung, die f\u00fcr Anf\u00e4nger, Kinder oder Reisende konzipiert sind, die das Tauchen, Schnorcheln oder Schwimmen ausprobieren m\u00f6chten.<\/p>\n<p>Diese Programme erm\u00f6glichen es den Teilnehmern, die Unterwasserwelt von Koh Tao unter direkter professioneller Aufsicht zu erkunden, ohne sich auf einen mehrt\u00e4gigen Zertifizierungskurs festlegen zu m\u00fcssen.<\/p>\n<p>Unser Angebot reicht vom eint\u00e4gigen \u201eDiscover Scuba Diving\u201c f\u00fcr Erwachsene bis zum \u201eSeal Team\u201c-Programm f\u00fcr Kinder im Schwimmbad, wobei bei allen Angeboten Sicherheit, Wissen \u00fcber die Meeresfauna und Spa\u00df im Vordergrund stehen.<\/p>\n<h3><span style=\"color: #28d4ff;\">Erlebnisprogramme f\u00fcr Anf\u00e4nger auf Koh Tao<\/span><\/h3>\n<p>Wir bieten eine Vielzahl von Erlebnisprogrammen an, die f\u00fcr alle Altersgruppen geeignet sind und perfekt f\u00fcr Anf\u00e4nger und Familien, die ihr Selbstvertrauen st\u00e4rken sowie die erstaunliche <a href=\"https:\/\/www.blackturtledive.com\/koh-tao-marine-life\/\">marine Umwelt<\/a> erkunden m\u00f6chten.<\/p>\n<p>Wenn Sie nur kurz hier sind, um das Tauchen auszuprobieren, oder im Urlaub nach etwas suchen, das die ganze Familie unterh\u00e4lt, bieten wir ein Erlebnisprogramm, das jeder demografischen Gruppe und jedem Interesse gerecht wird.<\/p>\n<figure id=\"attachment_2205\" aria-describedby=\"caption-attachment-2205\" style=\"width: 1100px\" class=\"wp-caption alignnone\"><img decoding=\"async\" class=\"size-full wp-image-2205\" src=\"https:\/\/www.blackturtledive.com\/wp-content\/uploads\/2020\/12\/blackturtledive.com-learn-to-dive-koh-tao-in-thailand.jpg\" alt=\"Entdecken\" width=\"1100\" height=\"679\" srcset=\"https:\/\/www.blackturtledive.com\/wp-content\/uploads\/2020\/12\/blackturtledive.com-learn-to-dive-koh-tao-in-thailand.jpg 1100w, https:\/\/www.blackturtledive.com\/wp-content\/uploads\/2020\/12\/blackturtledive.com-learn-to-dive-koh-tao-in-thailand-300x185.jpg 300w, https:\/\/www.blackturtledive.com\/wp-content\/uploads\/2020\/12\/blackturtledive.com-learn-to-dive-koh-tao-in-thailand-1024x632.jpg 1024w, https:\/\/www.blackturtledive.com\/wp-content\/uploads\/2020\/12\/blackturtledive.com-learn-to-dive-koh-tao-in-thailand-768x474.jpg 768w, https:\/\/www.blackturtledive.com\/wp-content\/uploads\/2020\/12\/blackturtledive.com-learn-to-dive-koh-tao-in-thailand-150x93.jpg 150w\" sizes=\"(max-width: 1100px) 100vw, 1100px\" \/><figcaption id=\"caption-attachment-2205\" class=\"wp-caption-text\">Entdecken Sie das Meeresleben auf Koh Tao &#8211; PADI Taucherlebnis<\/figcaption><\/figure>\n<p><a class=\"fasc-button fasc-size-large fasc-type-flat\" style=\"background-color: #33809e; color: #ffffff;\" href=\"https:\/\/www.blackturtledive.com\/diving-course-prices\/#beginners\">JETZT BUCHEN<\/a><\/p>\n<h3>Schwimmerlebnisprogramm Koh Tao<\/h3>\n<p>Wir bieten Schwimmkurse f\u00fcr alle Altersgruppen und F\u00e4higkeiten an, von Nichtschwimmern, die zum ersten Mal schwimmen lernen, bis hin zu ernsthaften Schwimmern, die ihre Technik verbessern m\u00f6chten.<\/p>\n<p>Unsere beliebtesten Schwimmkurse sind die f\u00fcr Kinder, die zum ersten Mal schwimmen lernen.<\/p>\n<h3><span style=\"color: #28d4ff;\">Schwimmen lernen auf Koh Tao<\/span><\/h3>\n<p>Wir bieten Schwimmkurse f\u00fcr Erwachsene an, die ihr Selbstvertrauen im Wasser st\u00e4rken m\u00f6chten, sowie f\u00fcr Tauchsch\u00fcler, die den Schwimmtest ihres <a href=\"https:\/\/www.blackturtledive.com\/padi-diving-courses\/open-water-course\/\">Open Water Kurses<\/a> bestehen m\u00f6chten.<\/p>\n<p><a href=\"https:\/\/www.blackturtledive.com\/de\/\">Black Turtle Dive<\/a> offer a range of private classes for individuals and groups are available and parents are more than welcome to accompany their children, with lessons tailored to your specific needs and timeframe.<\/p>\n<figure id=\"attachment_2046\" aria-describedby=\"caption-attachment-2046\" style=\"width: 1100px\" class=\"wp-caption alignnone\"><img decoding=\"async\" class=\"size-full wp-image-2046\" src=\"https:\/\/www.blackturtledive.com\/wp-content\/uploads\/2020\/11\/blackturtledive.com-snorkel-for-kids-and-family-koh-tao.jpeg\" alt=\"Schnorcheln\" width=\"1100\" height=\"586\" srcset=\"https:\/\/www.blackturtledive.com\/wp-content\/uploads\/2020\/11\/blackturtledive.com-snorkel-for-kids-and-family-koh-tao.jpeg 1100w, https:\/\/www.blackturtledive.com\/wp-content\/uploads\/2020\/11\/blackturtledive.com-snorkel-for-kids-and-family-koh-tao-300x160.jpeg 300w, https:\/\/www.blackturtledive.com\/wp-content\/uploads\/2020\/11\/blackturtledive.com-snorkel-for-kids-and-family-koh-tao-1024x546.jpeg 1024w, https:\/\/www.blackturtledive.com\/wp-content\/uploads\/2020\/11\/blackturtledive.com-snorkel-for-kids-and-family-koh-tao-768x409.jpeg 768w, https:\/\/www.blackturtledive.com\/wp-content\/uploads\/2020\/11\/blackturtledive.com-snorkel-for-kids-and-family-koh-tao-150x80.jpeg 150w\" sizes=\"(max-width: 1100px) 100vw, 1100px\" \/><figcaption id=\"caption-attachment-2046\" class=\"wp-caption-text\">Schnorcheln Koh Tao &#8211; Familie<\/figcaption><\/figure>\n<p><a class=\"fasc-button fasc-size-large fasc-type-flat\" style=\"background-color: #33809e; color: #ffffff;\" href=\"https:\/\/www.blackturtledive.com\/diving-course-prices\/#beginners\">JETZT BUCHEN<\/a><\/p>\n<h3>Schnorchelerlebnisprogramm Koh Tao<\/h3>\n<p>Wir bieten Halb- und Ganztages-<a href=\"https:\/\/www.blackturtledive.com\/experience-programs\/snorkel-koh-tao\/\">Schnorchelausfl\u00fcge<\/a> an, die Sie zu den besten Schnorchelstandorten rund um <a href=\"https:\/\/www.blackturtledive.com\/koh-tao\/\">Koh Tao<\/a> einschlie\u00dflich des benachbarten Koh Nang Yuan bringen.<\/p>\n<p>Auf <a href=\"https:\/\/www.thefunkyturtle.com\/koh-tao\/beaches\/koh-nang-yuan-beach\/\" target=\"_blank\" rel=\"noopener\">Koh Nang Yuan<\/a> k\u00f6nnen Sie etwas Zeit auf der Insel verbringen, schwimmen, schnorcheln, essen und trinken sowie zum Aussichtspunkt hinaufgehen, die atemberaubende Aussicht genie\u00dfen und ein ikonisches Urlaubsfoto machen.<\/p>\n<h3><span style=\"color: #28d4ff;\">Erkunden Sie das Schnorchelerlebnis auf Koh Tao<\/span><\/h3>\n<p>Ideal f\u00fcr alle Altersgruppen ist eine <a href=\"https:\/\/www.thefunkyturtle.com\/snorkeling-koh-tao\/\" target=\"_blank\" rel=\"noopener\">Schnorcheltour auf Koh Tao<\/a> der perfekte Familientag.<\/p>\n<p>Ein grundlegendes Schwimmverm\u00f6gen wird empfohlen, obwohl Schwimmwesten zur Verf\u00fcgung gestellt werden und Schnorchelguides Ihre Erfahrung \u00fcberwachen, um Sicherheit zu gew\u00e4hrleisten und Ihr Selbstvertrauen zu st\u00e4rken.<\/p>\n<p>Sie haben die M\u00f6glichkeit, mit einer F\u00fclle von bunten Riff-Fischen zu schwimmen und zu schnorcheln, und wenn Sie Gl\u00fcck haben, sehen Sie kleine Schwarzspitzen-Riffhaie und <a href=\"https:\/\/www.blackturtledive.com\/koh-tao-marine-life\/green-sea-turtle\/\">Meeresschildkr\u00f6ten<\/a>.<\/p>\n<figure id=\"attachment_1152\" aria-describedby=\"caption-attachment-1152\" style=\"width: 1100px\" class=\"wp-caption alignnone\"><img decoding=\"async\" class=\"size-full wp-image-1152\" src=\"https:\/\/www.blackturtledive.com\/wp-content\/uploads\/2020\/11\/blackturtledive.com-padi-bubblemaker-experience-koh-tao.jpg\" alt=\"PADI\" width=\"1100\" height=\"733\" srcset=\"https:\/\/www.blackturtledive.com\/wp-content\/uploads\/2020\/11\/blackturtledive.com-padi-bubblemaker-experience-koh-tao.jpg 1100w, https:\/\/www.blackturtledive.com\/wp-content\/uploads\/2020\/11\/blackturtledive.com-padi-bubblemaker-experience-koh-tao-300x200.jpg 300w, https:\/\/www.blackturtledive.com\/wp-content\/uploads\/2020\/11\/blackturtledive.com-padi-bubblemaker-experience-koh-tao-1024x682.jpg 1024w, https:\/\/www.blackturtledive.com\/wp-content\/uploads\/2020\/11\/blackturtledive.com-padi-bubblemaker-experience-koh-tao-768x512.jpg 768w, https:\/\/www.blackturtledive.com\/wp-content\/uploads\/2020\/11\/blackturtledive.com-padi-bubblemaker-experience-koh-tao-150x100.jpg 150w, https:\/\/www.blackturtledive.com\/wp-content\/uploads\/2020\/11\/blackturtledive.com-padi-bubblemaker-experience-koh-tao-450x300.jpg 450w\" sizes=\"(max-width: 1100px) 100vw, 1100px\" \/><figcaption id=\"caption-attachment-1152\" class=\"wp-caption-text\">PADI Bubblemaker Erlebnis f\u00fcr Kinder Koh Tao<\/figcaption><\/figure>\n<p><a class=\"fasc-button fasc-size-large fasc-type-flat\" style=\"background-color: #33809e; color: #ffffff;\" href=\"https:\/\/www.blackturtledive.com\/diving-course-prices\/#beginners\">JETZT BUCHEN<\/a><\/p>\n<h3>Bubblemaker Erlebnisprogramm Koh Tao<\/h3>\n<p>Eine Einf\u00fchrung in das Tauchen f\u00fcr 8-9-J\u00e4hrige, dies ist der erste Schritt auf dem Weg Ihres Kindes, das Blasen unter Wasser zu lernen und ein Sporttaucher zu werden.<\/p>\n<p>Durchgef\u00fchrt von einem unserer erfahrenen PADI-Tauchlehrer in einer der sch\u00f6nen flachen Buchten rund um Koh Tao betr\u00e4gt die maximale Tiefe f\u00fcr einen <a href=\"https:\/\/www.blackturtledive.com\/experience-programs\/padi-bubblemaker\/\">Bubblemaker<\/a> 2 Meter.<\/p>\n<h3><span style=\"color: #28d4ff;\">Erlebnis f\u00fcr Kinder<\/span><\/h3>\n<p>Wir werden einige grundlegende Konzepte einf\u00fchren, darunter Atemtechniken und Ausgleichstechniken sowie F\u00e4higkeiten wie das Reinigen eines Atemreglers und einer Maske.<\/p>\n<figure id=\"attachment_1155\" aria-describedby=\"caption-attachment-1155\" style=\"width: 1100px\" class=\"wp-caption alignnone\"><img decoding=\"async\" class=\"size-full wp-image-1155\" src=\"https:\/\/www.blackturtledive.com\/wp-content\/uploads\/2020\/11\/blackturtledive.com-padi-seal-team-adventure-experiences-for-kids-on-koh-tao.jpg\" alt=\"PADI\" width=\"1100\" height=\"571\" srcset=\"https:\/\/www.blackturtledive.com\/wp-content\/uploads\/2020\/11\/blackturtledive.com-padi-seal-team-adventure-experiences-for-kids-on-koh-tao.jpg 1100w, https:\/\/www.blackturtledive.com\/wp-content\/uploads\/2020\/11\/blackturtledive.com-padi-seal-team-adventure-experiences-for-kids-on-koh-tao-300x156.jpg 300w, https:\/\/www.blackturtledive.com\/wp-content\/uploads\/2020\/11\/blackturtledive.com-padi-seal-team-adventure-experiences-for-kids-on-koh-tao-1024x532.jpg 1024w, https:\/\/www.blackturtledive.com\/wp-content\/uploads\/2020\/11\/blackturtledive.com-padi-seal-team-adventure-experiences-for-kids-on-koh-tao-768x399.jpg 768w, https:\/\/www.blackturtledive.com\/wp-content\/uploads\/2020\/11\/blackturtledive.com-padi-seal-team-adventure-experiences-for-kids-on-koh-tao-150x78.jpg 150w\" sizes=\"(max-width: 1100px) 100vw, 1100px\" \/><figcaption id=\"caption-attachment-1155\" class=\"wp-caption-text\">PADI Seal Team Unterwasserabenteuer f\u00fcr Kinder Koh Tao<\/figcaption><\/figure>\n<p><a class=\"fasc-button fasc-size-large fasc-type-flat\" style=\"background-color: #33809e; color: #ffffff;\" href=\"https:\/\/www.blackturtledive.com\/diving-course-prices\/#beginners\">JETZT BUCHEN<\/a><\/p>\n<h3>Seal Team Erlebnisprogramm Koh Tao<\/h3>\n<p>Ein gro\u00dfartiger Anschluss an die PADI Bubblemaker-Erfahrung ist das <a href=\"https:\/\/www.blackturtledive.com\/experience-programs\/padi-seal-team\/\">Seal Team Erlebnisprogramm<\/a>, das die Kinder w\u00e4hrend eines ganzen Urlaubs besch\u00e4ftigt.<\/p>\n<p>Eine Reihe von Aqua-Missionen mit spezifischen F\u00e4higkeiten, die abgeschlossen werden m\u00fcssen, wie das Zusammen- und Auseinanderbauen der Tauchausr\u00fcstung, das Wiederfinden eines Atemreglers hinter der Schulter und Szenarien f\u00fcr den Luftmangel.<\/p>\n<p>Nach erfolgreichem Abschluss der ersten <span style=\"color: #28d4ff;\"><em>5 Aqua missions<\/em><\/span> qualifiziert sich Ihr Kind, um Mitglied des <span style=\"color: #28d4ff;\"><em>Seal Team member<\/em><\/span> zu werden und kann auf die aufregenden und spa\u00dfigen Specialty Aqua missions fortschreiten.<\/p>\n<h3><span style=\"color: #28d4ff;\">PADI Seal Aquamissionen f\u00fcr Kinder<\/span><\/h3>\n<p>Es gibt 10 Spezialmissionen, darunter eine Nachtmission, eine Mission zur Identifizierung aquatischer Lebewesen und eine Umweltschutzmission, die sich auf Unterwasserreinigungen konzentriert. Dieses Programm hat eine etwas tiefere maximale Tiefenbegrenzung von 4 Metern.<\/p>\n<figure id=\"attachment_2203\" aria-describedby=\"caption-attachment-2203\" style=\"width: 1100px\" class=\"wp-caption alignnone\"><img decoding=\"async\" class=\"size-full wp-image-2203\" src=\"https:\/\/www.blackturtledive.com\/wp-content\/uploads\/2020\/12\/blackturtledive.com-learn-discover-scuba-diving-koh-tao.jpg\" alt=\"Erkunden\" width=\"1100\" height=\"765\" srcset=\"https:\/\/www.blackturtledive.com\/wp-content\/uploads\/2020\/12\/blackturtledive.com-learn-discover-scuba-diving-koh-tao.jpg 1100w, https:\/\/www.blackturtledive.com\/wp-content\/uploads\/2020\/12\/blackturtledive.com-learn-discover-scuba-diving-koh-tao-300x209.jpg 300w, https:\/\/www.blackturtledive.com\/wp-content\/uploads\/2020\/12\/blackturtledive.com-learn-discover-scuba-diving-koh-tao-1024x712.jpg 1024w, https:\/\/www.blackturtledive.com\/wp-content\/uploads\/2020\/12\/blackturtledive.com-learn-discover-scuba-diving-koh-tao-768x534.jpg 768w, https:\/\/www.blackturtledive.com\/wp-content\/uploads\/2020\/12\/blackturtledive.com-learn-discover-scuba-diving-koh-tao-150x104.jpg 150w\" sizes=\"(max-width: 1100px) 100vw, 1100px\" \/><figcaption id=\"caption-attachment-2203\" class=\"wp-caption-text\">Erkunden Sie Koh Tao &#8211; PADI Discover Scuba Diving<\/figcaption><\/figure>\n<h3>Discover Scuba Diving Erlebnisprogramm Koh Tao<strong>&nbsp;<\/strong><\/h3>\n<p>Das <a href=\"https:\/\/www.blackturtledive.com\/experience-programs\/padi-discover-scuba-diving\/\">Discover Scuba Diving<\/a> Erlebnis ist eine weltber\u00fchmte Einstiegseinf\u00fchrung ins Tauchen und eignet sich f\u00fcr alle ab 10 Jahren, die <em>fit to dive<\/em> sind.<\/p>\n<p>Wir beginnen mit einigen grundlegenden Tauchf\u00e4higkeiten, die von einem unserer <a href=\"https:\/\/www.blackturtledive.com\/padi-pro-level\/dive-instructor-course\/\">PADI Diving Instructors<\/a> durchgef\u00fchrt werden, wie zum Beispiel das Reinigen Ihrer Maske und Ihres Atemreglers in Wasser, das tief genug ist, um mit dem Kopf \u00fcber der Oberfl\u00e4che zu stehen.<\/p>\n<h3><span style=\"color: #28d4ff;\">1-Tages-Tauch-Erlebnis f\u00fcr Anf\u00e4nger<\/span><\/h3>\n<p>Sobald Sie die F\u00e4higkeiten gemeistert haben, haben Sie die M\u00f6glichkeit, unter Anleitung einen Tauchgang rund um das <a href=\"https:\/\/www.blackturtledive.com\/conservation\/marine-conservation-courses\/coral-watch-specialty\/\">Korallenriff<\/a> zu machen.<\/p>\n<p>Das Programm hat eine maximale Tiefe von 12 Metern und kann auf den Open Water Kurs angerechnet werden.<\/p>\n<p>Das PADI Discover Scuba Diving Erlebnis ist perfekt f\u00fcr Anf\u00e4nger und f\u00fcr alle, die sich nicht sicher sind, ob ihnen das Tauchen gef\u00e4llt, oder f\u00fcr diejenigen, die keine Zeit haben, sich einem vollst\u00e4ndigen Kurs zu verpflichten.<\/p>\n<p><a class=\"fasc-button fasc-size-large fasc-type-flat\" style=\"background-color: #33809e; color: #ffffff;\" href=\"https:\/\/www.blackturtledive.com\/diving-course-prices\/#beginners\">JETZT BUCHEN<\/a>[\/vc_column_text][\/vc_column][\/vc_row]<\/p>\n<\/div>","protected":false},"excerpt":{"rendered":"<p>Unsere Koh Tao Erlebnisprogramme reichen von Tauchkursen f\u00fcr Kinder \u00fcber Schnuppertauchg\u00e4nge f\u00fcr Kinder ab 10 Jahren bis hin zu Schwimmkursen oder Schnorchelausfl\u00fcgen in den wundersch\u00f6nen Buchten und dem tropischen Meer von Koh Tao.<\/p>\n","protected":false},"author":2,"featured_media":17924,"parent":0,"menu_order":0,"comment_status":"closed","ping_status":"closed","template":"","meta":{"_acf_changed":false,"footnotes":""},"class_list":["post-18729","page","type-page","status-publish","has-post-thumbnail","hentry"],"acf":[],"yoast_head":"<!-- This site is optimized with the Yoast SEO Premium plugin v27.6 (Yoast SEO v27.6) - https:\/\/yoast.com\/product\/yoast-seo-premium-wordpress\/ -->\n<title>Erlebnisprogramm auf Koh Tao | Black Turtle Dive<\/title>\n<meta name=\"description\" content=\"Unsere Koh Tao Erlebnisprogramme umfassen Tauchen f\u00fcr Kinder, Schnuppertauchen f\u00fcr Kinder ab 10 Jahren, Schwimmkurse oder Schnorchelausfl\u00fcge rund um Koh Tao.\" \/>\n<meta name=\"robots\" content=\"index, follow, max-snippet:-1, max-image-preview:large, max-video-preview:-1\" \/>\n<link rel=\"canonical\" href=\"https:\/\/www.blackturtledive.com\/de\/experience-programs\/\" \/>\n<meta property=\"og:locale\" content=\"de_DE\" \/>\n<meta property=\"og:type\" content=\"article\" \/>\n<meta property=\"og:title\" content=\"Koh Tao Experience Programs | Black Turtle Dive\" \/>\n<meta property=\"og:description\" content=\"Our Koh Tao Experience programs include scuba diving for kids, Discover Scuba Diving for 10+ years of age, swimming lessons or snorkeling around Koh Tao\" \/>\n<meta property=\"og:url\" content=\"https:\/\/www.blackturtledive.com\/de\/experience-programs\/\" \/>\n<meta property=\"og:site_name\" content=\"Black Turtle Dive Koh Tao\" \/>\n<meta property=\"article:publisher\" content=\"https:\/\/www.facebook.com\/blackturtledive\" \/>\n<meta property=\"article:modified_time\" content=\"2026-05-05T14:25:52+00:00\" \/>\n<meta property=\"og:image\" content=\"https:\/\/www.blackturtledive.com\/wp-content\/uploads\/2020\/11\/blackturtledive.com-best-padi-divemaster-course-koh-tao.jpg\" \/>\n\t<meta property=\"og:image:width\" content=\"1200\" \/>\n\t<meta property=\"og:image:height\" content=\"800\" \/>\n\t<meta property=\"og:image:type\" content=\"image\/jpeg\" \/>\n<meta name=\"twitter:card\" content=\"summary_large_image\" \/>\n<meta name=\"twitter:title\" content=\"Koh Tao Experience Programs | Black Turtle Dive\" \/>\n<meta name=\"twitter:description\" content=\"Our Koh Tao Experience programs include scuba diving for kids, Discover Scuba Diving for 10+ years of age, swimming lessons or snorkeling around Koh Tao\" \/>\n<meta name=\"twitter:image\" content=\"https:\/\/www.blackturtledive.com\/wp-content\/uploads\/2020\/11\/blackturtledive.com-best-padi-divemaster-course-koh-tao.jpg\" \/>\n<meta name=\"twitter:site\" content=\"@blackturtledive\" \/>\n<meta name=\"twitter:label1\" content=\"Gesch\u00e4tzte Lesezeit\" \/>\n\t<meta name=\"twitter:data1\" content=\"5\u00a0Minuten\" \/>\n<!-- \/ Yoast SEO Premium plugin. -->","yoast_head_json":{"title":"Erlebnisprogramm auf Koh Tao | Black Turtle Dive","description":"Unsere Koh Tao Erlebnisprogramme umfassen Tauchen f\u00fcr Kinder, Schnuppertauchen f\u00fcr Kinder ab 10 Jahren, Schwimmkurse oder Schnorchelausfl\u00fcge rund um Koh Tao.","robots":{"index":"index","follow":"follow","max-snippet":"max-snippet:-1","max-image-preview":"max-image-preview:large","max-video-preview":"max-video-preview:-1"},"canonical":"https:\/\/www.blackturtledive.com\/de\/experience-programs\/","og_locale":"de_DE","og_type":"article","og_title":"Koh Tao Experience Programs | Black Turtle Dive","og_description":"Our Koh Tao Experience programs include scuba diving for kids, Discover Scuba Diving for 10+ years of age, swimming lessons or snorkeling around Koh Tao","og_url":"https:\/\/www.blackturtledive.com\/de\/experience-programs\/","og_site_name":"Black Turtle Dive Koh Tao","article_publisher":"https:\/\/www.facebook.com\/blackturtledive","article_modified_time":"2026-05-05T14:25:52+00:00","og_image":[{"width":1200,"height":800,"url":"https:\/\/www.blackturtledive.com\/wp-content\/uploads\/2020\/11\/blackturtledive.com-best-padi-divemaster-course-koh-tao.jpg","type":"image\/jpeg"}],"twitter_card":"summary_large_image","twitter_title":"Koh Tao Experience Programs | Black Turtle Dive","twitter_description":"Our Koh Tao Experience programs include scuba diving for kids, Discover Scuba Diving for 10+ years of age, swimming lessons or snorkeling around Koh Tao","twitter_image":"https:\/\/www.blackturtledive.com\/wp-content\/uploads\/2020\/11\/blackturtledive.com-best-padi-divemaster-course-koh-tao.jpg","twitter_site":"@blackturtledive","twitter_misc":{"Gesch\u00e4tzte Lesezeit":"5\u00a0Minuten"},"schema":{"@context":"https:\/\/schema.org","@graph":[{"@type":"WebPage","@id":"https:\/\/www.blackturtledive.com\/de\/experience-programs\/","url":"https:\/\/www.blackturtledive.com\/de\/experience-programs\/","name":"Erlebnisprogramm auf Koh Tao | Black Turtle Dive","isPartOf":{"@id":"https:\/\/www.blackturtledive.com\/de\/#website"},"primaryImageOfPage":{"@id":"https:\/\/www.blackturtledive.com\/de\/experience-programs\/#primaryimage"},"image":{"@id":"https:\/\/www.blackturtledive.com\/de\/experience-programs\/#primaryimage"},"thumbnailUrl":"https:\/\/www.blackturtledive.com\/wp-content\/uploads\/2020\/11\/blackturtledive.com-experience-programs-on-koh-tao-for-all-ages.jpg","datePublished":"2020-09-19T14:27:25+00:00","dateModified":"2026-05-05T14:25:52+00:00","description":"Unsere Koh Tao Erlebnisprogramme umfassen Tauchen f\u00fcr Kinder, Schnuppertauchen f\u00fcr Kinder ab 10 Jahren, Schwimmkurse oder Schnorchelausfl\u00fcge rund um Koh Tao.","breadcrumb":{"@id":"https:\/\/www.blackturtledive.com\/de\/experience-programs\/#breadcrumb"},"inLanguage":"de","potentialAction":[{"@type":"ReadAction","target":["https:\/\/www.blackturtledive.com\/de\/experience-programs\/"]}]},{"@type":"ImageObject","inLanguage":"de","@id":"https:\/\/www.blackturtledive.com\/de\/experience-programs\/#primaryimage","url":"https:\/\/www.blackturtledive.com\/wp-content\/uploads\/2020\/11\/blackturtledive.com-experience-programs-on-koh-tao-for-all-ages.jpg","contentUrl":"https:\/\/www.blackturtledive.com\/wp-content\/uploads\/2020\/11\/blackturtledive.com-experience-programs-on-koh-tao-for-all-ages.jpg","width":1500,"height":500,"caption":"Snorkel, Swim or Diving Experience Programs Koh Tao"},{"@type":"BreadcrumbList","@id":"https:\/\/www.blackturtledive.com\/de\/experience-programs\/#breadcrumb","itemListElement":[{"@type":"ListItem","position":1,"name":"Home","item":"https:\/\/www.blackturtledive.com\/de\/"},{"@type":"ListItem","position":2,"name":"Erlebnisprogramme"}]},{"@type":"WebSite","@id":"https:\/\/www.blackturtledive.com\/de\/#website","url":"https:\/\/www.blackturtledive.com\/de\/","name":"Black Turtle Dive Koh Tao","description":"Ocean Explorers | Marine Protectors","publisher":{"@id":"https:\/\/www.blackturtledive.com\/de\/#organization"},"alternateName":"Black Turtle Dive in Thailand","potentialAction":[{"@type":"SearchAction","target":{"@type":"EntryPoint","urlTemplate":"https:\/\/www.blackturtledive.com\/de\/?s={search_term_string}"},"query-input":{"@type":"PropertyValueSpecification","valueRequired":true,"valueName":"search_term_string"}}],"inLanguage":"de"},{"@type":"Organization","@id":"https:\/\/www.blackturtledive.com\/de\/#organization","name":"Black Turtle Dive Koh Tao","alternateName":"Black Turtle Dive","url":"https:\/\/www.blackturtledive.com\/de\/","logo":{"@type":"ImageObject","inLanguage":"de","@id":"https:\/\/www.blackturtledive.com\/de\/#\/schema\/logo\/image\/","url":"https:\/\/www.blackturtledive.com\/wp-content\/uploads\/2020\/11\/cropped-blackturtledive.com-brand-logo.png","contentUrl":"https:\/\/www.blackturtledive.com\/wp-content\/uploads\/2020\/11\/cropped-blackturtledive.com-brand-logo.png","width":400,"height":400,"caption":"Black Turtle Dive Koh Tao"},"image":{"@id":"https:\/\/www.blackturtledive.com\/de\/#\/schema\/logo\/image\/"},"sameAs":["https:\/\/www.facebook.com\/blackturtledive","https:\/\/x.com\/blackturtledive","https:\/\/www.instagram.com\/blackturtledive\/","https:\/\/www.youtube.com\/blackturtledive","https:\/\/www.linkedin.com\/company\/blackturtledive\/","https:\/\/www.tumblr.com\/blackturtledive","https:\/\/www.pinterest.com\/blackturtledive\/","https:\/\/www.tiktok.com\/@blackturtledive","https:\/\/www.reddit.com\/user\/blackturtledive\/"],"description":"Black Turtle Dive is a modern and innovative 5 Star Career Development Scuba Diving Center, passionate about the ocean and through training we want to empower you to become a competent and confident scuba diver. Our diving courses equip you with the skills, knowledge and awareness necessary to explore the ocean safely, whilst becoming a passionate advocate and protector of the marine environment. If you have never dived before or are a certified diver and want to develop your skills further, our tailored, bespoke courses and programs will inspire you to become an Ocean advocate. Our scientific based Marine Conservation Internships and training programs, offer aspiring scuba divers and marine conservationists, the best marine conservation internships on Koh Tao. We currently offer students six levels of Marine Conservation Internships at our beachside location on Koh Tao in Thailand. Check out our website for more information.","email":"info@blackturtledive.com","telephone":"089 592 2134","legalName":"Black Turtle Dive Co Ltd","foundingDate":"2020-01-01","publishingPrinciples":"https:\/\/www.blackturtledive.com\/terms\/","ownershipFundingInfo":"https:\/\/www.blackturtledive.com\/terms\/","actionableFeedbackPolicy":"https:\/\/www.blackturtledive.com\/privacy-policy\/","correctionsPolicy":"https:\/\/www.blackturtledive.com\/privacy-policy\/","ethicsPolicy":"https:\/\/www.blackturtledive.com\/privacy-policy\/","diversityPolicy":"https:\/\/www.blackturtledive.com\/privacy-policy\/"}]}},"_links":{"self":[{"href":"https:\/\/www.blackturtledive.com\/de\/wp-json\/wp\/v2\/pages\/18729","targetHints":{"allow":["GET"]}}],"collection":[{"href":"https:\/\/www.blackturtledive.com\/de\/wp-json\/wp\/v2\/pages"}],"about":[{"href":"https:\/\/www.blackturtledive.com\/de\/wp-json\/wp\/v2\/types\/page"}],"author":[{"embeddable":true,"href":"https:\/\/www.blackturtledive.com\/de\/wp-json\/wp\/v2\/users\/2"}],"replies":[{"embeddable":true,"href":"https:\/\/www.blackturtledive.com\/de\/wp-json\/wp\/v2\/comments?post=18729"}],"version-history":[{"count":1,"href":"https:\/\/www.blackturtledive.com\/de\/wp-json\/wp\/v2\/pages\/18729\/revisions"}],"predecessor-version":[{"id":70965,"href":"https:\/\/www.blackturtledive.com\/de\/wp-json\/wp\/v2\/pages\/18729\/revisions\/70965"}],"wp:featuredmedia":[{"embeddable":true,"href":"https:\/\/www.blackturtledive.com\/de\/wp-json\/wp\/v2\/media\/17924"}],"wp:attachment":[{"href":"https:\/\/www.blackturtledive.com\/de\/wp-json\/wp\/v2\/media?parent=18729"}],"curies":[{"name":"wp","href":"https:\/\/api.w.org\/{rel}","templated":true}]}}