{"id":18739,"date":"2020-09-19T20:53:58","date_gmt":"2020-09-19T13:53:58","guid":{"rendered":"https:\/\/www.blackturtledive.com\/contact-us\/"},"modified":"2026-05-05T21:26:03","modified_gmt":"2026-05-05T14:26:03","slug":"contact-us","status":"publish","type":"page","link":"https:\/\/www.blackturtledive.com\/de\/contact-us\/","title":{"rendered":"Kontakt"},"content":{"rendered":"<div class=\"wpb-content-wrapper\"><p>[vc_row][vc_column][vc_column_text css=&#8220;&#8220;]F\u00fcllen Sie das untenstehende Formular aus und geben Sie alle Ihre Angaben an, damit wir Ihnen genaue Informationen zusenden k\u00f6nnen. Sie k\u00f6nnen uns auch \u00fcber unsere Chat\u2011Plattformen, Social\u2011Channels oder per E\u2011Mail erreichen.[\/vc_column_text][vc_single_image image=&#8220;19490&#8243; img_size=&#8220;full&#8220; add_caption=&#8220;yes&#8220; onclick=&#8220;custom_link&#8220; img_link_target=&#8220;_blank&#8220; link=&#8220;https:\/\/maps.google.com\/maps?ll=10.084255,99.824461&amp;z=17&amp;t=m&amp;hl=en&amp;gl=TH&amp;mapclient=embed&amp;cid=13225263595226387887&#8243;][vc_row_inner][vc_column_inner]\n<div class=\"wpcf7 no-js\" id=\"wpcf7-f18598-o1\" lang=\"de-DE\" dir=\"ltr\" data-wpcf7-id=\"18598\">\n<div class=\"screen-reader-response\"><p role=\"status\" aria-live=\"polite\" aria-atomic=\"true\"><\/p> <ul><\/ul><\/div>\n<form action=\"\/de\/wp-json\/wp\/v2\/pages\/18739#wpcf7-f18598-o1\" method=\"post\" class=\"wpcf7-form init\" aria-label=\"Kontaktformular\" novalidate=\"novalidate\" data-status=\"init\">\n<fieldset class=\"hidden-fields-container\"><input type=\"hidden\" name=\"_wpcf7\" value=\"18598\" \/><input type=\"hidden\" name=\"_wpcf7_version\" value=\"6.1.6\" \/><input type=\"hidden\" name=\"_wpcf7_locale\" value=\"de_DE\" \/><input type=\"hidden\" name=\"_wpcf7_unit_tag\" value=\"wpcf7-f18598-o1\" \/><input type=\"hidden\" name=\"_wpcf7_container_post\" value=\"0\" \/><input type=\"hidden\" name=\"_wpcf7_posted_data_hash\" value=\"\" \/>\n<\/fieldset>\n<div class=\"row\">\n\t<div class=\"col-sm-6\">\n\t\t<label>Vorname *<\/label>\n\t\t<span class=\"wpcf7-form-control-wrap\" data-name=\"Firstname\"><input size=\"40\" maxlength=\"400\" class=\"wpcf7-form-control wpcf7-text wpcf7-validates-as-required\" aria-required=\"true\" aria-invalid=\"false\" value=\"\" type=\"text\" name=\"Firstname\" \/><\/span>\n\t<\/div>\n\t<div class=\"col-sm-6\">\n\t\t<label>Nachname *<\/label>\n\t\t<span class=\"wpcf7-form-control-wrap\" data-name=\"Lastname\"><input size=\"40\" maxlength=\"400\" class=\"wpcf7-form-control wpcf7-text wpcf7-validates-as-required\" aria-required=\"true\" aria-invalid=\"false\" value=\"\" type=\"text\" name=\"Lastname\" \/><\/span>\n\t<\/div>\t\t\t\n<\/div>\n<div class=\"row\">\n\t<div class=\"col-sm-6\">\n\t\t<label>Nationalit\u00e4t *<\/label>\n\t\t<span class=\"wpcf7-form-control-wrap\" data-name=\"Nationality\"><input size=\"40\" maxlength=\"400\" class=\"wpcf7-form-control wpcf7-text wpcf7-validates-as-required\" aria-required=\"true\" aria-invalid=\"false\" value=\"\" type=\"text\" name=\"Nationality\" \/><\/span>\n\t<\/div>\n\t<div class=\"col-sm-6\">   \n\t\t<label>Wie haben Sie von uns erfahren? *<\/label>             \n\t\t<span class=\"wpcf7-form-control-wrap\" data-name=\"howdidyouhearaboutus\"><select class=\"wpcf7-form-control wpcf7-select wpcf7-validates-as-required\" aria-required=\"true\" aria-invalid=\"false\" name=\"howdidyouhearaboutus\"><option value=\"Google Search\">Google Search<\/option><option value=\"Google AD\">Google AD<\/option><option value=\"Facebook AD\">Facebook AD<\/option><option value=\"Facebook\">Facebook<\/option><option value=\"Instagram\">Instagram<\/option><option value=\"Freundesempfehlung\">Freundesempfehlung<\/option><option value=\"WhatsApp\">WhatsApp<\/option><option value=\"Line\">Line<\/option><option value=\"Sonstiges\">Sonstiges<\/option><\/select><\/span>\n\t<\/div>\t\t\t\n<\/div>\n<div class=\"row\">\n\t<div class=\"col-sm-6\">\n\t\t<label>E-Mail *<\/label>\n\t\t<span class=\"wpcf7-form-control-wrap\" data-name=\"yemail\"><input size=\"40\" maxlength=\"400\" class=\"wpcf7-form-control wpcf7-email wpcf7-validates-as-required wpcf7-text wpcf7-validates-as-email\" aria-required=\"true\" aria-invalid=\"false\" value=\"\" type=\"email\" name=\"yemail\" \/><\/span>\n\t<\/div>\n\t<div class=\"col-sm-6\">   \n\t\t<label>Aktuelles Tauchlevel *<\/label>             \n\t\t<span class=\"wpcf7-form-control-wrap\" data-name=\"CurrentDiverLevel\"><select class=\"wpcf7-form-control wpcf7-select wpcf7-validates-as-required\" aria-required=\"true\" aria-invalid=\"false\" name=\"CurrentDiverLevel\"><option value=\"Anf\u00e4nger\">Anf\u00e4nger<\/option><option value=\"Open Water\">Open Water<\/option><option value=\"Advanced Diver\">Advanced Diver<\/option><option value=\"Rescue Diver\">Rescue Diver<\/option><option value=\"Divemaster\">Divemaster<\/option><option value=\"Tauchlehrer\">Tauchlehrer<\/option><\/select><\/span>\n\t<\/div>\t\t\t\n<\/div>\n<div class=\"row\">\n\t<div class=\"col-sm-6\">\n\t\t<label>Tauchkurse<\/label>   \n\t\t<span class=\"wpcf7-form-control-wrap\" data-name=\"Divecourse\"><span class=\"wpcf7-form-control wpcf7-checkbox wpcf7-validates-as-required\"><span class=\"wpcf7-list-item first\"><label><input type=\"checkbox\" name=\"Divecourse[]\" value=\"PADI Discover Scuba Diving\" \/><span class=\"wpcf7-list-item-label\">PADI Discover Scuba Diving<\/span><\/label><\/span><span class=\"wpcf7-list-item\"><label><input type=\"checkbox\" name=\"Divecourse[]\" value=\"PADI Scuba Diver Course\" \/><span class=\"wpcf7-list-item-label\">PADI Scuba Diver Course<\/span><\/label><\/span><span class=\"wpcf7-list-item\"><label><input type=\"checkbox\" name=\"Divecourse[]\" value=\"PADI Open Water Course\" \/><span class=\"wpcf7-list-item-label\">PADI Open Water Course<\/span><\/label><\/span><span class=\"wpcf7-list-item\"><label><input type=\"checkbox\" name=\"Divecourse[]\" value=\"PADI Advanced Open Water Course\" \/><span class=\"wpcf7-list-item-label\">PADI Advanced Open Water Course<\/span><\/label><\/span><span class=\"wpcf7-list-item\"><label><input type=\"checkbox\" name=\"Divecourse[]\" value=\"PADI Rescue Diver Course (inkl. EFR)\" \/><span class=\"wpcf7-list-item-label\">PADI Rescue Diver Course (inkl. EFR)<\/span><\/label><\/span><span class=\"wpcf7-list-item\"><label><input type=\"checkbox\" name=\"Divecourse[]\" value=\"PADI Divemaster Course\" \/><span class=\"wpcf7-list-item-label\">PADI Divemaster Course<\/span><\/label><\/span><span class=\"wpcf7-list-item last\"><label><input type=\"checkbox\" name=\"Divecourse[]\" value=\"PADI Instructor Course (IDC)\" \/><span class=\"wpcf7-list-item-label\">PADI Instructor Course (IDC)<\/span><\/label><\/span><\/span><\/span>\n\t<\/div>\n\t<div class=\"col-sm-6\">\n\t\t<label>Tauchpakete<\/label>\n\t\t<span class=\"wpcf7-form-control-wrap\" data-name=\"Divepackages\"><span class=\"wpcf7-form-control wpcf7-checkbox\"><span class=\"wpcf7-list-item first\"><label><input type=\"checkbox\" name=\"Divepackages[]\" value=\"Open Water + Advanced Open Water\" \/><span class=\"wpcf7-list-item-label\">Open Water + Advanced Open Water<\/span><\/label><\/span><span class=\"wpcf7-list-item\"><label><input type=\"checkbox\" name=\"Divepackages[]\" value=\"Open Water + Advanced + Rescue Diver\" \/><span class=\"wpcf7-list-item-label\">Open Water + Advanced + Rescue Diver<\/span><\/label><\/span><span class=\"wpcf7-list-item\"><label><input type=\"checkbox\" name=\"Divepackages[]\" value=\"Advanced Open Water + Rescue Diver\" \/><span class=\"wpcf7-list-item-label\">Advanced Open Water + Rescue Diver<\/span><\/label><\/span><span class=\"wpcf7-list-item\"><label><input type=\"checkbox\" name=\"Divepackages[]\" value=\"Full Lifestyle Internship - PADI Divemaster\" \/><span class=\"wpcf7-list-item-label\">Full Lifestyle Internship - PADI Divemaster<\/span><\/label><\/span><span class=\"wpcf7-list-item\"><label><input type=\"checkbox\" name=\"Divepackages[]\" value=\"Full Lifestyle Internship - PADI Instructor\" \/><span class=\"wpcf7-list-item-label\">Full Lifestyle Internship - PADI Instructor<\/span><\/label><\/span><span class=\"wpcf7-list-item last\"><label><input type=\"checkbox\" name=\"Divepackages[]\" value=\"Sonstiges (bitte unten kommentieren)\" \/><span class=\"wpcf7-list-item-label\">Sonstiges (bitte unten kommentieren)<\/span><\/label><\/span><\/span><\/span>\n\t<\/div>\t\t\t\n<\/div>\n<div class=\"row\">\n\t<div class=\"col-sm-12\">\n\t\t<label>Anreisedatum *<\/label>\n\t\t<span class=\"wpcf7-form-control-wrap\" data-name=\"ArrivalDate\"><input class=\"wpcf7-form-control wpcf7-date wpcf7-validates-as-required wpcf7-validates-as-date bt-date\" min=\"2026-05-16\" aria-required=\"true\" aria-invalid=\"false\" value=\"\" type=\"date\" name=\"ArrivalDate\" \/><\/span>\t\n\t<\/div>\t\t\t\n<\/div>\n\n<div class=\"row\">\n           <div class=\"col-sm-6\">\n\t\t<label>Unterkunftsoptionen<\/label>\n\t\t<span class=\"wpcf7-form-control-wrap\" data-name=\"AccommodationOptions\"><span class=\"wpcf7-form-control wpcf7-checkbox\"><span class=\"wpcf7-list-item first\"><label><input type=\"checkbox\" name=\"AccommodationOptions[]\" value=\"Einzel Fan\" \/><span class=\"wpcf7-list-item-label\">Einzel Fan<\/span><\/label><\/span><span class=\"wpcf7-list-item\"><label><input type=\"checkbox\" name=\"AccommodationOptions[]\" value=\"Doppel Fan\" \/><span class=\"wpcf7-list-item-label\">Doppel Fan<\/span><\/label><\/span><span class=\"wpcf7-list-item\"><label><input type=\"checkbox\" name=\"AccommodationOptions[]\" value=\"Twin Fan (Bungalows)\" \/><span class=\"wpcf7-list-item-label\">Twin Fan (Bungalows)<\/span><\/label><\/span><span class=\"wpcf7-list-item\"><label><input type=\"checkbox\" name=\"AccommodationOptions[]\" value=\"Einzel AC\" \/><span class=\"wpcf7-list-item-label\">Einzel AC<\/span><\/label><\/span><span class=\"wpcf7-list-item\"><label><input type=\"checkbox\" name=\"AccommodationOptions[]\" value=\"Doppel AC\" \/><span class=\"wpcf7-list-item-label\">Doppel AC<\/span><\/label><\/span><span class=\"wpcf7-list-item last\"><label><input type=\"checkbox\" name=\"AccommodationOptions[]\" value=\"Twin AC\" \/><span class=\"wpcf7-list-item-label\">Twin AC<\/span><\/label><\/span><\/span><\/span>\t\n\t<\/div>\n\t<div class=\"col-sm-6 inline-check\">\n\t\t<label>Kursprache *<\/label>\n\t\t<span class=\"wpcf7-form-control-wrap\" data-name=\"CourseLanguage\"><span class=\"wpcf7-form-control wpcf7-checkbox wpcf7-validates-as-required\"><span class=\"wpcf7-list-item first\"><label><input type=\"checkbox\" name=\"CourseLanguage[]\" value=\"EN\" \/><span class=\"wpcf7-list-item-label\">EN<\/span><\/label><\/span><span class=\"wpcf7-list-item\"><label><input type=\"checkbox\" name=\"CourseLanguage[]\" value=\"TH\" \/><span class=\"wpcf7-list-item-label\">TH<\/span><\/label><\/span><span class=\"wpcf7-list-item\"><label><input type=\"checkbox\" name=\"CourseLanguage[]\" value=\"DE\" \/><span class=\"wpcf7-list-item-label\">DE<\/span><\/label><\/span><span class=\"wpcf7-list-item\"><label><input type=\"checkbox\" name=\"CourseLanguage[]\" value=\"FR\" \/><span class=\"wpcf7-list-item-label\">FR<\/span><\/label><\/span><span class=\"wpcf7-list-item\"><label><input type=\"checkbox\" name=\"CourseLanguage[]\" value=\"NL\" \/><span class=\"wpcf7-list-item-label\">NL<\/span><\/label><\/span><span class=\"wpcf7-list-item\"><label><input type=\"checkbox\" name=\"CourseLanguage[]\" value=\"DK\" \/><span class=\"wpcf7-list-item-label\">DK<\/span><\/label><\/span><span class=\"wpcf7-list-item\"><label><input type=\"checkbox\" name=\"CourseLanguage[]\" value=\"ES\" \/><span class=\"wpcf7-list-item-label\">ES<\/span><\/label><\/span><span class=\"wpcf7-list-item\"><label><input type=\"checkbox\" name=\"CourseLanguage[]\" value=\"KO\" \/><span class=\"wpcf7-list-item-label\">KO<\/span><\/label><\/span><span class=\"wpcf7-list-item\"><label><input type=\"checkbox\" name=\"CourseLanguage[]\" value=\"CN\" \/><span class=\"wpcf7-list-item-label\">CN<\/span><\/label><\/span><span class=\"wpcf7-list-item\"><label><input type=\"checkbox\" name=\"CourseLanguage[]\" value=\"JP\" \/><span class=\"wpcf7-list-item-label\">JP<\/span><\/label><\/span><span class=\"wpcf7-list-item last\"><label><input type=\"checkbox\" name=\"CourseLanguage[]\" value=\"RU\" \/><span class=\"wpcf7-list-item-label\">RU<\/span><\/label><\/span><\/span><\/span>\t\n\t<\/div>\t\t\n<\/div>\n<div class=\"row\">\n\t<div class=\"col-sm-6\">\n\t\t<label>Namen der Taucher *<\/label>\n\t\t<span class=\"wpcf7-form-control-wrap\" data-name=\"DiversNames\"><textarea cols=\"40\" rows=\"10\" maxlength=\"2000\" class=\"wpcf7-form-control wpcf7-textarea wpcf7-validates-as-required\" aria-required=\"true\" aria-invalid=\"false\" name=\"DiversNames\"><\/textarea><\/span>\n\t<\/div>\n\t<div class=\"col-sm-6\">\n\t\t<label>Kommentare *<\/label>\n\t\t<span class=\"wpcf7-form-control-wrap\" data-name=\"Comments\"><textarea cols=\"40\" rows=\"10\" maxlength=\"2000\" class=\"wpcf7-form-control wpcf7-textarea wpcf7-validates-as-required\" aria-required=\"true\" aria-invalid=\"false\" name=\"Comments\"><\/textarea><\/span>\n\t<\/div>\t\t\t\n<\/div>\n\n<div class=\"row\">\n\t<div class=\"col-sm-12\">\n\t<input class=\"wpcf7-form-control wpcf7-submit has-spinner\" type=\"submit\" value=\"SENDEN\" \/>\n\t<\/div>\t\n<\/div><p style=\"display: none !important;\" class=\"akismet-fields-container\" data-prefix=\"_wpcf7_ak_\"><label>&#916;<textarea name=\"_wpcf7_ak_hp_textarea\" cols=\"45\" rows=\"8\" maxlength=\"100\"><\/textarea><\/label><input type=\"hidden\" id=\"ak_js_1\" name=\"_wpcf7_ak_js\" value=\"222\"\/><script>\ndocument.getElementById( \"ak_js_1\" ).setAttribute( \"value\", ( new Date() ).getTime() );\n<\/script>\n<\/p><div class=\"wpcf7-response-output\" aria-hidden=\"true\"><\/div>\n<\/form>\n<\/div>\n[\/vc_column_inner][\/vc_row_inner][\/vc_column][\/vc_row]<\/p>\n<\/div>","protected":false},"excerpt":{"rendered":"<p>[vc_row][vc_column][vc_column_text css=&#8220;&#8220;]F\u00fcllen Sie das untenstehende Formular aus und geben Sie alle Ihre Angaben an, damit wir Ihnen genaue Informationen zusenden k\u00f6nnen. Sie k\u00f6nnen uns auch \u00fcber unsere Chat\u2011Plattformen, Social\u2011Channels oder per E\u2011Mail erreichen.[\/vc_column_text][vc_single_image image=&#8220;19490&#8243; img_size=&#8220;full&#8220; add_caption=&#8220;yes&#8220; onclick=&#8220;custom_link&#8220; img_link_target=&#8220;_blank&#8220; link=&#8220;https:\/\/maps.google.com\/maps?ll=10.084255,99.824461&amp;z=17&amp;t=m&amp;hl=en&amp;gl=TH&amp;mapclient=embed&amp;cid=13225263595226387887&#8243;][vc_row_inner][vc_column_inner][\/vc_column_inner][\/vc_row_inner][\/vc_column][\/vc_row]<\/p>\n","protected":false},"author":2,"featured_media":17976,"parent":0,"menu_order":0,"comment_status":"closed","ping_status":"closed","template":"","meta":{"_acf_changed":false,"footnotes":""},"class_list":["post-18739","page","type-page","status-publish","has-post-thumbnail","hentry"],"acf":[],"yoast_head":"<!-- This site is optimized with the Yoast SEO Premium plugin v27.6 (Yoast SEO v27.6) - https:\/\/yoast.com\/product\/yoast-seo-premium-wordpress\/ -->\n<title>Kontaktieren Sie uns f\u00fcr weitere Informationen | Black Turtle Dive<\/title>\n<meta name=\"description\" content=\"Kontaktieren Sie uns f\u00fcr aktuelle Preise und Kurspl\u00e4ne aller PADI-Tauchkurse, Tauchpraktika, Erlebnisprogramme und Spezialkurse auf Koh Tao.\" \/>\n<meta name=\"robots\" content=\"index, follow, max-snippet:-1, max-image-preview:large, max-video-preview:-1\" \/>\n<link rel=\"canonical\" href=\"https:\/\/www.blackturtledive.com\/de\/contact-us\/\" \/>\n<meta property=\"og:locale\" content=\"de_DE\" \/>\n<meta property=\"og:type\" content=\"article\" \/>\n<meta property=\"og:title\" content=\"Contact for Koh Tao PADI Diving Courses | Black Turtle Dive\" \/>\n<meta property=\"og:description\" content=\"Contact us for current prices and course schedules for all Koh Tao PADI Diving Courses, scuba diving internships, experience programs and specialty courses\" \/>\n<meta property=\"og:url\" content=\"https:\/\/www.blackturtledive.com\/de\/contact-us\/\" \/>\n<meta property=\"og:site_name\" content=\"Black Turtle Dive Koh Tao\" \/>\n<meta property=\"article:publisher\" content=\"https:\/\/www.facebook.com\/blackturtledive\" \/>\n<meta property=\"article:modified_time\" content=\"2026-05-05T14:26:03+00:00\" \/>\n<meta property=\"og:image\" content=\"https:\/\/www.blackturtledive.com\/wp-content\/uploads\/2020\/11\/blackturtledive.com-padi-discover-scuba-diving-koh-tao.jpg\" \/>\n\t<meta property=\"og:image:width\" content=\"1000\" \/>\n\t<meta property=\"og:image:height\" content=\"666\" \/>\n\t<meta property=\"og:image:type\" content=\"image\/jpeg\" \/>\n<meta name=\"twitter:card\" content=\"summary_large_image\" \/>\n<meta name=\"twitter:title\" content=\"Contact for Koh Tao PADI Diving Courses | Black Turtle Dive\" \/>\n<meta name=\"twitter:description\" content=\"Contact us for current prices and course schedules for all Koh Tao PADI Diving Courses, scuba diving internships, experience programs and specialty courses\" \/>\n<meta name=\"twitter:image\" content=\"https:\/\/www.blackturtledive.com\/wp-content\/uploads\/2020\/11\/blackturtledive.com-padi-discover-scuba-diving-koh-tao.jpg\" \/>\n<meta name=\"twitter:site\" content=\"@blackturtledive\" \/>\n<meta name=\"twitter:label1\" content=\"Gesch\u00e4tzte Lesezeit\" \/>\n\t<meta name=\"twitter:data1\" content=\"1\u00a0Minute\" \/>\n<!-- \/ Yoast SEO Premium plugin. -->","yoast_head_json":{"title":"Kontaktieren Sie uns f\u00fcr weitere Informationen | Black Turtle Dive","description":"Kontaktieren Sie uns f\u00fcr aktuelle Preise und Kurspl\u00e4ne aller PADI-Tauchkurse, Tauchpraktika, Erlebnisprogramme und Spezialkurse auf Koh Tao.","robots":{"index":"index","follow":"follow","max-snippet":"max-snippet:-1","max-image-preview":"max-image-preview:large","max-video-preview":"max-video-preview:-1"},"canonical":"https:\/\/www.blackturtledive.com\/de\/contact-us\/","og_locale":"de_DE","og_type":"article","og_title":"Contact for Koh Tao PADI Diving Courses | Black Turtle Dive","og_description":"Contact us for current prices and course schedules for all Koh Tao PADI Diving Courses, scuba diving internships, experience programs and specialty courses","og_url":"https:\/\/www.blackturtledive.com\/de\/contact-us\/","og_site_name":"Black Turtle Dive Koh Tao","article_publisher":"https:\/\/www.facebook.com\/blackturtledive","article_modified_time":"2026-05-05T14:26:03+00:00","og_image":[{"width":1000,"height":666,"url":"https:\/\/www.blackturtledive.com\/wp-content\/uploads\/2020\/11\/blackturtledive.com-padi-discover-scuba-diving-koh-tao.jpg","type":"image\/jpeg"}],"twitter_card":"summary_large_image","twitter_title":"Contact for Koh Tao PADI Diving Courses | Black Turtle Dive","twitter_description":"Contact us for current prices and course schedules for all Koh Tao PADI Diving Courses, scuba diving internships, experience programs and specialty courses","twitter_image":"https:\/\/www.blackturtledive.com\/wp-content\/uploads\/2020\/11\/blackturtledive.com-padi-discover-scuba-diving-koh-tao.jpg","twitter_site":"@blackturtledive","twitter_misc":{"Gesch\u00e4tzte Lesezeit":"1\u00a0Minute"},"schema":{"@context":"https:\/\/schema.org","@graph":[{"@type":"WebPage","@id":"https:\/\/www.blackturtledive.com\/de\/contact-us\/","url":"https:\/\/www.blackturtledive.com\/de\/contact-us\/","name":"Kontaktieren Sie uns f\u00fcr weitere Informationen | Black Turtle Dive","isPartOf":{"@id":"https:\/\/www.blackturtledive.com\/de\/#website"},"primaryImageOfPage":{"@id":"https:\/\/www.blackturtledive.com\/de\/contact-us\/#primaryimage"},"image":{"@id":"https:\/\/www.blackturtledive.com\/de\/contact-us\/#primaryimage"},"thumbnailUrl":"https:\/\/www.blackturtledive.com\/wp-content\/uploads\/2020\/11\/blackturtledive.com-padi-discover-scuba-diving-koh-tao-in-thailand.jpg","datePublished":"2020-09-19T13:53:58+00:00","dateModified":"2026-05-05T14:26:03+00:00","description":"Kontaktieren Sie uns f\u00fcr aktuelle Preise und Kurspl\u00e4ne aller PADI-Tauchkurse, Tauchpraktika, Erlebnisprogramme und Spezialkurse auf Koh Tao.","breadcrumb":{"@id":"https:\/\/www.blackturtledive.com\/de\/contact-us\/#breadcrumb"},"inLanguage":"de","potentialAction":[{"@type":"ReadAction","target":["https:\/\/www.blackturtledive.com\/de\/contact-us\/"]}]},{"@type":"ImageObject","inLanguage":"de","@id":"https:\/\/www.blackturtledive.com\/de\/contact-us\/#primaryimage","url":"https:\/\/www.blackturtledive.com\/wp-content\/uploads\/2020\/11\/blackturtledive.com-padi-discover-scuba-diving-koh-tao-in-thailand.jpg","contentUrl":"https:\/\/www.blackturtledive.com\/wp-content\/uploads\/2020\/11\/blackturtledive.com-padi-discover-scuba-diving-koh-tao-in-thailand.jpg","width":990,"height":552,"caption":"PADI Discover Scuba Diving Koh Tao in Thailand"},{"@type":"BreadcrumbList","@id":"https:\/\/www.blackturtledive.com\/de\/contact-us\/#breadcrumb","itemListElement":[{"@type":"ListItem","position":1,"name":"Home","item":"https:\/\/www.blackturtledive.com\/de\/"},{"@type":"ListItem","position":2,"name":"Kontakt"}]},{"@type":"WebSite","@id":"https:\/\/www.blackturtledive.com\/de\/#website","url":"https:\/\/www.blackturtledive.com\/de\/","name":"Black Turtle Dive Koh Tao","description":"Ocean Explorers | Marine Protectors","publisher":{"@id":"https:\/\/www.blackturtledive.com\/de\/#organization"},"alternateName":"Black Turtle Dive in Thailand","potentialAction":[{"@type":"SearchAction","target":{"@type":"EntryPoint","urlTemplate":"https:\/\/www.blackturtledive.com\/de\/?s={search_term_string}"},"query-input":{"@type":"PropertyValueSpecification","valueRequired":true,"valueName":"search_term_string"}}],"inLanguage":"de"},{"@type":"Organization","@id":"https:\/\/www.blackturtledive.com\/de\/#organization","name":"Black Turtle Dive Koh Tao","alternateName":"Black Turtle Dive","url":"https:\/\/www.blackturtledive.com\/de\/","logo":{"@type":"ImageObject","inLanguage":"de","@id":"https:\/\/www.blackturtledive.com\/de\/#\/schema\/logo\/image\/","url":"https:\/\/www.blackturtledive.com\/wp-content\/uploads\/2020\/11\/cropped-blackturtledive.com-brand-logo.png","contentUrl":"https:\/\/www.blackturtledive.com\/wp-content\/uploads\/2020\/11\/cropped-blackturtledive.com-brand-logo.png","width":400,"height":400,"caption":"Black Turtle Dive Koh Tao"},"image":{"@id":"https:\/\/www.blackturtledive.com\/de\/#\/schema\/logo\/image\/"},"sameAs":["https:\/\/www.facebook.com\/blackturtledive","https:\/\/x.com\/blackturtledive","https:\/\/www.instagram.com\/blackturtledive\/","https:\/\/www.youtube.com\/blackturtledive","https:\/\/www.linkedin.com\/company\/blackturtledive\/","https:\/\/www.tumblr.com\/blackturtledive","https:\/\/www.pinterest.com\/blackturtledive\/","https:\/\/www.tiktok.com\/@blackturtledive","https:\/\/www.reddit.com\/user\/blackturtledive\/"],"description":"Black Turtle Dive is a modern and innovative 5 Star Career Development Scuba Diving Center, passionate about the ocean and through training we want to empower you to become a competent and confident scuba diver. Our diving courses equip you with the skills, knowledge and awareness necessary to explore the ocean safely, whilst becoming a passionate advocate and protector of the marine environment. If you have never dived before or are a certified diver and want to develop your skills further, our tailored, bespoke courses and programs will inspire you to become an Ocean advocate. Our scientific based Marine Conservation Internships and training programs, offer aspiring scuba divers and marine conservationists, the best marine conservation internships on Koh Tao. We currently offer students six levels of Marine Conservation Internships at our beachside location on Koh Tao in Thailand. Check out our website for more information.","email":"info@blackturtledive.com","telephone":"089 592 2134","legalName":"Black Turtle Dive Co Ltd","foundingDate":"2020-01-01","publishingPrinciples":"https:\/\/www.blackturtledive.com\/terms\/","ownershipFundingInfo":"https:\/\/www.blackturtledive.com\/terms\/","actionableFeedbackPolicy":"https:\/\/www.blackturtledive.com\/privacy-policy\/","correctionsPolicy":"https:\/\/www.blackturtledive.com\/privacy-policy\/","ethicsPolicy":"https:\/\/www.blackturtledive.com\/privacy-policy\/","diversityPolicy":"https:\/\/www.blackturtledive.com\/privacy-policy\/"}]}},"_links":{"self":[{"href":"https:\/\/www.blackturtledive.com\/de\/wp-json\/wp\/v2\/pages\/18739","targetHints":{"allow":["GET"]}}],"collection":[{"href":"https:\/\/www.blackturtledive.com\/de\/wp-json\/wp\/v2\/pages"}],"about":[{"href":"https:\/\/www.blackturtledive.com\/de\/wp-json\/wp\/v2\/types\/page"}],"author":[{"embeddable":true,"href":"https:\/\/www.blackturtledive.com\/de\/wp-json\/wp\/v2\/users\/2"}],"replies":[{"embeddable":true,"href":"https:\/\/www.blackturtledive.com\/de\/wp-json\/wp\/v2\/comments?post=18739"}],"version-history":[{"count":1,"href":"https:\/\/www.blackturtledive.com\/de\/wp-json\/wp\/v2\/pages\/18739\/revisions"}],"predecessor-version":[{"id":70975,"href":"https:\/\/www.blackturtledive.com\/de\/wp-json\/wp\/v2\/pages\/18739\/revisions\/70975"}],"wp:featuredmedia":[{"embeddable":true,"href":"https:\/\/www.blackturtledive.com\/de\/wp-json\/wp\/v2\/media\/17976"}],"wp:attachment":[{"href":"https:\/\/www.blackturtledive.com\/de\/wp-json\/wp\/v2\/media?parent=18739"}],"curies":[{"name":"wp","href":"https:\/\/api.w.org\/{rel}","templated":true}]}}