{"id":18741,"date":"2020-09-19T20:52:35","date_gmt":"2020-09-19T13:52:35","guid":{"rendered":"https:\/\/www.blackturtledive.com\/dive-insurance\/"},"modified":"2026-05-05T21:26:04","modified_gmt":"2026-05-05T14:26:04","slug":"dive-insurance","status":"publish","type":"page","link":"https:\/\/www.blackturtledive.com\/de\/about-us\/dive-insurance\/","title":{"rendered":"Tauchversicherung"},"content":{"rendered":"<div class=\"wpb-content-wrapper\"><p>[vc_row][vc_column][vc_column_text css=&#8220;&#8220;]Tauchsportversicherung bei Black Turtle Dive bietet spezialisierten Schutz f\u00fcr medizinische Notf\u00e4lle, Dekompressionsbehandlungen und Notfall-Evakuierungen im Zusammenhang mit Unterwasseraktivit\u00e4ten.<\/p>\n<p>Obwohl wir eine umfassende Berufshaftpflichtversicherung unterhalten, empfehlen wir dringend, dass Teilnehmende und Freizeittaucher eine pers\u00f6nliche Versicherung bei Anbietern wie DAN (Divers Alert Network) oder Indepths abschlie\u00dfen, da Standard-Reiseversicherungen h\u00e4ufig tauchbezogene medizinische Kosten ausschlie\u00dfen.<\/p>\n<p>G\u00fcltige Tauchsportversicherung vor der Anreise nach Koh Tao zu haben, ist ein wichtiger Schritt in der professionellen Tauchplanung und erm\u00f6glicht es Ihnen, sich auf Ihre Ausbildung zu konzentrieren, mit der Gewissheit, dass m\u00f6gliche hyperbaren und medizinischen Eventualit\u00e4ten finanziell abgesichert sind.<\/p>\n<h3><span style=\"color: #28d4ff;\">Tauchversicherung f\u00fcr Scuba-Diver Koh Tao<\/span><\/h3>\n<p>Alle unsere Taucher sind \u00fcber die vom Tourismusamt Thailand (TAT) geforderte Versicherung abgedeckt. Die Police deckt grundlegende Behandlungen f\u00fcr <a href=\"https:\/\/www.blackturtledive.com\/padi-diving-courses\/\">tauchbezogene Erkrankungen<\/a>.<\/p>\n<p>Seit den Covid-19-Beschr\u00e4nkungen m\u00fcssen alle Reisenden nach Thailand eine Kranken- und Reiseversicherung mit mindestens 100.000 USD Deckung f\u00fcr COVID-19-Behandlungen und einer Mindestdeckung von 400.000 THB f\u00fcr andere medizinische und Unfallkosten haben.<\/p>\n<p>\u00dcberpr\u00fcfen Sie Ihre Reiseversicherung, da viele Tauchunf\u00e4lle einschlie\u00dfen; einige Policen k\u00f6nnen jedoch Einschr\u00e4nkungen in Bezug auf Tiefe, Ausbildungsniveau oder bestimmte Tauchaktivit\u00e4ten enthalten.<\/p>\n<h3>Dive Assist ScubaMedic Option<\/h3>\n<p>Wir bieten au\u00dferdem eine umfassendere Absicherung \u00fcber Dive Assist\u2019s <span style=\"color: #28d4ff;\">Scubamedic Kurzzeit-Tauchversicherung<\/span> an.<\/p>\n<p>Diese bietet sehr gutes Preis-Leistungs-Verh\u00e4ltnis und deckt u. a. medizinische Kosten, Kosten f\u00fcr \u00dcberdruckkammerbehandlungen, Luft-Evakuierung, Suche &amp; Rettung sowie Beitr\u00e4ge zu Unterkunfts- und Transportkosten und weitere Leistungen.<\/p>\n<p>Die Scubamedic-Tauchversicherung kostet 250 Baht pro Tag, 1.000 Baht pro Woche oder 1.800 Baht pro Monat.<\/p>\n<p>F\u00fcr weitere Details zu diesen Optionen schreiben Sie uns bitte eine E-Mail oder eine Nachricht.<\/p>\n<h3><span style=\"color: #28d4ff;\">IDEC Plus ist in unseren Scuba\u2011Diving\u2011Internship\u2011Paketen enthalten<\/span><\/h3>\n<p>F\u00fcr alle unsere Kandidaten auf Professional-Level empfehlen wir die j\u00e4hrliche IDEC Plus-Police, die wir in allen unseren <a href=\"https:\/\/www.blackturtledive.com\/scuba-diving-internship\/\">Internship<\/a>-Paketen anbieten*<\/p>\n<p>Diese deckt alle wasserbezogenen Tauchaktivit\u00e4ten und -verletzungen sowie eine j\u00e4hrliche Nicht-Tauch-Absicherung bei Ausrutschern, St\u00fcrzen und Unf\u00e4llen beim Betreten oder Befahren von Stegen und Booten.<\/p>\n<p>Diese Police ist \u00fcber <a href=\"https:\/\/www.blackturtledive.com\/de\/\">Black Turtle Dive<\/a> f\u00fcr 7.000 Baht erh\u00e4ltlich.<\/p>\n<p>*Ausgenommen das <a href=\"https:\/\/www.blackturtledive.com\/marine-conservation-internships\/\">Conservation-Internship<\/a><\/p>\n<figure id=\"attachment_1324\" aria-describedby=\"caption-attachment-1324\" style=\"width: 2560px\" class=\"wp-caption alignnone\"><img decoding=\"async\" class=\"size-full wp-image-1324\" src=\"https:\/\/www.blackturtledive.com\/wp-content\/uploads\/2020\/11\/blackturtledive.com-travel-and-dive-insurance-scaled.jpeg\" alt=\"Scuba Diving Insurance for Koh Tao\" width=\"2560\" height=\"1707\" srcset=\"https:\/\/www.blackturtledive.com\/wp-content\/uploads\/2020\/11\/blackturtledive.com-travel-and-dive-insurance-scaled.jpeg 2560w, https:\/\/www.blackturtledive.com\/wp-content\/uploads\/2020\/11\/blackturtledive.com-travel-and-dive-insurance-300x200.jpeg 300w, https:\/\/www.blackturtledive.com\/wp-content\/uploads\/2020\/11\/blackturtledive.com-travel-and-dive-insurance-1024x683.jpeg 1024w, https:\/\/www.blackturtledive.com\/wp-content\/uploads\/2020\/11\/blackturtledive.com-travel-and-dive-insurance-768x512.jpeg 768w, https:\/\/www.blackturtledive.com\/wp-content\/uploads\/2020\/11\/blackturtledive.com-travel-and-dive-insurance-1536x1024.jpeg 1536w, https:\/\/www.blackturtledive.com\/wp-content\/uploads\/2020\/11\/blackturtledive.com-travel-and-dive-insurance-2048x1365.jpeg 2048w, https:\/\/www.blackturtledive.com\/wp-content\/uploads\/2020\/11\/blackturtledive.com-travel-and-dive-insurance-150x100.jpeg 150w, https:\/\/www.blackturtledive.com\/wp-content\/uploads\/2020\/11\/blackturtledive.com-travel-and-dive-insurance-450x300.jpeg 450w\" sizes=\"(max-width: 2560px) 100vw, 2560px\" \/><figcaption id=\"caption-attachment-1324\" class=\"wp-caption-text\">Tauchsportversicherung f\u00fcr Koh Tao<\/figcaption><\/figure>\n<p>[\/vc_column_text][\/vc_column][\/vc_row]<\/p>\n<\/div>","protected":false},"excerpt":{"rendered":"<p>Der Abschluss einer Tauchversicherung mit ausreichendem Versicherungsschutz im Falle eines Unfalls ist unerl\u00e4sslich f\u00fcr alle Tauchaktivit\u00e4ten. Aus diesem Grund bieten wir allen unseren Tauchsch\u00fclern w\u00e4hrend ihrer Tauchg\u00e4nge bei uns eine entsprechende Versicherung an. Die meisten seri\u00f6sen Reise- und Krankenversicherungen erm\u00f6glichen es Ihnen, Ihren Versicherungsschutz um eine Zusatzdeckung speziell f\u00fcr \u201eSporttauchen\u201c zu erweitern.<\/p>\n","protected":false},"author":2,"featured_media":17947,"parent":18745,"menu_order":0,"comment_status":"closed","ping_status":"closed","template":"","meta":{"_acf_changed":false,"footnotes":""},"class_list":["post-18741","page","type-page","status-publish","has-post-thumbnail","hentry"],"acf":[],"yoast_head":"<!-- This site is optimized with the Yoast SEO Premium plugin v27.6 (Yoast SEO v27.6) - https:\/\/yoast.com\/product\/yoast-seo-premium-wordpress\/ -->\n<title>Tauchversicherung Koh Tao | Black Turtle Dive<\/title>\n<meta name=\"description\" content=\"Eine Tauchversicherung auf Koh Tao ist unerl\u00e4sslich, damit Sie die atemberaubende Unterwasserwelt unbeschwert genie\u00dfen k\u00f6nnen und im Schadensfall abgesichert sind.\" \/>\n<meta name=\"robots\" content=\"index, follow, max-snippet:-1, max-image-preview:large, max-video-preview:-1\" \/>\n<link rel=\"canonical\" href=\"https:\/\/www.blackturtledive.com\/de\/about-us\/dive-insurance\/\" \/>\n<meta property=\"og:locale\" content=\"de_DE\" \/>\n<meta property=\"og:type\" content=\"article\" \/>\n<meta property=\"og:title\" content=\"Scuba Diving Insurance on Koh Tao | Black Turtle Dive\" \/>\n<meta property=\"og:description\" content=\"Scuba Diving Insurance on Koh Tao is essential for you to enjoy the amazing marine environment and know that you have peace of mind in the event of a claim\" \/>\n<meta property=\"og:url\" content=\"https:\/\/www.blackturtledive.com\/de\/about-us\/dive-insurance\/\" \/>\n<meta property=\"og:site_name\" content=\"Black Turtle Dive Koh Tao\" \/>\n<meta property=\"article:publisher\" content=\"https:\/\/www.facebook.com\/blackturtledive\" \/>\n<meta property=\"article:modified_time\" content=\"2026-05-05T14:26:04+00:00\" \/>\n<meta property=\"og:image\" content=\"https:\/\/www.blackturtledive.com\/wp-content\/uploads\/2020\/11\/blackturtledive.com-best-padi-divemaster-course-koh-tao.jpg\" \/>\n\t<meta property=\"og:image:width\" content=\"1200\" \/>\n\t<meta property=\"og:image:height\" content=\"800\" \/>\n\t<meta property=\"og:image:type\" content=\"image\/jpeg\" \/>\n<meta name=\"twitter:card\" content=\"summary_large_image\" \/>\n<meta name=\"twitter:title\" content=\"Scuba Diving Insurance on Koh Tao | Black Turtle Dive\" \/>\n<meta name=\"twitter:description\" content=\"Scuba Diving Insurance on Koh Tao is essential for you to enjoy the amazing marine environment and know that you have peace of mind in the event of a claim\" \/>\n<meta name=\"twitter:image\" content=\"https:\/\/www.blackturtledive.com\/wp-content\/uploads\/2020\/11\/blackturtledive.com-best-padi-divemaster-course-koh-tao.jpg\" \/>\n<meta name=\"twitter:site\" content=\"@blackturtledive\" \/>\n<meta name=\"twitter:label1\" content=\"Gesch\u00e4tzte Lesezeit\" \/>\n\t<meta name=\"twitter:data1\" content=\"2\u00a0Minuten\" \/>\n<!-- \/ Yoast SEO Premium plugin. -->","yoast_head_json":{"title":"Tauchversicherung Koh Tao | Black Turtle Dive","description":"Eine Tauchversicherung auf Koh Tao ist unerl\u00e4sslich, damit Sie die atemberaubende Unterwasserwelt unbeschwert genie\u00dfen k\u00f6nnen und im Schadensfall abgesichert sind.","robots":{"index":"index","follow":"follow","max-snippet":"max-snippet:-1","max-image-preview":"max-image-preview:large","max-video-preview":"max-video-preview:-1"},"canonical":"https:\/\/www.blackturtledive.com\/de\/about-us\/dive-insurance\/","og_locale":"de_DE","og_type":"article","og_title":"Scuba Diving Insurance on Koh Tao | Black Turtle Dive","og_description":"Scuba Diving Insurance on Koh Tao is essential for you to enjoy the amazing marine environment and know that you have peace of mind in the event of a claim","og_url":"https:\/\/www.blackturtledive.com\/de\/about-us\/dive-insurance\/","og_site_name":"Black Turtle Dive Koh Tao","article_publisher":"https:\/\/www.facebook.com\/blackturtledive","article_modified_time":"2026-05-05T14:26:04+00:00","og_image":[{"width":1200,"height":800,"url":"https:\/\/www.blackturtledive.com\/wp-content\/uploads\/2020\/11\/blackturtledive.com-best-padi-divemaster-course-koh-tao.jpg","type":"image\/jpeg"}],"twitter_card":"summary_large_image","twitter_title":"Scuba Diving Insurance on Koh Tao | Black Turtle Dive","twitter_description":"Scuba Diving Insurance on Koh Tao is essential for you to enjoy the amazing marine environment and know that you have peace of mind in the event of a claim","twitter_image":"https:\/\/www.blackturtledive.com\/wp-content\/uploads\/2020\/11\/blackturtledive.com-best-padi-divemaster-course-koh-tao.jpg","twitter_site":"@blackturtledive","twitter_misc":{"Gesch\u00e4tzte Lesezeit":"2\u00a0Minuten"},"schema":{"@context":"https:\/\/schema.org","@graph":[{"@type":"WebPage","@id":"https:\/\/www.blackturtledive.com\/de\/about-us\/dive-insurance\/","url":"https:\/\/www.blackturtledive.com\/de\/about-us\/dive-insurance\/","name":"Tauchversicherung Koh Tao | Black Turtle Dive","isPartOf":{"@id":"https:\/\/www.blackturtledive.com\/de\/#website"},"primaryImageOfPage":{"@id":"https:\/\/www.blackturtledive.com\/de\/about-us\/dive-insurance\/#primaryimage"},"image":{"@id":"https:\/\/www.blackturtledive.com\/de\/about-us\/dive-insurance\/#primaryimage"},"thumbnailUrl":"https:\/\/www.blackturtledive.com\/wp-content\/uploads\/2020\/11\/blackturtledive.com-travel-and-dive-insurance-scaled.jpeg","datePublished":"2020-09-19T13:52:35+00:00","dateModified":"2026-05-05T14:26:04+00:00","description":"Eine Tauchversicherung auf Koh Tao ist unerl\u00e4sslich, damit Sie die atemberaubende Unterwasserwelt unbeschwert genie\u00dfen k\u00f6nnen und im Schadensfall abgesichert sind.","breadcrumb":{"@id":"https:\/\/www.blackturtledive.com\/de\/about-us\/dive-insurance\/#breadcrumb"},"inLanguage":"de","potentialAction":[{"@type":"ReadAction","target":["https:\/\/www.blackturtledive.com\/de\/about-us\/dive-insurance\/"]}]},{"@type":"ImageObject","inLanguage":"de","@id":"https:\/\/www.blackturtledive.com\/de\/about-us\/dive-insurance\/#primaryimage","url":"https:\/\/www.blackturtledive.com\/wp-content\/uploads\/2020\/11\/blackturtledive.com-travel-and-dive-insurance-scaled.jpeg","contentUrl":"https:\/\/www.blackturtledive.com\/wp-content\/uploads\/2020\/11\/blackturtledive.com-travel-and-dive-insurance-scaled.jpeg","width":2560,"height":1707,"caption":"Scuba Diving Insurance for Koh Tao"},{"@type":"BreadcrumbList","@id":"https:\/\/www.blackturtledive.com\/de\/about-us\/dive-insurance\/#breadcrumb","itemListElement":[{"@type":"ListItem","position":1,"name":"Home","item":"https:\/\/www.blackturtledive.com\/de\/"},{"@type":"ListItem","position":2,"name":"\u00dcber Black Turtle Dive","item":"https:\/\/www.blackturtledive.com\/de\/about-us\/"},{"@type":"ListItem","position":3,"name":"Tauchversicherung"}]},{"@type":"WebSite","@id":"https:\/\/www.blackturtledive.com\/de\/#website","url":"https:\/\/www.blackturtledive.com\/de\/","name":"Black Turtle Dive Koh Tao","description":"Ocean Explorers | Marine Protectors","publisher":{"@id":"https:\/\/www.blackturtledive.com\/de\/#organization"},"alternateName":"Black Turtle Dive in Thailand","potentialAction":[{"@type":"SearchAction","target":{"@type":"EntryPoint","urlTemplate":"https:\/\/www.blackturtledive.com\/de\/?s={search_term_string}"},"query-input":{"@type":"PropertyValueSpecification","valueRequired":true,"valueName":"search_term_string"}}],"inLanguage":"de"},{"@type":"Organization","@id":"https:\/\/www.blackturtledive.com\/de\/#organization","name":"Black Turtle Dive Koh Tao","alternateName":"Black Turtle Dive","url":"https:\/\/www.blackturtledive.com\/de\/","logo":{"@type":"ImageObject","inLanguage":"de","@id":"https:\/\/www.blackturtledive.com\/de\/#\/schema\/logo\/image\/","url":"https:\/\/www.blackturtledive.com\/wp-content\/uploads\/2020\/11\/cropped-blackturtledive.com-brand-logo.png","contentUrl":"https:\/\/www.blackturtledive.com\/wp-content\/uploads\/2020\/11\/cropped-blackturtledive.com-brand-logo.png","width":400,"height":400,"caption":"Black Turtle Dive Koh Tao"},"image":{"@id":"https:\/\/www.blackturtledive.com\/de\/#\/schema\/logo\/image\/"},"sameAs":["https:\/\/www.facebook.com\/blackturtledive","https:\/\/x.com\/blackturtledive","https:\/\/www.instagram.com\/blackturtledive\/","https:\/\/www.youtube.com\/blackturtledive","https:\/\/www.linkedin.com\/company\/blackturtledive\/","https:\/\/www.tumblr.com\/blackturtledive","https:\/\/www.pinterest.com\/blackturtledive\/","https:\/\/www.tiktok.com\/@blackturtledive","https:\/\/www.reddit.com\/user\/blackturtledive\/"],"description":"Black Turtle Dive is a modern and innovative 5 Star Career Development Scuba Diving Center, passionate about the ocean and through training we want to empower you to become a competent and confident scuba diver. Our diving courses equip you with the skills, knowledge and awareness necessary to explore the ocean safely, whilst becoming a passionate advocate and protector of the marine environment. If you have never dived before or are a certified diver and want to develop your skills further, our tailored, bespoke courses and programs will inspire you to become an Ocean advocate. Our scientific based Marine Conservation Internships and training programs, offer aspiring scuba divers and marine conservationists, the best marine conservation internships on Koh Tao. We currently offer students six levels of Marine Conservation Internships at our beachside location on Koh Tao in Thailand. Check out our website for more information.","email":"info@blackturtledive.com","telephone":"089 592 2134","legalName":"Black Turtle Dive Co Ltd","foundingDate":"2020-01-01","publishingPrinciples":"https:\/\/www.blackturtledive.com\/terms\/","ownershipFundingInfo":"https:\/\/www.blackturtledive.com\/terms\/","actionableFeedbackPolicy":"https:\/\/www.blackturtledive.com\/privacy-policy\/","correctionsPolicy":"https:\/\/www.blackturtledive.com\/privacy-policy\/","ethicsPolicy":"https:\/\/www.blackturtledive.com\/privacy-policy\/","diversityPolicy":"https:\/\/www.blackturtledive.com\/privacy-policy\/"}]}},"_links":{"self":[{"href":"https:\/\/www.blackturtledive.com\/de\/wp-json\/wp\/v2\/pages\/18741","targetHints":{"allow":["GET"]}}],"collection":[{"href":"https:\/\/www.blackturtledive.com\/de\/wp-json\/wp\/v2\/pages"}],"about":[{"href":"https:\/\/www.blackturtledive.com\/de\/wp-json\/wp\/v2\/types\/page"}],"author":[{"embeddable":true,"href":"https:\/\/www.blackturtledive.com\/de\/wp-json\/wp\/v2\/users\/2"}],"replies":[{"embeddable":true,"href":"https:\/\/www.blackturtledive.com\/de\/wp-json\/wp\/v2\/comments?post=18741"}],"version-history":[{"count":1,"href":"https:\/\/www.blackturtledive.com\/de\/wp-json\/wp\/v2\/pages\/18741\/revisions"}],"predecessor-version":[{"id":70976,"href":"https:\/\/www.blackturtledive.com\/de\/wp-json\/wp\/v2\/pages\/18741\/revisions\/70976"}],"up":[{"embeddable":true,"href":"https:\/\/www.blackturtledive.com\/de\/wp-json\/wp\/v2\/pages\/18745"}],"wp:featuredmedia":[{"embeddable":true,"href":"https:\/\/www.blackturtledive.com\/de\/wp-json\/wp\/v2\/media\/17947"}],"wp:attachment":[{"href":"https:\/\/www.blackturtledive.com\/de\/wp-json\/wp\/v2\/media?parent=18741"}],"curies":[{"name":"wp","href":"https:\/\/api.w.org\/{rel}","templated":true}]}}