{"id":18744,"date":"2020-09-19T20:51:29","date_gmt":"2020-09-19T13:51:29","guid":{"rendered":"https:\/\/www.blackturtledive.com\/our-customer-promise\/"},"modified":"2026-05-05T21:26:05","modified_gmt":"2026-05-05T14:26:05","slug":"our-customer-promise","status":"publish","type":"page","link":"https:\/\/www.blackturtledive.com\/de\/about-us\/our-customer-promise\/","title":{"rendered":"Unser Versprechen"},"content":{"rendered":"<div class=\"wpb-content-wrapper\"><p>[vc_row][vc_column][vc_column_text css=&#8220;&#8220;]<\/p>\n<h3><span style=\"color: #28d4ff;\">Ozean-Entdecker. Meeressch\u00fctzer.<\/span><\/h3>\n<p><em>&nbsp;<\/em><em>Kompetente und selbstbewusste Ozean-Entdecker und leidenschaftliche Meeressch\u00fctzer schaffen. <\/em><\/p>\n<p>Unser Versprechen an Sie ist, dass wir durch unsere Ausbildungskurse und Erfahrungen einen besseren Sporttaucher schaffen m\u00f6chten, der kompetent und selbstbewusst ist, und Sie inspirieren werden, ein leidenschaftlicher Verfechter der Ozeane zu werden.<\/p>\n<figure id=\"attachment_1450\" aria-describedby=\"caption-attachment-1450\" style=\"width: 1500px\" class=\"wp-caption alignnone\"><img decoding=\"async\" class=\"size-full wp-image-1450\" src=\"https:\/\/www.blackturtledive.com\/wp-content\/uploads\/2020\/11\/blackturtledive.com-our-customer-promise-koh-tao-diving.jpg\" alt=\"Black Turtle Dive Koh Tao Unser Kundenversprechen\" width=\"1500\" height=\"500\" srcset=\"https:\/\/www.blackturtledive.com\/wp-content\/uploads\/2020\/11\/blackturtledive.com-our-customer-promise-koh-tao-diving.jpg 1500w, https:\/\/www.blackturtledive.com\/wp-content\/uploads\/2020\/11\/blackturtledive.com-our-customer-promise-koh-tao-diving-300x100.jpg 300w, https:\/\/www.blackturtledive.com\/wp-content\/uploads\/2020\/11\/blackturtledive.com-our-customer-promise-koh-tao-diving-1024x341.jpg 1024w, https:\/\/www.blackturtledive.com\/wp-content\/uploads\/2020\/11\/blackturtledive.com-our-customer-promise-koh-tao-diving-768x256.jpg 768w, https:\/\/www.blackturtledive.com\/wp-content\/uploads\/2020\/11\/blackturtledive.com-our-customer-promise-koh-tao-diving-150x50.jpg 150w, https:\/\/www.blackturtledive.com\/wp-content\/uploads\/2020\/11\/blackturtledive.com-our-customer-promise-koh-tao-diving-450x150.jpg 450w\" sizes=\"(max-width: 1500px) 100vw, 1500px\" \/><figcaption id=\"caption-attachment-1450\" class=\"wp-caption-text\">Black Turtle Dive Koh Tao Unser Kundenversprechen<\/figcaption><\/figure>\n<h3><span style=\"color: #28d4ff;\">RESPEKT<\/span><\/h3>\n<p><span style=\"color: #28d4ff;\"><strong>R &#8211; VERANTWORTUNG<\/strong><\/span> &#8211; Wir verpflichten uns, unsere Verantwortung gegen\u00fcber unseren Kunden, unserem Personal, der lokalen Gemeinschaft und der Umwelt sehr ernst zu nehmen und dies durch unser vorbildliches Verhalten und Handeln zu demonstrieren.<\/p>\n<p><span style=\"color: #28d4ff;\"><strong>E &#8211; GLEICHHEIT &amp; VIELFALT<\/strong><\/span> &#8211; Wir verpflichten uns, Vielfalt und Gleichheit durch Inklusion zu erkennen und zu sch\u00e4tzen, unabh\u00e4ngig von Alter, Geschlecht, Behinderung, Herkunft, religi\u00f6sen \u00dcberzeugungen oder sexueller Orientierung, und streben danach, Fairness und Respekt f\u00fcr alle zu f\u00f6rdern.<\/p>\n<p><span style=\"color: #28d4ff;\"><strong>S &#8211; SERVICE<\/strong><\/span> &#8211; Wir verpflichten uns, all unseren Kunden die beste Kundenerfahrung zu bieten und einen prompten, h\u00f6flichen und ausgezeichneten Kundenservice durch kompetente, verst\u00e4ndnisvolle und freundliche Mitarbeiter zu gew\u00e4hrleisten.<\/p>\n<p><span style=\"color: #28d4ff;\"><strong>P &#8211; SCH\u00dcTZEN &amp; ERHALTEN<\/strong><\/span> &#8211; Wir verpflichten uns, unsere wunderbare Unterwasserumwelt zu sch\u00fctzen und zu erhalten, damit diese erstaunliche Welt von k\u00fcnftigen Generationen genossen werden kann.<\/p>\n<p><span style=\"color: #28d4ff;\"><strong>E &#8211; EXZELLENZ<\/strong><\/span> &#8211; Wir verpflichten uns, eine Umgebung zu schaffen, die das Lernen, die Innovation und die Exzellenz f\u00f6rdert, sodass jeder profitieren und sein volles Potenzial erreichen kann.<\/p>\n<p><span style=\"color: #28d4ff;\"><strong>C &#8211; GEMEINSCHAFT<\/strong><\/span> &#8211; Wir verpflichten uns, Chancen f\u00fcr die lokale Gemeinschaft, unsere Kunden und Mitarbeiter durch Partnerschaften, Zusammenarbeit, zug\u00e4ngliche Infrastruktur und Ressourcen zu er\u00f6ffnen.<\/p>\n<p><span style=\"color: #28d4ff;\"><strong>T &#8211; AUSBILDUNG &amp; STANDARDS<\/strong><\/span> &#8211; Wir verpflichten uns, alle Stufen der Tauchausbildung und -aktivit\u00e4ten nach den h\u00f6chsten Ausbildungsstandards zu unterrichten und durchzuf\u00fchren, um unseren Kunden ein hochwertiges Erlebnis, Erkundung und Abenteuer in einer unterhaltsamen und sicheren Umgebung zu bieten.<\/p>\n<figure id=\"attachment_2776\" aria-describedby=\"caption-attachment-2776\" style=\"width: 1000px\" class=\"wp-caption alignnone\"><img decoding=\"async\" class=\"size-full wp-image-2776\" src=\"https:\/\/www.blackturtledive.com\/wp-content\/uploads\/2020\/12\/blackturtledive.com-our-customer-promise.jpg\" alt=\"Unser Kundenversprechen - Black Turtle Dive Koh Tao\" width=\"1000\" height=\"647\" srcset=\"https:\/\/www.blackturtledive.com\/wp-content\/uploads\/2020\/12\/blackturtledive.com-our-customer-promise.jpg 1000w, https:\/\/www.blackturtledive.com\/wp-content\/uploads\/2020\/12\/blackturtledive.com-our-customer-promise-300x194.jpg 300w, https:\/\/www.blackturtledive.com\/wp-content\/uploads\/2020\/12\/blackturtledive.com-our-customer-promise-768x497.jpg 768w, https:\/\/www.blackturtledive.com\/wp-content\/uploads\/2020\/12\/blackturtledive.com-our-customer-promise-150x97.jpg 150w\" sizes=\"(max-width: 1000px) 100vw, 1000px\" \/><figcaption id=\"caption-attachment-2776\" class=\"wp-caption-text\">Unser Kundenversprechen &#8211; Black Turtle Dive Koh Tao<\/figcaption><\/figure>\n<h3><span style=\"color: #28d4ff;\">Unser Engagement f\u00fcr Sie<\/span><\/h3>\n<p>Wir zeigen unser Engagement f\u00fcr Ihren Erfolg durch unser vorbildliches Handeln und eine gemeinsame Vision f\u00fcr Lernen und daf\u00fcr, Teil der L\u00f6sung zum Schutz und Erhalt unseres Ozeanplaneten zu werden.<\/p>\n<p>Wir orientieren uns an den besten Praktiken f\u00fcr Naturschutz und Umweltschutz in all unseren Tauchkursen, Erlebnis- und Bildungsprogrammen und konzentrieren unsere Ausbildung auf Sie.<\/p>\n<figure id=\"attachment_1437\" aria-describedby=\"caption-attachment-1437\" style=\"width: 1100px\" class=\"wp-caption alignnone\"><img decoding=\"async\" class=\"size-full wp-image-1437\" src=\"https:\/\/www.blackturtledive.com\/wp-content\/uploads\/2020\/11\/blackturtledive.com-ocean-planet-koh-tao-customer-promise.jpg\" alt=\"Ozeanplanet - Koh Tao Tauchkurse\" width=\"1100\" height=\"734\" srcset=\"https:\/\/www.blackturtledive.com\/wp-content\/uploads\/2020\/11\/blackturtledive.com-ocean-planet-koh-tao-customer-promise.jpg 1100w, https:\/\/www.blackturtledive.com\/wp-content\/uploads\/2020\/11\/blackturtledive.com-ocean-planet-koh-tao-customer-promise-300x200.jpg 300w, https:\/\/www.blackturtledive.com\/wp-content\/uploads\/2020\/11\/blackturtledive.com-ocean-planet-koh-tao-customer-promise-1024x683.jpg 1024w, https:\/\/www.blackturtledive.com\/wp-content\/uploads\/2020\/11\/blackturtledive.com-ocean-planet-koh-tao-customer-promise-768x512.jpg 768w, https:\/\/www.blackturtledive.com\/wp-content\/uploads\/2020\/11\/blackturtledive.com-ocean-planet-koh-tao-customer-promise-150x100.jpg 150w, https:\/\/www.blackturtledive.com\/wp-content\/uploads\/2020\/11\/blackturtledive.com-ocean-planet-koh-tao-customer-promise-450x300.jpg 450w\" sizes=\"(max-width: 1100px) 100vw, 1100px\" \/><figcaption id=\"caption-attachment-1437\" class=\"wp-caption-text\">Ozeanplanet &#8211; Koh Tao Tauchkurse<\/figcaption><\/figure>\n<p><a class=\"fasc-button fasc-size-large fasc-type-flat\" style=\"background-color: #33809e; color: #ffffff;\" href=\"https:\/\/www.blackturtledive.com\/de\/contact-us\/\">KONTAKT<\/a>[\/vc_column_text][vc_empty_space][\/vc_column][\/vc_row]<\/p>\n<\/div>","protected":false},"excerpt":{"rendered":"<p>Unser Versprechen an Sie: Durch unsere Tauchkurse und -erlebnisse m\u00f6chten wir Sie zu einem kompetenten und selbstbewussten Taucher ausbilden und Sie dazu inspirieren, sich f\u00fcr den Schutz der Ozeane einzusetzen.<\/p>\n","protected":false},"author":2,"featured_media":17964,"parent":18745,"menu_order":0,"comment_status":"closed","ping_status":"closed","template":"","meta":{"_acf_changed":false,"footnotes":""},"class_list":["post-18744","page","type-page","status-publish","has-post-thumbnail","hentry"],"acf":[],"yoast_head":"<!-- This site is optimized with the Yoast SEO Premium plugin v27.6 (Yoast SEO v27.6) - https:\/\/yoast.com\/product\/yoast-seo-premium-wordpress\/ -->\n<title>Unser Versprechen - Black Turtle Dive Koh Tao<\/title>\n<meta name=\"robots\" content=\"index, follow, max-snippet:-1, max-image-preview:large, max-video-preview:-1\" \/>\n<link rel=\"canonical\" href=\"https:\/\/www.blackturtledive.com\/de\/about-us\/our-customer-promise\/\" \/>\n<meta property=\"og:locale\" content=\"de_DE\" \/>\n<meta property=\"og:type\" content=\"article\" \/>\n<meta property=\"og:title\" content=\"Unser Versprechen\" \/>\n<meta property=\"og:description\" content=\"Unser Versprechen an Sie: Durch unsere Tauchkurse und -erlebnisse m\u00f6chten wir Sie zu einem kompetenten und selbstbewussten Taucher ausbilden und Sie dazu inspirieren, sich f\u00fcr den Schutz der Ozeane einzusetzen.\" \/>\n<meta property=\"og:url\" content=\"https:\/\/www.blackturtledive.com\/de\/about-us\/our-customer-promise\/\" \/>\n<meta property=\"og:site_name\" content=\"Black Turtle Dive Koh Tao\" \/>\n<meta property=\"article:publisher\" content=\"https:\/\/www.facebook.com\/blackturtledive\" \/>\n<meta property=\"article:modified_time\" content=\"2026-05-05T14:26:05+00:00\" \/>\n<meta property=\"og:image\" content=\"https:\/\/www.blackturtledive.com\/wp-content\/uploads\/2020\/11\/blackturtledive.com-best-padi-divemaster-course-koh-tao.jpg\" \/>\n\t<meta property=\"og:image:width\" content=\"1200\" \/>\n\t<meta property=\"og:image:height\" content=\"800\" \/>\n\t<meta property=\"og:image:type\" content=\"image\/jpeg\" \/>\n<meta name=\"twitter:card\" content=\"summary_large_image\" \/>\n<meta name=\"twitter:image\" content=\"https:\/\/www.blackturtledive.com\/wp-content\/uploads\/2020\/11\/blackturtledive.com-best-padi-divemaster-course-koh-tao.jpg\" \/>\n<meta name=\"twitter:site\" content=\"@blackturtledive\" \/>\n<meta name=\"twitter:label1\" content=\"Gesch\u00e4tzte Lesezeit\" \/>\n\t<meta name=\"twitter:data1\" content=\"3\u00a0Minuten\" \/>\n<!-- \/ Yoast SEO Premium plugin. -->","yoast_head_json":{"title":"Unser Versprechen - Black Turtle Dive Koh Tao","robots":{"index":"index","follow":"follow","max-snippet":"max-snippet:-1","max-image-preview":"max-image-preview:large","max-video-preview":"max-video-preview:-1"},"canonical":"https:\/\/www.blackturtledive.com\/de\/about-us\/our-customer-promise\/","og_locale":"de_DE","og_type":"article","og_title":"Unser Versprechen","og_description":"Unser Versprechen an Sie: Durch unsere Tauchkurse und -erlebnisse m\u00f6chten wir Sie zu einem kompetenten und selbstbewussten Taucher ausbilden und Sie dazu inspirieren, sich f\u00fcr den Schutz der Ozeane einzusetzen.","og_url":"https:\/\/www.blackturtledive.com\/de\/about-us\/our-customer-promise\/","og_site_name":"Black Turtle Dive Koh Tao","article_publisher":"https:\/\/www.facebook.com\/blackturtledive","article_modified_time":"2026-05-05T14:26:05+00:00","og_image":[{"width":1200,"height":800,"url":"https:\/\/www.blackturtledive.com\/wp-content\/uploads\/2020\/11\/blackturtledive.com-best-padi-divemaster-course-koh-tao.jpg","type":"image\/jpeg"}],"twitter_card":"summary_large_image","twitter_image":"https:\/\/www.blackturtledive.com\/wp-content\/uploads\/2020\/11\/blackturtledive.com-best-padi-divemaster-course-koh-tao.jpg","twitter_site":"@blackturtledive","twitter_misc":{"Gesch\u00e4tzte Lesezeit":"3\u00a0Minuten"},"schema":{"@context":"https:\/\/schema.org","@graph":[{"@type":"WebPage","@id":"https:\/\/www.blackturtledive.com\/de\/about-us\/our-customer-promise\/","url":"https:\/\/www.blackturtledive.com\/de\/about-us\/our-customer-promise\/","name":"Unser Versprechen - Black Turtle Dive Koh Tao","isPartOf":{"@id":"https:\/\/www.blackturtledive.com\/de\/#website"},"primaryImageOfPage":{"@id":"https:\/\/www.blackturtledive.com\/de\/about-us\/our-customer-promise\/#primaryimage"},"image":{"@id":"https:\/\/www.blackturtledive.com\/de\/about-us\/our-customer-promise\/#primaryimage"},"thumbnailUrl":"https:\/\/www.blackturtledive.com\/wp-content\/uploads\/2020\/11\/blackturtledive.com-our-customer-promise-koh-tao-diving.jpg","datePublished":"2020-09-19T13:51:29+00:00","dateModified":"2026-05-05T14:26:05+00:00","breadcrumb":{"@id":"https:\/\/www.blackturtledive.com\/de\/about-us\/our-customer-promise\/#breadcrumb"},"inLanguage":"de","potentialAction":[{"@type":"ReadAction","target":["https:\/\/www.blackturtledive.com\/de\/about-us\/our-customer-promise\/"]}]},{"@type":"ImageObject","inLanguage":"de","@id":"https:\/\/www.blackturtledive.com\/de\/about-us\/our-customer-promise\/#primaryimage","url":"https:\/\/www.blackturtledive.com\/wp-content\/uploads\/2020\/11\/blackturtledive.com-our-customer-promise-koh-tao-diving.jpg","contentUrl":"https:\/\/www.blackturtledive.com\/wp-content\/uploads\/2020\/11\/blackturtledive.com-our-customer-promise-koh-tao-diving.jpg","width":1500,"height":500,"caption":"Black Turtle Dive Koh Tao Our Customer Promise"},{"@type":"BreadcrumbList","@id":"https:\/\/www.blackturtledive.com\/de\/about-us\/our-customer-promise\/#breadcrumb","itemListElement":[{"@type":"ListItem","position":1,"name":"Home","item":"https:\/\/www.blackturtledive.com\/de\/"},{"@type":"ListItem","position":2,"name":"\u00dcber Black Turtle Dive","item":"https:\/\/www.blackturtledive.com\/de\/about-us\/"},{"@type":"ListItem","position":3,"name":"Unser Versprechen"}]},{"@type":"WebSite","@id":"https:\/\/www.blackturtledive.com\/de\/#website","url":"https:\/\/www.blackturtledive.com\/de\/","name":"Black Turtle Dive Koh Tao","description":"Ocean Explorers | Marine Protectors","publisher":{"@id":"https:\/\/www.blackturtledive.com\/de\/#organization"},"alternateName":"Black Turtle Dive in Thailand","potentialAction":[{"@type":"SearchAction","target":{"@type":"EntryPoint","urlTemplate":"https:\/\/www.blackturtledive.com\/de\/?s={search_term_string}"},"query-input":{"@type":"PropertyValueSpecification","valueRequired":true,"valueName":"search_term_string"}}],"inLanguage":"de"},{"@type":"Organization","@id":"https:\/\/www.blackturtledive.com\/de\/#organization","name":"Black Turtle Dive Koh Tao","alternateName":"Black Turtle Dive","url":"https:\/\/www.blackturtledive.com\/de\/","logo":{"@type":"ImageObject","inLanguage":"de","@id":"https:\/\/www.blackturtledive.com\/de\/#\/schema\/logo\/image\/","url":"https:\/\/www.blackturtledive.com\/wp-content\/uploads\/2020\/11\/cropped-blackturtledive.com-brand-logo.png","contentUrl":"https:\/\/www.blackturtledive.com\/wp-content\/uploads\/2020\/11\/cropped-blackturtledive.com-brand-logo.png","width":400,"height":400,"caption":"Black Turtle Dive Koh Tao"},"image":{"@id":"https:\/\/www.blackturtledive.com\/de\/#\/schema\/logo\/image\/"},"sameAs":["https:\/\/www.facebook.com\/blackturtledive","https:\/\/x.com\/blackturtledive","https:\/\/www.instagram.com\/blackturtledive\/","https:\/\/www.youtube.com\/blackturtledive","https:\/\/www.linkedin.com\/company\/blackturtledive\/","https:\/\/www.tumblr.com\/blackturtledive","https:\/\/www.pinterest.com\/blackturtledive\/","https:\/\/www.tiktok.com\/@blackturtledive","https:\/\/www.reddit.com\/user\/blackturtledive\/"],"description":"Black Turtle Dive is a modern and innovative 5 Star Career Development Scuba Diving Center, passionate about the ocean and through training we want to empower you to become a competent and confident scuba diver. Our diving courses equip you with the skills, knowledge and awareness necessary to explore the ocean safely, whilst becoming a passionate advocate and protector of the marine environment. If you have never dived before or are a certified diver and want to develop your skills further, our tailored, bespoke courses and programs will inspire you to become an Ocean advocate. Our scientific based Marine Conservation Internships and training programs, offer aspiring scuba divers and marine conservationists, the best marine conservation internships on Koh Tao. We currently offer students six levels of Marine Conservation Internships at our beachside location on Koh Tao in Thailand. Check out our website for more information.","email":"info@blackturtledive.com","telephone":"089 592 2134","legalName":"Black Turtle Dive Co Ltd","foundingDate":"2020-01-01","publishingPrinciples":"https:\/\/www.blackturtledive.com\/terms\/","ownershipFundingInfo":"https:\/\/www.blackturtledive.com\/terms\/","actionableFeedbackPolicy":"https:\/\/www.blackturtledive.com\/privacy-policy\/","correctionsPolicy":"https:\/\/www.blackturtledive.com\/privacy-policy\/","ethicsPolicy":"https:\/\/www.blackturtledive.com\/privacy-policy\/","diversityPolicy":"https:\/\/www.blackturtledive.com\/privacy-policy\/"}]}},"_links":{"self":[{"href":"https:\/\/www.blackturtledive.com\/de\/wp-json\/wp\/v2\/pages\/18744","targetHints":{"allow":["GET"]}}],"collection":[{"href":"https:\/\/www.blackturtledive.com\/de\/wp-json\/wp\/v2\/pages"}],"about":[{"href":"https:\/\/www.blackturtledive.com\/de\/wp-json\/wp\/v2\/types\/page"}],"author":[{"embeddable":true,"href":"https:\/\/www.blackturtledive.com\/de\/wp-json\/wp\/v2\/users\/2"}],"replies":[{"embeddable":true,"href":"https:\/\/www.blackturtledive.com\/de\/wp-json\/wp\/v2\/comments?post=18744"}],"version-history":[{"count":1,"href":"https:\/\/www.blackturtledive.com\/de\/wp-json\/wp\/v2\/pages\/18744\/revisions"}],"predecessor-version":[{"id":70977,"href":"https:\/\/www.blackturtledive.com\/de\/wp-json\/wp\/v2\/pages\/18744\/revisions\/70977"}],"up":[{"embeddable":true,"href":"https:\/\/www.blackturtledive.com\/de\/wp-json\/wp\/v2\/pages\/18745"}],"wp:featuredmedia":[{"embeddable":true,"href":"https:\/\/www.blackturtledive.com\/de\/wp-json\/wp\/v2\/media\/17964"}],"wp:attachment":[{"href":"https:\/\/www.blackturtledive.com\/de\/wp-json\/wp\/v2\/media?parent=18744"}],"curies":[{"name":"wp","href":"https:\/\/api.w.org\/{rel}","templated":true}]}}