{"id":18745,"date":"2020-09-19T20:49:09","date_gmt":"2020-09-19T13:49:09","guid":{"rendered":"https:\/\/www.blackturtledive.com\/about-us\/"},"modified":"2026-05-05T21:26:06","modified_gmt":"2026-05-05T14:26:06","slug":"about-us","status":"publish","type":"page","link":"https:\/\/www.blackturtledive.com\/de\/about-us\/","title":{"rendered":"\u00dcber Black Turtle Dive"},"content":{"rendered":"<div class=\"wpb-content-wrapper\"><p>[vc_row][vc_column][vc_column_text css=&#8220;&#8220;]Als modernes, fortschrittliches und innovatives <a href=\"https:\/\/www.blackturtledive.com\/de\/padi-diving-courses\/\">Tauchzentrum<\/a> ist Black Turtle Dive leidenschaftlich f\u00fcr den Ozean. Durch unsere Ausbildung m\u00f6chten wir Sie empowern, ein kompetenterer und selbstbewusster Tauchprofi zu werden.<\/p>\n<p>Mit dem Engagement, aufzukl\u00e4ren, zu sch\u00fctzen, zu bewahren und einer Philosophie von hochwertigen, personalisierten Ausbildungskursen ist es unser Ziel, Sie zu inspirieren und zu motivieren.<\/p>\n<p>Unsere ma\u00dfgeschneiderte Ausbildung richtet sich an alle, egal ob es <a href=\"https:\/\/www.blackturtledive.com\/de\/blog\/learn-to-dive-with-discover-scuba-diving\/\">Ihr erster Kontakt<\/a> mit den Wundern der <a href=\"https:\/\/www.blackturtledive.com\/de\/koh-tao-dive-sites\/\">Unterwasserwelt<\/a> ist oder ob Sie ein Taucher sind, der daran interessiert ist, seine F\u00e4higkeiten zu verbessern und seine Leidenschaft f\u00fcr das Tauchen neu zu entfachen.<\/p>\n<figure id=\"attachment_2770\" aria-describedby=\"caption-attachment-2770\" style=\"width: 1000px\" class=\"wp-caption alignnone\"><img decoding=\"async\" class=\"size-full wp-image-2770\" src=\"https:\/\/www.blackturtledive.com\/wp-content\/uploads\/2020\/12\/blackturtledive.com-about-black-turtle-dive-dive-center-koh-tao-thailand.jpg\" alt=\"\u00dcber Black Turtle Dive Koh Tao\" width=\"1000\" height=\"698\" srcset=\"https:\/\/www.blackturtledive.com\/wp-content\/uploads\/2020\/12\/blackturtledive.com-about-black-turtle-dive-dive-center-koh-tao-thailand.jpg 1000w, https:\/\/www.blackturtledive.com\/wp-content\/uploads\/2020\/12\/blackturtledive.com-about-black-turtle-dive-dive-center-koh-tao-thailand-300x209.jpg 300w, https:\/\/www.blackturtledive.com\/wp-content\/uploads\/2020\/12\/blackturtledive.com-about-black-turtle-dive-dive-center-koh-tao-thailand-768x536.jpg 768w, https:\/\/www.blackturtledive.com\/wp-content\/uploads\/2020\/12\/blackturtledive.com-about-black-turtle-dive-dive-center-koh-tao-thailand-386x270.jpg 386w, https:\/\/www.blackturtledive.com\/wp-content\/uploads\/2020\/12\/blackturtledive.com-about-black-turtle-dive-dive-center-koh-tao-thailand-150x105.jpg 150w\" sizes=\"(max-width: 1000px) 100vw, 1000px\" \/><figcaption id=\"caption-attachment-2770\" class=\"wp-caption-text\">\u00dcber Black Turtle Dive Koh Tao<\/figcaption><\/figure>\n<h3>Bildung, Schutz &amp; Erhaltung der marinen Umwelt<\/h3>\n<p>Wir setzen uns zum Ziel, Ihr Verst\u00e4ndnis f\u00fcr die faszinierenden <a href=\"https:\/\/www.blackturtledive.com\/de\/conservation\/marine-conservation-courses\/\">marinen \u00d6kosysteme<\/a> zu vertiefen und sicherzustellen, dass Ihre <a href=\"https:\/\/www.blackturtledive.com\/de\/experience-programs\/\">Erfahrung<\/a> auf <a href=\"https:\/\/www.blackturtledive.com\/de\/koh-tao\/\">Koh Tao<\/a> unterhaltsam, lehrreich und inspirierend ist.<\/p>\n<p>Unsere Philosophie ist einfach. Wir m\u00f6chten unser Wissen, unser Verst\u00e4ndnis und unsere Fachkenntnisse weitergeben, damit Sie bei jedem <a href=\"https:\/\/www.blackturtledive.com\/de\/fun-diving-koh-tao\/\">Tauchgang<\/a> mit uns etwas Neues lernen.<\/p>\n<p>Durch Bildung m\u00f6chten wir, dass alle unsere Sch\u00fcler verstehen, wie ein marines \u00d6kosystem funktioniert, welche Bedrohungen den <a href=\"https:\/\/www.blackturtledive.com\/de\/conservation\/marine-conservation-courses\/project-aware-specialty\/\">Korallenriffen<\/a> gegen\u00fcberstehen und wie Sie Teil der L\u00f6sung sein k\u00f6nnen, um unsere Riffe f\u00fcr zuk\u00fcnftige Generationen zu bewahren.<\/p>\n<p>Zu diesem Zweck haben wir einen <span style=\"color: #28d4ff;\"><em>Lehrplan zur Korallenriff\u00f6kologie <\/em><\/span>entwickelt, der aus einer Reihe von Mini-Lektionen und kurzen Pr\u00e4sentationen besteht.<\/p>\n<p>Unser Ziel ist es, alle Unterwasser-Enthusiasten \u00fcber eines der vielf\u00e4ltigsten und wertvollsten \u00d6kosysteme des Planeten aufzukl\u00e4ren, die Rolle verschiedener Arten im empfindlichen Gleichgewicht des Korallenriffs und wie menschliche Eingriffe es zerst\u00f6ren.<\/p>\n<figure id=\"attachment_2199\" aria-describedby=\"caption-attachment-2199\" style=\"width: 1100px\" class=\"wp-caption alignnone\"><img decoding=\"async\" class=\"size-full wp-image-2199\" src=\"https:\/\/www.blackturtledive.com\/wp-content\/uploads\/2020\/12\/blackturtledive.com-learn-discover-scuba-diving-koh-tao-in-thailand.jpg\" alt=\"Tauchen lernen Koh Tao\" width=\"1100\" height=\"716\" srcset=\"https:\/\/www.blackturtledive.com\/wp-content\/uploads\/2020\/12\/blackturtledive.com-learn-discover-scuba-diving-koh-tao-in-thailand.jpg 1100w, https:\/\/www.blackturtledive.com\/wp-content\/uploads\/2020\/12\/blackturtledive.com-learn-discover-scuba-diving-koh-tao-in-thailand-300x195.jpg 300w, https:\/\/www.blackturtledive.com\/wp-content\/uploads\/2020\/12\/blackturtledive.com-learn-discover-scuba-diving-koh-tao-in-thailand-1024x667.jpg 1024w, https:\/\/www.blackturtledive.com\/wp-content\/uploads\/2020\/12\/blackturtledive.com-learn-discover-scuba-diving-koh-tao-in-thailand-768x500.jpg 768w, https:\/\/www.blackturtledive.com\/wp-content\/uploads\/2020\/12\/blackturtledive.com-learn-discover-scuba-diving-koh-tao-in-thailand-150x98.jpg 150w\" sizes=\"(max-width: 1100px) 100vw, 1100px\" \/><figcaption id=\"caption-attachment-2199\" class=\"wp-caption-text\">Tauchen lernen Koh Tao<\/figcaption><\/figure>\n<h3><span style=\"color: #28d4ff;\">Ein besserer Sporttaucher werden<\/span><\/h3>\n<p>Die Ausbildungskurse von Black Turtle Dive bieten eine Reihe von Auftrieb-Workshops, die in alle unsere tauchbezogenen Aktivit\u00e4ten integriert sind.<\/p>\n<p>Es ist unser Ziel, das Niveau der <a href=\"https:\/\/www.blackturtledive.com\/de\/padi-specialty-courses\/\">Auftriebsf\u00e4higkeiten<\/a> f\u00fcr Freizeit-Sporttaucher zu erh\u00f6hen.<\/p>\n<p>Durch die Teilnahme an einem unserer <span style=\"color: #28d4ff;\"><em>Buoyancy LAB<\/em><em> Workshops<\/em><\/span> k\u00f6nnen Sie sicher sein, ein selbstbewussterer Taucher zu werden, indem Sie eine oft vernachl\u00e4ssigte F\u00e4higkeit &#8211; den Auftrieb &#8211; meistern.<\/p>\n<p>Die Verbesserung Ihrer <a href=\"https:\/\/www.blackturtledive.com\/de\/padi-specialty-courses\/peak-performance-buoyancy\/\">Auftriebskontrolle<\/a> sorgt f\u00fcr mehr Sicherheit, Freude und Spa\u00df, indem sie Energie spart und weniger Einfluss auf die <a href=\"https:\/\/www.blackturtledive.com\/de\/koh-tao-marine-life\/\">marine Umwelt<\/a> nimmt.<\/p>\n<p>Wenn Sie mit Black Turtle Dive tauchen, m\u00f6chten wir, dass Sie sich bewusst sind, was um Sie herum geschieht und warum, was Ihrer Taucherfahrung eine neue Dimension verleiht.<\/p>\n<p>Unser <a href=\"https:\/\/www.blackturtledive.com\/de\/about-us\/our-customer-promise\/\">Versprechen an jeden Kunden<\/a>, der mit uns taucht, ist es, Ihnen durch Bildung, Bewusstsein und Ausbildung von h\u00f6chster Qualit\u00e4t einen Mehrwert zu bieten.<\/p>\n<figure id=\"attachment_1223\" aria-describedby=\"caption-attachment-1223\" style=\"width: 1100px\" class=\"wp-caption alignnone\"><img decoding=\"async\" class=\"size-full wp-image-1223\" src=\"https:\/\/www.blackturtledive.com\/wp-content\/uploads\/2020\/11\/blackturtledive.com-marine-conservation-internship-koh-tao-thailand.jpg\" alt=\"Praktika im Meeresschutz Koh Tao\" width=\"1100\" height=\"733\" srcset=\"https:\/\/www.blackturtledive.com\/wp-content\/uploads\/2020\/11\/blackturtledive.com-marine-conservation-internship-koh-tao-thailand.jpg 1100w, https:\/\/www.blackturtledive.com\/wp-content\/uploads\/2020\/11\/blackturtledive.com-marine-conservation-internship-koh-tao-thailand-300x200.jpg 300w, https:\/\/www.blackturtledive.com\/wp-content\/uploads\/2020\/11\/blackturtledive.com-marine-conservation-internship-koh-tao-thailand-1024x682.jpg 1024w, https:\/\/www.blackturtledive.com\/wp-content\/uploads\/2020\/11\/blackturtledive.com-marine-conservation-internship-koh-tao-thailand-768x512.jpg 768w, https:\/\/www.blackturtledive.com\/wp-content\/uploads\/2020\/11\/blackturtledive.com-marine-conservation-internship-koh-tao-thailand-150x100.jpg 150w, https:\/\/www.blackturtledive.com\/wp-content\/uploads\/2020\/11\/blackturtledive.com-marine-conservation-internship-koh-tao-thailand-450x300.jpg 450w\" sizes=\"(max-width: 1100px) 100vw, 1100px\" \/><figcaption id=\"caption-attachment-1223\" class=\"wp-caption-text\">Praktika im Meeresschutz Koh Tao<\/figcaption><\/figure>\n<figure id=\"attachment_2773\" aria-describedby=\"caption-attachment-2773\" style=\"width: 1000px\" class=\"wp-caption alignnone\"><img decoding=\"async\" class=\"size-full wp-image-2773\" src=\"https:\/\/www.blackturtledive.com\/wp-content\/uploads\/2020\/12\/blackturtledive.com-about-black-turtle-dive-koh-tao-student-sign-up.jpg\" alt=\"Black Turtle Dive Koh Tao - Anmeldung\" width=\"1000\" height=\"668\" srcset=\"https:\/\/www.blackturtledive.com\/wp-content\/uploads\/2020\/12\/blackturtledive.com-about-black-turtle-dive-koh-tao-student-sign-up.jpg 1000w, https:\/\/www.blackturtledive.com\/wp-content\/uploads\/2020\/12\/blackturtledive.com-about-black-turtle-dive-koh-tao-student-sign-up-300x200.jpg 300w, https:\/\/www.blackturtledive.com\/wp-content\/uploads\/2020\/12\/blackturtledive.com-about-black-turtle-dive-koh-tao-student-sign-up-768x513.jpg 768w, https:\/\/www.blackturtledive.com\/wp-content\/uploads\/2020\/12\/blackturtledive.com-about-black-turtle-dive-koh-tao-student-sign-up-150x100.jpg 150w\" sizes=\"(max-width: 1000px) 100vw, 1000px\" \/><figcaption id=\"caption-attachment-2773\" class=\"wp-caption-text\">Black Turtle Dive Koh Tao &#8211; Anmeldung<\/figcaption><\/figure>\n<h3><span style=\"color: #28d4ff;\">Treten Sie unserer Tauchfamilie bei<\/span><\/h3>\n<p>Wir hei\u00dfen gleichgesinnte Abenteurer aus der ganzen Welt mit offenen Armen und einem offenen Geist willkommen.<\/p>\n<p>Wir sch\u00e4tzen Inklusion und Vielfalt, f\u00f6rdern Engagement und Lernen und konzentrieren uns auf die vielen gemeinsamen Interessen, die wir teilen.<\/p>\n<p>Wir f\u00f6rdern das Zusammengeh\u00f6rigkeitsgef\u00fchl und das Gef\u00fchl, Teil einer Familie von gleichgesinnten <a href=\"https:\/\/www.blackturtledive.com\/de\/\">Ozean-Entdeckern und Meeressch\u00fctzern<\/a> aus allen Ecken unseres erstaunlichen Planeten zu sein.<\/p>\n<p><a class=\"fasc-button fasc-size-large fasc-type-flat\" style=\"background-color: #33809e; color: #ffffff;\" href=\"https:\/\/www.blackturtledive.com\/de\/contact-us\/\">Kontakt<\/a>[\/vc_column_text][\/vc_column][\/vc_row]<\/p>\n<\/div>","protected":false},"excerpt":{"rendered":"<p>Als fortschrittliches, modernes und innovatives Tauchzentrum auf Koh Tao ist Black Turtle Dive leidenschaftlich dem Ozean verbunden und m\u00f6chte Sie durch unsere Ausbildung zu einem kompetenteren und selbstbewussteren Taucher machen.<\/p>\n","protected":false},"author":2,"featured_media":18113,"parent":0,"menu_order":0,"comment_status":"closed","ping_status":"closed","template":"","meta":{"_acf_changed":false,"footnotes":""},"class_list":["post-18745","page","type-page","status-publish","has-post-thumbnail","hentry"],"acf":[],"yoast_head":"<!-- This site is optimized with the Yoast SEO Premium plugin v27.6 (Yoast SEO v27.6) - https:\/\/yoast.com\/product\/yoast-seo-premium-wordpress\/ -->\n<title>\u00dcber Black Turtle Dive - Black Turtle Dive Koh Tao<\/title>\n<meta name=\"robots\" content=\"index, follow, max-snippet:-1, max-image-preview:large, max-video-preview:-1\" \/>\n<link rel=\"canonical\" href=\"https:\/\/www.blackturtledive.com\/de\/about-us\/\" \/>\n<meta property=\"og:locale\" content=\"de_DE\" \/>\n<meta property=\"og:type\" content=\"article\" \/>\n<meta property=\"og:title\" content=\"\u00dcber Black Turtle Dive\" \/>\n<meta property=\"og:description\" content=\"Als fortschrittliches, modernes und innovatives Tauchzentrum auf Koh Tao ist Black Turtle Dive leidenschaftlich dem Ozean verbunden und m\u00f6chte Sie durch unsere Ausbildung zu einem kompetenteren und selbstbewussteren Taucher machen.\" \/>\n<meta property=\"og:url\" content=\"https:\/\/www.blackturtledive.com\/de\/about-us\/\" \/>\n<meta property=\"og:site_name\" content=\"Black Turtle Dive Koh Tao\" \/>\n<meta property=\"article:publisher\" content=\"https:\/\/www.facebook.com\/blackturtledive\" \/>\n<meta property=\"article:modified_time\" content=\"2026-05-05T14:26:06+00:00\" \/>\n<meta property=\"og:image\" content=\"https:\/\/www.blackturtledive.com\/wp-content\/uploads\/2020\/11\/blackturtledive.com-best-padi-divemaster-course-koh-tao.jpg\" \/>\n\t<meta property=\"og:image:width\" content=\"1200\" \/>\n\t<meta property=\"og:image:height\" content=\"800\" \/>\n\t<meta property=\"og:image:type\" content=\"image\/jpeg\" \/>\n<meta name=\"twitter:card\" content=\"summary_large_image\" \/>\n<meta name=\"twitter:image\" content=\"https:\/\/www.blackturtledive.com\/wp-content\/uploads\/2020\/11\/blackturtledive.com-best-padi-divemaster-course-koh-tao.jpg\" \/>\n<meta name=\"twitter:site\" content=\"@blackturtledive\" \/>\n<meta name=\"twitter:label1\" content=\"Gesch\u00e4tzte Lesezeit\" \/>\n\t<meta name=\"twitter:data1\" content=\"4\u00a0Minuten\" \/>\n<!-- \/ Yoast SEO Premium plugin. -->","yoast_head_json":{"title":"\u00dcber Black Turtle Dive - Black Turtle Dive Koh Tao","robots":{"index":"index","follow":"follow","max-snippet":"max-snippet:-1","max-image-preview":"max-image-preview:large","max-video-preview":"max-video-preview:-1"},"canonical":"https:\/\/www.blackturtledive.com\/de\/about-us\/","og_locale":"de_DE","og_type":"article","og_title":"\u00dcber Black Turtle Dive","og_description":"Als fortschrittliches, modernes und innovatives Tauchzentrum auf Koh Tao ist Black Turtle Dive leidenschaftlich dem Ozean verbunden und m\u00f6chte Sie durch unsere Ausbildung zu einem kompetenteren und selbstbewussteren Taucher machen.","og_url":"https:\/\/www.blackturtledive.com\/de\/about-us\/","og_site_name":"Black Turtle Dive Koh Tao","article_publisher":"https:\/\/www.facebook.com\/blackturtledive","article_modified_time":"2026-05-05T14:26:06+00:00","og_image":[{"width":1200,"height":800,"url":"https:\/\/www.blackturtledive.com\/wp-content\/uploads\/2020\/11\/blackturtledive.com-best-padi-divemaster-course-koh-tao.jpg","type":"image\/jpeg"}],"twitter_card":"summary_large_image","twitter_image":"https:\/\/www.blackturtledive.com\/wp-content\/uploads\/2020\/11\/blackturtledive.com-best-padi-divemaster-course-koh-tao.jpg","twitter_site":"@blackturtledive","twitter_misc":{"Gesch\u00e4tzte Lesezeit":"4\u00a0Minuten"},"schema":{"@context":"https:\/\/schema.org","@graph":[{"@type":"WebPage","@id":"https:\/\/www.blackturtledive.com\/de\/about-us\/","url":"https:\/\/www.blackturtledive.com\/de\/about-us\/","name":"\u00dcber Black Turtle Dive - Black Turtle Dive Koh Tao","isPartOf":{"@id":"https:\/\/www.blackturtledive.com\/de\/#website"},"primaryImageOfPage":{"@id":"https:\/\/www.blackturtledive.com\/de\/about-us\/#primaryimage"},"image":{"@id":"https:\/\/www.blackturtledive.com\/de\/about-us\/#primaryimage"},"thumbnailUrl":"https:\/\/www.blackturtledive.com\/wp-content\/uploads\/2020\/12\/blackturtledive.com-about-black-turtle-dive-dive-center-koh-tao-thailand.jpg","datePublished":"2020-09-19T13:49:09+00:00","dateModified":"2026-05-05T14:26:06+00:00","breadcrumb":{"@id":"https:\/\/www.blackturtledive.com\/de\/about-us\/#breadcrumb"},"inLanguage":"de","potentialAction":[{"@type":"ReadAction","target":["https:\/\/www.blackturtledive.com\/de\/about-us\/"]}]},{"@type":"ImageObject","inLanguage":"de","@id":"https:\/\/www.blackturtledive.com\/de\/about-us\/#primaryimage","url":"https:\/\/www.blackturtledive.com\/wp-content\/uploads\/2020\/12\/blackturtledive.com-about-black-turtle-dive-dive-center-koh-tao-thailand.jpg","contentUrl":"https:\/\/www.blackturtledive.com\/wp-content\/uploads\/2020\/12\/blackturtledive.com-about-black-turtle-dive-dive-center-koh-tao-thailand.jpg","width":1000,"height":698,"caption":"Black Turtle Dive Koh Tao"},{"@type":"BreadcrumbList","@id":"https:\/\/www.blackturtledive.com\/de\/about-us\/#breadcrumb","itemListElement":[{"@type":"ListItem","position":1,"name":"Home","item":"https:\/\/www.blackturtledive.com\/de\/"},{"@type":"ListItem","position":2,"name":"\u00dcber Black Turtle Dive"}]},{"@type":"WebSite","@id":"https:\/\/www.blackturtledive.com\/de\/#website","url":"https:\/\/www.blackturtledive.com\/de\/","name":"Black Turtle Dive Koh Tao","description":"Ocean Explorers | Marine Protectors","publisher":{"@id":"https:\/\/www.blackturtledive.com\/de\/#organization"},"alternateName":"Black Turtle Dive in Thailand","potentialAction":[{"@type":"SearchAction","target":{"@type":"EntryPoint","urlTemplate":"https:\/\/www.blackturtledive.com\/de\/?s={search_term_string}"},"query-input":{"@type":"PropertyValueSpecification","valueRequired":true,"valueName":"search_term_string"}}],"inLanguage":"de"},{"@type":"Organization","@id":"https:\/\/www.blackturtledive.com\/de\/#organization","name":"Black Turtle Dive Koh Tao","alternateName":"Black Turtle Dive","url":"https:\/\/www.blackturtledive.com\/de\/","logo":{"@type":"ImageObject","inLanguage":"de","@id":"https:\/\/www.blackturtledive.com\/de\/#\/schema\/logo\/image\/","url":"https:\/\/www.blackturtledive.com\/wp-content\/uploads\/2020\/11\/cropped-blackturtledive.com-brand-logo.png","contentUrl":"https:\/\/www.blackturtledive.com\/wp-content\/uploads\/2020\/11\/cropped-blackturtledive.com-brand-logo.png","width":400,"height":400,"caption":"Black Turtle Dive Koh Tao"},"image":{"@id":"https:\/\/www.blackturtledive.com\/de\/#\/schema\/logo\/image\/"},"sameAs":["https:\/\/www.facebook.com\/blackturtledive","https:\/\/x.com\/blackturtledive","https:\/\/www.instagram.com\/blackturtledive\/","https:\/\/www.youtube.com\/blackturtledive","https:\/\/www.linkedin.com\/company\/blackturtledive\/","https:\/\/www.tumblr.com\/blackturtledive","https:\/\/www.pinterest.com\/blackturtledive\/","https:\/\/www.tiktok.com\/@blackturtledive","https:\/\/www.reddit.com\/user\/blackturtledive\/"],"description":"Black Turtle Dive is a modern and innovative 5 Star Career Development Scuba Diving Center, passionate about the ocean and through training we want to empower you to become a competent and confident scuba diver. Our diving courses equip you with the skills, knowledge and awareness necessary to explore the ocean safely, whilst becoming a passionate advocate and protector of the marine environment. If you have never dived before or are a certified diver and want to develop your skills further, our tailored, bespoke courses and programs will inspire you to become an Ocean advocate. Our scientific based Marine Conservation Internships and training programs, offer aspiring scuba divers and marine conservationists, the best marine conservation internships on Koh Tao. We currently offer students six levels of Marine Conservation Internships at our beachside location on Koh Tao in Thailand. Check out our website for more information.","email":"info@blackturtledive.com","telephone":"089 592 2134","legalName":"Black Turtle Dive Co Ltd","foundingDate":"2020-01-01","publishingPrinciples":"https:\/\/www.blackturtledive.com\/terms\/","ownershipFundingInfo":"https:\/\/www.blackturtledive.com\/terms\/","actionableFeedbackPolicy":"https:\/\/www.blackturtledive.com\/privacy-policy\/","correctionsPolicy":"https:\/\/www.blackturtledive.com\/privacy-policy\/","ethicsPolicy":"https:\/\/www.blackturtledive.com\/privacy-policy\/","diversityPolicy":"https:\/\/www.blackturtledive.com\/privacy-policy\/"}]}},"_links":{"self":[{"href":"https:\/\/www.blackturtledive.com\/de\/wp-json\/wp\/v2\/pages\/18745","targetHints":{"allow":["GET"]}}],"collection":[{"href":"https:\/\/www.blackturtledive.com\/de\/wp-json\/wp\/v2\/pages"}],"about":[{"href":"https:\/\/www.blackturtledive.com\/de\/wp-json\/wp\/v2\/types\/page"}],"author":[{"embeddable":true,"href":"https:\/\/www.blackturtledive.com\/de\/wp-json\/wp\/v2\/users\/2"}],"replies":[{"embeddable":true,"href":"https:\/\/www.blackturtledive.com\/de\/wp-json\/wp\/v2\/comments?post=18745"}],"version-history":[{"count":1,"href":"https:\/\/www.blackturtledive.com\/de\/wp-json\/wp\/v2\/pages\/18745\/revisions"}],"predecessor-version":[{"id":70978,"href":"https:\/\/www.blackturtledive.com\/de\/wp-json\/wp\/v2\/pages\/18745\/revisions\/70978"}],"wp:featuredmedia":[{"embeddable":true,"href":"https:\/\/www.blackturtledive.com\/de\/wp-json\/wp\/v2\/media\/18113"}],"wp:attachment":[{"href":"https:\/\/www.blackturtledive.com\/de\/wp-json\/wp\/v2\/media?parent=18745"}],"curies":[{"name":"wp","href":"https:\/\/api.w.org\/{rel}","templated":true}]}}