{"id":68083,"date":"2024-10-26T00:32:35","date_gmt":"2024-10-25T17:32:35","guid":{"rendered":"https:\/\/www.blackturtledive.com\/padi-pro-level\/padi-idc-koh-tao-schedule\/"},"modified":"2026-05-06T23:38:28","modified_gmt":"2026-05-06T16:38:28","slug":"padi-idc-koh-tao-schedule","status":"publish","type":"page","link":"https:\/\/www.blackturtledive.com\/de\/padi-pro-level\/padi-idc-koh-tao-schedule\/","title":{"rendered":"PADI IDC Schedule"},"content":{"rendered":"<div class=\"wpb-content-wrapper\"><p>[vc_row css=&#8220;.vc_custom_1691734163881{margin-top: 30px !important;margin-bottom: 40px !important;}&#8220;][vc_column][vc_column_text css=&#8220;&#8220;]Der PADI IDC-Zeitplan bietet eine klare \u00dcbersicht \u00fcber unsere monatlichen Instructor Development Courses, einschlie\u00dflich der 2-t\u00e4gigen Vorbereitungsphase und der abschlie\u00dfenden PADI Instructor Examination (IE).<\/p>\n<p>Wir strukturieren unsere IDC-Termine so, dass der Erfolg der Kandidaten maximiert wird, und bieten eine entspannte, aber intensive Umgebung, die pers\u00f6nliches Mentoring durch unsere Platinum Course Directors erm\u00f6glicht.<\/p>\n<p>Als 5-Star Career Development Centre (CDC) bietet Black Turtle Dive die h\u00e4ufigsten und zuverl\u00e4ssigsten IDC-Termine auf Koh Tao, sodass Sie Ihren Karrierewechsel mit vollem Vertrauen planen k\u00f6nnen.[\/vc_column_text][vc_column_text css=&#8220;&#8220;]<\/p>\n<p style=\"text-align: center;\">IDC Prep \u2013 Vorbereitung<br \/>\nIDC \u2013 Instructor Development Course<br \/>\nPADI IE \u2013 PADI Instructor Exam<\/p>\n<p style=\"text-align: center;\">** Termine 2026 k\u00f6nnen sich \u00e4ndern, bitte zur Best\u00e4tigung nachfragen<\/p>\n<p>[\/vc_column_text][vc_custom_heading text=&#8220;2026 PADI IDC Zeitplan&#8220; font_container=&#8220;tag:h3|text_align:center|color:%2328d4ff&#8220; use_theme_fonts=&#8220;yes&#8220; css=&#8220;&#8220;][\/vc_column][\/vc_row][vc_row][vc_column width=&#8220;1\/4&#8243;][vc_column_text css=&#8220;.vc_custom_1756201800523{border-top-width: 1px !important;border-right-width: 1px !important;border-bottom-width: 1px !important;border-left-width: 1px !important;padding-top: 20px !important;padding-right: 15px !important;padding-bottom: 20px !important;padding-left: 15px !important;border-left-style: solid !important;border-right-style: solid !important;border-top-style: solid !important;border-bottom-style: solid !important;}&#8220; el_class=&#8220;schedule-box&#8220;]<\/p>\n<p style=\"text-align: center;\"><strong>JANUAR<\/strong><\/p>\n<p style=\"text-align: center;\">Prep \u2013 4.\u20135.<br \/>\nIDC 6.\u201319.<br \/>\nPADI IE 20.\u201321.<br \/>\nMSDT \u2013 23.<\/p>\n<p>[\/vc_column_text][\/vc_column][vc_column width=&#8220;1\/4&#8243;][vc_column_text css=&#8220;.vc_custom_1756201900392{border-top-width: 1px !important;border-right-width: 1px !important;border-bottom-width: 1px !important;border-left-width: 1px !important;padding-top: 20px !important;padding-right: 15px !important;padding-bottom: 20px !important;padding-left: 15px !important;border-left-style: solid !important;border-right-style: solid !important;border-top-style: solid !important;border-bottom-style: solid !important;}&#8220; el_class=&#8220;schedule-box&#8220;]<\/p>\n<p style=\"text-align: center;\"><strong>FEBRUAR<\/strong><\/p>\n<p style=\"text-align: center;\">Prep \u2013 1.\u20132.<br \/>\nIDC 3.\u201316.<br \/>\nPADI IE 17.\u201318.<br \/>\nMSDT \u2013 20.<\/p>\n<p>[\/vc_column_text][\/vc_column][vc_column width=&#8220;1\/4&#8243;][vc_column_text css=&#8220;.vc_custom_1756201948610{border-top-width: 1px !important;border-right-width: 1px !important;border-bottom-width: 1px !important;border-left-width: 1px !important;padding-top: 20px !important;padding-right: 15px !important;padding-bottom: 20px !important;padding-left: 15px !important;border-left-style: solid !important;border-right-style: solid !important;border-top-style: solid !important;border-bottom-style: solid !important;}&#8220; el_class=&#8220;schedule-box&#8220;]<\/p>\n<p style=\"text-align: center;\"><strong>M\u00c4RZ<\/strong><\/p>\n<p style=\"text-align: center;\">Prep \u2013 1.\u20132.<br \/>\nIDC 3.\u201316.<br \/>\nPADI IE 17.\u201318.<br \/>\nMSDT \u2013 20.<\/p>\n<p>[\/vc_column_text][\/vc_column][vc_column width=&#8220;1\/4&#8243;][vc_column_text css=&#8220;.vc_custom_1756201991581{border-top-width: 1px !important;border-right-width: 1px !important;border-bottom-width: 1px !important;border-left-width: 1px !important;padding-top: 20px !important;padding-right: 15px !important;padding-bottom: 20px !important;padding-left: 15px !important;border-left-style: solid !important;border-right-style: solid !important;border-top-style: solid !important;border-bottom-style: solid !important;}&#8220; el_class=&#8220;schedule-box&#8220;]<\/p>\n<p style=\"text-align: center;\"><strong>APRIL<\/strong><\/p>\n<p style=\"text-align: center;\">Prep \u2013 5.\u20136.<br \/>\nIDC 7.\u201320.<br \/>\nPADI IE 21.\u201322.<br \/>\nMSDT \u2013 24.<\/p>\n<p>[\/vc_column_text][\/vc_column][\/vc_row][vc_row][vc_column width=&#8220;1\/4&#8243;][vc_column_text css=&#8220;.vc_custom_1756202044218{border-top-width: 1px !important;border-right-width: 1px !important;border-bottom-width: 1px !important;border-left-width: 1px !important;padding-top: 20px !important;padding-right: 15px !important;padding-bottom: 20px !important;padding-left: 15px !important;border-left-style: solid !important;border-right-style: solid !important;border-top-style: solid !important;border-bottom-style: solid !important;}&#8220; el_class=&#8220;schedule-box&#8220;]<\/p>\n<p style=\"text-align: center;\"><strong>MAI<\/strong><\/p>\n<p style=\"text-align: center;\">Prep \u2013 3.\u20134.<br \/>\nIDC 5.\u201318.<br \/>\nPADI IE 19.\u201320.<br \/>\nMSDT \u2013 22.<\/p>\n<p>[\/vc_column_text][\/vc_column][vc_column width=&#8220;1\/4&#8243;][vc_column_text css=&#8220;.vc_custom_1756202125432{border-top-width: 1px !important;border-right-width: 1px !important;border-bottom-width: 1px !important;border-left-width: 1px !important;padding-top: 20px !important;padding-right: 15px !important;padding-bottom: 20px !important;padding-left: 15px !important;border-left-style: solid !important;border-right-style: solid !important;border-top-style: solid !important;border-bottom-style: solid !important;}&#8220; el_class=&#8220;schedule-box&#8220;]<\/p>\n<p style=\"text-align: center;\"><strong>JUNI<\/strong><\/p>\n<p style=\"text-align: center;\">Prep \u2013 7.\u20138.<br \/>\nIDC 9.\u201322.<br \/>\nPADI IE 23.\u201324.<br \/>\nMSDT \u2013 26.<\/p>\n<p>[\/vc_column_text][\/vc_column][vc_column width=&#8220;1\/4&#8243;][vc_column_text css=&#8220;.vc_custom_1756202182679{border-top-width: 1px !important;border-right-width: 1px !important;border-bottom-width: 1px !important;border-left-width: 1px !important;padding-top: 20px !important;padding-right: 15px !important;padding-bottom: 20px !important;padding-left: 15px !important;border-left-style: solid !important;border-right-style: solid !important;border-top-style: solid !important;border-bottom-style: solid !important;}&#8220; el_class=&#8220;schedule-box&#8220;]<\/p>\n<p style=\"text-align: center;\"><strong>JULI<\/strong><\/p>\n<p style=\"text-align: center;\">Prep \u2013 5.\u20136.<br \/>\nIDC 7.\u201320.<br \/>\nPADI IE 21.\u201322.<br \/>\nMSDT \u2013 24.<\/p>\n<p>[\/vc_column_text][\/vc_column][vc_column width=&#8220;1\/4&#8243;][vc_column_text css=&#8220;.vc_custom_1756202224783{border-top-width: 1px !important;border-right-width: 1px !important;border-bottom-width: 1px !important;border-left-width: 1px !important;padding-top: 20px !important;padding-right: 15px !important;padding-bottom: 20px !important;padding-left: 15px !important;border-left-style: solid !important;border-right-style: solid !important;border-top-style: solid !important;border-bottom-style: solid !important;}&#8220; el_class=&#8220;schedule-box&#8220;]<\/p>\n<p style=\"text-align: center;\"><strong>AUGUST<\/strong><\/p>\n<p style=\"text-align: center;\">Prep \u2013 2.\u20133.<br \/>\nIDC 4.\u201317.<br \/>\nPADI IE 18.\u201319.<br \/>\nMSDT \u2013 21.<\/p>\n<p>[\/vc_column_text][\/vc_column][\/vc_row][vc_row][vc_column width=&#8220;1\/4&#8243;][vc_column_text css=&#8220;.vc_custom_1756202289815{border-top-width: 1px !important;border-right-width: 1px !important;border-bottom-width: 1px !important;border-left-width: 1px !important;padding-top: 20px !important;padding-right: 15px !important;padding-bottom: 20px !important;padding-left: 15px !important;border-left-style: solid !important;border-right-style: solid !important;border-top-style: solid !important;border-bottom-style: solid !important;}&#8220; el_class=&#8220;schedule-box&#8220;]<\/p>\n<p style=\"text-align: center;\"><strong>SEPTEMBER<\/strong><\/p>\n<p style=\"text-align: center;\">Prep \u2013 6.\u20137.<br \/>\nIDC 8.\u201321.<br \/>\nPADI IE 22.\u201323.<br \/>\nMSDT \u2013 25.<\/p>\n<p>[\/vc_column_text][\/vc_column][vc_column width=&#8220;1\/4&#8243;][vc_column_text css=&#8220;.vc_custom_1756202458536{border-top-width: 1px !important;border-right-width: 1px !important;border-bottom-width: 1px !important;border-left-width: 1px !important;padding-top: 20px !important;padding-right: 15px !important;padding-bottom: 20px !important;padding-left: 15px !important;border-left-style: solid !important;border-right-style: solid !important;border-top-style: solid !important;border-bottom-style: solid !important;}&#8220; el_class=&#8220;schedule-box&#8220;]<\/p>\n<p style=\"text-align: center;\"><strong>OKTOBER<\/strong><\/p>\n<p style=\"text-align: center;\">Prep \u2013 4.\u20135.<br \/>\nIDC 6.\u201319.<br \/>\nPADI IE 20.\u201321.<br \/>\nMSDT \u2013 23.<\/p>\n<p>[\/vc_column_text][\/vc_column][vc_column width=&#8220;1\/4&#8243;][vc_column_text css=&#8220;.vc_custom_1756202496106{border-top-width: 1px !important;border-right-width: 1px !important;border-bottom-width: 1px !important;border-left-width: 1px !important;padding-top: 20px !important;padding-right: 15px !important;padding-bottom: 20px !important;padding-left: 15px !important;border-left-style: solid !important;border-right-style: solid !important;border-top-style: solid !important;border-bottom-style: solid !important;}&#8220; el_class=&#8220;schedule-box&#8220;]<\/p>\n<p style=\"text-align: center;\"><strong>NOVEMBER<\/strong><\/p>\n<p style=\"text-align: center;\">Prep \u2013 8.\u20139.<br \/>\nID 10.\u201323.<br \/>\nPADI IE 24.\u201325.<br \/>\nMSDT \u2013 27.<\/p>\n<p>[\/vc_column_text][\/vc_column][vc_column width=&#8220;1\/4&#8243;][vc_column_text css=&#8220;.vc_custom_1756202556923{border-top-width: 1px !important;border-right-width: 1px !important;border-bottom-width: 1px !important;border-left-width: 1px !important;padding-top: 20px !important;padding-right: 15px !important;padding-bottom: 20px !important;padding-left: 15px !important;border-left-style: solid !important;border-right-style: solid !important;border-top-style: solid !important;border-bottom-style: solid !important;}&#8220;]<\/p>\n<p style=\"text-align: center;\"><strong>DEZEMBER<\/strong><\/p>\n<p style=\"text-align: center;\">Prep &#8211; 29.\u201330. Nov.<br \/>\nIDC 1.\u201314.<br \/>\nPADI IE 15.\u201316.<br \/>\nMSDT &#8211; 18.<\/p>\n<p>[\/vc_column_text][\/vc_column][\/vc_row][vc_row][vc_column][vc_column_text css=&#8220;&#8220;]<\/p>\n<p style=\"text-align: center;\"><a class=\"fasc-button fasc-size-large fasc-type-flat\" style=\"background-color: #33809e; color: #ffffff;\" target=\"_blank\" rel=\"noopener\" href=\"https:\/\/www.blackturtledive.com\/wp-content\/uploads\/2025\/08\/blackturtledive.com-IDC-schedule-2026.pdf\">2026 TERMINE HERUNTERLADEN<\/a><\/p>\n<p style=\"text-align: center;\">2-t\u00e4gige IDC Prep (Tauchtheorie und Skill Circuits)<br \/>\nKOSTENLOSER Dive Against Debris enthalten<br \/>\nAWARE Shark Conservation Instructor Kurs<br \/>\nEmergency First Response Instructor Kurs<br \/>\nInklusive einzigartiger Black Turtle Dive Workshops<br \/>\nKOSTENLOSES T-Shirt<br \/>\nMittagessen w\u00e4hrend des IDC<br \/>\nAusr\u00fcstungsverleih<br \/>\nBestehensgarantie! \u2013 In dem h\u00f6chst unwahrscheinlichen Fall, dass Sie bei der IE nicht erfolgreich sind, \u00fcbernehmen wir die Kosten f\u00fcr Ihren zweiten IDC &amp; IE<\/p>\n<p>[\/vc_column_text][\/vc_column][\/vc_row]<\/p>\n<\/div>","protected":false},"excerpt":{"rendered":"<p>Der PADI IDC-Zeitplan bietet einen klaren Zeitplan f\u00fcr unsere monatlichen Ausbilderentwicklungskurse, einschlie\u00dflich der 2-t\u00e4gigen Vorbereitungsphase und der abschlie\u00dfenden PADI Ausbilderpr\u00fcfung (IE).<\/p>\n","protected":false},"author":1,"featured_media":0,"parent":18621,"menu_order":0,"comment_status":"closed","ping_status":"closed","template":"page-no-banner.php","meta":{"_acf_changed":false,"footnotes":""},"class_list":["post-68083","page","type-page","status-publish","hentry"],"acf":[],"yoast_head":"<!-- This site is optimized with the Yoast SEO Premium plugin v27.6 (Yoast SEO v27.6) - https:\/\/yoast.com\/product\/yoast-seo-premium-wordpress\/ -->\n<title>PADI IDC Schedule - Black Turtle Dive Koh Tao<\/title>\n<meta name=\"description\" content=\"Der PADI IDC-Zeitplan bietet einen klaren Zeitplan f\u00fcr unsere monatlichen Ausbilderentwicklungskurse, einschlie\u00dflich der 2-t\u00e4gigen Vorbereitungsphase und der Ausbilderpr\u00fcfung.\" \/>\n<meta name=\"robots\" content=\"index, follow, max-snippet:-1, max-image-preview:large, max-video-preview:-1\" \/>\n<link rel=\"canonical\" href=\"https:\/\/www.blackturtledive.com\/de\/padi-pro-level\/padi-idc-koh-tao-schedule\/\" \/>\n<meta property=\"og:locale\" content=\"de_DE\" \/>\n<meta property=\"og:type\" content=\"article\" \/>\n<meta property=\"og:title\" content=\"PADI IDC Schedule | Black Turtle Dive\" \/>\n<meta property=\"og:description\" content=\"PADI IDC Schedule for the instructor development course on Koh Tao, Thailand - an award winning PADI IDC in Asia Pacific\" \/>\n<meta property=\"og:url\" content=\"https:\/\/www.blackturtledive.com\/de\/padi-pro-level\/padi-idc-koh-tao-schedule\/\" \/>\n<meta property=\"og:site_name\" content=\"Black Turtle Dive Koh Tao\" \/>\n<meta property=\"article:publisher\" content=\"https:\/\/www.facebook.com\/blackturtledive\" \/>\n<meta property=\"article:modified_time\" content=\"2026-05-06T16:38:28+00:00\" \/>\n<meta property=\"og:image\" content=\"https:\/\/www.blackturtledive.com\/wp-content\/uploads\/2023\/06\/blackturtledive.com-best-instructor-course-in-thailand-knowledge-development-jpeg.webp\" \/>\n\t<meta property=\"og:image:width\" content=\"1200\" \/>\n\t<meta property=\"og:image:height\" content=\"901\" \/>\n\t<meta property=\"og:image:type\" content=\"image\/jpeg\" \/>\n<meta name=\"twitter:card\" content=\"summary_large_image\" \/>\n<meta name=\"twitter:title\" content=\"PADI IDC Schedule | Black Turtle Dive\" \/>\n<meta name=\"twitter:description\" content=\"PADI IDC Schedule for the instructor development course on Koh Tao, Thailand - an award winning PADI IDC in Asia Pacific\" \/>\n<meta name=\"twitter:site\" content=\"@blackturtledive\" \/>\n<meta name=\"twitter:label1\" content=\"Gesch\u00e4tzte Lesezeit\" \/>\n\t<meta name=\"twitter:data1\" content=\"3\u00a0Minuten\" \/>\n<!-- \/ Yoast SEO Premium plugin. -->","yoast_head_json":{"title":"PADI IDC Schedule - Black Turtle Dive Koh Tao","description":"Der PADI IDC-Zeitplan bietet einen klaren Zeitplan f\u00fcr unsere monatlichen Ausbilderentwicklungskurse, einschlie\u00dflich der 2-t\u00e4gigen Vorbereitungsphase und der Ausbilderpr\u00fcfung.","robots":{"index":"index","follow":"follow","max-snippet":"max-snippet:-1","max-image-preview":"max-image-preview:large","max-video-preview":"max-video-preview:-1"},"canonical":"https:\/\/www.blackturtledive.com\/de\/padi-pro-level\/padi-idc-koh-tao-schedule\/","og_locale":"de_DE","og_type":"article","og_title":"PADI IDC Schedule | Black Turtle Dive","og_description":"PADI IDC Schedule for the instructor development course on Koh Tao, Thailand - an award winning PADI IDC in Asia Pacific","og_url":"https:\/\/www.blackturtledive.com\/de\/padi-pro-level\/padi-idc-koh-tao-schedule\/","og_site_name":"Black Turtle Dive Koh Tao","article_publisher":"https:\/\/www.facebook.com\/blackturtledive","article_modified_time":"2026-05-06T16:38:28+00:00","og_image":[{"width":1200,"height":901,"url":"https:\/\/www.blackturtledive.com\/wp-content\/uploads\/2023\/06\/blackturtledive.com-best-instructor-course-in-thailand-knowledge-development-jpeg.webp","type":"image\/jpeg"}],"twitter_card":"summary_large_image","twitter_title":"PADI IDC Schedule | Black Turtle Dive","twitter_description":"PADI IDC Schedule for the instructor development course on Koh Tao, Thailand - an award winning PADI IDC in Asia Pacific","twitter_site":"@blackturtledive","twitter_misc":{"Gesch\u00e4tzte Lesezeit":"3\u00a0Minuten"},"schema":{"@context":"https:\/\/schema.org","@graph":[{"@type":"WebPage","@id":"https:\/\/www.blackturtledive.com\/de\/padi-pro-level\/padi-idc-koh-tao-schedule\/","url":"https:\/\/www.blackturtledive.com\/de\/padi-pro-level\/padi-idc-koh-tao-schedule\/","name":"PADI IDC Schedule - Black Turtle Dive Koh Tao","isPartOf":{"@id":"https:\/\/www.blackturtledive.com\/de\/#website"},"datePublished":"2024-10-25T17:32:35+00:00","dateModified":"2026-05-06T16:38:28+00:00","description":"Der PADI IDC-Zeitplan bietet einen klaren Zeitplan f\u00fcr unsere monatlichen Ausbilderentwicklungskurse, einschlie\u00dflich der 2-t\u00e4gigen Vorbereitungsphase und der Ausbilderpr\u00fcfung.","breadcrumb":{"@id":"https:\/\/www.blackturtledive.com\/de\/padi-pro-level\/padi-idc-koh-tao-schedule\/#breadcrumb"},"inLanguage":"de","potentialAction":[{"@type":"ReadAction","target":["https:\/\/www.blackturtledive.com\/de\/padi-pro-level\/padi-idc-koh-tao-schedule\/"]}]},{"@type":"BreadcrumbList","@id":"https:\/\/www.blackturtledive.com\/de\/padi-pro-level\/padi-idc-koh-tao-schedule\/#breadcrumb","itemListElement":[{"@type":"ListItem","position":1,"name":"Home","item":"https:\/\/www.blackturtledive.com\/de\/"},{"@type":"ListItem","position":2,"name":"PADI-Pro Stufe","item":"https:\/\/www.blackturtledive.com\/de\/padi-pro-level\/"},{"@type":"ListItem","position":3,"name":"PADI IDC Schedule"}]},{"@type":"WebSite","@id":"https:\/\/www.blackturtledive.com\/de\/#website","url":"https:\/\/www.blackturtledive.com\/de\/","name":"Black Turtle Dive Koh Tao","description":"Ocean Explorers | Marine Protectors","publisher":{"@id":"https:\/\/www.blackturtledive.com\/de\/#organization"},"alternateName":"Black Turtle Dive in Thailand","potentialAction":[{"@type":"SearchAction","target":{"@type":"EntryPoint","urlTemplate":"https:\/\/www.blackturtledive.com\/de\/?s={search_term_string}"},"query-input":{"@type":"PropertyValueSpecification","valueRequired":true,"valueName":"search_term_string"}}],"inLanguage":"de"},{"@type":"Organization","@id":"https:\/\/www.blackturtledive.com\/de\/#organization","name":"Black Turtle Dive Koh Tao","alternateName":"Black Turtle Dive","url":"https:\/\/www.blackturtledive.com\/de\/","logo":{"@type":"ImageObject","inLanguage":"de","@id":"https:\/\/www.blackturtledive.com\/de\/#\/schema\/logo\/image\/","url":"https:\/\/www.blackturtledive.com\/wp-content\/uploads\/2020\/11\/cropped-blackturtledive.com-brand-logo.png","contentUrl":"https:\/\/www.blackturtledive.com\/wp-content\/uploads\/2020\/11\/cropped-blackturtledive.com-brand-logo.png","width":400,"height":400,"caption":"Black Turtle Dive Koh Tao"},"image":{"@id":"https:\/\/www.blackturtledive.com\/de\/#\/schema\/logo\/image\/"},"sameAs":["https:\/\/www.facebook.com\/blackturtledive","https:\/\/x.com\/blackturtledive","https:\/\/www.instagram.com\/blackturtledive\/","https:\/\/www.youtube.com\/blackturtledive","https:\/\/www.linkedin.com\/company\/blackturtledive\/","https:\/\/www.tumblr.com\/blackturtledive","https:\/\/www.pinterest.com\/blackturtledive\/","https:\/\/www.tiktok.com\/@blackturtledive","https:\/\/www.reddit.com\/user\/blackturtledive\/"],"description":"Black Turtle Dive is a modern and innovative 5 Star Career Development Scuba Diving Center, passionate about the ocean and through training we want to empower you to become a competent and confident scuba diver. Our diving courses equip you with the skills, knowledge and awareness necessary to explore the ocean safely, whilst becoming a passionate advocate and protector of the marine environment. If you have never dived before or are a certified diver and want to develop your skills further, our tailored, bespoke courses and programs will inspire you to become an Ocean advocate. Our scientific based Marine Conservation Internships and training programs, offer aspiring scuba divers and marine conservationists, the best marine conservation internships on Koh Tao. We currently offer students six levels of Marine Conservation Internships at our beachside location on Koh Tao in Thailand. Check out our website for more information.","email":"info@blackturtledive.com","telephone":"089 592 2134","legalName":"Black Turtle Dive Co Ltd","foundingDate":"2020-01-01","publishingPrinciples":"https:\/\/www.blackturtledive.com\/terms\/","ownershipFundingInfo":"https:\/\/www.blackturtledive.com\/terms\/","actionableFeedbackPolicy":"https:\/\/www.blackturtledive.com\/privacy-policy\/","correctionsPolicy":"https:\/\/www.blackturtledive.com\/privacy-policy\/","ethicsPolicy":"https:\/\/www.blackturtledive.com\/privacy-policy\/","diversityPolicy":"https:\/\/www.blackturtledive.com\/privacy-policy\/"}]}},"_links":{"self":[{"href":"https:\/\/www.blackturtledive.com\/de\/wp-json\/wp\/v2\/pages\/68083","targetHints":{"allow":["GET"]}}],"collection":[{"href":"https:\/\/www.blackturtledive.com\/de\/wp-json\/wp\/v2\/pages"}],"about":[{"href":"https:\/\/www.blackturtledive.com\/de\/wp-json\/wp\/v2\/types\/page"}],"author":[{"embeddable":true,"href":"https:\/\/www.blackturtledive.com\/de\/wp-json\/wp\/v2\/users\/1"}],"replies":[{"embeddable":true,"href":"https:\/\/www.blackturtledive.com\/de\/wp-json\/wp\/v2\/comments?post=68083"}],"version-history":[{"count":2,"href":"https:\/\/www.blackturtledive.com\/de\/wp-json\/wp\/v2\/pages\/68083\/revisions"}],"predecessor-version":[{"id":71632,"href":"https:\/\/www.blackturtledive.com\/de\/wp-json\/wp\/v2\/pages\/68083\/revisions\/71632"}],"up":[{"embeddable":true,"href":"https:\/\/www.blackturtledive.com\/de\/wp-json\/wp\/v2\/pages\/18621"}],"wp:attachment":[{"href":"https:\/\/www.blackturtledive.com\/de\/wp-json\/wp\/v2\/media?parent=68083"}],"curies":[{"name":"wp","href":"https:\/\/api.w.org\/{rel}","templated":true}]}}