{"id":68091,"date":"2026-03-16T10:54:51","date_gmt":"2026-03-16T03:54:51","guid":{"rendered":"https:\/\/www.blackturtledive.com\/technical-diving-courses\/padi-tec-sidemount-diver\/"},"modified":"2026-05-06T19:12:33","modified_gmt":"2026-05-06T12:12:33","slug":"padi-tec-sidemount-diver","status":"publish","type":"page","link":"https:\/\/www.blackturtledive.com\/de\/technical-diving-courses\/padi-tec-sidemount-diver\/","title":{"rendered":"PADI Tec Sidemount Taucher"},"content":{"rendered":"<div class=\"wpb-content-wrapper\"><p>[vc_row][vc_column][vc_column_text css=&#8220;&#8220;]Tec-Sidemount-Training vermittelt Ihnen, wie Sie zwei oder mehr Flaschen in einer seitlich getragenen Konfiguration f\u00fcr verl\u00e4ngerte technische Dekompressionstauchg\u00e4nge managen.<\/p>\n<p>Dieses Setup bietet h\u00f6here Flexibilit\u00e4t und Zugang zu engen Bereichen und erm\u00f6glicht gleichzeitig einfacheres Gasmanagement und Flaschenhandling im Vergleich zu Backmount-Doppelger\u00e4ten.<\/p>\n<p>Sidemount wird auf Koh Tao h\u00e4ufig f\u00fcr Wrackpenetration und Tiefsee-Erkundung genutzt und ist die bevorzugte Wahl f\u00fcr technische Taucher, die maximale Streamline-Effizienz suchen.<\/p>\n<h3>PADI Tec Sidemount Diver auf Koh Tao<\/h3>\n<p>Der PADI Tec Sidemount Diver-Kurs bei Black Turtle Dive ist ein fortgeschrittenes Technical-Diving-Programm auf Koh Tao f\u00fcr Taucher, die zu Mehrzylinder-Konfigurationen \u00fcbergehen m\u00f6chten. Im Unterschied zum Freizeitsidemount legt dieser Kurs den Schwerpunkt auf das Management von zwei oder mehr Prim\u00e4rflaschen plus zus\u00e4tzlicher Stage- und Dekompressionsflaschen. Er vermittelt die notwendige Ausr\u00fcstungs-Grundlage f\u00fcr <a href=\"https:\/\/www.blackturtledive.com\/de\/technical-diving-courses\/padi-tec-40-diver\/\">PADI Tec 40<\/a>, <a href=\"https:\/\/www.blackturtledive.com\/de\/technical-diving-courses\/padi-tec-45-diver\/\">PADI Tec 45<\/a> und <a href=\"https:\/\/www.blackturtledive.com\/de\/technical-diving-courses\/padi-tec-50-diver\/\">PADI Tec 50<\/a> mit Fokus auf optimierte Trim, Gas-Redundanz und komplexes Ventil-Management in technischen Umgebungen.<\/p>\n<p>Erleben und erkunden Sie die am schnellsten wachsende, beliebteste und bevorzugte Ausr\u00fcstungs-Konfiguration f\u00fcr Technical Diving in verschiedenen Umgebungen, einschlie\u00dflich tiefem Open-Water-<a href=\"https:\/\/www.xdeep.eu\/\" target=\"_blank\" rel=\"noopener\">Extended-Range-Tauchen<\/a> und anspruchsvollen Overhead-Umgebungen wie H\u00f6hlen, Minen &amp; Wracks.<\/p>\n<figure id=\"attachment_65795\" aria-describedby=\"caption-attachment-65795\" style=\"width: 2000px\" class=\"wp-caption alignnone\"><img decoding=\"async\" class=\"size-full wp-image-65795\" src=\"https:\/\/www.blackturtledive.com\/wp-content\/uploads\/2026\/03\/blackturtledive.com-technical-diving-sidemount-courses-on-koh-tao.jpeg\" alt=\"PADI Technical Diving Sidemount Kurse auf Koh Tao\" width=\"2000\" height=\"1500\" srcset=\"https:\/\/www.blackturtledive.com\/wp-content\/uploads\/2026\/03\/blackturtledive.com-technical-diving-sidemount-courses-on-koh-tao.jpeg 2000w, https:\/\/www.blackturtledive.com\/wp-content\/uploads\/2026\/03\/blackturtledive.com-technical-diving-sidemount-courses-on-koh-tao-1024x768.jpeg 1024w, https:\/\/www.blackturtledive.com\/wp-content\/uploads\/2026\/03\/blackturtledive.com-technical-diving-sidemount-courses-on-koh-tao-768x576.jpeg 768w, https:\/\/www.blackturtledive.com\/wp-content\/uploads\/2026\/03\/blackturtledive.com-technical-diving-sidemount-courses-on-koh-tao-1536x1152.jpeg 1536w, https:\/\/www.blackturtledive.com\/wp-content\/uploads\/2026\/03\/blackturtledive.com-technical-diving-sidemount-courses-on-koh-tao-150x113.jpeg 150w\" sizes=\"(max-width: 2000px) 100vw, 2000px\" \/><figcaption id=\"caption-attachment-65795\" class=\"wp-caption-text\">PADI Tec Sidemount Diver Kurs auf Koh Tao<\/figcaption><\/figure>\n<p><a class=\"fasc-button fasc-size-large fasc-type-flat\" style=\"background-color: #33809e; color: #ffffff;\" href=\"https:\/\/www.blackturtledive.com\/de\/diving-course-prices\/#tech\">JETZT BUCHEN<\/a><\/p>\n<h3><span style=\"color: #28d4ff;\">Erleben Sie die bevorzugte Konfiguration f\u00fcr Technical Diving<\/span><\/h3>\n<p><a href=\"https:\/\/www.blackturtledive.com\/de\/blog\/6-reasons-to-become-a-sidemount-diver\/\">Sidemount<\/a> hat sich weltweit als vielseitige, anpassbare und beliebte Konfiguration f\u00fcr Technical Diver etabliert \u2013 sowohl f\u00fcr Extended-Range-Tauchg\u00e4nge als auch f\u00fcr Overhead-Umgebungen wie H\u00f6hle, Bergwerk und Wrack.<\/p>\n<p>Sidemount bedeutet, Flaschen seitlich am K\u00f6rper zu tragen statt auf dem R\u00fccken, was Balance, Streamlining und Handhabung mehrerer Zylinder erheblich verbessert.<\/p>\n<h3><span style=\"color: #28d4ff;\">Fehlererkennung und Zugang<\/span><\/h3>\n<p>Bei <a href=\"https:\/\/www.blackturtledive.com\/de\/padi-specialty-courses\/sidemount-diver\/\">Sidemount<\/a> haben Sie sofort Sicht- und Zugriff auf Regler und Ventile, wodurch Freeflows, Lecks oder andere Probleme leichter identifiziert, isoliert und behoben werden k\u00f6nnen.<\/p>\n<p>Kombiniert mit verbessertem Profil, pr\u00e4ziser Tarierung und hoher Anpassbarkeit erkl\u00e4rt dies den wachsenden Trend zu Sidemount bei modernen Technical Divers.<\/p>\n<h3>Ausr\u00fcstungs-Montage &amp; Konfiguration<\/h3>\n<p>Im Kurs erlernen Sie die Montage und Konfiguration eines Sidemount-Harnesses speziell f\u00fcr den Einsatz mit mehreren Flaschen und f\u00fcr gestufte Dekompressionstauchg\u00e4nge.<\/p>\n<p>Sie trainieren, mehrere Zylinder zu managen und dabei <a href=\"https:\/\/www.blackturtledive.com\/de\/padi-specialty-courses\/peak-performance-buoyancy\/\">stabilen Auftrieb<\/a> und Trim zu erhalten, um fl\u00fcssig und effizient mit seitlich montierten Flaschen zu tauchen.<\/p>\n<p>F\u00fcr viele moderne Technical Divers ist Sidemount zur bevorzugten Konfiguration geworden, da es in verschiedensten Technical-Diving-Umgebungen \u2013 einschlie\u00dflich tiefer Riffe, Wracks und Overhead-Umgebungen \u2013 verbesserte Zug\u00e4nglichkeit, Komfort, Anpassbarkeit, Flexibilit\u00e4t und Sicherheit bietet.<\/p>\n<h2>Im Preis des PADI Tec Sidemount Diver Kurses enthalten<\/h2>\n<ul>\n<li><a href=\"https:\/\/www.blackturtledive.com\/de\/blog\/start-your-padi-diving-course-with-e-learning\/\">PADI Tec Sidemount eLearning<\/a> &amp; PADI Tec Sidemount Diver Handbuch<\/li>\n<li>4 Tauchg\u00e4nge an verschiedenen, sowohl skills-orientierten als auch fortgeschrittenen Deep-Dive-Pl\u00e4tzen rund um Koh Tao<\/li>\n<li>PADI Tec Sidemount Zertifizierungs-eCard<\/li>\n<li>Verleih und Nutzung aller erforderlichen technischen Tauchausr\u00fcstung: Sidemount-Harness &amp; Sidemount-Regler, 100% O2-kompatibler Dekompressionsregler sowie erforderliche Backup\/Redundanz-Ausr\u00fcstung, einschlie\u00dflich <a href=\"https:\/\/shearwater.com\/th-th\" target=\"_blank\" rel=\"noopener\">Tauchcomputer<\/a>, Reels, SMBs, Tafeln etc. und Dekompressionsflaschen &amp; -gase<\/li>\n<li>KOSTENLOSER Verleih und Nutzung von 2 x Tauchcomputern w\u00e4hrend des Kurses<\/li>\n<li>2 Sch\u00fcler pro PADI TecRec-Instructor bzw. alternativ max. 4 Sch\u00fcler pro Instructor + PADI TecRec-Assistent<\/li>\n<li>Black Turtle Dive <a href=\"https:\/\/www.blackturtledive.com\/de\/about-us\/our-customer-promise\/\">Kunden- &amp; Umweltversprechen<\/a> + KOSTENLOSES Black Turtle Tech-T-Shirt<\/li>\n<\/ul>\n<h2>Voraussetzungen<\/h2>\n<ul>\n<li>PADI <a href=\"https:\/\/www.blackturtledive.com\/de\/padi-diving-courses\/advanced-open-water-course\/\">Advanced Open Water Diver<\/a> <em>mit <a href=\"https:\/\/www.blackturtledive.com\/de\/padi-diving-courses\/rescue-diver-course\/\">PADI Rescue Diver<\/a> empfohlen<\/em><\/li>\n<li>30 geloggte Tauchg\u00e4nge<\/li>\n<li>Mindestalter 18 Jahre<\/li>\n<li>Tauchtauglich \/ medizinisch fit<\/li>\n<\/ul>\n<p><em>**Hinweis: Anerkannte Qualifikationen anderer Ausbildungsagenturen k\u00f6nnen gelten \u2013 bitte <a href=\"https:\/\/www.blackturtledive.com\/de\/contact-us\/\">kontaktieren Sie uns<\/a> zur Best\u00e4tigung.<\/em><\/p>\n<p><a class=\"fasc-button fasc-size-large fasc-type-flat\" style=\"background-color: #33809e; color: #ffffff;\" href=\"https:\/\/www.blackturtledive.com\/de\/diving-course-prices\/#tech\">JETZT BUCHEN<\/a><\/p>\n<h2>Ablauf &amp; Struktur (typisch 2\u20133 Tage)<\/h2>\n<p>Der Kurs wird je nach Erfahrungsstand und W\u00fcnschen \u00fcber 2\u20133 Tage durchgef\u00fchrt und kombiniert Theorie, Equipment-Workshops und <a href=\"https:\/\/www.blackturtledive.com\/de\/koh-tao-dive-sites\/\">praktische \u00dcbungen<\/a>.<\/p>\n<p><strong>Tag 1:<\/strong><\/p>\n<p>08:00\u201311:30 \u2013 Ausr\u00fcstung &amp; Theorie<\/p>\n<p>12:30\u201317:30 \u2013 Confined-Water-Training<\/p>\n<p><strong>Tag 2:<\/strong><\/p>\n<p>08:00\u201311:30 \u2013 Ausr\u00fcstung &amp; Theorie<\/p>\n<p>12:30\u201317:30 \u2013 2 x PADI Trainingstauchg\u00e4nge<\/p>\n<p><strong>Tag 3:<\/strong><\/p>\n<p><strong>&nbsp;<\/strong>08:00\u201311:30 \u2013 Ausr\u00fcstung &amp; Theorie<\/p>\n<p>12:30\u201317:30 \u2013 2 x PADI Trainingstauchg\u00e4nge<\/p>\n<p>Kursbestandteile<\/p>\n<h3>Knowledge Development<\/h3>\n<p>W\u00e4hrend dieser Pr\u00e4sentationen, geleitet von unserem internen <a href=\"https:\/\/www.padi.com\/education\/technical-diving\" target=\"_blank\" rel=\"noopener\">PADI TecRec Instructor<\/a>, lernen Sie Geschichte, Vorteile und Anwendungen von Sidemount kennen, mit besonderem Fokus auf Ausr\u00fcstungs-Konfiguration, Gasmanagement-Strategien und technische Procedures.<\/p>\n<h3>Ausr\u00fcstungs-Workshop<\/h3>\n<p>W\u00e4hrend dieses Kursteils f\u00fchrt Sie unser interner <span style=\"color: #28d4ff;\">PADI TecRec Instructor<\/span> durch das Einrichten, Anpassen und Feinabstimmen eines Sidemount-Harnesses f\u00fcr technische Eins\u00e4tze.<\/p>\n<p>Dies stellt eine ausgewogene, komfortable und stromlinienf\u00f6rmige Konfiguration sicher und bietet gleichzeitig Diskussionspunkte und M\u00f6glichkeiten, dieses Sidemount-Harness-System w\u00e4hrend der verbleibenden Kursdauer weiter fein abzustimmen, zu optimieren und zu verfeinern.<\/p>\n<h3>Confined- &amp; Open-Water-Training<\/h3>\n<p>W\u00e4hrend Ihrer Confined- und Open-Water-Trainingstauchg\u00e4nge \u00fcben und meistern Sie das Handling mehrerer Zylinder, Gaswechsel- und Management-Prozeduren, erweiterte Tarierung und Flossentechniken sowie das sichere und erfolgreiche Tauchen mit seitlich montierten Flaschen.<\/p>\n<h3><span style=\"color: #28d4ff;\">Erlernte F\u00e4higkeiten<\/span><\/h3>\n<p>W\u00e4hrend Ihres PADI Tec Sidemount Diver Kurses auf Koh Tao arbeiten Sie daran, zahlreiche Fertigkeiten und Strategien zu entwickeln, die es Ihnen erm\u00f6glichen, kompetent und selbstbewusst mit mehreren seitlich am K\u00f6rper montierten Flaschen zu tauchen, einschlie\u00dflich, aber nicht beschr\u00e4nkt auf:<\/p>\n<ul>\n<li>Pr\u00e4zise Tarierung und Trim<\/li>\n<li>Sichere und stromlinienf\u00f6rmige Ausr\u00fcstungs-Konfiguration<\/li>\n<li>Management mehrerer Zylinder, Gaszugriff und Gaswechsel-Strategien<\/li>\n<li>Fortgeschrittene Flossentechniken und Stabilit\u00e4t<\/li>\n<li>Entwicklung von <a href=\"https:\/\/www.blackturtledive.com\/de\/padi-specialty-courses\/self-reliant-diver\/\">Self-Reliant<\/a>-Sidemount-Praktiken<\/li>\n<\/ul>\n<p>Alle \u00dcbungen erfolgen gem\u00e4\u00df der <a href=\"https:\/\/www.blackturtledive.com\/de\/\">Black Turtle Dive<\/a> Neutral Buoyancy Philosophy, um pr\u00e4zise Kontrolle und Stabilit\u00e4t im Wasser zu gew\u00e4hrleisten.<\/p>\n<h2>Weiterf\u00fchrende Optionen<\/h2>\n<p>Der PADI Tec Sidemount Diver-Kurs kann als eigenst\u00e4ndige <a href=\"https:\/\/www.blackturtledive.com\/de\/padi-specialty-courses\/\">Specialty<\/a> oder als Bestandteil der TecRec-Ausbildung, einschlie\u00dflich PADI Tec 40 Diver, PADI Tec 45 Diver und PADI Tec 50 Diver Training, absolviert werden.<\/p>\n<p>Er eignet sich besonders f\u00fcr Taucher, die tiefergehende, anspruchsvollere Umgebungen mit besserer Kontrolle und Redundanz erkunden m\u00f6chten.<\/p>\n<p><a class=\"fasc-button fasc-size-large fasc-type-flat\" style=\"background-color: #33809e; color: #ffffff;\" href=\"https:\/\/www.blackturtledive.com\/de\/diving-course-prices\/#tech\">JETZT BUCHEN<\/a><\/p>\n<p>&nbsp;[\/vc_column_text][\/vc_column][\/vc_row][vc_row][vc_column]<div class=\"section-wrap\"><h3 class=\"section-title\">H\u00e4ufig gestellte Fragen<\/h3><div class=\"faq-wrapper\"><div class=\"accordion-panel active\">\n                    <div class=\"panel-heading\">    \n                        <h3 class=\"panel-title\">\n                            Was werde ich w\u00e4hrend des PADI Tec Sidemount Diver Kurses auf Koh Tao lernen?\n                        <\/h3>\n                    <\/div>\n                    <div class=\"panel-detail\">\n                        <p>W\u00e4hrend des PADI Tec Sidemount Diver Kurses auf Koh Tao lernen Sie, wie Sie mehrere seitlich montierte Zylinder speziell f\u00fcr den Einsatz in Technical-Diving-Anwendungen und -Umgebungen konfigurieren und damit tauchen.<\/p>\n<p>Dazu geh\u00f6rt unter anderem, wie Sie seitlich montierte Zylinder korrekt riggen, Regler und Schl\u00e4uche konfigurieren, mehrere Gasvorr\u00e4te verwalten und nutzen sowie die richtige Tarierung und Trim beim Tauchen mit mehreren seitlich am K\u00f6rper montierten Zylindern beibehalten.<\/p>\n<p>Sie \u00fcben au\u00dferdem Fertigkeiten wie Reglerwechsel, Zylinder-Handling und -Management unter Wasser, einschlie\u00dflich Rotation und Wechsel von Zylindern, Gaszugriffs- und Managementverfahren sowie Staging und Recovery von Zylindern w\u00e4hrend eines Tauchgangs.<\/p>\n<p>Diese Fertigkeiten sind in verschiedenen Technical-Diving-Disziplinen anwendbar und weit verbreitet, einschlie\u00dflich Extended Range, Cave, Mine &amp; Wreck Exploration, um nur einige zu nennen.<\/p>\n\n                    <\/div>\n                <\/div><div class=\"accordion-panel \">\n                    <div class=\"panel-heading\">    \n                        <h3 class=\"panel-title\">\n                            Wie lange dauert der PADI Tec Sidemount Diver Kurs auf Koh Tao?\n                        <\/h3>\n                    <\/div>\n                    <div class=\"panel-detail\">\n                        <p>Der PADI Tec Sidemount Diver Kurs auf Koh Tao dauert in der Regel 2\u20133 Tage, abh\u00e4ngig vom Erfahrungsstand des Tauchers und den bevorzugten Zeitplanungsw\u00fcnschen des Teilnehmers.<\/p>\n<p>W\u00e4hrend dieser Zeit absolvieren Sie eigenst\u00e4ndige Knowledge-Development-Sitzungen, Equipment-&amp;-Theory-Workshops und mehrere Trainingstauchg\u00e4nge, die darauf ausgelegt sind, Ihnen zu helfen, ein komfortabler, selbstbewusster und kompetenter PADI Tec Sidemount Diver zu werden.<\/p>\n\n                    <\/div>\n                <\/div><div class=\"accordion-panel \">\n                    <div class=\"panel-heading\">    \n                        <h3 class=\"panel-title\">\n                            Was kostet der PADI Tec Sidemount Diver Kurs auf Koh Tao?\n                        <\/h3>\n                    <\/div>\n                    <div class=\"panel-detail\">\n                        <p>Der PADI Tec Sidemount Diver Kurs auf Koh Tao kostet: 17.000 THB.<\/p>\n<p>Dies ist ein All-inclusive-Preis und umfasst eLearning, Instructor-Geb\u00fchren, Ausr\u00fcstungsverleih, Tauchausfahrten und Tauchunfallversicherung f\u00fcr die Dauer des Kurses.<\/p>\n<p>Verpflegung und Unterkunft sind nicht enthalten, obwohl wir Ihnen gerne Unterkunftsoptionen auf Koh Tao empfehlen k\u00f6nnen.<\/p>\n<p>Bitte beachten Sie, dass Continuing-Education- und Returning Students m\u00f6glicherweise zus\u00e4tzliche Rabatte erhalten k\u00f6nnen. Bitte kontaktieren Sie uns, um Ihre Berechtigung zu besprechen.<\/p>\n\n                    <\/div>\n                <\/div><\/div>\n                <\/div>[\/vc_column][\/vc_row]<\/p>\n<\/div>","protected":false},"excerpt":{"rendered":"<p>Der PADI Tec Sidemount Diver Kurs bei Black Turtle Dive ist ein fortgeschrittenes technisches Ausbildungsprogramm auf Koh Tao, das f\u00fcr Taucher konzipiert ist, die auf Mehrflaschen-Konfigurationen umsteigen.<\/p>\n","protected":false},"author":2,"featured_media":65797,"parent":68085,"menu_order":0,"comment_status":"closed","ping_status":"closed","template":"","meta":{"_acf_changed":false,"footnotes":""},"class_list":["post-68091","page","type-page","status-publish","has-post-thumbnail","hentry"],"acf":[],"yoast_head":"<!-- This site is optimized with the Yoast SEO Premium plugin v27.6 (Yoast SEO v27.6) - https:\/\/yoast.com\/product\/yoast-seo-premium-wordpress\/ -->\n<title>PADI TecRec - PADI Tec Sidemount Diver auf Koh Tao | Black Turtle Dive<\/title>\n<meta name=\"description\" content=\"Die Tec Sidemount-Schulung lehrt Sie, wie Sie zwei oder mehr Flaschen in einer seitlichen Tragekonfiguration f\u00fcr l\u00e4ngere technische Dekompressionstauchg\u00e4nge handhaben.\" \/>\n<meta name=\"robots\" content=\"index, follow, max-snippet:-1, max-image-preview:large, max-video-preview:-1\" \/>\n<link rel=\"canonical\" href=\"https:\/\/www.blackturtledive.com\/de\/technical-diving-courses\/padi-tec-sidemount-diver\/\" \/>\n<meta property=\"og:locale\" content=\"de_DE\" \/>\n<meta property=\"og:type\" content=\"article\" \/>\n<meta property=\"og:title\" content=\"PADI Tec Sidemount Diver on Koh Tao | Black Turtle Dive\" \/>\n<meta property=\"og:description\" content=\"Master the PADI Tec Sidemount course on Koh Tao. Learn to manage 2 cylinders, advanced gas switching, and multi-gas technical dives\" \/>\n<meta property=\"og:url\" content=\"https:\/\/www.blackturtledive.com\/de\/technical-diving-courses\/padi-tec-sidemount-diver\/\" \/>\n<meta property=\"og:site_name\" content=\"Black Turtle Dive Koh Tao\" \/>\n<meta property=\"article:publisher\" content=\"https:\/\/www.facebook.com\/blackturtledive\" \/>\n<meta property=\"article:modified_time\" content=\"2026-05-06T12:12:33+00:00\" \/>\n<meta property=\"og:image\" content=\"https:\/\/www.blackturtledive.com\/wp-content\/uploads\/2026\/03\/blackturtledive.com-technical-diving-sidemount-courses-on-koh-tao.jpeg\" \/>\n\t<meta property=\"og:image:width\" content=\"2000\" \/>\n\t<meta property=\"og:image:height\" content=\"1500\" \/>\n\t<meta property=\"og:image:type\" content=\"image\/jpeg\" \/>\n<meta name=\"twitter:card\" content=\"summary_large_image\" \/>\n<meta name=\"twitter:title\" content=\"PADI Tec Sidemount Diver on Koh Tao | Black Turtle Dive\" \/>\n<meta name=\"twitter:description\" content=\"Master the PADI Tec Sidemount course on Koh Tao. Learn to manage 2 cylinders, advanced gas switching, and multi-gas technical dives\" \/>\n<meta name=\"twitter:image\" content=\"https:\/\/www.blackturtledive.com\/wp-content\/uploads\/2026\/03\/blackturtledive.com-technical-diving-sidemount-courses-on-koh-tao.jpeg\" \/>\n<meta name=\"twitter:site\" content=\"@blackturtledive\" \/>\n<meta name=\"twitter:label1\" content=\"Gesch\u00e4tzte Lesezeit\" \/>\n\t<meta name=\"twitter:data1\" content=\"6\u00a0Minuten\" \/>\n<!-- \/ Yoast SEO Premium plugin. -->","yoast_head_json":{"title":"PADI TecRec - PADI Tec Sidemount Diver auf Koh Tao | Black Turtle Dive","description":"Die Tec Sidemount-Schulung lehrt Sie, wie Sie zwei oder mehr Flaschen in einer seitlichen Tragekonfiguration f\u00fcr l\u00e4ngere technische Dekompressionstauchg\u00e4nge handhaben.","robots":{"index":"index","follow":"follow","max-snippet":"max-snippet:-1","max-image-preview":"max-image-preview:large","max-video-preview":"max-video-preview:-1"},"canonical":"https:\/\/www.blackturtledive.com\/de\/technical-diving-courses\/padi-tec-sidemount-diver\/","og_locale":"de_DE","og_type":"article","og_title":"PADI Tec Sidemount Diver on Koh Tao | Black Turtle Dive","og_description":"Master the PADI Tec Sidemount course on Koh Tao. Learn to manage 2 cylinders, advanced gas switching, and multi-gas technical dives","og_url":"https:\/\/www.blackturtledive.com\/de\/technical-diving-courses\/padi-tec-sidemount-diver\/","og_site_name":"Black Turtle Dive Koh Tao","article_publisher":"https:\/\/www.facebook.com\/blackturtledive","article_modified_time":"2026-05-06T12:12:33+00:00","og_image":[{"width":2000,"height":1500,"url":"https:\/\/www.blackturtledive.com\/wp-content\/uploads\/2026\/03\/blackturtledive.com-technical-diving-sidemount-courses-on-koh-tao.jpeg","type":"image\/jpeg"}],"twitter_card":"summary_large_image","twitter_title":"PADI Tec Sidemount Diver on Koh Tao | Black Turtle Dive","twitter_description":"Master the PADI Tec Sidemount course on Koh Tao. Learn to manage 2 cylinders, advanced gas switching, and multi-gas technical dives","twitter_image":"https:\/\/www.blackturtledive.com\/wp-content\/uploads\/2026\/03\/blackturtledive.com-technical-diving-sidemount-courses-on-koh-tao.jpeg","twitter_site":"@blackturtledive","twitter_misc":{"Gesch\u00e4tzte Lesezeit":"6\u00a0Minuten"},"schema":{"@context":"https:\/\/schema.org","@graph":[{"@type":"WebPage","@id":"https:\/\/www.blackturtledive.com\/de\/technical-diving-courses\/padi-tec-sidemount-diver\/","url":"https:\/\/www.blackturtledive.com\/de\/technical-diving-courses\/padi-tec-sidemount-diver\/","name":"PADI TecRec - PADI Tec Sidemount Diver auf Koh Tao | Black Turtle Dive","isPartOf":{"@id":"https:\/\/www.blackturtledive.com\/de\/#website"},"primaryImageOfPage":{"@id":"https:\/\/www.blackturtledive.com\/de\/technical-diving-courses\/padi-tec-sidemount-diver\/#primaryimage"},"image":{"@id":"https:\/\/www.blackturtledive.com\/de\/technical-diving-courses\/padi-tec-sidemount-diver\/#primaryimage"},"thumbnailUrl":"https:\/\/www.blackturtledive.com\/wp-content\/uploads\/2026\/03\/blackturtledive.com-technical-diving-sidemount-courses-on-koh-tao.jpeg","datePublished":"2026-03-16T03:54:51+00:00","dateModified":"2026-05-06T12:12:33+00:00","description":"Die Tec Sidemount-Schulung lehrt Sie, wie Sie zwei oder mehr Flaschen in einer seitlichen Tragekonfiguration f\u00fcr l\u00e4ngere technische Dekompressionstauchg\u00e4nge handhaben.","breadcrumb":{"@id":"https:\/\/www.blackturtledive.com\/de\/technical-diving-courses\/padi-tec-sidemount-diver\/#breadcrumb"},"inLanguage":"de","potentialAction":[{"@type":"ReadAction","target":["https:\/\/www.blackturtledive.com\/de\/technical-diving-courses\/padi-tec-sidemount-diver\/"]}]},{"@type":"ImageObject","inLanguage":"de","@id":"https:\/\/www.blackturtledive.com\/de\/technical-diving-courses\/padi-tec-sidemount-diver\/#primaryimage","url":"https:\/\/www.blackturtledive.com\/wp-content\/uploads\/2026\/03\/blackturtledive.com-technical-diving-sidemount-courses-on-koh-tao.jpeg","contentUrl":"https:\/\/www.blackturtledive.com\/wp-content\/uploads\/2026\/03\/blackturtledive.com-technical-diving-sidemount-courses-on-koh-tao.jpeg","width":2000,"height":1500,"caption":"PADI Tec Sidemount Diver Course on Koh Tao"},{"@type":"BreadcrumbList","@id":"https:\/\/www.blackturtledive.com\/de\/technical-diving-courses\/padi-tec-sidemount-diver\/#breadcrumb","itemListElement":[{"@type":"ListItem","position":1,"name":"Home","item":"https:\/\/www.blackturtledive.com\/de\/"},{"@type":"ListItem","position":2,"name":"Technische Kurse","item":"https:\/\/www.blackturtledive.com\/de\/technical-diving-courses\/"},{"@type":"ListItem","position":3,"name":"PADI Tec Sidemount Taucher"}]},{"@type":"WebSite","@id":"https:\/\/www.blackturtledive.com\/de\/#website","url":"https:\/\/www.blackturtledive.com\/de\/","name":"Black Turtle Dive Koh Tao","description":"Ocean Explorers | Marine Protectors","publisher":{"@id":"https:\/\/www.blackturtledive.com\/de\/#organization"},"alternateName":"Black Turtle Dive in Thailand","potentialAction":[{"@type":"SearchAction","target":{"@type":"EntryPoint","urlTemplate":"https:\/\/www.blackturtledive.com\/de\/?s={search_term_string}"},"query-input":{"@type":"PropertyValueSpecification","valueRequired":true,"valueName":"search_term_string"}}],"inLanguage":"de"},{"@type":"Organization","@id":"https:\/\/www.blackturtledive.com\/de\/#organization","name":"Black Turtle Dive Koh Tao","alternateName":"Black Turtle Dive","url":"https:\/\/www.blackturtledive.com\/de\/","logo":{"@type":"ImageObject","inLanguage":"de","@id":"https:\/\/www.blackturtledive.com\/de\/#\/schema\/logo\/image\/","url":"https:\/\/www.blackturtledive.com\/wp-content\/uploads\/2020\/11\/cropped-blackturtledive.com-brand-logo.png","contentUrl":"https:\/\/www.blackturtledive.com\/wp-content\/uploads\/2020\/11\/cropped-blackturtledive.com-brand-logo.png","width":400,"height":400,"caption":"Black Turtle Dive Koh Tao"},"image":{"@id":"https:\/\/www.blackturtledive.com\/de\/#\/schema\/logo\/image\/"},"sameAs":["https:\/\/www.facebook.com\/blackturtledive","https:\/\/x.com\/blackturtledive","https:\/\/www.instagram.com\/blackturtledive\/","https:\/\/www.youtube.com\/blackturtledive","https:\/\/www.linkedin.com\/company\/blackturtledive\/","https:\/\/www.tumblr.com\/blackturtledive","https:\/\/www.pinterest.com\/blackturtledive\/","https:\/\/www.tiktok.com\/@blackturtledive","https:\/\/www.reddit.com\/user\/blackturtledive\/"],"description":"Black Turtle Dive is a modern and innovative 5 Star Career Development Scuba Diving Center, passionate about the ocean and through training we want to empower you to become a competent and confident scuba diver. Our diving courses equip you with the skills, knowledge and awareness necessary to explore the ocean safely, whilst becoming a passionate advocate and protector of the marine environment. If you have never dived before or are a certified diver and want to develop your skills further, our tailored, bespoke courses and programs will inspire you to become an Ocean advocate. Our scientific based Marine Conservation Internships and training programs, offer aspiring scuba divers and marine conservationists, the best marine conservation internships on Koh Tao. We currently offer students six levels of Marine Conservation Internships at our beachside location on Koh Tao in Thailand. Check out our website for more information.","email":"info@blackturtledive.com","telephone":"089 592 2134","legalName":"Black Turtle Dive Co Ltd","foundingDate":"2020-01-01","publishingPrinciples":"https:\/\/www.blackturtledive.com\/terms\/","ownershipFundingInfo":"https:\/\/www.blackturtledive.com\/terms\/","actionableFeedbackPolicy":"https:\/\/www.blackturtledive.com\/privacy-policy\/","correctionsPolicy":"https:\/\/www.blackturtledive.com\/privacy-policy\/","ethicsPolicy":"https:\/\/www.blackturtledive.com\/privacy-policy\/","diversityPolicy":"https:\/\/www.blackturtledive.com\/privacy-policy\/"}]}},"_links":{"self":[{"href":"https:\/\/www.blackturtledive.com\/de\/wp-json\/wp\/v2\/pages\/68091","targetHints":{"allow":["GET"]}}],"collection":[{"href":"https:\/\/www.blackturtledive.com\/de\/wp-json\/wp\/v2\/pages"}],"about":[{"href":"https:\/\/www.blackturtledive.com\/de\/wp-json\/wp\/v2\/types\/page"}],"author":[{"embeddable":true,"href":"https:\/\/www.blackturtledive.com\/de\/wp-json\/wp\/v2\/users\/2"}],"replies":[{"embeddable":true,"href":"https:\/\/www.blackturtledive.com\/de\/wp-json\/wp\/v2\/comments?post=68091"}],"version-history":[{"count":2,"href":"https:\/\/www.blackturtledive.com\/de\/wp-json\/wp\/v2\/pages\/68091\/revisions"}],"predecessor-version":[{"id":71607,"href":"https:\/\/www.blackturtledive.com\/de\/wp-json\/wp\/v2\/pages\/68091\/revisions\/71607"}],"up":[{"embeddable":true,"href":"https:\/\/www.blackturtledive.com\/de\/wp-json\/wp\/v2\/pages\/68085"}],"wp:featuredmedia":[{"embeddable":true,"href":"https:\/\/www.blackturtledive.com\/de\/wp-json\/wp\/v2\/media\/65797"}],"wp:attachment":[{"href":"https:\/\/www.blackturtledive.com\/de\/wp-json\/wp\/v2\/media?parent=68091"}],"curies":[{"name":"wp","href":"https:\/\/api.w.org\/{rel}","templated":true}]}}