{"id":8606,"date":"2020-09-19T23:23:33","date_gmt":"2020-09-19T16:23:33","guid":{"rendered":"https:\/\/www.blackturtledive.com\/black-tip-reef-shark\/"},"modified":"2021-10-18T15:08:07","modified_gmt":"2021-10-18T08:08:07","slug":"black-tip-reef-shark","status":"publish","type":"page","link":"https:\/\/www.blackturtledive.com\/fr\/koh-tao-marine-life\/black-tip-reef-shark\/","title":{"rendered":"Requin de r\u00e9cif \u00e0 pointe noire"},"content":{"rendered":"<div class=\"wpb-content-wrapper\"><p>[vc_row][vc_column][vc_column_text]<\/p>\n<h3><span style=\"color: #28d4ff;\">En savoir plus sur le requin \u00e0 pointe noire de Koh Tao<br \/>\n<\/span><\/h3>\n<p>Les requins \u00e0 pointe noire tirent leur nom des pointes noires de leurs nageoires et ils sont souvent vus par les <a href=\"https:\/\/www.blackturtledive.com\/padi-diving-courses\/\">plongeurs<\/a> et les snorkelers autour de <a href=\"https:\/\/www.blackturtledive.com\/koh-tao\/\">Koh Tao<\/a> car ils pr\u00e9f\u00e8rent les eaux peu profondes.<\/p>\n<p>Le requin \u00e0 pointe noire est l&rsquo;un des requins les plus beaux et les plus timides de nos oc\u00e9ans et souvent confondu avec le requin \u00e0 pointe noire.<\/p>\n<figure id=\"attachment_2978\" aria-describedby=\"caption-attachment-2978\" style=\"width: 1000px\" class=\"wp-caption alignnone\"><img decoding=\"async\" class=\"size-full wp-image-2978\" src=\"https:\/\/www.blackturtledive.com\/wp-content\/uploads\/2020\/12\/blackturtledive.com-aware-shark-conservation-specialty-course-koh-tao.jpg\" alt=\"AWARE Shark Conservation Distinctive Specialty Course Koh Tao\" width=\"1000\" height=\"664\" srcset=\"https:\/\/www.blackturtledive.com\/wp-content\/uploads\/2020\/12\/blackturtledive.com-aware-shark-conservation-specialty-course-koh-tao.jpg 1000w, https:\/\/www.blackturtledive.com\/wp-content\/uploads\/2020\/12\/blackturtledive.com-aware-shark-conservation-specialty-course-koh-tao-300x199.jpg 300w, https:\/\/www.blackturtledive.com\/wp-content\/uploads\/2020\/12\/blackturtledive.com-aware-shark-conservation-specialty-course-koh-tao-768x510.jpg 768w, https:\/\/www.blackturtledive.com\/wp-content\/uploads\/2020\/12\/blackturtledive.com-aware-shark-conservation-specialty-course-koh-tao-150x100.jpg 150w\" sizes=\"(max-width: 1000px) 100vw, 1000px\" \/><figcaption id=\"caption-attachment-2978\" class=\"wp-caption-text\">AWARE Shark Conservation Distinctive Specialty Course Koh Tao<\/figcaption><\/figure>\n<h3>O\u00f9 trouver le requin \u00e0 pointe noire \u00e0 Koh Tao<\/h3>\n<p>Les requins \u00e0 pointe noire peuvent \u00eatre observ\u00e9s \u00e0 certaines p\u00e9riodes de l&rsquo;ann\u00e9e autour des <a href=\"https:\/\/www.blackturtledive.com\/koh-tao-dive-sites\/\">sites de plong\u00e9e<\/a> de <a href=\"https:\/\/www.blackturtledive.com\/koh-tao-dive-sites\/laem-thian\/\">Laem Thian<\/a>, Tanote Bay et Twin Peaks.<\/p>\n<p>Cependant, ils sont le plus souvent observ\u00e9s \u00e0 Aow Leuk, Hin Wong Bay et Shark Bay, car les baies peu profondes et les affleurements rocheux leur fournissent une p\u00e9pini\u00e8re pendant leurs premiers stades de vie.<\/p>\n<h3><span style=\"color: #28d4ff;\">Comment identifier le requin \u00e0 pointe noire<br \/>\n<\/span><\/h3>\n<p>Le requin \u00e0 pointe noire est facile \u00e0 identifier en raison des marques noires bien visibles sur toutes les nageoires et la nageoire caudale et dorsale est le moyen le plus simple de les identifier.<\/p>\n<p>Ce sont des requins tr\u00e8s timides et restent g\u00e9n\u00e9ralement en groupe lorsqu&rsquo;ils sont jeunes et nagent dans des eaux tr\u00e8s peu profondes.<\/p>\n<h3>Faire du snorkeling avec les requins \u00e0 pointe noire<\/h3>\n<p>C&rsquo;est pourquoi il est beaucoup plus facile de les voir \u00e0 Koh Tao en <a href=\"https:\/\/www.blackturtledive.com\/experience-programs\/snorkel-koh-tao\/\">snorkeling<\/a> car les bulles d&rsquo;un plongeur peuvent \u00eatre entendues de loin.<\/p>\n<p>Les requins \u00e0 pointe noire sont \u00e9galement consid\u00e9rablement plus petits que la plupart des autres requins auxquels nous pensons.<\/p>\n<p>Leur taille peut aller de 45 \u00e0 140 cm et cela peut prendre jusqu&rsquo;\u00e0 quatre ans pour qu&rsquo;un m\u00e2le atteigne sa pleine maturit\u00e9 et sept ans pour une femelle et ils ont une dur\u00e9e de vie moyenne d&rsquo;environ 13 ans.<\/p>\n<figure id=\"attachment_3202\" aria-describedby=\"caption-attachment-3202\" style=\"width: 1100px\" class=\"wp-caption alignnone\"><img decoding=\"async\" class=\"size-full wp-image-3202\" src=\"https:\/\/www.blackturtledive.com\/wp-content\/uploads\/2021\/01\/blackturtledive.com-black-tip-reef-sharks-koh-tao-thailand.jpg\" alt=\"Black Tip Reef Sharks Koh Tao Marine Life\" width=\"1100\" height=\"618\" srcset=\"https:\/\/www.blackturtledive.com\/wp-content\/uploads\/2021\/01\/blackturtledive.com-black-tip-reef-sharks-koh-tao-thailand.jpg 1100w, https:\/\/www.blackturtledive.com\/wp-content\/uploads\/2021\/01\/blackturtledive.com-black-tip-reef-sharks-koh-tao-thailand-300x169.jpg 300w, https:\/\/www.blackturtledive.com\/wp-content\/uploads\/2021\/01\/blackturtledive.com-black-tip-reef-sharks-koh-tao-thailand-1024x575.jpg 1024w, https:\/\/www.blackturtledive.com\/wp-content\/uploads\/2021\/01\/blackturtledive.com-black-tip-reef-sharks-koh-tao-thailand-768x431.jpg 768w, https:\/\/www.blackturtledive.com\/wp-content\/uploads\/2021\/01\/blackturtledive.com-black-tip-reef-sharks-koh-tao-thailand-150x84.jpg 150w\" sizes=\"(max-width: 1100px) 100vw, 1100px\" \/><figcaption id=\"caption-attachment-3202\" class=\"wp-caption-text\">Black Tip Reef Sharks Koh Tao Marine Life<\/figcaption><\/figure>\n<h3><span style=\"color: #28d4ff;\">Caract\u00e9ristiques et comportement du requin \u00e0 pointe noire<br \/>\n<\/span><\/h3>\n<p>Ces requins particuliers sont connus comme \u00ab vivipare \u00bb, ce qui signifie qu&rsquo;ils donnent naissance \u00e0 des petits vivants plut\u00f4t qu&rsquo;\u00e0 des \u0153ufs et qu&rsquo;en moyenne une femelle peut avoir jusqu&rsquo;\u00e0 10 petits par an.<\/p>\n<p>On pense que les requins \u00e0 pointe noire sont une esp\u00e8ce de requin tr\u00e8s sociale et les chiots restent souvent ensemble au d\u00e9but de leur vie et forment une hi\u00e9rarchie entre eux et ils se sentent plus en s\u00e9curit\u00e9 en groupe pour se prot\u00e9ger des pr\u00e9dateurs.<\/p>\n<h3>Protection contre les pr\u00e9dateurs<\/h3>\n<p>Les requins \u00e0 pointe noire sont des chasseurs tr\u00e8s \u00e9nergiques qui s&rsquo;attaquent \u00e0 la <a href=\"https:\/\/www.blackturtledive.com\/koh-tao-marine-life\/\">vie marine<\/a> et aux poissons plus petits comme les m\u00e9rous, les napol\u00e9ons, les poissons lapins et les raies.<\/p>\n<p>La chasse en groupe a \u00e9galement \u00e9t\u00e9 observ\u00e9e et ils utilisent la communication pour rassembler les bancs de poissons, ce qui est connu sous le nom de chasse coop\u00e9rative.<\/p>\n<h3><span style=\"color: #28d4ff;\">Faits int\u00e9ressants sur le requin \u00e0 pointe noire<br \/>\n<\/span><\/h3>\n<p>La femelle requin \u00e0 pointe noire peut se reproduire de mani\u00e8re asexu\u00e9e si elle ne peut pas trouver un m\u00e2le appropri\u00e9 et les scientifiques pensent que cela a \u00e9t\u00e9 pr\u00e9judiciable \u00e0 leur nombre dans le monde entier.<\/p>\n<p>On pense qu&rsquo;ils ont le plus petit domaine vital de toutes les esp\u00e8ces de requins avec 0,21 m\u00e8tre carr\u00e9.<\/p>\n<p>\u00c9tant l&rsquo;une des seules esp\u00e8ces de requins \u00e0 sortir compl\u00e8tement de l&rsquo;eau, on pense qu&rsquo;ils sont tr\u00e8s intellectuels et ont \u00e9t\u00e9 observ\u00e9s en train de faire une br\u00e8che pour jeter un coup d&rsquo;\u0153il \u00e0 leur environnement, ce qui est connu sous le nom de saut d&rsquo;espionnage.<\/p>\n<figure id=\"attachment_1133\" aria-describedby=\"caption-attachment-1133\" style=\"width: 1100px\" class=\"wp-caption alignnone\"><img decoding=\"async\" class=\"size-full wp-image-1133\" src=\"https:\/\/www.blackturtledive.com\/wp-content\/uploads\/2020\/11\/blackturtledive.com-aware-shark-conservation-koh-tao.jpg\" alt=\"AWARE Shark Conservation specialty course Koh Tao\" width=\"1100\" height=\"731\" srcset=\"https:\/\/www.blackturtledive.com\/wp-content\/uploads\/2020\/11\/blackturtledive.com-aware-shark-conservation-koh-tao.jpg 1100w, https:\/\/www.blackturtledive.com\/wp-content\/uploads\/2020\/11\/blackturtledive.com-aware-shark-conservation-koh-tao-300x199.jpg 300w, https:\/\/www.blackturtledive.com\/wp-content\/uploads\/2020\/11\/blackturtledive.com-aware-shark-conservation-koh-tao-1024x680.jpg 1024w, https:\/\/www.blackturtledive.com\/wp-content\/uploads\/2020\/11\/blackturtledive.com-aware-shark-conservation-koh-tao-768x510.jpg 768w, https:\/\/www.blackturtledive.com\/wp-content\/uploads\/2020\/11\/blackturtledive.com-aware-shark-conservation-koh-tao-150x100.jpg 150w, https:\/\/www.blackturtledive.com\/wp-content\/uploads\/2020\/11\/blackturtledive.com-aware-shark-conservation-koh-tao-450x299.jpg 450w\" sizes=\"(max-width: 1100px) 100vw, 1100px\" \/><figcaption id=\"caption-attachment-1133\" class=\"wp-caption-text\">AWARE Shark Conservation specialty course Koh Tao<\/figcaption><\/figure>\n<h3>Esp\u00e8ces quasi menac\u00e9es<\/h3>\n<p>Les requins \u00e0 pointe noire sont actuellement r\u00e9pertori\u00e9s comme quasi menac\u00e9s et sont malheureusement souvent victimes de prises accessoires.<\/p>\n<p>Leur population, comme de nombreuses autres esp\u00e8ces de requins, diminue rapidement en raison de la demande de leurs ailerons dans la soupe d&rsquo;ailerons de requin et de leur foie pour de nombreux \u00e9crans solaires, produits alimentaires et produits de beaut\u00e9.[\/vc_column_text][\/vc_column][\/vc_row]<\/p>\n<\/div>","protected":false},"excerpt":{"rendered":"<p>Le requin \u00e0 pointe noire tire son nom des pointes noires de ses nageoires et ils sont souvent vus par les plongeurs et les plongeurs en apn\u00e9e autour de Koh Tao car cette esp\u00e8ce pr\u00e9f\u00e8re les eaux peu profondes<\/p>\n","protected":false},"author":2,"featured_media":8607,"parent":8622,"menu_order":0,"comment_status":"closed","ping_status":"closed","template":"","meta":{"_acf_changed":false,"footnotes":""},"class_list":["post-8606","page","type-page","status-publish","has-post-thumbnail","hentry"],"acf":[],"yoast_head":"<!-- This site is optimized with the Yoast SEO Premium plugin v27.6 (Yoast SEO v27.6) - https:\/\/yoast.com\/product\/yoast-seo-premium-wordpress\/ -->\n<title>Requin de r\u00e9cif \u00e0 pointe noire Koh Tao | Black Turtle Dive<\/title>\n<meta name=\"description\" content=\"Le requin \u00e0 pointe noire tire son nom des pointes noires de ses nageoires et ils sont souvent vus par les plongeurs et les plongeurs en apn\u00e9e autour de Koh Tao dans les eaux peu profondes.\" \/>\n<meta name=\"robots\" content=\"index, follow, max-snippet:-1, max-image-preview:large, max-video-preview:-1\" \/>\n<link rel=\"canonical\" href=\"https:\/\/www.blackturtledive.com\/fr\/koh-tao-marine-life\/black-tip-reef-shark\/\" \/>\n<meta property=\"og:locale\" content=\"fr_FR\" \/>\n<meta property=\"og:type\" content=\"article\" \/>\n<meta property=\"og:title\" content=\"Requin de r\u00e9cif \u00e0 pointe noire\" \/>\n<meta property=\"og:description\" content=\"Le requin \u00e0 pointe noire tire son nom des pointes noires de ses nageoires et ils sont souvent vus par les plongeurs et les plongeurs en apn\u00e9e autour de Koh Tao dans les eaux peu profondes.\" \/>\n<meta property=\"og:url\" content=\"https:\/\/www.blackturtledive.com\/fr\/koh-tao-marine-life\/black-tip-reef-shark\/\" \/>\n<meta property=\"og:site_name\" content=\"Black Turtle Dive Koh Tao\" \/>\n<meta property=\"article:publisher\" content=\"https:\/\/www.facebook.com\/blackturtledive\" \/>\n<meta property=\"article:modified_time\" content=\"2021-10-18T08:08:07+00:00\" \/>\n<meta property=\"og:image\" content=\"https:\/\/www.blackturtledive.com\/wp-content\/uploads\/2020\/11\/blackturtledive.com-best-padi-divemaster-course-koh-tao.jpg\" \/>\n\t<meta property=\"og:image:width\" content=\"1200\" \/>\n\t<meta property=\"og:image:height\" content=\"800\" \/>\n\t<meta property=\"og:image:type\" content=\"image\/jpeg\" \/>\n<meta name=\"twitter:card\" content=\"summary_large_image\" \/>\n<meta name=\"twitter:image\" content=\"https:\/\/www.blackturtledive.com\/wp-content\/uploads\/2020\/11\/blackturtledive.com-best-padi-divemaster-course-koh-tao.jpg\" \/>\n<meta name=\"twitter:site\" content=\"@blackturtledive\" \/>\n<meta name=\"twitter:label1\" content=\"Dur\u00e9e de lecture estim\u00e9e\" \/>\n\t<meta name=\"twitter:data1\" content=\"4 minutes\" \/>\n<!-- \/ Yoast SEO Premium plugin. -->","yoast_head_json":{"title":"Requin de r\u00e9cif \u00e0 pointe noire Koh Tao | Black Turtle Dive","description":"Le requin \u00e0 pointe noire tire son nom des pointes noires de ses nageoires et ils sont souvent vus par les plongeurs et les plongeurs en apn\u00e9e autour de Koh Tao dans les eaux peu profondes.","robots":{"index":"index","follow":"follow","max-snippet":"max-snippet:-1","max-image-preview":"max-image-preview:large","max-video-preview":"max-video-preview:-1"},"canonical":"https:\/\/www.blackturtledive.com\/fr\/koh-tao-marine-life\/black-tip-reef-shark\/","og_locale":"fr_FR","og_type":"article","og_title":"Requin de r\u00e9cif \u00e0 pointe noire","og_description":"Le requin \u00e0 pointe noire tire son nom des pointes noires de ses nageoires et ils sont souvent vus par les plongeurs et les plongeurs en apn\u00e9e autour de Koh Tao dans les eaux peu profondes.","og_url":"https:\/\/www.blackturtledive.com\/fr\/koh-tao-marine-life\/black-tip-reef-shark\/","og_site_name":"Black Turtle Dive Koh Tao","article_publisher":"https:\/\/www.facebook.com\/blackturtledive","article_modified_time":"2021-10-18T08:08:07+00:00","og_image":[{"width":1200,"height":800,"url":"https:\/\/www.blackturtledive.com\/wp-content\/uploads\/2020\/11\/blackturtledive.com-best-padi-divemaster-course-koh-tao.jpg","type":"image\/jpeg"}],"twitter_card":"summary_large_image","twitter_image":"https:\/\/www.blackturtledive.com\/wp-content\/uploads\/2020\/11\/blackturtledive.com-best-padi-divemaster-course-koh-tao.jpg","twitter_site":"@blackturtledive","twitter_misc":{"Dur\u00e9e de lecture estim\u00e9e":"4 minutes"},"schema":{"@context":"https:\/\/schema.org","@graph":[{"@type":"WebPage","@id":"https:\/\/www.blackturtledive.com\/fr\/koh-tao-marine-life\/black-tip-reef-shark\/","url":"https:\/\/www.blackturtledive.com\/fr\/koh-tao-marine-life\/black-tip-reef-shark\/","name":"Requin de r\u00e9cif \u00e0 pointe noire Koh Tao | Black Turtle Dive","isPartOf":{"@id":"https:\/\/www.blackturtledive.com\/fr\/#website"},"primaryImageOfPage":{"@id":"https:\/\/www.blackturtledive.com\/fr\/koh-tao-marine-life\/black-tip-reef-shark\/#primaryimage"},"image":{"@id":"https:\/\/www.blackturtledive.com\/fr\/koh-tao-marine-life\/black-tip-reef-shark\/#primaryimage"},"thumbnailUrl":"https:\/\/www.blackturtledive.com\/wp-content\/uploads\/2021\/01\/blackturtledive.com-black-tip-reef-sharks-koh-tao-thailand.jpg","datePublished":"2020-09-19T16:23:33+00:00","dateModified":"2021-10-18T08:08:07+00:00","description":"Le requin \u00e0 pointe noire tire son nom des pointes noires de ses nageoires et ils sont souvent vus par les plongeurs et les plongeurs en apn\u00e9e autour de Koh Tao dans les eaux peu profondes.","breadcrumb":{"@id":"https:\/\/www.blackturtledive.com\/fr\/koh-tao-marine-life\/black-tip-reef-shark\/#breadcrumb"},"inLanguage":"fr-FR","potentialAction":[{"@type":"ReadAction","target":["https:\/\/www.blackturtledive.com\/fr\/koh-tao-marine-life\/black-tip-reef-shark\/"]}]},{"@type":"ImageObject","inLanguage":"fr-FR","@id":"https:\/\/www.blackturtledive.com\/fr\/koh-tao-marine-life\/black-tip-reef-shark\/#primaryimage","url":"https:\/\/www.blackturtledive.com\/wp-content\/uploads\/2021\/01\/blackturtledive.com-black-tip-reef-sharks-koh-tao-thailand.jpg","contentUrl":"https:\/\/www.blackturtledive.com\/wp-content\/uploads\/2021\/01\/blackturtledive.com-black-tip-reef-sharks-koh-tao-thailand.jpg","width":1100,"height":618,"caption":"Black Tip Reef Sharks Koh Tao Marine Life"},{"@type":"BreadcrumbList","@id":"https:\/\/www.blackturtledive.com\/fr\/koh-tao-marine-life\/black-tip-reef-shark\/#breadcrumb","itemListElement":[{"@type":"ListItem","position":1,"name":"Home","item":"https:\/\/www.blackturtledive.com\/fr\/home\/"},{"@type":"ListItem","position":2,"name":"La vie marine de Koh Tao","item":"https:\/\/www.blackturtledive.com\/fr\/koh-tao-marine-life\/"},{"@type":"ListItem","position":3,"name":"Requin de r\u00e9cif \u00e0 pointe noire"}]},{"@type":"WebSite","@id":"https:\/\/www.blackturtledive.com\/fr\/#website","url":"https:\/\/www.blackturtledive.com\/fr\/","name":"Black Turtle Dive Koh Tao","description":"Ocean Explorers | Marine Protectors","publisher":{"@id":"https:\/\/www.blackturtledive.com\/fr\/#organization"},"alternateName":"Black Turtle Dive in Thailand","potentialAction":[{"@type":"SearchAction","target":{"@type":"EntryPoint","urlTemplate":"https:\/\/www.blackturtledive.com\/fr\/?s={search_term_string}"},"query-input":{"@type":"PropertyValueSpecification","valueRequired":true,"valueName":"search_term_string"}}],"inLanguage":"fr-FR"},{"@type":"Organization","@id":"https:\/\/www.blackturtledive.com\/fr\/#organization","name":"Black Turtle Dive Koh Tao","alternateName":"Black Turtle Dive","url":"https:\/\/www.blackturtledive.com\/fr\/","logo":{"@type":"ImageObject","inLanguage":"fr-FR","@id":"https:\/\/www.blackturtledive.com\/fr\/#\/schema\/logo\/image\/","url":"https:\/\/www.blackturtledive.com\/wp-content\/uploads\/2020\/11\/cropped-blackturtledive.com-brand-logo.png","contentUrl":"https:\/\/www.blackturtledive.com\/wp-content\/uploads\/2020\/11\/cropped-blackturtledive.com-brand-logo.png","width":400,"height":400,"caption":"Black Turtle Dive Koh Tao"},"image":{"@id":"https:\/\/www.blackturtledive.com\/fr\/#\/schema\/logo\/image\/"},"sameAs":["https:\/\/www.facebook.com\/blackturtledive","https:\/\/x.com\/blackturtledive","https:\/\/www.instagram.com\/blackturtledive\/","https:\/\/www.youtube.com\/blackturtledive","https:\/\/www.linkedin.com\/company\/blackturtledive\/","https:\/\/www.tumblr.com\/blackturtledive","https:\/\/www.pinterest.com\/blackturtledive\/","https:\/\/www.tiktok.com\/@blackturtledive","https:\/\/www.reddit.com\/user\/blackturtledive\/"],"description":"Black Turtle Dive is a modern and innovative 5 Star Career Development Scuba Diving Center, passionate about the ocean and through training we want to empower you to become a competent and confident scuba diver. Our diving courses equip you with the skills, knowledge and awareness necessary to explore the ocean safely, whilst becoming a passionate advocate and protector of the marine environment. If you have never dived before or are a certified diver and want to develop your skills further, our tailored, bespoke courses and programs will inspire you to become an Ocean advocate. Our scientific based Marine Conservation Internships and training programs, offer aspiring scuba divers and marine conservationists, the best marine conservation internships on Koh Tao. We currently offer students six levels of Marine Conservation Internships at our beachside location on Koh Tao in Thailand. Check out our website for more information.","email":"info@blackturtledive.com","telephone":"089 592 2134","legalName":"Black Turtle Dive Co Ltd","foundingDate":"2020-01-01","publishingPrinciples":"https:\/\/www.blackturtledive.com\/terms\/","ownershipFundingInfo":"https:\/\/www.blackturtledive.com\/terms\/","actionableFeedbackPolicy":"https:\/\/www.blackturtledive.com\/privacy-policy\/","correctionsPolicy":"https:\/\/www.blackturtledive.com\/privacy-policy\/","ethicsPolicy":"https:\/\/www.blackturtledive.com\/privacy-policy\/","diversityPolicy":"https:\/\/www.blackturtledive.com\/privacy-policy\/"}]}},"_links":{"self":[{"href":"https:\/\/www.blackturtledive.com\/fr\/wp-json\/wp\/v2\/pages\/8606","targetHints":{"allow":["GET"]}}],"collection":[{"href":"https:\/\/www.blackturtledive.com\/fr\/wp-json\/wp\/v2\/pages"}],"about":[{"href":"https:\/\/www.blackturtledive.com\/fr\/wp-json\/wp\/v2\/types\/page"}],"author":[{"embeddable":true,"href":"https:\/\/www.blackturtledive.com\/fr\/wp-json\/wp\/v2\/users\/2"}],"replies":[{"embeddable":true,"href":"https:\/\/www.blackturtledive.com\/fr\/wp-json\/wp\/v2\/comments?post=8606"}],"version-history":[{"count":0,"href":"https:\/\/www.blackturtledive.com\/fr\/wp-json\/wp\/v2\/pages\/8606\/revisions"}],"up":[{"embeddable":true,"href":"https:\/\/www.blackturtledive.com\/fr\/wp-json\/wp\/v2\/pages\/8622"}],"wp:featuredmedia":[{"embeddable":true,"href":"https:\/\/www.blackturtledive.com\/fr\/wp-json\/wp\/v2\/media\/8607"}],"wp:attachment":[{"href":"https:\/\/www.blackturtledive.com\/fr\/wp-json\/wp\/v2\/media?parent=8606"}],"curies":[{"name":"wp","href":"https:\/\/api.w.org\/{rel}","templated":true}]}}