{"id":8668,"date":"2020-09-19T23:00:50","date_gmt":"2020-09-19T16:00:50","guid":{"rendered":"https:\/\/www.blackturtledive.com\/buoyancy-world\/"},"modified":"2021-10-18T15:08:22","modified_gmt":"2021-10-18T08:08:22","slug":"buoyancy-world","status":"publish","type":"page","link":"https:\/\/www.blackturtledive.com\/fr\/koh-tao-dive-sites\/buoyancy-world\/","title":{"rendered":"Buoyancy World"},"content":{"rendered":"<div class=\"wpb-content-wrapper\"><p>[vc_row][vc_column][vc_column_text]<\/p>\n<h3><span style=\"color: #28d4ff;\">En savoir plus sur le site de plong\u00e9e Buoyancy World \u00e0 Koh Tao<br \/>\n<\/span><\/h3>\n<p>Le site de plong\u00e9e Buoyancy World \u00e0 <a href=\"https:\/\/www.blackturtledive.com\/koh-tao\/\">Koh Tao<\/a> est situ\u00e9 au large de la c\u00f4te ouest de l&rsquo;\u00eele de Koh Nang Yuan et est un site de plong\u00e9e artificiel cr\u00e9\u00e9 par la communaut\u00e9 locale.<\/p>\n<ul>\n<li>Localisation : C\u00f4te ouest de Koh Nang Yuan<\/li>\n<li>Profondeur : Max 16m, Min 10m \u2013 Moyenne 10m<\/li>\n<li>Type de site : Site de Plong\u00e9e Artificielle<\/li>\n<li>Niveau : Plongeur Open Water<\/li>\n<li>Conditions : Plat presque toute l&rsquo;ann\u00e9e avec tr\u00e8s peu de courant<\/li>\n<li>Visibilit\u00e9 moyenne : 5-20 m\u00e8tres<\/li>\n<\/ul>\n<div  data-ep-a=\"fadeIn\"  id=\"_ytid_45355\"  width=\"640\" height=\"360\"  data-origwidth=\"640\" data-origheight=\"360\"  data-relstop=\"1\" data-facadesrc=\"https:\/\/www.youtube.com\/embed\/xUmqDL9917U?enablejsapi=1&origin=https:\/\/www.blackturtledive.com&autoplay=0&cc_load_policy=0&cc_lang_pref=&iv_load_policy=1&loop=0&rel=0&fs=1&playsinline=0&autohide=2&theme=dark&color=red&controls=1&disablekb=0&\" class=\"__youtube_prefs__ epyt-facade  no-lazyload\" data-epautoplay=\"1\" ><img decoding=\"async\" data-spai-excluded=\"true\" class=\"epyt-facade-poster skip-lazy\" loading=\"lazy\"  alt=\"Buoyancy World Dive Site Koh Tao Thailand\"  src=\"https:\/\/i.ytimg.com\/vi\/xUmqDL9917U\/maxresdefault.jpg\"  \/><button class=\"epyt-facade-play\" aria-label=\"Play\"><svg data-no-lazy=\"1\" height=\"100%\" version=\"1.1\" viewBox=\"0 0 68 48\" width=\"100%\"><path class=\"ytp-large-play-button-bg\" d=\"M66.52,7.74c-0.78-2.93-2.49-5.41-5.42-6.19C55.79,.13,34,0,34,0S12.21,.13,6.9,1.55 C3.97,2.33,2.27,4.81,1.48,7.74C0.06,13.05,0,24,0,24s0.06,10.95,1.48,16.26c0.78,2.93,2.49,5.41,5.42,6.19 C12.21,47.87,34,48,34,48s21.79-0.13,27.1-1.55c2.93-0.78,4.64-3.26,5.42-6.19C67.94,34.95,68,24,68,24S67.94,13.05,66.52,7.74z\" fill=\"#f00\"><\/path><path d=\"M 45,24 27,14 27,34\" fill=\"#fff\"><\/path><\/svg><\/button><\/div><span itemprop=\"video\" itemscope itemtype=\"http:\/\/schema.org\/VideoObject\"><meta itemprop=\"embedUrl\" content=\"https:\/\/www.youtube.com\/embed\/xUmqDL9917U\"><meta itemprop=\"name\" content=\"Buoyancy World Dive Site Koh Tao Thailand\"><meta itemprop=\"description\" content=\"Buoyancy world dive site on Koh Tao is located off the west coast of Koh Nang Yuan island and is an artificial dive site started by the local community. Location: West coast of Koh Nang Yuan Depth: Max 16m, Min 10m \u2013 Average 10m Type of site: Artificial Dive site Level: Open Water Diver Conditions: Flat almost all year with very little current Average Visibility: 5-20 meters Take a short swim north of Twins pinnacle and you will discover Buoyancy World, another great example of many Artificial dive sites on Koh Tao. Check out our other dive sites: https:\/\/www.blackturtledive.com\/koh-tao-dive-sites\/buoyancy-world\/ Footage: \ud83d\ude4f\ud83c\udffb. \ud83c\udfac Wet Lens Images (https:\/\/www.youtube.com\/channel\/UCVB6Hza4P2ct7SgAo7I9n7g)\"><meta itemprop=\"thumbnailUrl\" content=\"https:\/\/i.ytimg.com\/vi\/xUmqDL9917U\/0.jpg\"><meta itemprop=\"duration\" content=\"PT59S\"><meta itemprop=\"uploadDate\" content=\"2021-01-28T06:25:09Z\"><\/span>\n<h3>D\u00e9couvrez le site de plong\u00e9e Buoyancy World<\/h3>\n<p>Faites une petite baignade au nord de <a href=\"https:\/\/www.blackturtledive.com\/koh-tao-dive-sites\/twins-pinnacle\/\">Twins Pinnacle<\/a> et vous d\u00e9couvrirez Buoyancy World, un autre excellent exemple de nombreux <a href=\"https:\/\/www.blackturtledive.com\/conservation\/marine-conservation-courses\/artificial-dive-sites\/\">sites de plong\u00e9e artificiels<\/a> \u00e0 Koh Tao.<\/p>\n<p>Buoyancy World est un projet communautaire \u00e0 l&rsquo;\u00e9chelle de l&rsquo;\u00eele financ\u00e9, d\u00e9velopp\u00e9 et d\u00e9ploy\u00e9 par la communaut\u00e9 locale de Koh Tao, le gouvernement local et les entreprises locales.<\/p>\n<p>Le concept de Buoyancy World consistait \u00e0 cr\u00e9er un site de <a href=\"https:\/\/www.blackturtledive.com\/padi-diving-courses\/\">plong\u00e9e<\/a> d&rsquo;entra\u00eenement sp\u00e9cifique \u00e0 la plong\u00e9e sous-marine afin de r\u00e9duire la pression sur le <a href=\"https:\/\/www.blackturtledive.com\/conservation\/marine-conservation-courses\/\">r\u00e9cif de corail<\/a> naturel.<\/p>\n<p>L&#8217;emplacement est tr\u00e8s proche de Twins Pinnacle \u00e9tait un choix d\u00e9lib\u00e9r\u00e9 car Twins est le <a href=\"https:\/\/www.blackturtledive.com\/koh-tao-dive-sites\/\">site de plong\u00e9e<\/a> le plus fr\u00e9quent\u00e9 de Koh Tao.<\/p>\n<figure id=\"attachment_3596\" aria-describedby=\"caption-attachment-3596\" style=\"width: 1100px\" class=\"wp-caption alignnone\"><img decoding=\"async\" class=\"size-full wp-image-3596\" src=\"https:\/\/www.blackturtledive.com\/wp-content\/uploads\/2021\/01\/blackturtledive.com-buoyancy-world-dive-site-koh-tao-turtle-yellow-boxfish.jpg\" alt=\"Buoyancy World Dive Site Koh Tao\" width=\"1100\" height=\"619\" srcset=\"https:\/\/www.blackturtledive.com\/wp-content\/uploads\/2021\/01\/blackturtledive.com-buoyancy-world-dive-site-koh-tao-turtle-yellow-boxfish.jpg 1100w, https:\/\/www.blackturtledive.com\/wp-content\/uploads\/2021\/01\/blackturtledive.com-buoyancy-world-dive-site-koh-tao-turtle-yellow-boxfish-300x169.jpg 300w, https:\/\/www.blackturtledive.com\/wp-content\/uploads\/2021\/01\/blackturtledive.com-buoyancy-world-dive-site-koh-tao-turtle-yellow-boxfish-1024x576.jpg 1024w, https:\/\/www.blackturtledive.com\/wp-content\/uploads\/2021\/01\/blackturtledive.com-buoyancy-world-dive-site-koh-tao-turtle-yellow-boxfish-768x432.jpg 768w, https:\/\/www.blackturtledive.com\/wp-content\/uploads\/2021\/01\/blackturtledive.com-buoyancy-world-dive-site-koh-tao-turtle-yellow-boxfish-150x84.jpg 150w\" sizes=\"(max-width: 1100px) 100vw, 1100px\" \/><figcaption id=\"caption-attachment-3596\" class=\"wp-caption-text\">Buoyancy World Dive Site Koh Tao<\/figcaption><\/figure>\n<h3>Sites de plong\u00e9e artificiels &#8211; Buoyancy World<\/h3>\n<p>Un autre objectif du projet Buoyancy Word \u00e9tait de cr\u00e9er un nouvel habitat pour la vie marine et un environnement propice \u00e0 la croissance et \u00e0 la croissance des coraux.<\/p>\n<p>Nous avons con\u00e7u et construit des structures artificielles telles qu&rsquo;une pieuvre g\u00e9ante et des requins, des tortues et des poissons en b\u00e9ton et les avons plac\u00e9es sur le fond sablonneux.<\/p>\n<p>Des tunnels, des cerceaux et un parcours d&rsquo;obstacles ont \u00e9t\u00e9 ajout\u00e9s plus tard pour donner aux plongeurs la possibilit\u00e9 de pratiquer et d&rsquo;affiner leur flottabilit\u00e9 sans craindre d&rsquo;endommager la vie marine d\u00e9licate.<\/p>\n<p>Le site de plong\u00e9e Buoyancy World est populaire aupr\u00e8s des <a href=\"https:\/\/www.blackturtledive.com\/padi-pro-level\/dive-instructor-course\/\">instructeurs de plong\u00e9e<\/a> qui am\u00e8nent leurs \u00e9tudiants <a href=\"https:\/\/www.blackturtledive.com\/padi-diving-courses\/open-water-course\/\">Open Water<\/a> et <a href=\"https:\/\/www.blackturtledive.com\/padi-specialty-courses\/peak-performance-buoyancy\/\">Peak Performance Buoyancy<\/a> en face de Twins Pinnacles.<\/p>\n<figure id=\"attachment_3705\" aria-describedby=\"caption-attachment-3705\" style=\"width: 1100px\" class=\"wp-caption alignnone\"><img decoding=\"async\" class=\"size-full wp-image-3705\" src=\"https:\/\/www.blackturtledive.com\/wp-content\/uploads\/2021\/01\/blackturtledive.com-buoyancy-world-dive-site-koh-tao-turtle-artificial-dive-site.jpg\" alt=\"Buoyancy World Dive Site Artificial Structures\" width=\"1100\" height=\"619\" srcset=\"https:\/\/www.blackturtledive.com\/wp-content\/uploads\/2021\/01\/blackturtledive.com-buoyancy-world-dive-site-koh-tao-turtle-artificial-dive-site.jpg 1100w, https:\/\/www.blackturtledive.com\/wp-content\/uploads\/2021\/01\/blackturtledive.com-buoyancy-world-dive-site-koh-tao-turtle-artificial-dive-site-300x169.jpg 300w, https:\/\/www.blackturtledive.com\/wp-content\/uploads\/2021\/01\/blackturtledive.com-buoyancy-world-dive-site-koh-tao-turtle-artificial-dive-site-1024x576.jpg 1024w, https:\/\/www.blackturtledive.com\/wp-content\/uploads\/2021\/01\/blackturtledive.com-buoyancy-world-dive-site-koh-tao-turtle-artificial-dive-site-768x432.jpg 768w, https:\/\/www.blackturtledive.com\/wp-content\/uploads\/2021\/01\/blackturtledive.com-buoyancy-world-dive-site-koh-tao-turtle-artificial-dive-site-150x84.jpg 150w\" sizes=\"(max-width: 1100px) 100vw, 1100px\" \/><figcaption id=\"caption-attachment-3705\" class=\"wp-caption-text\">Buoyancy World Dive Site Artificial Structures<\/figcaption><\/figure>\n<h3><span style=\"color: #28d4ff;\">Buoyancy World p\u00e9pini\u00e8res de corail<br \/>\n<\/span><\/h3>\n<p>Il y a des p\u00e9pini\u00e8res de corail ici qui ont \u00e9t\u00e9 un grand succ\u00e8s, envahissant leur structure d&rsquo;origine avec beaucoup de cornes de cerf en bonne sant\u00e9, ont entour\u00e9 ma vie marine.<\/p>\n<p>La profondeur de Buoyancy World varie de 10 \u00e0 16 m\u00e8tres de profondeur et le site de plong\u00e9e a sans aucun doute attir\u00e9 beaucoup de vie marine dans la r\u00e9gion.<\/p>\n<p>Vous verrez une multitude de vos poissons de r\u00e9cif pr\u00e9f\u00e9r\u00e9s de Koh Tao sur ce site de plong\u00e9e, notamment le <a href=\"https:\/\/www.blackturtledive.com\/koh-tao-marine-life\/tailfin-batfish\/\">poisson chauve-souris<\/a>, le napol\u00e9on \u00e0 poitrine rouge, le poisson-ch\u00e8vre tachet\u00e9 jaune, le napol\u00e9on, le <a href=\"https:\/\/www.blackturtledive.com\/koh-tao-marine-life\/parrot-fish\/\">poisson perroquet<\/a> et les sweetlips juv\u00e9niles.<\/p>\n<p>Buoyancy World est plus un <a href=\"https:\/\/www.blackturtledive.com\/blog\/10-interesting-facts-about-koh-tao-dive-sites\/\">site de plong\u00e9e de formation<\/a>, mais pour les plongeurs soucieux de la conservation marine qui sont intrigu\u00e9s, cela vaut la peine d&rsquo;int\u00e9grer Buoyancy World dans votre plan de plong\u00e9e Twins.<\/p>\n<figure id=\"attachment_3703\" aria-describedby=\"caption-attachment-3703\" style=\"width: 1100px\" class=\"wp-caption alignnone\"><img decoding=\"async\" class=\"size-full wp-image-3703\" src=\"https:\/\/www.blackturtledive.com\/wp-content\/uploads\/2021\/01\/blackturtledive.com-buoyancy-world-dive-site-koh-tao-turtle-moray-eel.jpg\" alt=\"Buoyancy World Dive Site\" width=\"1100\" height=\"619\" srcset=\"https:\/\/www.blackturtledive.com\/wp-content\/uploads\/2021\/01\/blackturtledive.com-buoyancy-world-dive-site-koh-tao-turtle-moray-eel.jpg 1100w, https:\/\/www.blackturtledive.com\/wp-content\/uploads\/2021\/01\/blackturtledive.com-buoyancy-world-dive-site-koh-tao-turtle-moray-eel-300x169.jpg 300w, https:\/\/www.blackturtledive.com\/wp-content\/uploads\/2021\/01\/blackturtledive.com-buoyancy-world-dive-site-koh-tao-turtle-moray-eel-1024x576.jpg 1024w, https:\/\/www.blackturtledive.com\/wp-content\/uploads\/2021\/01\/blackturtledive.com-buoyancy-world-dive-site-koh-tao-turtle-moray-eel-768x432.jpg 768w, https:\/\/www.blackturtledive.com\/wp-content\/uploads\/2021\/01\/blackturtledive.com-buoyancy-world-dive-site-koh-tao-turtle-moray-eel-150x84.jpg 150w\" sizes=\"(max-width: 1100px) 100vw, 1100px\" \/><figcaption id=\"caption-attachment-3703\" class=\"wp-caption-text\">Buoyancy World Dive Site<\/figcaption><\/figure>\n<p>[\/vc_column_text][\/vc_column][\/vc_row]<\/p>\n<\/div>","protected":false},"excerpt":{"rendered":"<p>Le site de plong\u00e9e Buoyancy World \u00e0 Koh Tao est situ\u00e9 au large de la c\u00f4te ouest de l&rsquo;\u00eele de Koh Nang Yuan et est un site de plong\u00e9e artificiel cr\u00e9\u00e9 par la communaut\u00e9 locale.<\/p>\n","protected":false},"author":2,"featured_media":8669,"parent":8765,"menu_order":0,"comment_status":"closed","ping_status":"closed","template":"","meta":{"_acf_changed":false,"footnotes":""},"class_list":["post-8668","page","type-page","status-publish","has-post-thumbnail","hentry"],"acf":[],"yoast_head":"<!-- This site is optimized with the Yoast SEO Premium plugin v27.6 (Yoast SEO v27.6) - https:\/\/yoast.com\/product\/yoast-seo-premium-wordpress\/ -->\n<title>Site de plong\u00e9e Buoyancy World Koh Tao | Black Turtle Dive<\/title>\n<meta name=\"description\" content=\"Le site de plong\u00e9e Buoyancy World \u00e0 Koh Tao est situ\u00e9 au large de la c\u00f4te ouest de l&#039;\u00eele de Koh Nang Yuan et est un site de plong\u00e9e artificiel cr\u00e9\u00e9 par la communaut\u00e9 locale.\" \/>\n<meta name=\"robots\" content=\"index, follow, max-snippet:-1, max-image-preview:large, max-video-preview:-1\" \/>\n<link rel=\"canonical\" href=\"https:\/\/www.blackturtledive.com\/fr\/koh-tao-dive-sites\/buoyancy-world\/\" \/>\n<meta property=\"og:locale\" content=\"fr_FR\" \/>\n<meta property=\"og:type\" content=\"article\" \/>\n<meta property=\"og:title\" content=\"Buoyancy World\" \/>\n<meta property=\"og:description\" content=\"Le site de plong\u00e9e Buoyancy World \u00e0 Koh Tao est situ\u00e9 au large de la c\u00f4te ouest de l&#039;\u00eele de Koh Nang Yuan et est un site de plong\u00e9e artificiel cr\u00e9\u00e9 par la communaut\u00e9 locale.\" \/>\n<meta property=\"og:url\" content=\"https:\/\/www.blackturtledive.com\/fr\/koh-tao-dive-sites\/buoyancy-world\/\" \/>\n<meta property=\"og:site_name\" content=\"Black Turtle Dive Koh Tao\" \/>\n<meta property=\"article:publisher\" content=\"https:\/\/www.facebook.com\/blackturtledive\" \/>\n<meta property=\"article:modified_time\" content=\"2021-10-18T08:08:22+00:00\" \/>\n<meta property=\"og:image\" content=\"https:\/\/www.blackturtledive.com\/wp-content\/uploads\/2020\/11\/blackturtledive.com-best-padi-divemaster-course-koh-tao.jpg\" \/>\n\t<meta property=\"og:image:width\" content=\"1200\" \/>\n\t<meta property=\"og:image:height\" content=\"800\" \/>\n\t<meta property=\"og:image:type\" content=\"image\/jpeg\" \/>\n<meta name=\"twitter:card\" content=\"summary_large_image\" \/>\n<meta name=\"twitter:image\" content=\"https:\/\/www.blackturtledive.com\/wp-content\/uploads\/2020\/11\/blackturtledive.com-best-padi-divemaster-course-koh-tao.jpg\" \/>\n<meta name=\"twitter:site\" content=\"@blackturtledive\" \/>\n<meta name=\"twitter:label1\" content=\"Dur\u00e9e de lecture estim\u00e9e\" \/>\n\t<meta name=\"twitter:data1\" content=\"3 minutes\" \/>\n<!-- \/ Yoast SEO Premium plugin. -->","yoast_head_json":{"title":"Site de plong\u00e9e Buoyancy World Koh Tao | Black Turtle Dive","description":"Le site de plong\u00e9e Buoyancy World \u00e0 Koh Tao est situ\u00e9 au large de la c\u00f4te ouest de l'\u00eele de Koh Nang Yuan et est un site de plong\u00e9e artificiel cr\u00e9\u00e9 par la communaut\u00e9 locale.","robots":{"index":"index","follow":"follow","max-snippet":"max-snippet:-1","max-image-preview":"max-image-preview:large","max-video-preview":"max-video-preview:-1"},"canonical":"https:\/\/www.blackturtledive.com\/fr\/koh-tao-dive-sites\/buoyancy-world\/","og_locale":"fr_FR","og_type":"article","og_title":"Buoyancy World","og_description":"Le site de plong\u00e9e Buoyancy World \u00e0 Koh Tao est situ\u00e9 au large de la c\u00f4te ouest de l'\u00eele de Koh Nang Yuan et est un site de plong\u00e9e artificiel cr\u00e9\u00e9 par la communaut\u00e9 locale.","og_url":"https:\/\/www.blackturtledive.com\/fr\/koh-tao-dive-sites\/buoyancy-world\/","og_site_name":"Black Turtle Dive Koh Tao","article_publisher":"https:\/\/www.facebook.com\/blackturtledive","article_modified_time":"2021-10-18T08:08:22+00:00","og_image":[{"width":1200,"height":800,"url":"https:\/\/www.blackturtledive.com\/wp-content\/uploads\/2020\/11\/blackturtledive.com-best-padi-divemaster-course-koh-tao.jpg","type":"image\/jpeg"}],"twitter_card":"summary_large_image","twitter_image":"https:\/\/www.blackturtledive.com\/wp-content\/uploads\/2020\/11\/blackturtledive.com-best-padi-divemaster-course-koh-tao.jpg","twitter_site":"@blackturtledive","twitter_misc":{"Dur\u00e9e de lecture estim\u00e9e":"3 minutes"},"schema":{"@context":"https:\/\/schema.org","@graph":[{"@type":"WebPage","@id":"https:\/\/www.blackturtledive.com\/fr\/koh-tao-dive-sites\/buoyancy-world\/","url":"https:\/\/www.blackturtledive.com\/fr\/koh-tao-dive-sites\/buoyancy-world\/","name":"Site de plong\u00e9e Buoyancy World Koh Tao | Black Turtle Dive","isPartOf":{"@id":"https:\/\/www.blackturtledive.com\/fr\/#website"},"primaryImageOfPage":{"@id":"https:\/\/www.blackturtledive.com\/fr\/koh-tao-dive-sites\/buoyancy-world\/#primaryimage"},"image":{"@id":"https:\/\/www.blackturtledive.com\/fr\/koh-tao-dive-sites\/buoyancy-world\/#primaryimage"},"thumbnailUrl":"https:\/\/www.blackturtledive.com\/wp-content\/uploads\/2021\/01\/blackturtledive.com-buoyancy-world-dive-site-koh-tao-turtle-yellow-boxfish.jpg","datePublished":"2020-09-19T16:00:50+00:00","dateModified":"2021-10-18T08:08:22+00:00","description":"Le site de plong\u00e9e Buoyancy World \u00e0 Koh Tao est situ\u00e9 au large de la c\u00f4te ouest de l'\u00eele de Koh Nang Yuan et est un site de plong\u00e9e artificiel cr\u00e9\u00e9 par la communaut\u00e9 locale.","breadcrumb":{"@id":"https:\/\/www.blackturtledive.com\/fr\/koh-tao-dive-sites\/buoyancy-world\/#breadcrumb"},"inLanguage":"fr-FR","potentialAction":[{"@type":"ReadAction","target":["https:\/\/www.blackturtledive.com\/fr\/koh-tao-dive-sites\/buoyancy-world\/"]}]},{"@type":"ImageObject","inLanguage":"fr-FR","@id":"https:\/\/www.blackturtledive.com\/fr\/koh-tao-dive-sites\/buoyancy-world\/#primaryimage","url":"https:\/\/www.blackturtledive.com\/wp-content\/uploads\/2021\/01\/blackturtledive.com-buoyancy-world-dive-site-koh-tao-turtle-yellow-boxfish.jpg","contentUrl":"https:\/\/www.blackturtledive.com\/wp-content\/uploads\/2021\/01\/blackturtledive.com-buoyancy-world-dive-site-koh-tao-turtle-yellow-boxfish.jpg","width":1100,"height":619,"caption":"Buoyancy World Dive Site Koh Tao"},{"@type":"BreadcrumbList","@id":"https:\/\/www.blackturtledive.com\/fr\/koh-tao-dive-sites\/buoyancy-world\/#breadcrumb","itemListElement":[{"@type":"ListItem","position":1,"name":"Home","item":"https:\/\/www.blackturtledive.com\/fr\/home\/"},{"@type":"ListItem","position":2,"name":"Sites de plong\u00e9e \u00e0 Koh Tao","item":"https:\/\/www.blackturtledive.com\/fr\/koh-tao-dive-sites\/"},{"@type":"ListItem","position":3,"name":"Buoyancy World"}]},{"@type":"WebSite","@id":"https:\/\/www.blackturtledive.com\/fr\/#website","url":"https:\/\/www.blackturtledive.com\/fr\/","name":"Black Turtle Dive Koh Tao","description":"Ocean Explorers | Marine Protectors","publisher":{"@id":"https:\/\/www.blackturtledive.com\/fr\/#organization"},"alternateName":"Black Turtle Dive in Thailand","potentialAction":[{"@type":"SearchAction","target":{"@type":"EntryPoint","urlTemplate":"https:\/\/www.blackturtledive.com\/fr\/?s={search_term_string}"},"query-input":{"@type":"PropertyValueSpecification","valueRequired":true,"valueName":"search_term_string"}}],"inLanguage":"fr-FR"},{"@type":"Organization","@id":"https:\/\/www.blackturtledive.com\/fr\/#organization","name":"Black Turtle Dive Koh Tao","alternateName":"Black Turtle Dive","url":"https:\/\/www.blackturtledive.com\/fr\/","logo":{"@type":"ImageObject","inLanguage":"fr-FR","@id":"https:\/\/www.blackturtledive.com\/fr\/#\/schema\/logo\/image\/","url":"https:\/\/www.blackturtledive.com\/wp-content\/uploads\/2020\/11\/cropped-blackturtledive.com-brand-logo.png","contentUrl":"https:\/\/www.blackturtledive.com\/wp-content\/uploads\/2020\/11\/cropped-blackturtledive.com-brand-logo.png","width":400,"height":400,"caption":"Black Turtle Dive Koh Tao"},"image":{"@id":"https:\/\/www.blackturtledive.com\/fr\/#\/schema\/logo\/image\/"},"sameAs":["https:\/\/www.facebook.com\/blackturtledive","https:\/\/x.com\/blackturtledive","https:\/\/www.instagram.com\/blackturtledive\/","https:\/\/www.youtube.com\/blackturtledive","https:\/\/www.linkedin.com\/company\/blackturtledive\/","https:\/\/www.tumblr.com\/blackturtledive","https:\/\/www.pinterest.com\/blackturtledive\/","https:\/\/www.tiktok.com\/@blackturtledive","https:\/\/www.reddit.com\/user\/blackturtledive\/"],"description":"Black Turtle Dive is a modern and innovative 5 Star Career Development Scuba Diving Center, passionate about the ocean and through training we want to empower you to become a competent and confident scuba diver. Our diving courses equip you with the skills, knowledge and awareness necessary to explore the ocean safely, whilst becoming a passionate advocate and protector of the marine environment. If you have never dived before or are a certified diver and want to develop your skills further, our tailored, bespoke courses and programs will inspire you to become an Ocean advocate. Our scientific based Marine Conservation Internships and training programs, offer aspiring scuba divers and marine conservationists, the best marine conservation internships on Koh Tao. We currently offer students six levels of Marine Conservation Internships at our beachside location on Koh Tao in Thailand. Check out our website for more information.","email":"info@blackturtledive.com","telephone":"089 592 2134","legalName":"Black Turtle Dive Co Ltd","foundingDate":"2020-01-01","publishingPrinciples":"https:\/\/www.blackturtledive.com\/terms\/","ownershipFundingInfo":"https:\/\/www.blackturtledive.com\/terms\/","actionableFeedbackPolicy":"https:\/\/www.blackturtledive.com\/privacy-policy\/","correctionsPolicy":"https:\/\/www.blackturtledive.com\/privacy-policy\/","ethicsPolicy":"https:\/\/www.blackturtledive.com\/privacy-policy\/","diversityPolicy":"https:\/\/www.blackturtledive.com\/privacy-policy\/"}]}},"_links":{"self":[{"href":"https:\/\/www.blackturtledive.com\/fr\/wp-json\/wp\/v2\/pages\/8668","targetHints":{"allow":["GET"]}}],"collection":[{"href":"https:\/\/www.blackturtledive.com\/fr\/wp-json\/wp\/v2\/pages"}],"about":[{"href":"https:\/\/www.blackturtledive.com\/fr\/wp-json\/wp\/v2\/types\/page"}],"author":[{"embeddable":true,"href":"https:\/\/www.blackturtledive.com\/fr\/wp-json\/wp\/v2\/users\/2"}],"replies":[{"embeddable":true,"href":"https:\/\/www.blackturtledive.com\/fr\/wp-json\/wp\/v2\/comments?post=8668"}],"version-history":[{"count":0,"href":"https:\/\/www.blackturtledive.com\/fr\/wp-json\/wp\/v2\/pages\/8668\/revisions"}],"up":[{"embeddable":true,"href":"https:\/\/www.blackturtledive.com\/fr\/wp-json\/wp\/v2\/pages\/8765"}],"wp:featuredmedia":[{"embeddable":true,"href":"https:\/\/www.blackturtledive.com\/fr\/wp-json\/wp\/v2\/media\/8669"}],"wp:attachment":[{"href":"https:\/\/www.blackturtledive.com\/fr\/wp-json\/wp\/v2\/media?parent=8668"}],"curies":[{"name":"wp","href":"https:\/\/api.w.org\/{rel}","templated":true}]}}