{"id":8670,"date":"2020-09-19T22:58:57","date_gmt":"2020-09-19T15:58:57","guid":{"rendered":"https:\/\/www.blackturtledive.com\/hin-pee-wee\/"},"modified":"2021-10-18T15:08:22","modified_gmt":"2021-10-18T08:08:22","slug":"hin-pee-wee","status":"publish","type":"page","link":"https:\/\/www.blackturtledive.com\/fr\/koh-tao-dive-sites\/hin-pee-wee\/","title":{"rendered":"Hin Pee Wee"},"content":{"rendered":"<div class=\"wpb-content-wrapper\"><p>[vc_row][vc_column][vc_column_text]<\/p>\n<h3><span style=\"color: #28d4ff;\">En savoir plus sur le site de plong\u00e9e Hin Pee Wee \u00e0 Koh Tao<br \/>\n<\/span><\/h3>\n<p>Le site de plong\u00e9e Hin Pee Wee sur <a href=\"https:\/\/www.blackturtledive.com\/koh-tao\/\">Koh Tao<\/a> est situ\u00e9 \u00e0 quelques m\u00e8tres au nord de l&rsquo;\u00e9pave <a href=\"https:\/\/www.blackturtledive.com\/koh-tao-dive-sites\/htms-sattakut\/\">HTMS Sattakut<\/a> et est un excellent <a href=\"https:\/\/www.blackturtledive.com\/koh-tao-dive-sites\/\">site de plong\u00e9e<\/a> avec une abondance de <a href=\"https:\/\/www.blackturtledive.com\/koh-tao-marine-life\/\">vie marine<\/a><\/p>\n<ul>\n<li>Localisation : 2 km au large de la c\u00f4te ouest de Koh Tao<\/li>\n<li>Profondeur : 8m \u2013 28m<\/li>\n<li>Type de site : Petit pinacles<\/li>\n<li>Niveau : Plongeur <a href=\"https:\/\/www.blackturtledive.com\/padi-diving-courses\/advanced-open-water-course\/\">Advanced Open Water<\/a><\/li>\n<li>Conditions : Peut avoir une mauvaise visibilit\u00e9 et un courant mod\u00e9r\u00e9<\/li>\n<li>Visibilit\u00e9 moyenne : 2-10 m\u00e8tres<\/li>\n<\/ul>\n<figure id=\"attachment_3610\" aria-describedby=\"caption-attachment-3610\" style=\"width: 1100px\" class=\"wp-caption alignnone\"><img decoding=\"async\" class=\"size-full wp-image-3610\" src=\"https:\/\/www.blackturtledive.com\/wp-content\/uploads\/2021\/01\/blackturtledive.com-hin-pee-wee-dive-site-koh-tao-thailand.jpg\" alt=\"Hin Pee Wee Dive Site Koh Tao\" width=\"1100\" height=\"619\" srcset=\"https:\/\/www.blackturtledive.com\/wp-content\/uploads\/2021\/01\/blackturtledive.com-hin-pee-wee-dive-site-koh-tao-thailand.jpg 1100w, https:\/\/www.blackturtledive.com\/wp-content\/uploads\/2021\/01\/blackturtledive.com-hin-pee-wee-dive-site-koh-tao-thailand-300x169.jpg 300w, https:\/\/www.blackturtledive.com\/wp-content\/uploads\/2021\/01\/blackturtledive.com-hin-pee-wee-dive-site-koh-tao-thailand-1024x576.jpg 1024w, https:\/\/www.blackturtledive.com\/wp-content\/uploads\/2021\/01\/blackturtledive.com-hin-pee-wee-dive-site-koh-tao-thailand-768x432.jpg 768w, https:\/\/www.blackturtledive.com\/wp-content\/uploads\/2021\/01\/blackturtledive.com-hin-pee-wee-dive-site-koh-tao-thailand-150x84.jpg 150w\" sizes=\"(max-width: 1100px) 100vw, 1100px\" \/><figcaption id=\"caption-attachment-3610\" class=\"wp-caption-text\">Hin Pee Wee Dive Site Koh Tao<\/figcaption><\/figure>\n<p>Situ\u00e9 \u00e0 environ 200 m\u00e8tres au sud de <a href=\"https:\/\/www.blackturtledive.com\/koh-tao-dive-sites\/white-rock\/\">White Rock<\/a> et \u00e0 30 m\u00e8tres du HTMS Sattakut, Hin Pee Wee est l&rsquo;un des <a href=\"https:\/\/www.blackturtledive.com\/blog\/10-interesting-facts-about-koh-tao-dive-sites\/\">sites de plong\u00e9e<\/a> les moins plong\u00e9s autour de Koh Tao.<\/p>\n<p>Ceci est principalement d\u00fb \u00e0 sa petite taille, sa profondeur et sa visibilit\u00e9 souvent inf\u00e9rieure \u00e0 la moyenne. Cependant, en petit groupe au bon moment, Hin Pee Wee peut \u00eatre un excellent site pour les <a href=\"https:\/\/www.blackturtledive.com\/padi-diving-courses\/\">plongeurs<\/a>.<\/p>\n<p>Le pinacle rocheux principal se trouve \u00e0 environ 8 m\u00e8tres sous la surface et le Hin Pee Wee atteint un fond d&rsquo;environ 20 m\u00e8tres avec une s\u00e9rie de pinacles environnants plus petits au nord du site de plong\u00e9e.<\/p>\n<figure id=\"attachment_3723\" aria-describedby=\"caption-attachment-3723\" style=\"width: 1100px\" class=\"wp-caption alignnone\"><img decoding=\"async\" class=\"size-full wp-image-3723\" src=\"https:\/\/www.blackturtledive.com\/wp-content\/uploads\/2021\/01\/blackturtledive.com-hin-pee-wee-dive-site-koh-tao.jpg\" alt=\"Hin Pee Wee Dive Site - Marine Life\" width=\"1100\" height=\"619\" srcset=\"https:\/\/www.blackturtledive.com\/wp-content\/uploads\/2021\/01\/blackturtledive.com-hin-pee-wee-dive-site-koh-tao.jpg 1100w, https:\/\/www.blackturtledive.com\/wp-content\/uploads\/2021\/01\/blackturtledive.com-hin-pee-wee-dive-site-koh-tao-300x169.jpg 300w, https:\/\/www.blackturtledive.com\/wp-content\/uploads\/2021\/01\/blackturtledive.com-hin-pee-wee-dive-site-koh-tao-1024x576.jpg 1024w, https:\/\/www.blackturtledive.com\/wp-content\/uploads\/2021\/01\/blackturtledive.com-hin-pee-wee-dive-site-koh-tao-768x432.jpg 768w, https:\/\/www.blackturtledive.com\/wp-content\/uploads\/2021\/01\/blackturtledive.com-hin-pee-wee-dive-site-koh-tao-150x84.jpg 150w\" sizes=\"(max-width: 1100px) 100vw, 1100px\" \/><figcaption id=\"caption-attachment-3723\" class=\"wp-caption-text\">Hin Pee Wee Dive Site &#8211; Marine Life<\/figcaption><\/figure>\n<h3>Pinacles de roche Hin Pee Wee<\/h3>\n<p>Au sud-est, il y a plus de petites formations rocheuses et le site de plong\u00e9e descend \u00e0 28 m\u00e8tres juste \u00e0 c\u00f4t\u00e9 de ces rochers.<\/p>\n<p>\u00c0 cet endroit, vous verrez souvent des <span style=\"color: #28d4ff;\">poissons empereurs \u00e0 longue face<\/span> en petits groupes errer autour du site de plong\u00e9e en changeant de couleur.<\/p>\n<p>Hin Pee Wee est recouvert de divers coraux durs et mous, notamment des gorgones, des coraux fouets, des coraux de table et des an\u00e9mones.<\/p>\n<h3><span style=\"color: #28d4ff;\">Coraux durs et mous sur le site de plong\u00e9e Hin Pee Wee<br \/>\n<\/span><\/h3>\n<p>Regardez de plus pr\u00e8s et vous verrez peut-\u00eatre un <a href=\"https:\/\/www.blackturtledive.com\/koh-tao-marine-life\/bearded-scorpion-fish\/\">poisson scorpion barbu<\/a> camoufl\u00e9 contre le rocher et si vous regardez encore plus pr\u00e8s les petites fractures et crevasses, vous pouvez trouver beaucoup de macro-vie int\u00e9ressantes, comme de petits bernard-l&rsquo;ermite.<\/p>\n<p>Dans le p\u00e9rim\u00e8tre du pinacle rocheux, vous verrez le m\u00e9rou ray\u00e9 brun, le napol\u00e9on et plusieurs esp\u00e8ces de demoiselles.<\/p>\n<figure id=\"attachment_3448\" aria-describedby=\"caption-attachment-3448\" style=\"width: 1000px\" class=\"wp-caption alignnone\"><img decoding=\"async\" class=\"size-full wp-image-3448\" src=\"https:\/\/www.blackturtledive.com\/wp-content\/uploads\/2021\/01\/blackturtledive.com-hawksbill-sea-turtle-swimming-koh-tao.jpg\" alt=\"Hawksbill Sea Turtle - Marine Life Koh Tao\" width=\"1000\" height=\"648\" srcset=\"https:\/\/www.blackturtledive.com\/wp-content\/uploads\/2021\/01\/blackturtledive.com-hawksbill-sea-turtle-swimming-koh-tao.jpg 1000w, https:\/\/www.blackturtledive.com\/wp-content\/uploads\/2021\/01\/blackturtledive.com-hawksbill-sea-turtle-swimming-koh-tao-300x194.jpg 300w, https:\/\/www.blackturtledive.com\/wp-content\/uploads\/2021\/01\/blackturtledive.com-hawksbill-sea-turtle-swimming-koh-tao-768x498.jpg 768w, https:\/\/www.blackturtledive.com\/wp-content\/uploads\/2021\/01\/blackturtledive.com-hawksbill-sea-turtle-swimming-koh-tao-150x97.jpg 150w\" sizes=\"(max-width: 1000px) 100vw, 1000px\" \/><figcaption id=\"caption-attachment-3448\" class=\"wp-caption-text\">Hawksbill Sea Turtle &#8211; Marine Life Koh Tao<\/figcaption><\/figure>\n<h3>Tortues de mer au repos<\/h3>\n<p>Les serpents de mer sont des visiteurs fr\u00e9quents \u00e0 Hin Wee Pee, tout comme des bancs de jeunes <a href=\"https:\/\/www.blackturtledive.com\/koh-tao-marine-life\/yellow-tail-barracuda\/\">barracudas \u00e0 queue jaune<\/a> et divers vivaneaux peuvent \u00eatre vus ici.<\/p>\n<p>Le <a href=\"https:\/\/www.blackturtledive.com\/koh-tao-marine-life\/great-barracuda\/\">grand barracuda<\/a> tourne autour du sommet du pinacle et vous verrez souvent des <a href=\"https:\/\/www.blackturtledive.com\/conservation\/marine-conservation-courses\/sea-turtle-awareness-specialty\/\">tortues de mer<\/a> se reposer sur les rebords qui d\u00e9passent du pinacle lui-m\u00eame.<\/p>\n<p>Hin Pee Wee est souvent utilis\u00e9 comme passage par les plongeurs en route du site de plong\u00e9e HTMS Sattakut au site de plong\u00e9e de White Rock et <span style=\"color: #28d4ff;\">notre recommandation<\/span> est de passer une plong\u00e9e enti\u00e8re \u00e0 cet endroit intrigant.[\/vc_column_text][\/vc_column][\/vc_row]<\/p>\n<\/div>","protected":false},"excerpt":{"rendered":"<p>Le site de plong\u00e9e Hin Pee Wee sur Koh Tao est situ\u00e9 \u00e0 quelques m\u00e8tres au nord de l&rsquo;\u00e9pave du HTMS Sattakut et est un excellent site avec une abondance de vie marine<\/p>\n","protected":false},"author":2,"featured_media":8671,"parent":8765,"menu_order":0,"comment_status":"closed","ping_status":"closed","template":"","meta":{"_acf_changed":false,"footnotes":""},"class_list":["post-8670","page","type-page","status-publish","has-post-thumbnail","hentry"],"acf":[],"yoast_head":"<!-- This site is optimized with the Yoast SEO Premium plugin v27.6 (Yoast SEO v27.6) - https:\/\/yoast.com\/product\/yoast-seo-premium-wordpress\/ -->\n<title>Site de plong\u00e9e Hin Pee Wee Koh Tao | Black Turtle Dive<\/title>\n<meta name=\"description\" content=\"Le site de plong\u00e9e Hin Pee Wee sur Koh Tao est situ\u00e9 \u00e0 quelques m\u00e8tres au nord de l&#039;\u00e9pave du HTMS Sattakut et est un excellent site avec une abondance de vie marine\" \/>\n<meta name=\"robots\" content=\"index, follow, max-snippet:-1, max-image-preview:large, max-video-preview:-1\" \/>\n<link rel=\"canonical\" href=\"https:\/\/www.blackturtledive.com\/fr\/koh-tao-dive-sites\/hin-pee-wee\/\" \/>\n<meta property=\"og:locale\" content=\"fr_FR\" \/>\n<meta property=\"og:type\" content=\"article\" \/>\n<meta property=\"og:title\" content=\"Hin Pee Wee\" \/>\n<meta property=\"og:description\" content=\"Le site de plong\u00e9e Hin Pee Wee sur Koh Tao est situ\u00e9 \u00e0 quelques m\u00e8tres au nord de l&#039;\u00e9pave du HTMS Sattakut et est un excellent site avec une abondance de vie marine\" \/>\n<meta property=\"og:url\" content=\"https:\/\/www.blackturtledive.com\/fr\/koh-tao-dive-sites\/hin-pee-wee\/\" \/>\n<meta property=\"og:site_name\" content=\"Black Turtle Dive Koh Tao\" \/>\n<meta property=\"article:publisher\" content=\"https:\/\/www.facebook.com\/blackturtledive\" \/>\n<meta property=\"article:modified_time\" content=\"2021-10-18T08:08:22+00:00\" \/>\n<meta property=\"og:image\" content=\"https:\/\/www.blackturtledive.com\/wp-content\/uploads\/2020\/11\/blackturtledive.com-best-padi-divemaster-course-koh-tao.jpg\" \/>\n\t<meta property=\"og:image:width\" content=\"1200\" \/>\n\t<meta property=\"og:image:height\" content=\"800\" \/>\n\t<meta property=\"og:image:type\" content=\"image\/jpeg\" \/>\n<meta name=\"twitter:card\" content=\"summary_large_image\" \/>\n<meta name=\"twitter:image\" content=\"https:\/\/www.blackturtledive.com\/wp-content\/uploads\/2020\/11\/blackturtledive.com-best-padi-divemaster-course-koh-tao.jpg\" \/>\n<meta name=\"twitter:site\" content=\"@blackturtledive\" \/>\n<meta name=\"twitter:label1\" content=\"Dur\u00e9e de lecture estim\u00e9e\" \/>\n\t<meta name=\"twitter:data1\" content=\"3 minutes\" \/>\n<!-- \/ Yoast SEO Premium plugin. -->","yoast_head_json":{"title":"Site de plong\u00e9e Hin Pee Wee Koh Tao | Black Turtle Dive","description":"Le site de plong\u00e9e Hin Pee Wee sur Koh Tao est situ\u00e9 \u00e0 quelques m\u00e8tres au nord de l'\u00e9pave du HTMS Sattakut et est un excellent site avec une abondance de vie marine","robots":{"index":"index","follow":"follow","max-snippet":"max-snippet:-1","max-image-preview":"max-image-preview:large","max-video-preview":"max-video-preview:-1"},"canonical":"https:\/\/www.blackturtledive.com\/fr\/koh-tao-dive-sites\/hin-pee-wee\/","og_locale":"fr_FR","og_type":"article","og_title":"Hin Pee Wee","og_description":"Le site de plong\u00e9e Hin Pee Wee sur Koh Tao est situ\u00e9 \u00e0 quelques m\u00e8tres au nord de l'\u00e9pave du HTMS Sattakut et est un excellent site avec une abondance de vie marine","og_url":"https:\/\/www.blackturtledive.com\/fr\/koh-tao-dive-sites\/hin-pee-wee\/","og_site_name":"Black Turtle Dive Koh Tao","article_publisher":"https:\/\/www.facebook.com\/blackturtledive","article_modified_time":"2021-10-18T08:08:22+00:00","og_image":[{"width":1200,"height":800,"url":"https:\/\/www.blackturtledive.com\/wp-content\/uploads\/2020\/11\/blackturtledive.com-best-padi-divemaster-course-koh-tao.jpg","type":"image\/jpeg"}],"twitter_card":"summary_large_image","twitter_image":"https:\/\/www.blackturtledive.com\/wp-content\/uploads\/2020\/11\/blackturtledive.com-best-padi-divemaster-course-koh-tao.jpg","twitter_site":"@blackturtledive","twitter_misc":{"Dur\u00e9e de lecture estim\u00e9e":"3 minutes"},"schema":{"@context":"https:\/\/schema.org","@graph":[{"@type":"WebPage","@id":"https:\/\/www.blackturtledive.com\/fr\/koh-tao-dive-sites\/hin-pee-wee\/","url":"https:\/\/www.blackturtledive.com\/fr\/koh-tao-dive-sites\/hin-pee-wee\/","name":"Site de plong\u00e9e Hin Pee Wee Koh Tao | Black Turtle Dive","isPartOf":{"@id":"https:\/\/www.blackturtledive.com\/fr\/#website"},"primaryImageOfPage":{"@id":"https:\/\/www.blackturtledive.com\/fr\/koh-tao-dive-sites\/hin-pee-wee\/#primaryimage"},"image":{"@id":"https:\/\/www.blackturtledive.com\/fr\/koh-tao-dive-sites\/hin-pee-wee\/#primaryimage"},"thumbnailUrl":"https:\/\/www.blackturtledive.com\/wp-content\/uploads\/2021\/01\/blackturtledive.com-hin-pee-wee-dive-site-koh-tao-thailand.jpg","datePublished":"2020-09-19T15:58:57+00:00","dateModified":"2021-10-18T08:08:22+00:00","description":"Le site de plong\u00e9e Hin Pee Wee sur Koh Tao est situ\u00e9 \u00e0 quelques m\u00e8tres au nord de l'\u00e9pave du HTMS Sattakut et est un excellent site avec une abondance de vie marine","breadcrumb":{"@id":"https:\/\/www.blackturtledive.com\/fr\/koh-tao-dive-sites\/hin-pee-wee\/#breadcrumb"},"inLanguage":"fr-FR","potentialAction":[{"@type":"ReadAction","target":["https:\/\/www.blackturtledive.com\/fr\/koh-tao-dive-sites\/hin-pee-wee\/"]}]},{"@type":"ImageObject","inLanguage":"fr-FR","@id":"https:\/\/www.blackturtledive.com\/fr\/koh-tao-dive-sites\/hin-pee-wee\/#primaryimage","url":"https:\/\/www.blackturtledive.com\/wp-content\/uploads\/2021\/01\/blackturtledive.com-hin-pee-wee-dive-site-koh-tao-thailand.jpg","contentUrl":"https:\/\/www.blackturtledive.com\/wp-content\/uploads\/2021\/01\/blackturtledive.com-hin-pee-wee-dive-site-koh-tao-thailand.jpg","width":1100,"height":619,"caption":"Hin Pee Wee Dive Site Koh Tao"},{"@type":"BreadcrumbList","@id":"https:\/\/www.blackturtledive.com\/fr\/koh-tao-dive-sites\/hin-pee-wee\/#breadcrumb","itemListElement":[{"@type":"ListItem","position":1,"name":"Home","item":"https:\/\/www.blackturtledive.com\/fr\/home\/"},{"@type":"ListItem","position":2,"name":"Sites de plong\u00e9e \u00e0 Koh Tao","item":"https:\/\/www.blackturtledive.com\/fr\/koh-tao-dive-sites\/"},{"@type":"ListItem","position":3,"name":"Hin Pee Wee"}]},{"@type":"WebSite","@id":"https:\/\/www.blackturtledive.com\/fr\/#website","url":"https:\/\/www.blackturtledive.com\/fr\/","name":"Black Turtle Dive Koh Tao","description":"Ocean Explorers | Marine Protectors","publisher":{"@id":"https:\/\/www.blackturtledive.com\/fr\/#organization"},"alternateName":"Black Turtle Dive in Thailand","potentialAction":[{"@type":"SearchAction","target":{"@type":"EntryPoint","urlTemplate":"https:\/\/www.blackturtledive.com\/fr\/?s={search_term_string}"},"query-input":{"@type":"PropertyValueSpecification","valueRequired":true,"valueName":"search_term_string"}}],"inLanguage":"fr-FR"},{"@type":"Organization","@id":"https:\/\/www.blackturtledive.com\/fr\/#organization","name":"Black Turtle Dive Koh Tao","alternateName":"Black Turtle Dive","url":"https:\/\/www.blackturtledive.com\/fr\/","logo":{"@type":"ImageObject","inLanguage":"fr-FR","@id":"https:\/\/www.blackturtledive.com\/fr\/#\/schema\/logo\/image\/","url":"https:\/\/www.blackturtledive.com\/wp-content\/uploads\/2020\/11\/cropped-blackturtledive.com-brand-logo.png","contentUrl":"https:\/\/www.blackturtledive.com\/wp-content\/uploads\/2020\/11\/cropped-blackturtledive.com-brand-logo.png","width":400,"height":400,"caption":"Black Turtle Dive Koh Tao"},"image":{"@id":"https:\/\/www.blackturtledive.com\/fr\/#\/schema\/logo\/image\/"},"sameAs":["https:\/\/www.facebook.com\/blackturtledive","https:\/\/x.com\/blackturtledive","https:\/\/www.instagram.com\/blackturtledive\/","https:\/\/www.youtube.com\/blackturtledive","https:\/\/www.linkedin.com\/company\/blackturtledive\/","https:\/\/www.tumblr.com\/blackturtledive","https:\/\/www.pinterest.com\/blackturtledive\/","https:\/\/www.tiktok.com\/@blackturtledive","https:\/\/www.reddit.com\/user\/blackturtledive\/"],"description":"Black Turtle Dive is a modern and innovative 5 Star Career Development Scuba Diving Center, passionate about the ocean and through training we want to empower you to become a competent and confident scuba diver. Our diving courses equip you with the skills, knowledge and awareness necessary to explore the ocean safely, whilst becoming a passionate advocate and protector of the marine environment. If you have never dived before or are a certified diver and want to develop your skills further, our tailored, bespoke courses and programs will inspire you to become an Ocean advocate. Our scientific based Marine Conservation Internships and training programs, offer aspiring scuba divers and marine conservationists, the best marine conservation internships on Koh Tao. We currently offer students six levels of Marine Conservation Internships at our beachside location on Koh Tao in Thailand. Check out our website for more information.","email":"info@blackturtledive.com","telephone":"089 592 2134","legalName":"Black Turtle Dive Co Ltd","foundingDate":"2020-01-01","publishingPrinciples":"https:\/\/www.blackturtledive.com\/terms\/","ownershipFundingInfo":"https:\/\/www.blackturtledive.com\/terms\/","actionableFeedbackPolicy":"https:\/\/www.blackturtledive.com\/privacy-policy\/","correctionsPolicy":"https:\/\/www.blackturtledive.com\/privacy-policy\/","ethicsPolicy":"https:\/\/www.blackturtledive.com\/privacy-policy\/","diversityPolicy":"https:\/\/www.blackturtledive.com\/privacy-policy\/"}]}},"_links":{"self":[{"href":"https:\/\/www.blackturtledive.com\/fr\/wp-json\/wp\/v2\/pages\/8670","targetHints":{"allow":["GET"]}}],"collection":[{"href":"https:\/\/www.blackturtledive.com\/fr\/wp-json\/wp\/v2\/pages"}],"about":[{"href":"https:\/\/www.blackturtledive.com\/fr\/wp-json\/wp\/v2\/types\/page"}],"author":[{"embeddable":true,"href":"https:\/\/www.blackturtledive.com\/fr\/wp-json\/wp\/v2\/users\/2"}],"replies":[{"embeddable":true,"href":"https:\/\/www.blackturtledive.com\/fr\/wp-json\/wp\/v2\/comments?post=8670"}],"version-history":[{"count":0,"href":"https:\/\/www.blackturtledive.com\/fr\/wp-json\/wp\/v2\/pages\/8670\/revisions"}],"up":[{"embeddable":true,"href":"https:\/\/www.blackturtledive.com\/fr\/wp-json\/wp\/v2\/pages\/8765"}],"wp:featuredmedia":[{"embeddable":true,"href":"https:\/\/www.blackturtledive.com\/fr\/wp-json\/wp\/v2\/media\/8671"}],"wp:attachment":[{"href":"https:\/\/www.blackturtledive.com\/fr\/wp-json\/wp\/v2\/media?parent=8670"}],"curies":[{"name":"wp","href":"https:\/\/api.w.org\/{rel}","templated":true}]}}