{"id":8675,"date":"2020-09-19T22:58:01","date_gmt":"2020-09-19T15:58:01","guid":{"rendered":"https:\/\/www.blackturtledive.com\/laem-thian\/"},"modified":"2021-10-18T15:08:22","modified_gmt":"2021-10-18T08:08:22","slug":"laem-thian","status":"publish","type":"page","link":"https:\/\/www.blackturtledive.com\/fr\/koh-tao-dive-sites\/laem-thian\/","title":{"rendered":"Laem Thian"},"content":{"rendered":"<div class=\"wpb-content-wrapper\"><p>[vc_row][vc_column][vc_column_text]<\/p>\n<h3><span style=\"color: #28d4ff;\">En savoir plus sur le site de plong\u00e9e de Laem Thian \u00e0 Koh Tao<br \/>\n<\/span><\/h3>\n<p>Le site de plong\u00e9e de Laem Thian sur la c\u00f4te est de <a href=\"https:\/\/www.blackturtledive.com\/koh-tao\/\">Koh Tao<\/a> est un excellent endroit pour les <a href=\"https:\/\/www.blackturtledive.com\/padi-diving-courses\/\">plongeurs<\/a> qui souhaitent d\u00e9couvrir la diversit\u00e9, la <a href=\"https:\/\/www.blackturtledive.com\/koh-tao-marine-life\/\">vie marine<\/a> et une topographie sous-marine vari\u00e9e.<\/p>\n<ul>\n<li>Localisation : C\u00f4te Est de Koh Tao<\/li>\n<li>Profondeur : 5m \u2013 35 m\u00e8tres<\/li>\n<li>Type de site : Beaucoup de rochers g\u00e9ants, des travers\u00e9es naturelles et une topographie unique<\/li>\n<li>Niveau :<a href=\"https:\/\/www.blackturtledive.com\/padi-diving-courses\/open-water-course\/\"> Plongeur Open Water<\/a><\/li>\n<li>Conditions : g\u00e9n\u00e9ralement bonnes si le temps le permet<\/li>\n<li>Visibilit\u00e9 moyenne : 10 -20m<\/li>\n<\/ul>\n<div  data-ep-a=\"fadeIn\"  id=\"_ytid_88535\"  width=\"640\" height=\"360\"  data-origwidth=\"640\" data-origheight=\"360\"  data-relstop=\"1\" data-facadesrc=\"https:\/\/www.youtube.com\/embed\/fibHcJGXNxk?enablejsapi=1&origin=https:\/\/www.blackturtledive.com&autoplay=0&cc_load_policy=0&cc_lang_pref=&iv_load_policy=1&loop=0&rel=0&fs=1&playsinline=0&autohide=2&theme=dark&color=red&controls=1&disablekb=0&\" class=\"__youtube_prefs__ epyt-facade  no-lazyload\" data-epautoplay=\"1\" ><img decoding=\"async\" data-spai-excluded=\"true\" class=\"epyt-facade-poster skip-lazy\" loading=\"lazy\"  alt=\"Laem Thian Dive Site Koh Tao in Thailand\"  src=\"https:\/\/i.ytimg.com\/vi\/fibHcJGXNxk\/maxresdefault.jpg\"  \/><button class=\"epyt-facade-play\" aria-label=\"Play\"><svg data-no-lazy=\"1\" height=\"100%\" version=\"1.1\" viewBox=\"0 0 68 48\" width=\"100%\"><path class=\"ytp-large-play-button-bg\" d=\"M66.52,7.74c-0.78-2.93-2.49-5.41-5.42-6.19C55.79,.13,34,0,34,0S12.21,.13,6.9,1.55 C3.97,2.33,2.27,4.81,1.48,7.74C0.06,13.05,0,24,0,24s0.06,10.95,1.48,16.26c0.78,2.93,2.49,5.41,5.42,6.19 C12.21,47.87,34,48,34,48s21.79-0.13,27.1-1.55c2.93-0.78,4.64-3.26,5.42-6.19C67.94,34.95,68,24,68,24S67.94,13.05,66.52,7.74z\" fill=\"#f00\"><\/path><path d=\"M 45,24 27,14 27,34\" fill=\"#fff\"><\/path><\/svg><\/button><\/div><span itemprop=\"video\" itemscope itemtype=\"http:\/\/schema.org\/VideoObject\"><meta itemprop=\"embedUrl\" content=\"https:\/\/www.youtube.com\/embed\/fibHcJGXNxk\"><meta itemprop=\"name\" content=\"Laem Thian Dive Site Koh Tao in Thailand\"><meta itemprop=\"description\" content=\"Laem Thian dive site on the east coast of Koh Tao is an excellent location for scuba divers who want to experience diversity, marine life and a varied underwater topography. Location: East coast of Koh Tao Depth: 5m \u2013 35 metres Type of site: Lots of giant boulders, natural swim-throughs and unique topography Level: Open Water diver Conditions: Generally good if weather is ok Average Visibility: 10 -20m Located on the less developed east side of Koh Tao, Laem Thian offers scuba divers a fun filled two dives; Laem Thian Bay and Laem Thian Caves. Check out more of our dive sites: https:\/\/www.blackturtledive.com\/koh-tao-dive-sites\/laem-thian\/ Footage: \ud83d\ude4f\ud83c\udffb. \ud83c\udfac Wet Lens Images (https:\/\/www.youtube.com\/channel\/UCVB6Hza4P2ct7SgAo7I9n7g)\"><meta itemprop=\"thumbnailUrl\" content=\"https:\/\/i.ytimg.com\/vi\/fibHcJGXNxk\/0.jpg\"><meta itemprop=\"duration\" content=\"PT58S\"><meta itemprop=\"uploadDate\" content=\"2021-01-28T08:48:40Z\"><\/span>\n<h3>D\u00e9couvrez le site de plong\u00e9e de Laem Thian \u00e0 Koh Tao<\/h3>\n<p>Situ\u00e9 sur le c\u00f4t\u00e9 est moins d\u00e9velopp\u00e9 de Koh Tao, Laem Thian offre aux <a href=\"https:\/\/www.blackturtledive.com\/fun-diving-koh-tao\/\">plongeurs sous-marins<\/a> deux plong\u00e9es amusantes; la baie de Laem Thian et les grottes de Laem Thian.<\/p>\n<p>La baie de Laem Thian est situ\u00e9e du c\u00f4t\u00e9 sud de Laem Thian et ce <a href=\"https:\/\/www.blackturtledive.com\/koh-tao-dive-sites\/\">site de plong\u00e9e<\/a> peu profond convient aux plongeurs d\u00e9butants.<\/p>\n<p>Les grottes de Laem Thian dans la partie nord sont plus profondes, beaucoup plus aventureuses et parfaites pour les plongeurs qui souhaitent d\u00e9couvrir et explorer.<\/p>\n<h3>D\u00e9couvrir et explorer<\/h3>\n<p>Des grappes d&rsquo;\u00e9normes rochers composent le littoral le long de Laem Thian, formant une s\u00e9rie de travers\u00e9es, de cavernes et de grottes passionnantes sur le c\u00f4t\u00e9 nord du site, qui conviennent aux plongeurs plus exp\u00e9riment\u00e9s avec une meilleure <a href=\"https:\/\/www.blackturtledive.com\/padi-specialty-courses\/peak-performance-buoyancy\/\">flottabilit\u00e9<\/a>.<\/p>\n<p>Les grottes principales de Laem Thian sont \u00e0 plus de 20 m\u00e8tres et elles impliquent un peu de haut et de bas et le soleil p\u00e9n\u00e8tre \u00e0 travers les rochers g\u00e9ants en surplomb pour cr\u00e9er des visuels \u00e9poustouflants.<\/p>\n<p>Le c\u00f4t\u00e9 sud du site de plong\u00e9e commence par une plage, o\u00f9 il est possible de suivre une formation peu profonde dans le cadre de l&rsquo;exp\u00e9rience <a href=\"https:\/\/www.blackturtledive.com\/experience-programs\/padi-discover-scuba-diving\/\">Discover Scuba Diving<\/a> avant de passer \u00e0 une plong\u00e9e.<\/p>\n<figure id=\"attachment_3759\" aria-describedby=\"caption-attachment-3759\" style=\"width: 1100px\" class=\"wp-caption alignnone\"><img decoding=\"async\" class=\"size-full wp-image-3759\" src=\"https:\/\/www.blackturtledive.com\/wp-content\/uploads\/2021\/01\/blackturtledive.com-Laem-Thian-dive-site-koh-tao-blue-ringed-angelfish.jpg\" alt=\"Laem Thian Dive Site Koh Tao - Blue Ringed Angelfish\" width=\"1100\" height=\"619\" srcset=\"https:\/\/www.blackturtledive.com\/wp-content\/uploads\/2021\/01\/blackturtledive.com-Laem-Thian-dive-site-koh-tao-blue-ringed-angelfish.jpg 1100w, https:\/\/www.blackturtledive.com\/wp-content\/uploads\/2021\/01\/blackturtledive.com-Laem-Thian-dive-site-koh-tao-blue-ringed-angelfish-300x169.jpg 300w, https:\/\/www.blackturtledive.com\/wp-content\/uploads\/2021\/01\/blackturtledive.com-Laem-Thian-dive-site-koh-tao-blue-ringed-angelfish-1024x576.jpg 1024w, https:\/\/www.blackturtledive.com\/wp-content\/uploads\/2021\/01\/blackturtledive.com-Laem-Thian-dive-site-koh-tao-blue-ringed-angelfish-768x432.jpg 768w, https:\/\/www.blackturtledive.com\/wp-content\/uploads\/2021\/01\/blackturtledive.com-Laem-Thian-dive-site-koh-tao-blue-ringed-angelfish-150x84.jpg 150w\" sizes=\"(max-width: 1100px) 100vw, 1100px\" \/><figcaption id=\"caption-attachment-3759\" class=\"wp-caption-text\">Laem Thian Dive Site Koh Tao &#8211; Blue Ringed Angelfish<\/figcaption><\/figure>\n<h3><span style=\"color: #28d4ff;\">Deux sites de plong\u00e9e \u00e0 Laem Thian<br \/>\n<\/span><\/h3>\n<p>Les rochers ici sont recouverts de coraux durs et les profondeurs allant de 3 \u00e0 14 m\u00e8tres le rendent assez facile pour les d\u00e9butants.<\/p>\n<p>Il y a beaucoup de vie marine \u00e0 voir autour de la baie, y compris de grands bancs de <a href=\"https:\/\/www.blackturtledive.com\/koh-tao-marine-life\/yellow-tail-barracuda\/\">barracudas \u00e0 queue jaune<\/a>, de <a href=\"https:\/\/www.blackturtledive.com\/koh-tao-marine-life\/butterfly-fish\/\">poissons-papillons<\/a> et de couples de <a href=\"https:\/\/www.blackturtledive.com\/koh-tao-marine-life\/blue-ringed-angelfish\/\">poissons-anges aux anneaux bleus<\/a>.<\/p>\n<p>Gardez les yeux ouverts sur les <a href=\"https:\/\/www.blackturtledive.com\/koh-tao-marine-life\/white-eyed-moray-eel\/\">mur\u00e8nes<\/a> qui sortent la t\u00eate des rochers et regardez de pr\u00e8s pour voir les nudibranches et les limaces verruqueuses.<\/p>\n<figure id=\"attachment_3761\" aria-describedby=\"caption-attachment-3761\" style=\"width: 1100px\" class=\"wp-caption alignnone\"><img decoding=\"async\" class=\"size-full wp-image-3761\" src=\"https:\/\/www.blackturtledive.com\/wp-content\/uploads\/2021\/01\/blackturtledive.com-Laem-Thian-dive-site-koh-tao-scribbled-filefish.jpg\" alt=\"Laem Thian Dive Site Koh Tao - Scribbled Filefish\" width=\"1100\" height=\"619\" srcset=\"https:\/\/www.blackturtledive.com\/wp-content\/uploads\/2021\/01\/blackturtledive.com-Laem-Thian-dive-site-koh-tao-scribbled-filefish.jpg 1100w, https:\/\/www.blackturtledive.com\/wp-content\/uploads\/2021\/01\/blackturtledive.com-Laem-Thian-dive-site-koh-tao-scribbled-filefish-300x169.jpg 300w, https:\/\/www.blackturtledive.com\/wp-content\/uploads\/2021\/01\/blackturtledive.com-Laem-Thian-dive-site-koh-tao-scribbled-filefish-1024x576.jpg 1024w, https:\/\/www.blackturtledive.com\/wp-content\/uploads\/2021\/01\/blackturtledive.com-Laem-Thian-dive-site-koh-tao-scribbled-filefish-768x432.jpg 768w, https:\/\/www.blackturtledive.com\/wp-content\/uploads\/2021\/01\/blackturtledive.com-Laem-Thian-dive-site-koh-tao-scribbled-filefish-150x84.jpg 150w\" sizes=\"(max-width: 1100px) 100vw, 1100px\" \/><figcaption id=\"caption-attachment-3761\" class=\"wp-caption-text\">Laem Thian Dive Site Koh Tao &#8211; Scribbled Filefish<\/figcaption><\/figure>\n<h3>Laem Thian \u2013 Vie marine abondante<\/h3>\n<p>Ce qui rend le site de plong\u00e9e de Laem Thian passionnant, c&rsquo;est que vous pouvez voir la vie marine qui est relativement unique \u00e0 cet endroit de Koh Tao, comme le <a href=\"https:\/\/www.blackturtledive.com\/koh-tao-marine-life\/orange-spine-unicorn-fish\/\">poisson licorne \u00e0 \u00e9pine orange<\/a> et le poisson perroquet \u00e0 bosse.<\/p>\n<p>Vous verrez \u00e9galement plusieurs esp\u00e8ces de <a href=\"https:\/\/www.blackturtledive.com\/koh-tao-marine-life\/brown-marbled-grouper\/\">m\u00e9rous<\/a> \u00e0 Laem Thian, des sweetlips arlequins, <a href=\"https:\/\/www.blackturtledive.com\/koh-tao-marine-life\/tailfin-batfish\/\">des platax<\/a>, des cobias, <a href=\"https:\/\/www.blackturtledive.com\/koh-tao-marine-life\/titan-triggerfish\/\">des balistes titan<\/a> et des <a href=\"https:\/\/www.blackturtledive.com\/koh-tao-marine-life\/black-tip-reef-shark\/\">requins \u00e0 pointe noire de r\u00e9cif<\/a> lors de leur passage.<\/p>\n<p>Laem Thian n&rsquo;est pas le site le plus plong\u00e9 pour de nombreux plongeurs \u00e0 Koh Tao, ce qui n&rsquo;est qu&rsquo;une raison de plus pour visiter et explorer ce site de plong\u00e9e dynamique et diversifi\u00e9.<\/p>\n<figure id=\"attachment_3636\" aria-describedby=\"caption-attachment-3636\" style=\"width: 1100px\" class=\"wp-caption alignnone\"><img decoding=\"async\" class=\"size-full wp-image-3636\" src=\"https:\/\/www.blackturtledive.com\/wp-content\/uploads\/2021\/01\/blackturtledive.com-Laem-Thian-dive-site-koh-tao.jpg\" alt=\"Laem Thian Dive Site Koh Tao\" width=\"1100\" height=\"619\" srcset=\"https:\/\/www.blackturtledive.com\/wp-content\/uploads\/2021\/01\/blackturtledive.com-Laem-Thian-dive-site-koh-tao.jpg 1100w, https:\/\/www.blackturtledive.com\/wp-content\/uploads\/2021\/01\/blackturtledive.com-Laem-Thian-dive-site-koh-tao-300x169.jpg 300w, https:\/\/www.blackturtledive.com\/wp-content\/uploads\/2021\/01\/blackturtledive.com-Laem-Thian-dive-site-koh-tao-1024x576.jpg 1024w, https:\/\/www.blackturtledive.com\/wp-content\/uploads\/2021\/01\/blackturtledive.com-Laem-Thian-dive-site-koh-tao-768x432.jpg 768w, https:\/\/www.blackturtledive.com\/wp-content\/uploads\/2021\/01\/blackturtledive.com-Laem-Thian-dive-site-koh-tao-150x84.jpg 150w\" sizes=\"(max-width: 1100px) 100vw, 1100px\" \/><figcaption id=\"caption-attachment-3636\" class=\"wp-caption-text\">Laem Thian Dive Site Koh Tao<\/figcaption><\/figure>\n<p>[\/vc_column_text][\/vc_column][\/vc_row]<\/p>\n<\/div>","protected":false},"excerpt":{"rendered":"<p>Le site de plong\u00e9e de Laem Thian sur la c\u00f4te est de Koh Tao est un excellent endroit pour les plongeurs qui souhaitent d\u00e9couvrir la diversit\u00e9, la vie marine et une topographie sous-marine vari\u00e9e<\/p>\n","protected":false},"author":2,"featured_media":8676,"parent":8765,"menu_order":0,"comment_status":"closed","ping_status":"closed","template":"","meta":{"_acf_changed":false,"footnotes":""},"class_list":["post-8675","page","type-page","status-publish","has-post-thumbnail","hentry"],"acf":[],"yoast_head":"<!-- This site is optimized with the Yoast SEO Premium plugin v27.6 (Yoast SEO v27.6) - https:\/\/yoast.com\/product\/yoast-seo-premium-wordpress\/ -->\n<title>Site de plong\u00e9e Laem Thian Koh Tao | Black Turtle Dive<\/title>\n<meta name=\"description\" content=\"Le site de plong\u00e9e de Laem Thian sur la c\u00f4te est de Koh Tao est un excellent endroit pour les plongeurs qui souhaitent d\u00e9couvrir la diversit\u00e9, la vie marine et la topographie sous-marine vari\u00e9e\" \/>\n<meta name=\"robots\" content=\"index, follow, max-snippet:-1, max-image-preview:large, max-video-preview:-1\" \/>\n<link rel=\"canonical\" href=\"https:\/\/www.blackturtledive.com\/fr\/koh-tao-dive-sites\/laem-thian\/\" \/>\n<meta property=\"og:locale\" content=\"fr_FR\" \/>\n<meta property=\"og:type\" content=\"article\" \/>\n<meta property=\"og:title\" content=\"Laem Thian\" \/>\n<meta property=\"og:description\" content=\"Le site de plong\u00e9e de Laem Thian sur la c\u00f4te est de Koh Tao est un excellent endroit pour les plongeurs qui souhaitent d\u00e9couvrir la diversit\u00e9, la vie marine et la topographie sous-marine vari\u00e9e\" \/>\n<meta property=\"og:url\" content=\"https:\/\/www.blackturtledive.com\/fr\/koh-tao-dive-sites\/laem-thian\/\" \/>\n<meta property=\"og:site_name\" content=\"Black Turtle Dive Koh Tao\" \/>\n<meta property=\"article:publisher\" content=\"https:\/\/www.facebook.com\/blackturtledive\" \/>\n<meta property=\"article:modified_time\" content=\"2021-10-18T08:08:22+00:00\" \/>\n<meta property=\"og:image\" content=\"https:\/\/www.blackturtledive.com\/wp-content\/uploads\/2020\/11\/blackturtledive.com-best-padi-divemaster-course-koh-tao.jpg\" \/>\n\t<meta property=\"og:image:width\" content=\"1200\" \/>\n\t<meta property=\"og:image:height\" content=\"800\" \/>\n\t<meta property=\"og:image:type\" content=\"image\/jpeg\" \/>\n<meta name=\"twitter:card\" content=\"summary_large_image\" \/>\n<meta name=\"twitter:image\" content=\"https:\/\/www.blackturtledive.com\/wp-content\/uploads\/2020\/11\/blackturtledive.com-best-padi-divemaster-course-koh-tao.jpg\" \/>\n<meta name=\"twitter:site\" content=\"@blackturtledive\" \/>\n<meta name=\"twitter:label1\" content=\"Dur\u00e9e de lecture estim\u00e9e\" \/>\n\t<meta name=\"twitter:data1\" content=\"3 minutes\" \/>\n<!-- \/ Yoast SEO Premium plugin. -->","yoast_head_json":{"title":"Site de plong\u00e9e Laem Thian Koh Tao | Black Turtle Dive","description":"Le site de plong\u00e9e de Laem Thian sur la c\u00f4te est de Koh Tao est un excellent endroit pour les plongeurs qui souhaitent d\u00e9couvrir la diversit\u00e9, la vie marine et la topographie sous-marine vari\u00e9e","robots":{"index":"index","follow":"follow","max-snippet":"max-snippet:-1","max-image-preview":"max-image-preview:large","max-video-preview":"max-video-preview:-1"},"canonical":"https:\/\/www.blackturtledive.com\/fr\/koh-tao-dive-sites\/laem-thian\/","og_locale":"fr_FR","og_type":"article","og_title":"Laem Thian","og_description":"Le site de plong\u00e9e de Laem Thian sur la c\u00f4te est de Koh Tao est un excellent endroit pour les plongeurs qui souhaitent d\u00e9couvrir la diversit\u00e9, la vie marine et la topographie sous-marine vari\u00e9e","og_url":"https:\/\/www.blackturtledive.com\/fr\/koh-tao-dive-sites\/laem-thian\/","og_site_name":"Black Turtle Dive Koh Tao","article_publisher":"https:\/\/www.facebook.com\/blackturtledive","article_modified_time":"2021-10-18T08:08:22+00:00","og_image":[{"width":1200,"height":800,"url":"https:\/\/www.blackturtledive.com\/wp-content\/uploads\/2020\/11\/blackturtledive.com-best-padi-divemaster-course-koh-tao.jpg","type":"image\/jpeg"}],"twitter_card":"summary_large_image","twitter_image":"https:\/\/www.blackturtledive.com\/wp-content\/uploads\/2020\/11\/blackturtledive.com-best-padi-divemaster-course-koh-tao.jpg","twitter_site":"@blackturtledive","twitter_misc":{"Dur\u00e9e de lecture estim\u00e9e":"3 minutes"},"schema":{"@context":"https:\/\/schema.org","@graph":[{"@type":"WebPage","@id":"https:\/\/www.blackturtledive.com\/fr\/koh-tao-dive-sites\/laem-thian\/","url":"https:\/\/www.blackturtledive.com\/fr\/koh-tao-dive-sites\/laem-thian\/","name":"Site de plong\u00e9e Laem Thian Koh Tao | Black Turtle Dive","isPartOf":{"@id":"https:\/\/www.blackturtledive.com\/fr\/#website"},"primaryImageOfPage":{"@id":"https:\/\/www.blackturtledive.com\/fr\/koh-tao-dive-sites\/laem-thian\/#primaryimage"},"image":{"@id":"https:\/\/www.blackturtledive.com\/fr\/koh-tao-dive-sites\/laem-thian\/#primaryimage"},"thumbnailUrl":"https:\/\/www.blackturtledive.com\/wp-content\/uploads\/2021\/01\/blackturtledive.com-Laem-Thian-dive-site-koh-tao.jpg","datePublished":"2020-09-19T15:58:01+00:00","dateModified":"2021-10-18T08:08:22+00:00","description":"Le site de plong\u00e9e de Laem Thian sur la c\u00f4te est de Koh Tao est un excellent endroit pour les plongeurs qui souhaitent d\u00e9couvrir la diversit\u00e9, la vie marine et la topographie sous-marine vari\u00e9e","breadcrumb":{"@id":"https:\/\/www.blackturtledive.com\/fr\/koh-tao-dive-sites\/laem-thian\/#breadcrumb"},"inLanguage":"fr-FR","potentialAction":[{"@type":"ReadAction","target":["https:\/\/www.blackturtledive.com\/fr\/koh-tao-dive-sites\/laem-thian\/"]}]},{"@type":"ImageObject","inLanguage":"fr-FR","@id":"https:\/\/www.blackturtledive.com\/fr\/koh-tao-dive-sites\/laem-thian\/#primaryimage","url":"https:\/\/www.blackturtledive.com\/wp-content\/uploads\/2021\/01\/blackturtledive.com-Laem-Thian-dive-site-koh-tao.jpg","contentUrl":"https:\/\/www.blackturtledive.com\/wp-content\/uploads\/2021\/01\/blackturtledive.com-Laem-Thian-dive-site-koh-tao.jpg","width":1100,"height":619,"caption":"Laem Thian Dive Site Koh Tao"},{"@type":"BreadcrumbList","@id":"https:\/\/www.blackturtledive.com\/fr\/koh-tao-dive-sites\/laem-thian\/#breadcrumb","itemListElement":[{"@type":"ListItem","position":1,"name":"Home","item":"https:\/\/www.blackturtledive.com\/fr\/home\/"},{"@type":"ListItem","position":2,"name":"Sites de plong\u00e9e \u00e0 Koh Tao","item":"https:\/\/www.blackturtledive.com\/fr\/koh-tao-dive-sites\/"},{"@type":"ListItem","position":3,"name":"Laem Thian"}]},{"@type":"WebSite","@id":"https:\/\/www.blackturtledive.com\/fr\/#website","url":"https:\/\/www.blackturtledive.com\/fr\/","name":"Black Turtle Dive Koh Tao","description":"Ocean Explorers | Marine Protectors","publisher":{"@id":"https:\/\/www.blackturtledive.com\/fr\/#organization"},"alternateName":"Black Turtle Dive in Thailand","potentialAction":[{"@type":"SearchAction","target":{"@type":"EntryPoint","urlTemplate":"https:\/\/www.blackturtledive.com\/fr\/?s={search_term_string}"},"query-input":{"@type":"PropertyValueSpecification","valueRequired":true,"valueName":"search_term_string"}}],"inLanguage":"fr-FR"},{"@type":"Organization","@id":"https:\/\/www.blackturtledive.com\/fr\/#organization","name":"Black Turtle Dive Koh Tao","alternateName":"Black Turtle Dive","url":"https:\/\/www.blackturtledive.com\/fr\/","logo":{"@type":"ImageObject","inLanguage":"fr-FR","@id":"https:\/\/www.blackturtledive.com\/fr\/#\/schema\/logo\/image\/","url":"https:\/\/www.blackturtledive.com\/wp-content\/uploads\/2020\/11\/cropped-blackturtledive.com-brand-logo.png","contentUrl":"https:\/\/www.blackturtledive.com\/wp-content\/uploads\/2020\/11\/cropped-blackturtledive.com-brand-logo.png","width":400,"height":400,"caption":"Black Turtle Dive Koh Tao"},"image":{"@id":"https:\/\/www.blackturtledive.com\/fr\/#\/schema\/logo\/image\/"},"sameAs":["https:\/\/www.facebook.com\/blackturtledive","https:\/\/x.com\/blackturtledive","https:\/\/www.instagram.com\/blackturtledive\/","https:\/\/www.youtube.com\/blackturtledive","https:\/\/www.linkedin.com\/company\/blackturtledive\/","https:\/\/www.tumblr.com\/blackturtledive","https:\/\/www.pinterest.com\/blackturtledive\/","https:\/\/www.tiktok.com\/@blackturtledive","https:\/\/www.reddit.com\/user\/blackturtledive\/"],"description":"Black Turtle Dive is a modern and innovative 5 Star Career Development Scuba Diving Center, passionate about the ocean and through training we want to empower you to become a competent and confident scuba diver. Our diving courses equip you with the skills, knowledge and awareness necessary to explore the ocean safely, whilst becoming a passionate advocate and protector of the marine environment. If you have never dived before or are a certified diver and want to develop your skills further, our tailored, bespoke courses and programs will inspire you to become an Ocean advocate. Our scientific based Marine Conservation Internships and training programs, offer aspiring scuba divers and marine conservationists, the best marine conservation internships on Koh Tao. We currently offer students six levels of Marine Conservation Internships at our beachside location on Koh Tao in Thailand. Check out our website for more information.","email":"info@blackturtledive.com","telephone":"089 592 2134","legalName":"Black Turtle Dive Co Ltd","foundingDate":"2020-01-01","publishingPrinciples":"https:\/\/www.blackturtledive.com\/terms\/","ownershipFundingInfo":"https:\/\/www.blackturtledive.com\/terms\/","actionableFeedbackPolicy":"https:\/\/www.blackturtledive.com\/privacy-policy\/","correctionsPolicy":"https:\/\/www.blackturtledive.com\/privacy-policy\/","ethicsPolicy":"https:\/\/www.blackturtledive.com\/privacy-policy\/","diversityPolicy":"https:\/\/www.blackturtledive.com\/privacy-policy\/"}]}},"_links":{"self":[{"href":"https:\/\/www.blackturtledive.com\/fr\/wp-json\/wp\/v2\/pages\/8675","targetHints":{"allow":["GET"]}}],"collection":[{"href":"https:\/\/www.blackturtledive.com\/fr\/wp-json\/wp\/v2\/pages"}],"about":[{"href":"https:\/\/www.blackturtledive.com\/fr\/wp-json\/wp\/v2\/types\/page"}],"author":[{"embeddable":true,"href":"https:\/\/www.blackturtledive.com\/fr\/wp-json\/wp\/v2\/users\/2"}],"replies":[{"embeddable":true,"href":"https:\/\/www.blackturtledive.com\/fr\/wp-json\/wp\/v2\/comments?post=8675"}],"version-history":[{"count":0,"href":"https:\/\/www.blackturtledive.com\/fr\/wp-json\/wp\/v2\/pages\/8675\/revisions"}],"up":[{"embeddable":true,"href":"https:\/\/www.blackturtledive.com\/fr\/wp-json\/wp\/v2\/pages\/8765"}],"wp:featuredmedia":[{"embeddable":true,"href":"https:\/\/www.blackturtledive.com\/fr\/wp-json\/wp\/v2\/media\/8676"}],"wp:attachment":[{"href":"https:\/\/www.blackturtledive.com\/fr\/wp-json\/wp\/v2\/media?parent=8675"}],"curies":[{"name":"wp","href":"https:\/\/api.w.org\/{rel}","templated":true}]}}