{"id":8677,"date":"2020-09-19T22:57:08","date_gmt":"2020-09-19T15:57:08","guid":{"rendered":"https:\/\/www.blackturtledive.com\/junkyard-reef\/"},"modified":"2022-12-03T11:14:38","modified_gmt":"2022-12-03T04:14:38","slug":"junkyard-reef","status":"publish","type":"page","link":"https:\/\/www.blackturtledive.com\/fr\/koh-tao-dive-sites\/junkyard-reef\/","title":{"rendered":"Junkyard Reef"},"content":{"rendered":"<div class=\"wpb-content-wrapper\"><p>[vc_row][vc_column][vc_column_text]<\/p>\n<h3><span style=\"color: #28d4ff;\">En savoir plus sur le site de plong\u00e9e Junkyard Reef \u00e0 Koh Tao<br \/>\n<\/span><\/h3>\n<p>Le site de plong\u00e9e Junkyard Reef \u00e0 <a href=\"https:\/\/www.blackturtledive.com\/koh-tao\/\">Koh Tao<\/a> est un <a href=\"https:\/\/www.blackturtledive.com\/conservation\/marine-conservation-courses\/artificial-dive-sites\/\">site de plong\u00e9e artificiel<\/a> cr\u00e9\u00e9 pour la premi\u00e8re fois en 2006 et maintenant un site florissant pour les <a href=\"https:\/\/www.blackturtledive.com\/blog\/learn-to-dive-with-discover-scuba-diving\/\">plongeurs d\u00e9butants<\/a> et les programmes d&rsquo;\u00e9ducation \u00e0 la <a href=\"https:\/\/www.blackturtledive.com\/conservation\/marine-conservation-courses\/\">conservation marine<\/a>.<\/p>\n<ul>\n<li>Localisation : \u00e0 400 m\u00e8tres de la plage de Mae Haad<\/li>\n<li>Profondeur : 8m \u2013 12 m\u00e8tres<\/li>\n<li>Type de site : Site artificiel peu profond avec beaucoup de sable<\/li>\n<li>Niveau : Plongeur <a href=\"https:\/\/www.blackturtledive.com\/padi-diving-courses\/open-water-course\/\">Open Water<\/a><\/li>\n<li>Conditions : G\u00e9n\u00e9ralement calme et plat sauf mousson du sud-ouest<\/li>\n<li>Visibilit\u00e9 moyenne : 2-12m<\/li>\n<\/ul>\n<div  data-ep-a=\"fadeIn\"  id=\"_ytid_93986\"  width=\"640\" height=\"360\"  data-origwidth=\"640\" data-origheight=\"360\"  data-relstop=\"1\" data-facadesrc=\"https:\/\/www.youtube.com\/embed\/MdpUq6hDbL0?enablejsapi=1&origin=https:\/\/www.blackturtledive.com&autoplay=0&cc_load_policy=0&cc_lang_pref=&iv_load_policy=1&loop=0&rel=0&fs=1&playsinline=0&autohide=2&theme=dark&color=red&controls=1&disablekb=0&\" class=\"__youtube_prefs__ epyt-facade  no-lazyload\" data-epautoplay=\"1\" ><img decoding=\"async\" data-spai-excluded=\"true\" class=\"epyt-facade-poster skip-lazy\" loading=\"lazy\"  alt=\"Junkyard Reef Dive Site Koh Tao in Thailand\"  src=\"https:\/\/i.ytimg.com\/vi\/MdpUq6hDbL0\/maxresdefault.jpg\"  \/><button class=\"epyt-facade-play\" aria-label=\"Play\"><svg data-no-lazy=\"1\" height=\"100%\" version=\"1.1\" viewBox=\"0 0 68 48\" width=\"100%\"><path class=\"ytp-large-play-button-bg\" d=\"M66.52,7.74c-0.78-2.93-2.49-5.41-5.42-6.19C55.79,.13,34,0,34,0S12.21,.13,6.9,1.55 C3.97,2.33,2.27,4.81,1.48,7.74C0.06,13.05,0,24,0,24s0.06,10.95,1.48,16.26c0.78,2.93,2.49,5.41,5.42,6.19 C12.21,47.87,34,48,34,48s21.79-0.13,27.1-1.55c2.93-0.78,4.64-3.26,5.42-6.19C67.94,34.95,68,24,68,24S67.94,13.05,66.52,7.74z\" fill=\"#f00\"><\/path><path d=\"M 45,24 27,14 27,34\" fill=\"#fff\"><\/path><\/svg><\/button><\/div><span itemprop=\"video\" itemscope itemtype=\"http:\/\/schema.org\/VideoObject\"><meta itemprop=\"embedUrl\" content=\"https:\/\/www.youtube.com\/embed\/MdpUq6hDbL0\"><meta itemprop=\"name\" content=\"Junkyard Reef Dive Site Koh Tao in Thailand\"><meta itemprop=\"description\" content=\"Junkyard Reef dive site on Koh Tao is an Artificial dive site first created in 2006 and now a flourishing site for beginner divers and marine conservation education programs. Location: 400 metres from Mae Haad beach Depth: 8m \u2013 12 metres Type of site: Shallow Artificial site with lots of sand Level: Open Water diver Conditions: Generally Calm and Flat unless South West Monsoon Average Visibility: 2-12m Junkyard Reef project was first devised, planned and built by a local conservation group Eco Koh Tao in conjunction with Crystal Dive and the original concept was quite simple. Check out our dive sites: https:\/\/www.blackturtledive.com\/koh-tao-dive-sites\/junkyard-reef\/ Footage: \ud83d\ude4f\ud83c\udffb. \ud83c\udfac Wet Lens Images (https:\/\/www.youtube.com\/channel\/UCVB6Hza4P2ct7SgAo7I9n7g)\"><meta itemprop=\"thumbnailUrl\" content=\"https:\/\/i.ytimg.com\/vi\/MdpUq6hDbL0\/0.jpg\"><meta itemprop=\"duration\" content=\"PT57S\"><meta itemprop=\"uploadDate\" content=\"2021-01-28T08:01:06Z\"><\/span>\n<h3>D\u00e9couvrez le site de plong\u00e9e Junkyard Reef Koh Tao<\/h3>\n<p>Le projet Junkyard Reef a d&rsquo;abord \u00e9t\u00e9 con\u00e7u, planifi\u00e9 et construit par notre marque partenaire de conservation marine <span style=\"color: #28d4ff;\">Eco Koh Tao<\/span> et le concept original \u00e9tait assez simple.<\/p>\n<p>Tous les mat\u00e9riaux ind\u00e9sirables appropri\u00e9s pour cr\u00e9er un r\u00e9cif artificiel ont \u00e9t\u00e9 donn\u00e9s et organis\u00e9s dans une zone qui avait \u00e9t\u00e9 d\u00e9sign\u00e9e pour attirer et maintenir la <a href=\"https:\/\/www.blackturtledive.com\/koh-tao-marine-life\/\">vie marine<\/a>.<\/p>\n<p>Plusieurs entreprises locales, dont un gymnase, ont fait don d&rsquo;\u00e9quipements et de mat\u00e9riel de gymnastique anciens ou ind\u00e9sirables.<\/p>\n<figure id=\"attachment_3750\" aria-describedby=\"caption-attachment-3750\" style=\"width: 1100px\" class=\"wp-caption alignnone\"><img decoding=\"async\" class=\"size-full wp-image-3750\" src=\"https:\/\/www.blackturtledive.com\/wp-content\/uploads\/2021\/01\/blackturtledive.com-junkyard-reef-artificial-dive-site-koh-tao-black-spotted-porcupine-fish.jpg\" alt=\"Junkyard Reef Dive Site Koh Tao - Black Spotted Porcupine Fish\" width=\"1100\" height=\"619\" srcset=\"https:\/\/www.blackturtledive.com\/wp-content\/uploads\/2021\/01\/blackturtledive.com-junkyard-reef-artificial-dive-site-koh-tao-black-spotted-porcupine-fish.jpg 1100w, https:\/\/www.blackturtledive.com\/wp-content\/uploads\/2021\/01\/blackturtledive.com-junkyard-reef-artificial-dive-site-koh-tao-black-spotted-porcupine-fish-300x169.jpg 300w, https:\/\/www.blackturtledive.com\/wp-content\/uploads\/2021\/01\/blackturtledive.com-junkyard-reef-artificial-dive-site-koh-tao-black-spotted-porcupine-fish-1024x576.jpg 1024w, https:\/\/www.blackturtledive.com\/wp-content\/uploads\/2021\/01\/blackturtledive.com-junkyard-reef-artificial-dive-site-koh-tao-black-spotted-porcupine-fish-768x432.jpg 768w, https:\/\/www.blackturtledive.com\/wp-content\/uploads\/2021\/01\/blackturtledive.com-junkyard-reef-artificial-dive-site-koh-tao-black-spotted-porcupine-fish-150x84.jpg 150w\" sizes=\"(max-width: 1100px) 100vw, 1100px\" \/><figcaption id=\"caption-attachment-3750\" class=\"wp-caption-text\">Junkyard Reef Dive Site Koh Tao &#8211; Black Spotted Porcupine Fish<\/figcaption><\/figure>\n<h3>Site de plong\u00e9e artificiel \u2013 Junkyard Reef<\/h3>\n<p>Au fil du temps, le site de plong\u00e9e artificiel s&rsquo;est agrandi avec des structures en acier artificielles, des p\u00e9pini\u00e8res de coraux, des l\u00e2chers de palourdes g\u00e9antes et divers programmes de propagation de coraux ont \u00e9t\u00e9 lanc\u00e9s.<\/p>\n<p>Le site de plong\u00e9e artificiel existant abrite d\u00e9sormais une vie marine incroyablement diversifi\u00e9e et abondante et abrite une multitude d&rsquo;esp\u00e8ces diff\u00e9rentes.<\/p>\n<p>Vous verrez de nombreux poissons de r\u00e9cif, notamment le poisson-lapin tachet\u00e9 jaune, le <a href=\"https:\/\/www.blackturtledive.com\/koh-tao-marine-life\/butterfly-fish\/\">poisson-papillon<\/a> \u00e0 bandes de cuivre, le <a href=\"https:\/\/www.blackturtledive.com\/koh-tao-marine-life\/tailfin-batfish\/\">poisson chauve-souris<\/a>, le poisson-globe porc-\u00e9pic masqu\u00e9 et le <a href=\"https:\/\/www.blackturtledive.com\/koh-tao-marine-life\/saddleback-clownfish-sea-anemone\/\">poisson-clown \u00e0 dos de selle<\/a>.<\/p>\n<p>Il y a m\u00eame deux <a href=\"https:\/\/www.blackturtledive.com\/koh-tao-marine-life\/red-lion-fish\/\">poissons-lions<\/a> r\u00e9sidents \u00e0 Junkyard Reef et un <a href=\"https:\/\/www.blackturtledive.com\/koh-tao-marine-life\/yellow-margin-triggerfish\/\">baliste<\/a>.<\/p>\n<figure id=\"attachment_3752\" aria-describedby=\"caption-attachment-3752\" style=\"width: 1100px\" class=\"wp-caption alignnone\"><img decoding=\"async\" class=\"size-full wp-image-3752\" src=\"https:\/\/www.blackturtledive.com\/wp-content\/uploads\/2021\/01\/blackturtledive.com-junkyard-reef-artificial-dive-site-koh-tao-saddelback-clownfish.jpg\" alt=\"Junkyard Reef Dive Site Koh Tao - Saddleback Clownfish\" width=\"1100\" height=\"619\" srcset=\"https:\/\/www.blackturtledive.com\/wp-content\/uploads\/2021\/01\/blackturtledive.com-junkyard-reef-artificial-dive-site-koh-tao-saddelback-clownfish.jpg 1100w, https:\/\/www.blackturtledive.com\/wp-content\/uploads\/2021\/01\/blackturtledive.com-junkyard-reef-artificial-dive-site-koh-tao-saddelback-clownfish-300x169.jpg 300w, https:\/\/www.blackturtledive.com\/wp-content\/uploads\/2021\/01\/blackturtledive.com-junkyard-reef-artificial-dive-site-koh-tao-saddelback-clownfish-1024x576.jpg 1024w, https:\/\/www.blackturtledive.com\/wp-content\/uploads\/2021\/01\/blackturtledive.com-junkyard-reef-artificial-dive-site-koh-tao-saddelback-clownfish-768x432.jpg 768w, https:\/\/www.blackturtledive.com\/wp-content\/uploads\/2021\/01\/blackturtledive.com-junkyard-reef-artificial-dive-site-koh-tao-saddelback-clownfish-150x84.jpg 150w\" sizes=\"(max-width: 1100px) 100vw, 1100px\" \/><figcaption id=\"caption-attachment-3752\" class=\"wp-caption-text\">Junkyard Reef Dive Site Koh Tao &#8211; Saddleback Clownfish<\/figcaption><\/figure>\n<h3><span style=\"color: #28d4ff;\">Diversit\u00e9 de la vie marine et restauration des coraux<br \/>\n<\/span><\/h3>\n<p>Le site de plong\u00e9e Junkyard Reef est le r\u00eave des \u00e9cologistes avec des greffes de corail magnifiquement positionn\u00e9es sur des structures en acier soutenant un \u00e9cosyst\u00e8me marin dynamique.<\/p>\n<p>Junkyard Reef est un excellent exemple de redonner quelque chose \u00e0 la nature et c&rsquo;est \u00e9galement un <a href=\"https:\/\/www.blackturtledive.com\/koh-tao-dive-sites\/\">site de plong\u00e9e<\/a> fascinant pour tous les <a href=\"https:\/\/www.blackturtledive.com\/padi-diving-courses\/\">plongeurs<\/a> afin de d\u00e9couvrir un excellent exemple de ce qui peut \u00eatre r\u00e9alis\u00e9 gr\u00e2ce \u00e0 la motivation, l&rsquo;\u00e9ducation et l&rsquo;action communautaire.<\/p>\n<p>Junkyard est populaire pour les plong\u00e9es d&rsquo;entra\u00eenement et offre beaucoup de sable mou autour du p\u00e9rim\u00e8tre du <a href=\"https:\/\/www.blackturtledive.com\/blog\/10-interesting-facts-about-koh-tao-dive-sites\/\">site de plong\u00e9e<\/a> qui facilite cela.<\/p>\n<p>Il est \u00e9tonnant de voir autant de <a href=\"https:\/\/www.blackturtledive.com\/fr\/\">centres de plong\u00e9e \u00e0 Koh Tao<\/a> utiliser r\u00e9guli\u00e8rement ce site de plong\u00e9e et il a consid\u00e9rablement \u00e9volu\u00e9 depuis 2006, alors qu&rsquo;il n&rsquo;\u00e9tait qu&rsquo;une plaque de sable entre le r\u00e9cif.<\/p>\n<figure id=\"attachment_3754\" aria-describedby=\"caption-attachment-3754\" style=\"width: 1100px\" class=\"wp-caption alignnone\"><img decoding=\"async\" class=\"size-full wp-image-3754\" src=\"https:\/\/www.blackturtledive.com\/wp-content\/uploads\/2021\/01\/blackturtledive.com-junkyard-reef-artificial-dive-site-koh-tao-yellow-margin-triggerfish.jpg\" alt=\"Junkyard Reef Dive Site Koh Tao - Yellow Margin Triggerfish\" width=\"1100\" height=\"619\" srcset=\"https:\/\/www.blackturtledive.com\/wp-content\/uploads\/2021\/01\/blackturtledive.com-junkyard-reef-artificial-dive-site-koh-tao-yellow-margin-triggerfish.jpg 1100w, https:\/\/www.blackturtledive.com\/wp-content\/uploads\/2021\/01\/blackturtledive.com-junkyard-reef-artificial-dive-site-koh-tao-yellow-margin-triggerfish-300x169.jpg 300w, https:\/\/www.blackturtledive.com\/wp-content\/uploads\/2021\/01\/blackturtledive.com-junkyard-reef-artificial-dive-site-koh-tao-yellow-margin-triggerfish-1024x576.jpg 1024w, https:\/\/www.blackturtledive.com\/wp-content\/uploads\/2021\/01\/blackturtledive.com-junkyard-reef-artificial-dive-site-koh-tao-yellow-margin-triggerfish-768x432.jpg 768w, https:\/\/www.blackturtledive.com\/wp-content\/uploads\/2021\/01\/blackturtledive.com-junkyard-reef-artificial-dive-site-koh-tao-yellow-margin-triggerfish-150x84.jpg 150w\" sizes=\"(max-width: 1100px) 100vw, 1100px\" \/><figcaption id=\"caption-attachment-3754\" class=\"wp-caption-text\">Junkyard Reef Dive Site Koh Tao &#8211; Yellow Margin Triggerfish<\/figcaption><\/figure>\n<p>[\/vc_column_text][\/vc_column][\/vc_row]<\/p>\n<\/div>","protected":false},"excerpt":{"rendered":"<p>Le site de plong\u00e9e Junkyard Reef \u00e0 Koh Tao est un site de plong\u00e9e artificiel cr\u00e9\u00e9 en 2006 et maintenant un site florissant pour les plongeurs d\u00e9butants et pour l&rsquo;\u00e9ducation \u00e0 la conservation<\/p>\n","protected":false},"author":2,"featured_media":8678,"parent":8765,"menu_order":0,"comment_status":"closed","ping_status":"closed","template":"","meta":{"_acf_changed":false,"footnotes":""},"class_list":["post-8677","page","type-page","status-publish","has-post-thumbnail","hentry"],"acf":[],"yoast_head":"<!-- This site is optimized with the Yoast SEO Premium plugin v27.6 (Yoast SEO v27.6) - https:\/\/yoast.com\/product\/yoast-seo-premium-wordpress\/ -->\n<title>Site de plong\u00e9e Junkyard Reef Koh Tao | Black Turtle Dive<\/title>\n<meta name=\"description\" content=\"Le site de plong\u00e9e Junkyard Reef \u00e0 Koh Tao est un site de plong\u00e9e artificiel cr\u00e9\u00e9 en 2006 et maintenant un site florissant pour les plongeurs d\u00e9butants et l&#039;\u00e9ducation \u00e0 la conservation\" \/>\n<meta name=\"robots\" content=\"index, follow, max-snippet:-1, max-image-preview:large, max-video-preview:-1\" \/>\n<link rel=\"canonical\" href=\"https:\/\/www.blackturtledive.com\/fr\/koh-tao-dive-sites\/junkyard-reef\/\" \/>\n<meta property=\"og:locale\" content=\"fr_FR\" \/>\n<meta property=\"og:type\" content=\"article\" \/>\n<meta property=\"og:title\" content=\"Junkyard Reef\" \/>\n<meta property=\"og:description\" content=\"Le site de plong\u00e9e Junkyard Reef \u00e0 Koh Tao est un site de plong\u00e9e artificiel cr\u00e9\u00e9 en 2006 et maintenant un site florissant pour les plongeurs d\u00e9butants et l&#039;\u00e9ducation \u00e0 la conservation\" \/>\n<meta property=\"og:url\" content=\"https:\/\/www.blackturtledive.com\/fr\/koh-tao-dive-sites\/junkyard-reef\/\" \/>\n<meta property=\"og:site_name\" content=\"Black Turtle Dive Koh Tao\" \/>\n<meta property=\"article:publisher\" content=\"https:\/\/www.facebook.com\/blackturtledive\" \/>\n<meta property=\"article:modified_time\" content=\"2022-12-03T04:14:38+00:00\" \/>\n<meta property=\"og:image\" content=\"https:\/\/www.blackturtledive.com\/wp-content\/uploads\/2020\/11\/blackturtledive.com-best-padi-divemaster-course-koh-tao.jpg\" \/>\n\t<meta property=\"og:image:width\" content=\"1200\" \/>\n\t<meta property=\"og:image:height\" content=\"800\" \/>\n\t<meta property=\"og:image:type\" content=\"image\/jpeg\" \/>\n<meta name=\"twitter:card\" content=\"summary_large_image\" \/>\n<meta name=\"twitter:image\" content=\"https:\/\/www.blackturtledive.com\/wp-content\/uploads\/2020\/11\/blackturtledive.com-best-padi-divemaster-course-koh-tao.jpg\" \/>\n<meta name=\"twitter:site\" content=\"@blackturtledive\" \/>\n<meta name=\"twitter:label1\" content=\"Dur\u00e9e de lecture estim\u00e9e\" \/>\n\t<meta name=\"twitter:data1\" content=\"3 minutes\" \/>\n<!-- \/ Yoast SEO Premium plugin. -->","yoast_head_json":{"title":"Site de plong\u00e9e Junkyard Reef Koh Tao | Black Turtle Dive","description":"Le site de plong\u00e9e Junkyard Reef \u00e0 Koh Tao est un site de plong\u00e9e artificiel cr\u00e9\u00e9 en 2006 et maintenant un site florissant pour les plongeurs d\u00e9butants et l'\u00e9ducation \u00e0 la conservation","robots":{"index":"index","follow":"follow","max-snippet":"max-snippet:-1","max-image-preview":"max-image-preview:large","max-video-preview":"max-video-preview:-1"},"canonical":"https:\/\/www.blackturtledive.com\/fr\/koh-tao-dive-sites\/junkyard-reef\/","og_locale":"fr_FR","og_type":"article","og_title":"Junkyard Reef","og_description":"Le site de plong\u00e9e Junkyard Reef \u00e0 Koh Tao est un site de plong\u00e9e artificiel cr\u00e9\u00e9 en 2006 et maintenant un site florissant pour les plongeurs d\u00e9butants et l'\u00e9ducation \u00e0 la conservation","og_url":"https:\/\/www.blackturtledive.com\/fr\/koh-tao-dive-sites\/junkyard-reef\/","og_site_name":"Black Turtle Dive Koh Tao","article_publisher":"https:\/\/www.facebook.com\/blackturtledive","article_modified_time":"2022-12-03T04:14:38+00:00","og_image":[{"width":1200,"height":800,"url":"https:\/\/www.blackturtledive.com\/wp-content\/uploads\/2020\/11\/blackturtledive.com-best-padi-divemaster-course-koh-tao.jpg","type":"image\/jpeg"}],"twitter_card":"summary_large_image","twitter_image":"https:\/\/www.blackturtledive.com\/wp-content\/uploads\/2020\/11\/blackturtledive.com-best-padi-divemaster-course-koh-tao.jpg","twitter_site":"@blackturtledive","twitter_misc":{"Dur\u00e9e de lecture estim\u00e9e":"3 minutes"},"schema":{"@context":"https:\/\/schema.org","@graph":[{"@type":"WebPage","@id":"https:\/\/www.blackturtledive.com\/fr\/koh-tao-dive-sites\/junkyard-reef\/","url":"https:\/\/www.blackturtledive.com\/fr\/koh-tao-dive-sites\/junkyard-reef\/","name":"Site de plong\u00e9e Junkyard Reef Koh Tao | Black Turtle Dive","isPartOf":{"@id":"https:\/\/www.blackturtledive.com\/fr\/#website"},"primaryImageOfPage":{"@id":"https:\/\/www.blackturtledive.com\/fr\/koh-tao-dive-sites\/junkyard-reef\/#primaryimage"},"image":{"@id":"https:\/\/www.blackturtledive.com\/fr\/koh-tao-dive-sites\/junkyard-reef\/#primaryimage"},"thumbnailUrl":"https:\/\/www.blackturtledive.com\/wp-content\/uploads\/2021\/01\/blackturtledive.com-junkyard-reef-artificial-dive-site-koh-tao-batfish.jpg","datePublished":"2020-09-19T15:57:08+00:00","dateModified":"2022-12-03T04:14:38+00:00","description":"Le site de plong\u00e9e Junkyard Reef \u00e0 Koh Tao est un site de plong\u00e9e artificiel cr\u00e9\u00e9 en 2006 et maintenant un site florissant pour les plongeurs d\u00e9butants et l'\u00e9ducation \u00e0 la conservation","breadcrumb":{"@id":"https:\/\/www.blackturtledive.com\/fr\/koh-tao-dive-sites\/junkyard-reef\/#breadcrumb"},"inLanguage":"fr-FR","potentialAction":[{"@type":"ReadAction","target":["https:\/\/www.blackturtledive.com\/fr\/koh-tao-dive-sites\/junkyard-reef\/"]}]},{"@type":"ImageObject","inLanguage":"fr-FR","@id":"https:\/\/www.blackturtledive.com\/fr\/koh-tao-dive-sites\/junkyard-reef\/#primaryimage","url":"https:\/\/www.blackturtledive.com\/wp-content\/uploads\/2021\/01\/blackturtledive.com-junkyard-reef-artificial-dive-site-koh-tao-batfish.jpg","contentUrl":"https:\/\/www.blackturtledive.com\/wp-content\/uploads\/2021\/01\/blackturtledive.com-junkyard-reef-artificial-dive-site-koh-tao-batfish.jpg","width":1100,"height":619,"caption":"Junkyard Reef Dive Site Koh Tao"},{"@type":"BreadcrumbList","@id":"https:\/\/www.blackturtledive.com\/fr\/koh-tao-dive-sites\/junkyard-reef\/#breadcrumb","itemListElement":[{"@type":"ListItem","position":1,"name":"Home","item":"https:\/\/www.blackturtledive.com\/fr\/home\/"},{"@type":"ListItem","position":2,"name":"Sites de plong\u00e9e \u00e0 Koh Tao","item":"https:\/\/www.blackturtledive.com\/fr\/koh-tao-dive-sites\/"},{"@type":"ListItem","position":3,"name":"Junkyard Reef"}]},{"@type":"WebSite","@id":"https:\/\/www.blackturtledive.com\/fr\/#website","url":"https:\/\/www.blackturtledive.com\/fr\/","name":"Black Turtle Dive Koh Tao","description":"Ocean Explorers | Marine Protectors","publisher":{"@id":"https:\/\/www.blackturtledive.com\/fr\/#organization"},"alternateName":"Black Turtle Dive in Thailand","potentialAction":[{"@type":"SearchAction","target":{"@type":"EntryPoint","urlTemplate":"https:\/\/www.blackturtledive.com\/fr\/?s={search_term_string}"},"query-input":{"@type":"PropertyValueSpecification","valueRequired":true,"valueName":"search_term_string"}}],"inLanguage":"fr-FR"},{"@type":"Organization","@id":"https:\/\/www.blackturtledive.com\/fr\/#organization","name":"Black Turtle Dive Koh Tao","alternateName":"Black Turtle Dive","url":"https:\/\/www.blackturtledive.com\/fr\/","logo":{"@type":"ImageObject","inLanguage":"fr-FR","@id":"https:\/\/www.blackturtledive.com\/fr\/#\/schema\/logo\/image\/","url":"https:\/\/www.blackturtledive.com\/wp-content\/uploads\/2020\/11\/cropped-blackturtledive.com-brand-logo.png","contentUrl":"https:\/\/www.blackturtledive.com\/wp-content\/uploads\/2020\/11\/cropped-blackturtledive.com-brand-logo.png","width":400,"height":400,"caption":"Black Turtle Dive Koh Tao"},"image":{"@id":"https:\/\/www.blackturtledive.com\/fr\/#\/schema\/logo\/image\/"},"sameAs":["https:\/\/www.facebook.com\/blackturtledive","https:\/\/x.com\/blackturtledive","https:\/\/www.instagram.com\/blackturtledive\/","https:\/\/www.youtube.com\/blackturtledive","https:\/\/www.linkedin.com\/company\/blackturtledive\/","https:\/\/www.tumblr.com\/blackturtledive","https:\/\/www.pinterest.com\/blackturtledive\/","https:\/\/www.tiktok.com\/@blackturtledive","https:\/\/www.reddit.com\/user\/blackturtledive\/"],"description":"Black Turtle Dive is a modern and innovative 5 Star Career Development Scuba Diving Center, passionate about the ocean and through training we want to empower you to become a competent and confident scuba diver. Our diving courses equip you with the skills, knowledge and awareness necessary to explore the ocean safely, whilst becoming a passionate advocate and protector of the marine environment. If you have never dived before or are a certified diver and want to develop your skills further, our tailored, bespoke courses and programs will inspire you to become an Ocean advocate. Our scientific based Marine Conservation Internships and training programs, offer aspiring scuba divers and marine conservationists, the best marine conservation internships on Koh Tao. We currently offer students six levels of Marine Conservation Internships at our beachside location on Koh Tao in Thailand. Check out our website for more information.","email":"info@blackturtledive.com","telephone":"089 592 2134","legalName":"Black Turtle Dive Co Ltd","foundingDate":"2020-01-01","publishingPrinciples":"https:\/\/www.blackturtledive.com\/terms\/","ownershipFundingInfo":"https:\/\/www.blackturtledive.com\/terms\/","actionableFeedbackPolicy":"https:\/\/www.blackturtledive.com\/privacy-policy\/","correctionsPolicy":"https:\/\/www.blackturtledive.com\/privacy-policy\/","ethicsPolicy":"https:\/\/www.blackturtledive.com\/privacy-policy\/","diversityPolicy":"https:\/\/www.blackturtledive.com\/privacy-policy\/"}]}},"_links":{"self":[{"href":"https:\/\/www.blackturtledive.com\/fr\/wp-json\/wp\/v2\/pages\/8677","targetHints":{"allow":["GET"]}}],"collection":[{"href":"https:\/\/www.blackturtledive.com\/fr\/wp-json\/wp\/v2\/pages"}],"about":[{"href":"https:\/\/www.blackturtledive.com\/fr\/wp-json\/wp\/v2\/types\/page"}],"author":[{"embeddable":true,"href":"https:\/\/www.blackturtledive.com\/fr\/wp-json\/wp\/v2\/users\/2"}],"replies":[{"embeddable":true,"href":"https:\/\/www.blackturtledive.com\/fr\/wp-json\/wp\/v2\/comments?post=8677"}],"version-history":[{"count":0,"href":"https:\/\/www.blackturtledive.com\/fr\/wp-json\/wp\/v2\/pages\/8677\/revisions"}],"up":[{"embeddable":true,"href":"https:\/\/www.blackturtledive.com\/fr\/wp-json\/wp\/v2\/pages\/8765"}],"wp:featuredmedia":[{"embeddable":true,"href":"https:\/\/www.blackturtledive.com\/fr\/wp-json\/wp\/v2\/media\/8678"}],"wp:attachment":[{"href":"https:\/\/www.blackturtledive.com\/fr\/wp-json\/wp\/v2\/media?parent=8677"}],"curies":[{"name":"wp","href":"https:\/\/api.w.org\/{rel}","templated":true}]}}