{"id":8695,"date":"2020-09-19T22:56:02","date_gmt":"2020-09-19T15:56:02","guid":{"rendered":"https:\/\/www.blackturtledive.com\/pottery-pinnacle\/"},"modified":"2021-10-18T15:08:22","modified_gmt":"2021-10-18T08:08:22","slug":"pottery-pinnacle","status":"publish","type":"page","link":"https:\/\/www.blackturtledive.com\/fr\/koh-tao-dive-sites\/pottery-pinnacle\/","title":{"rendered":"Pottery Pinnacle"},"content":{"rendered":"<div class=\"wpb-content-wrapper\"><p>[vc_row][vc_column][vc_column_text]<\/p>\n<h3><span style=\"color: #28d4ff;\">En savoir plus sur le site de plong\u00e9e Pottery Pinnacles \u00e0 Koh Tao<br \/>\n<\/span><\/h3>\n<p>Les sites de plong\u00e9e Pottery Pinnacle &amp; Three Rocks \u00e0 <a href=\"https:\/\/www.blackturtledive.com\/koh-tao\/\">Koh Tao<\/a> sont situ\u00e9s dans la partie sud de la baie de Mae Haad et offrent aux <a href=\"https:\/\/www.blackturtledive.com\/padi-diving-courses\/\">plongeurs<\/a> une <a href=\"https:\/\/www.blackturtledive.com\/koh-tao-marine-life\/\">vie marine<\/a> diversifi\u00e9e dans une baie peu profonde.<\/p>\n<ul>\n<li>Localisation : Baie de Mae Haad (<em>\u00e0 500 m\u00e8tres de la baie de Jansom \u00e0 800 m\u00e8tres de la plage de Mae Haad<\/em>)<\/li>\n<li>Profondeur : 3 \u2013 12 m\u00e8tres<\/li>\n<li>Type de site : Pinacles rocheux<\/li>\n<li>Niveau : Plongeur <a href=\"https:\/\/www.blackturtledive.com\/padi-diving-courses\/open-water-course\/\">Open Water<\/a><\/li>\n<li>Conditions : La visibilit\u00e9 peut \u00eatre mauvaise<\/li>\n<li>Visibilit\u00e9 moyenne : 2-10 m\u00e8tres<\/li>\n<\/ul>\n<div  data-ep-a=\"fadeIn\"  id=\"_ytid_45885\"  width=\"640\" height=\"360\"  data-origwidth=\"640\" data-origheight=\"360\"  data-relstop=\"1\" data-facadesrc=\"https:\/\/www.youtube.com\/embed\/y6QFnOhiUJs?enablejsapi=1&origin=https:\/\/www.blackturtledive.com&autoplay=0&cc_load_policy=0&cc_lang_pref=&iv_load_policy=1&loop=0&rel=0&fs=1&playsinline=0&autohide=2&theme=dark&color=red&controls=1&disablekb=0&\" class=\"__youtube_prefs__ epyt-facade  no-lazyload\" data-epautoplay=\"1\" ><img decoding=\"async\" data-spai-excluded=\"true\" class=\"epyt-facade-poster skip-lazy\" loading=\"lazy\"  alt=\"Pottery Pinnacle &amp; Three Rocks Dive Sites Koh Tao in Thailand\"  src=\"https:\/\/i.ytimg.com\/vi\/y6QFnOhiUJs\/maxresdefault.jpg\"  \/><button class=\"epyt-facade-play\" aria-label=\"Play\"><svg data-no-lazy=\"1\" height=\"100%\" version=\"1.1\" viewBox=\"0 0 68 48\" width=\"100%\"><path class=\"ytp-large-play-button-bg\" d=\"M66.52,7.74c-0.78-2.93-2.49-5.41-5.42-6.19C55.79,.13,34,0,34,0S12.21,.13,6.9,1.55 C3.97,2.33,2.27,4.81,1.48,7.74C0.06,13.05,0,24,0,24s0.06,10.95,1.48,16.26c0.78,2.93,2.49,5.41,5.42,6.19 C12.21,47.87,34,48,34,48s21.79-0.13,27.1-1.55c2.93-0.78,4.64-3.26,5.42-6.19C67.94,34.95,68,24,68,24S67.94,13.05,66.52,7.74z\" fill=\"#f00\"><\/path><path d=\"M 45,24 27,14 27,34\" fill=\"#fff\"><\/path><\/svg><\/button><\/div><span itemprop=\"video\" itemscope itemtype=\"http:\/\/schema.org\/VideoObject\"><meta itemprop=\"embedUrl\" content=\"https:\/\/www.youtube.com\/embed\/y6QFnOhiUJs\"><meta itemprop=\"name\" content=\"Pottery Pinnacle &amp; Three Rocks Dive Sites Koh Tao in Thailand\"><meta itemprop=\"description\" content=\"Pottery Pinnacle &amp; Three Rocks dive sites on Koh Tao are located on the southern part of Mae Haad bay and provide scuba divers with diverse marine life in a shallow bay. Location: Mae Haad Bay (500 metres outside Jansom bay 800 metres from Mae Haad beach) Depth: 3 \u2013 12 metres Type of site: Rock Pinnacles Level: Open Water diver Conditions: Visibility can be poor Average Visibility: 2-10 metres A relatively small and often overlooked dive site, Pottery Pinnacle is located 200 metres outside Jansom bay and approximately 800 metres from Mae Haad (south) beach. Check out more dive sites: https:\/\/www.blackturtledive.com\/koh-tao-dive-sites\/pottery-pinnacle\/ Footage: \ud83d\ude4f\ud83c\udffb. \ud83c\udfac Wet Lens Images (https:\/\/www.youtube.com\/channel\/UCVB6Hza4P2ct7SgAo7I9n7g)\"><meta itemprop=\"thumbnailUrl\" content=\"https:\/\/i.ytimg.com\/vi\/y6QFnOhiUJs\/0.jpg\"><meta itemprop=\"duration\" content=\"PT58S\"><meta itemprop=\"uploadDate\" content=\"2021-01-28T14:07:52Z\"><\/span>\n<h3>Koh Tao &#8211; Site de plong\u00e9e Pottery Pinnacle<\/h3>\n<p>Site de plong\u00e9e relativement petit et souvent n\u00e9glig\u00e9, Pottery Pinnacle est situ\u00e9 \u00e0 200 m\u00e8tres de la baie de Jansom et \u00e0 environ 800 m\u00e8tres de la plage de Mae Haad (sud).<\/p>\n<p>Pottery Pinnacle est populaire pour les plongeurs de nuit en raison de sa proximit\u00e9 avec la jet\u00e9e et de la pr\u00e9sence potentielle de bioluminescence.<\/p>\n<p>Pottery Pinnacle est une s\u00e9rie de petits pinacles rocheux juste sous la surface recouverts principalement de coraux durs, d&rsquo;oursins et de concombres de mer marbr\u00e9s.<\/p>\n<figure id=\"attachment_3782\" aria-describedby=\"caption-attachment-3782\" style=\"width: 1100px\" class=\"wp-caption alignnone\"><img decoding=\"async\" class=\"size-full wp-image-3782\" src=\"https:\/\/www.blackturtledive.com\/wp-content\/uploads\/2021\/01\/blackturtledive.com-Pottery-pinnacle-dive-site-koh-tao-christmas-tree-worms.jpg\" alt=\"Pottery Pinnacle Dive Site Koh Tao\" width=\"1100\" height=\"619\" srcset=\"https:\/\/www.blackturtledive.com\/wp-content\/uploads\/2021\/01\/blackturtledive.com-Pottery-pinnacle-dive-site-koh-tao-christmas-tree-worms.jpg 1100w, https:\/\/www.blackturtledive.com\/wp-content\/uploads\/2021\/01\/blackturtledive.com-Pottery-pinnacle-dive-site-koh-tao-christmas-tree-worms-300x169.jpg 300w, https:\/\/www.blackturtledive.com\/wp-content\/uploads\/2021\/01\/blackturtledive.com-Pottery-pinnacle-dive-site-koh-tao-christmas-tree-worms-1024x576.jpg 1024w, https:\/\/www.blackturtledive.com\/wp-content\/uploads\/2021\/01\/blackturtledive.com-Pottery-pinnacle-dive-site-koh-tao-christmas-tree-worms-768x432.jpg 768w, https:\/\/www.blackturtledive.com\/wp-content\/uploads\/2021\/01\/blackturtledive.com-Pottery-pinnacle-dive-site-koh-tao-christmas-tree-worms-150x84.jpg 150w\" sizes=\"(max-width: 1100px) 100vw, 1100px\" \/><figcaption id=\"caption-attachment-3782\" class=\"wp-caption-text\">Pottery Pinnacle Dive Site Koh Tao<\/figcaption><\/figure>\n<h3><span style=\"color: #28d4ff;\">Diversit\u00e9 de la vie marine sur le site de plong\u00e9e Pottery Pinnacle<br \/>\n<\/span><\/h3>\n<p>Bien qu&rsquo;il ne s&rsquo;agisse que d&rsquo;un petit site de plong\u00e9e, Pottery abrite une vie marine int\u00e9ressante et diversifi\u00e9e et constitue une plong\u00e9e id\u00e9ale pour les petits groupes de plongeurs certifi\u00e9s ou les plongeurs avanc\u00e9s profitant de leur plong\u00e9e d&rsquo;aventure nocturne.<\/p>\n<p>L&rsquo;un des points forts de <span style=\"color: #28d4ff;\">Pottery Pinnacle sont les raies pastenagues<\/span> avec des r\u00e9sidents connus tels que la raie Jenkins et les <a href=\"https:\/\/www.blackturtledive.com\/koh-tao-marine-life\/blue-spotted-ribbontail-ray\/\">raies en ruban \u00e0 points bleus<\/a>, qui se cachent g\u00e9n\u00e9ralement sous l&rsquo;un des nombreux surplombs rocheux du site de plong\u00e9e.<\/p>\n<p>De gros poissons-globes se cachent \u00e9galement \u00e0 Pottery, alors assurez-vous de regarder dans toutes les fissures et crevasses pour ces poissons timides mais beaux.<\/p>\n<p>Vous verrez des m\u00e9rous ray\u00e9s bleus et hexagonaux, ainsi que des poissons banni\u00e8res et des poissons lapins en abondance.<\/p>\n<figure id=\"attachment_3784\" aria-describedby=\"caption-attachment-3784\" style=\"width: 1100px\" class=\"wp-caption alignnone\"><img decoding=\"async\" class=\"size-full wp-image-3784\" src=\"https:\/\/www.blackturtledive.com\/wp-content\/uploads\/2021\/01\/blackturtledive.com-Pottery-pinnacle-dive-site-koh-tao-parrot-fish.jpg\" alt=\"Pottery Pinnacle Dive Site Koh Tao - Marine Life\" width=\"1100\" height=\"619\" srcset=\"https:\/\/www.blackturtledive.com\/wp-content\/uploads\/2021\/01\/blackturtledive.com-Pottery-pinnacle-dive-site-koh-tao-parrot-fish.jpg 1100w, https:\/\/www.blackturtledive.com\/wp-content\/uploads\/2021\/01\/blackturtledive.com-Pottery-pinnacle-dive-site-koh-tao-parrot-fish-300x169.jpg 300w, https:\/\/www.blackturtledive.com\/wp-content\/uploads\/2021\/01\/blackturtledive.com-Pottery-pinnacle-dive-site-koh-tao-parrot-fish-1024x576.jpg 1024w, https:\/\/www.blackturtledive.com\/wp-content\/uploads\/2021\/01\/blackturtledive.com-Pottery-pinnacle-dive-site-koh-tao-parrot-fish-768x432.jpg 768w, https:\/\/www.blackturtledive.com\/wp-content\/uploads\/2021\/01\/blackturtledive.com-Pottery-pinnacle-dive-site-koh-tao-parrot-fish-150x84.jpg 150w\" sizes=\"(max-width: 1100px) 100vw, 1100px\" \/><figcaption id=\"caption-attachment-3784\" class=\"wp-caption-text\">Pottery Pinnacle Dive Site Koh Tao &#8211; Marine Life<\/figcaption><\/figure>\n<h3>Baladeur indien &amp; c\u00e9phalopodes<\/h3>\n<p>La nuit, nous voyons souvent des baladeurs indiens se d\u00e9placer lentement sur le fond et vous pouvez certainement entendre et voir un \u00e9ventail de crabes et de crevettes, notamment des bernard-l&rsquo;ermite et des <a href=\"https:\/\/www.blackturtledive.com\/koh-tao-marine-life\/cephalopods\/\">poulpes<\/a>.<\/p>\n<p>Une courte navigation et une nage \u00e0 travers le sable et vous arriverez \u00e0 Three Rocks, un site de plong\u00e9e encore plus petit et peu profond qui peut \u00eatre vu de la surface.<\/p>\n<p>Avec une profondeur maximale d&rsquo;environ 8 \u00e0 9 m\u00e8tres et une profondeur moyenne de 5 m\u00e8tres, ce petit site de plong\u00e9e peu profond a beaucoup \u00e0 offrir.<\/p>\n<h3><span style=\"color: #28d4ff;\">Raies pastenagues \u00e0 Pottery Pinnacles<br \/>\n<\/span><\/h3>\n<p>Avec sa proximit\u00e9 avec Pottery Pinnacle, il n&rsquo;est pas surprenant que nous voyions les m\u00eames raies pastenagues \u00e0 cet endroit.<\/p>\n<p>Le site de plong\u00e9e poss\u00e8de une vaste zone de coraux durs avec un grand et impressionnant corail de table et une vari\u00e9t\u00e9 de nudibranches et de vers plats.<\/p>\n<p>Il y a une petite nage \u00e0 travers et vous pouvez voir un <span style=\"color: #28d4ff;\">poisson-globe g\u00e9ant<\/span> et lors de plong\u00e9es d&rsquo;aventure de nuit \u00e0 Pottery &amp; Three Rocks, cherchez une forme de vie brillante et extraterrestre appel\u00e9e la seiche broadclub.<\/p>\n<figure id=\"attachment_3660\" aria-describedby=\"caption-attachment-3660\" style=\"width: 1100px\" class=\"wp-caption alignnone\"><img decoding=\"async\" class=\"size-full wp-image-3660\" src=\"https:\/\/www.blackturtledive.com\/wp-content\/uploads\/2021\/01\/blackturtledive.com-Pottery-pinnacle-dive-site-koh-tao-jenkins-whipray.jpg\" alt=\"Pottery Pinnacle &amp; Three Rocks Dive Site Koh Tao\" width=\"1100\" height=\"619\" srcset=\"https:\/\/www.blackturtledive.com\/wp-content\/uploads\/2021\/01\/blackturtledive.com-Pottery-pinnacle-dive-site-koh-tao-jenkins-whipray.jpg 1100w, https:\/\/www.blackturtledive.com\/wp-content\/uploads\/2021\/01\/blackturtledive.com-Pottery-pinnacle-dive-site-koh-tao-jenkins-whipray-300x169.jpg 300w, https:\/\/www.blackturtledive.com\/wp-content\/uploads\/2021\/01\/blackturtledive.com-Pottery-pinnacle-dive-site-koh-tao-jenkins-whipray-1024x576.jpg 1024w, https:\/\/www.blackturtledive.com\/wp-content\/uploads\/2021\/01\/blackturtledive.com-Pottery-pinnacle-dive-site-koh-tao-jenkins-whipray-768x432.jpg 768w, https:\/\/www.blackturtledive.com\/wp-content\/uploads\/2021\/01\/blackturtledive.com-Pottery-pinnacle-dive-site-koh-tao-jenkins-whipray-150x84.jpg 150w\" sizes=\"(max-width: 1100px) 100vw, 1100px\" \/><figcaption id=\"caption-attachment-3660\" class=\"wp-caption-text\">Pottery Pinnacle &amp; Three Rocks Dive Site Koh Tao<\/figcaption><\/figure>\n<p>[\/vc_column_text][\/vc_column][\/vc_row]<\/p>\n<\/div>","protected":false},"excerpt":{"rendered":"<p>Les sites de plong\u00e9e Pottery Pinnacle &#038; Three Rocks sont situ\u00e9s dans la partie sud de la baie de Mae Haad et offrent aux plongeurs une topographie sous-marine vari\u00e9e et une vie marine diversifi\u00e9e<\/p>\n","protected":false},"author":2,"featured_media":8696,"parent":8765,"menu_order":0,"comment_status":"closed","ping_status":"closed","template":"","meta":{"_acf_changed":false,"footnotes":""},"class_list":["post-8695","page","type-page","status-publish","has-post-thumbnail","hentry"],"acf":[],"yoast_head":"<!-- This site is optimized with the Yoast SEO Premium plugin v27.6 (Yoast SEO v27.6) - https:\/\/yoast.com\/product\/yoast-seo-premium-wordpress\/ -->\n<title>Site de plong\u00e9e Pottery Pinnacle &amp; Three Rocks Koh Tao | Black Turtle Dive<\/title>\n<meta name=\"description\" content=\"Les sites de plong\u00e9e Pottery Pinnacle &amp; Three Rocks \u00e0 Koh Tao sont situ\u00e9s dans la partie sud de la baie de Mae Haad et offrent aux plongeurs une vie marine diversifi\u00e9e.\" \/>\n<meta name=\"robots\" content=\"index, follow, max-snippet:-1, max-image-preview:large, max-video-preview:-1\" \/>\n<link rel=\"canonical\" href=\"https:\/\/www.blackturtledive.com\/fr\/koh-tao-dive-sites\/pottery-pinnacle\/\" \/>\n<meta property=\"og:locale\" content=\"fr_FR\" \/>\n<meta property=\"og:type\" content=\"article\" \/>\n<meta property=\"og:title\" content=\"Pottery Pinnacle\" \/>\n<meta property=\"og:description\" content=\"Les sites de plong\u00e9e Pottery Pinnacle &amp; Three Rocks \u00e0 Koh Tao sont situ\u00e9s dans la partie sud de la baie de Mae Haad et offrent aux plongeurs une vie marine diversifi\u00e9e.\" \/>\n<meta property=\"og:url\" content=\"https:\/\/www.blackturtledive.com\/fr\/koh-tao-dive-sites\/pottery-pinnacle\/\" \/>\n<meta property=\"og:site_name\" content=\"Black Turtle Dive Koh Tao\" \/>\n<meta property=\"article:publisher\" content=\"https:\/\/www.facebook.com\/blackturtledive\" \/>\n<meta property=\"article:modified_time\" content=\"2021-10-18T08:08:22+00:00\" \/>\n<meta property=\"og:image\" content=\"https:\/\/www.blackturtledive.com\/wp-content\/uploads\/2020\/11\/blackturtledive.com-best-padi-divemaster-course-koh-tao.jpg\" \/>\n\t<meta property=\"og:image:width\" content=\"1200\" \/>\n\t<meta property=\"og:image:height\" content=\"800\" \/>\n\t<meta property=\"og:image:type\" content=\"image\/jpeg\" \/>\n<meta name=\"twitter:card\" content=\"summary_large_image\" \/>\n<meta name=\"twitter:image\" content=\"https:\/\/www.blackturtledive.com\/wp-content\/uploads\/2020\/11\/blackturtledive.com-best-padi-divemaster-course-koh-tao.jpg\" \/>\n<meta name=\"twitter:site\" content=\"@blackturtledive\" \/>\n<meta name=\"twitter:label1\" content=\"Dur\u00e9e de lecture estim\u00e9e\" \/>\n\t<meta name=\"twitter:data1\" content=\"3 minutes\" \/>\n<!-- \/ Yoast SEO Premium plugin. -->","yoast_head_json":{"title":"Site de plong\u00e9e Pottery Pinnacle & Three Rocks Koh Tao | Black Turtle Dive","description":"Les sites de plong\u00e9e Pottery Pinnacle & Three Rocks \u00e0 Koh Tao sont situ\u00e9s dans la partie sud de la baie de Mae Haad et offrent aux plongeurs une vie marine diversifi\u00e9e.","robots":{"index":"index","follow":"follow","max-snippet":"max-snippet:-1","max-image-preview":"max-image-preview:large","max-video-preview":"max-video-preview:-1"},"canonical":"https:\/\/www.blackturtledive.com\/fr\/koh-tao-dive-sites\/pottery-pinnacle\/","og_locale":"fr_FR","og_type":"article","og_title":"Pottery Pinnacle","og_description":"Les sites de plong\u00e9e Pottery Pinnacle & Three Rocks \u00e0 Koh Tao sont situ\u00e9s dans la partie sud de la baie de Mae Haad et offrent aux plongeurs une vie marine diversifi\u00e9e.","og_url":"https:\/\/www.blackturtledive.com\/fr\/koh-tao-dive-sites\/pottery-pinnacle\/","og_site_name":"Black Turtle Dive Koh Tao","article_publisher":"https:\/\/www.facebook.com\/blackturtledive","article_modified_time":"2021-10-18T08:08:22+00:00","og_image":[{"width":1200,"height":800,"url":"https:\/\/www.blackturtledive.com\/wp-content\/uploads\/2020\/11\/blackturtledive.com-best-padi-divemaster-course-koh-tao.jpg","type":"image\/jpeg"}],"twitter_card":"summary_large_image","twitter_image":"https:\/\/www.blackturtledive.com\/wp-content\/uploads\/2020\/11\/blackturtledive.com-best-padi-divemaster-course-koh-tao.jpg","twitter_site":"@blackturtledive","twitter_misc":{"Dur\u00e9e de lecture estim\u00e9e":"3 minutes"},"schema":{"@context":"https:\/\/schema.org","@graph":[{"@type":"WebPage","@id":"https:\/\/www.blackturtledive.com\/fr\/koh-tao-dive-sites\/pottery-pinnacle\/","url":"https:\/\/www.blackturtledive.com\/fr\/koh-tao-dive-sites\/pottery-pinnacle\/","name":"Site de plong\u00e9e Pottery Pinnacle & Three Rocks Koh Tao | Black Turtle Dive","isPartOf":{"@id":"https:\/\/www.blackturtledive.com\/fr\/#website"},"primaryImageOfPage":{"@id":"https:\/\/www.blackturtledive.com\/fr\/koh-tao-dive-sites\/pottery-pinnacle\/#primaryimage"},"image":{"@id":"https:\/\/www.blackturtledive.com\/fr\/koh-tao-dive-sites\/pottery-pinnacle\/#primaryimage"},"thumbnailUrl":"https:\/\/www.blackturtledive.com\/wp-content\/uploads\/2021\/01\/blackturtledive.com-Pottery-pinnacle-dive-site-koh-tao-jenkins-whipray.jpg","datePublished":"2020-09-19T15:56:02+00:00","dateModified":"2021-10-18T08:08:22+00:00","description":"Les sites de plong\u00e9e Pottery Pinnacle & Three Rocks \u00e0 Koh Tao sont situ\u00e9s dans la partie sud de la baie de Mae Haad et offrent aux plongeurs une vie marine diversifi\u00e9e.","breadcrumb":{"@id":"https:\/\/www.blackturtledive.com\/fr\/koh-tao-dive-sites\/pottery-pinnacle\/#breadcrumb"},"inLanguage":"fr-FR","potentialAction":[{"@type":"ReadAction","target":["https:\/\/www.blackturtledive.com\/fr\/koh-tao-dive-sites\/pottery-pinnacle\/"]}]},{"@type":"ImageObject","inLanguage":"fr-FR","@id":"https:\/\/www.blackturtledive.com\/fr\/koh-tao-dive-sites\/pottery-pinnacle\/#primaryimage","url":"https:\/\/www.blackturtledive.com\/wp-content\/uploads\/2021\/01\/blackturtledive.com-Pottery-pinnacle-dive-site-koh-tao-jenkins-whipray.jpg","contentUrl":"https:\/\/www.blackturtledive.com\/wp-content\/uploads\/2021\/01\/blackturtledive.com-Pottery-pinnacle-dive-site-koh-tao-jenkins-whipray.jpg","width":1100,"height":619,"caption":"Pottery Pinnacle & Three Rocks Dive Site Koh Tao"},{"@type":"BreadcrumbList","@id":"https:\/\/www.blackturtledive.com\/fr\/koh-tao-dive-sites\/pottery-pinnacle\/#breadcrumb","itemListElement":[{"@type":"ListItem","position":1,"name":"Home","item":"https:\/\/www.blackturtledive.com\/fr\/home\/"},{"@type":"ListItem","position":2,"name":"Sites de plong\u00e9e \u00e0 Koh Tao","item":"https:\/\/www.blackturtledive.com\/fr\/koh-tao-dive-sites\/"},{"@type":"ListItem","position":3,"name":"Pottery Pinnacle"}]},{"@type":"WebSite","@id":"https:\/\/www.blackturtledive.com\/fr\/#website","url":"https:\/\/www.blackturtledive.com\/fr\/","name":"Black Turtle Dive Koh Tao","description":"Ocean Explorers | Marine Protectors","publisher":{"@id":"https:\/\/www.blackturtledive.com\/fr\/#organization"},"alternateName":"Black Turtle Dive in Thailand","potentialAction":[{"@type":"SearchAction","target":{"@type":"EntryPoint","urlTemplate":"https:\/\/www.blackturtledive.com\/fr\/?s={search_term_string}"},"query-input":{"@type":"PropertyValueSpecification","valueRequired":true,"valueName":"search_term_string"}}],"inLanguage":"fr-FR"},{"@type":"Organization","@id":"https:\/\/www.blackturtledive.com\/fr\/#organization","name":"Black Turtle Dive Koh Tao","alternateName":"Black Turtle Dive","url":"https:\/\/www.blackturtledive.com\/fr\/","logo":{"@type":"ImageObject","inLanguage":"fr-FR","@id":"https:\/\/www.blackturtledive.com\/fr\/#\/schema\/logo\/image\/","url":"https:\/\/www.blackturtledive.com\/wp-content\/uploads\/2020\/11\/cropped-blackturtledive.com-brand-logo.png","contentUrl":"https:\/\/www.blackturtledive.com\/wp-content\/uploads\/2020\/11\/cropped-blackturtledive.com-brand-logo.png","width":400,"height":400,"caption":"Black Turtle Dive Koh Tao"},"image":{"@id":"https:\/\/www.blackturtledive.com\/fr\/#\/schema\/logo\/image\/"},"sameAs":["https:\/\/www.facebook.com\/blackturtledive","https:\/\/x.com\/blackturtledive","https:\/\/www.instagram.com\/blackturtledive\/","https:\/\/www.youtube.com\/blackturtledive","https:\/\/www.linkedin.com\/company\/blackturtledive\/","https:\/\/www.tumblr.com\/blackturtledive","https:\/\/www.pinterest.com\/blackturtledive\/","https:\/\/www.tiktok.com\/@blackturtledive","https:\/\/www.reddit.com\/user\/blackturtledive\/"],"description":"Black Turtle Dive is a modern and innovative 5 Star Career Development Scuba Diving Center, passionate about the ocean and through training we want to empower you to become a competent and confident scuba diver. Our diving courses equip you with the skills, knowledge and awareness necessary to explore the ocean safely, whilst becoming a passionate advocate and protector of the marine environment. If you have never dived before or are a certified diver and want to develop your skills further, our tailored, bespoke courses and programs will inspire you to become an Ocean advocate. Our scientific based Marine Conservation Internships and training programs, offer aspiring scuba divers and marine conservationists, the best marine conservation internships on Koh Tao. We currently offer students six levels of Marine Conservation Internships at our beachside location on Koh Tao in Thailand. Check out our website for more information.","email":"info@blackturtledive.com","telephone":"089 592 2134","legalName":"Black Turtle Dive Co Ltd","foundingDate":"2020-01-01","publishingPrinciples":"https:\/\/www.blackturtledive.com\/terms\/","ownershipFundingInfo":"https:\/\/www.blackturtledive.com\/terms\/","actionableFeedbackPolicy":"https:\/\/www.blackturtledive.com\/privacy-policy\/","correctionsPolicy":"https:\/\/www.blackturtledive.com\/privacy-policy\/","ethicsPolicy":"https:\/\/www.blackturtledive.com\/privacy-policy\/","diversityPolicy":"https:\/\/www.blackturtledive.com\/privacy-policy\/"}]}},"_links":{"self":[{"href":"https:\/\/www.blackturtledive.com\/fr\/wp-json\/wp\/v2\/pages\/8695","targetHints":{"allow":["GET"]}}],"collection":[{"href":"https:\/\/www.blackturtledive.com\/fr\/wp-json\/wp\/v2\/pages"}],"about":[{"href":"https:\/\/www.blackturtledive.com\/fr\/wp-json\/wp\/v2\/types\/page"}],"author":[{"embeddable":true,"href":"https:\/\/www.blackturtledive.com\/fr\/wp-json\/wp\/v2\/users\/2"}],"replies":[{"embeddable":true,"href":"https:\/\/www.blackturtledive.com\/fr\/wp-json\/wp\/v2\/comments?post=8695"}],"version-history":[{"count":0,"href":"https:\/\/www.blackturtledive.com\/fr\/wp-json\/wp\/v2\/pages\/8695\/revisions"}],"up":[{"embeddable":true,"href":"https:\/\/www.blackturtledive.com\/fr\/wp-json\/wp\/v2\/pages\/8765"}],"wp:featuredmedia":[{"embeddable":true,"href":"https:\/\/www.blackturtledive.com\/fr\/wp-json\/wp\/v2\/media\/8696"}],"wp:attachment":[{"href":"https:\/\/www.blackturtledive.com\/fr\/wp-json\/wp\/v2\/media?parent=8695"}],"curies":[{"name":"wp","href":"https:\/\/api.w.org\/{rel}","templated":true}]}}