{"id":8697,"date":"2020-09-19T22:55:01","date_gmt":"2020-09-19T15:55:01","guid":{"rendered":"https:\/\/www.blackturtledive.com\/hin-wong-bay\/"},"modified":"2021-10-18T15:08:22","modified_gmt":"2021-10-18T08:08:22","slug":"hin-wong-bay","status":"publish","type":"page","link":"https:\/\/www.blackturtledive.com\/fr\/koh-tao-dive-sites\/hin-wong-bay\/","title":{"rendered":"Hin Wong Bay"},"content":{"rendered":"<div class=\"wpb-content-wrapper\"><p>[vc_row][vc_column][vc_column_text]<\/p>\n<h3><span style=\"color: #28d4ff;\">En savoir plus sur le site de plong\u00e9e de Hin Wong Bay \u00e0 Koh Tao<br \/>\n<\/span><\/h3>\n<p>Le site de plong\u00e9e Hin Wong Bay \u00e0 <a href=\"https:\/\/www.blackturtledive.com\/koh-tao\/\">Koh Tao<\/a> est situ\u00e9 sur la c\u00f4te est de Koh Tao et offre aux <a href=\"https:\/\/www.blackturtledive.com\/padi-diving-courses\/\">plongeurs<\/a> un large \u00e9ventail de <a href=\"https:\/\/www.blackturtledive.com\/koh-tao-marine-life\/\">vie marine<\/a> et d&rsquo;exploration sous-marine.<\/p>\n<ul>\n<li>Localisation : c\u00f4te nord-est de Koh Tao<\/li>\n<li>Profondeur : 2m \u2013 20 m\u00e8tres<\/li>\n<li>Type de site : Baie abrit\u00e9e<\/li>\n<li>Niveau : Plongeur <a href=\"https:\/\/www.blackturtledive.com\/padi-diving-courses\/open-water-course\/\">Open Water<\/a><\/li>\n<li>Conditions : La visibilit\u00e9 peut \u00eatre mauvaise<\/li>\n<li>Visibilit\u00e9 moyenne : 2-10 m\u00e8tres<\/li>\n<\/ul>\n<div  data-ep-a=\"fadeIn\"  id=\"_ytid_74694\"  width=\"640\" height=\"360\"  data-origwidth=\"640\" data-origheight=\"360\"  data-relstop=\"1\" data-facadesrc=\"https:\/\/www.youtube.com\/embed\/6sdox5G7JMM?enablejsapi=1&origin=https:\/\/www.blackturtledive.com&autoplay=0&cc_load_policy=0&cc_lang_pref=&iv_load_policy=1&loop=0&rel=0&fs=1&playsinline=0&autohide=2&theme=dark&color=red&controls=1&disablekb=0&\" class=\"__youtube_prefs__ epyt-facade  no-lazyload\" data-epautoplay=\"1\" ><img decoding=\"async\" data-spai-excluded=\"true\" class=\"epyt-facade-poster skip-lazy\" loading=\"lazy\"  alt=\"Hin Wong Bay Dive Site Koh Tao in Thailand\"  src=\"https:\/\/i.ytimg.com\/vi\/6sdox5G7JMM\/maxresdefault.jpg\"  \/><button class=\"epyt-facade-play\" aria-label=\"Play\"><svg data-no-lazy=\"1\" height=\"100%\" version=\"1.1\" viewBox=\"0 0 68 48\" width=\"100%\"><path class=\"ytp-large-play-button-bg\" d=\"M66.52,7.74c-0.78-2.93-2.49-5.41-5.42-6.19C55.79,.13,34,0,34,0S12.21,.13,6.9,1.55 C3.97,2.33,2.27,4.81,1.48,7.74C0.06,13.05,0,24,0,24s0.06,10.95,1.48,16.26c0.78,2.93,2.49,5.41,5.42,6.19 C12.21,47.87,34,48,34,48s21.79-0.13,27.1-1.55c2.93-0.78,4.64-3.26,5.42-6.19C67.94,34.95,68,24,68,24S67.94,13.05,66.52,7.74z\" fill=\"#f00\"><\/path><path d=\"M 45,24 27,14 27,34\" fill=\"#fff\"><\/path><\/svg><\/button><\/div><span itemprop=\"video\" itemscope itemtype=\"http:\/\/schema.org\/VideoObject\"><meta itemprop=\"embedUrl\" content=\"https:\/\/www.youtube.com\/embed\/6sdox5G7JMM\"><meta itemprop=\"name\" content=\"Hin Wong Bay Dive Site Koh Tao in Thailand\"><meta itemprop=\"description\" content=\"Hin Wong bay dive site on Koh Tao is located on the east coast of Koh Tao and offers scuba divers a wide range of marine life and underwater exploration. Location: North East coast of Koh Tao Depth: 2m \u2013 20 metres Type of site: Sheltered bay Level: Open Water diver Conditions: Visibility can be poor Average Visibility: 2-10 metres Hin Wong bay is a large horseshoe shaped bay with some protection and is located on the north east coast of Koh Tao. With a large area of coastline, snorkelers can literally spend hours at Hin Wong and at certain times of the year you will see significant numbers of Black Tip Reef Sharks almost every day. Check out more of our dive sites: https:\/\/www.blackturtledive.com\/koh-tao-dive-sites\/hin-wong-bay\/ Footage: \ud83d\ude4f\ud83c\udffb. \ud83c\udfac Wet Lens Images (https:\/\/www.youtube.com\/channel\/UCVB6Hza4P2ct7SgAo7I9n7g)\"><meta itemprop=\"thumbnailUrl\" content=\"https:\/\/i.ytimg.com\/vi\/6sdox5G7JMM\/0.jpg\"><meta itemprop=\"duration\" content=\"PT58S\"><meta itemprop=\"uploadDate\" content=\"2021-01-28T07:16:53Z\"><\/span>\n<h3>D\u00e9couvrez le site de plong\u00e9e Hin Wong Bay \u00e0 Koh Tao<\/h3>\n<p>Hin Wong Bay est une grande baie en forme de fer \u00e0 cheval avec une certaine protection et est situ\u00e9e sur la c\u00f4te nord-est de Koh Tao.<\/p>\n<p>Avec une vaste zone c\u00f4ti\u00e8re, les plongeurs en apn\u00e9e peuvent litt\u00e9ralement passer des heures \u00e0 Hin Wong et \u00e0 certaines p\u00e9riodes de l&rsquo;ann\u00e9e, vous verrez un nombre important de <a href=\"https:\/\/www.blackturtledive.com\/koh-tao-marine-life\/black-tip-reef-shark\/\">requins \u00e0 pointe noire presque<\/a> tous les jours.<\/p>\n<p>Hin Wong Bay est \u00e9galement relativement grande et il y a beaucoup \u00e0 d\u00e9couvrir en plong\u00e9e sous-marine et une myriade d&rsquo;itin\u00e9raires diff\u00e9rents que vous pouvez emprunter pour explorer sous l&rsquo;eau.<\/p>\n<figure id=\"attachment_3726\" aria-describedby=\"caption-attachment-3726\" style=\"width: 1100px\" class=\"wp-caption alignnone\"><img decoding=\"async\" class=\"size-full wp-image-3726\" src=\"https:\/\/www.blackturtledive.com\/wp-content\/uploads\/2021\/01\/blackturtledive.com-hin-wong-bay-dive-site-koh-tao-marine-life.jpg\" alt=\"Hin Wong Bay Dive Site\" width=\"1100\" height=\"614\" srcset=\"https:\/\/www.blackturtledive.com\/wp-content\/uploads\/2021\/01\/blackturtledive.com-hin-wong-bay-dive-site-koh-tao-marine-life.jpg 1100w, https:\/\/www.blackturtledive.com\/wp-content\/uploads\/2021\/01\/blackturtledive.com-hin-wong-bay-dive-site-koh-tao-marine-life-300x167.jpg 300w, https:\/\/www.blackturtledive.com\/wp-content\/uploads\/2021\/01\/blackturtledive.com-hin-wong-bay-dive-site-koh-tao-marine-life-1024x572.jpg 1024w, https:\/\/www.blackturtledive.com\/wp-content\/uploads\/2021\/01\/blackturtledive.com-hin-wong-bay-dive-site-koh-tao-marine-life-768x429.jpg 768w, https:\/\/www.blackturtledive.com\/wp-content\/uploads\/2021\/01\/blackturtledive.com-hin-wong-bay-dive-site-koh-tao-marine-life-150x84.jpg 150w\" sizes=\"(max-width: 1100px) 100vw, 1100px\" \/><figcaption id=\"caption-attachment-3726\" class=\"wp-caption-text\">Hin Wong Bay Dive Site<\/figcaption><\/figure>\n<h3>Hin Wong Bay pour la plong\u00e9e sous-marine et le snorkeling<\/h3>\n<p>Le c\u00f4t\u00e9 sud de Hin Wong Bay est le <a href=\"https:\/\/www.blackturtledive.com\/experience-programs\/snorkel-koh-tao\/\">meilleur pour le snorkeling<\/a> et vous verrez des milliers de fusiliers, de poissons lapins, diff\u00e9rentes esp\u00e8ces de <a href=\"https:\/\/www.blackturtledive.com\/koh-tao-marine-life\/parrot-fish\/\">poissons perroquets<\/a>, de sergents majors et il y a une grotte dans laquelle vous pouvez nager dans le coin de ce c\u00f4t\u00e9 de la baie.<\/p>\n<p>Le rivage de Hin Wong Bay est compos\u00e9 de rochers de granit qui ont fusionn\u00e9 avec du <a href=\"https:\/\/www.blackturtledive.com\/conservation\/marine-conservation-courses\/coral-watch-specialty\/\">corail sous l&rsquo;eau \u00e0 divers<\/a> endroits, ce qui a cr\u00e9\u00e9 des poches miniatures d&rsquo;activit\u00e9 et de vie marine lorsque vous nagez autour de la baie.<\/p>\n<figure id=\"attachment_3728\" aria-describedby=\"caption-attachment-3728\" style=\"width: 1100px\" class=\"wp-caption alignnone\"><img decoding=\"async\" class=\"size-full wp-image-3728\" src=\"https:\/\/www.blackturtledive.com\/wp-content\/uploads\/2021\/01\/blackturtledive.com-hin-wong-bay-dive-site-koh-tao.jpg\" alt=\"Hin Wong Bay Dive Site - Hermit Crab\" width=\"1100\" height=\"614\" srcset=\"https:\/\/www.blackturtledive.com\/wp-content\/uploads\/2021\/01\/blackturtledive.com-hin-wong-bay-dive-site-koh-tao.jpg 1100w, https:\/\/www.blackturtledive.com\/wp-content\/uploads\/2021\/01\/blackturtledive.com-hin-wong-bay-dive-site-koh-tao-300x167.jpg 300w, https:\/\/www.blackturtledive.com\/wp-content\/uploads\/2021\/01\/blackturtledive.com-hin-wong-bay-dive-site-koh-tao-1024x572.jpg 1024w, https:\/\/www.blackturtledive.com\/wp-content\/uploads\/2021\/01\/blackturtledive.com-hin-wong-bay-dive-site-koh-tao-768x429.jpg 768w, https:\/\/www.blackturtledive.com\/wp-content\/uploads\/2021\/01\/blackturtledive.com-hin-wong-bay-dive-site-koh-tao-150x84.jpg 150w\" sizes=\"(max-width: 1100px) 100vw, 1100px\" \/><figcaption id=\"caption-attachment-3728\" class=\"wp-caption-text\">Hin Wong Bay Dive Site &#8211; Hermit Crab<\/figcaption><\/figure>\n<h3><span style=\"color: #28d4ff;\">Poisson-ange aux anneaux bleus<br \/>\n<\/span><\/h3>\n<p>Vous verrez des poissons empereurs et des <a href=\"https:\/\/www.blackturtledive.com\/koh-tao-marine-life\/blue-ringed-angelfish\/\">poissons-anges aux anneaux bleus<\/a> nager et, alors que vous vous \u00e9loignez du rivage, la baie est jonch\u00e9e de gigantesques corails qui regorgent de vie, de coraux et d&rsquo;\u00e9ponges.<\/p>\n<p>Du c\u00f4t\u00e9 nord de Hin Wong Bay, il y a beaucoup de fissures et de crevasses dans lesquelles la vie marine peut se cacher, vous pouvez donc chercher des poissons-coffres jaunes ici et <a href=\"https:\/\/www.blackturtledive.com\/koh-tao-marine-life\/jenkins-whip-ray\/\">des raies Jenkins<\/a> et des <a href=\"https:\/\/www.blackturtledive.com\/koh-tao-marine-life\/banded-sea-krait\/\">serpents de mer<\/a> en visite.<\/p>\n<figure id=\"attachment_3210\" aria-describedby=\"caption-attachment-3210\" style=\"width: 1000px\" class=\"wp-caption alignnone\"><img decoding=\"async\" class=\"size-full wp-image-3210\" src=\"https:\/\/www.blackturtledive.com\/wp-content\/uploads\/2021\/01\/blackturtledive.com-pai-of-blue-ringed-angelfish-koh-tao.jpg\" alt=\"Blue Ringed Angelfish Best Koh Tao Marine Life\" width=\"1000\" height=\"667\" srcset=\"https:\/\/www.blackturtledive.com\/wp-content\/uploads\/2021\/01\/blackturtledive.com-pai-of-blue-ringed-angelfish-koh-tao.jpg 1000w, https:\/\/www.blackturtledive.com\/wp-content\/uploads\/2021\/01\/blackturtledive.com-pai-of-blue-ringed-angelfish-koh-tao-300x200.jpg 300w, https:\/\/www.blackturtledive.com\/wp-content\/uploads\/2021\/01\/blackturtledive.com-pai-of-blue-ringed-angelfish-koh-tao-768x512.jpg 768w, https:\/\/www.blackturtledive.com\/wp-content\/uploads\/2021\/01\/blackturtledive.com-pai-of-blue-ringed-angelfish-koh-tao-150x100.jpg 150w\" sizes=\"(max-width: 1000px) 100vw, 1000px\" \/><figcaption id=\"caption-attachment-3210\" class=\"wp-caption-text\">Blue Ringed Angelfish Best Koh Tao Marine Life<\/figcaption><\/figure>\n<p>[\/vc_column_text][\/vc_column][\/vc_row]<\/p>\n<\/div>","protected":false},"excerpt":{"rendered":"<p>Le site de plong\u00e9e de la baie de Hin Wong \u00e0 Koh Tao est situ\u00e9 sur la c\u00f4te est de Koh Tao et offre aux plongeurs un large \u00e9ventail de vie marine et d&rsquo;exploration sous-marine<\/p>\n","protected":false},"author":2,"featured_media":8698,"parent":8765,"menu_order":0,"comment_status":"closed","ping_status":"closed","template":"","meta":{"_acf_changed":false,"footnotes":""},"class_list":["post-8697","page","type-page","status-publish","has-post-thumbnail","hentry"],"acf":[],"yoast_head":"<!-- This site is optimized with the Yoast SEO Premium plugin v27.6 (Yoast SEO v27.6) - https:\/\/yoast.com\/product\/yoast-seo-premium-wordpress\/ -->\n<title>Site de plong\u00e9e Hin Wong Bay Koh Tao | Black Turtle Dive<\/title>\n<meta name=\"description\" content=\"Le site de plong\u00e9e de la baie de Hin Wong \u00e0 Koh Tao est situ\u00e9 sur la c\u00f4te est de Koh Tao et offre aux plongeurs un large \u00e9ventail de vie marine et d&#039;exploration sous-marine\" \/>\n<meta name=\"robots\" content=\"index, follow, max-snippet:-1, max-image-preview:large, max-video-preview:-1\" \/>\n<link rel=\"canonical\" href=\"https:\/\/www.blackturtledive.com\/fr\/koh-tao-dive-sites\/hin-wong-bay\/\" \/>\n<meta property=\"og:locale\" content=\"fr_FR\" \/>\n<meta property=\"og:type\" content=\"article\" \/>\n<meta property=\"og:title\" content=\"Hin Wong Bay\" \/>\n<meta property=\"og:description\" content=\"Le site de plong\u00e9e de la baie de Hin Wong \u00e0 Koh Tao est situ\u00e9 sur la c\u00f4te est de Koh Tao et offre aux plongeurs un large \u00e9ventail de vie marine et d&#039;exploration sous-marine\" \/>\n<meta property=\"og:url\" content=\"https:\/\/www.blackturtledive.com\/fr\/koh-tao-dive-sites\/hin-wong-bay\/\" \/>\n<meta property=\"og:site_name\" content=\"Black Turtle Dive Koh Tao\" \/>\n<meta property=\"article:publisher\" content=\"https:\/\/www.facebook.com\/blackturtledive\" \/>\n<meta property=\"article:modified_time\" content=\"2021-10-18T08:08:22+00:00\" \/>\n<meta property=\"og:image\" content=\"https:\/\/www.blackturtledive.com\/wp-content\/uploads\/2020\/11\/blackturtledive.com-best-padi-divemaster-course-koh-tao.jpg\" \/>\n\t<meta property=\"og:image:width\" content=\"1200\" \/>\n\t<meta property=\"og:image:height\" content=\"800\" \/>\n\t<meta property=\"og:image:type\" content=\"image\/jpeg\" \/>\n<meta name=\"twitter:card\" content=\"summary_large_image\" \/>\n<meta name=\"twitter:image\" content=\"https:\/\/www.blackturtledive.com\/wp-content\/uploads\/2020\/11\/blackturtledive.com-best-padi-divemaster-course-koh-tao.jpg\" \/>\n<meta name=\"twitter:site\" content=\"@blackturtledive\" \/>\n<meta name=\"twitter:label1\" content=\"Dur\u00e9e de lecture estim\u00e9e\" \/>\n\t<meta name=\"twitter:data1\" content=\"2 minutes\" \/>\n<!-- \/ Yoast SEO Premium plugin. -->","yoast_head_json":{"title":"Site de plong\u00e9e Hin Wong Bay Koh Tao | Black Turtle Dive","description":"Le site de plong\u00e9e de la baie de Hin Wong \u00e0 Koh Tao est situ\u00e9 sur la c\u00f4te est de Koh Tao et offre aux plongeurs un large \u00e9ventail de vie marine et d'exploration sous-marine","robots":{"index":"index","follow":"follow","max-snippet":"max-snippet:-1","max-image-preview":"max-image-preview:large","max-video-preview":"max-video-preview:-1"},"canonical":"https:\/\/www.blackturtledive.com\/fr\/koh-tao-dive-sites\/hin-wong-bay\/","og_locale":"fr_FR","og_type":"article","og_title":"Hin Wong Bay","og_description":"Le site de plong\u00e9e de la baie de Hin Wong \u00e0 Koh Tao est situ\u00e9 sur la c\u00f4te est de Koh Tao et offre aux plongeurs un large \u00e9ventail de vie marine et d'exploration sous-marine","og_url":"https:\/\/www.blackturtledive.com\/fr\/koh-tao-dive-sites\/hin-wong-bay\/","og_site_name":"Black Turtle Dive Koh Tao","article_publisher":"https:\/\/www.facebook.com\/blackturtledive","article_modified_time":"2021-10-18T08:08:22+00:00","og_image":[{"width":1200,"height":800,"url":"https:\/\/www.blackturtledive.com\/wp-content\/uploads\/2020\/11\/blackturtledive.com-best-padi-divemaster-course-koh-tao.jpg","type":"image\/jpeg"}],"twitter_card":"summary_large_image","twitter_image":"https:\/\/www.blackturtledive.com\/wp-content\/uploads\/2020\/11\/blackturtledive.com-best-padi-divemaster-course-koh-tao.jpg","twitter_site":"@blackturtledive","twitter_misc":{"Dur\u00e9e de lecture estim\u00e9e":"2 minutes"},"schema":{"@context":"https:\/\/schema.org","@graph":[{"@type":"WebPage","@id":"https:\/\/www.blackturtledive.com\/fr\/koh-tao-dive-sites\/hin-wong-bay\/","url":"https:\/\/www.blackturtledive.com\/fr\/koh-tao-dive-sites\/hin-wong-bay\/","name":"Site de plong\u00e9e Hin Wong Bay Koh Tao | Black Turtle Dive","isPartOf":{"@id":"https:\/\/www.blackturtledive.com\/fr\/#website"},"primaryImageOfPage":{"@id":"https:\/\/www.blackturtledive.com\/fr\/koh-tao-dive-sites\/hin-wong-bay\/#primaryimage"},"image":{"@id":"https:\/\/www.blackturtledive.com\/fr\/koh-tao-dive-sites\/hin-wong-bay\/#primaryimage"},"thumbnailUrl":"https:\/\/www.blackturtledive.com\/wp-content\/uploads\/2021\/01\/blackturtledive.com-hin-wong-bay-dive-site-koh-tao-thailand.jpg","datePublished":"2020-09-19T15:55:01+00:00","dateModified":"2021-10-18T08:08:22+00:00","description":"Le site de plong\u00e9e de la baie de Hin Wong \u00e0 Koh Tao est situ\u00e9 sur la c\u00f4te est de Koh Tao et offre aux plongeurs un large \u00e9ventail de vie marine et d'exploration sous-marine","breadcrumb":{"@id":"https:\/\/www.blackturtledive.com\/fr\/koh-tao-dive-sites\/hin-wong-bay\/#breadcrumb"},"inLanguage":"fr-FR","potentialAction":[{"@type":"ReadAction","target":["https:\/\/www.blackturtledive.com\/fr\/koh-tao-dive-sites\/hin-wong-bay\/"]}]},{"@type":"ImageObject","inLanguage":"fr-FR","@id":"https:\/\/www.blackturtledive.com\/fr\/koh-tao-dive-sites\/hin-wong-bay\/#primaryimage","url":"https:\/\/www.blackturtledive.com\/wp-content\/uploads\/2021\/01\/blackturtledive.com-hin-wong-bay-dive-site-koh-tao-thailand.jpg","contentUrl":"https:\/\/www.blackturtledive.com\/wp-content\/uploads\/2021\/01\/blackturtledive.com-hin-wong-bay-dive-site-koh-tao-thailand.jpg","width":1100,"height":614,"caption":"Hin Wong Bay Dive Site Koh Tao"},{"@type":"BreadcrumbList","@id":"https:\/\/www.blackturtledive.com\/fr\/koh-tao-dive-sites\/hin-wong-bay\/#breadcrumb","itemListElement":[{"@type":"ListItem","position":1,"name":"Home","item":"https:\/\/www.blackturtledive.com\/fr\/home\/"},{"@type":"ListItem","position":2,"name":"Sites de plong\u00e9e \u00e0 Koh Tao","item":"https:\/\/www.blackturtledive.com\/fr\/koh-tao-dive-sites\/"},{"@type":"ListItem","position":3,"name":"Hin Wong Bay"}]},{"@type":"WebSite","@id":"https:\/\/www.blackturtledive.com\/fr\/#website","url":"https:\/\/www.blackturtledive.com\/fr\/","name":"Black Turtle Dive Koh Tao","description":"Ocean Explorers | Marine Protectors","publisher":{"@id":"https:\/\/www.blackturtledive.com\/fr\/#organization"},"alternateName":"Black Turtle Dive in Thailand","potentialAction":[{"@type":"SearchAction","target":{"@type":"EntryPoint","urlTemplate":"https:\/\/www.blackturtledive.com\/fr\/?s={search_term_string}"},"query-input":{"@type":"PropertyValueSpecification","valueRequired":true,"valueName":"search_term_string"}}],"inLanguage":"fr-FR"},{"@type":"Organization","@id":"https:\/\/www.blackturtledive.com\/fr\/#organization","name":"Black Turtle Dive Koh Tao","alternateName":"Black Turtle Dive","url":"https:\/\/www.blackturtledive.com\/fr\/","logo":{"@type":"ImageObject","inLanguage":"fr-FR","@id":"https:\/\/www.blackturtledive.com\/fr\/#\/schema\/logo\/image\/","url":"https:\/\/www.blackturtledive.com\/wp-content\/uploads\/2020\/11\/cropped-blackturtledive.com-brand-logo.png","contentUrl":"https:\/\/www.blackturtledive.com\/wp-content\/uploads\/2020\/11\/cropped-blackturtledive.com-brand-logo.png","width":400,"height":400,"caption":"Black Turtle Dive Koh Tao"},"image":{"@id":"https:\/\/www.blackturtledive.com\/fr\/#\/schema\/logo\/image\/"},"sameAs":["https:\/\/www.facebook.com\/blackturtledive","https:\/\/x.com\/blackturtledive","https:\/\/www.instagram.com\/blackturtledive\/","https:\/\/www.youtube.com\/blackturtledive","https:\/\/www.linkedin.com\/company\/blackturtledive\/","https:\/\/www.tumblr.com\/blackturtledive","https:\/\/www.pinterest.com\/blackturtledive\/","https:\/\/www.tiktok.com\/@blackturtledive","https:\/\/www.reddit.com\/user\/blackturtledive\/"],"description":"Black Turtle Dive is a modern and innovative 5 Star Career Development Scuba Diving Center, passionate about the ocean and through training we want to empower you to become a competent and confident scuba diver. Our diving courses equip you with the skills, knowledge and awareness necessary to explore the ocean safely, whilst becoming a passionate advocate and protector of the marine environment. If you have never dived before or are a certified diver and want to develop your skills further, our tailored, bespoke courses and programs will inspire you to become an Ocean advocate. Our scientific based Marine Conservation Internships and training programs, offer aspiring scuba divers and marine conservationists, the best marine conservation internships on Koh Tao. We currently offer students six levels of Marine Conservation Internships at our beachside location on Koh Tao in Thailand. Check out our website for more information.","email":"info@blackturtledive.com","telephone":"089 592 2134","legalName":"Black Turtle Dive Co Ltd","foundingDate":"2020-01-01","publishingPrinciples":"https:\/\/www.blackturtledive.com\/terms\/","ownershipFundingInfo":"https:\/\/www.blackturtledive.com\/terms\/","actionableFeedbackPolicy":"https:\/\/www.blackturtledive.com\/privacy-policy\/","correctionsPolicy":"https:\/\/www.blackturtledive.com\/privacy-policy\/","ethicsPolicy":"https:\/\/www.blackturtledive.com\/privacy-policy\/","diversityPolicy":"https:\/\/www.blackturtledive.com\/privacy-policy\/"}]}},"_links":{"self":[{"href":"https:\/\/www.blackturtledive.com\/fr\/wp-json\/wp\/v2\/pages\/8697","targetHints":{"allow":["GET"]}}],"collection":[{"href":"https:\/\/www.blackturtledive.com\/fr\/wp-json\/wp\/v2\/pages"}],"about":[{"href":"https:\/\/www.blackturtledive.com\/fr\/wp-json\/wp\/v2\/types\/page"}],"author":[{"embeddable":true,"href":"https:\/\/www.blackturtledive.com\/fr\/wp-json\/wp\/v2\/users\/2"}],"replies":[{"embeddable":true,"href":"https:\/\/www.blackturtledive.com\/fr\/wp-json\/wp\/v2\/comments?post=8697"}],"version-history":[{"count":0,"href":"https:\/\/www.blackturtledive.com\/fr\/wp-json\/wp\/v2\/pages\/8697\/revisions"}],"up":[{"embeddable":true,"href":"https:\/\/www.blackturtledive.com\/fr\/wp-json\/wp\/v2\/pages\/8765"}],"wp:featuredmedia":[{"embeddable":true,"href":"https:\/\/www.blackturtledive.com\/fr\/wp-json\/wp\/v2\/media\/8698"}],"wp:attachment":[{"href":"https:\/\/www.blackturtledive.com\/fr\/wp-json\/wp\/v2\/media?parent=8697"}],"curies":[{"name":"wp","href":"https:\/\/api.w.org\/{rel}","templated":true}]}}