{"id":8701,"date":"2020-09-19T22:53:50","date_gmt":"2020-09-19T15:53:50","guid":{"rendered":"https:\/\/www.blackturtledive.com\/aow-leuk\/"},"modified":"2021-10-18T15:08:22","modified_gmt":"2021-10-18T08:08:22","slug":"aow-leuk","status":"publish","type":"page","link":"https:\/\/www.blackturtledive.com\/fr\/koh-tao-dive-sites\/aow-leuk\/","title":{"rendered":"Aow Leuk"},"content":{"rendered":"<div class=\"wpb-content-wrapper\"><p>[vc_row][vc_column][vc_column_text]<\/p>\n<h3><span style=\"color: #28d4ff;\">En savoir plus sur le site de plong\u00e9e d&rsquo;Aow Leuk \u00e0 Koh Tao<br \/>\n<\/span><\/h3>\n<p>Le site de plong\u00e9e d&rsquo;Aow Leuk est situ\u00e9 sur la c\u00f4te sud-est de <a href=\"https:\/\/www.blackturtledive.com\/koh-tao\/\">Koh Tao<\/a> et est un site de <a href=\"https:\/\/www.blackturtledive.com\/padi-diving-courses\/\">plong\u00e9e sous-marine<\/a> peu profond tr\u00e8s populaire pour les <a href=\"https:\/\/www.blackturtledive.com\/fun-diving-koh-tao\/\">plongeurs amusants<\/a> et les cours de plong\u00e9e.<\/p>\n<ul>\n<li>Localisation : Sud-Est de Koh Tao<\/li>\n<li>Profondeur : Max 15m, Min 0m \u2013 Moyenne 8m<\/li>\n<li>Type de site : Plong\u00e9e r\u00e9cif peu profond<\/li>\n<li>Niveau : Plongeur Open Water<\/li>\n<li>Conditions : g\u00e9n\u00e9ralement bonnes<\/li>\n<li>Visibilit\u00e9 moyenne : 5-10m<\/li>\n<\/ul>\n<p>Aow Leuk est une grande baie et est situ\u00e9e sur le c\u00f4t\u00e9 sud-est de Koh Tao et offre de belles vues sur <a href=\"https:\/\/www.blackturtledive.com\/koh-tao-dive-sites\/shark-island\/\">Shark Island<\/a>, Koh Phangan, Koh Samui et le parc marin national d&rsquo;Ang Thong depuis la surface.<\/p>\n<p>Aow Leuk est l&rsquo;une des plus belles baies de Koh Tao et est un endroit populaire pour les <a href=\"https:\/\/www.blackturtledive.com\/koh-tao-dive-sites\/shark-island\/\">plongeurs<\/a> et les plongeurs.<\/p>\n<p>Aow Leuk est le site de plong\u00e9e id\u00e9al pour <a href=\"https:\/\/www.blackturtledive.com\/padi-diving-courses\/open-water-course\/\">apprendre \u00e0 plonger<\/a> et offre aux plongeurs une vari\u00e9t\u00e9 de <a href=\"https:\/\/www.blackturtledive.com\/koh-tao-marine-life\/\">vie marine<\/a>, de coraux durs et mous m\u00e9lang\u00e9s \u00e0 des rochers.<\/p>\n<div  data-ep-a=\"fadeIn\"  id=\"_ytid_69806\"  width=\"640\" height=\"360\"  data-origwidth=\"640\" data-origheight=\"360\"  data-relstop=\"1\" data-facadesrc=\"https:\/\/www.youtube.com\/embed\/02rccKg5SfA?enablejsapi=1&origin=https:\/\/www.blackturtledive.com&autoplay=0&cc_load_policy=0&cc_lang_pref=&iv_load_policy=1&loop=0&rel=0&fs=1&playsinline=0&autohide=2&theme=dark&color=red&controls=1&disablekb=0&\" class=\"__youtube_prefs__ epyt-facade  no-lazyload\" data-epautoplay=\"1\" ><img decoding=\"async\" data-spai-excluded=\"true\" class=\"epyt-facade-poster skip-lazy\" loading=\"lazy\"  alt=\"Aow Leuk Dive Site Koh Tao Thailand\"  src=\"https:\/\/i.ytimg.com\/vi\/02rccKg5SfA\/maxresdefault.jpg\"  \/><button class=\"epyt-facade-play\" aria-label=\"Play\"><svg data-no-lazy=\"1\" height=\"100%\" version=\"1.1\" viewBox=\"0 0 68 48\" width=\"100%\"><path class=\"ytp-large-play-button-bg\" d=\"M66.52,7.74c-0.78-2.93-2.49-5.41-5.42-6.19C55.79,.13,34,0,34,0S12.21,.13,6.9,1.55 C3.97,2.33,2.27,4.81,1.48,7.74C0.06,13.05,0,24,0,24s0.06,10.95,1.48,16.26c0.78,2.93,2.49,5.41,5.42,6.19 C12.21,47.87,34,48,34,48s21.79-0.13,27.1-1.55c2.93-0.78,4.64-3.26,5.42-6.19C67.94,34.95,68,24,68,24S67.94,13.05,66.52,7.74z\" fill=\"#f00\"><\/path><path d=\"M 45,24 27,14 27,34\" fill=\"#fff\"><\/path><\/svg><\/button><\/div><span itemprop=\"video\" itemscope itemtype=\"http:\/\/schema.org\/VideoObject\"><meta itemprop=\"embedUrl\" content=\"https:\/\/www.youtube.com\/embed\/02rccKg5SfA\"><meta itemprop=\"name\" content=\"Aow Leuk Dive Site Koh Tao Thailand\"><meta itemprop=\"description\" content=\"Aow Leuk dive site is located on the south-east coast of Koh Tao and is a very popular shallow scuba diving location for fun divers and diving courses. Location: South-East Koh Tao Depth: Max 15m, Min 0m \u2013 Average 8m Type of site: Shallow reef dive Level: Open Water diver Conditions: Usually Good Average Visibility: 5-10m Aow Leuk is a large bay and is located on the south east side of Koh Tao and offers beautiful views of Shark Island, Koh Phangan, Koh Samui and Ang Thong National Marine Park from the surface. Check out our dive sites: https:\/\/www.blackturtledive.com\/koh-tao-dive-sites\/aow-leuk\/ Footage: \ud83d\ude4f\ud83c\udffb. \ud83c\udfac Wet Lens Images (https:\/\/www.youtube.com\/channel\/UCVB6Hza4P2ct7SgAo7I9n7g)\"><meta itemprop=\"thumbnailUrl\" content=\"https:\/\/i.ytimg.com\/vi\/02rccKg5SfA\/0.jpg\"><meta itemprop=\"duration\" content=\"PT58S\"><meta itemprop=\"uploadDate\" content=\"2021-01-28T05:26:04Z\"><\/span>\n<h3>Apprenez \u00e0 plonger \u00e0 Aow Leuk<\/h3>\n<p>Le site de plong\u00e9e a beaucoup \u00e0 voir, y compris une <a href=\"https:\/\/www.blackturtledive.com\/koh-tao-marine-life\/green-sea-turtle\/\">tortue de mer<\/a>, et occupera m\u00eame les plongeurs les plus exp\u00e9riment\u00e9s pendant de nombreuses heures sous l&rsquo;eau.<\/p>\n<p>Aow Leuk peut \u00eatre divis\u00e9 en deux plong\u00e9es, une le long du c\u00f4t\u00e9 nord de la baie jusqu&rsquo;\u00e0 Aow Leuk et l&rsquo;autre du c\u00f4t\u00e9 sud appel\u00e9e Hin Ngam.<\/p>\n<p>La baie a une profondeur maximale de 15 m\u00e8tres avec une profondeur moyenne d&rsquo;environ 8 m\u00e8tres et il y a un fond sablonneux entre les deux plong\u00e9es, ce qui est parfait pour les plong\u00e9es d&rsquo;entra\u00eenement.<\/p>\n<p>Ces deux <a href=\"https:\/\/www.blackturtledive.com\/koh-tao-dive-sites\/\">sites de plong\u00e9e<\/a> sont recouverts de coraux durs et mous, qui sont attach\u00e9s aux gros rochers et rochers qui composent le rivage.<\/p>\n<h3><span style=\"color: #28d4ff;\">Abondance de la vie marine<br \/>\n<\/span><\/h3>\n<p>Vous verrez de gros coraux rocheux, des coraux pierreux et de nombreux vers d&rsquo;arbres de No\u00ebl incrust\u00e9s dans la t\u00eate de coraux massifs.<\/p>\n<p>Il y a aussi beaucoup de coraux Staghorn, Brain et de table \u00e0 Aow Leuk et de beaux coraux mous de champignon v\u00e9n\u00e9neux et de champignons.<\/p>\n<p>Ces coraux constituent un excellent abri pour les juv\u00e9niles <a href=\"https:\/\/www.blackturtledive.com\/koh-tao-marine-life\/yellow-boxfish\/\">de poissons jaunes<\/a>, les gaterins juv\u00e9niles et <a href=\"https:\/\/www.blackturtledive.com\/koh-tao-marine-life\/blue-spotted-ribbontail-ray\/\">les raies aux taches blues<\/a>.<\/p>\n<figure id=\"attachment_3576\" aria-describedby=\"caption-attachment-3576\" style=\"width: 1100px\" class=\"wp-caption alignnone\"><img decoding=\"async\" class=\"size-full wp-image-3576\" src=\"https:\/\/www.blackturtledive.com\/wp-content\/uploads\/2021\/01\/blackturtledive.com-aow-leuk-dive-site-koh-tao-marine-life.jpg\" alt=\"Aow Leuk Dive Site \" width=\"1100\" height=\"619\" srcset=\"https:\/\/www.blackturtledive.com\/wp-content\/uploads\/2021\/01\/blackturtledive.com-aow-leuk-dive-site-koh-tao-marine-life.jpg 1100w, https:\/\/www.blackturtledive.com\/wp-content\/uploads\/2021\/01\/blackturtledive.com-aow-leuk-dive-site-koh-tao-marine-life-300x169.jpg 300w, https:\/\/www.blackturtledive.com\/wp-content\/uploads\/2021\/01\/blackturtledive.com-aow-leuk-dive-site-koh-tao-marine-life-1024x576.jpg 1024w, https:\/\/www.blackturtledive.com\/wp-content\/uploads\/2021\/01\/blackturtledive.com-aow-leuk-dive-site-koh-tao-marine-life-768x432.jpg 768w, https:\/\/www.blackturtledive.com\/wp-content\/uploads\/2021\/01\/blackturtledive.com-aow-leuk-dive-site-koh-tao-marine-life-150x84.jpg 150w\" sizes=\"(max-width: 1100px) 100vw, 1100px\" \/><figcaption id=\"caption-attachment-3576\" class=\"wp-caption-text\">Aow Leuk Dive Site<\/figcaption><\/figure>\n<h3>Raies tachet\u00e9s de bleu<\/h3>\n<p>Si vous avez l&rsquo;\u0153il vif, vous verrez peut-\u00eatre un <a href=\"https:\/\/www.blackturtledive.com\/koh-tao-marine-life\/bearded-scorpion-fish\/\">poisson scorpion barbu<\/a>, de couleur brun rouge\u00e2tre qui se fond parfaitement avec les rochers et les coraux.<\/p>\n<p>Vous verrez poissons de ch\u00e8vre fouiller et si vous regardez attentivement, surtout dans les bas-fonds, vous verrez sole, camoufl\u00e9 contre le fond sablonneux.<\/p>\n<p>Il existe de nombreuses palourdes g\u00e9antes et \u00e9toiles indiennes en coussin et vous verrez \u00e9galement des couronnes d&rsquo;\u00e9pines.<\/p>\n<p>Si vous avez de la chance ou si vous faites du snorkeling \u00e0 Aow Leuk, vous pouvez voir des <a href=\"https:\/\/www.blackturtledive.com\/koh-tao-marine-life\/black-tip-reef-shark\/\">requins juv\u00e9niles \u00e0 pointe noire<\/a> nager \u00e0 la recherche de petits napol\u00e9ons, grunters et autres petits poissons osseux \u00e0 manger.<\/p>\n<h3><span style=\"color: #28d4ff;\">Tortues de mer sur le site de plong\u00e9e d&rsquo;Aow Leuk<\/span><\/h3>\n<p>Vous pourrez voir une vari\u00e9t\u00e9 de vie marine lors de la plong\u00e9e sous-marine \u00e0 Aow Leuk, car le <a href=\"https:\/\/www.blackturtledive.com\/blog\/10-interesting-facts-about-koh-tao-dive-sites\/\">site de plong\u00e9e offre une diversit\u00e9<\/a> dans une baie peu profonde.<\/p>\n<p>On peut voir des <a href=\"https:\/\/www.blackturtledive.com\/koh-tao-marine-life\/yellow-tail-barracuda\/\">barracudas \u00e0 queue jaune<\/a> au bord des coraux \u00e0 Hin Ngam et des poissons an\u00e9mones roses sortent la t\u00eate de leurs an\u00e9mones de tapis protecteur qui sont ancr\u00e9es aux rochers.<\/p>\n<p>La vie marine \u00e0 Aow Leuk est abondante, notamment des sergents-majors, des poissons-lapins, des poissons-\u00e9cureuils et des demoiselles, alors qu&rsquo;ils vaquent \u00e0 leurs occupations quotidiennes avec un grand nombre de <a href=\"https:\/\/www.blackturtledive.com\/koh-tao-marine-life\/parrot-fish\/\">poissons-perroquets<\/a> qui grignotent les coraux.<\/p>\n<p>Une vari\u00e9t\u00e9 de diff\u00e9rentes crevettes et syngnathes ainsi que des poissons-globes porc-\u00e9pic et <a href=\"https:\/\/www.blackturtledive.com\/koh-tao-marine-life\/white-eyed-moray-eel\/\">des mur\u00e8nes aux yeux blancs<\/a> peuvent \u00eatre vus autour de Hin Ngam.<\/p>\n<figure id=\"attachment_3578\" aria-describedby=\"caption-attachment-3578\" style=\"width: 1000px\" class=\"wp-caption alignnone\"><img decoding=\"async\" class=\"size-full wp-image-3578\" src=\"https:\/\/www.blackturtledive.com\/wp-content\/uploads\/2021\/01\/blackturtledive.com-aow-leuk-dive-site-koh-tao.jpg\" alt=\"Aow Leuk Dive Site - Artificial Dive Site Area\" width=\"1000\" height=\"563\" srcset=\"https:\/\/www.blackturtledive.com\/wp-content\/uploads\/2021\/01\/blackturtledive.com-aow-leuk-dive-site-koh-tao.jpg 1000w, https:\/\/www.blackturtledive.com\/wp-content\/uploads\/2021\/01\/blackturtledive.com-aow-leuk-dive-site-koh-tao-300x169.jpg 300w, https:\/\/www.blackturtledive.com\/wp-content\/uploads\/2021\/01\/blackturtledive.com-aow-leuk-dive-site-koh-tao-768x432.jpg 768w, https:\/\/www.blackturtledive.com\/wp-content\/uploads\/2021\/01\/blackturtledive.com-aow-leuk-dive-site-koh-tao-150x84.jpg 150w\" sizes=\"(max-width: 1000px) 100vw, 1000px\" \/><figcaption id=\"caption-attachment-3578\" class=\"wp-caption-text\">Aow Leuk Dive Site &#8211; Artificial Dive Site Area<\/figcaption><\/figure>\n<h3>Site de plong\u00e9e artificiel \u00e0 Aow Leuk<\/h3>\n<p>En suivant la c\u00f4te sud-est, le site de plong\u00e9e s&rsquo;\u00e9tend jusqu&rsquo;\u00e0 une profondeur maximale de 14 m\u00e8tres environ.<\/p>\n<p>Si vous naviguez vers l&rsquo;est et \u00e0 travers le sable, \u00e0 une profondeur de 14 \u00e0 16 m\u00e8tres se trouve Suan Olan (jardin de Olan), un autre des sites de <a href=\"https:\/\/www.blackturtledive.com\/conservation\/marine-conservation-courses\/artificial-dive-sites\/\">plong\u00e9e artificiels<\/a> de Koh Tao, qui a \u00e9t\u00e9 lanc\u00e9 en 2010 en r\u00e9ponse \u00e0 l&rsquo;\u00e9pisode de blanchissement des coraux.<\/p>\n<p>Il dispose d&rsquo;une gamme de structures artificielles, notamment une pyramide de r\u00e9cifs, une Mini Cooper, des tubes de b\u00e9ton de diff\u00e9rentes tailles, une maison de r\u00e9cifs et des blocs de ciment.<\/p>\n<p>Les diff\u00e9rentes structures sont devenues le foyer d&rsquo;une grande vari\u00e9t\u00e9 de vie marine et comme elles se trouvent \u00e0 une profondeur de 10 \u00e0 18 m, elles offrent suffisamment de temps au fond pour d\u00e9couvrir la vie marine, y compris le poisson-globe \u00e9toil\u00e9.<\/p>\n<figure id=\"attachment_3574\" aria-describedby=\"caption-attachment-3574\" style=\"width: 1100px\" class=\"wp-caption alignnone\"><img decoding=\"async\" class=\"size-full wp-image-3574\" src=\"https:\/\/www.blackturtledive.com\/wp-content\/uploads\/2021\/01\/blackturtledive.com-aow-leuk-dive-site-koh-tao-thailand.jpg\" alt=\"Aow Leuk Dive Site Koh Tao\" width=\"1100\" height=\"619\" srcset=\"https:\/\/www.blackturtledive.com\/wp-content\/uploads\/2021\/01\/blackturtledive.com-aow-leuk-dive-site-koh-tao-thailand.jpg 1100w, https:\/\/www.blackturtledive.com\/wp-content\/uploads\/2021\/01\/blackturtledive.com-aow-leuk-dive-site-koh-tao-thailand-300x169.jpg 300w, https:\/\/www.blackturtledive.com\/wp-content\/uploads\/2021\/01\/blackturtledive.com-aow-leuk-dive-site-koh-tao-thailand-1024x576.jpg 1024w, https:\/\/www.blackturtledive.com\/wp-content\/uploads\/2021\/01\/blackturtledive.com-aow-leuk-dive-site-koh-tao-thailand-768x432.jpg 768w, https:\/\/www.blackturtledive.com\/wp-content\/uploads\/2021\/01\/blackturtledive.com-aow-leuk-dive-site-koh-tao-thailand-150x84.jpg 150w\" sizes=\"(max-width: 1100px) 100vw, 1100px\" \/><figcaption id=\"caption-attachment-3574\" class=\"wp-caption-text\">Aow Leuk Dive Site Koh Tao<\/figcaption><\/figure>\n<p><a class=\"fasc-button fasc-size-large fasc-type-glossy\" style=\"background-color: #208aae; color: #ffffff;\" href=\"https:\/\/www.blackturtledive.com\/diving-course-prices\/#beginners\">R\u00c9SERVEZ UN COURS<\/a>[\/vc_column_text][\/vc_column][\/vc_row]<\/p>\n<\/div>","protected":false},"excerpt":{"rendered":"<p>Le site de plong\u00e9e d&rsquo;Aow Leuk est situ\u00e9 sur la c\u00f4te sud-est de Koh Tao et est un site de plong\u00e9e sous-marine peu profond tr\u00e8s populaire pour les plongeurs amusants et les cours de plong\u00e9e.<\/p>\n","protected":false},"author":2,"featured_media":8703,"parent":8765,"menu_order":0,"comment_status":"closed","ping_status":"closed","template":"","meta":{"_acf_changed":false,"footnotes":""},"class_list":["post-8701","page","type-page","status-publish","has-post-thumbnail","hentry"],"acf":[],"yoast_head":"<!-- This site is optimized with the Yoast SEO Premium plugin v27.6 (Yoast SEO v27.6) - https:\/\/yoast.com\/product\/yoast-seo-premium-wordpress\/ -->\n<title>Site de plong\u00e9e Aow Leuk Koh Tao | Black Turtle Dive<\/title>\n<meta name=\"description\" content=\"Le site de plong\u00e9e d&#039;Aow Leuk est situ\u00e9 sur la c\u00f4te sud-est de Koh Tao et est un site de plong\u00e9e sous-marine peu profond tr\u00e8s populaire pour les plongeurs amusants et les cours de plong\u00e9e.\" \/>\n<meta name=\"robots\" content=\"index, follow, max-snippet:-1, max-image-preview:large, max-video-preview:-1\" \/>\n<link rel=\"canonical\" href=\"https:\/\/www.blackturtledive.com\/fr\/koh-tao-dive-sites\/aow-leuk\/\" \/>\n<meta property=\"og:locale\" content=\"fr_FR\" \/>\n<meta property=\"og:type\" content=\"article\" \/>\n<meta property=\"og:title\" content=\"Aow Leuk\" \/>\n<meta property=\"og:description\" content=\"Le site de plong\u00e9e d&#039;Aow Leuk est situ\u00e9 sur la c\u00f4te sud-est de Koh Tao et est un site de plong\u00e9e sous-marine peu profond tr\u00e8s populaire pour les plongeurs amusants et les cours de plong\u00e9e.\" \/>\n<meta property=\"og:url\" content=\"https:\/\/www.blackturtledive.com\/fr\/koh-tao-dive-sites\/aow-leuk\/\" \/>\n<meta property=\"og:site_name\" content=\"Black Turtle Dive Koh Tao\" \/>\n<meta property=\"article:publisher\" content=\"https:\/\/www.facebook.com\/blackturtledive\" \/>\n<meta property=\"article:modified_time\" content=\"2021-10-18T08:08:22+00:00\" \/>\n<meta property=\"og:image\" content=\"https:\/\/www.blackturtledive.com\/wp-content\/uploads\/2020\/11\/blackturtledive.com-best-padi-divemaster-course-koh-tao.jpg\" \/>\n\t<meta property=\"og:image:width\" content=\"1200\" \/>\n\t<meta property=\"og:image:height\" content=\"800\" \/>\n\t<meta property=\"og:image:type\" content=\"image\/jpeg\" \/>\n<meta name=\"twitter:card\" content=\"summary_large_image\" \/>\n<meta name=\"twitter:image\" content=\"https:\/\/www.blackturtledive.com\/wp-content\/uploads\/2020\/11\/blackturtledive.com-best-padi-divemaster-course-koh-tao.jpg\" \/>\n<meta name=\"twitter:site\" content=\"@blackturtledive\" \/>\n<meta name=\"twitter:label1\" content=\"Dur\u00e9e de lecture estim\u00e9e\" \/>\n\t<meta name=\"twitter:data1\" content=\"4 minutes\" \/>\n<!-- \/ Yoast SEO Premium plugin. -->","yoast_head_json":{"title":"Site de plong\u00e9e Aow Leuk Koh Tao | Black Turtle Dive","description":"Le site de plong\u00e9e d'Aow Leuk est situ\u00e9 sur la c\u00f4te sud-est de Koh Tao et est un site de plong\u00e9e sous-marine peu profond tr\u00e8s populaire pour les plongeurs amusants et les cours de plong\u00e9e.","robots":{"index":"index","follow":"follow","max-snippet":"max-snippet:-1","max-image-preview":"max-image-preview:large","max-video-preview":"max-video-preview:-1"},"canonical":"https:\/\/www.blackturtledive.com\/fr\/koh-tao-dive-sites\/aow-leuk\/","og_locale":"fr_FR","og_type":"article","og_title":"Aow Leuk","og_description":"Le site de plong\u00e9e d'Aow Leuk est situ\u00e9 sur la c\u00f4te sud-est de Koh Tao et est un site de plong\u00e9e sous-marine peu profond tr\u00e8s populaire pour les plongeurs amusants et les cours de plong\u00e9e.","og_url":"https:\/\/www.blackturtledive.com\/fr\/koh-tao-dive-sites\/aow-leuk\/","og_site_name":"Black Turtle Dive Koh Tao","article_publisher":"https:\/\/www.facebook.com\/blackturtledive","article_modified_time":"2021-10-18T08:08:22+00:00","og_image":[{"width":1200,"height":800,"url":"https:\/\/www.blackturtledive.com\/wp-content\/uploads\/2020\/11\/blackturtledive.com-best-padi-divemaster-course-koh-tao.jpg","type":"image\/jpeg"}],"twitter_card":"summary_large_image","twitter_image":"https:\/\/www.blackturtledive.com\/wp-content\/uploads\/2020\/11\/blackturtledive.com-best-padi-divemaster-course-koh-tao.jpg","twitter_site":"@blackturtledive","twitter_misc":{"Dur\u00e9e de lecture estim\u00e9e":"4 minutes"},"schema":{"@context":"https:\/\/schema.org","@graph":[{"@type":"WebPage","@id":"https:\/\/www.blackturtledive.com\/fr\/koh-tao-dive-sites\/aow-leuk\/","url":"https:\/\/www.blackturtledive.com\/fr\/koh-tao-dive-sites\/aow-leuk\/","name":"Site de plong\u00e9e Aow Leuk Koh Tao | Black Turtle Dive","isPartOf":{"@id":"https:\/\/www.blackturtledive.com\/fr\/#website"},"primaryImageOfPage":{"@id":"https:\/\/www.blackturtledive.com\/fr\/koh-tao-dive-sites\/aow-leuk\/#primaryimage"},"image":{"@id":"https:\/\/www.blackturtledive.com\/fr\/koh-tao-dive-sites\/aow-leuk\/#primaryimage"},"thumbnailUrl":"https:\/\/www.blackturtledive.com\/wp-content\/uploads\/2021\/01\/blackturtledive.com-aow-leuk-dive-site-koh-tao-marine-life.jpg","datePublished":"2020-09-19T15:53:50+00:00","dateModified":"2021-10-18T08:08:22+00:00","description":"Le site de plong\u00e9e d'Aow Leuk est situ\u00e9 sur la c\u00f4te sud-est de Koh Tao et est un site de plong\u00e9e sous-marine peu profond tr\u00e8s populaire pour les plongeurs amusants et les cours de plong\u00e9e.","breadcrumb":{"@id":"https:\/\/www.blackturtledive.com\/fr\/koh-tao-dive-sites\/aow-leuk\/#breadcrumb"},"inLanguage":"fr-FR","potentialAction":[{"@type":"ReadAction","target":["https:\/\/www.blackturtledive.com\/fr\/koh-tao-dive-sites\/aow-leuk\/"]}]},{"@type":"ImageObject","inLanguage":"fr-FR","@id":"https:\/\/www.blackturtledive.com\/fr\/koh-tao-dive-sites\/aow-leuk\/#primaryimage","url":"https:\/\/www.blackturtledive.com\/wp-content\/uploads\/2021\/01\/blackturtledive.com-aow-leuk-dive-site-koh-tao-marine-life.jpg","contentUrl":"https:\/\/www.blackturtledive.com\/wp-content\/uploads\/2021\/01\/blackturtledive.com-aow-leuk-dive-site-koh-tao-marine-life.jpg","width":1100,"height":619,"caption":"Aow Leuk Dive Site"},{"@type":"BreadcrumbList","@id":"https:\/\/www.blackturtledive.com\/fr\/koh-tao-dive-sites\/aow-leuk\/#breadcrumb","itemListElement":[{"@type":"ListItem","position":1,"name":"Home","item":"https:\/\/www.blackturtledive.com\/fr\/home\/"},{"@type":"ListItem","position":2,"name":"Sites de plong\u00e9e \u00e0 Koh Tao","item":"https:\/\/www.blackturtledive.com\/fr\/koh-tao-dive-sites\/"},{"@type":"ListItem","position":3,"name":"Aow Leuk"}]},{"@type":"WebSite","@id":"https:\/\/www.blackturtledive.com\/fr\/#website","url":"https:\/\/www.blackturtledive.com\/fr\/","name":"Black Turtle Dive Koh Tao","description":"Ocean Explorers | Marine Protectors","publisher":{"@id":"https:\/\/www.blackturtledive.com\/fr\/#organization"},"alternateName":"Black Turtle Dive in Thailand","potentialAction":[{"@type":"SearchAction","target":{"@type":"EntryPoint","urlTemplate":"https:\/\/www.blackturtledive.com\/fr\/?s={search_term_string}"},"query-input":{"@type":"PropertyValueSpecification","valueRequired":true,"valueName":"search_term_string"}}],"inLanguage":"fr-FR"},{"@type":"Organization","@id":"https:\/\/www.blackturtledive.com\/fr\/#organization","name":"Black Turtle Dive Koh Tao","alternateName":"Black Turtle Dive","url":"https:\/\/www.blackturtledive.com\/fr\/","logo":{"@type":"ImageObject","inLanguage":"fr-FR","@id":"https:\/\/www.blackturtledive.com\/fr\/#\/schema\/logo\/image\/","url":"https:\/\/www.blackturtledive.com\/wp-content\/uploads\/2020\/11\/cropped-blackturtledive.com-brand-logo.png","contentUrl":"https:\/\/www.blackturtledive.com\/wp-content\/uploads\/2020\/11\/cropped-blackturtledive.com-brand-logo.png","width":400,"height":400,"caption":"Black Turtle Dive Koh Tao"},"image":{"@id":"https:\/\/www.blackturtledive.com\/fr\/#\/schema\/logo\/image\/"},"sameAs":["https:\/\/www.facebook.com\/blackturtledive","https:\/\/x.com\/blackturtledive","https:\/\/www.instagram.com\/blackturtledive\/","https:\/\/www.youtube.com\/blackturtledive","https:\/\/www.linkedin.com\/company\/blackturtledive\/","https:\/\/www.tumblr.com\/blackturtledive","https:\/\/www.pinterest.com\/blackturtledive\/","https:\/\/www.tiktok.com\/@blackturtledive","https:\/\/www.reddit.com\/user\/blackturtledive\/"],"description":"Black Turtle Dive is a modern and innovative 5 Star Career Development Scuba Diving Center, passionate about the ocean and through training we want to empower you to become a competent and confident scuba diver. Our diving courses equip you with the skills, knowledge and awareness necessary to explore the ocean safely, whilst becoming a passionate advocate and protector of the marine environment. If you have never dived before or are a certified diver and want to develop your skills further, our tailored, bespoke courses and programs will inspire you to become an Ocean advocate. Our scientific based Marine Conservation Internships and training programs, offer aspiring scuba divers and marine conservationists, the best marine conservation internships on Koh Tao. We currently offer students six levels of Marine Conservation Internships at our beachside location on Koh Tao in Thailand. Check out our website for more information.","email":"info@blackturtledive.com","telephone":"089 592 2134","legalName":"Black Turtle Dive Co Ltd","foundingDate":"2020-01-01","publishingPrinciples":"https:\/\/www.blackturtledive.com\/terms\/","ownershipFundingInfo":"https:\/\/www.blackturtledive.com\/terms\/","actionableFeedbackPolicy":"https:\/\/www.blackturtledive.com\/privacy-policy\/","correctionsPolicy":"https:\/\/www.blackturtledive.com\/privacy-policy\/","ethicsPolicy":"https:\/\/www.blackturtledive.com\/privacy-policy\/","diversityPolicy":"https:\/\/www.blackturtledive.com\/privacy-policy\/"}]}},"_links":{"self":[{"href":"https:\/\/www.blackturtledive.com\/fr\/wp-json\/wp\/v2\/pages\/8701","targetHints":{"allow":["GET"]}}],"collection":[{"href":"https:\/\/www.blackturtledive.com\/fr\/wp-json\/wp\/v2\/pages"}],"about":[{"href":"https:\/\/www.blackturtledive.com\/fr\/wp-json\/wp\/v2\/types\/page"}],"author":[{"embeddable":true,"href":"https:\/\/www.blackturtledive.com\/fr\/wp-json\/wp\/v2\/users\/2"}],"replies":[{"embeddable":true,"href":"https:\/\/www.blackturtledive.com\/fr\/wp-json\/wp\/v2\/comments?post=8701"}],"version-history":[{"count":0,"href":"https:\/\/www.blackturtledive.com\/fr\/wp-json\/wp\/v2\/pages\/8701\/revisions"}],"up":[{"embeddable":true,"href":"https:\/\/www.blackturtledive.com\/fr\/wp-json\/wp\/v2\/pages\/8765"}],"wp:featuredmedia":[{"embeddable":true,"href":"https:\/\/www.blackturtledive.com\/fr\/wp-json\/wp\/v2\/media\/8703"}],"wp:attachment":[{"href":"https:\/\/www.blackturtledive.com\/fr\/wp-json\/wp\/v2\/media?parent=8701"}],"curies":[{"name":"wp","href":"https:\/\/api.w.org\/{rel}","templated":true}]}}