{"id":8727,"date":"2020-09-19T22:49:46","date_gmt":"2020-09-19T15:49:46","guid":{"rendered":"https:\/\/www.blackturtledive.com\/green-rock\/"},"modified":"2021-10-18T15:08:23","modified_gmt":"2021-10-18T08:08:23","slug":"green-rock","status":"publish","type":"page","link":"https:\/\/www.blackturtledive.com\/fr\/koh-tao-dive-sites\/green-rock\/","title":{"rendered":"Green Rock"},"content":{"rendered":"<div class=\"wpb-content-wrapper\"><p>[vc_row][vc_column][vc_column_text]<\/p>\n<h3><span style=\"color: #28d4ff;\">En savoir plus sur le site de plong\u00e9e de Green Rock \u00e0 Koh Tao<br \/>\n<\/span><\/h3>\n<p>Le site de plong\u00e9e de Green Rock \u00e0 <a href=\"https:\/\/www.blackturtledive.com\/koh-tao\/\">Koh Tao<\/a> est situ\u00e9 sur la c\u00f4te nord-ouest de l&rsquo;\u00eele de Koh Nang Yuan et est tr\u00e8s populaire pour les nageurs et la <a href=\"https:\/\/www.blackturtledive.com\/koh-tao-marine-life\/\">vie marine<\/a> p\u00e9lagique.<\/p>\n<ul>\n<li>Localisation : c\u00f4t\u00e9 nord-ouest de Koh Nang Yuan<\/li>\n<li>Profondeur : Max 28m, Min 6m \u2013 Moyenne 20m<\/li>\n<li>Type de site : Un groupe de gros rochers et de grandes formations rocheuses offre \u00e0 la plong\u00e9e des travers\u00e9es passionnantes.<\/li>\n<li>Niveau : Plongeur <a href=\"https:\/\/www.blackturtledive.com\/padi-diving-courses\/advanced-open-water-course\/\">Advanced Open Water<\/a><\/li>\n<li>Conditions : Peut-\u00eatre des courants forts et une faible visibilit\u00e9 en raison de son emplacement expos\u00e9 du c\u00f4t\u00e9 oc\u00e9anique de Koh Nang Yuan.<\/li>\n<li>Visibilit\u00e9 moyenne : 2-20 m\u00e8tres<\/li>\n<li>Situ\u00e9 juste au large de la c\u00f4te nord-ouest de Koh Nang Yuan, le site de plong\u00e9e de Green Rock est souvent n\u00e9glig\u00e9 par les <a href=\"https:\/\/www.blackturtledive.com\/padi-diving-courses\/\">plongeurs<\/a>.<\/li>\n<\/ul>\n<div  data-ep-a=\"fadeIn\"  id=\"_ytid_50201\"  width=\"640\" height=\"360\"  data-origwidth=\"640\" data-origheight=\"360\"  data-relstop=\"1\" data-facadesrc=\"https:\/\/www.youtube.com\/embed\/nkZUFeinUo0?enablejsapi=1&origin=https:\/\/www.blackturtledive.com&autoplay=0&cc_load_policy=0&cc_lang_pref=&iv_load_policy=1&loop=0&rel=0&fs=1&playsinline=0&autohide=2&theme=dark&color=red&controls=1&disablekb=0&\" class=\"__youtube_prefs__ epyt-facade  no-lazyload\" data-epautoplay=\"1\" ><img decoding=\"async\" data-spai-excluded=\"true\" class=\"epyt-facade-poster skip-lazy\" loading=\"lazy\"  alt=\"Green Rock Dive Site Koh Tao in Thailand\"  src=\"https:\/\/i.ytimg.com\/vi\/nkZUFeinUo0\/maxresdefault.jpg\"  \/><button class=\"epyt-facade-play\" aria-label=\"Play\"><svg data-no-lazy=\"1\" height=\"100%\" version=\"1.1\" viewBox=\"0 0 68 48\" width=\"100%\"><path class=\"ytp-large-play-button-bg\" d=\"M66.52,7.74c-0.78-2.93-2.49-5.41-5.42-6.19C55.79,.13,34,0,34,0S12.21,.13,6.9,1.55 C3.97,2.33,2.27,4.81,1.48,7.74C0.06,13.05,0,24,0,24s0.06,10.95,1.48,16.26c0.78,2.93,2.49,5.41,5.42,6.19 C12.21,47.87,34,48,34,48s21.79-0.13,27.1-1.55c2.93-0.78,4.64-3.26,5.42-6.19C67.94,34.95,68,24,68,24S67.94,13.05,66.52,7.74z\" fill=\"#f00\"><\/path><path d=\"M 45,24 27,14 27,34\" fill=\"#fff\"><\/path><\/svg><\/button><\/div><span itemprop=\"video\" itemscope itemtype=\"http:\/\/schema.org\/VideoObject\"><meta itemprop=\"embedUrl\" content=\"https:\/\/www.youtube.com\/embed\/nkZUFeinUo0\"><meta itemprop=\"name\" content=\"Green Rock Dive Site Koh Tao in Thailand\"><meta itemprop=\"description\" content=\"Green Rock dive site on Koh Tao is located on the north west coast of Koh Nang Yuan island and is very popular for swim thru\u2019s and pelagic marine life. Location: North west side of Koh Nang Yuan Depth: Max 28m, Min 6m \u2013 Average 20m Type of site: A group of large boulders and large rock formations provides the dive with some exciting swim throughs. Level: Advanced Open Water diver Conditions: Can be strong currents and low visibility due to its exposed location on the ocean side of Koh Nang Yuan. Average Visibility: 2-20 meters Located just off the north west coast of Koh Nang Yuan, Green Rock dive site is often over looked by scuba divers. Green Rock has occasional strong currents and limited visibility, especially around the full moon, but divers tend to choose Chumphon Pinnacle if a dive boat is heading in that direction for a deep dive site. However, when the conditions are good this is a fantastic dive site for Advanced divers and boasts several swim through\u2019s for divers with adequate buoyancy. Check out more of our dive sites: https:\/\/www.blackturtledive.com\/koh-tao-dive-sites\/green-rock\/ Footage: \ud83d\ude4f\ud83c\udffb. \ud83c\udfac Wet Lens Images (https:\/\/www.youtube.com\/channel\/UCVB6Hza4P2ct7SgAo7I9n7g)\"><meta itemprop=\"thumbnailUrl\" content=\"https:\/\/i.ytimg.com\/vi\/nkZUFeinUo0\/0.jpg\"><meta itemprop=\"duration\" content=\"PT58S\"><meta itemprop=\"uploadDate\" content=\"2021-01-28T07:01:21Z\"><\/span>\n<h3>D\u00e9couvrez le site de plong\u00e9e Green Rock Koh Tao<\/h3>\n<p>Green Rock a parfois des courants forts et une visibilit\u00e9 limit\u00e9e, en particulier autour de la pleine lune, mais les plongeurs ont tendance \u00e0 choisir <a href=\"https:\/\/www.blackturtledive.com\/koh-tao-dive-sites\/chumphon-pinnacle\/\">Chumphon Pinnacle<\/a> si un bateau de plong\u00e9e se dirige dans cette direction pour un <a href=\"https:\/\/www.blackturtledive.com\/koh-tao-dive-sites\/\">site de plong\u00e9e<\/a> profond.<\/p>\n<p>Cependant, lorsque les conditions sont bonnes, c&rsquo;est un site de plong\u00e9e fantastique pour les plongeurs avanc\u00e9s et propose plusieurs travers\u00e9es pour les plongeurs avec une <a href=\"https:\/\/www.blackturtledive.com\/padi-specialty-courses\/peak-performance-buoyancy\/\">flottabilit\u00e9 ad\u00e9quate<\/a>.<\/p>\n<figure id=\"attachment_3715\" aria-describedby=\"caption-attachment-3715\" style=\"width: 1100px\" class=\"wp-caption alignnone\"><img decoding=\"async\" class=\"size-full wp-image-3715\" src=\"https:\/\/www.blackturtledive.com\/wp-content\/uploads\/2021\/01\/blackturtledive.com-green-rock-dive-site-koh-tao.jpg\" alt=\"Green Rock Dive Site\" width=\"1100\" height=\"619\" srcset=\"https:\/\/www.blackturtledive.com\/wp-content\/uploads\/2021\/01\/blackturtledive.com-green-rock-dive-site-koh-tao.jpg 1100w, https:\/\/www.blackturtledive.com\/wp-content\/uploads\/2021\/01\/blackturtledive.com-green-rock-dive-site-koh-tao-300x169.jpg 300w, https:\/\/www.blackturtledive.com\/wp-content\/uploads\/2021\/01\/blackturtledive.com-green-rock-dive-site-koh-tao-1024x576.jpg 1024w, https:\/\/www.blackturtledive.com\/wp-content\/uploads\/2021\/01\/blackturtledive.com-green-rock-dive-site-koh-tao-768x432.jpg 768w, https:\/\/www.blackturtledive.com\/wp-content\/uploads\/2021\/01\/blackturtledive.com-green-rock-dive-site-koh-tao-150x84.jpg 150w\" sizes=\"(max-width: 1100px) 100vw, 1100px\" \/><figcaption id=\"caption-attachment-3715\" class=\"wp-caption-text\">Green Rock Dive Site<\/figcaption><\/figure>\n<h3>Green Rock &#8211; \u00c9normes rochers de granit<\/h3>\n<p>Green Rock propose \u00e9galement des profondeurs plus profondes pour les plongeurs qualifi\u00e9s pour plonger \u00e0 plus de 18 m\u00e8tres et ce site de plong\u00e9e convient \u00e9galement aux <a href=\"https:\/\/www.blackturtledive.com\/padi-specialty-courses\/deep-diver\/\">plong\u00e9es d&rsquo;entra\u00eenement<\/a> profondes.<\/p>\n<p>Green Rock est une s\u00e9rie de gros rochers et de rochers avec de petites grottes et des travers\u00e9es de nage et offre une vari\u00e9t\u00e9 de macro-vie marine cach\u00e9e dans de nombreuses crevasses.<\/p>\n<p>Les formations rocheuses ont cr\u00e9\u00e9 un environnement parfait pour les nudibranches aux couleurs vives, les <a href=\"https:\/\/www.blackturtledive.com\/koh-tao-marine-life\/durban-dancing-shrimp\/\">crevettes dansantes de Durban<\/a> \u00e0 l&rsquo;int\u00e9rieur des grottes et les crevettes fant\u00f4mes, les syngnathes.<\/p>\n<p>Le sommet de la roche verte elle-m\u00eame se trouve \u00e0 environ 2 m\u00e8tres sous la surface et vous y verrez souvent de grands bancs de <a href=\"https:\/\/www.blackturtledive.com\/koh-tao-marine-life\/yellow-tail-barracuda\/\">barracudas \u00e0 queue jaune<\/a>.<\/p>\n<figure id=\"attachment_3718\" aria-describedby=\"caption-attachment-3718\" style=\"width: 1100px\" class=\"wp-caption alignnone\"><img decoding=\"async\" class=\"size-full wp-image-3718\" src=\"https:\/\/www.blackturtledive.com\/wp-content\/uploads\/2021\/01\/blackturtledive.com-green-rock-dive-site-koh-tao-thailand-barracuda.jpg\" alt=\"Green Rock Dive Site - Barracuda\" width=\"1100\" height=\"619\" srcset=\"https:\/\/www.blackturtledive.com\/wp-content\/uploads\/2021\/01\/blackturtledive.com-green-rock-dive-site-koh-tao-thailand-barracuda.jpg 1100w, https:\/\/www.blackturtledive.com\/wp-content\/uploads\/2021\/01\/blackturtledive.com-green-rock-dive-site-koh-tao-thailand-barracuda-300x169.jpg 300w, https:\/\/www.blackturtledive.com\/wp-content\/uploads\/2021\/01\/blackturtledive.com-green-rock-dive-site-koh-tao-thailand-barracuda-1024x576.jpg 1024w, https:\/\/www.blackturtledive.com\/wp-content\/uploads\/2021\/01\/blackturtledive.com-green-rock-dive-site-koh-tao-thailand-barracuda-768x432.jpg 768w, https:\/\/www.blackturtledive.com\/wp-content\/uploads\/2021\/01\/blackturtledive.com-green-rock-dive-site-koh-tao-thailand-barracuda-150x84.jpg 150w\" sizes=\"(max-width: 1100px) 100vw, 1100px\" \/><figcaption id=\"caption-attachment-3718\" class=\"wp-caption-text\">Green Rock Dive Site &#8211; Barracuda<\/figcaption><\/figure>\n<h3><span style=\"color: #28d4ff;\">Grottes et travers\u00e9es<br \/>\n<\/span><\/h3>\n<p>Le site de plong\u00e9e s&rsquo;\u00e9tend au nord-ouest jusqu&rsquo;\u00e0 un petit pinacle de ponte ext\u00e9rieur (appel\u00e9 Blue Rock) \u00e0 une profondeur de 26 m\u00e8tres.<\/p>\n<p>\u00c0 Blue Rock, vous pouvez trouver des crabes Xeno attach\u00e9s aux Whip Corals, des <a href=\"https:\/\/www.blackturtledive.com\/koh-tao-marine-life\/chevron-barracuda\/\">bancs de barracudas<\/a> et vous aurez peut-\u00eatre la chance de voir un Jenkins Whipray.<\/p>\n<p>Directement au nord du principal groupe de roches se trouvent les <em><span style=\"color: #28d4ff;\">fosses de d\u00e9clenchement<\/span><\/em>, o\u00f9 nichent <a href=\"https:\/\/www.blackturtledive.com\/koh-tao-marine-life\/titan-triggerfish\/\">Titan<\/a> et <a href=\"https:\/\/www.blackturtledive.com\/koh-tao-marine-life\/yellow-margin-triggerfish\/\">Yellow Margin Triggerfish<\/a>.<\/p>\n<p>Les plongeurs doivent \u00eatre conscients de cette zone pendant la saison de reproduction (avril-mai) car les deux esp\u00e8ces peuvent \u00eatre tr\u00e8s territoriales et aucune des deux esp\u00e8ces n&rsquo;appr\u00e9ciera la visite des plongeurs sympathiques en cette p\u00e9riode.<\/p>\n<figure id=\"attachment_3532\" aria-describedby=\"caption-attachment-3532\" style=\"width: 1000px\" class=\"wp-caption alignnone\"><img decoding=\"async\" class=\"size-full wp-image-3532\" src=\"https:\/\/www.blackturtledive.com\/wp-content\/uploads\/2021\/01\/blackturtledive.com-yellow-margin-triggerfish-koh-tao-thailand.jpg\" alt=\"Yellow Margin Triggerfish - Marine Life\" width=\"1000\" height=\"708\" srcset=\"https:\/\/www.blackturtledive.com\/wp-content\/uploads\/2021\/01\/blackturtledive.com-yellow-margin-triggerfish-koh-tao-thailand.jpg 1000w, https:\/\/www.blackturtledive.com\/wp-content\/uploads\/2021\/01\/blackturtledive.com-yellow-margin-triggerfish-koh-tao-thailand-300x212.jpg 300w, https:\/\/www.blackturtledive.com\/wp-content\/uploads\/2021\/01\/blackturtledive.com-yellow-margin-triggerfish-koh-tao-thailand-768x544.jpg 768w, https:\/\/www.blackturtledive.com\/wp-content\/uploads\/2021\/01\/blackturtledive.com-yellow-margin-triggerfish-koh-tao-thailand-150x106.jpg 150w\" sizes=\"(max-width: 1000px) 100vw, 1000px\" \/><figcaption id=\"caption-attachment-3532\" class=\"wp-caption-text\">Yellow Margin Triggerfish &#8211; Marine Life<\/figcaption><\/figure>\n<h3>Site de plong\u00e9e de Green Rock \u2013 \u00ab Trigger Pit \u00bb<\/h3>\n<p>Pour une plong\u00e9e moins profonde, plus tranquille et plus longue, la c\u00f4te nord-ouest de Koh Nang Yuan offre beaucoup de vie marine \u00e0 voir.<\/p>\n<p>Vous rencontrerez sweetlips arlequin, <a href=\"https:\/\/www.blackturtledive.com\/koh-tao-marine-life\/blue-spotted-ribbontail-ray\/\">poisson-ange aux anneaux bleus<\/a> et la gamme habituelle de <a href=\"https:\/\/www.blackturtledive.com\/koh-tao-marine-life\/butterfly-fish\/\">poissons papillon<\/a> et m\u00eame occasionnellement de poissons licorne.<\/p>\n<p>Les <a href=\"https:\/\/www.blackturtledive.com\/koh-tao-marine-life\/hawksbill-sea-turtle\/\">tortues imbriqu\u00e9es<\/a> et les <a href=\"https:\/\/www.blackturtledive.com\/koh-tao-marine-life\/green-sea-turtle\/\">tortues de mer vertes<\/a> sont des visiteurs r\u00e9guliers de Green Rock et des <a href=\"https:\/\/www.blackturtledive.com\/koh-tao-marine-life\/banded-sea-krait\/\">serpents de mer visitent<\/a> occasionnellement et pendant la saison, nous voyons souvent des requins baleines passer ici.<\/p>\n<p>Lors de son meilleur jour, Green Rock est l&rsquo;un des <a href=\"https:\/\/www.blackturtledive.com\/blog\/10-interesting-facts-about-koh-tao-dive-sites\/\">premiers sites de plong\u00e9e<\/a> de Koh Tao. Cependant, en raison de son emplacement, ce site de plong\u00e9e est plus adapt\u00e9 aux plongeurs avanc\u00e9s ou \u00e0 ceux qui s&rsquo;entra\u00eenent pour devenir des plongeurs avanc\u00e9s sous la supervision d&rsquo;un <a href=\"https:\/\/www.blackturtledive.com\/padi-pro-level\/dive-instructor-course\/\">instructeur de plong\u00e9e<\/a>.<\/p>\n<figure id=\"attachment_3606\" aria-describedby=\"caption-attachment-3606\" style=\"width: 1100px\" class=\"wp-caption alignnone\"><img decoding=\"async\" class=\"size-full wp-image-3606\" src=\"https:\/\/www.blackturtledive.com\/wp-content\/uploads\/2021\/01\/blackturtledive.com-green-rock-dive-site-koh-tao-butterfly-fish.jpg\" alt=\"Green Rock Dive Site Koh Tao\" width=\"1100\" height=\"619\" srcset=\"https:\/\/www.blackturtledive.com\/wp-content\/uploads\/2021\/01\/blackturtledive.com-green-rock-dive-site-koh-tao-butterfly-fish.jpg 1100w, https:\/\/www.blackturtledive.com\/wp-content\/uploads\/2021\/01\/blackturtledive.com-green-rock-dive-site-koh-tao-butterfly-fish-300x169.jpg 300w, https:\/\/www.blackturtledive.com\/wp-content\/uploads\/2021\/01\/blackturtledive.com-green-rock-dive-site-koh-tao-butterfly-fish-1024x576.jpg 1024w, https:\/\/www.blackturtledive.com\/wp-content\/uploads\/2021\/01\/blackturtledive.com-green-rock-dive-site-koh-tao-butterfly-fish-768x432.jpg 768w, https:\/\/www.blackturtledive.com\/wp-content\/uploads\/2021\/01\/blackturtledive.com-green-rock-dive-site-koh-tao-butterfly-fish-150x84.jpg 150w\" sizes=\"(max-width: 1100px) 100vw, 1100px\" \/><figcaption id=\"caption-attachment-3606\" class=\"wp-caption-text\">Green Rock Dive Site Koh Tao<\/figcaption><\/figure>\n<p>[\/vc_column_text][\/vc_column][\/vc_row]<\/p>\n<\/div>","protected":false},"excerpt":{"rendered":"<p>Le site de plong\u00e9e de Green Rock sur Koh Tao est situ\u00e9 sur la c\u00f4te nord-ouest de l&rsquo;\u00eele de Koh Nang Yuan et est tr\u00e8s populaire pour la nage et la vie marine p\u00e9lagique.<\/p>\n","protected":false},"author":2,"featured_media":8728,"parent":8765,"menu_order":0,"comment_status":"closed","ping_status":"closed","template":"","meta":{"_acf_changed":false,"footnotes":""},"class_list":["post-8727","page","type-page","status-publish","has-post-thumbnail","hentry"],"acf":[],"yoast_head":"<!-- This site is optimized with the Yoast SEO Premium plugin v27.6 (Yoast SEO v27.6) - https:\/\/yoast.com\/product\/yoast-seo-premium-wordpress\/ -->\n<title>Site de plong\u00e9e Green Rock Koh Tao | Black Turtle Dive<\/title>\n<meta name=\"description\" content=\"Le site de plong\u00e9e de Green Rock sur Koh Tao est situ\u00e9 sur la c\u00f4te nord-ouest de l&#039;\u00eele de Koh Nang Yuan et est tr\u00e8s populaire pour la nage et la vie marine p\u00e9lagique.\" \/>\n<meta name=\"robots\" content=\"index, follow, max-snippet:-1, max-image-preview:large, max-video-preview:-1\" \/>\n<link rel=\"canonical\" href=\"https:\/\/www.blackturtledive.com\/fr\/koh-tao-dive-sites\/green-rock\/\" \/>\n<meta property=\"og:locale\" content=\"fr_FR\" \/>\n<meta property=\"og:type\" content=\"article\" \/>\n<meta property=\"og:title\" content=\"Green Rock\" \/>\n<meta property=\"og:description\" content=\"Le site de plong\u00e9e de Green Rock sur Koh Tao est situ\u00e9 sur la c\u00f4te nord-ouest de l&#039;\u00eele de Koh Nang Yuan et est tr\u00e8s populaire pour la nage et la vie marine p\u00e9lagique.\" \/>\n<meta property=\"og:url\" content=\"https:\/\/www.blackturtledive.com\/fr\/koh-tao-dive-sites\/green-rock\/\" \/>\n<meta property=\"og:site_name\" content=\"Black Turtle Dive Koh Tao\" \/>\n<meta property=\"article:publisher\" content=\"https:\/\/www.facebook.com\/blackturtledive\" \/>\n<meta property=\"article:modified_time\" content=\"2021-10-18T08:08:23+00:00\" \/>\n<meta property=\"og:image\" content=\"https:\/\/www.blackturtledive.com\/wp-content\/uploads\/2020\/11\/blackturtledive.com-best-padi-divemaster-course-koh-tao.jpg\" \/>\n\t<meta property=\"og:image:width\" content=\"1200\" \/>\n\t<meta property=\"og:image:height\" content=\"800\" \/>\n\t<meta property=\"og:image:type\" content=\"image\/jpeg\" \/>\n<meta name=\"twitter:card\" content=\"summary_large_image\" \/>\n<meta name=\"twitter:image\" content=\"https:\/\/www.blackturtledive.com\/wp-content\/uploads\/2020\/11\/blackturtledive.com-best-padi-divemaster-course-koh-tao.jpg\" \/>\n<meta name=\"twitter:site\" content=\"@blackturtledive\" \/>\n<meta name=\"twitter:label1\" content=\"Dur\u00e9e de lecture estim\u00e9e\" \/>\n\t<meta name=\"twitter:data1\" content=\"4 minutes\" \/>\n<!-- \/ Yoast SEO Premium plugin. -->","yoast_head_json":{"title":"Site de plong\u00e9e Green Rock Koh Tao | Black Turtle Dive","description":"Le site de plong\u00e9e de Green Rock sur Koh Tao est situ\u00e9 sur la c\u00f4te nord-ouest de l'\u00eele de Koh Nang Yuan et est tr\u00e8s populaire pour la nage et la vie marine p\u00e9lagique.","robots":{"index":"index","follow":"follow","max-snippet":"max-snippet:-1","max-image-preview":"max-image-preview:large","max-video-preview":"max-video-preview:-1"},"canonical":"https:\/\/www.blackturtledive.com\/fr\/koh-tao-dive-sites\/green-rock\/","og_locale":"fr_FR","og_type":"article","og_title":"Green Rock","og_description":"Le site de plong\u00e9e de Green Rock sur Koh Tao est situ\u00e9 sur la c\u00f4te nord-ouest de l'\u00eele de Koh Nang Yuan et est tr\u00e8s populaire pour la nage et la vie marine p\u00e9lagique.","og_url":"https:\/\/www.blackturtledive.com\/fr\/koh-tao-dive-sites\/green-rock\/","og_site_name":"Black Turtle Dive Koh Tao","article_publisher":"https:\/\/www.facebook.com\/blackturtledive","article_modified_time":"2021-10-18T08:08:23+00:00","og_image":[{"width":1200,"height":800,"url":"https:\/\/www.blackturtledive.com\/wp-content\/uploads\/2020\/11\/blackturtledive.com-best-padi-divemaster-course-koh-tao.jpg","type":"image\/jpeg"}],"twitter_card":"summary_large_image","twitter_image":"https:\/\/www.blackturtledive.com\/wp-content\/uploads\/2020\/11\/blackturtledive.com-best-padi-divemaster-course-koh-tao.jpg","twitter_site":"@blackturtledive","twitter_misc":{"Dur\u00e9e de lecture estim\u00e9e":"4 minutes"},"schema":{"@context":"https:\/\/schema.org","@graph":[{"@type":"WebPage","@id":"https:\/\/www.blackturtledive.com\/fr\/koh-tao-dive-sites\/green-rock\/","url":"https:\/\/www.blackturtledive.com\/fr\/koh-tao-dive-sites\/green-rock\/","name":"Site de plong\u00e9e Green Rock Koh Tao | Black Turtle Dive","isPartOf":{"@id":"https:\/\/www.blackturtledive.com\/fr\/#website"},"primaryImageOfPage":{"@id":"https:\/\/www.blackturtledive.com\/fr\/koh-tao-dive-sites\/green-rock\/#primaryimage"},"image":{"@id":"https:\/\/www.blackturtledive.com\/fr\/koh-tao-dive-sites\/green-rock\/#primaryimage"},"thumbnailUrl":"https:\/\/www.blackturtledive.com\/wp-content\/uploads\/2021\/01\/blackturtledive.com-green-rock-dive-site-koh-tao-butterfly-fish.jpg","datePublished":"2020-09-19T15:49:46+00:00","dateModified":"2021-10-18T08:08:23+00:00","description":"Le site de plong\u00e9e de Green Rock sur Koh Tao est situ\u00e9 sur la c\u00f4te nord-ouest de l'\u00eele de Koh Nang Yuan et est tr\u00e8s populaire pour la nage et la vie marine p\u00e9lagique.","breadcrumb":{"@id":"https:\/\/www.blackturtledive.com\/fr\/koh-tao-dive-sites\/green-rock\/#breadcrumb"},"inLanguage":"fr-FR","potentialAction":[{"@type":"ReadAction","target":["https:\/\/www.blackturtledive.com\/fr\/koh-tao-dive-sites\/green-rock\/"]}]},{"@type":"ImageObject","inLanguage":"fr-FR","@id":"https:\/\/www.blackturtledive.com\/fr\/koh-tao-dive-sites\/green-rock\/#primaryimage","url":"https:\/\/www.blackturtledive.com\/wp-content\/uploads\/2021\/01\/blackturtledive.com-green-rock-dive-site-koh-tao-butterfly-fish.jpg","contentUrl":"https:\/\/www.blackturtledive.com\/wp-content\/uploads\/2021\/01\/blackturtledive.com-green-rock-dive-site-koh-tao-butterfly-fish.jpg","width":1100,"height":619,"caption":"Green Rock Dive Site Koh Tao"},{"@type":"BreadcrumbList","@id":"https:\/\/www.blackturtledive.com\/fr\/koh-tao-dive-sites\/green-rock\/#breadcrumb","itemListElement":[{"@type":"ListItem","position":1,"name":"Home","item":"https:\/\/www.blackturtledive.com\/fr\/home\/"},{"@type":"ListItem","position":2,"name":"Sites de plong\u00e9e \u00e0 Koh Tao","item":"https:\/\/www.blackturtledive.com\/fr\/koh-tao-dive-sites\/"},{"@type":"ListItem","position":3,"name":"Green Rock"}]},{"@type":"WebSite","@id":"https:\/\/www.blackturtledive.com\/fr\/#website","url":"https:\/\/www.blackturtledive.com\/fr\/","name":"Black Turtle Dive Koh Tao","description":"Ocean Explorers | Marine Protectors","publisher":{"@id":"https:\/\/www.blackturtledive.com\/fr\/#organization"},"alternateName":"Black Turtle Dive in Thailand","potentialAction":[{"@type":"SearchAction","target":{"@type":"EntryPoint","urlTemplate":"https:\/\/www.blackturtledive.com\/fr\/?s={search_term_string}"},"query-input":{"@type":"PropertyValueSpecification","valueRequired":true,"valueName":"search_term_string"}}],"inLanguage":"fr-FR"},{"@type":"Organization","@id":"https:\/\/www.blackturtledive.com\/fr\/#organization","name":"Black Turtle Dive Koh Tao","alternateName":"Black Turtle Dive","url":"https:\/\/www.blackturtledive.com\/fr\/","logo":{"@type":"ImageObject","inLanguage":"fr-FR","@id":"https:\/\/www.blackturtledive.com\/fr\/#\/schema\/logo\/image\/","url":"https:\/\/www.blackturtledive.com\/wp-content\/uploads\/2020\/11\/cropped-blackturtledive.com-brand-logo.png","contentUrl":"https:\/\/www.blackturtledive.com\/wp-content\/uploads\/2020\/11\/cropped-blackturtledive.com-brand-logo.png","width":400,"height":400,"caption":"Black Turtle Dive Koh Tao"},"image":{"@id":"https:\/\/www.blackturtledive.com\/fr\/#\/schema\/logo\/image\/"},"sameAs":["https:\/\/www.facebook.com\/blackturtledive","https:\/\/x.com\/blackturtledive","https:\/\/www.instagram.com\/blackturtledive\/","https:\/\/www.youtube.com\/blackturtledive","https:\/\/www.linkedin.com\/company\/blackturtledive\/","https:\/\/www.tumblr.com\/blackturtledive","https:\/\/www.pinterest.com\/blackturtledive\/","https:\/\/www.tiktok.com\/@blackturtledive","https:\/\/www.reddit.com\/user\/blackturtledive\/"],"description":"Black Turtle Dive is a modern and innovative 5 Star Career Development Scuba Diving Center, passionate about the ocean and through training we want to empower you to become a competent and confident scuba diver. Our diving courses equip you with the skills, knowledge and awareness necessary to explore the ocean safely, whilst becoming a passionate advocate and protector of the marine environment. If you have never dived before or are a certified diver and want to develop your skills further, our tailored, bespoke courses and programs will inspire you to become an Ocean advocate. Our scientific based Marine Conservation Internships and training programs, offer aspiring scuba divers and marine conservationists, the best marine conservation internships on Koh Tao. We currently offer students six levels of Marine Conservation Internships at our beachside location on Koh Tao in Thailand. Check out our website for more information.","email":"info@blackturtledive.com","telephone":"089 592 2134","legalName":"Black Turtle Dive Co Ltd","foundingDate":"2020-01-01","publishingPrinciples":"https:\/\/www.blackturtledive.com\/terms\/","ownershipFundingInfo":"https:\/\/www.blackturtledive.com\/terms\/","actionableFeedbackPolicy":"https:\/\/www.blackturtledive.com\/privacy-policy\/","correctionsPolicy":"https:\/\/www.blackturtledive.com\/privacy-policy\/","ethicsPolicy":"https:\/\/www.blackturtledive.com\/privacy-policy\/","diversityPolicy":"https:\/\/www.blackturtledive.com\/privacy-policy\/"}]}},"_links":{"self":[{"href":"https:\/\/www.blackturtledive.com\/fr\/wp-json\/wp\/v2\/pages\/8727","targetHints":{"allow":["GET"]}}],"collection":[{"href":"https:\/\/www.blackturtledive.com\/fr\/wp-json\/wp\/v2\/pages"}],"about":[{"href":"https:\/\/www.blackturtledive.com\/fr\/wp-json\/wp\/v2\/types\/page"}],"author":[{"embeddable":true,"href":"https:\/\/www.blackturtledive.com\/fr\/wp-json\/wp\/v2\/users\/2"}],"replies":[{"embeddable":true,"href":"https:\/\/www.blackturtledive.com\/fr\/wp-json\/wp\/v2\/comments?post=8727"}],"version-history":[{"count":0,"href":"https:\/\/www.blackturtledive.com\/fr\/wp-json\/wp\/v2\/pages\/8727\/revisions"}],"up":[{"embeddable":true,"href":"https:\/\/www.blackturtledive.com\/fr\/wp-json\/wp\/v2\/pages\/8765"}],"wp:featuredmedia":[{"embeddable":true,"href":"https:\/\/www.blackturtledive.com\/fr\/wp-json\/wp\/v2\/media\/8728"}],"wp:attachment":[{"href":"https:\/\/www.blackturtledive.com\/fr\/wp-json\/wp\/v2\/media?parent=8727"}],"curies":[{"name":"wp","href":"https:\/\/api.w.org\/{rel}","templated":true}]}}