{"id":8738,"date":"2020-09-19T22:49:17","date_gmt":"2020-09-19T15:49:17","guid":{"rendered":"https:\/\/www.blackturtledive.com\/shark-island\/"},"modified":"2021-10-18T15:08:23","modified_gmt":"2021-10-18T08:08:23","slug":"shark-island","status":"publish","type":"page","link":"https:\/\/www.blackturtledive.com\/fr\/koh-tao-dive-sites\/shark-island\/","title":{"rendered":"Shark Island"},"content":{"rendered":"<div class=\"wpb-content-wrapper\"><p>[vc_row][vc_column][vc_column_text]<\/p>\n<h3><span style=\"color: #28d4ff;\">En savoir plus sur le site de plong\u00e9e de Shark Island \u00e0 Koh Tao<br \/>\n<\/span><\/h3>\n<p>Le site de plong\u00e9e de Shark Island <a href=\"https:\/\/www.blackturtledive.com\/koh-tao\/\">Koh Tao<\/a> est situ\u00e9 au large de la c\u00f4te sud et est un excellent site de plong\u00e9e avec une <a href=\"https:\/\/www.blackturtledive.com\/koh-tao-marine-life\/\">vie marine<\/a> abondante et le mieux adapt\u00e9 aux <a href=\"https:\/\/www.blackturtledive.com\/padi-diving-courses\/\">plongeurs<\/a> avanc\u00e9s.<\/p>\n<ul>\n<li>Localisation : \u00c0 moins de 1 km de la pointe sud-est de Koh Tao<\/li>\n<li>Profondeur : Max 28m, Min 0m \u2013 Moyenne 14m<\/li>\n<li>Trident MV : Max 36m<\/li>\n<li>Type de site : Petite \u00eele rocheuse granitique<\/li>\n<li>Niveau : Plongeur <a href=\"https:\/\/www.blackturtledive.com\/padi-diving-courses\/advanced-open-water-course\/\">Advanced Open<\/a> Water<\/li>\n<li>Conditions : Peut avoir un fort courant en raison de l&#8217;emplacement expos\u00e9<\/li>\n<li>Visibilit\u00e9 moyenne : 2-30 m\u00e8tres<\/li>\n<\/ul>\n<figure id=\"attachment_3676\" aria-describedby=\"caption-attachment-3676\" style=\"width: 1000px\" class=\"wp-caption alignnone\"><img decoding=\"async\" class=\"size-full wp-image-3676\" src=\"https:\/\/www.blackturtledive.com\/wp-content\/uploads\/2021\/01\/blackturtledive.com-shark-island-dive-site-whaleshark.jpg\" alt=\"Shark Island Dive Site Koh Tao\" width=\"1000\" height=\"667\" srcset=\"https:\/\/www.blackturtledive.com\/wp-content\/uploads\/2021\/01\/blackturtledive.com-shark-island-dive-site-whaleshark.jpg 1000w, https:\/\/www.blackturtledive.com\/wp-content\/uploads\/2021\/01\/blackturtledive.com-shark-island-dive-site-whaleshark-300x200.jpg 300w, https:\/\/www.blackturtledive.com\/wp-content\/uploads\/2021\/01\/blackturtledive.com-shark-island-dive-site-whaleshark-768x512.jpg 768w, https:\/\/www.blackturtledive.com\/wp-content\/uploads\/2021\/01\/blackturtledive.com-shark-island-dive-site-whaleshark-150x100.jpg 150w\" sizes=\"(max-width: 1000px) 100vw, 1000px\" \/><figcaption id=\"caption-attachment-3676\" class=\"wp-caption-text\">Shark Island Dive Site Koh Tao<\/figcaption><\/figure>\n<h3>Shark Island \u2013 Superbes coraux mous et faune<\/h3>\n<p>Shark Island est un \u00eelot granitique inhabitable compos\u00e9 de beaucoup de tr\u00e8s gros rochers qui s&rsquo;\u00e9l\u00e8vent \u00e0 plus de 10 m\u00e8tres hors de l&rsquo;eau et jusqu&rsquo;\u00e0 15 m\u00e8tres sous l&rsquo;eau.<\/p>\n<p>Situ\u00e9e \u00e0 moins d&rsquo;un kilom\u00e8tre de la<span style=\"color: #28d4ff;\"> c\u00f4te sud-est de Koh Tao<\/span>, l&rsquo;\u00eele tire son nom de la partie de l&rsquo;\u00eele au-dessus de l&rsquo;eau qui ressemble \u00e0 la nageoire dorsale d&rsquo;un requin.<\/p>\n<p>L&rsquo;un des rares sites de plong\u00e9e autour de Koh Tao o\u00f9 un fort courant peut signifier un changement de site de plong\u00e9e, par une bonne journ\u00e9e, Shark Island est absolument magnifique avec beaucoup de couleurs et de vie marine.<\/p>\n<h3><span style=\"color: #28d4ff;\">Superbes couleurs et vie marine<br \/>\n<\/span><\/h3>\n<p>Vous d\u00e9couvrirez des coraux mous pourpres, des coraux durs, de grands \u00e9ventails de gorgones, des coraux fouets, des \u00e9ponges barils et des coraux cerveau, parsem\u00e9s de gros rochers qui constituent la majorit\u00e9 du terrain sous-marin.<\/p>\n<p>Les rochers rencontrent du sable entre 15 et 18 m\u00e8tres avec des rochers \u00e0 l&rsquo;ext\u00e9rieur du site de plong\u00e9e principal, puis descendent \u00e0 26-28 m\u00e8tres au large de l&rsquo;extr\u00e9mit\u00e9 sud-est du site.<\/p>\n<p>Plus profond\u00e9ment encore et au sud de Shark Island se trouve le <span style=\"color: #28d4ff;\">MV Trident<\/span>, un ancien navire des garde-c\u00f4tes allemands \u00e0 coque en acier et un ancien bateau de plong\u00e9e technique.<\/p>\n<p>Le MV Trident a \u00e9t\u00e9 coul\u00e9 en septembre 2010 et repose dans 36 m\u00e8tres d&rsquo;eau et cette zone a souvent un fort courant, qui combin\u00e9 \u00e0 la profondeur de cette \u00e9pave n&rsquo;est pas adapt\u00e9 aux plongeurs inexp\u00e9riment\u00e9s.<\/p>\n<figure id=\"attachment_1052\" aria-describedby=\"caption-attachment-1052\" style=\"width: 1100px\" class=\"wp-caption alignnone\"><img decoding=\"async\" class=\"size-full wp-image-1052\" src=\"https:\/\/www.blackturtledive.com\/wp-content\/uploads\/2020\/11\/blackturtledive.com-shark-island-dive-sitekoh-tao.jpg\" alt=\"Shark island dive site, Koh Tao, Thailand\" width=\"1100\" height=\"776\" srcset=\"https:\/\/www.blackturtledive.com\/wp-content\/uploads\/2020\/11\/blackturtledive.com-shark-island-dive-sitekoh-tao.jpg 1100w, https:\/\/www.blackturtledive.com\/wp-content\/uploads\/2020\/11\/blackturtledive.com-shark-island-dive-sitekoh-tao-300x212.jpg 300w, https:\/\/www.blackturtledive.com\/wp-content\/uploads\/2020\/11\/blackturtledive.com-shark-island-dive-sitekoh-tao-1024x722.jpg 1024w, https:\/\/www.blackturtledive.com\/wp-content\/uploads\/2020\/11\/blackturtledive.com-shark-island-dive-sitekoh-tao-768x542.jpg 768w, https:\/\/www.blackturtledive.com\/wp-content\/uploads\/2020\/11\/blackturtledive.com-shark-island-dive-sitekoh-tao-150x106.jpg 150w, https:\/\/www.blackturtledive.com\/wp-content\/uploads\/2020\/11\/blackturtledive.com-shark-island-dive-sitekoh-tao-450x317.jpg 450w\" sizes=\"(max-width: 1100px) 100vw, 1100px\" \/><figcaption id=\"caption-attachment-1052\" class=\"wp-caption-text\">Shark island, koh Tao, Thailand<\/figcaption><\/figure>\n<h3>Plong\u00e9e technique sur l\u2019\u00e9pave MV Trident \u00e0 Koh Tao<\/h3>\n<p>Le MV Trident convient aux <a href=\"https:\/\/www.blackturtledive.com\/padi-specialty-courses\/\">plongeurs certifi\u00e9s Nitrox<\/a> qui ont une formation et une exp\u00e9rience en plong\u00e9e profonde et l&rsquo;\u00e9pave est souvent utilis\u00e9e pour les plong\u00e9es de formation technique d&rsquo;entr\u00e9e de gamme.<\/p>\n<p>Les rochers de granit tout autour de Shark Island abritent une vari\u00e9t\u00e9 de nudibranches et de limaces verruqueuses, tandis que les raies \u00e0 queue ruban tachet\u00e9e de bleu s&rsquo;abritent sous les affleurements, les mur\u00e8nes vous regardent alors qu&rsquo;elles \u00e9mergent des trous form\u00e9s entre les rochers.<\/p>\n<p>Shark Island regorge de poissons de r\u00e9cif, y compris des bancs de poissons-papillons qui nagent activement autour du r\u00e9cif en cueillant des polypes coralliens.<\/p>\n<h3><span style=\"color: #28d4ff;\">Shark Island \u2013 \u00celot de granit inhabit\u00e9<br \/>\n<\/span><\/h3>\n<p>Vous trouverez des an\u00e9mones de mer et des centaines de demoiselles nageant autour de la table, des coraux se nourrissant d&rsquo;algues et, s&rsquo;ils ont de la chance, un ou deux petits crustac\u00e9s.<\/p>\n<p>Vous pouvez \u00e9galement voir le magnifique <a href=\"https:\/\/www.blackturtledive.com\/koh-tao-marine-life\/scribbled-file-fish\/\">poisson-lime griffonn\u00e9<\/a> \u00e0 Shark Island et \u00e9galement \u00eatre conscient des balistes titan dans les environs.<\/p>\n<p>Les gaterins arlequins se cachent dans l&rsquo;ombre des plus gros rochers avec des <a href=\"https:\/\/www.blackturtledive.com\/koh-tao-marine-life\/tailfin-batfish\/\">platax curieux<\/a> qui passent lentement sans se soucier du monde.<\/p>\n<p>Le site de plong\u00e9e de Shark Island propose \u00e9galement aux plongeurs de grands bancs de barracudas \u00e0 queue jaune qui scintillent \u00e0 la lumi\u00e8re lorsque le soleil se refl\u00e8te sur leurs \u00e9cailles argent\u00e9es.<\/p>\n<figure id=\"attachment_3803\" aria-describedby=\"caption-attachment-3803\" style=\"width: 1100px\" class=\"wp-caption alignnone\"><img decoding=\"async\" class=\"size-full wp-image-3803\" src=\"https:\/\/www.blackturtledive.com\/wp-content\/uploads\/2021\/01\/blackturtledive.com-shark-island-dive-site-butterfly-fish.jpg\" alt=\"Shark Island Dive Site \" width=\"1100\" height=\"575\" srcset=\"https:\/\/www.blackturtledive.com\/wp-content\/uploads\/2021\/01\/blackturtledive.com-shark-island-dive-site-butterfly-fish.jpg 1100w, https:\/\/www.blackturtledive.com\/wp-content\/uploads\/2021\/01\/blackturtledive.com-shark-island-dive-site-butterfly-fish-300x157.jpg 300w, https:\/\/www.blackturtledive.com\/wp-content\/uploads\/2021\/01\/blackturtledive.com-shark-island-dive-site-butterfly-fish-1024x535.jpg 1024w, https:\/\/www.blackturtledive.com\/wp-content\/uploads\/2021\/01\/blackturtledive.com-shark-island-dive-site-butterfly-fish-768x401.jpg 768w, https:\/\/www.blackturtledive.com\/wp-content\/uploads\/2021\/01\/blackturtledive.com-shark-island-dive-site-butterfly-fish-150x78.jpg 150w\" sizes=\"(max-width: 1100px) 100vw, 1100px\" \/><figcaption id=\"caption-attachment-3803\" class=\"wp-caption-text\">Shark Island Dive Site<\/figcaption><\/figure>\n<h3>Requins baleines \u00e0 Shark Island<\/h3>\n<p>Cette zone est fr\u00e9quemment visit\u00e9e par les tortues marines locales et c&rsquo;est un endroit id\u00e9al pour voir un <a href=\"https:\/\/www.blackturtledive.com\/koh-tao-marine-life\/whaleshark\/\">requin baleine<\/a> pendant la saison.<\/p>\n<p>Shark Island est tr\u00e8s certainement un <a href=\"https:\/\/www.blackturtledive.com\/koh-tao-dive-sites\/\">site de plong\u00e9e<\/a> adapt\u00e9 aux plongeurs avanc\u00e9s, surtout si les conditions ne sont pas id\u00e9ales.<br \/>\nBien que le site de plong\u00e9e ne soit pas connu pour les plong\u00e9es de formation, il offre une bonne profondeur pour la formation profonde et<\/p>\n<p>est parfait pour une plong\u00e9e d\u2019identification des poissons ou une plong\u00e9e naturaliste sous-marine et devrait figurer sur la liste de chaque plongeur qui r\u00e9serve un forfait de plong\u00e9e amusant.[\/vc_column_text][\/vc_column][\/vc_row]<\/p>\n<\/div>","protected":false},"excerpt":{"rendered":"<p>Le site de plong\u00e9e de Shark Island Koh Tao est situ\u00e9 au large de la c\u00f4te sud et est un excellent site de plong\u00e9e avec une vie marine abondante et le mieux adapt\u00e9 aux plongeurs avanc\u00e9s.<\/p>\n","protected":false},"author":2,"featured_media":8739,"parent":8765,"menu_order":0,"comment_status":"closed","ping_status":"closed","template":"","meta":{"_acf_changed":false,"footnotes":""},"class_list":["post-8738","page","type-page","status-publish","has-post-thumbnail","hentry"],"acf":[],"yoast_head":"<!-- This site is optimized with the Yoast SEO Premium plugin v27.6 (Yoast SEO v27.6) - https:\/\/yoast.com\/product\/yoast-seo-premium-wordpress\/ -->\n<title>Site de plong\u00e9e Shark Island Koh Tao | Black Turtle Dive<\/title>\n<meta name=\"description\" content=\"Le site de plong\u00e9e de Shark Island Koh Tao est situ\u00e9 au large de la c\u00f4te sud et est un excellent site de plong\u00e9e avec une vie marine abondante et le mieux adapt\u00e9 aux plongeurs avanc\u00e9s.\" \/>\n<meta name=\"robots\" content=\"index, follow, max-snippet:-1, max-image-preview:large, max-video-preview:-1\" \/>\n<link rel=\"canonical\" href=\"https:\/\/www.blackturtledive.com\/fr\/koh-tao-dive-sites\/shark-island\/\" \/>\n<meta property=\"og:locale\" content=\"fr_FR\" \/>\n<meta property=\"og:type\" content=\"article\" \/>\n<meta property=\"og:title\" content=\"Shark Island\" \/>\n<meta property=\"og:description\" content=\"Le site de plong\u00e9e de Shark Island Koh Tao est situ\u00e9 au large de la c\u00f4te sud et est un excellent site de plong\u00e9e avec une vie marine abondante et le mieux adapt\u00e9 aux plongeurs avanc\u00e9s.\" \/>\n<meta property=\"og:url\" content=\"https:\/\/www.blackturtledive.com\/fr\/koh-tao-dive-sites\/shark-island\/\" \/>\n<meta property=\"og:site_name\" content=\"Black Turtle Dive Koh Tao\" \/>\n<meta property=\"article:publisher\" content=\"https:\/\/www.facebook.com\/blackturtledive\" \/>\n<meta property=\"article:modified_time\" content=\"2021-10-18T08:08:23+00:00\" \/>\n<meta property=\"og:image\" content=\"https:\/\/www.blackturtledive.com\/wp-content\/uploads\/2020\/11\/blackturtledive.com-best-padi-divemaster-course-koh-tao.jpg\" \/>\n\t<meta property=\"og:image:width\" content=\"1200\" \/>\n\t<meta property=\"og:image:height\" content=\"800\" \/>\n\t<meta property=\"og:image:type\" content=\"image\/jpeg\" \/>\n<meta name=\"twitter:card\" content=\"summary_large_image\" \/>\n<meta name=\"twitter:image\" content=\"https:\/\/www.blackturtledive.com\/wp-content\/uploads\/2020\/11\/blackturtledive.com-best-padi-divemaster-course-koh-tao.jpg\" \/>\n<meta name=\"twitter:site\" content=\"@blackturtledive\" \/>\n<meta name=\"twitter:label1\" content=\"Dur\u00e9e de lecture estim\u00e9e\" \/>\n\t<meta name=\"twitter:data1\" content=\"4 minutes\" \/>\n<!-- \/ Yoast SEO Premium plugin. -->","yoast_head_json":{"title":"Site de plong\u00e9e Shark Island Koh Tao | Black Turtle Dive","description":"Le site de plong\u00e9e de Shark Island Koh Tao est situ\u00e9 au large de la c\u00f4te sud et est un excellent site de plong\u00e9e avec une vie marine abondante et le mieux adapt\u00e9 aux plongeurs avanc\u00e9s.","robots":{"index":"index","follow":"follow","max-snippet":"max-snippet:-1","max-image-preview":"max-image-preview:large","max-video-preview":"max-video-preview:-1"},"canonical":"https:\/\/www.blackturtledive.com\/fr\/koh-tao-dive-sites\/shark-island\/","og_locale":"fr_FR","og_type":"article","og_title":"Shark Island","og_description":"Le site de plong\u00e9e de Shark Island Koh Tao est situ\u00e9 au large de la c\u00f4te sud et est un excellent site de plong\u00e9e avec une vie marine abondante et le mieux adapt\u00e9 aux plongeurs avanc\u00e9s.","og_url":"https:\/\/www.blackturtledive.com\/fr\/koh-tao-dive-sites\/shark-island\/","og_site_name":"Black Turtle Dive Koh Tao","article_publisher":"https:\/\/www.facebook.com\/blackturtledive","article_modified_time":"2021-10-18T08:08:23+00:00","og_image":[{"width":1200,"height":800,"url":"https:\/\/www.blackturtledive.com\/wp-content\/uploads\/2020\/11\/blackturtledive.com-best-padi-divemaster-course-koh-tao.jpg","type":"image\/jpeg"}],"twitter_card":"summary_large_image","twitter_image":"https:\/\/www.blackturtledive.com\/wp-content\/uploads\/2020\/11\/blackturtledive.com-best-padi-divemaster-course-koh-tao.jpg","twitter_site":"@blackturtledive","twitter_misc":{"Dur\u00e9e de lecture estim\u00e9e":"4 minutes"},"schema":{"@context":"https:\/\/schema.org","@graph":[{"@type":"WebPage","@id":"https:\/\/www.blackturtledive.com\/fr\/koh-tao-dive-sites\/shark-island\/","url":"https:\/\/www.blackturtledive.com\/fr\/koh-tao-dive-sites\/shark-island\/","name":"Site de plong\u00e9e Shark Island Koh Tao | Black Turtle Dive","isPartOf":{"@id":"https:\/\/www.blackturtledive.com\/fr\/#website"},"primaryImageOfPage":{"@id":"https:\/\/www.blackturtledive.com\/fr\/koh-tao-dive-sites\/shark-island\/#primaryimage"},"image":{"@id":"https:\/\/www.blackturtledive.com\/fr\/koh-tao-dive-sites\/shark-island\/#primaryimage"},"thumbnailUrl":"https:\/\/www.blackturtledive.com\/wp-content\/uploads\/2021\/01\/blackturtledive.com-shark-island-dive-site-whaleshark.jpg","datePublished":"2020-09-19T15:49:17+00:00","dateModified":"2021-10-18T08:08:23+00:00","description":"Le site de plong\u00e9e de Shark Island Koh Tao est situ\u00e9 au large de la c\u00f4te sud et est un excellent site de plong\u00e9e avec une vie marine abondante et le mieux adapt\u00e9 aux plongeurs avanc\u00e9s.","breadcrumb":{"@id":"https:\/\/www.blackturtledive.com\/fr\/koh-tao-dive-sites\/shark-island\/#breadcrumb"},"inLanguage":"fr-FR","potentialAction":[{"@type":"ReadAction","target":["https:\/\/www.blackturtledive.com\/fr\/koh-tao-dive-sites\/shark-island\/"]}]},{"@type":"ImageObject","inLanguage":"fr-FR","@id":"https:\/\/www.blackturtledive.com\/fr\/koh-tao-dive-sites\/shark-island\/#primaryimage","url":"https:\/\/www.blackturtledive.com\/wp-content\/uploads\/2021\/01\/blackturtledive.com-shark-island-dive-site-whaleshark.jpg","contentUrl":"https:\/\/www.blackturtledive.com\/wp-content\/uploads\/2021\/01\/blackturtledive.com-shark-island-dive-site-whaleshark.jpg","width":1000,"height":667,"caption":"Shark Island Dive Site Koh Tao"},{"@type":"BreadcrumbList","@id":"https:\/\/www.blackturtledive.com\/fr\/koh-tao-dive-sites\/shark-island\/#breadcrumb","itemListElement":[{"@type":"ListItem","position":1,"name":"Home","item":"https:\/\/www.blackturtledive.com\/fr\/home\/"},{"@type":"ListItem","position":2,"name":"Sites de plong\u00e9e \u00e0 Koh Tao","item":"https:\/\/www.blackturtledive.com\/fr\/koh-tao-dive-sites\/"},{"@type":"ListItem","position":3,"name":"Shark Island"}]},{"@type":"WebSite","@id":"https:\/\/www.blackturtledive.com\/fr\/#website","url":"https:\/\/www.blackturtledive.com\/fr\/","name":"Black Turtle Dive Koh Tao","description":"Ocean Explorers | Marine Protectors","publisher":{"@id":"https:\/\/www.blackturtledive.com\/fr\/#organization"},"alternateName":"Black Turtle Dive in Thailand","potentialAction":[{"@type":"SearchAction","target":{"@type":"EntryPoint","urlTemplate":"https:\/\/www.blackturtledive.com\/fr\/?s={search_term_string}"},"query-input":{"@type":"PropertyValueSpecification","valueRequired":true,"valueName":"search_term_string"}}],"inLanguage":"fr-FR"},{"@type":"Organization","@id":"https:\/\/www.blackturtledive.com\/fr\/#organization","name":"Black Turtle Dive Koh Tao","alternateName":"Black Turtle Dive","url":"https:\/\/www.blackturtledive.com\/fr\/","logo":{"@type":"ImageObject","inLanguage":"fr-FR","@id":"https:\/\/www.blackturtledive.com\/fr\/#\/schema\/logo\/image\/","url":"https:\/\/www.blackturtledive.com\/wp-content\/uploads\/2020\/11\/cropped-blackturtledive.com-brand-logo.png","contentUrl":"https:\/\/www.blackturtledive.com\/wp-content\/uploads\/2020\/11\/cropped-blackturtledive.com-brand-logo.png","width":400,"height":400,"caption":"Black Turtle Dive Koh Tao"},"image":{"@id":"https:\/\/www.blackturtledive.com\/fr\/#\/schema\/logo\/image\/"},"sameAs":["https:\/\/www.facebook.com\/blackturtledive","https:\/\/x.com\/blackturtledive","https:\/\/www.instagram.com\/blackturtledive\/","https:\/\/www.youtube.com\/blackturtledive","https:\/\/www.linkedin.com\/company\/blackturtledive\/","https:\/\/www.tumblr.com\/blackturtledive","https:\/\/www.pinterest.com\/blackturtledive\/","https:\/\/www.tiktok.com\/@blackturtledive","https:\/\/www.reddit.com\/user\/blackturtledive\/"],"description":"Black Turtle Dive is a modern and innovative 5 Star Career Development Scuba Diving Center, passionate about the ocean and through training we want to empower you to become a competent and confident scuba diver. Our diving courses equip you with the skills, knowledge and awareness necessary to explore the ocean safely, whilst becoming a passionate advocate and protector of the marine environment. If you have never dived before or are a certified diver and want to develop your skills further, our tailored, bespoke courses and programs will inspire you to become an Ocean advocate. Our scientific based Marine Conservation Internships and training programs, offer aspiring scuba divers and marine conservationists, the best marine conservation internships on Koh Tao. We currently offer students six levels of Marine Conservation Internships at our beachside location on Koh Tao in Thailand. Check out our website for more information.","email":"info@blackturtledive.com","telephone":"089 592 2134","legalName":"Black Turtle Dive Co Ltd","foundingDate":"2020-01-01","publishingPrinciples":"https:\/\/www.blackturtledive.com\/terms\/","ownershipFundingInfo":"https:\/\/www.blackturtledive.com\/terms\/","actionableFeedbackPolicy":"https:\/\/www.blackturtledive.com\/privacy-policy\/","correctionsPolicy":"https:\/\/www.blackturtledive.com\/privacy-policy\/","ethicsPolicy":"https:\/\/www.blackturtledive.com\/privacy-policy\/","diversityPolicy":"https:\/\/www.blackturtledive.com\/privacy-policy\/"}]}},"_links":{"self":[{"href":"https:\/\/www.blackturtledive.com\/fr\/wp-json\/wp\/v2\/pages\/8738","targetHints":{"allow":["GET"]}}],"collection":[{"href":"https:\/\/www.blackturtledive.com\/fr\/wp-json\/wp\/v2\/pages"}],"about":[{"href":"https:\/\/www.blackturtledive.com\/fr\/wp-json\/wp\/v2\/types\/page"}],"author":[{"embeddable":true,"href":"https:\/\/www.blackturtledive.com\/fr\/wp-json\/wp\/v2\/users\/2"}],"replies":[{"embeddable":true,"href":"https:\/\/www.blackturtledive.com\/fr\/wp-json\/wp\/v2\/comments?post=8738"}],"version-history":[{"count":0,"href":"https:\/\/www.blackturtledive.com\/fr\/wp-json\/wp\/v2\/pages\/8738\/revisions"}],"up":[{"embeddable":true,"href":"https:\/\/www.blackturtledive.com\/fr\/wp-json\/wp\/v2\/pages\/8765"}],"wp:featuredmedia":[{"embeddable":true,"href":"https:\/\/www.blackturtledive.com\/fr\/wp-json\/wp\/v2\/media\/8739"}],"wp:attachment":[{"href":"https:\/\/www.blackturtledive.com\/fr\/wp-json\/wp\/v2\/media?parent=8738"}],"curies":[{"name":"wp","href":"https:\/\/api.w.org\/{rel}","templated":true}]}}