{"id":8740,"date":"2020-09-19T22:48:39","date_gmt":"2020-09-19T15:48:39","guid":{"rendered":"https:\/\/www.blackturtledive.com\/samran-pinnacle\/"},"modified":"2021-10-18T15:08:37","modified_gmt":"2021-10-18T08:08:37","slug":"samran-pinnacle","status":"publish","type":"page","link":"https:\/\/www.blackturtledive.com\/fr\/koh-tao-dive-sites\/samran-pinnacle\/","title":{"rendered":"Samran Pinnacle"},"content":{"rendered":"<div class=\"wpb-content-wrapper\"><p>[vc_row][vc_column][vc_column_text]<\/p>\n<h3><span style=\"color: #28d4ff;\">En savoir plus sur le site de plong\u00e9e Samran Pinnacles \u00e0 Koh Tao<br \/>\n<\/span><\/h3>\n<p>Le <a href=\"https:\/\/www.blackturtledive.com\/koh-tao-dive-sites\/\">site de plong\u00e9e<\/a> Samran Pinnacles Koh Tao est un site parfait pour les <a href=\"https:\/\/www.blackturtledive.com\/padi-diving-courses\/\">plongeurs<\/a> exp\u00e9riment\u00e9s qui s&rsquo;arr\u00eatent au retour de Sail Rock et offre une incroyable <a href=\"https:\/\/www.blackturtledive.com\/koh-tao-marine-life\/\">diversit\u00e9 marine<\/a>.<\/p>\n<ul>\n<li>Localisation : au sud-est de Koh Tao<\/li>\n<li>Profondeur : 9-28 m\u00e8tres<\/li>\n<li>Type de site : Pinacle<\/li>\n<li>Niveau : Plongeur <a href=\"https:\/\/www.blackturtledive.com\/padi-diving-courses\/advanced-open-water-course\/\">Advanced Open<\/a> Water<\/li>\n<li>Conditions : La visibilit\u00e9 peut \u00eatre excellente, courant possible<\/li>\n<li>Visibilit\u00e9 moyenne : 2-30m<\/li>\n<\/ul>\n<figure id=\"attachment_3796\" aria-describedby=\"caption-attachment-3796\" style=\"width: 1100px\" class=\"wp-caption alignnone\"><img decoding=\"async\" class=\"size-full wp-image-3796\" src=\"https:\/\/www.blackturtledive.com\/wp-content\/uploads\/2021\/01\/blackturtledive.com-sail-rock-dive-site-koh-tao-yellow-fusiliers.jpg\" alt=\"Samran Pinnacles Dive Site\" width=\"1100\" height=\"619\" srcset=\"https:\/\/www.blackturtledive.com\/wp-content\/uploads\/2021\/01\/blackturtledive.com-sail-rock-dive-site-koh-tao-yellow-fusiliers.jpg 1100w, https:\/\/www.blackturtledive.com\/wp-content\/uploads\/2021\/01\/blackturtledive.com-sail-rock-dive-site-koh-tao-yellow-fusiliers-300x169.jpg 300w, https:\/\/www.blackturtledive.com\/wp-content\/uploads\/2021\/01\/blackturtledive.com-sail-rock-dive-site-koh-tao-yellow-fusiliers-1024x576.jpg 1024w, https:\/\/www.blackturtledive.com\/wp-content\/uploads\/2021\/01\/blackturtledive.com-sail-rock-dive-site-koh-tao-yellow-fusiliers-768x432.jpg 768w, https:\/\/www.blackturtledive.com\/wp-content\/uploads\/2021\/01\/blackturtledive.com-sail-rock-dive-site-koh-tao-yellow-fusiliers-150x84.jpg 150w\" sizes=\"(max-width: 1100px) 100vw, 1100px\" \/><figcaption id=\"caption-attachment-3796\" class=\"wp-caption-text\">Samran Pinnacles Dive Site<\/figcaption><\/figure>\n<h3>Koh Tao \u2013 Les Pinacles de Samran<\/h3>\n<p>Samran Pinnacles est une s\u00e9rie de pinacles rocheux de granit sous-marins compl\u00e8tement immerg\u00e9s au milieu de l&rsquo;oc\u00e9an entre <a href=\"https:\/\/www.blackturtledive.com\/koh-tao-dive-sites\/sail-rock\/\">Sail Rock<\/a> et <a href=\"https:\/\/www.blackturtledive.com\/koh-tao\/\">Koh Tao<\/a>.<\/p>\n<p>S&rsquo;\u00e9levant \u00e0 une <span style=\"color: #28d4ff;\">profondeur submerg\u00e9e de 9 m\u00e8tres<\/span>, la roche s&rsquo;effondre et rencontre du sable \u00e0 environ 28 m\u00e8tres et le site de plong\u00e9e est relativement petit par rapport aux autres Pinnacles plus profonds de la r\u00e9gion.<\/p>\n<p>Samran Pinnacles est en haute mer, donc les courants sont parfois un peu plus forts que sur d&rsquo;autres sites de plong\u00e9e et comme il est plus profond que la moyenne, Samran Pinnacles est donc un site adapt\u00e9 aux plongeurs avanc\u00e9s.<\/p>\n<figure id=\"attachment_3671\" aria-describedby=\"caption-attachment-3671\" style=\"width: 1100px\" class=\"wp-caption alignnone\"><img decoding=\"async\" class=\"size-full wp-image-3671\" src=\"https:\/\/www.blackturtledive.com\/wp-content\/uploads\/2021\/01\/blackturtledive.com-sail-rock-dive-site-koh-tao-yellow-boxfish.jpg\" alt=\"Samran Pinnacles Dive Site Koh Tao\" width=\"1100\" height=\"619\" srcset=\"https:\/\/www.blackturtledive.com\/wp-content\/uploads\/2021\/01\/blackturtledive.com-sail-rock-dive-site-koh-tao-yellow-boxfish.jpg 1100w, https:\/\/www.blackturtledive.com\/wp-content\/uploads\/2021\/01\/blackturtledive.com-sail-rock-dive-site-koh-tao-yellow-boxfish-300x169.jpg 300w, https:\/\/www.blackturtledive.com\/wp-content\/uploads\/2021\/01\/blackturtledive.com-sail-rock-dive-site-koh-tao-yellow-boxfish-1024x576.jpg 1024w, https:\/\/www.blackturtledive.com\/wp-content\/uploads\/2021\/01\/blackturtledive.com-sail-rock-dive-site-koh-tao-yellow-boxfish-768x432.jpg 768w, https:\/\/www.blackturtledive.com\/wp-content\/uploads\/2021\/01\/blackturtledive.com-sail-rock-dive-site-koh-tao-yellow-boxfish-150x84.jpg 150w\" sizes=\"(max-width: 1100px) 100vw, 1100px\" \/><figcaption id=\"caption-attachment-3671\" class=\"wp-caption-text\">Samran Pinnacles Dive Site Koh Tao<\/figcaption><\/figure>\n<h3><span style=\"color: #28d4ff;\">Site de plong\u00e9e oc\u00e9anique \u2013 Samran Pinnacles<br \/>\n<\/span><\/h3>\n<p>Si les conditions sont bonnes, Samran Pinnacles est une plong\u00e9e absolument magnifique avec toute la vie marine que vous attendez de ces types de sites de plong\u00e9e.<\/p>\n<p>Des milliers de fusiliers \u00e0 dos jaune tourbillonneront autour de vous comme une tornade argent\u00e9e et jaune qui enveloppe le pinacle et vous d\u00e9couvrirez de grands bancs de carangues, de carangues et un vivaneau tachet\u00e9.<\/p>\n<p>En fait, lorsque d&rsquo;\u00e9normes bancs de <a href=\"https:\/\/www.blackturtledive.com\/koh-tao-marine-life\/chevron-barracuda\/\">barracudas \u00e0 chevrons<\/a> croisent par centaines, vous le remarquez lors de la plong\u00e9e sous-marine \u00e0 <span style=\"color: #28d4ff;\">Samran Pinnacles<\/span>.<\/p>\n<p>Le nombre de poissons que vous pouvez voir ici est \u00e9tonnant et il est facile de comprendre \u00e0 contrec\u0153ur pourquoi ce site de plong\u00e9e a parfois des filets de p\u00eache emm\u00eal\u00e9s.<\/p>\n<figure id=\"attachment_3798\" aria-describedby=\"caption-attachment-3798\" style=\"width: 1100px\" class=\"wp-caption alignnone\"><img decoding=\"async\" class=\"size-full wp-image-3798\" src=\"https:\/\/www.blackturtledive.com\/wp-content\/uploads\/2021\/01\/blackturtledive.com-sail-rock-dive-site-koh-tao-fusiliers.jpg\" alt=\"Samran Pinnacles Dive Site - Marine Life\" width=\"1100\" height=\"619\" srcset=\"https:\/\/www.blackturtledive.com\/wp-content\/uploads\/2021\/01\/blackturtledive.com-sail-rock-dive-site-koh-tao-fusiliers.jpg 1100w, https:\/\/www.blackturtledive.com\/wp-content\/uploads\/2021\/01\/blackturtledive.com-sail-rock-dive-site-koh-tao-fusiliers-300x169.jpg 300w, https:\/\/www.blackturtledive.com\/wp-content\/uploads\/2021\/01\/blackturtledive.com-sail-rock-dive-site-koh-tao-fusiliers-1024x576.jpg 1024w, https:\/\/www.blackturtledive.com\/wp-content\/uploads\/2021\/01\/blackturtledive.com-sail-rock-dive-site-koh-tao-fusiliers-768x432.jpg 768w, https:\/\/www.blackturtledive.com\/wp-content\/uploads\/2021\/01\/blackturtledive.com-sail-rock-dive-site-koh-tao-fusiliers-150x84.jpg 150w\" sizes=\"(max-width: 1100px) 100vw, 1100px\" \/><figcaption id=\"caption-attachment-3798\" class=\"wp-caption-text\">Samran Pinnacles Dive Site &#8211; Marine Life<\/figcaption><\/figure>\n<h3>Beaucoup de vie marine int\u00e9ressante<\/h3>\n<p>Samran Pinnacles offre \u00e9galement de nombreuses petites esp\u00e8ces marines int\u00e9ressantes en plus des bancs de poissons fascinants que vous trouverez en bancs.<\/p>\n<p>La roche principale n&rsquo;est pas compl\u00e8tement recouverte de corail, cependant, une s\u00e9lection de divers coraux durs et mous est expos\u00e9e.<\/p>\n<p>Vous pouvez trouver de grandes parcelles de coraux massifs ainsi que de nombreuses gorgones, des coraux fouets et des \u00e9ponges en baril avec des concombres de mer.<\/p>\n<p>Regardez attentivement dans les fissures et les crevasses et vous verrez une vari\u00e9t\u00e9 de crustac\u00e9s ainsi que les int\u00e9ressants cauris du tigre.<\/p>\n<figure id=\"attachment_3800\" aria-describedby=\"caption-attachment-3800\" style=\"width: 1100px\" class=\"wp-caption alignnone\"><img decoding=\"async\" class=\"size-full wp-image-3800\" src=\"https:\/\/www.blackturtledive.com\/wp-content\/uploads\/2021\/01\/blackturtledive.com-sail-rock-dive-site-koh-tao-barracuda.jpg\" alt=\"Samran Pinnacles Dive Site - Barracuda\" width=\"1100\" height=\"619\" srcset=\"https:\/\/www.blackturtledive.com\/wp-content\/uploads\/2021\/01\/blackturtledive.com-sail-rock-dive-site-koh-tao-barracuda.jpg 1100w, https:\/\/www.blackturtledive.com\/wp-content\/uploads\/2021\/01\/blackturtledive.com-sail-rock-dive-site-koh-tao-barracuda-300x169.jpg 300w, https:\/\/www.blackturtledive.com\/wp-content\/uploads\/2021\/01\/blackturtledive.com-sail-rock-dive-site-koh-tao-barracuda-1024x576.jpg 1024w, https:\/\/www.blackturtledive.com\/wp-content\/uploads\/2021\/01\/blackturtledive.com-sail-rock-dive-site-koh-tao-barracuda-768x432.jpg 768w, https:\/\/www.blackturtledive.com\/wp-content\/uploads\/2021\/01\/blackturtledive.com-sail-rock-dive-site-koh-tao-barracuda-150x84.jpg 150w\" sizes=\"(max-width: 1100px) 100vw, 1100px\" \/><figcaption id=\"caption-attachment-3800\" class=\"wp-caption-text\">Samran Pinnacles Dive Site &#8211; Barracuda<\/figcaption><\/figure>\n<h3><span style=\"color: #28d4ff;\">Id\u00e9al pour la macrophotographie<br \/>\n<\/span><\/h3>\n<p>Continuez la plong\u00e9e pour trouver des an\u00e9mones de mer avec des poissons an\u00e9mones, de mignons petits poissons jaunes essayant de se cacher et des m\u00e9rous assis sur le rocher en regardant le monde passer.<\/p>\n<p>Sur le plus grand c\u00f4t\u00e9, il y a de gros <a href=\"https:\/\/www.blackturtledive.com\/koh-tao-marine-life\/brown-marbled-grouper\/\">m\u00e9rous marbr\u00e9s bruns<\/a> qui se cachent sous des corniches et des fissures dans les rochers aux plus grandes profondeurs.<\/p>\n<p>Samran Pinnacles est une plong\u00e9e parfaite \u00e0 faire au retour d&rsquo;un voyage Sail Rock lorsque vous avez un petit nombre de plongeurs exp\u00e9riment\u00e9s.<\/p>\n<p>Notre conseil lorsque vous visitez Koh Tao pour plonger, est de trouver un centre de plong\u00e9e qui propose un voyage de 3 plong\u00e9es comprenant Sail Rock, Samran Pinnacles et <a href=\"https:\/\/www.blackturtledive.com\/koh-tao-dive-sites\/shark-island\/\">Shark Island<\/a> et en faire une journ\u00e9e, vous ne le regretterez pas.[\/vc_column_text][\/vc_column][\/vc_row]<\/p>\n<\/div>","protected":false},"excerpt":{"rendered":"<p>Le site de plong\u00e9e de Samran Pinnacles \u00e0 Koh Tao est un site de plong\u00e9e parfait pour les plongeurs exp\u00e9riment\u00e9s sur le chemin du retour de Sail Rock et offre une incroyable diversit\u00e9 marine.<\/p>\n","protected":false},"author":2,"featured_media":8741,"parent":8765,"menu_order":0,"comment_status":"closed","ping_status":"closed","template":"","meta":{"_acf_changed":false,"footnotes":""},"class_list":["post-8740","page","type-page","status-publish","has-post-thumbnail","hentry"],"acf":[],"yoast_head":"<!-- This site is optimized with the Yoast SEO Premium plugin v27.6 (Yoast SEO v27.6) - https:\/\/yoast.com\/product\/yoast-seo-premium-wordpress\/ -->\n<title>Site de plong\u00e9e Samran Pinnacles Koh Tao | Black Turtle Dive<\/title>\n<meta name=\"description\" content=\"Le site de plong\u00e9e Samran Pinnacles Koh Tao est un site parfait pour les plongeurs exp\u00e9riment\u00e9s pour s&#039;arr\u00eater sur le chemin du retour de Sail Rock et offre une incroyable diversit\u00e9 marine\" \/>\n<meta name=\"robots\" content=\"index, follow, max-snippet:-1, max-image-preview:large, max-video-preview:-1\" \/>\n<link rel=\"canonical\" href=\"https:\/\/www.blackturtledive.com\/fr\/koh-tao-dive-sites\/samran-pinnacle\/\" \/>\n<meta property=\"og:locale\" content=\"fr_FR\" \/>\n<meta property=\"og:type\" content=\"article\" \/>\n<meta property=\"og:title\" content=\"Samran Pinnacle\" \/>\n<meta property=\"og:description\" content=\"Le site de plong\u00e9e Samran Pinnacles Koh Tao est un site parfait pour les plongeurs exp\u00e9riment\u00e9s pour s&#039;arr\u00eater sur le chemin du retour de Sail Rock et offre une incroyable diversit\u00e9 marine\" \/>\n<meta property=\"og:url\" content=\"https:\/\/www.blackturtledive.com\/fr\/koh-tao-dive-sites\/samran-pinnacle\/\" \/>\n<meta property=\"og:site_name\" content=\"Black Turtle Dive Koh Tao\" \/>\n<meta property=\"article:publisher\" content=\"https:\/\/www.facebook.com\/blackturtledive\" \/>\n<meta property=\"article:modified_time\" content=\"2021-10-18T08:08:37+00:00\" \/>\n<meta property=\"og:image\" content=\"https:\/\/www.blackturtledive.com\/wp-content\/uploads\/2020\/11\/blackturtledive.com-best-padi-divemaster-course-koh-tao.jpg\" \/>\n\t<meta property=\"og:image:width\" content=\"1200\" \/>\n\t<meta property=\"og:image:height\" content=\"800\" \/>\n\t<meta property=\"og:image:type\" content=\"image\/jpeg\" \/>\n<meta name=\"twitter:card\" content=\"summary_large_image\" \/>\n<meta name=\"twitter:image\" content=\"https:\/\/www.blackturtledive.com\/wp-content\/uploads\/2020\/11\/blackturtledive.com-best-padi-divemaster-course-koh-tao.jpg\" \/>\n<meta name=\"twitter:site\" content=\"@blackturtledive\" \/>\n<meta name=\"twitter:label1\" content=\"Dur\u00e9e de lecture estim\u00e9e\" \/>\n\t<meta name=\"twitter:data1\" content=\"3 minutes\" \/>\n<!-- \/ Yoast SEO Premium plugin. -->","yoast_head_json":{"title":"Site de plong\u00e9e Samran Pinnacles Koh Tao | Black Turtle Dive","description":"Le site de plong\u00e9e Samran Pinnacles Koh Tao est un site parfait pour les plongeurs exp\u00e9riment\u00e9s pour s'arr\u00eater sur le chemin du retour de Sail Rock et offre une incroyable diversit\u00e9 marine","robots":{"index":"index","follow":"follow","max-snippet":"max-snippet:-1","max-image-preview":"max-image-preview:large","max-video-preview":"max-video-preview:-1"},"canonical":"https:\/\/www.blackturtledive.com\/fr\/koh-tao-dive-sites\/samran-pinnacle\/","og_locale":"fr_FR","og_type":"article","og_title":"Samran Pinnacle","og_description":"Le site de plong\u00e9e Samran Pinnacles Koh Tao est un site parfait pour les plongeurs exp\u00e9riment\u00e9s pour s'arr\u00eater sur le chemin du retour de Sail Rock et offre une incroyable diversit\u00e9 marine","og_url":"https:\/\/www.blackturtledive.com\/fr\/koh-tao-dive-sites\/samran-pinnacle\/","og_site_name":"Black Turtle Dive Koh Tao","article_publisher":"https:\/\/www.facebook.com\/blackturtledive","article_modified_time":"2021-10-18T08:08:37+00:00","og_image":[{"width":1200,"height":800,"url":"https:\/\/www.blackturtledive.com\/wp-content\/uploads\/2020\/11\/blackturtledive.com-best-padi-divemaster-course-koh-tao.jpg","type":"image\/jpeg"}],"twitter_card":"summary_large_image","twitter_image":"https:\/\/www.blackturtledive.com\/wp-content\/uploads\/2020\/11\/blackturtledive.com-best-padi-divemaster-course-koh-tao.jpg","twitter_site":"@blackturtledive","twitter_misc":{"Dur\u00e9e de lecture estim\u00e9e":"3 minutes"},"schema":{"@context":"https:\/\/schema.org","@graph":[{"@type":"WebPage","@id":"https:\/\/www.blackturtledive.com\/fr\/koh-tao-dive-sites\/samran-pinnacle\/","url":"https:\/\/www.blackturtledive.com\/fr\/koh-tao-dive-sites\/samran-pinnacle\/","name":"Site de plong\u00e9e Samran Pinnacles Koh Tao | Black Turtle Dive","isPartOf":{"@id":"https:\/\/www.blackturtledive.com\/fr\/#website"},"primaryImageOfPage":{"@id":"https:\/\/www.blackturtledive.com\/fr\/koh-tao-dive-sites\/samran-pinnacle\/#primaryimage"},"image":{"@id":"https:\/\/www.blackturtledive.com\/fr\/koh-tao-dive-sites\/samran-pinnacle\/#primaryimage"},"thumbnailUrl":"https:\/\/www.blackturtledive.com\/wp-content\/uploads\/2021\/01\/blackturtledive.com-sail-rock-dive-site-koh-tao-yellow-boxfish.jpg","datePublished":"2020-09-19T15:48:39+00:00","dateModified":"2021-10-18T08:08:37+00:00","description":"Le site de plong\u00e9e Samran Pinnacles Koh Tao est un site parfait pour les plongeurs exp\u00e9riment\u00e9s pour s'arr\u00eater sur le chemin du retour de Sail Rock et offre une incroyable diversit\u00e9 marine","breadcrumb":{"@id":"https:\/\/www.blackturtledive.com\/fr\/koh-tao-dive-sites\/samran-pinnacle\/#breadcrumb"},"inLanguage":"fr-FR","potentialAction":[{"@type":"ReadAction","target":["https:\/\/www.blackturtledive.com\/fr\/koh-tao-dive-sites\/samran-pinnacle\/"]}]},{"@type":"ImageObject","inLanguage":"fr-FR","@id":"https:\/\/www.blackturtledive.com\/fr\/koh-tao-dive-sites\/samran-pinnacle\/#primaryimage","url":"https:\/\/www.blackturtledive.com\/wp-content\/uploads\/2021\/01\/blackturtledive.com-sail-rock-dive-site-koh-tao-yellow-boxfish.jpg","contentUrl":"https:\/\/www.blackturtledive.com\/wp-content\/uploads\/2021\/01\/blackturtledive.com-sail-rock-dive-site-koh-tao-yellow-boxfish.jpg","width":1100,"height":619,"caption":"Samran Pinnacles Dive Site Koh Tao"},{"@type":"BreadcrumbList","@id":"https:\/\/www.blackturtledive.com\/fr\/koh-tao-dive-sites\/samran-pinnacle\/#breadcrumb","itemListElement":[{"@type":"ListItem","position":1,"name":"Home","item":"https:\/\/www.blackturtledive.com\/fr\/home\/"},{"@type":"ListItem","position":2,"name":"Sites de plong\u00e9e \u00e0 Koh Tao","item":"https:\/\/www.blackturtledive.com\/fr\/koh-tao-dive-sites\/"},{"@type":"ListItem","position":3,"name":"Samran Pinnacle"}]},{"@type":"WebSite","@id":"https:\/\/www.blackturtledive.com\/fr\/#website","url":"https:\/\/www.blackturtledive.com\/fr\/","name":"Black Turtle Dive Koh Tao","description":"Ocean Explorers | Marine Protectors","publisher":{"@id":"https:\/\/www.blackturtledive.com\/fr\/#organization"},"alternateName":"Black Turtle Dive in Thailand","potentialAction":[{"@type":"SearchAction","target":{"@type":"EntryPoint","urlTemplate":"https:\/\/www.blackturtledive.com\/fr\/?s={search_term_string}"},"query-input":{"@type":"PropertyValueSpecification","valueRequired":true,"valueName":"search_term_string"}}],"inLanguage":"fr-FR"},{"@type":"Organization","@id":"https:\/\/www.blackturtledive.com\/fr\/#organization","name":"Black Turtle Dive Koh Tao","alternateName":"Black Turtle Dive","url":"https:\/\/www.blackturtledive.com\/fr\/","logo":{"@type":"ImageObject","inLanguage":"fr-FR","@id":"https:\/\/www.blackturtledive.com\/fr\/#\/schema\/logo\/image\/","url":"https:\/\/www.blackturtledive.com\/wp-content\/uploads\/2020\/11\/cropped-blackturtledive.com-brand-logo.png","contentUrl":"https:\/\/www.blackturtledive.com\/wp-content\/uploads\/2020\/11\/cropped-blackturtledive.com-brand-logo.png","width":400,"height":400,"caption":"Black Turtle Dive Koh Tao"},"image":{"@id":"https:\/\/www.blackturtledive.com\/fr\/#\/schema\/logo\/image\/"},"sameAs":["https:\/\/www.facebook.com\/blackturtledive","https:\/\/x.com\/blackturtledive","https:\/\/www.instagram.com\/blackturtledive\/","https:\/\/www.youtube.com\/blackturtledive","https:\/\/www.linkedin.com\/company\/blackturtledive\/","https:\/\/www.tumblr.com\/blackturtledive","https:\/\/www.pinterest.com\/blackturtledive\/","https:\/\/www.tiktok.com\/@blackturtledive","https:\/\/www.reddit.com\/user\/blackturtledive\/"],"description":"Black Turtle Dive is a modern and innovative 5 Star Career Development Scuba Diving Center, passionate about the ocean and through training we want to empower you to become a competent and confident scuba diver. Our diving courses equip you with the skills, knowledge and awareness necessary to explore the ocean safely, whilst becoming a passionate advocate and protector of the marine environment. If you have never dived before or are a certified diver and want to develop your skills further, our tailored, bespoke courses and programs will inspire you to become an Ocean advocate. Our scientific based Marine Conservation Internships and training programs, offer aspiring scuba divers and marine conservationists, the best marine conservation internships on Koh Tao. We currently offer students six levels of Marine Conservation Internships at our beachside location on Koh Tao in Thailand. Check out our website for more information.","email":"info@blackturtledive.com","telephone":"089 592 2134","legalName":"Black Turtle Dive Co Ltd","foundingDate":"2020-01-01","publishingPrinciples":"https:\/\/www.blackturtledive.com\/terms\/","ownershipFundingInfo":"https:\/\/www.blackturtledive.com\/terms\/","actionableFeedbackPolicy":"https:\/\/www.blackturtledive.com\/privacy-policy\/","correctionsPolicy":"https:\/\/www.blackturtledive.com\/privacy-policy\/","ethicsPolicy":"https:\/\/www.blackturtledive.com\/privacy-policy\/","diversityPolicy":"https:\/\/www.blackturtledive.com\/privacy-policy\/"}]}},"_links":{"self":[{"href":"https:\/\/www.blackturtledive.com\/fr\/wp-json\/wp\/v2\/pages\/8740","targetHints":{"allow":["GET"]}}],"collection":[{"href":"https:\/\/www.blackturtledive.com\/fr\/wp-json\/wp\/v2\/pages"}],"about":[{"href":"https:\/\/www.blackturtledive.com\/fr\/wp-json\/wp\/v2\/types\/page"}],"author":[{"embeddable":true,"href":"https:\/\/www.blackturtledive.com\/fr\/wp-json\/wp\/v2\/users\/2"}],"replies":[{"embeddable":true,"href":"https:\/\/www.blackturtledive.com\/fr\/wp-json\/wp\/v2\/comments?post=8740"}],"version-history":[{"count":0,"href":"https:\/\/www.blackturtledive.com\/fr\/wp-json\/wp\/v2\/pages\/8740\/revisions"}],"up":[{"embeddable":true,"href":"https:\/\/www.blackturtledive.com\/fr\/wp-json\/wp\/v2\/pages\/8765"}],"wp:featuredmedia":[{"embeddable":true,"href":"https:\/\/www.blackturtledive.com\/fr\/wp-json\/wp\/v2\/media\/8741"}],"wp:attachment":[{"href":"https:\/\/www.blackturtledive.com\/fr\/wp-json\/wp\/v2\/media?parent=8740"}],"curies":[{"name":"wp","href":"https:\/\/api.w.org\/{rel}","templated":true}]}}