{"id":8744,"date":"2020-09-19T22:47:00","date_gmt":"2020-09-19T15:47:00","guid":{"rendered":"https:\/\/www.blackturtledive.com\/hin-wong-pinnacle\/"},"modified":"2021-10-18T15:08:37","modified_gmt":"2021-10-18T08:08:37","slug":"hin-wong-pinnacle","status":"publish","type":"page","link":"https:\/\/www.blackturtledive.com\/fr\/koh-tao-dive-sites\/hin-wong-pinnacle\/","title":{"rendered":"Hin Wong Pinnacle"},"content":{"rendered":"<div class=\"wpb-content-wrapper\"><p>[vc_row][vc_column][vc_column_text]<\/p>\n<h3><span style=\"color: #28d4ff;\">En savoir plus sur le site de plong\u00e9e Hin Wong Pinnacle \u00e0 Koh Tao<br \/>\n<\/span><\/h3>\n<p>Le site de plong\u00e9e Hin Wong Pinnacle sur <a href=\"https:\/\/www.blackturtledive.com\/koh-tao\/\">Koh Tao<\/a> est un endroit parfait comme site alternatif profond sur la c\u00f4te est avec une <a href=\"https:\/\/www.blackturtledive.com\/koh-tao-marine-life\/\">vie marine<\/a> diversifi\u00e9e et int\u00e9ressante pour les <a href=\"https:\/\/www.blackturtledive.com\/padi-diving-courses\/\">plongeurs<\/a>.<\/p>\n<ul>\n<li>Localisation : \u00e0 1,5 km de Hin Wong \u00e0 l&rsquo;est de Koh Tao<\/li>\n<li>Profondeur : Max 40m, Min 10m \u2013 Moyenne 18m<\/li>\n<li>Type de site : Gros rochers et coraux mous<\/li>\n<li>Niveau : Plongeur <a href=\"https:\/\/www.blackturtledive.com\/padi-diving-courses\/advanced-open-water-course\/\">Advanced Open Water<\/a><\/li>\n<li>Conditions : Peut avoir de forts courants et une visibilit\u00e9 impr\u00e9visible<\/li>\n<li>Visibilit\u00e9 moyenne : 2-25 m\u00e8tres<\/li>\n<\/ul>\n<div  data-ep-a=\"fadeIn\"  id=\"_ytid_55158\"  width=\"640\" height=\"360\"  data-origwidth=\"640\" data-origheight=\"360\"  data-relstop=\"1\" data-facadesrc=\"https:\/\/www.youtube.com\/embed\/YLZl_SAZGLw?enablejsapi=1&origin=https:\/\/www.blackturtledive.com&autoplay=0&cc_load_policy=0&cc_lang_pref=&iv_load_policy=1&loop=0&rel=0&fs=1&playsinline=0&autohide=2&theme=dark&color=red&controls=1&disablekb=0&\" class=\"__youtube_prefs__ epyt-facade  no-lazyload\" data-epautoplay=\"1\" ><img decoding=\"async\" data-spai-excluded=\"true\" class=\"epyt-facade-poster skip-lazy\" loading=\"lazy\"  alt=\"Hin Wong Pinnacle Dive Site Koh Tao in Thailand\"  src=\"https:\/\/i.ytimg.com\/vi\/YLZl_SAZGLw\/maxresdefault.jpg\"  \/><button class=\"epyt-facade-play\" aria-label=\"Play\"><svg data-no-lazy=\"1\" height=\"100%\" version=\"1.1\" viewBox=\"0 0 68 48\" width=\"100%\"><path class=\"ytp-large-play-button-bg\" d=\"M66.52,7.74c-0.78-2.93-2.49-5.41-5.42-6.19C55.79,.13,34,0,34,0S12.21,.13,6.9,1.55 C3.97,2.33,2.27,4.81,1.48,7.74C0.06,13.05,0,24,0,24s0.06,10.95,1.48,16.26c0.78,2.93,2.49,5.41,5.42,6.19 C12.21,47.87,34,48,34,48s21.79-0.13,27.1-1.55c2.93-0.78,4.64-3.26,5.42-6.19C67.94,34.95,68,24,68,24S67.94,13.05,66.52,7.74z\" fill=\"#f00\"><\/path><path d=\"M 45,24 27,14 27,34\" fill=\"#fff\"><\/path><\/svg><\/button><\/div><span itemprop=\"video\" itemscope itemtype=\"http:\/\/schema.org\/VideoObject\"><meta itemprop=\"embedUrl\" content=\"https:\/\/www.youtube.com\/embed\/YLZl_SAZGLw\"><meta itemprop=\"name\" content=\"Hin Wong Pinnacle Dive Site Koh Tao in Thailand\"><meta itemprop=\"description\" content=\"Hin Wong Pinnacle dive site on Koh Tao is a perfect location as an alternative deep site on the east coast with diverse and interesting marine life for scuba divers. Location: 1.5km from Hin Wong on the east side of Koh Tao Depth: Max 40m, Min 10m \u2013 Average 18m Type of site: Level: Advanced Open Water diver Conditions: Can have a strong currents and unpredictable visibility Average Visibility: 2-25meters Hin Wong Pinnacle dive site is a great alternative site for a deep dive when conditions on the west side of the island are less than desirable. The dive site runs on a north-south axis with a table top like feature at the south end, which is the shallowest point at 8 metres. Hin Wong Pinnacle can often have an eerie feel about it with large rock pinnacles and in parts there can be a thermocline and varied visibility. Check our more of our dive sites: https:\/\/www.blackturtledive.com\/koh-tao-dive-sites\/hin-wong-pinnacle\/ Footage: \ud83d\ude4f\ud83c\udffb. \ud83c\udfac Wet Lens Images (https:\/\/www.youtube.com\/channel\/UCVB6Hza4P2ct7SgAo7I9n7g)\"><meta itemprop=\"thumbnailUrl\" content=\"https:\/\/i.ytimg.com\/vi\/YLZl_SAZGLw\/0.jpg\"><meta itemprop=\"duration\" content=\"PT56S\"><meta itemprop=\"uploadDate\" content=\"2021-01-28T07:21:20Z\"><\/span>\n<h3>Site de plong\u00e9e Hin Wong Pinnacle Koh Tao<\/h3>\n<p>Le <a href=\"https:\/\/www.blackturtledive.com\/koh-tao-dive-sites\/\">site de plong\u00e9e<\/a> Hin Wong Pinnacle est un excellent site alternatif pour une <a href=\"https:\/\/www.blackturtledive.com\/padi-specialty-courses\/deep-diver\/\">plong\u00e9e profonde<\/a> lorsque les conditions du c\u00f4t\u00e9 ouest de l&rsquo;\u00eele sont moins que souhaitables.<\/p>\n<p>Le site de plong\u00e9e s&rsquo;\u00e9tend sur un axe nord-sud avec un plateau en forme de table \u00e0 l&rsquo;extr\u00e9mit\u00e9 sud, qui est le point le moins profond \u00e0 8 m\u00e8tres.<\/p>\n<p>Hin Wong Pinnacle peut souvent avoir une impression \u00e9trange avec de gros pinacles rocheux et dans certaines parties, il peut y avoir une thermocline et une visibilit\u00e9 vari\u00e9e.<\/p>\n<h3>Site de plong\u00e9e inspirant de Koh Tao<\/h3>\n<p>Cependant, lors de la plong\u00e9e Hin Wong Pinnacle, cela peut \u00eatre une plong\u00e9e inspirante, impressionnante et tr\u00e8s enrichissante avec une <a href=\"https:\/\/www.blackturtledive.com\/conservation\/marine-conservation-courses\/\">abondance de diversit\u00e9 marine<\/a> disponible \u00e0 observer.<\/p>\n<p>Vous verrez un grand nombre de poissons-\u00e9cureuils ray\u00e9s et de demoiselles noires nager autour des coraux, des \u00e9ponges, des coraux tubulaires et des an\u00e9mones de mer qui sont attach\u00e9s aux gros rochers de granit qui composent Hin Wong Pinnacle.<\/p>\n<p>Le site de plong\u00e9e de Hin Wong Pinnacle regorge de coraux durs et mous, plus que la plupart des autres <a href=\"https:\/\/www.blackturtledive.com\/blog\/10-interesting-facts-about-koh-tao-dive-sites\/\">sites de plong\u00e9e<\/a> autour de Koh Tao.<\/p>\n<figure id=\"attachment_3731\" aria-describedby=\"caption-attachment-3731\" style=\"width: 1100px\" class=\"wp-caption alignnone\"><img decoding=\"async\" class=\"size-full wp-image-3731\" src=\"https:\/\/www.blackturtledive.com\/wp-content\/uploads\/2021\/01\/blackturtledive.com-sea-turtle-at-hin-wong-pinnacle-koh-tao.jpg\" alt=\"Hin Wong Pinnacle Dive Site Koh Tao - Sea Turtles\" width=\"1100\" height=\"614\" srcset=\"https:\/\/www.blackturtledive.com\/wp-content\/uploads\/2021\/01\/blackturtledive.com-sea-turtle-at-hin-wong-pinnacle-koh-tao.jpg 1100w, https:\/\/www.blackturtledive.com\/wp-content\/uploads\/2021\/01\/blackturtledive.com-sea-turtle-at-hin-wong-pinnacle-koh-tao-300x167.jpg 300w, https:\/\/www.blackturtledive.com\/wp-content\/uploads\/2021\/01\/blackturtledive.com-sea-turtle-at-hin-wong-pinnacle-koh-tao-1024x572.jpg 1024w, https:\/\/www.blackturtledive.com\/wp-content\/uploads\/2021\/01\/blackturtledive.com-sea-turtle-at-hin-wong-pinnacle-koh-tao-768x429.jpg 768w, https:\/\/www.blackturtledive.com\/wp-content\/uploads\/2021\/01\/blackturtledive.com-sea-turtle-at-hin-wong-pinnacle-koh-tao-150x84.jpg 150w\" sizes=\"(max-width: 1100px) 100vw, 1100px\" \/><figcaption id=\"caption-attachment-3731\" class=\"wp-caption-text\">Hin Wong Pinnacle Dive Site Koh Tao &#8211; Sea Turtles<\/figcaption><\/figure>\n<h3><span style=\"color: #28d4ff;\">Coraux durs et mous<\/span><\/h3>\n<p>Si vous naviguez vers l&rsquo;est apr\u00e8s votre descente, vous d\u00e9couvrirez de superbes coraux mous violets ainsi qu&rsquo;une vari\u00e9t\u00e9 de coraux color\u00e9s et saisissants tels que Sea Whip, Sea Fans et Toadstool Corals.<\/p>\n<p>Hin Wong Pinnacles abrite une vari\u00e9t\u00e9 d&rsquo;animaux marins, notamment des <a href=\"https:\/\/www.blackturtledive.com\/koh-tao-marine-life\/scribbled-file-fish\/\">balistes griffonn\u00e9s<\/a>, des gaterins arlequins, <a href=\"https:\/\/www.blackturtledive.com\/koh-tao-marine-life\/titan-triggerfish\/\">Titan Triggerfish<\/a> et des <a href=\"https:\/\/www.blackturtledive.com\/koh-tao-marine-life\/blue-ringed-angelfish\/\">poissons-anges \u00e0 anneaux bleus<\/a>.<\/p>\n<p>Continuez \u00e0 explorer et vous verrez divers poissons papillons, m\u00e9rous et autres poissons de r\u00e9cif communs vus autour de Koh Tao avec beaucoup de disponibles pour les photographes macro tels que diff\u00e9rents nudibranches.<\/p>\n<figure id=\"attachment_3733\" aria-describedby=\"caption-attachment-3733\" style=\"width: 1100px\" class=\"wp-caption alignnone\"><img decoding=\"async\" class=\"size-full wp-image-3733\" src=\"https:\/\/www.blackturtledive.com\/wp-content\/uploads\/2021\/01\/blackturtledive.com-blue-ringed-angelfish-at-hin-wong-pinnacle-koh-tao.jpg\" alt=\"Hin Wong Pinnacle Dive Site Koh Tao - Blue Ringed Angelfish\" width=\"1100\" height=\"614\" srcset=\"https:\/\/www.blackturtledive.com\/wp-content\/uploads\/2021\/01\/blackturtledive.com-blue-ringed-angelfish-at-hin-wong-pinnacle-koh-tao.jpg 1100w, https:\/\/www.blackturtledive.com\/wp-content\/uploads\/2021\/01\/blackturtledive.com-blue-ringed-angelfish-at-hin-wong-pinnacle-koh-tao-300x167.jpg 300w, https:\/\/www.blackturtledive.com\/wp-content\/uploads\/2021\/01\/blackturtledive.com-blue-ringed-angelfish-at-hin-wong-pinnacle-koh-tao-1024x572.jpg 1024w, https:\/\/www.blackturtledive.com\/wp-content\/uploads\/2021\/01\/blackturtledive.com-blue-ringed-angelfish-at-hin-wong-pinnacle-koh-tao-768x429.jpg 768w, https:\/\/www.blackturtledive.com\/wp-content\/uploads\/2021\/01\/blackturtledive.com-blue-ringed-angelfish-at-hin-wong-pinnacle-koh-tao-150x84.jpg 150w\" sizes=\"(max-width: 1100px) 100vw, 1100px\" \/><figcaption id=\"caption-attachment-3733\" class=\"wp-caption-text\">Hin Wong Pinnacle Dive Site Koh Tao &#8211; Blue Ringed Angelfish<\/figcaption><\/figure>\n<h3>Abondance de la vie marine \u00e0 Hin Wong Pinnacle<\/h3>\n<p>Nous voyons <a href=\"https:\/\/www.blackturtledive.com\/koh-tao-marine-life\/banded-sea-krait\/\">souvent des serpents de mer<\/a>, <a href=\"https:\/\/www.blackturtledive.com\/koh-tao-marine-life\/hawksbill-sea-turtle\/\">des tortues de mer<\/a> et de grands <a href=\"https:\/\/www.blackturtledive.com\/koh-tao-marine-life\/brown-marbled-grouper\/\">m\u00e9rous marbr\u00e9s bruns<\/a> se cachant dans l&rsquo;ombre, man\u0153uvrant \u00e0 travers diverses travers\u00e9es de nage qui se sont form\u00e9es \u00e0 partir de gros rochers de granit qui composent la majeure partie de ce site de plong\u00e9e.<\/p>\n<p>Hin Wong Pinnacle peut avoir un courant fort, a acc\u00e8s \u00e0 des profondeurs de plus de 30 m\u00e8tres et une visibilit\u00e9 irr\u00e9guli\u00e8re.<\/p>\n<p>Cependant, ce site de plong\u00e9e est le mieux adapt\u00e9 pour les plongeurs avanc\u00e9s et parfait pour la <a href=\"https:\/\/www.blackturtledive.com\/padi-specialty-courses\/enriched-air-diver-nitrox\/\">plong\u00e9e Nitrox<\/a> ou pour les plongeurs qui suivent une formation de plong\u00e9e profonde.<\/p>\n<figure id=\"attachment_3183\" aria-describedby=\"caption-attachment-3183\" style=\"width: 1000px\" class=\"wp-caption alignnone\"><img decoding=\"async\" class=\"size-full wp-image-3183\" src=\"https:\/\/www.blackturtledive.com\/wp-content\/uploads\/2021\/01\/blackturtledive.com-banded-sea-snake-koh-tao-thailand.jpg\" alt=\"Banded Sea Krait Koh Tao Thailand\" width=\"1000\" height=\"667\" srcset=\"https:\/\/www.blackturtledive.com\/wp-content\/uploads\/2021\/01\/blackturtledive.com-banded-sea-snake-koh-tao-thailand.jpg 1000w, https:\/\/www.blackturtledive.com\/wp-content\/uploads\/2021\/01\/blackturtledive.com-banded-sea-snake-koh-tao-thailand-300x200.jpg 300w, https:\/\/www.blackturtledive.com\/wp-content\/uploads\/2021\/01\/blackturtledive.com-banded-sea-snake-koh-tao-thailand-768x512.jpg 768w, https:\/\/www.blackturtledive.com\/wp-content\/uploads\/2021\/01\/blackturtledive.com-banded-sea-snake-koh-tao-thailand-150x100.jpg 150w\" sizes=\"(max-width: 1000px) 100vw, 1000px\" \/><figcaption id=\"caption-attachment-3183\" class=\"wp-caption-text\">Banded Sea Krait Koh Tao Thailand<\/figcaption><\/figure>\n<p>[\/vc_column_text][\/vc_column][\/vc_row]<\/p>\n<\/div>","protected":false},"excerpt":{"rendered":"<p>Le site de plong\u00e9e Hin Wong Pinnacle sur Koh Tao est un endroit parfait comme site alternatif profond sur la c\u00f4te est avec une vie marine diversifi\u00e9e et int\u00e9ressante pour les plongeurs<\/p>\n","protected":false},"author":2,"featured_media":8745,"parent":8765,"menu_order":0,"comment_status":"closed","ping_status":"closed","template":"","meta":{"_acf_changed":false,"footnotes":""},"class_list":["post-8744","page","type-page","status-publish","has-post-thumbnail","hentry"],"acf":[],"yoast_head":"<!-- This site is optimized with the Yoast SEO Premium plugin v27.6 (Yoast SEO v27.6) - https:\/\/yoast.com\/product\/yoast-seo-premium-wordpress\/ -->\n<title>Site de plong\u00e9e Hin Wong Pinnacle Koh Tao | Black Turtle Dive<\/title>\n<meta name=\"description\" content=\"Le site de plong\u00e9e Hin Wong Pinnacle sur Koh Tao est un endroit parfait comme site alternatif profond sur la c\u00f4te est avec une vie marine diversifi\u00e9e et int\u00e9ressante pour les plongeurs\" \/>\n<meta name=\"robots\" content=\"index, follow, max-snippet:-1, max-image-preview:large, max-video-preview:-1\" \/>\n<link rel=\"canonical\" href=\"https:\/\/www.blackturtledive.com\/fr\/koh-tao-dive-sites\/hin-wong-pinnacle\/\" \/>\n<meta property=\"og:locale\" content=\"fr_FR\" \/>\n<meta property=\"og:type\" content=\"article\" \/>\n<meta property=\"og:title\" content=\"Hin Wong Pinnacle\" \/>\n<meta property=\"og:description\" content=\"Le site de plong\u00e9e Hin Wong Pinnacle sur Koh Tao est un endroit parfait comme site alternatif profond sur la c\u00f4te est avec une vie marine diversifi\u00e9e et int\u00e9ressante pour les plongeurs\" \/>\n<meta property=\"og:url\" content=\"https:\/\/www.blackturtledive.com\/fr\/koh-tao-dive-sites\/hin-wong-pinnacle\/\" \/>\n<meta property=\"og:site_name\" content=\"Black Turtle Dive Koh Tao\" \/>\n<meta property=\"article:publisher\" content=\"https:\/\/www.facebook.com\/blackturtledive\" \/>\n<meta property=\"article:modified_time\" content=\"2021-10-18T08:08:37+00:00\" \/>\n<meta property=\"og:image\" content=\"https:\/\/www.blackturtledive.com\/wp-content\/uploads\/2020\/11\/blackturtledive.com-best-padi-divemaster-course-koh-tao.jpg\" \/>\n\t<meta property=\"og:image:width\" content=\"1200\" \/>\n\t<meta property=\"og:image:height\" content=\"800\" \/>\n\t<meta property=\"og:image:type\" content=\"image\/jpeg\" \/>\n<meta name=\"twitter:card\" content=\"summary_large_image\" \/>\n<meta name=\"twitter:image\" content=\"https:\/\/www.blackturtledive.com\/wp-content\/uploads\/2020\/11\/blackturtledive.com-best-padi-divemaster-course-koh-tao.jpg\" \/>\n<meta name=\"twitter:site\" content=\"@blackturtledive\" \/>\n<meta name=\"twitter:label1\" content=\"Dur\u00e9e de lecture estim\u00e9e\" \/>\n\t<meta name=\"twitter:data1\" content=\"3 minutes\" \/>\n<!-- \/ Yoast SEO Premium plugin. -->","yoast_head_json":{"title":"Site de plong\u00e9e Hin Wong Pinnacle Koh Tao | Black Turtle Dive","description":"Le site de plong\u00e9e Hin Wong Pinnacle sur Koh Tao est un endroit parfait comme site alternatif profond sur la c\u00f4te est avec une vie marine diversifi\u00e9e et int\u00e9ressante pour les plongeurs","robots":{"index":"index","follow":"follow","max-snippet":"max-snippet:-1","max-image-preview":"max-image-preview:large","max-video-preview":"max-video-preview:-1"},"canonical":"https:\/\/www.blackturtledive.com\/fr\/koh-tao-dive-sites\/hin-wong-pinnacle\/","og_locale":"fr_FR","og_type":"article","og_title":"Hin Wong Pinnacle","og_description":"Le site de plong\u00e9e Hin Wong Pinnacle sur Koh Tao est un endroit parfait comme site alternatif profond sur la c\u00f4te est avec une vie marine diversifi\u00e9e et int\u00e9ressante pour les plongeurs","og_url":"https:\/\/www.blackturtledive.com\/fr\/koh-tao-dive-sites\/hin-wong-pinnacle\/","og_site_name":"Black Turtle Dive Koh Tao","article_publisher":"https:\/\/www.facebook.com\/blackturtledive","article_modified_time":"2021-10-18T08:08:37+00:00","og_image":[{"width":1200,"height":800,"url":"https:\/\/www.blackturtledive.com\/wp-content\/uploads\/2020\/11\/blackturtledive.com-best-padi-divemaster-course-koh-tao.jpg","type":"image\/jpeg"}],"twitter_card":"summary_large_image","twitter_image":"https:\/\/www.blackturtledive.com\/wp-content\/uploads\/2020\/11\/blackturtledive.com-best-padi-divemaster-course-koh-tao.jpg","twitter_site":"@blackturtledive","twitter_misc":{"Dur\u00e9e de lecture estim\u00e9e":"3 minutes"},"schema":{"@context":"https:\/\/schema.org","@graph":[{"@type":"WebPage","@id":"https:\/\/www.blackturtledive.com\/fr\/koh-tao-dive-sites\/hin-wong-pinnacle\/","url":"https:\/\/www.blackturtledive.com\/fr\/koh-tao-dive-sites\/hin-wong-pinnacle\/","name":"Site de plong\u00e9e Hin Wong Pinnacle Koh Tao | Black Turtle Dive","isPartOf":{"@id":"https:\/\/www.blackturtledive.com\/fr\/#website"},"primaryImageOfPage":{"@id":"https:\/\/www.blackturtledive.com\/fr\/koh-tao-dive-sites\/hin-wong-pinnacle\/#primaryimage"},"image":{"@id":"https:\/\/www.blackturtledive.com\/fr\/koh-tao-dive-sites\/hin-wong-pinnacle\/#primaryimage"},"thumbnailUrl":"https:\/\/www.blackturtledive.com\/wp-content\/uploads\/2021\/01\/blackturtledive.com-hin-wong-pinnacle-koh-tao.jpg","datePublished":"2020-09-19T15:47:00+00:00","dateModified":"2021-10-18T08:08:37+00:00","description":"Le site de plong\u00e9e Hin Wong Pinnacle sur Koh Tao est un endroit parfait comme site alternatif profond sur la c\u00f4te est avec une vie marine diversifi\u00e9e et int\u00e9ressante pour les plongeurs","breadcrumb":{"@id":"https:\/\/www.blackturtledive.com\/fr\/koh-tao-dive-sites\/hin-wong-pinnacle\/#breadcrumb"},"inLanguage":"fr-FR","potentialAction":[{"@type":"ReadAction","target":["https:\/\/www.blackturtledive.com\/fr\/koh-tao-dive-sites\/hin-wong-pinnacle\/"]}]},{"@type":"ImageObject","inLanguage":"fr-FR","@id":"https:\/\/www.blackturtledive.com\/fr\/koh-tao-dive-sites\/hin-wong-pinnacle\/#primaryimage","url":"https:\/\/www.blackturtledive.com\/wp-content\/uploads\/2021\/01\/blackturtledive.com-hin-wong-pinnacle-koh-tao.jpg","contentUrl":"https:\/\/www.blackturtledive.com\/wp-content\/uploads\/2021\/01\/blackturtledive.com-hin-wong-pinnacle-koh-tao.jpg","width":1100,"height":614,"caption":"Hin Wong Pinnacle Dive Site Koh Tao"},{"@type":"BreadcrumbList","@id":"https:\/\/www.blackturtledive.com\/fr\/koh-tao-dive-sites\/hin-wong-pinnacle\/#breadcrumb","itemListElement":[{"@type":"ListItem","position":1,"name":"Home","item":"https:\/\/www.blackturtledive.com\/fr\/home\/"},{"@type":"ListItem","position":2,"name":"Sites de plong\u00e9e \u00e0 Koh Tao","item":"https:\/\/www.blackturtledive.com\/fr\/koh-tao-dive-sites\/"},{"@type":"ListItem","position":3,"name":"Hin Wong Pinnacle"}]},{"@type":"WebSite","@id":"https:\/\/www.blackturtledive.com\/fr\/#website","url":"https:\/\/www.blackturtledive.com\/fr\/","name":"Black Turtle Dive Koh Tao","description":"Ocean Explorers | Marine Protectors","publisher":{"@id":"https:\/\/www.blackturtledive.com\/fr\/#organization"},"alternateName":"Black Turtle Dive in Thailand","potentialAction":[{"@type":"SearchAction","target":{"@type":"EntryPoint","urlTemplate":"https:\/\/www.blackturtledive.com\/fr\/?s={search_term_string}"},"query-input":{"@type":"PropertyValueSpecification","valueRequired":true,"valueName":"search_term_string"}}],"inLanguage":"fr-FR"},{"@type":"Organization","@id":"https:\/\/www.blackturtledive.com\/fr\/#organization","name":"Black Turtle Dive Koh Tao","alternateName":"Black Turtle Dive","url":"https:\/\/www.blackturtledive.com\/fr\/","logo":{"@type":"ImageObject","inLanguage":"fr-FR","@id":"https:\/\/www.blackturtledive.com\/fr\/#\/schema\/logo\/image\/","url":"https:\/\/www.blackturtledive.com\/wp-content\/uploads\/2020\/11\/cropped-blackturtledive.com-brand-logo.png","contentUrl":"https:\/\/www.blackturtledive.com\/wp-content\/uploads\/2020\/11\/cropped-blackturtledive.com-brand-logo.png","width":400,"height":400,"caption":"Black Turtle Dive Koh Tao"},"image":{"@id":"https:\/\/www.blackturtledive.com\/fr\/#\/schema\/logo\/image\/"},"sameAs":["https:\/\/www.facebook.com\/blackturtledive","https:\/\/x.com\/blackturtledive","https:\/\/www.instagram.com\/blackturtledive\/","https:\/\/www.youtube.com\/blackturtledive","https:\/\/www.linkedin.com\/company\/blackturtledive\/","https:\/\/www.tumblr.com\/blackturtledive","https:\/\/www.pinterest.com\/blackturtledive\/","https:\/\/www.tiktok.com\/@blackturtledive","https:\/\/www.reddit.com\/user\/blackturtledive\/"],"description":"Black Turtle Dive is a modern and innovative 5 Star Career Development Scuba Diving Center, passionate about the ocean and through training we want to empower you to become a competent and confident scuba diver. Our diving courses equip you with the skills, knowledge and awareness necessary to explore the ocean safely, whilst becoming a passionate advocate and protector of the marine environment. If you have never dived before or are a certified diver and want to develop your skills further, our tailored, bespoke courses and programs will inspire you to become an Ocean advocate. Our scientific based Marine Conservation Internships and training programs, offer aspiring scuba divers and marine conservationists, the best marine conservation internships on Koh Tao. We currently offer students six levels of Marine Conservation Internships at our beachside location on Koh Tao in Thailand. Check out our website for more information.","email":"info@blackturtledive.com","telephone":"089 592 2134","legalName":"Black Turtle Dive Co Ltd","foundingDate":"2020-01-01","publishingPrinciples":"https:\/\/www.blackturtledive.com\/terms\/","ownershipFundingInfo":"https:\/\/www.blackturtledive.com\/terms\/","actionableFeedbackPolicy":"https:\/\/www.blackturtledive.com\/privacy-policy\/","correctionsPolicy":"https:\/\/www.blackturtledive.com\/privacy-policy\/","ethicsPolicy":"https:\/\/www.blackturtledive.com\/privacy-policy\/","diversityPolicy":"https:\/\/www.blackturtledive.com\/privacy-policy\/"}]}},"_links":{"self":[{"href":"https:\/\/www.blackturtledive.com\/fr\/wp-json\/wp\/v2\/pages\/8744","targetHints":{"allow":["GET"]}}],"collection":[{"href":"https:\/\/www.blackturtledive.com\/fr\/wp-json\/wp\/v2\/pages"}],"about":[{"href":"https:\/\/www.blackturtledive.com\/fr\/wp-json\/wp\/v2\/types\/page"}],"author":[{"embeddable":true,"href":"https:\/\/www.blackturtledive.com\/fr\/wp-json\/wp\/v2\/users\/2"}],"replies":[{"embeddable":true,"href":"https:\/\/www.blackturtledive.com\/fr\/wp-json\/wp\/v2\/comments?post=8744"}],"version-history":[{"count":0,"href":"https:\/\/www.blackturtledive.com\/fr\/wp-json\/wp\/v2\/pages\/8744\/revisions"}],"up":[{"embeddable":true,"href":"https:\/\/www.blackturtledive.com\/fr\/wp-json\/wp\/v2\/pages\/8765"}],"wp:featuredmedia":[{"embeddable":true,"href":"https:\/\/www.blackturtledive.com\/fr\/wp-json\/wp\/v2\/media\/8745"}],"wp:attachment":[{"href":"https:\/\/www.blackturtledive.com\/fr\/wp-json\/wp\/v2\/media?parent=8744"}],"curies":[{"name":"wp","href":"https:\/\/api.w.org\/{rel}","templated":true}]}}