{"id":8763,"date":"2020-09-19T22:46:02","date_gmt":"2020-09-19T15:46:02","guid":{"rendered":"https:\/\/www.blackturtledive.com\/chumphon-pinnacle\/"},"modified":"2021-10-18T15:08:37","modified_gmt":"2021-10-18T08:08:37","slug":"chumphon-pinnacle","status":"publish","type":"page","link":"https:\/\/www.blackturtledive.com\/fr\/koh-tao-dive-sites\/chumphon-pinnacle\/","title":{"rendered":"Chumphon Pinnacle"},"content":{"rendered":"<div class=\"wpb-content-wrapper\"><p>[vc_row][vc_column][vc_column_text]<\/p>\n<h3><span style=\"color: #28d4ff;\">En savoir plus sur le site de plong\u00e9e de Chumphon Pinnacle \u00e0 Koh Tao<br \/>\n<\/span><\/h3>\n<p>Le site de plong\u00e9e de Chumphon Pinnacle sur <a href=\"https:\/\/www.blackturtledive.com\/koh-tao\/\">Koh Tao<\/a> est un site profond \u00e0 environ 45 minutes de bateau du continent et offre aux <a href=\"https:\/\/www.blackturtledive.com\/padi-diving-courses\/\">plongeurs<\/a> une abondance de <a href=\"https:\/\/www.blackturtledive.com\/koh-tao-marine-life\/\">vie marine<\/a>.<\/p>\n<ul>\n<li>Localisation : 12 km au nord-ouest de Koh Tao<\/li>\n<li>Profondeur : Max 40m, Min 14m \u2013 Moyenne 22m<\/li>\n<li>Type de site : Grand pinacle principal de granit avec des grappes plus petites au sud-ouest et au nord.<\/li>\n<li>Niveau : Plongeur <a href=\"https:\/\/www.blackturtledive.com\/padi-diving-courses\/advanced-open-water-course\/\">Advanced Open Water<\/a><\/li>\n<li>Conditions : Plus loin de la c\u00f4te, donc quand le vent peut \u00eatre ondul\u00e9 avec du courant.<\/li>\n<li>Visibilit\u00e9 moyenne : 10-40 m\u00e8tres<\/li>\n<\/ul>\n<div  data-ep-a=\"fadeIn\"  id=\"_ytid_46216\"  width=\"640\" height=\"360\"  data-origwidth=\"640\" data-origheight=\"360\"  data-relstop=\"1\" data-facadesrc=\"https:\/\/www.youtube.com\/embed\/mWJFNlvHNPs?enablejsapi=1&origin=https:\/\/www.blackturtledive.com&autoplay=0&cc_load_policy=0&cc_lang_pref=&iv_load_policy=1&loop=0&rel=0&fs=1&playsinline=0&autohide=2&theme=dark&color=red&controls=1&disablekb=0&\" class=\"__youtube_prefs__ epyt-facade  no-lazyload\" data-epautoplay=\"1\" ><img decoding=\"async\" data-spai-excluded=\"true\" class=\"epyt-facade-poster skip-lazy\" loading=\"lazy\"  alt=\"Chumphon Pinnacle Dive Site Koh Tao in Thailand\"  src=\"https:\/\/i.ytimg.com\/vi\/mWJFNlvHNPs\/maxresdefault.jpg\"  \/><button class=\"epyt-facade-play\" aria-label=\"Play\"><svg data-no-lazy=\"1\" height=\"100%\" version=\"1.1\" viewBox=\"0 0 68 48\" width=\"100%\"><path class=\"ytp-large-play-button-bg\" d=\"M66.52,7.74c-0.78-2.93-2.49-5.41-5.42-6.19C55.79,.13,34,0,34,0S12.21,.13,6.9,1.55 C3.97,2.33,2.27,4.81,1.48,7.74C0.06,13.05,0,24,0,24s0.06,10.95,1.48,16.26c0.78,2.93,2.49,5.41,5.42,6.19 C12.21,47.87,34,48,34,48s21.79-0.13,27.1-1.55c2.93-0.78,4.64-3.26,5.42-6.19C67.94,34.95,68,24,68,24S67.94,13.05,66.52,7.74z\" fill=\"#f00\"><\/path><path d=\"M 45,24 27,14 27,34\" fill=\"#fff\"><\/path><\/svg><\/button><\/div><span itemprop=\"video\" itemscope itemtype=\"http:\/\/schema.org\/VideoObject\"><meta itemprop=\"embedUrl\" content=\"https:\/\/www.youtube.com\/embed\/mWJFNlvHNPs\"><meta itemprop=\"name\" content=\"Chumphon Pinnacle Dive Site Koh Tao in Thailand\"><meta itemprop=\"description\" content=\"Chumphon Pinnacle dive site on Koh Tao is a deep site approximately 45 mins boat journey from the mainland and offers scuba divers an abundance of marine life. Location: 12km north west of Koh Tao Depth: Max 40m, Min 14m \u2013 Average 22m Type of site: Large Granite main pinnacle with smaller clusters off the south west and north side. Level: Advanced Open Water diver Conditions: Off shore so when windy can be wavy with some current. Average Visibility: 10-40 meters Perhaps the best dive site on Koh Tao and the most popular one that all divers want to dive is Chumphon Pinnacle and it is also the deepest and largest of the dive sites around the island. Chumphon Pinnacle is one long, large granite pinnacle, the top of which sits at around 14 metres below the surface. Check out more of our dive sites: https:\/\/www.blackturtledive.com\/koh-tao-dive-sites\/chumphon-pinnacle\/ Footage: \ud83d\ude4f\ud83c\udffb. \ud83c\udfac Wet Lens Images (https:\/\/www.youtube.com\/channel\/UCVB6Hza4P2ct7SgAo7I9n7g)\"><meta itemprop=\"thumbnailUrl\" content=\"https:\/\/i.ytimg.com\/vi\/mWJFNlvHNPs\/0.jpg\"><meta itemprop=\"duration\" content=\"PT57S\"><meta itemprop=\"uploadDate\" content=\"2021-01-28T06:51:32Z\"><\/span>\n<h3>Chumphon Pinnacle \u2013 Le favori de tous les plongeurs<\/h3>\n<p>Chumphon Pinnacle est peut-\u00eatre le meilleur site de plong\u00e9e de Koh Tao et le plus populaire que tous les plongeurs veulent plonger. C&rsquo;est aussi le plus profond et le plus grand des <a href=\"https:\/\/www.blackturtledive.com\/koh-tao-dive-sites\/\">sites de plong\u00e9e<\/a> autour de l&rsquo;\u00eele.<\/p>\n<p>Chumphon Pinnacle est un long et grand pinacle de granit, dont le sommet se trouve \u00e0 environ 14 m\u00e8tres sous la surface.<\/p>\n<p>Les sommets du pinacle rocheux sont compl\u00e8tement tapiss\u00e9s d&rsquo;an\u00e9mones de mer pleines de poissons an\u00e9mones roses se cachant des pr\u00e9dateurs dans la port\u00e9e protectrice des cellules urticantes des an\u00e9mones de mer.<\/p>\n<p>Le site de plong\u00e9e de Chumphon Pinnacle se trouve dans une direction nord-sud et lorsque vous descendez, si vous regardez vers le bas de la ligne de bou\u00e9e, vous verrez des bancs de <a href=\"https:\/\/www.blackturtledive.com\/koh-tao-marine-life\/tailfin-batfish\/\">Batfish<\/a> juste au-dessus du sommet du pinacle.<\/p>\n<figure id=\"attachment_3602\" aria-describedby=\"caption-attachment-3602\" style=\"width: 1100px\" class=\"wp-caption alignnone\"><img decoding=\"async\" class=\"size-full wp-image-3602\" src=\"https:\/\/www.blackturtledive.com\/wp-content\/uploads\/2021\/01\/blackturtledive.com-chumphon-dive-site-koh-tao-whaleshark-thailand.jpg\" alt=\"Chumphon Pinnacle Dive Site Koh Tao\" width=\"1100\" height=\"619\" srcset=\"https:\/\/www.blackturtledive.com\/wp-content\/uploads\/2021\/01\/blackturtledive.com-chumphon-dive-site-koh-tao-whaleshark-thailand.jpg 1100w, https:\/\/www.blackturtledive.com\/wp-content\/uploads\/2021\/01\/blackturtledive.com-chumphon-dive-site-koh-tao-whaleshark-thailand-300x169.jpg 300w, https:\/\/www.blackturtledive.com\/wp-content\/uploads\/2021\/01\/blackturtledive.com-chumphon-dive-site-koh-tao-whaleshark-thailand-1024x576.jpg 1024w, https:\/\/www.blackturtledive.com\/wp-content\/uploads\/2021\/01\/blackturtledive.com-chumphon-dive-site-koh-tao-whaleshark-thailand-768x432.jpg 768w, https:\/\/www.blackturtledive.com\/wp-content\/uploads\/2021\/01\/blackturtledive.com-chumphon-dive-site-koh-tao-whaleshark-thailand-150x84.jpg 150w\" sizes=\"(max-width: 1100px) 100vw, 1100px\" \/><figcaption id=\"caption-attachment-3602\" class=\"wp-caption-text\">Chumphon Pinnacle Dive Site Koh Tao<\/figcaption><\/figure>\n<h3><span style=\"color: #28d4ff;\">\u00c9normes bancs de poissons<br \/>\n<\/span><\/h3>\n<p>Lorsque vous nagez au sommet du pinacle lors d&rsquo;une descente, il y a beaucoup de vie marine int\u00e9ressante cach\u00e9e dans les crevasses et les trous, <a href=\"https:\/\/www.blackturtledive.com\/koh-tao-marine-life\/white-eyed-moray-eel\/\">y compris des anguilles aux yeux blancs<\/a>, de petites crevettes, des crabes et si vous regardez de pr\u00e8s, vous pouvez \u00e9galement voir des poissons scorpions.<\/p>\n<p>\u00c0 son meilleur avec une visibilit\u00e9 d\u00e9gag\u00e9e, Chumphon Pinnacle est une vue spectaculaire avec d&rsquo;\u00e9normes bancs de carangues et de vivaneaux tourbillonnant comme une tornade argent\u00e9e.<\/p>\n<p>Vous verrez \u00e9galement un grand nombre de juv\u00e9niles <a href=\"https:\/\/www.blackturtledive.com\/koh-tao-marine-life\/yellow-tail-barracuda\/\">de barracudas \u00e0 queue jaune<\/a>, de fusiliers, de lapins et de carangues \u00e0 gros yeux qui chassent tous.<\/p>\n<h3>Barracuda Rock<\/h3>\n<p>Si vous nagez vers le sud-ouest au large du rocher principal \u00e0 Barracuda Rock, vous verrez des <a href=\"https:\/\/www.blackturtledive.com\/koh-tao-marine-life\/brown-marbled-grouper\/\">m\u00e9rous marbr\u00e9s<\/a> se cacher dans l&rsquo;ombre \u00e0 des profondeurs plus profondes et d&rsquo;\u00e9normes <a href=\"https:\/\/www.blackturtledive.com\/koh-tao-marine-life\/chevron-barracuda\/\">bancs de barracudas<\/a> nager entre les pinacles.<\/p>\n<p>Regardez de pr\u00e8s et vous verrez beaucoup de macro-vie, y compris des crevettes de boxe \u00e0 bandes se cachant dans les petites crevasses et regardez encore plus profond\u00e9ment dans les fissures pour d\u00e9couvrir les syngnathes.<\/p>\n<p>Chumphon Pinnacle est le site de plong\u00e9e o\u00f9 nous obtenons le plus d&rsquo;observations des <a href=\"https:\/\/www.blackturtledive.com\/koh-tao-marine-life\/whaleshark\/\">requins baleines<\/a> et si vous avez de la chance, vous pourrez en voir plus d&rsquo;un lors de la m\u00eame plong\u00e9e.<\/p>\n<figure id=\"attachment_3712\" aria-describedby=\"caption-attachment-3712\" style=\"width: 1100px\" class=\"wp-caption alignnone\"><img decoding=\"async\" class=\"size-full wp-image-3712\" src=\"https:\/\/www.blackturtledive.com\/wp-content\/uploads\/2021\/01\/blackturtledive.com-chumphon-dive-site-koh-tao-whaleshark.jpg\" alt=\"Chumphon Pinnacle Dive Site Koh Tao - Whalesharks\" width=\"1100\" height=\"619\" srcset=\"https:\/\/www.blackturtledive.com\/wp-content\/uploads\/2021\/01\/blackturtledive.com-chumphon-dive-site-koh-tao-whaleshark.jpg 1100w, https:\/\/www.blackturtledive.com\/wp-content\/uploads\/2021\/01\/blackturtledive.com-chumphon-dive-site-koh-tao-whaleshark-300x169.jpg 300w, https:\/\/www.blackturtledive.com\/wp-content\/uploads\/2021\/01\/blackturtledive.com-chumphon-dive-site-koh-tao-whaleshark-1024x576.jpg 1024w, https:\/\/www.blackturtledive.com\/wp-content\/uploads\/2021\/01\/blackturtledive.com-chumphon-dive-site-koh-tao-whaleshark-768x432.jpg 768w, https:\/\/www.blackturtledive.com\/wp-content\/uploads\/2021\/01\/blackturtledive.com-chumphon-dive-site-koh-tao-whaleshark-150x84.jpg 150w\" sizes=\"(max-width: 1100px) 100vw, 1100px\" \/><figcaption id=\"caption-attachment-3712\" class=\"wp-caption-text\">Chumphon Pinnacle Dive Site Koh Tao &#8211; Whalesharks<\/figcaption><\/figure>\n<h3><span style=\"color: #28d4ff;\">Requins baleines \u00e0 Chumphon Pinnacle<br \/>\n<\/span><\/h3>\n<p>Vous verrez \u00e9galement le <a href=\"https:\/\/www.blackturtledive.com\/koh-tao-marine-life\/great-barracuda\/\">barracuda g\u00e9ant<\/a>, le maquereau royal et parfois le poisson-voile nager au large des pinacles, observant et attendant patiemment l&rsquo;occasion de frapper et de tendre une embuscade \u00e0 leurs proies sans m\u00e9fiance et de se prendre un repas.<\/p>\n<p>Il se passe beaucoup de choses \u00e0 Chumphon Pinnacle et ce <a href=\"https:\/\/www.blackturtledive.com\/blog\/10-interesting-facts-about-koh-tao-dive-sites\/\">site de plong\u00e9e<\/a> passionnant en haute mer vaut bien le trajet en bateau de 40 minutes qu&rsquo;il faut pour s&rsquo;y rendre.<\/p>\n<p>Comme pour de nombreux sites de plong\u00e9e autour de Koh Tao, une plong\u00e9e n&rsquo;est jamais suffisante \u00e0 Chumphon Pinnacle et <a href=\"https:\/\/www.blackturtledive.com\/padi-specialty-courses\/enriched-air-diver-nitrox\/\">ajouter du Nitrox<\/a> \u00e0 votre plan de plong\u00e9e ici est un excellent choix ou si l&rsquo;on vous propose une double plong\u00e9e \u00e0 Chumphon, faites-le.<\/p>\n<figure id=\"attachment_3710\" aria-describedby=\"caption-attachment-3710\" style=\"width: 1100px\" class=\"wp-caption alignnone\"><img decoding=\"async\" class=\"size-full wp-image-3710\" src=\"https:\/\/www.blackturtledive.com\/wp-content\/uploads\/2021\/01\/blackturtledive.com-chumphon-dive-site-koh-tao-batfish.jpg\" alt=\"Chumphon Pinnacle Dive Site Koh Tao - Batfish\" width=\"1100\" height=\"619\" srcset=\"https:\/\/www.blackturtledive.com\/wp-content\/uploads\/2021\/01\/blackturtledive.com-chumphon-dive-site-koh-tao-batfish.jpg 1100w, https:\/\/www.blackturtledive.com\/wp-content\/uploads\/2021\/01\/blackturtledive.com-chumphon-dive-site-koh-tao-batfish-300x169.jpg 300w, https:\/\/www.blackturtledive.com\/wp-content\/uploads\/2021\/01\/blackturtledive.com-chumphon-dive-site-koh-tao-batfish-1024x576.jpg 1024w, https:\/\/www.blackturtledive.com\/wp-content\/uploads\/2021\/01\/blackturtledive.com-chumphon-dive-site-koh-tao-batfish-768x432.jpg 768w, https:\/\/www.blackturtledive.com\/wp-content\/uploads\/2021\/01\/blackturtledive.com-chumphon-dive-site-koh-tao-batfish-150x84.jpg 150w\" sizes=\"(max-width: 1100px) 100vw, 1100px\" \/><figcaption id=\"caption-attachment-3710\" class=\"wp-caption-text\">Chumphon Pinnacle Dive Site Koh Tao &#8211; Batfish<\/figcaption><\/figure>\n<p>[\/vc_column_text][\/vc_column][\/vc_row]<\/p>\n<\/div>","protected":false},"excerpt":{"rendered":"<p>Le site de plong\u00e9e de Chumphon Pinnacle sur Koh Tao est un site profond \u00e0 environ 45 minutes de bateau du continent et offre aux plongeurs une abondance de vie marine<\/p>\n","protected":false},"author":2,"featured_media":8764,"parent":8765,"menu_order":0,"comment_status":"closed","ping_status":"closed","template":"","meta":{"_acf_changed":false,"footnotes":""},"class_list":["post-8763","page","type-page","status-publish","has-post-thumbnail","hentry"],"acf":[],"yoast_head":"<!-- This site is optimized with the Yoast SEO Premium plugin v27.6 (Yoast SEO v27.6) - https:\/\/yoast.com\/product\/yoast-seo-premium-wordpress\/ -->\n<title>Site de plong\u00e9e Chumphon Pinnacle Koh Tao | Black Turtle Dive<\/title>\n<meta name=\"description\" content=\"Le site de plong\u00e9e de Chumphon Pinnacle sur Koh Tao est un site profond \u00e0 environ 45 minutes de bateau du continent et offre aux plongeurs une abondance de vie marine\" \/>\n<meta name=\"robots\" content=\"index, follow, max-snippet:-1, max-image-preview:large, max-video-preview:-1\" \/>\n<link rel=\"canonical\" href=\"https:\/\/www.blackturtledive.com\/fr\/koh-tao-dive-sites\/chumphon-pinnacle\/\" \/>\n<meta property=\"og:locale\" content=\"fr_FR\" \/>\n<meta property=\"og:type\" content=\"article\" \/>\n<meta property=\"og:title\" content=\"Chumphon Pinnacle\" \/>\n<meta property=\"og:description\" content=\"Le site de plong\u00e9e de Chumphon Pinnacle sur Koh Tao est un site profond \u00e0 environ 45 minutes de bateau du continent et offre aux plongeurs une abondance de vie marine\" \/>\n<meta property=\"og:url\" content=\"https:\/\/www.blackturtledive.com\/fr\/koh-tao-dive-sites\/chumphon-pinnacle\/\" \/>\n<meta property=\"og:site_name\" content=\"Black Turtle Dive Koh Tao\" \/>\n<meta property=\"article:publisher\" content=\"https:\/\/www.facebook.com\/blackturtledive\" \/>\n<meta property=\"article:modified_time\" content=\"2021-10-18T08:08:37+00:00\" \/>\n<meta property=\"og:image\" content=\"https:\/\/www.blackturtledive.com\/wp-content\/uploads\/2020\/11\/blackturtledive.com-best-padi-divemaster-course-koh-tao.jpg\" \/>\n\t<meta property=\"og:image:width\" content=\"1200\" \/>\n\t<meta property=\"og:image:height\" content=\"800\" \/>\n\t<meta property=\"og:image:type\" content=\"image\/jpeg\" \/>\n<meta name=\"twitter:card\" content=\"summary_large_image\" \/>\n<meta name=\"twitter:image\" content=\"https:\/\/www.blackturtledive.com\/wp-content\/uploads\/2020\/11\/blackturtledive.com-best-padi-divemaster-course-koh-tao.jpg\" \/>\n<meta name=\"twitter:site\" content=\"@blackturtledive\" \/>\n<meta name=\"twitter:label1\" content=\"Dur\u00e9e de lecture estim\u00e9e\" \/>\n\t<meta name=\"twitter:data1\" content=\"3 minutes\" \/>\n<!-- \/ Yoast SEO Premium plugin. -->","yoast_head_json":{"title":"Site de plong\u00e9e Chumphon Pinnacle Koh Tao | Black Turtle Dive","description":"Le site de plong\u00e9e de Chumphon Pinnacle sur Koh Tao est un site profond \u00e0 environ 45 minutes de bateau du continent et offre aux plongeurs une abondance de vie marine","robots":{"index":"index","follow":"follow","max-snippet":"max-snippet:-1","max-image-preview":"max-image-preview:large","max-video-preview":"max-video-preview:-1"},"canonical":"https:\/\/www.blackturtledive.com\/fr\/koh-tao-dive-sites\/chumphon-pinnacle\/","og_locale":"fr_FR","og_type":"article","og_title":"Chumphon Pinnacle","og_description":"Le site de plong\u00e9e de Chumphon Pinnacle sur Koh Tao est un site profond \u00e0 environ 45 minutes de bateau du continent et offre aux plongeurs une abondance de vie marine","og_url":"https:\/\/www.blackturtledive.com\/fr\/koh-tao-dive-sites\/chumphon-pinnacle\/","og_site_name":"Black Turtle Dive Koh Tao","article_publisher":"https:\/\/www.facebook.com\/blackturtledive","article_modified_time":"2021-10-18T08:08:37+00:00","og_image":[{"width":1200,"height":800,"url":"https:\/\/www.blackturtledive.com\/wp-content\/uploads\/2020\/11\/blackturtledive.com-best-padi-divemaster-course-koh-tao.jpg","type":"image\/jpeg"}],"twitter_card":"summary_large_image","twitter_image":"https:\/\/www.blackturtledive.com\/wp-content\/uploads\/2020\/11\/blackturtledive.com-best-padi-divemaster-course-koh-tao.jpg","twitter_site":"@blackturtledive","twitter_misc":{"Dur\u00e9e de lecture estim\u00e9e":"3 minutes"},"schema":{"@context":"https:\/\/schema.org","@graph":[{"@type":"WebPage","@id":"https:\/\/www.blackturtledive.com\/fr\/koh-tao-dive-sites\/chumphon-pinnacle\/","url":"https:\/\/www.blackturtledive.com\/fr\/koh-tao-dive-sites\/chumphon-pinnacle\/","name":"Site de plong\u00e9e Chumphon Pinnacle Koh Tao | Black Turtle Dive","isPartOf":{"@id":"https:\/\/www.blackturtledive.com\/fr\/#website"},"primaryImageOfPage":{"@id":"https:\/\/www.blackturtledive.com\/fr\/koh-tao-dive-sites\/chumphon-pinnacle\/#primaryimage"},"image":{"@id":"https:\/\/www.blackturtledive.com\/fr\/koh-tao-dive-sites\/chumphon-pinnacle\/#primaryimage"},"thumbnailUrl":"https:\/\/www.blackturtledive.com\/wp-content\/uploads\/2021\/01\/blackturtledive.com-chumphon-dive-site-koh-tao-whaleshark-thailand.jpg","datePublished":"2020-09-19T15:46:02+00:00","dateModified":"2021-10-18T08:08:37+00:00","description":"Le site de plong\u00e9e de Chumphon Pinnacle sur Koh Tao est un site profond \u00e0 environ 45 minutes de bateau du continent et offre aux plongeurs une abondance de vie marine","breadcrumb":{"@id":"https:\/\/www.blackturtledive.com\/fr\/koh-tao-dive-sites\/chumphon-pinnacle\/#breadcrumb"},"inLanguage":"fr-FR","potentialAction":[{"@type":"ReadAction","target":["https:\/\/www.blackturtledive.com\/fr\/koh-tao-dive-sites\/chumphon-pinnacle\/"]}]},{"@type":"ImageObject","inLanguage":"fr-FR","@id":"https:\/\/www.blackturtledive.com\/fr\/koh-tao-dive-sites\/chumphon-pinnacle\/#primaryimage","url":"https:\/\/www.blackturtledive.com\/wp-content\/uploads\/2021\/01\/blackturtledive.com-chumphon-dive-site-koh-tao-whaleshark-thailand.jpg","contentUrl":"https:\/\/www.blackturtledive.com\/wp-content\/uploads\/2021\/01\/blackturtledive.com-chumphon-dive-site-koh-tao-whaleshark-thailand.jpg","width":1100,"height":619,"caption":"Chumphon Pinnacle Dive Site Koh Tao"},{"@type":"BreadcrumbList","@id":"https:\/\/www.blackturtledive.com\/fr\/koh-tao-dive-sites\/chumphon-pinnacle\/#breadcrumb","itemListElement":[{"@type":"ListItem","position":1,"name":"Home","item":"https:\/\/www.blackturtledive.com\/fr\/home\/"},{"@type":"ListItem","position":2,"name":"Sites de plong\u00e9e \u00e0 Koh Tao","item":"https:\/\/www.blackturtledive.com\/fr\/koh-tao-dive-sites\/"},{"@type":"ListItem","position":3,"name":"Chumphon Pinnacle"}]},{"@type":"WebSite","@id":"https:\/\/www.blackturtledive.com\/fr\/#website","url":"https:\/\/www.blackturtledive.com\/fr\/","name":"Black Turtle Dive Koh Tao","description":"Ocean Explorers | Marine Protectors","publisher":{"@id":"https:\/\/www.blackturtledive.com\/fr\/#organization"},"alternateName":"Black Turtle Dive in Thailand","potentialAction":[{"@type":"SearchAction","target":{"@type":"EntryPoint","urlTemplate":"https:\/\/www.blackturtledive.com\/fr\/?s={search_term_string}"},"query-input":{"@type":"PropertyValueSpecification","valueRequired":true,"valueName":"search_term_string"}}],"inLanguage":"fr-FR"},{"@type":"Organization","@id":"https:\/\/www.blackturtledive.com\/fr\/#organization","name":"Black Turtle Dive Koh Tao","alternateName":"Black Turtle Dive","url":"https:\/\/www.blackturtledive.com\/fr\/","logo":{"@type":"ImageObject","inLanguage":"fr-FR","@id":"https:\/\/www.blackturtledive.com\/fr\/#\/schema\/logo\/image\/","url":"https:\/\/www.blackturtledive.com\/wp-content\/uploads\/2020\/11\/cropped-blackturtledive.com-brand-logo.png","contentUrl":"https:\/\/www.blackturtledive.com\/wp-content\/uploads\/2020\/11\/cropped-blackturtledive.com-brand-logo.png","width":400,"height":400,"caption":"Black Turtle Dive Koh Tao"},"image":{"@id":"https:\/\/www.blackturtledive.com\/fr\/#\/schema\/logo\/image\/"},"sameAs":["https:\/\/www.facebook.com\/blackturtledive","https:\/\/x.com\/blackturtledive","https:\/\/www.instagram.com\/blackturtledive\/","https:\/\/www.youtube.com\/blackturtledive","https:\/\/www.linkedin.com\/company\/blackturtledive\/","https:\/\/www.tumblr.com\/blackturtledive","https:\/\/www.pinterest.com\/blackturtledive\/","https:\/\/www.tiktok.com\/@blackturtledive","https:\/\/www.reddit.com\/user\/blackturtledive\/"],"description":"Black Turtle Dive is a modern and innovative 5 Star Career Development Scuba Diving Center, passionate about the ocean and through training we want to empower you to become a competent and confident scuba diver. Our diving courses equip you with the skills, knowledge and awareness necessary to explore the ocean safely, whilst becoming a passionate advocate and protector of the marine environment. If you have never dived before or are a certified diver and want to develop your skills further, our tailored, bespoke courses and programs will inspire you to become an Ocean advocate. Our scientific based Marine Conservation Internships and training programs, offer aspiring scuba divers and marine conservationists, the best marine conservation internships on Koh Tao. We currently offer students six levels of Marine Conservation Internships at our beachside location on Koh Tao in Thailand. Check out our website for more information.","email":"info@blackturtledive.com","telephone":"089 592 2134","legalName":"Black Turtle Dive Co Ltd","foundingDate":"2020-01-01","publishingPrinciples":"https:\/\/www.blackturtledive.com\/terms\/","ownershipFundingInfo":"https:\/\/www.blackturtledive.com\/terms\/","actionableFeedbackPolicy":"https:\/\/www.blackturtledive.com\/privacy-policy\/","correctionsPolicy":"https:\/\/www.blackturtledive.com\/privacy-policy\/","ethicsPolicy":"https:\/\/www.blackturtledive.com\/privacy-policy\/","diversityPolicy":"https:\/\/www.blackturtledive.com\/privacy-policy\/"}]}},"_links":{"self":[{"href":"https:\/\/www.blackturtledive.com\/fr\/wp-json\/wp\/v2\/pages\/8763","targetHints":{"allow":["GET"]}}],"collection":[{"href":"https:\/\/www.blackturtledive.com\/fr\/wp-json\/wp\/v2\/pages"}],"about":[{"href":"https:\/\/www.blackturtledive.com\/fr\/wp-json\/wp\/v2\/types\/page"}],"author":[{"embeddable":true,"href":"https:\/\/www.blackturtledive.com\/fr\/wp-json\/wp\/v2\/users\/2"}],"replies":[{"embeddable":true,"href":"https:\/\/www.blackturtledive.com\/fr\/wp-json\/wp\/v2\/comments?post=8763"}],"version-history":[{"count":0,"href":"https:\/\/www.blackturtledive.com\/fr\/wp-json\/wp\/v2\/pages\/8763\/revisions"}],"up":[{"embeddable":true,"href":"https:\/\/www.blackturtledive.com\/fr\/wp-json\/wp\/v2\/pages\/8765"}],"wp:featuredmedia":[{"embeddable":true,"href":"https:\/\/www.blackturtledive.com\/fr\/wp-json\/wp\/v2\/media\/8764"}],"wp:attachment":[{"href":"https:\/\/www.blackturtledive.com\/fr\/wp-json\/wp\/v2\/media?parent=8763"}],"curies":[{"name":"wp","href":"https:\/\/api.w.org\/{rel}","templated":true}]}}